{"id":1084,"date":"2024-04-23T12:49:49","date_gmt":"2024-04-23T12:49:49","guid":{"rendered":"https:\/\/rozewines.com\/noteikumi-un-nosacijumi\/"},"modified":"2024-12-27T12:58:29","modified_gmt":"2024-12-27T12:58:29","slug":"noteikumi-un-nosacijumi","status":"publish","type":"page","link":"https:\/\/rozewines.com\/de\/noteikumi-un-nosacijumi\/","title":{"rendered":"Gesch\u00e4ftsbedingungen"},"content":{"rendered":"\n<ul>\n<li>Sondergenehmigung (Lizenz) f\u00fcr den Einzelhandelsverkauf von alkoholischen Getr\u00e4nken:<\/li>\n\n\n\n<li>Alkoholkonsum hat negative Auswirkungen;<\/li>\n\n\n\n<li>Der Verkauf, Kauf und die Weitergabe alkoholischer Getr\u00e4nke an Minderj\u00e4hrige sind verboten;<\/li>\n\n\n\n<li>Bei Erhalt des Produkts ist die Vorlage eines Ausweises erforderlich!<\/li>\n<\/ul>\n\n\n\n<p><strong>Nutzungsbedingungen der Waren und das Widerrufsrecht<\/strong><\/p>\n\n\n\n<p>Der H\u00e4ndler liefert die Ware nur an den Besteller, der das 18. Lebensjahr vollendet hat und einen Altersnachweis vorlegt.<\/p>\n\n\n\n<p><strong>R\u00fccktrittsrecht:<\/strong><\/p>\n\n\n\n<p>Der Kunde kann eine R\u00fcckerstattung oder einen Ersatz des Produkts aus folgenden Gr\u00fcnden verlangen \u2013 wenn der Wein krank (besch\u00e4digt) ist; In diesem Fall muss die Ware an unser Gesch\u00e4ft in der Kur\u0161u-Stra\u00dfe 10, Liep\u0101ja, LV-3401 geliefert werden, wo unser Sommelier die Qualit\u00e4t des Weins pr\u00fcfen kann.<\/p>\n\n\n\n<p>Das Widerrufsrecht erlischt 14 Tage nach dem Zeitpunkt, an dem der Kunde, der die Bestellung aufgegeben hat, das Produkt im Gebrauch erhalten hat.<\/p>\n\n\n\n<p>Um das Widerrufsrecht auszu\u00fcben, muss der Kunde die SIA \u201cHermes Invest\u201c, J\u016bras-Str. 12, Liep\u0101ja, LV-3401 oder per E-Mail <a href=\"mailto:winesroze@gmail.com\">winesroze@gmail.com<\/a> \u00fcber seine Entscheidung, das Produkt abzulehnen, informieren.<\/p>\n\n\n\n<p><strong>Das Verfahren zur R\u00fcckgabe des Produkts:<\/strong><\/p>\n\n\n\n<p>Im Falle der Verweigerung der Annahme der Ware erstattet die SIA \u201cHermes Invest\u201c s\u00e4mtliche vom Kunden geleisteten Zahlungen, mit Ausnahme der Lieferkosten, ohne ungerechtfertigte Verz\u00f6gerung und in jedem Fall sp\u00e4testens 14 Tage nach Erhalt der Information \u00fcber die Ablehnung der Ware;<\/p>\n\n\n\n<p>Das Produkt muss ohne ungerechtfertigte Verz\u00f6gerung und in jedem Fall sp\u00e4testens 14 Tage ab dem Zeitpunkt, an dem der Kunde die SIA \u201cHermes Invest\u201c \u00fcber seine Entscheidung \u00fcber die Ablehnung informiert hat, an das Gesch\u00e4ft der SIA \u201cHermes Invest\u201c in der Kur\u0161u-Stra\u00dfe 10, Liep\u0101ja, LV-3401, Lettland gesendet oder geliefert werden; <a><\/a><\/p>\n\n\n\n<p>Eine R\u00fccksendung des Produkts per Post wird von der SIA \u201cHermes Invest\u201c nicht akzeptiert, da es zum Zeitpunkt des Erhalts des Produkts nicht m\u00f6glich ist, in Anwesenheit beider Parteien das optische Erscheinungsbild, die M\u00e4ngel und die Zusammensetzung des Produkts zu beurteilen. Mit der Zusendung der Ware an das Gesch\u00e4ft der SIA \u201cHermes Invest\u201c mittels Kurierdienstes erkl\u00e4rt sich der Kunde mit der von SIA \u201cHermes Invest\u201c allein erstellten Empfangsbest\u00e4tigung hinsichtlich Optik und Zusammensetzung einverstanden. Weitergehende Beanstandungen der Beschaffenheit der Ware seitens des Kunden gelten als unbegr\u00fcndet; Wenn sich der Kunde f\u00fcr die R\u00fccksendung des Produkts f\u00fcr einen Kurierdienst entschieden hat, tr\u00e4gt der Kunde die Kosten f\u00fcr die Lieferung.<\/p>\n\n\n\n<p>Der Kunde haftet f\u00fcr die Qualit\u00e4t und Erhaltung des Produkts, solange die R\u00fcckgabefrist gilt.<\/p>\n\n\n\n<p>Der Antrag auf die R\u00fcckgabe des Produkts kann in freier Form in lettischer Sprache geschrieben werden.<\/p>\n\n\n\n<p><strong>F\u00e4lle, die vom Verfahren der R\u00fcckgabe der Ware nicht abgedeckt sind:<\/strong><\/p>\n\n\n\n<p>Im Art. 22 der Verordnung des Ministerkabinetts Nr. 255 (20.05.2014) \u201eRegelungen zu Fernabsatzvertr\u00e4gen\u201c angef\u00fchrten F\u00e4llen, darunter wenn:<\/p>\n\n\n\n<p>-der Preis des Artikels mit Schwankungen auf dem Finanzmarkt verbunden ist, die vom Verk\u00e4ufer nicht kontrolliert werden k\u00f6nnen und w\u00e4hrend des Zeitraums der Widerrufsm\u00f6glichkeit auftreten k\u00f6nnen;<\/p>\n\n\n\n<p>-das Produkt auf Bestellung des Kunden angefertigt oder personalisiert wurde;<\/p>\n\n\n\n<p>-das Produkt besch\u00e4digt wurde oder sich dem Ende seiner G\u00fcltigkeitsdauer n\u00e4hert;<\/p>\n\n\n\n<p>-der Kunde die Verpackung des Produkts, das aus Gesundheits- und Hygienegr\u00fcnden nicht zur\u00fcckgegeben werden kann, ge\u00f6ffnet hat;<\/p>\n\n\n\n<p>-die Waren aufgrund der Wareneigenschaften nach der Lieferung f\u00fcr immer mit anderen Dingen verbunden werden;<\/p>\n\n\n\n<p>-der Kunde den Verk\u00e4ufer oder Lieferanten gebeten hat, dringende technische Reparaturen oder Arbeiten durchzuf\u00fchren. Wenn der Verk\u00e4ufer oder Dienstleister den Kunden besucht, zus\u00e4tzliche Dienstleistungen erbracht oder Waren geliefert hat, mit Ausnahme von Ersatzteilen, die f\u00fcr die Reparatur oder den technischen Service ben\u00f6tigt werden, gilt das Verweigerungsrecht f\u00fcr die angegebenen zus\u00e4tzlichen Dienstleistungen oder Waren;<\/p>\n\n\n\n<p>-das Produkt mechanisch und\/oder \u00e4u\u00dferlich besch\u00e4digt wurde, sein Wert abnimmt und das Produkt nicht mehr verkaufsf\u00e4hig ist.<\/p>\n\n\n\n<p><strong>Sonstige Bedingungen:<\/strong><\/p>\n\n\n\n<p>Um Erg\u00e4nzungen zur Bestellung vorzunehmen oder Fehler bei der Bestellabwicklung zu korrigieren, kann der Kunde die SIA \u201cHermes Invest\u201c telefonisch unter +371 26 613 165 oder per E-Mail an <a href=\"mailto:winesroze@gmail.com\">winesroze@gmail.com<\/a> kontaktieren;<\/p>\n\n\n\n<p>Im Online-Shop <a href=\"http:\/\/www.rozewines.com\">www.rozewines.com<\/a> k\u00f6nnen Abbildungen von Produkten geringf\u00fcgig vom angebotenen Produkt abweichen. Um die Beschreibung des Produkts zu kl\u00e4ren oder Ungenauigkeiten im Zusammenhang mit der Bestellung zu beseitigen, wenden Sie sich bitte an <a href=\"http:\/\/www.rozewines.com\">www.rozewines.com<\/a> per E-Mail <a href=\"mailto:winesroze@gmail.com\">winesroze@gmail.com<\/a> oder telefonisch unter: +371 26 613 165, um unangenehme Missverst\u00e4ndnisse zu vermeiden.<\/p>\n\n\n\n<p>DER ALKOHOLKONSUM HAT NEGATIVE AUSWIRKUNGEN. DER VERKAUF, DER KAUF UND DIE ABGABE VON ALKOHOLISCHEN GETR\u00c4NKEN AN MINDERJ\u00c4HRIGE IST VERBOTEN! ES IST VERBOTEN, ALKOHOLISCHE GETR\u00c4NKE VON 22:00 BIS 8:00 UHR ZUZUSTELLEN (AUSZUSTELLEN)!<\/p>\n\n\n\n<p><strong>Lieferbedingungen<\/strong><\/p>\n\n\n\n<p>Die Lieferung kann in die folgenden L\u00e4nder organisiert werden: Lettland, Litauen, Estland; die Lieferung erfolgt durch UPS oder Omniva.<br>Alle Kosten werden automatisch vor der Bezahlung der Waren berechnet, basierend auf dem Frachtvolumen und dem Zielland.<br>Kostenloser Versand f\u00fcr Bestellungen \u00fcber 100 \u20ac mit Omniva.<\/p>\n","protected":false},"excerpt":{"rendered":"<p>Nutzungsbedingungen der Waren und das Widerrufsrecht Der H\u00e4ndler liefert die Ware nur an den Besteller, der das 18. Lebensjahr vollendet hat und einen Altersnachweis vorlegt. R\u00fccktrittsrecht: Der Kunde kann eine R\u00fcckerstattung oder einen Ersatz des Produkts aus folgenden Gr\u00fcnden verlangen \u2013 wenn der Wein krank (besch\u00e4digt) ist; In diesem Fall muss die Ware an unser &hellip; <a href=\"https:\/\/rozewines.com\/de\/noteikumi-un-nosacijumi\/\">Continued<\/a><\/p>\n","protected":false},"author":1,"featured_media":0,"parent":0,"menu_order":0,"comment_status":"closed","ping_status":"closed","template":"template-custom.blade.php","meta":{"_acf_changed":false,"footnotes":""},"acf":[],"ams_acf":[],"yoast_head":"<!-- This site is optimized with the Yoast SEO plugin v22.6 - https:\/\/yoast.com\/wordpress\/plugins\/seo\/ -->\n<title>Gesch\u00e4ftsbedingungen - Roze wines<\/title>\n<meta name=\"robots\" content=\"index, follow, max-snippet:-1, max-image-preview:large, max-video-preview:-1\" \/>\n<link rel=\"canonical\" href=\"https:\/\/rozewines.com\/de\/noteikumi-un-nosacijumi\/\" \/>\n<meta property=\"og:locale\" content=\"de_DE\" \/>\n<meta property=\"og:type\" content=\"article\" \/>\n<meta property=\"og:title\" content=\"Gesch\u00e4ftsbedingungen - Roze wines\" \/>\n<meta property=\"og:description\" content=\"Nutzungsbedingungen der Waren und das Widerrufsrecht Der H\u00e4ndler liefert die Ware nur an den Besteller, der das 18. Lebensjahr vollendet hat und einen Altersnachweis vorlegt. R\u00fccktrittsrecht: Der Kunde kann eine R\u00fcckerstattung oder einen Ersatz des Produkts aus folgenden Gr\u00fcnden verlangen \u2013 wenn der Wein krank (besch\u00e4digt) ist; In diesem Fall muss die Ware an unser &hellip; Continued\" \/>\n<meta property=\"og:url\" content=\"https:\/\/rozewines.com\/de\/noteikumi-un-nosacijumi\/\" \/>\n<meta property=\"og:site_name\" content=\"Roze wines\" \/>\n<meta property=\"article:modified_time\" content=\"2024-12-27T12:58:29+00:00\" \/>\n<meta name=\"twitter:card\" content=\"summary_large_image\" \/>\n<meta name=\"twitter:label1\" content=\"Est. reading time\" \/>\n\t<meta name=\"twitter:data1\" content=\"4 minutes\" \/>\n<script type=\"application\/ld+json\" class=\"yoast-schema-graph\">{\"@context\":\"https:\/\/schema.org\",\"@graph\":[{\"@type\":\"WebPage\",\"@id\":\"https:\/\/rozewines.com\/de\/noteikumi-un-nosacijumi\/\",\"url\":\"https:\/\/rozewines.com\/de\/noteikumi-un-nosacijumi\/\",\"name\":\"Gesch\u00e4ftsbedingungen - Roze wines\",\"isPartOf\":{\"@id\":\"https:\/\/rozewines.com\/#website\"},\"datePublished\":\"2024-04-23T12:49:49+00:00\",\"dateModified\":\"2024-12-27T12:58:29+00:00\",\"breadcrumb\":{\"@id\":\"https:\/\/rozewines.com\/de\/noteikumi-un-nosacijumi\/#breadcrumb\"},\"inLanguage\":\"de-DE\",\"potentialAction\":[{\"@type\":\"ReadAction\",\"target\":[\"https:\/\/rozewines.com\/de\/noteikumi-un-nosacijumi\/\"]}]},{\"@type\":\"BreadcrumbList\",\"@id\":\"https:\/\/rozewines.com\/de\/noteikumi-un-nosacijumi\/#breadcrumb\",\"itemListElement\":[{\"@type\":\"ListItem\",\"position\":1,\"name\":\"Home\",\"item\":\"https:\/\/rozewines.com\/de\/\"},{\"@type\":\"ListItem\",\"position\":2,\"name\":\"Gesch\u00e4ftsbedingungen\"}]},{\"@type\":\"WebSite\",\"@id\":\"https:\/\/rozewines.com\/#website\",\"url\":\"https:\/\/rozewines.com\/\",\"name\":\"Roze wines\",\"description\":\"\",\"publisher\":{\"@id\":\"https:\/\/rozewines.com\/#organization\"},\"potentialAction\":[{\"@type\":\"SearchAction\",\"target\":{\"@type\":\"EntryPoint\",\"urlTemplate\":\"https:\/\/rozewines.com\/?s={search_term_string}\"},\"query-input\":\"required name=search_term_string\"}],\"inLanguage\":\"de-DE\"},{\"@type\":\"Organization\",\"@id\":\"https:\/\/rozewines.com\/#organization\",\"name\":\"Roze wines\",\"url\":\"https:\/\/rozewines.com\/\",\"logo\":{\"@type\":\"ImageObject\",\"inLanguage\":\"de-DE\",\"@id\":\"https:\/\/rozewines.com\/#\/schema\/logo\/image\/\",\"url\":\"https:\/\/rozewines.com\/app\/uploads\/2024\/05\/logo.svg\",\"contentUrl\":\"https:\/\/rozewines.com\/app\/uploads\/2024\/05\/logo.svg\",\"width\":144,\"height\":68,\"caption\":\"Roze wines\"},\"image\":{\"@id\":\"https:\/\/rozewines.com\/#\/schema\/logo\/image\/\"}}]}<\/script>\n<!-- \/ Yoast SEO plugin. -->","yoast_head_json":{"title":"Gesch\u00e4ftsbedingungen - Roze wines","robots":{"index":"index","follow":"follow","max-snippet":"max-snippet:-1","max-image-preview":"max-image-preview:large","max-video-preview":"max-video-preview:-1"},"canonical":"https:\/\/rozewines.com\/de\/noteikumi-un-nosacijumi\/","og_locale":"de_DE","og_type":"article","og_title":"Gesch\u00e4ftsbedingungen - Roze wines","og_description":"Nutzungsbedingungen der Waren und das Widerrufsrecht Der H\u00e4ndler liefert die Ware nur an den Besteller, der das 18. Lebensjahr vollendet hat und einen Altersnachweis vorlegt. R\u00fccktrittsrecht: Der Kunde kann eine R\u00fcckerstattung oder einen Ersatz des Produkts aus folgenden Gr\u00fcnden verlangen \u2013 wenn der Wein krank (besch\u00e4digt) ist; In diesem Fall muss die Ware an unser &hellip; Continued","og_url":"https:\/\/rozewines.com\/de\/noteikumi-un-nosacijumi\/","og_site_name":"Roze wines","article_modified_time":"2024-12-27T12:58:29+00:00","twitter_card":"summary_large_image","twitter_misc":{"Est. reading time":"4 minutes"},"schema":{"@context":"https:\/\/schema.org","@graph":[{"@type":"WebPage","@id":"https:\/\/rozewines.com\/de\/noteikumi-un-nosacijumi\/","url":"https:\/\/rozewines.com\/de\/noteikumi-un-nosacijumi\/","name":"Gesch\u00e4ftsbedingungen - Roze wines","isPartOf":{"@id":"https:\/\/rozewines.com\/#website"},"datePublished":"2024-04-23T12:49:49+00:00","dateModified":"2024-12-27T12:58:29+00:00","breadcrumb":{"@id":"https:\/\/rozewines.com\/de\/noteikumi-un-nosacijumi\/#breadcrumb"},"inLanguage":"de-DE","potentialAction":[{"@type":"ReadAction","target":["https:\/\/rozewines.com\/de\/noteikumi-un-nosacijumi\/"]}]},{"@type":"BreadcrumbList","@id":"https:\/\/rozewines.com\/de\/noteikumi-un-nosacijumi\/#breadcrumb","itemListElement":[{"@type":"ListItem","position":1,"name":"Home","item":"https:\/\/rozewines.com\/de\/"},{"@type":"ListItem","position":2,"name":"Gesch\u00e4ftsbedingungen"}]},{"@type":"WebSite","@id":"https:\/\/rozewines.com\/#website","url":"https:\/\/rozewines.com\/","name":"Roze wines","description":"","publisher":{"@id":"https:\/\/rozewines.com\/#organization"},"potentialAction":[{"@type":"SearchAction","target":{"@type":"EntryPoint","urlTemplate":"https:\/\/rozewines.com\/?s={search_term_string}"},"query-input":"required name=search_term_string"}],"inLanguage":"de-DE"},{"@type":"Organization","@id":"https:\/\/rozewines.com\/#organization","name":"Roze wines","url":"https:\/\/rozewines.com\/","logo":{"@type":"ImageObject","inLanguage":"de-DE","@id":"https:\/\/rozewines.com\/#\/schema\/logo\/image\/","url":"https:\/\/rozewines.com\/app\/uploads\/2024\/05\/logo.svg","contentUrl":"https:\/\/rozewines.com\/app\/uploads\/2024\/05\/logo.svg","width":144,"height":68,"caption":"Roze wines"},"image":{"@id":"https:\/\/rozewines.com\/#\/schema\/logo\/image\/"}}]}},"_links":{"self":[{"href":"https:\/\/rozewines.com\/de\/wp-json\/wp\/v2\/pages\/1084"}],"collection":[{"href":"https:\/\/rozewines.com\/de\/wp-json\/wp\/v2\/pages"}],"about":[{"href":"https:\/\/rozewines.com\/de\/wp-json\/wp\/v2\/types\/page"}],"author":[{"embeddable":true,"href":"https:\/\/rozewines.com\/de\/wp-json\/wp\/v2\/users\/1"}],"replies":[{"embeddable":true,"href":"https:\/\/rozewines.com\/de\/wp-json\/wp\/v2\/comments?post=1084"}],"version-history":[{"count":4,"href":"https:\/\/rozewines.com\/de\/wp-json\/wp\/v2\/pages\/1084\/revisions"}],"predecessor-version":[{"id":6969,"href":"https:\/\/rozewines.com\/de\/wp-json\/wp\/v2\/pages\/1084\/revisions\/6969"}],"wp:attachment":[{"href":"https:\/\/rozewines.com\/de\/wp-json\/wp\/v2\/media?parent=1084"}],"curies":[{"name":"wp","href":"https:\/\/api.w.org\/{rel}","templated":true}]}}