{"id":281,"date":"2024-03-05T15:30:53","date_gmt":"2024-03-05T15:30:53","guid":{"rendered":"https:\/\/rozewines.com\/about-us\/"},"modified":"2024-07-25T12:47:16","modified_gmt":"2024-07-25T12:47:16","slug":"about-us","status":"publish","type":"page","link":"https:\/\/rozewines.com\/de\/about-us\/","title":{"rendered":"About us"},"content":{"rendered":"<section class=\"relative\">\n  <div class=\"aspect-w-7 aspect-h-5 lg:aspect-w-14 lg:aspect-h-3 [&#038;_img]:w-full [&#038;_img]:h-full [&#038;_img]:object-cover\">\n          <img decoding=\"async\" class=\"object-cover\" src=\"https:\/\/rozewines.com\/app\/uploads\/2024\/05\/5-1-1-1024x743.jpeg\" alt=\"\">\n      <\/div>\n  <div class=\"absolute top-0 left-0 right-0 bottom-0 bg-shark-950\/70\"><\/div>\n  <div class=\"absolute top-1\/2 left-1\/2 -translate-x-1\/2 -translate-y-1\/2 container mx-auto px-5 w-full\">\n    <div class=\"flex flex-col items-center\">\n                  <span class=\"block text-laser-300 text-[1.25rem] leading-6 lg:leading-8 mb-2.5 font-bold\">\u00dcBER UNS<\/span>\n                          <h1 class=\"text-white-50 text-[1.875rem] leading-[2.25rem] lg:text-[3.75rem] lg:leading-[4.5625rem] text-center font-bold mb-5\">ROZE WINE SHOP<\/h1>\n                            <\/div>\n  <\/div>\n<\/section>\n\n\n<section>\n  <div class=\"container mx-auto px-5 py-10 lg:py-[6.25rem]\">\n    <div class=\"flex gap-10 justify-between items-center lg:gap-0 flex-col lg:flex-row\">\n      <div class=\"max-w-[35.3125rem]\">\n                  <h2 class=\"text-shark-950 text-[1.5rem] leading-[1.8125rem] lg:text-[1.875rem] lg:leading-[2.25rem] font-bold mb-5 max-w-[28.6875rem]\">\u00dcber uns<\/h2>\n          <div class=\"bg-laser-300 w-[11.25rem] h-[0.125rem] mb-5\"><\/div>\n                          <p class=\"text-rolling-stone-400 lg:text-[1.125rem] leading-[1.625rem]\">Wir sind Importeur und Vertreiber hochwertiger georgischer Weine aus bew\u00e4hrten autochthonen Weinbergen. Unser Team arbeitet mit kleinen Familienweing\u00fctern zusammen, die die Einzigartigkeit ihrer Weine garantieren.\r\n\r\nDie Weinkarte von Roze Wines wurde von Tamaz Tamazashvili (Bester Sommelier Georgiens 2018, Teilnehmer des Wettbewerbs \u201eBester Sommelier der Welt 2019\u201c, Antwerpen, Belgien, Gault &amp; Millau Georgia: Sommelier des Jahres) zusammengestellt. Wir w\u00e4hlen Wein nach dem Grundsatz aus, dass er unseren Kunden und uns selbst gefallen soll. Dank des Direktimports kontrolliert Roze Wines die Produktqualit\u00e4t in allen Phasen des Transports und der Lagerung. Wir kennen pers\u00f6nlich die Winzer, deren Weine wir verkaufen.\r\n\r\nWeinberg-Terroir, sorgf\u00e4ltige Zusammenarbeit mit der Natur, Handlese, kleine Ernten, Philosophie, Experimentierfreude und Liebe. Wir sind nicht an abstrusen wissenschaftlichen \u00dcberlegungen und stereotypen, banalen \u201efabrikgefertigten\u201c Alkohol interessiert. Wir interessieren uns f\u00fcr Spitzenweise (Signature-Weine) mit jahrhundertealten Traditionen, au\u00dfergew\u00f6hnlichem Aromenbouquet und einzigartiger Authentizit\u00e4t. Unser Traum ist es, der Welt einzigartige georgische Weine und die Menschen, die sie herstellen, vorzustellen.\r\n<\/p>\n              <\/div>\n      <div class=\"max-w-[36.25rem] w-full [&#038;_img]:w-full [&#038;_img]:max-h-[24.125rem] [&#038;_img]:h-full [&#038;_img]:object-cover\">\n                  <img decoding=\"async\" class=\"w-full h-full max-h-[24.125rem] object-cover\" src=\"https:\/\/rozewines.com\/app\/uploads\/2024\/05\/5-1-1-1024x743.jpeg\" alt=\"\">\n              <\/div>\n    <\/div>\n  <\/div>\n<\/section>\n\n\n<section class=\"bg-seashell-100\">\n  <div class=\"container mx-auto px-5 py-[3.75rem] lg:py-[6.25rem]\">\n          <div class=\"flex flex-wrap justify-center gap-x-[1.875rem] gap-y-[2.5rem] lg:gap-y-[6.25rem] lg:gap-x-[7.125rem] lg:justify-between\">\n                                            <div class=\"flex justify-center items-center w-1\/4 lg:w-1\/6\">\n                <a href=\"#\" target=\"_blank\">\n                  <img decoding=\"async\" src=\"https:\/\/rozewines.com\/app\/uploads\/2024\/03\/Group-5392.svg\" alt=\"\">\n                <\/a>\n              <\/div>\n                                                                  <div class=\"flex justify-center items-center w-1\/4 lg:w-1\/6\">\n                <img decoding=\"async\" src=\"https:\/\/rozewines.com\/app\/uploads\/2024\/03\/Group.svg\" alt=\"\">\n              <\/div>\n                                                                  <div class=\"flex justify-center items-center w-1\/4 lg:w-1\/6\">\n                <a href=\"#\" target=\"_blank\">\n                  <img decoding=\"async\" src=\"https:\/\/rozewines.com\/app\/uploads\/2024\/03\/Layer-1.svg\" alt=\"\">\n                <\/a>\n              <\/div>\n                                                                  <div class=\"flex justify-center items-center w-1\/4 lg:w-1\/6\">\n                <img decoding=\"async\" src=\"https:\/\/rozewines.com\/app\/uploads\/2024\/03\/Group-5394.svg\" alt=\"\">\n              <\/div>\n                                                                  <div class=\"flex justify-center items-center w-1\/4 lg:w-1\/6\">\n                <img decoding=\"async\" src=\"https:\/\/rozewines.com\/app\/uploads\/2024\/03\/Group-5393.svg\" alt=\"\">\n              <\/div>\n                                                                  <div class=\"flex justify-center items-center w-1\/4 lg:w-1\/6\">\n                <a href=\"#\" target=\"_blank\">\n                  <img decoding=\"async\" src=\"https:\/\/rozewines.com\/app\/uploads\/2024\/03\/Layer-1-1.svg\" alt=\"\">\n                <\/a>\n              <\/div>\n                                                                  <div class=\"flex justify-center items-center w-1\/4 lg:w-1\/6\">\n                <img decoding=\"async\" src=\"https:\/\/rozewines.com\/app\/uploads\/2024\/03\/Layer-1-2.svg\" alt=\"\">\n              <\/div>\n                                                                  <div class=\"flex justify-center items-center w-1\/4 lg:w-1\/6\">\n                <a href=\"#\" target=\"_blank\">\n                  <img decoding=\"async\" src=\"https:\/\/rozewines.com\/app\/uploads\/2024\/03\/Group-5391.svg\" alt=\"\">\n                <\/a>\n              <\/div>\n                                    <\/div>\n      <\/div>\n<\/section>\n\n\n<section>\n  <div class=\"container mx-auto px-5 py-10 lg:py-[6.25rem]\">\n    <div class=\"flex gap-10 justify-between items-center lg:gap-0 flex-col-reverse lg:flex-row-reverse\">\n      <div class=\"max-w-[35.3125rem]\">\n                  <h2 class=\"text-shark-950 text-[1.5rem] leading-[1.8125rem] lg:text-[1.875rem] lg:leading-[2.25rem] font-bold mb-5 max-w-[28.6875rem]\">Auswahl f\u00fcr jeden Geschmack<\/h2>\n          <div class=\"bg-laser-300 w-[11.25rem] h-[0.125rem] mb-5\"><\/div>\n                          <p class=\"text-rolling-stone-400 lg:text-[1.125rem] leading-[1.625rem]\">Weinberg-Terroir, sorgf\u00e4ltige Zusammenarbeit mit der Natur, Handlese, kleine Ernten, Philosophie, Experimentierfreude und Liebe. Wir sind nicht an abstrusen wissenschaftlichen \u00dcberlegungen und an stereotypen, banalen \u201efabrikgefertigten\u201c Alkohol interessiert. Wir interessieren uns f\u00fcr Spitzenweine (Signature-Weine) mit jahrhundertealten Traditionen, au\u00dfergew\u00f6hnlichem Aromenbouquet und einzigartiger Authentizit\u00e4t. Unser Traum ist es, der Welt einzigartige georgische Weine und die Menschen, die sie herstellen, vorzustellen. Neben Wein bieten wir auch eine gro\u00dfe Auswahl an Spirituosen an. Unser Chacha ist einzigartig, weil wir ihn zweifach destillieren, um einen h\u00f6heren Alkoholgehalt und eine h\u00f6here Reinheit zu erreichen. Traditionell destillierter Chacha gewinnt schnell an Popularit\u00e4t und wird heute von vielen Weing\u00fctern hergestellt.<\/p>\n              <\/div>\n      <div class=\"max-w-[36.25rem] w-full [&#038;_img]:w-full [&#038;_img]:max-h-[24.125rem] [&#038;_img]:h-full [&#038;_img]:object-cover\">\n                  <img decoding=\"async\" class=\"w-full h-full max-h-[24.125rem] object-cover\" src=\"https:\/\/rozewines.com\/app\/uploads\/2024\/05\/11-1-1-1024x771.jpeg\" alt=\"\">\n              <\/div>\n    <\/div>\n  <\/div>\n<\/section>\n","protected":false},"excerpt":{"rendered":"","protected":false},"author":1,"featured_media":0,"parent":0,"menu_order":0,"comment_status":"closed","ping_status":"closed","template":"","meta":{"_acf_changed":false,"footnotes":""},"acf":[],"ams_acf":[],"yoast_head":"<!-- This site is optimized with the Yoast SEO plugin v22.6 - https:\/\/yoast.com\/wordpress\/plugins\/seo\/ -->\n<title>About us - Roze wines<\/title>\n<meta name=\"robots\" content=\"index, follow, max-snippet:-1, max-image-preview:large, max-video-preview:-1\" \/>\n<link rel=\"canonical\" href=\"https:\/\/rozewines.com\/de\/about-us\/\" \/>\n<meta property=\"og:locale\" content=\"de_DE\" \/>\n<meta property=\"og:type\" content=\"article\" \/>\n<meta property=\"og:title\" content=\"About us - Roze wines\" \/>\n<meta property=\"og:url\" content=\"https:\/\/rozewines.com\/de\/about-us\/\" \/>\n<meta property=\"og:site_name\" content=\"Roze wines\" \/>\n<meta property=\"article:modified_time\" content=\"2024-07-25T12:47:16+00:00\" \/>\n<meta name=\"twitter:card\" content=\"summary_large_image\" \/>\n<script type=\"application\/ld+json\" class=\"yoast-schema-graph\">{\"@context\":\"https:\/\/schema.org\",\"@graph\":[{\"@type\":\"WebPage\",\"@id\":\"https:\/\/rozewines.com\/de\/about-us\/\",\"url\":\"https:\/\/rozewines.com\/de\/about-us\/\",\"name\":\"About us - Roze wines\",\"isPartOf\":{\"@id\":\"https:\/\/rozewines.com\/#website\"},\"datePublished\":\"2024-03-05T15:30:53+00:00\",\"dateModified\":\"2024-07-25T12:47:16+00:00\",\"breadcrumb\":{\"@id\":\"https:\/\/rozewines.com\/de\/about-us\/#breadcrumb\"},\"inLanguage\":\"de-DE\",\"potentialAction\":[{\"@type\":\"ReadAction\",\"target\":[\"https:\/\/rozewines.com\/de\/about-us\/\"]}]},{\"@type\":\"BreadcrumbList\",\"@id\":\"https:\/\/rozewines.com\/de\/about-us\/#breadcrumb\",\"itemListElement\":[{\"@type\":\"ListItem\",\"position\":1,\"name\":\"Home\",\"item\":\"https:\/\/rozewines.com\/de\/\"},{\"@type\":\"ListItem\",\"position\":2,\"name\":\"About us\"}]},{\"@type\":\"WebSite\",\"@id\":\"https:\/\/rozewines.com\/#website\",\"url\":\"https:\/\/rozewines.com\/\",\"name\":\"Roze wines\",\"description\":\"\",\"publisher\":{\"@id\":\"https:\/\/rozewines.com\/#organization\"},\"potentialAction\":[{\"@type\":\"SearchAction\",\"target\":{\"@type\":\"EntryPoint\",\"urlTemplate\":\"https:\/\/rozewines.com\/?s={search_term_string}\"},\"query-input\":\"required name=search_term_string\"}],\"inLanguage\":\"de-DE\"},{\"@type\":\"Organization\",\"@id\":\"https:\/\/rozewines.com\/#organization\",\"name\":\"Roze wines\",\"url\":\"https:\/\/rozewines.com\/\",\"logo\":{\"@type\":\"ImageObject\",\"inLanguage\":\"de-DE\",\"@id\":\"https:\/\/rozewines.com\/#\/schema\/logo\/image\/\",\"url\":\"https:\/\/rozewines.com\/app\/uploads\/2024\/05\/logo.svg\",\"contentUrl\":\"https:\/\/rozewines.com\/app\/uploads\/2024\/05\/logo.svg\",\"width\":144,\"height\":68,\"caption\":\"Roze wines\"},\"image\":{\"@id\":\"https:\/\/rozewines.com\/#\/schema\/logo\/image\/\"}}]}<\/script>\n<!-- \/ Yoast SEO plugin. -->","yoast_head_json":{"title":"About us - Roze wines","robots":{"index":"index","follow":"follow","max-snippet":"max-snippet:-1","max-image-preview":"max-image-preview:large","max-video-preview":"max-video-preview:-1"},"canonical":"https:\/\/rozewines.com\/de\/about-us\/","og_locale":"de_DE","og_type":"article","og_title":"About us - Roze wines","og_url":"https:\/\/rozewines.com\/de\/about-us\/","og_site_name":"Roze wines","article_modified_time":"2024-07-25T12:47:16+00:00","twitter_card":"summary_large_image","schema":{"@context":"https:\/\/schema.org","@graph":[{"@type":"WebPage","@id":"https:\/\/rozewines.com\/de\/about-us\/","url":"https:\/\/rozewines.com\/de\/about-us\/","name":"About us - Roze wines","isPartOf":{"@id":"https:\/\/rozewines.com\/#website"},"datePublished":"2024-03-05T15:30:53+00:00","dateModified":"2024-07-25T12:47:16+00:00","breadcrumb":{"@id":"https:\/\/rozewines.com\/de\/about-us\/#breadcrumb"},"inLanguage":"de-DE","potentialAction":[{"@type":"ReadAction","target":["https:\/\/rozewines.com\/de\/about-us\/"]}]},{"@type":"BreadcrumbList","@id":"https:\/\/rozewines.com\/de\/about-us\/#breadcrumb","itemListElement":[{"@type":"ListItem","position":1,"name":"Home","item":"https:\/\/rozewines.com\/de\/"},{"@type":"ListItem","position":2,"name":"About us"}]},{"@type":"WebSite","@id":"https:\/\/rozewines.com\/#website","url":"https:\/\/rozewines.com\/","name":"Roze wines","description":"","publisher":{"@id":"https:\/\/rozewines.com\/#organization"},"potentialAction":[{"@type":"SearchAction","target":{"@type":"EntryPoint","urlTemplate":"https:\/\/rozewines.com\/?s={search_term_string}"},"query-input":"required name=search_term_string"}],"inLanguage":"de-DE"},{"@type":"Organization","@id":"https:\/\/rozewines.com\/#organization","name":"Roze wines","url":"https:\/\/rozewines.com\/","logo":{"@type":"ImageObject","inLanguage":"de-DE","@id":"https:\/\/rozewines.com\/#\/schema\/logo\/image\/","url":"https:\/\/rozewines.com\/app\/uploads\/2024\/05\/logo.svg","contentUrl":"https:\/\/rozewines.com\/app\/uploads\/2024\/05\/logo.svg","width":144,"height":68,"caption":"Roze wines"},"image":{"@id":"https:\/\/rozewines.com\/#\/schema\/logo\/image\/"}}]}},"_links":{"self":[{"href":"https:\/\/rozewines.com\/de\/wp-json\/wp\/v2\/pages\/281"}],"collection":[{"href":"https:\/\/rozewines.com\/de\/wp-json\/wp\/v2\/pages"}],"about":[{"href":"https:\/\/rozewines.com\/de\/wp-json\/wp\/v2\/types\/page"}],"author":[{"embeddable":true,"href":"https:\/\/rozewines.com\/de\/wp-json\/wp\/v2\/users\/1"}],"replies":[{"embeddable":true,"href":"https:\/\/rozewines.com\/de\/wp-json\/wp\/v2\/comments?post=281"}],"version-history":[{"count":4,"href":"https:\/\/rozewines.com\/de\/wp-json\/wp\/v2\/pages\/281\/revisions"}],"predecessor-version":[{"id":4867,"href":"https:\/\/rozewines.com\/de\/wp-json\/wp\/v2\/pages\/281\/revisions\/4867"}],"wp:attachment":[{"href":"https:\/\/rozewines.com\/de\/wp-json\/wp\/v2\/media?parent=281"}],"curies":[{"name":"wp","href":"https:\/\/api.w.org\/{rel}","templated":true}]}}