{"id":6621,"date":"2024-09-15T16:56:31","date_gmt":"2024-09-15T16:56:31","guid":{"rendered":"https:\/\/rozewines.com\/delivery-terms-conditions\/"},"modified":"2025-12-13T20:30:19","modified_gmt":"2025-12-13T20:30:19","slug":"delivery-terms-conditions","status":"publish","type":"page","link":"https:\/\/rozewines.com\/de\/delivery-terms-conditions\/","title":{"rendered":"Delivery terms &amp; conditions"},"content":{"rendered":"\n<h3 class=\"wp-block-heading has-xl-font-size\" style=\"padding-bottom:var(--wp--preset--spacing--20)\"><strong>Lieferungen nach Lettland, Litauen, Estland:<\/strong><\/h3>\n\n\n\n<p style=\"padding-top:var(--wp--preset--spacing--20);padding-bottom:var(--wp--preset--spacing--20)\"><strong>Omniva<\/strong>:<\/p>\n\n\n\n<ul>\n<li>Lieferzeit: 1-2 Werktage<\/li>\n\n\n\n<li>Preis: Ab 3,40 EUR<\/li>\n<\/ul>\n\n\n\n<p style=\"padding-top:var(--wp--preset--spacing--20);padding-bottom:var(--wp--preset--spacing--20)\"><strong>Wolt (Lieferungen am selben Tag nur nach Liep\u0101ja)<\/strong>:<\/p>\n\n\n\n<ul>\n<li>Lieferzeit: Am selben Tag<\/li>\n\n\n\n<li>Preis: Kostenlos<\/li>\n\n\n\n<li>Finden Sie uns auf <a href=\"https:\/\/wolt.com\/lv\/lva\/liepaja\/venue\/roze-gourmet-shop\" target=\"_blank\" rel=\"noreferrer noopener\"><span style=\"color: #BFB162;\">Wolt<\/span><\/a><\/li>\n\n\n\n<p><\/p>\n\n\n\n<p style=\"padding-top:var(--wp--preset--spacing--20);padding-bottom:var(--wp--preset--spacing--20)\"><strong>UPS Express<\/strong>:<\/p>\n\n\n\n<ul>\n<li>Lieferzeit: 5-6 Werktage<\/li>\n\n\n\n<li>Preis: Wird beim Checkout basierend auf Ihrer Lieferadresse berechnet<\/li>\n<\/ul>\n\n\n\n<p style=\"padding-top:var(--wp--preset--spacing--20);padding-bottom:var(--wp--preset--spacing--20)\"><strong>UPS Worldwide Saver<\/strong>:<\/p>\n\n\n\n<ul>\n<li>Lieferzeit: 1-2 Werktage<\/li>\n\n\n\n<li>Preis: Wird beim Checkout basierend auf Ihrer Lieferadresse berechnet<\/li>\n<\/ul>\n\n\n\n<p><\/p>\n\n\n\n<h3 class=\"wp-block-heading has-xl-font-size\" style=\"padding-top:var(--wp--preset--spacing--60);padding-bottom:var(--wp--preset--spacing--20)\"><strong>Selbstabholung:<\/strong><\/h3>\n\n\n\n<p style=\"padding-top:var(--wp--preset--spacing--20);padding-bottom:var(--wp--preset--spacing--20)\"><strong>Liep\u0101ja<\/strong>:<\/p>\n\n\n\n<ul>\n<li>Lieferzeit: Am selben Tag<\/li>\n\n\n\n<li>Preis: Kostenlos<\/li>\n\n\n\n<li>Abholort: <a href=\"https:\/\/www.google.com\/maps\/place\/\/data=!4m2!3m1!1s0x46faa77dc381fdd7:0x8b73524330f8001e?sa=X&amp;ved=1t:8290&amp;ictx=111\" target=\"_blank\" rel=\"noreferrer noopener\"><span style=\"color: #BFB162;\">Kur\u0161u iela 10, Liep\u0101ja<\/span><\/a><\/li>\n<\/ul>\n\n\n\n<p style=\"padding-top:var(--wp--preset--spacing--20);padding-bottom:var(--wp--preset--spacing--20)\"><strong>Riga<\/strong>:<\/p>\n\n\n\n<ul>\n<li>Lieferzeit: Am selben Tag<\/li>\n\n\n\n<li>Preis: Kostenlos *Die Menge der Waren kann beim Verkaufsvertreter begrenzt sein.<\/li>\n\n\n\n<li>Verkaufsrepr\u00e4sentant: +371 2 6518668<\/li>\n<\/ul>\n<\/ul>\n\n\n\n<div style=\"height:36px\" aria-hidden=\"true\" class=\"wp-block-spacer\"><\/div>\n\n\n\n<p><strong>DER KONSUM VON ALKOHOL HAT NEGATIVE FOLGEN. DER VERKAUF, KAUF ODER DIE WEITERGABE VON ALKOHOLISCHEN GETR\u00c4NKEN AN MINDERJ\u00c4HRIGE IST VERBOTEN. DER VERKAUF ERFOLGT AUF BASIS EINER SPEZIELLEN GENEHMIGUNG (LIZENZ). DIE LIEFERUNG VON ALKOHOLISCHEN GETR\u00c4NKEN IST MONTAG\u2013SAMSTAG VOR 10:00 UND NACH 20:00 SOWIE AN SONNTAGEN VOR 10:00 UND NACH 18:00 VERBOTEN.<\/strong><\/p>\n","protected":false},"excerpt":{"rendered":"<p>Lieferungen nach Lettland, Litauen, Estland: Omniva: Wolt (Lieferungen am selben Tag nur nach Liep\u0101ja): DER KONSUM VON ALKOHOL HAT NEGATIVE FOLGEN. DER VERKAUF, KAUF ODER DIE WEITERGABE VON ALKOHOLISCHEN GETR\u00c4NKEN AN MINDERJ\u00c4HRIGE IST VERBOTEN. DER VERKAUF ERFOLGT AUF BASIS EINER SPEZIELLEN GENEHMIGUNG (LIZENZ). DIE LIEFERUNG VON ALKOHOLISCHEN GETR\u00c4NKEN IST MONTAG\u2013SAMSTAG VOR 10:00 UND NACH 20:00 &hellip; <a href=\"https:\/\/rozewines.com\/de\/delivery-terms-conditions\/\">Continued<\/a><\/p>\n","protected":false},"author":2,"featured_media":0,"parent":0,"menu_order":0,"comment_status":"closed","ping_status":"closed","template":"template-custom.blade.php","meta":{"_acf_changed":false,"footnotes":""},"acf":[],"ams_acf":[],"yoast_head":"<!-- This site is optimized with the Yoast SEO plugin v22.6 - https:\/\/yoast.com\/wordpress\/plugins\/seo\/ -->\n<title>Delivery terms &amp; conditions - Roze wines<\/title>\n<meta name=\"robots\" content=\"index, follow, max-snippet:-1, max-image-preview:large, max-video-preview:-1\" \/>\n<link rel=\"canonical\" href=\"https:\/\/rozewines.com\/de\/delivery-terms-conditions\/\" \/>\n<meta property=\"og:locale\" content=\"de_DE\" \/>\n<meta property=\"og:type\" content=\"article\" \/>\n<meta property=\"og:title\" content=\"Delivery terms &amp; conditions - Roze wines\" \/>\n<meta property=\"og:description\" content=\"Lieferungen nach Lettland, Litauen, Estland: Omniva: Wolt (Lieferungen am selben Tag nur nach Liep\u0101ja): DER KONSUM VON ALKOHOL HAT NEGATIVE FOLGEN. DER VERKAUF, KAUF ODER DIE WEITERGABE VON ALKOHOLISCHEN GETR\u00c4NKEN AN MINDERJ\u00c4HRIGE IST VERBOTEN. DER VERKAUF ERFOLGT AUF BASIS EINER SPEZIELLEN GENEHMIGUNG (LIZENZ). DIE LIEFERUNG VON ALKOHOLISCHEN GETR\u00c4NKEN IST MONTAG\u2013SAMSTAG VOR 10:00 UND NACH 20:00 &hellip; Continued\" \/>\n<meta property=\"og:url\" content=\"https:\/\/rozewines.com\/de\/delivery-terms-conditions\/\" \/>\n<meta property=\"og:site_name\" content=\"Roze wines\" \/>\n<meta property=\"article:modified_time\" content=\"2025-12-13T20:30:19+00:00\" \/>\n<meta name=\"twitter:card\" content=\"summary_large_image\" \/>\n<meta name=\"twitter:label1\" content=\"Est. reading time\" \/>\n\t<meta name=\"twitter:data1\" content=\"1 minute\" \/>\n<script type=\"application\/ld+json\" class=\"yoast-schema-graph\">{\"@context\":\"https:\/\/schema.org\",\"@graph\":[{\"@type\":\"WebPage\",\"@id\":\"https:\/\/rozewines.com\/de\/delivery-terms-conditions\/\",\"url\":\"https:\/\/rozewines.com\/de\/delivery-terms-conditions\/\",\"name\":\"Delivery terms &amp; conditions - Roze wines\",\"isPartOf\":{\"@id\":\"https:\/\/rozewines.com\/#website\"},\"datePublished\":\"2024-09-15T16:56:31+00:00\",\"dateModified\":\"2025-12-13T20:30:19+00:00\",\"breadcrumb\":{\"@id\":\"https:\/\/rozewines.com\/de\/delivery-terms-conditions\/#breadcrumb\"},\"inLanguage\":\"de-DE\",\"potentialAction\":[{\"@type\":\"ReadAction\",\"target\":[\"https:\/\/rozewines.com\/de\/delivery-terms-conditions\/\"]}]},{\"@type\":\"BreadcrumbList\",\"@id\":\"https:\/\/rozewines.com\/de\/delivery-terms-conditions\/#breadcrumb\",\"itemListElement\":[{\"@type\":\"ListItem\",\"position\":1,\"name\":\"Home\",\"item\":\"https:\/\/rozewines.com\/de\/\"},{\"@type\":\"ListItem\",\"position\":2,\"name\":\"Delivery terms &amp; conditions\"}]},{\"@type\":\"WebSite\",\"@id\":\"https:\/\/rozewines.com\/#website\",\"url\":\"https:\/\/rozewines.com\/\",\"name\":\"Roze wines\",\"description\":\"\",\"publisher\":{\"@id\":\"https:\/\/rozewines.com\/#organization\"},\"potentialAction\":[{\"@type\":\"SearchAction\",\"target\":{\"@type\":\"EntryPoint\",\"urlTemplate\":\"https:\/\/rozewines.com\/?s={search_term_string}\"},\"query-input\":\"required name=search_term_string\"}],\"inLanguage\":\"de-DE\"},{\"@type\":\"Organization\",\"@id\":\"https:\/\/rozewines.com\/#organization\",\"name\":\"Roze wines\",\"url\":\"https:\/\/rozewines.com\/\",\"logo\":{\"@type\":\"ImageObject\",\"inLanguage\":\"de-DE\",\"@id\":\"https:\/\/rozewines.com\/#\/schema\/logo\/image\/\",\"url\":\"https:\/\/rozewines.com\/app\/uploads\/2024\/05\/logo.svg\",\"contentUrl\":\"https:\/\/rozewines.com\/app\/uploads\/2024\/05\/logo.svg\",\"width\":144,\"height\":68,\"caption\":\"Roze wines\"},\"image\":{\"@id\":\"https:\/\/rozewines.com\/#\/schema\/logo\/image\/\"}}]}<\/script>\n<!-- \/ Yoast SEO plugin. -->","yoast_head_json":{"title":"Delivery terms &amp; conditions - Roze wines","robots":{"index":"index","follow":"follow","max-snippet":"max-snippet:-1","max-image-preview":"max-image-preview:large","max-video-preview":"max-video-preview:-1"},"canonical":"https:\/\/rozewines.com\/de\/delivery-terms-conditions\/","og_locale":"de_DE","og_type":"article","og_title":"Delivery terms &amp; conditions - Roze wines","og_description":"Lieferungen nach Lettland, Litauen, Estland: Omniva: Wolt (Lieferungen am selben Tag nur nach Liep\u0101ja): DER KONSUM VON ALKOHOL HAT NEGATIVE FOLGEN. DER VERKAUF, KAUF ODER DIE WEITERGABE VON ALKOHOLISCHEN GETR\u00c4NKEN AN MINDERJ\u00c4HRIGE IST VERBOTEN. DER VERKAUF ERFOLGT AUF BASIS EINER SPEZIELLEN GENEHMIGUNG (LIZENZ). DIE LIEFERUNG VON ALKOHOLISCHEN GETR\u00c4NKEN IST MONTAG\u2013SAMSTAG VOR 10:00 UND NACH 20:00 &hellip; Continued","og_url":"https:\/\/rozewines.com\/de\/delivery-terms-conditions\/","og_site_name":"Roze wines","article_modified_time":"2025-12-13T20:30:19+00:00","twitter_card":"summary_large_image","twitter_misc":{"Est. reading time":"1 minute"},"schema":{"@context":"https:\/\/schema.org","@graph":[{"@type":"WebPage","@id":"https:\/\/rozewines.com\/de\/delivery-terms-conditions\/","url":"https:\/\/rozewines.com\/de\/delivery-terms-conditions\/","name":"Delivery terms &amp; conditions - Roze wines","isPartOf":{"@id":"https:\/\/rozewines.com\/#website"},"datePublished":"2024-09-15T16:56:31+00:00","dateModified":"2025-12-13T20:30:19+00:00","breadcrumb":{"@id":"https:\/\/rozewines.com\/de\/delivery-terms-conditions\/#breadcrumb"},"inLanguage":"de-DE","potentialAction":[{"@type":"ReadAction","target":["https:\/\/rozewines.com\/de\/delivery-terms-conditions\/"]}]},{"@type":"BreadcrumbList","@id":"https:\/\/rozewines.com\/de\/delivery-terms-conditions\/#breadcrumb","itemListElement":[{"@type":"ListItem","position":1,"name":"Home","item":"https:\/\/rozewines.com\/de\/"},{"@type":"ListItem","position":2,"name":"Delivery terms &amp; conditions"}]},{"@type":"WebSite","@id":"https:\/\/rozewines.com\/#website","url":"https:\/\/rozewines.com\/","name":"Roze wines","description":"","publisher":{"@id":"https:\/\/rozewines.com\/#organization"},"potentialAction":[{"@type":"SearchAction","target":{"@type":"EntryPoint","urlTemplate":"https:\/\/rozewines.com\/?s={search_term_string}"},"query-input":"required name=search_term_string"}],"inLanguage":"de-DE"},{"@type":"Organization","@id":"https:\/\/rozewines.com\/#organization","name":"Roze wines","url":"https:\/\/rozewines.com\/","logo":{"@type":"ImageObject","inLanguage":"de-DE","@id":"https:\/\/rozewines.com\/#\/schema\/logo\/image\/","url":"https:\/\/rozewines.com\/app\/uploads\/2024\/05\/logo.svg","contentUrl":"https:\/\/rozewines.com\/app\/uploads\/2024\/05\/logo.svg","width":144,"height":68,"caption":"Roze wines"},"image":{"@id":"https:\/\/rozewines.com\/#\/schema\/logo\/image\/"}}]}},"_links":{"self":[{"href":"https:\/\/rozewines.com\/de\/wp-json\/wp\/v2\/pages\/6621"}],"collection":[{"href":"https:\/\/rozewines.com\/de\/wp-json\/wp\/v2\/pages"}],"about":[{"href":"https:\/\/rozewines.com\/de\/wp-json\/wp\/v2\/types\/page"}],"author":[{"embeddable":true,"href":"https:\/\/rozewines.com\/de\/wp-json\/wp\/v2\/users\/2"}],"replies":[{"embeddable":true,"href":"https:\/\/rozewines.com\/de\/wp-json\/wp\/v2\/comments?post=6621"}],"version-history":[{"count":16,"href":"https:\/\/rozewines.com\/de\/wp-json\/wp\/v2\/pages\/6621\/revisions"}],"predecessor-version":[{"id":8429,"href":"https:\/\/rozewines.com\/de\/wp-json\/wp\/v2\/pages\/6621\/revisions\/8429"}],"wp:attachment":[{"href":"https:\/\/rozewines.com\/de\/wp-json\/wp\/v2\/media?parent=6621"}],"curies":[{"name":"wp","href":"https:\/\/api.w.org\/{rel}","templated":true}]}}