{"id":3196,"date":"2026-02-19T07:18:29","date_gmt":"2026-02-19T07:18:29","guid":{"rendered":"https:\/\/rozewines.com\/product\/chumad-chu-kindzmarauli-2020\/"},"modified":"2026-02-19T06:39:48","modified_gmt":"2026-02-19T06:39:48","slug":"chumad-chu-kindzmarauli-2020","status":"publish","type":"product","link":"https:\/\/rozewines.com\/de\/produkt\/chumad-chu-kindzmarauli-2020\/","title":{"rendered":"Chumad Chu &#8211; Kindzmarauli 2020"},"content":{"rendered":"<p>Chumad Chu \u2013 Kindzmarauli 2020, ein halbs\u00fc\u00dfer Rotwein, der durch seinen weichen und zug\u00e4nglichen Charakter lockt. Dieser Wein wurde f\u00fcr einfachen Trinkgenuss entwickelt und bietet eine harmonische Ausgewogenheit, die die Sinne fesselt. Aromen, bei denen sich der k\u00f6stliche Duft von Brombeer- und Pflaumenmarmelade mit der beruhigenden Essenz von Vanille verbindet. Erfreuen Sie sich an den subtilen Noten von Schwarzkirschen, die jedem Schluck Tiefe und Komplexit\u00e4t verleihen.<\/p>\n","protected":false},"excerpt":{"rendered":"<p>Chumad Chu \u2013 Kindzmarauli 2020, ein halbs\u00fc\u00dfer Rotwein, der durch seinen weichen und zug\u00e4nglichen Charakter lockt. Dieser Wein wurde f\u00fcr einfachen Trinkgenuss entwickelt und bietet eine harmonische Ausgewogenheit, die die Sinne fesselt. Aromen, bei denen sich der k\u00f6stliche Duft von Brombeer- und Pflaumenmarmelade mit der beruhigenden Essenz von Vanille verbindet. Erfreuen Sie sich an den &hellip; <a href=\"https:\/\/rozewines.com\/de\/produkt\/chumad-chu-kindzmarauli-2020\/\">Continued<\/a><\/p>\n","protected":false},"featured_media":639,"comment_status":"closed","ping_status":"open","template":"","meta":{"_acf_changed":false},"brand":[1808],"colour":[1140],"flavour":[1080,1076,1073],"grape-variety":[1339],"harvest-year":[1145],"region":[1292],"size":[1598],"style":[1271],"technology":[1116],"product_cat":[1382],"product_tag":[],"ams_default_variation_id":0,"ams_product_points_reward":[],"ams_product_discount_percentage":0,"ams_price_to_display":22.5,"acf":[],"ams_acf":[{"key":"food_pairings","label":"Food pairings","value":"Schokoladen- und Kirschmarmelade, gegrillter H\u00fchnersalat mit Brombeeren"},{"key":"details","label":"Details","value":{"":null,"acidity":"3","body":"2","sweetness":"3","tannin":""}},{"key":"alcohol_percentage","label":"Alcohol percentage","value":"11,5%"},{"key":"zero_sulfites","label":"Zero sulfites","value":false}],"yoast_head":"<!-- This site is optimized with the Yoast SEO plugin v22.6 - https:\/\/yoast.com\/wordpress\/plugins\/seo\/ -->\n<title>Chumad Chu - Kindzmarauli 2020 - Roze wines<\/title>\n<meta name=\"robots\" content=\"index, follow, max-snippet:-1, max-image-preview:large, max-video-preview:-1\" \/>\n<link rel=\"canonical\" href=\"https:\/\/rozewines.com\/en\/produkt\/chumad-chu-khvanchkara-2018\/\" \/>\n<meta property=\"og:locale\" content=\"de_DE\" \/>\n<meta property=\"og:type\" content=\"article\" \/>\n<meta property=\"og:title\" content=\"Chumad Chu - Kindzmarauli 2020 - Roze wines\" \/>\n<meta property=\"og:description\" content=\"Chumad Chu \u2013 Kindzmarauli 2020, ein halbs\u00fc\u00dfer Rotwein, der durch seinen weichen und zug\u00e4nglichen Charakter lockt. Dieser Wein wurde f\u00fcr einfachen Trinkgenuss entwickelt und bietet eine harmonische Ausgewogenheit, die die Sinne fesselt. Aromen, bei denen sich der k\u00f6stliche Duft von Brombeer- und Pflaumenmarmelade mit der beruhigenden Essenz von Vanille verbindet. Erfreuen Sie sich an den &hellip; Continued\" \/>\n<meta property=\"og:url\" content=\"https:\/\/rozewines.com\/en\/produkt\/chumad-chu-khvanchkara-2018\/\" \/>\n<meta property=\"og:site_name\" content=\"Roze wines\" \/>\n<meta property=\"article:modified_time\" content=\"2026-02-19T06:39:48+00:00\" \/>\n<meta property=\"og:image\" content=\"https:\/\/rozewines.com\/app\/uploads\/2024\/04\/Chumad-Chu-Khvanchkara-2018.jpg\" \/>\n\t<meta property=\"og:image:width\" content=\"2160\" \/>\n\t<meta property=\"og:image:height\" content=\"2160\" \/>\n\t<meta property=\"og:image:type\" content=\"image\/jpeg\" \/>\n<meta name=\"twitter:card\" content=\"summary_large_image\" \/>\n<script type=\"application\/ld+json\" class=\"yoast-schema-graph\">{\"@context\":\"https:\/\/schema.org\",\"@graph\":[{\"@type\":\"WebPage\",\"@id\":\"https:\/\/rozewines.com\/en\/produkt\/chumad-chu-khvanchkara-2018\/\",\"url\":\"https:\/\/rozewines.com\/en\/produkt\/chumad-chu-khvanchkara-2018\/\",\"name\":\"Chumad Chu - Kindzmarauli 2020 - Roze wines\",\"isPartOf\":{\"@id\":\"https:\/\/rozewines.com\/#website\"},\"primaryImageOfPage\":{\"@id\":\"https:\/\/rozewines.com\/en\/produkt\/chumad-chu-khvanchkara-2018\/#primaryimage\"},\"image\":{\"@id\":\"https:\/\/rozewines.com\/en\/produkt\/chumad-chu-khvanchkara-2018\/#primaryimage\"},\"thumbnailUrl\":\"https:\/\/rozewines.com\/app\/uploads\/2024\/04\/Chumad-Chu-Khvanchkara-2018.jpg\",\"datePublished\":\"2026-02-19T07:18:29+00:00\",\"dateModified\":\"2026-02-19T06:39:48+00:00\",\"breadcrumb\":{\"@id\":\"https:\/\/rozewines.com\/en\/produkt\/chumad-chu-khvanchkara-2018\/#breadcrumb\"},\"inLanguage\":\"de-DE\",\"potentialAction\":[{\"@type\":\"ReadAction\",\"target\":[\"https:\/\/rozewines.com\/en\/produkt\/chumad-chu-khvanchkara-2018\/\"]}]},{\"@type\":\"ImageObject\",\"inLanguage\":\"de-DE\",\"@id\":\"https:\/\/rozewines.com\/en\/produkt\/chumad-chu-khvanchkara-2018\/#primaryimage\",\"url\":\"https:\/\/rozewines.com\/app\/uploads\/2024\/04\/Chumad-Chu-Khvanchkara-2018.jpg\",\"contentUrl\":\"https:\/\/rozewines.com\/app\/uploads\/2024\/04\/Chumad-Chu-Khvanchkara-2018.jpg\",\"width\":2160,\"height\":2160},{\"@type\":\"BreadcrumbList\",\"@id\":\"https:\/\/rozewines.com\/en\/produkt\/chumad-chu-khvanchkara-2018\/#breadcrumb\",\"itemListElement\":[{\"@type\":\"ListItem\",\"position\":1,\"name\":\"Home\",\"item\":\"https:\/\/rozewines.com\/de\/\"},{\"@type\":\"ListItem\",\"position\":2,\"name\":\"Unsere Weine\",\"item\":\"https:\/\/rozewines.com\/de\/musu-vins\/\"},{\"@type\":\"ListItem\",\"position\":3,\"name\":\"Chumad Chu &#8211; Kindzmarauli 2020\"}]},{\"@type\":\"WebSite\",\"@id\":\"https:\/\/rozewines.com\/#website\",\"url\":\"https:\/\/rozewines.com\/\",\"name\":\"Roze wines\",\"description\":\"\",\"publisher\":{\"@id\":\"https:\/\/rozewines.com\/#organization\"},\"potentialAction\":[{\"@type\":\"SearchAction\",\"target\":{\"@type\":\"EntryPoint\",\"urlTemplate\":\"https:\/\/rozewines.com\/?s={search_term_string}\"},\"query-input\":\"required name=search_term_string\"}],\"inLanguage\":\"de-DE\"},{\"@type\":\"Organization\",\"@id\":\"https:\/\/rozewines.com\/#organization\",\"name\":\"Roze wines\",\"url\":\"https:\/\/rozewines.com\/\",\"logo\":{\"@type\":\"ImageObject\",\"inLanguage\":\"de-DE\",\"@id\":\"https:\/\/rozewines.com\/#\/schema\/logo\/image\/\",\"url\":\"https:\/\/rozewines.com\/app\/uploads\/2024\/05\/logo.svg\",\"contentUrl\":\"https:\/\/rozewines.com\/app\/uploads\/2024\/05\/logo.svg\",\"width\":144,\"height\":68,\"caption\":\"Roze wines\"},\"image\":{\"@id\":\"https:\/\/rozewines.com\/#\/schema\/logo\/image\/\"}}]}<\/script>\n<!-- \/ Yoast SEO plugin. -->","yoast_head_json":{"title":"Chumad Chu - Kindzmarauli 2020 - Roze wines","robots":{"index":"index","follow":"follow","max-snippet":"max-snippet:-1","max-image-preview":"max-image-preview:large","max-video-preview":"max-video-preview:-1"},"canonical":"https:\/\/rozewines.com\/en\/produkt\/chumad-chu-khvanchkara-2018\/","og_locale":"de_DE","og_type":"article","og_title":"Chumad Chu - Kindzmarauli 2020 - Roze wines","og_description":"Chumad Chu \u2013 Kindzmarauli 2020, ein halbs\u00fc\u00dfer Rotwein, der durch seinen weichen und zug\u00e4nglichen Charakter lockt. Dieser Wein wurde f\u00fcr einfachen Trinkgenuss entwickelt und bietet eine harmonische Ausgewogenheit, die die Sinne fesselt. Aromen, bei denen sich der k\u00f6stliche Duft von Brombeer- und Pflaumenmarmelade mit der beruhigenden Essenz von Vanille verbindet. Erfreuen Sie sich an den &hellip; Continued","og_url":"https:\/\/rozewines.com\/en\/produkt\/chumad-chu-khvanchkara-2018\/","og_site_name":"Roze wines","article_modified_time":"2026-02-19T06:39:48+00:00","og_image":[{"width":2160,"height":2160,"url":"https:\/\/rozewines.com\/app\/uploads\/2024\/04\/Chumad-Chu-Khvanchkara-2018.jpg","type":"image\/jpeg"}],"twitter_card":"summary_large_image","schema":{"@context":"https:\/\/schema.org","@graph":[{"@type":"WebPage","@id":"https:\/\/rozewines.com\/en\/produkt\/chumad-chu-khvanchkara-2018\/","url":"https:\/\/rozewines.com\/en\/produkt\/chumad-chu-khvanchkara-2018\/","name":"Chumad Chu - Kindzmarauli 2020 - Roze wines","isPartOf":{"@id":"https:\/\/rozewines.com\/#website"},"primaryImageOfPage":{"@id":"https:\/\/rozewines.com\/en\/produkt\/chumad-chu-khvanchkara-2018\/#primaryimage"},"image":{"@id":"https:\/\/rozewines.com\/en\/produkt\/chumad-chu-khvanchkara-2018\/#primaryimage"},"thumbnailUrl":"https:\/\/rozewines.com\/app\/uploads\/2024\/04\/Chumad-Chu-Khvanchkara-2018.jpg","datePublished":"2026-02-19T07:18:29+00:00","dateModified":"2026-02-19T06:39:48+00:00","breadcrumb":{"@id":"https:\/\/rozewines.com\/en\/produkt\/chumad-chu-khvanchkara-2018\/#breadcrumb"},"inLanguage":"de-DE","potentialAction":[{"@type":"ReadAction","target":["https:\/\/rozewines.com\/en\/produkt\/chumad-chu-khvanchkara-2018\/"]}]},{"@type":"ImageObject","inLanguage":"de-DE","@id":"https:\/\/rozewines.com\/en\/produkt\/chumad-chu-khvanchkara-2018\/#primaryimage","url":"https:\/\/rozewines.com\/app\/uploads\/2024\/04\/Chumad-Chu-Khvanchkara-2018.jpg","contentUrl":"https:\/\/rozewines.com\/app\/uploads\/2024\/04\/Chumad-Chu-Khvanchkara-2018.jpg","width":2160,"height":2160},{"@type":"BreadcrumbList","@id":"https:\/\/rozewines.com\/en\/produkt\/chumad-chu-khvanchkara-2018\/#breadcrumb","itemListElement":[{"@type":"ListItem","position":1,"name":"Home","item":"https:\/\/rozewines.com\/de\/"},{"@type":"ListItem","position":2,"name":"Unsere Weine","item":"https:\/\/rozewines.com\/de\/musu-vins\/"},{"@type":"ListItem","position":3,"name":"Chumad Chu &#8211; Kindzmarauli 2020"}]},{"@type":"WebSite","@id":"https:\/\/rozewines.com\/#website","url":"https:\/\/rozewines.com\/","name":"Roze wines","description":"","publisher":{"@id":"https:\/\/rozewines.com\/#organization"},"potentialAction":[{"@type":"SearchAction","target":{"@type":"EntryPoint","urlTemplate":"https:\/\/rozewines.com\/?s={search_term_string}"},"query-input":"required name=search_term_string"}],"inLanguage":"de-DE"},{"@type":"Organization","@id":"https:\/\/rozewines.com\/#organization","name":"Roze wines","url":"https:\/\/rozewines.com\/","logo":{"@type":"ImageObject","inLanguage":"de-DE","@id":"https:\/\/rozewines.com\/#\/schema\/logo\/image\/","url":"https:\/\/rozewines.com\/app\/uploads\/2024\/05\/logo.svg","contentUrl":"https:\/\/rozewines.com\/app\/uploads\/2024\/05\/logo.svg","width":144,"height":68,"caption":"Roze wines"},"image":{"@id":"https:\/\/rozewines.com\/#\/schema\/logo\/image\/"}}]}},"_links":{"self":[{"href":"https:\/\/rozewines.com\/de\/wp-json\/wp\/v2\/product\/3196"}],"collection":[{"href":"https:\/\/rozewines.com\/de\/wp-json\/wp\/v2\/product"}],"about":[{"href":"https:\/\/rozewines.com\/de\/wp-json\/wp\/v2\/types\/product"}],"replies":[{"embeddable":true,"href":"https:\/\/rozewines.com\/de\/wp-json\/wp\/v2\/comments?post=3196"}],"wp:featuredmedia":[{"embeddable":true,"href":"https:\/\/rozewines.com\/de\/wp-json\/wp\/v2\/media\/639"}],"wp:attachment":[{"href":"https:\/\/rozewines.com\/de\/wp-json\/wp\/v2\/media?parent=3196"}],"wp:term":[{"taxonomy":"brand","embeddable":true,"href":"https:\/\/rozewines.com\/de\/wp-json\/wp\/v2\/brand?post=3196"},{"taxonomy":"colour","embeddable":true,"href":"https:\/\/rozewines.com\/de\/wp-json\/wp\/v2\/colour?post=3196"},{"taxonomy":"flavour","embeddable":true,"href":"https:\/\/rozewines.com\/de\/wp-json\/wp\/v2\/flavour?post=3196"},{"taxonomy":"grape-variety","embeddable":true,"href":"https:\/\/rozewines.com\/de\/wp-json\/wp\/v2\/grape-variety?post=3196"},{"taxonomy":"harvest-year","embeddable":true,"href":"https:\/\/rozewines.com\/de\/wp-json\/wp\/v2\/harvest-year?post=3196"},{"taxonomy":"region","embeddable":true,"href":"https:\/\/rozewines.com\/de\/wp-json\/wp\/v2\/region?post=3196"},{"taxonomy":"size","embeddable":true,"href":"https:\/\/rozewines.com\/de\/wp-json\/wp\/v2\/size?post=3196"},{"taxonomy":"style","embeddable":true,"href":"https:\/\/rozewines.com\/de\/wp-json\/wp\/v2\/style?post=3196"},{"taxonomy":"technology","embeddable":true,"href":"https:\/\/rozewines.com\/de\/wp-json\/wp\/v2\/technology?post=3196"},{"taxonomy":"product_cat","embeddable":true,"href":"https:\/\/rozewines.com\/de\/wp-json\/wp\/v2\/product_cat?post=3196"},{"taxonomy":"product_tag","embeddable":true,"href":"https:\/\/rozewines.com\/de\/wp-json\/wp\/v2\/product_tag?post=3196"}],"curies":[{"name":"wp","href":"https:\/\/api.w.org\/{rel}","templated":true}]}}