{"id":3197,"date":"2026-02-19T07:18:29","date_gmt":"2026-02-19T07:18:29","guid":{"rendered":"https:\/\/rozewines.com\/product\/marbano-asuretuli-2019\/"},"modified":"2024-08-14T09:04:48","modified_gmt":"2024-08-14T09:04:48","slug":"marbano-asuretuli-2019","status":"publish","type":"product","link":"https:\/\/rozewines.com\/de\/produkt\/marbano-asuretuli-2019\/","title":{"rendered":"Marbano &#8211; Asuretuli 2019"},"content":{"rendered":"<p>Marbano \u2013 Asuretuli 2019, ein seltenes Juwel, hergestellt aus der einheimischen Traube Zentralgeorgiens, bekannt f\u00fcr seine Leichtigkeit und Frische. Dieser Jahrgang zeichnet sich durch seine lebendige S\u00e4ure und den anhaltenden Abgang aus und verspricht ein k\u00f6stliches Weinerlebnis. Aromen von reifen roten Kirschen, Granatapfel, saftiger Erdbeere und dezenten Zimtnoten. Mit seinem einzigartigen Profil und erfrischenden Charakter wird Marbano Asuretuli 2019 Weinliebhaber mit seiner Eleganz und Komplexit\u00e4t verzaubern und ihn zu einer herausragenden Wahl f\u00fcr jeden Anlass machen.<\/p>\n","protected":false},"excerpt":{"rendered":"<p>Marbano \u2013 Asuretuli 2019, ein seltenes Juwel, hergestellt aus der einheimischen Traube Zentralgeorgiens, bekannt f\u00fcr seine Leichtigkeit und Frische. Dieser Jahrgang zeichnet sich durch seine lebendige S\u00e4ure und den anhaltenden Abgang aus und verspricht ein k\u00f6stliches Weinerlebnis. Aromen von reifen roten Kirschen, Granatapfel, saftiger Erdbeere und dezenten Zimtnoten. Mit seinem einzigartigen Profil und erfrischenden Charakter &hellip; <a href=\"https:\/\/rozewines.com\/de\/produkt\/marbano-asuretuli-2019\/\">Continued<\/a><\/p>\n","protected":false},"featured_media":715,"comment_status":"closed","ping_status":"closed","template":"","meta":{"_acf_changed":false},"brand":[1778],"colour":[1140],"flavour":[1080,1067,1073],"grape-variety":[1340],"harvest-year":[1151],"region":[1297],"size":[1598],"style":[1271],"technology":[1116],"product_cat":[1382],"product_tag":[],"ams_default_variation_id":0,"ams_product_points_reward":[],"ams_product_discount_percentage":0,"ams_price_to_display":30.5,"acf":[],"ams_acf":[{"key":"food_pairings","label":"Food pairings","value":"W\u00fcrzige Garnelen-Tacos, gegrillte W\u00fcrstchen"},{"key":"alcohol_percentage","label":"Alcohol percentage","value":"13%"},{"key":"zero_sulfites","label":"Zero sulfites","value":false}],"yoast_head":"<!-- This site is optimized with the Yoast SEO plugin v22.6 - https:\/\/yoast.com\/wordpress\/plugins\/seo\/ -->\n<title>Marbano - Asuretuli 2019 - Roze wines<\/title>\n<meta name=\"robots\" content=\"index, follow, max-snippet:-1, max-image-preview:large, max-video-preview:-1\" \/>\n<link rel=\"canonical\" href=\"https:\/\/rozewines.com\/produkt\/marbano-asuretuli-2019\/\" \/>\n<meta property=\"og:locale\" content=\"de_DE\" \/>\n<meta property=\"og:type\" content=\"article\" \/>\n<meta property=\"og:title\" content=\"Marbano - Asuretuli 2019 - Roze wines\" \/>\n<meta property=\"og:description\" content=\"Marbano \u2013 Asuretuli 2019, ein seltenes Juwel, hergestellt aus der einheimischen Traube Zentralgeorgiens, bekannt f\u00fcr seine Leichtigkeit und Frische. Dieser Jahrgang zeichnet sich durch seine lebendige S\u00e4ure und den anhaltenden Abgang aus und verspricht ein k\u00f6stliches Weinerlebnis. Aromen von reifen roten Kirschen, Granatapfel, saftiger Erdbeere und dezenten Zimtnoten. Mit seinem einzigartigen Profil und erfrischenden Charakter &hellip; Continued\" \/>\n<meta property=\"og:url\" content=\"https:\/\/rozewines.com\/produkt\/marbano-asuretuli-2019\/\" \/>\n<meta property=\"og:site_name\" content=\"Roze wines\" \/>\n<meta property=\"article:modified_time\" content=\"2024-08-14T09:04:48+00:00\" \/>\n<meta property=\"og:image\" content=\"https:\/\/rozewines.com\/app\/uploads\/2024\/08\/Marbano-Asuretuli-2019.jpg\" \/>\n\t<meta property=\"og:image:width\" content=\"2160\" \/>\n\t<meta property=\"og:image:height\" content=\"2160\" \/>\n\t<meta property=\"og:image:type\" content=\"image\/jpeg\" \/>\n<meta name=\"twitter:card\" content=\"summary_large_image\" \/>\n<script type=\"application\/ld+json\" class=\"yoast-schema-graph\">{\"@context\":\"https:\/\/schema.org\",\"@graph\":[{\"@type\":\"WebPage\",\"@id\":\"https:\/\/rozewines.com\/produkt\/marbano-asuretuli-2019\/\",\"url\":\"https:\/\/rozewines.com\/produkt\/marbano-asuretuli-2019\/\",\"name\":\"Marbano - Asuretuli 2019 - Roze wines\",\"isPartOf\":{\"@id\":\"https:\/\/rozewines.com\/#website\"},\"primaryImageOfPage\":{\"@id\":\"https:\/\/rozewines.com\/produkt\/marbano-asuretuli-2019\/#primaryimage\"},\"image\":{\"@id\":\"https:\/\/rozewines.com\/produkt\/marbano-asuretuli-2019\/#primaryimage\"},\"thumbnailUrl\":\"https:\/\/rozewines.com\/app\/uploads\/2024\/04\/Marbano-Asuretuli-2019.jpg\",\"datePublished\":\"2026-02-19T07:18:29+00:00\",\"dateModified\":\"2024-08-14T09:04:48+00:00\",\"breadcrumb\":{\"@id\":\"https:\/\/rozewines.com\/produkt\/marbano-asuretuli-2019\/#breadcrumb\"},\"inLanguage\":\"de-DE\",\"potentialAction\":[{\"@type\":\"ReadAction\",\"target\":[\"https:\/\/rozewines.com\/produkt\/marbano-asuretuli-2019\/\"]}]},{\"@type\":\"ImageObject\",\"inLanguage\":\"de-DE\",\"@id\":\"https:\/\/rozewines.com\/produkt\/marbano-asuretuli-2019\/#primaryimage\",\"url\":\"https:\/\/rozewines.com\/app\/uploads\/2024\/04\/Marbano-Asuretuli-2019.jpg\",\"contentUrl\":\"https:\/\/rozewines.com\/app\/uploads\/2024\/04\/Marbano-Asuretuli-2019.jpg\",\"width\":2160,\"height\":2160},{\"@type\":\"BreadcrumbList\",\"@id\":\"https:\/\/rozewines.com\/produkt\/marbano-asuretuli-2019\/#breadcrumb\",\"itemListElement\":[{\"@type\":\"ListItem\",\"position\":1,\"name\":\"Home\",\"item\":\"https:\/\/rozewines.com\/de\/\"},{\"@type\":\"ListItem\",\"position\":2,\"name\":\"Unsere Weine\",\"item\":\"https:\/\/rozewines.com\/de\/musu-vins\/\"},{\"@type\":\"ListItem\",\"position\":3,\"name\":\"Marbano &#8211; Asuretuli 2019\"}]},{\"@type\":\"WebSite\",\"@id\":\"https:\/\/rozewines.com\/#website\",\"url\":\"https:\/\/rozewines.com\/\",\"name\":\"Roze wines\",\"description\":\"\",\"publisher\":{\"@id\":\"https:\/\/rozewines.com\/#organization\"},\"potentialAction\":[{\"@type\":\"SearchAction\",\"target\":{\"@type\":\"EntryPoint\",\"urlTemplate\":\"https:\/\/rozewines.com\/?s={search_term_string}\"},\"query-input\":\"required name=search_term_string\"}],\"inLanguage\":\"de-DE\"},{\"@type\":\"Organization\",\"@id\":\"https:\/\/rozewines.com\/#organization\",\"name\":\"Roze wines\",\"url\":\"https:\/\/rozewines.com\/\",\"logo\":{\"@type\":\"ImageObject\",\"inLanguage\":\"de-DE\",\"@id\":\"https:\/\/rozewines.com\/#\/schema\/logo\/image\/\",\"url\":\"https:\/\/rozewines.com\/app\/uploads\/2024\/05\/logo.svg\",\"contentUrl\":\"https:\/\/rozewines.com\/app\/uploads\/2024\/05\/logo.svg\",\"width\":144,\"height\":68,\"caption\":\"Roze wines\"},\"image\":{\"@id\":\"https:\/\/rozewines.com\/#\/schema\/logo\/image\/\"}}]}<\/script>\n<!-- \/ Yoast SEO plugin. -->","yoast_head_json":{"title":"Marbano - Asuretuli 2019 - Roze wines","robots":{"index":"index","follow":"follow","max-snippet":"max-snippet:-1","max-image-preview":"max-image-preview:large","max-video-preview":"max-video-preview:-1"},"canonical":"https:\/\/rozewines.com\/produkt\/marbano-asuretuli-2019\/","og_locale":"de_DE","og_type":"article","og_title":"Marbano - Asuretuli 2019 - Roze wines","og_description":"Marbano \u2013 Asuretuli 2019, ein seltenes Juwel, hergestellt aus der einheimischen Traube Zentralgeorgiens, bekannt f\u00fcr seine Leichtigkeit und Frische. Dieser Jahrgang zeichnet sich durch seine lebendige S\u00e4ure und den anhaltenden Abgang aus und verspricht ein k\u00f6stliches Weinerlebnis. Aromen von reifen roten Kirschen, Granatapfel, saftiger Erdbeere und dezenten Zimtnoten. Mit seinem einzigartigen Profil und erfrischenden Charakter &hellip; Continued","og_url":"https:\/\/rozewines.com\/produkt\/marbano-asuretuli-2019\/","og_site_name":"Roze wines","article_modified_time":"2024-08-14T09:04:48+00:00","og_image":[{"width":2160,"height":2160,"url":"https:\/\/rozewines.com\/app\/uploads\/2024\/08\/Marbano-Asuretuli-2019.jpg","type":"image\/jpeg"}],"twitter_card":"summary_large_image","schema":{"@context":"https:\/\/schema.org","@graph":[{"@type":"WebPage","@id":"https:\/\/rozewines.com\/produkt\/marbano-asuretuli-2019\/","url":"https:\/\/rozewines.com\/produkt\/marbano-asuretuli-2019\/","name":"Marbano - Asuretuli 2019 - Roze wines","isPartOf":{"@id":"https:\/\/rozewines.com\/#website"},"primaryImageOfPage":{"@id":"https:\/\/rozewines.com\/produkt\/marbano-asuretuli-2019\/#primaryimage"},"image":{"@id":"https:\/\/rozewines.com\/produkt\/marbano-asuretuli-2019\/#primaryimage"},"thumbnailUrl":"https:\/\/rozewines.com\/app\/uploads\/2024\/04\/Marbano-Asuretuli-2019.jpg","datePublished":"2026-02-19T07:18:29+00:00","dateModified":"2024-08-14T09:04:48+00:00","breadcrumb":{"@id":"https:\/\/rozewines.com\/produkt\/marbano-asuretuli-2019\/#breadcrumb"},"inLanguage":"de-DE","potentialAction":[{"@type":"ReadAction","target":["https:\/\/rozewines.com\/produkt\/marbano-asuretuli-2019\/"]}]},{"@type":"ImageObject","inLanguage":"de-DE","@id":"https:\/\/rozewines.com\/produkt\/marbano-asuretuli-2019\/#primaryimage","url":"https:\/\/rozewines.com\/app\/uploads\/2024\/04\/Marbano-Asuretuli-2019.jpg","contentUrl":"https:\/\/rozewines.com\/app\/uploads\/2024\/04\/Marbano-Asuretuli-2019.jpg","width":2160,"height":2160},{"@type":"BreadcrumbList","@id":"https:\/\/rozewines.com\/produkt\/marbano-asuretuli-2019\/#breadcrumb","itemListElement":[{"@type":"ListItem","position":1,"name":"Home","item":"https:\/\/rozewines.com\/de\/"},{"@type":"ListItem","position":2,"name":"Unsere Weine","item":"https:\/\/rozewines.com\/de\/musu-vins\/"},{"@type":"ListItem","position":3,"name":"Marbano &#8211; Asuretuli 2019"}]},{"@type":"WebSite","@id":"https:\/\/rozewines.com\/#website","url":"https:\/\/rozewines.com\/","name":"Roze wines","description":"","publisher":{"@id":"https:\/\/rozewines.com\/#organization"},"potentialAction":[{"@type":"SearchAction","target":{"@type":"EntryPoint","urlTemplate":"https:\/\/rozewines.com\/?s={search_term_string}"},"query-input":"required name=search_term_string"}],"inLanguage":"de-DE"},{"@type":"Organization","@id":"https:\/\/rozewines.com\/#organization","name":"Roze wines","url":"https:\/\/rozewines.com\/","logo":{"@type":"ImageObject","inLanguage":"de-DE","@id":"https:\/\/rozewines.com\/#\/schema\/logo\/image\/","url":"https:\/\/rozewines.com\/app\/uploads\/2024\/05\/logo.svg","contentUrl":"https:\/\/rozewines.com\/app\/uploads\/2024\/05\/logo.svg","width":144,"height":68,"caption":"Roze wines"},"image":{"@id":"https:\/\/rozewines.com\/#\/schema\/logo\/image\/"}}]}},"_links":{"self":[{"href":"https:\/\/rozewines.com\/de\/wp-json\/wp\/v2\/product\/3197"}],"collection":[{"href":"https:\/\/rozewines.com\/de\/wp-json\/wp\/v2\/product"}],"about":[{"href":"https:\/\/rozewines.com\/de\/wp-json\/wp\/v2\/types\/product"}],"replies":[{"embeddable":true,"href":"https:\/\/rozewines.com\/de\/wp-json\/wp\/v2\/comments?post=3197"}],"wp:featuredmedia":[{"embeddable":true,"href":"https:\/\/rozewines.com\/de\/wp-json\/wp\/v2\/media\/715"}],"wp:attachment":[{"href":"https:\/\/rozewines.com\/de\/wp-json\/wp\/v2\/media?parent=3197"}],"wp:term":[{"taxonomy":"brand","embeddable":true,"href":"https:\/\/rozewines.com\/de\/wp-json\/wp\/v2\/brand?post=3197"},{"taxonomy":"colour","embeddable":true,"href":"https:\/\/rozewines.com\/de\/wp-json\/wp\/v2\/colour?post=3197"},{"taxonomy":"flavour","embeddable":true,"href":"https:\/\/rozewines.com\/de\/wp-json\/wp\/v2\/flavour?post=3197"},{"taxonomy":"grape-variety","embeddable":true,"href":"https:\/\/rozewines.com\/de\/wp-json\/wp\/v2\/grape-variety?post=3197"},{"taxonomy":"harvest-year","embeddable":true,"href":"https:\/\/rozewines.com\/de\/wp-json\/wp\/v2\/harvest-year?post=3197"},{"taxonomy":"region","embeddable":true,"href":"https:\/\/rozewines.com\/de\/wp-json\/wp\/v2\/region?post=3197"},{"taxonomy":"size","embeddable":true,"href":"https:\/\/rozewines.com\/de\/wp-json\/wp\/v2\/size?post=3197"},{"taxonomy":"style","embeddable":true,"href":"https:\/\/rozewines.com\/de\/wp-json\/wp\/v2\/style?post=3197"},{"taxonomy":"technology","embeddable":true,"href":"https:\/\/rozewines.com\/de\/wp-json\/wp\/v2\/technology?post=3197"},{"taxonomy":"product_cat","embeddable":true,"href":"https:\/\/rozewines.com\/de\/wp-json\/wp\/v2\/product_cat?post=3197"},{"taxonomy":"product_tag","embeddable":true,"href":"https:\/\/rozewines.com\/de\/wp-json\/wp\/v2\/product_tag?post=3197"}],"curies":[{"name":"wp","href":"https:\/\/api.w.org\/{rel}","templated":true}]}}