{"id":3198,"date":"2026-02-19T07:18:29","date_gmt":"2026-02-19T07:18:29","guid":{"rendered":"https:\/\/rozewines.com\/product\/marbano-asuretuli-reserve-2019\/"},"modified":"2026-02-19T07:18:36","modified_gmt":"2026-02-19T07:18:36","slug":"marbano-asuretuli-reserve-2019","status":"publish","type":"product","link":"https:\/\/rozewines.com\/de\/produkt\/marbano-asuretuli-reserve-2019\/","title":{"rendered":"Marbano &#8211; Asuretuli Reserve 2019"},"content":{"rendered":"<p>Marbano \u2013 Asuretuli Reserve 2019, ein wirklich au\u00dfergew\u00f6hnlicher Wein, hergestellt aus der seltensten Traube Zentralgeorgiens, die von alten Weinbergen stammt, die dem Wein einen unvergleichlichen Charakter verleihen. Dieser bemerkenswerte Jahrgang zeichnet sich durch seine lebendige S\u00e4ure und energiegeladene Tannine aus und bietet eine sensorische Reise wie kein anderer. Angenehme Aromen von roter Kirsche, saftiger Himbeere, w\u00fcrzigem Granatapfel und dezenten Rauchnoten. Mit seinem einzigartigen Profil und seiner reichen Komplexit\u00e4t verspricht Asuretuli ein Weinerlebnis, das sowohl unverwechselbar als auch unvergesslich ist, perfekt f\u00fcr Kenner, die etwas wirklich Au\u00dfergew\u00f6hnliches suchen.<\/p>\n","protected":false},"excerpt":{"rendered":"<p>Marbano \u2013 Asuretuli Reserve 2019, ein wirklich au\u00dfergew\u00f6hnlicher Wein, hergestellt aus der seltensten Traube Zentralgeorgiens, die von alten Weinbergen stammt, die dem Wein einen unvergleichlichen Charakter verleihen. Dieser bemerkenswerte Jahrgang zeichnet sich durch seine lebendige S\u00e4ure und energiegeladene Tannine aus und bietet eine sensorische Reise wie kein anderer. Angenehme Aromen von roter Kirsche, saftiger Himbeere, &hellip; <a href=\"https:\/\/rozewines.com\/de\/produkt\/marbano-asuretuli-reserve-2019\/\">Continued<\/a><\/p>\n","protected":false},"featured_media":719,"comment_status":"closed","ping_status":"closed","template":"","meta":{"_acf_changed":false},"brand":[1778],"colour":[1140],"flavour":[1067,1071,1073],"grape-variety":[1340],"harvest-year":[1151],"region":[1297],"size":[1598],"style":[1271],"technology":[1116],"product_cat":[1382],"product_tag":[],"ams_default_variation_id":0,"ams_product_points_reward":[],"ams_product_discount_percentage":0,"ams_price_to_display":74,"acf":[],"ams_acf":[{"key":"food_pairings","label":"Food pairings","value":"H\u00e4hnchen in Granatapfelsauce, Auberginen-Parmigiana"},{"key":"alcohol_percentage","label":"Alcohol percentage","value":"13%"},{"key":"zero_sulfites","label":"Zero sulfites","value":false}],"yoast_head":"<!-- This site is optimized with the Yoast SEO plugin v22.6 - https:\/\/yoast.com\/wordpress\/plugins\/seo\/ -->\n<title>Marbano - Asuretuli Reserve 2019 - Roze wines<\/title>\n<meta name=\"robots\" content=\"index, follow, max-snippet:-1, max-image-preview:large, max-video-preview:-1\" \/>\n<link rel=\"canonical\" href=\"https:\/\/rozewines.com\/produkt\/marbano-asuretuli-reserve-2019\/\" \/>\n<meta property=\"og:locale\" content=\"de_DE\" \/>\n<meta property=\"og:type\" content=\"article\" \/>\n<meta property=\"og:title\" content=\"Marbano - Asuretuli Reserve 2019 - Roze wines\" \/>\n<meta property=\"og:description\" content=\"Marbano \u2013 Asuretuli Reserve 2019, ein wirklich au\u00dfergew\u00f6hnlicher Wein, hergestellt aus der seltensten Traube Zentralgeorgiens, die von alten Weinbergen stammt, die dem Wein einen unvergleichlichen Charakter verleihen. Dieser bemerkenswerte Jahrgang zeichnet sich durch seine lebendige S\u00e4ure und energiegeladene Tannine aus und bietet eine sensorische Reise wie kein anderer. Angenehme Aromen von roter Kirsche, saftiger Himbeere, &hellip; Continued\" \/>\n<meta property=\"og:url\" content=\"https:\/\/rozewines.com\/produkt\/marbano-asuretuli-reserve-2019\/\" \/>\n<meta property=\"og:site_name\" content=\"Roze wines\" \/>\n<meta property=\"article:modified_time\" content=\"2026-02-19T07:18:36+00:00\" \/>\n<meta name=\"twitter:card\" content=\"summary_large_image\" \/>\n<script type=\"application\/ld+json\" class=\"yoast-schema-graph\">{\"@context\":\"https:\/\/schema.org\",\"@graph\":[{\"@type\":\"WebPage\",\"@id\":\"https:\/\/rozewines.com\/produkt\/marbano-asuretuli-reserve-2019\/\",\"url\":\"https:\/\/rozewines.com\/produkt\/marbano-asuretuli-reserve-2019\/\",\"name\":\"Marbano - Asuretuli Reserve 2019 - Roze wines\",\"isPartOf\":{\"@id\":\"https:\/\/rozewines.com\/#website\"},\"primaryImageOfPage\":{\"@id\":\"https:\/\/rozewines.com\/produkt\/marbano-asuretuli-reserve-2019\/#primaryimage\"},\"image\":{\"@id\":\"https:\/\/rozewines.com\/produkt\/marbano-asuretuli-reserve-2019\/#primaryimage\"},\"thumbnailUrl\":\"https:\/\/rozewines.com\/app\/uploads\/2024\/04\/Marbano-Asuretuli-Reserve-2019.jpg\",\"datePublished\":\"2026-02-19T07:18:29+00:00\",\"dateModified\":\"2026-02-19T07:18:36+00:00\",\"breadcrumb\":{\"@id\":\"https:\/\/rozewines.com\/produkt\/marbano-asuretuli-reserve-2019\/#breadcrumb\"},\"inLanguage\":\"de-DE\",\"potentialAction\":[{\"@type\":\"ReadAction\",\"target\":[\"https:\/\/rozewines.com\/produkt\/marbano-asuretuli-reserve-2019\/\"]}]},{\"@type\":\"ImageObject\",\"inLanguage\":\"de-DE\",\"@id\":\"https:\/\/rozewines.com\/produkt\/marbano-asuretuli-reserve-2019\/#primaryimage\",\"url\":\"https:\/\/rozewines.com\/app\/uploads\/2024\/04\/Marbano-Asuretuli-Reserve-2019.jpg\",\"contentUrl\":\"https:\/\/rozewines.com\/app\/uploads\/2024\/04\/Marbano-Asuretuli-Reserve-2019.jpg\",\"width\":2160,\"height\":2160},{\"@type\":\"BreadcrumbList\",\"@id\":\"https:\/\/rozewines.com\/produkt\/marbano-asuretuli-reserve-2019\/#breadcrumb\",\"itemListElement\":[{\"@type\":\"ListItem\",\"position\":1,\"name\":\"Home\",\"item\":\"https:\/\/rozewines.com\/de\/\"},{\"@type\":\"ListItem\",\"position\":2,\"name\":\"Unsere Weine\",\"item\":\"https:\/\/rozewines.com\/de\/musu-vins\/\"},{\"@type\":\"ListItem\",\"position\":3,\"name\":\"Marbano &#8211; Asuretuli Reserve 2019\"}]},{\"@type\":\"WebSite\",\"@id\":\"https:\/\/rozewines.com\/#website\",\"url\":\"https:\/\/rozewines.com\/\",\"name\":\"Roze wines\",\"description\":\"\",\"publisher\":{\"@id\":\"https:\/\/rozewines.com\/#organization\"},\"potentialAction\":[{\"@type\":\"SearchAction\",\"target\":{\"@type\":\"EntryPoint\",\"urlTemplate\":\"https:\/\/rozewines.com\/?s={search_term_string}\"},\"query-input\":\"required name=search_term_string\"}],\"inLanguage\":\"de-DE\"},{\"@type\":\"Organization\",\"@id\":\"https:\/\/rozewines.com\/#organization\",\"name\":\"Roze wines\",\"url\":\"https:\/\/rozewines.com\/\",\"logo\":{\"@type\":\"ImageObject\",\"inLanguage\":\"de-DE\",\"@id\":\"https:\/\/rozewines.com\/#\/schema\/logo\/image\/\",\"url\":\"https:\/\/rozewines.com\/app\/uploads\/2024\/05\/logo.svg\",\"contentUrl\":\"https:\/\/rozewines.com\/app\/uploads\/2024\/05\/logo.svg\",\"width\":144,\"height\":68,\"caption\":\"Roze wines\"},\"image\":{\"@id\":\"https:\/\/rozewines.com\/#\/schema\/logo\/image\/\"}}]}<\/script>\n<!-- \/ Yoast SEO plugin. -->","yoast_head_json":{"title":"Marbano - Asuretuli Reserve 2019 - Roze wines","robots":{"index":"index","follow":"follow","max-snippet":"max-snippet:-1","max-image-preview":"max-image-preview:large","max-video-preview":"max-video-preview:-1"},"canonical":"https:\/\/rozewines.com\/produkt\/marbano-asuretuli-reserve-2019\/","og_locale":"de_DE","og_type":"article","og_title":"Marbano - Asuretuli Reserve 2019 - Roze wines","og_description":"Marbano \u2013 Asuretuli Reserve 2019, ein wirklich au\u00dfergew\u00f6hnlicher Wein, hergestellt aus der seltensten Traube Zentralgeorgiens, die von alten Weinbergen stammt, die dem Wein einen unvergleichlichen Charakter verleihen. Dieser bemerkenswerte Jahrgang zeichnet sich durch seine lebendige S\u00e4ure und energiegeladene Tannine aus und bietet eine sensorische Reise wie kein anderer. Angenehme Aromen von roter Kirsche, saftiger Himbeere, &hellip; Continued","og_url":"https:\/\/rozewines.com\/produkt\/marbano-asuretuli-reserve-2019\/","og_site_name":"Roze wines","article_modified_time":"2026-02-19T07:18:36+00:00","twitter_card":"summary_large_image","schema":{"@context":"https:\/\/schema.org","@graph":[{"@type":"WebPage","@id":"https:\/\/rozewines.com\/produkt\/marbano-asuretuli-reserve-2019\/","url":"https:\/\/rozewines.com\/produkt\/marbano-asuretuli-reserve-2019\/","name":"Marbano - Asuretuli Reserve 2019 - Roze wines","isPartOf":{"@id":"https:\/\/rozewines.com\/#website"},"primaryImageOfPage":{"@id":"https:\/\/rozewines.com\/produkt\/marbano-asuretuli-reserve-2019\/#primaryimage"},"image":{"@id":"https:\/\/rozewines.com\/produkt\/marbano-asuretuli-reserve-2019\/#primaryimage"},"thumbnailUrl":"https:\/\/rozewines.com\/app\/uploads\/2024\/04\/Marbano-Asuretuli-Reserve-2019.jpg","datePublished":"2026-02-19T07:18:29+00:00","dateModified":"2026-02-19T07:18:36+00:00","breadcrumb":{"@id":"https:\/\/rozewines.com\/produkt\/marbano-asuretuli-reserve-2019\/#breadcrumb"},"inLanguage":"de-DE","potentialAction":[{"@type":"ReadAction","target":["https:\/\/rozewines.com\/produkt\/marbano-asuretuli-reserve-2019\/"]}]},{"@type":"ImageObject","inLanguage":"de-DE","@id":"https:\/\/rozewines.com\/produkt\/marbano-asuretuli-reserve-2019\/#primaryimage","url":"https:\/\/rozewines.com\/app\/uploads\/2024\/04\/Marbano-Asuretuli-Reserve-2019.jpg","contentUrl":"https:\/\/rozewines.com\/app\/uploads\/2024\/04\/Marbano-Asuretuli-Reserve-2019.jpg","width":2160,"height":2160},{"@type":"BreadcrumbList","@id":"https:\/\/rozewines.com\/produkt\/marbano-asuretuli-reserve-2019\/#breadcrumb","itemListElement":[{"@type":"ListItem","position":1,"name":"Home","item":"https:\/\/rozewines.com\/de\/"},{"@type":"ListItem","position":2,"name":"Unsere Weine","item":"https:\/\/rozewines.com\/de\/musu-vins\/"},{"@type":"ListItem","position":3,"name":"Marbano &#8211; Asuretuli Reserve 2019"}]},{"@type":"WebSite","@id":"https:\/\/rozewines.com\/#website","url":"https:\/\/rozewines.com\/","name":"Roze wines","description":"","publisher":{"@id":"https:\/\/rozewines.com\/#organization"},"potentialAction":[{"@type":"SearchAction","target":{"@type":"EntryPoint","urlTemplate":"https:\/\/rozewines.com\/?s={search_term_string}"},"query-input":"required name=search_term_string"}],"inLanguage":"de-DE"},{"@type":"Organization","@id":"https:\/\/rozewines.com\/#organization","name":"Roze wines","url":"https:\/\/rozewines.com\/","logo":{"@type":"ImageObject","inLanguage":"de-DE","@id":"https:\/\/rozewines.com\/#\/schema\/logo\/image\/","url":"https:\/\/rozewines.com\/app\/uploads\/2024\/05\/logo.svg","contentUrl":"https:\/\/rozewines.com\/app\/uploads\/2024\/05\/logo.svg","width":144,"height":68,"caption":"Roze wines"},"image":{"@id":"https:\/\/rozewines.com\/#\/schema\/logo\/image\/"}}]}},"_links":{"self":[{"href":"https:\/\/rozewines.com\/de\/wp-json\/wp\/v2\/product\/3198"}],"collection":[{"href":"https:\/\/rozewines.com\/de\/wp-json\/wp\/v2\/product"}],"about":[{"href":"https:\/\/rozewines.com\/de\/wp-json\/wp\/v2\/types\/product"}],"replies":[{"embeddable":true,"href":"https:\/\/rozewines.com\/de\/wp-json\/wp\/v2\/comments?post=3198"}],"wp:featuredmedia":[{"embeddable":true,"href":"https:\/\/rozewines.com\/de\/wp-json\/wp\/v2\/media\/719"}],"wp:attachment":[{"href":"https:\/\/rozewines.com\/de\/wp-json\/wp\/v2\/media?parent=3198"}],"wp:term":[{"taxonomy":"brand","embeddable":true,"href":"https:\/\/rozewines.com\/de\/wp-json\/wp\/v2\/brand?post=3198"},{"taxonomy":"colour","embeddable":true,"href":"https:\/\/rozewines.com\/de\/wp-json\/wp\/v2\/colour?post=3198"},{"taxonomy":"flavour","embeddable":true,"href":"https:\/\/rozewines.com\/de\/wp-json\/wp\/v2\/flavour?post=3198"},{"taxonomy":"grape-variety","embeddable":true,"href":"https:\/\/rozewines.com\/de\/wp-json\/wp\/v2\/grape-variety?post=3198"},{"taxonomy":"harvest-year","embeddable":true,"href":"https:\/\/rozewines.com\/de\/wp-json\/wp\/v2\/harvest-year?post=3198"},{"taxonomy":"region","embeddable":true,"href":"https:\/\/rozewines.com\/de\/wp-json\/wp\/v2\/region?post=3198"},{"taxonomy":"size","embeddable":true,"href":"https:\/\/rozewines.com\/de\/wp-json\/wp\/v2\/size?post=3198"},{"taxonomy":"style","embeddable":true,"href":"https:\/\/rozewines.com\/de\/wp-json\/wp\/v2\/style?post=3198"},{"taxonomy":"technology","embeddable":true,"href":"https:\/\/rozewines.com\/de\/wp-json\/wp\/v2\/technology?post=3198"},{"taxonomy":"product_cat","embeddable":true,"href":"https:\/\/rozewines.com\/de\/wp-json\/wp\/v2\/product_cat?post=3198"},{"taxonomy":"product_tag","embeddable":true,"href":"https:\/\/rozewines.com\/de\/wp-json\/wp\/v2\/product_tag?post=3198"}],"curies":[{"name":"wp","href":"https:\/\/api.w.org\/{rel}","templated":true}]}}