{"id":3199,"date":"2026-02-19T07:18:29","date_gmt":"2026-02-19T07:18:29","guid":{"rendered":"https:\/\/rozewines.com\/product\/barbale-budeshuri-2020\/"},"modified":"2026-02-19T07:18:39","modified_gmt":"2026-02-19T07:18:39","slug":"barbale-budeshuri-2020","status":"publish","type":"product","link":"https:\/\/rozewines.com\/de\/produkt\/barbale-budeshuri-2020\/","title":{"rendered":"Barbale &#8211; Budeshuri 2020"},"content":{"rendered":"<p>Barbale \u2013 Budeshuri 2020, dieser au\u00dfergew\u00f6hnliche Jahrgang bietet ein k\u00fchnes und vollmundiges Erlebnis und offenbart Schichten komplexer Geschmacksrichtungen und Aromen. Energiegeladene S\u00e4ure und lebendige Tannine beleben den Gaumen, w\u00e4hrend der weiche und genussvolle Abgang einen bleibenden Eindruck hinterl\u00e4sst. Genie\u00dfen Sie die Aromen von reifen Erdbeeren, Preiselbeeren und schwarzen Pflaumen, akzentuiert durch die w\u00e4rmende W\u00fcrze von Zimt.<\/p>\n","protected":false},"excerpt":{"rendered":"<p>Barbale \u2013 Budeshuri 2020, dieser au\u00dfergew\u00f6hnliche Jahrgang bietet ein k\u00fchnes und vollmundiges Erlebnis und offenbart Schichten komplexer Geschmacksrichtungen und Aromen. Energiegeladene S\u00e4ure und lebendige Tannine beleben den Gaumen, w\u00e4hrend der weiche und genussvolle Abgang einen bleibenden Eindruck hinterl\u00e4sst. Genie\u00dfen Sie die Aromen von reifen Erdbeeren, Preiselbeeren und schwarzen Pflaumen, akzentuiert durch die w\u00e4rmende W\u00fcrze von &hellip; <a href=\"https:\/\/rozewines.com\/de\/produkt\/barbale-budeshuri-2020\/\">Continued<\/a><\/p>\n","protected":false},"featured_media":1047,"comment_status":"closed","ping_status":"open","template":"","meta":{"_acf_changed":false},"brand":[1789],"colour":[1140],"flavour":[1080,1018,1000],"grape-variety":[1341],"harvest-year":[1154],"region":[1297],"size":[1598],"style":[1271],"technology":[1116],"product_cat":[1382],"product_tag":[],"ams_default_variation_id":0,"ams_product_points_reward":[],"ams_product_discount_percentage":0,"ams_price_to_display":28,"acf":[],"ams_acf":[{"key":"food_pairings","label":"Food pairings","value":"Pflaumenglasiertes Schweinefilet, mit Zimt gew\u00fcrzter Rindereintopf"},{"key":"details","label":"Details","value":{"":null,"acidity":"3","body":"4","sweetness":"0","tannin":""}},{"key":"alcohol_percentage","label":"Alcohol percentage","value":"14%"},{"key":"zero_sulfites","label":"Zero sulfites","value":false}],"yoast_head":"<!-- This site is optimized with the Yoast SEO plugin v22.6 - https:\/\/yoast.com\/wordpress\/plugins\/seo\/ -->\n<title>Barbale - Budeshuri 2020 - Roze wines<\/title>\n<meta name=\"robots\" content=\"index, follow, max-snippet:-1, max-image-preview:large, max-video-preview:-1\" \/>\n<link rel=\"canonical\" href=\"https:\/\/rozewines.com\/produkt\/barbale-budeshuri-2020\/\" \/>\n<meta property=\"og:locale\" content=\"de_DE\" \/>\n<meta property=\"og:type\" content=\"article\" \/>\n<meta property=\"og:title\" content=\"Barbale - Budeshuri 2020 - Roze wines\" \/>\n<meta property=\"og:description\" content=\"Barbale \u2013 Budeshuri 2020, dieser au\u00dfergew\u00f6hnliche Jahrgang bietet ein k\u00fchnes und vollmundiges Erlebnis und offenbart Schichten komplexer Geschmacksrichtungen und Aromen. Energiegeladene S\u00e4ure und lebendige Tannine beleben den Gaumen, w\u00e4hrend der weiche und genussvolle Abgang einen bleibenden Eindruck hinterl\u00e4sst. Genie\u00dfen Sie die Aromen von reifen Erdbeeren, Preiselbeeren und schwarzen Pflaumen, akzentuiert durch die w\u00e4rmende W\u00fcrze von &hellip; Continued\" \/>\n<meta property=\"og:url\" content=\"https:\/\/rozewines.com\/produkt\/barbale-budeshuri-2020\/\" \/>\n<meta property=\"og:site_name\" content=\"Roze wines\" \/>\n<meta property=\"article:modified_time\" content=\"2026-02-19T07:18:39+00:00\" \/>\n<meta name=\"twitter:card\" content=\"summary_large_image\" \/>\n<script type=\"application\/ld+json\" class=\"yoast-schema-graph\">{\"@context\":\"https:\/\/schema.org\",\"@graph\":[{\"@type\":\"WebPage\",\"@id\":\"https:\/\/rozewines.com\/produkt\/barbale-budeshuri-2020\/\",\"url\":\"https:\/\/rozewines.com\/produkt\/barbale-budeshuri-2020\/\",\"name\":\"Barbale - Budeshuri 2020 - Roze wines\",\"isPartOf\":{\"@id\":\"https:\/\/rozewines.com\/#website\"},\"primaryImageOfPage\":{\"@id\":\"https:\/\/rozewines.com\/produkt\/barbale-budeshuri-2020\/#primaryimage\"},\"image\":{\"@id\":\"https:\/\/rozewines.com\/produkt\/barbale-budeshuri-2020\/#primaryimage\"},\"thumbnailUrl\":\"https:\/\/rozewines.com\/app\/uploads\/2024\/04\/Barbale-Budeshuri-2020-1.jpg\",\"datePublished\":\"2026-02-19T07:18:29+00:00\",\"dateModified\":\"2026-02-19T07:18:39+00:00\",\"breadcrumb\":{\"@id\":\"https:\/\/rozewines.com\/produkt\/barbale-budeshuri-2020\/#breadcrumb\"},\"inLanguage\":\"de-DE\",\"potentialAction\":[{\"@type\":\"ReadAction\",\"target\":[\"https:\/\/rozewines.com\/produkt\/barbale-budeshuri-2020\/\"]}]},{\"@type\":\"ImageObject\",\"inLanguage\":\"de-DE\",\"@id\":\"https:\/\/rozewines.com\/produkt\/barbale-budeshuri-2020\/#primaryimage\",\"url\":\"https:\/\/rozewines.com\/app\/uploads\/2024\/04\/Barbale-Budeshuri-2020-1.jpg\",\"contentUrl\":\"https:\/\/rozewines.com\/app\/uploads\/2024\/04\/Barbale-Budeshuri-2020-1.jpg\",\"width\":2160,\"height\":2160},{\"@type\":\"BreadcrumbList\",\"@id\":\"https:\/\/rozewines.com\/produkt\/barbale-budeshuri-2020\/#breadcrumb\",\"itemListElement\":[{\"@type\":\"ListItem\",\"position\":1,\"name\":\"Home\",\"item\":\"https:\/\/rozewines.com\/de\/\"},{\"@type\":\"ListItem\",\"position\":2,\"name\":\"Unsere Weine\",\"item\":\"https:\/\/rozewines.com\/de\/musu-vins\/\"},{\"@type\":\"ListItem\",\"position\":3,\"name\":\"Barbale &#8211; Budeshuri 2020\"}]},{\"@type\":\"WebSite\",\"@id\":\"https:\/\/rozewines.com\/#website\",\"url\":\"https:\/\/rozewines.com\/\",\"name\":\"Roze wines\",\"description\":\"\",\"publisher\":{\"@id\":\"https:\/\/rozewines.com\/#organization\"},\"potentialAction\":[{\"@type\":\"SearchAction\",\"target\":{\"@type\":\"EntryPoint\",\"urlTemplate\":\"https:\/\/rozewines.com\/?s={search_term_string}\"},\"query-input\":\"required name=search_term_string\"}],\"inLanguage\":\"de-DE\"},{\"@type\":\"Organization\",\"@id\":\"https:\/\/rozewines.com\/#organization\",\"name\":\"Roze wines\",\"url\":\"https:\/\/rozewines.com\/\",\"logo\":{\"@type\":\"ImageObject\",\"inLanguage\":\"de-DE\",\"@id\":\"https:\/\/rozewines.com\/#\/schema\/logo\/image\/\",\"url\":\"https:\/\/rozewines.com\/app\/uploads\/2024\/05\/logo.svg\",\"contentUrl\":\"https:\/\/rozewines.com\/app\/uploads\/2024\/05\/logo.svg\",\"width\":144,\"height\":68,\"caption\":\"Roze wines\"},\"image\":{\"@id\":\"https:\/\/rozewines.com\/#\/schema\/logo\/image\/\"}}]}<\/script>\n<!-- \/ Yoast SEO plugin. -->","yoast_head_json":{"title":"Barbale - Budeshuri 2020 - Roze wines","robots":{"index":"index","follow":"follow","max-snippet":"max-snippet:-1","max-image-preview":"max-image-preview:large","max-video-preview":"max-video-preview:-1"},"canonical":"https:\/\/rozewines.com\/produkt\/barbale-budeshuri-2020\/","og_locale":"de_DE","og_type":"article","og_title":"Barbale - Budeshuri 2020 - Roze wines","og_description":"Barbale \u2013 Budeshuri 2020, dieser au\u00dfergew\u00f6hnliche Jahrgang bietet ein k\u00fchnes und vollmundiges Erlebnis und offenbart Schichten komplexer Geschmacksrichtungen und Aromen. Energiegeladene S\u00e4ure und lebendige Tannine beleben den Gaumen, w\u00e4hrend der weiche und genussvolle Abgang einen bleibenden Eindruck hinterl\u00e4sst. Genie\u00dfen Sie die Aromen von reifen Erdbeeren, Preiselbeeren und schwarzen Pflaumen, akzentuiert durch die w\u00e4rmende W\u00fcrze von &hellip; Continued","og_url":"https:\/\/rozewines.com\/produkt\/barbale-budeshuri-2020\/","og_site_name":"Roze wines","article_modified_time":"2026-02-19T07:18:39+00:00","twitter_card":"summary_large_image","schema":{"@context":"https:\/\/schema.org","@graph":[{"@type":"WebPage","@id":"https:\/\/rozewines.com\/produkt\/barbale-budeshuri-2020\/","url":"https:\/\/rozewines.com\/produkt\/barbale-budeshuri-2020\/","name":"Barbale - Budeshuri 2020 - Roze wines","isPartOf":{"@id":"https:\/\/rozewines.com\/#website"},"primaryImageOfPage":{"@id":"https:\/\/rozewines.com\/produkt\/barbale-budeshuri-2020\/#primaryimage"},"image":{"@id":"https:\/\/rozewines.com\/produkt\/barbale-budeshuri-2020\/#primaryimage"},"thumbnailUrl":"https:\/\/rozewines.com\/app\/uploads\/2024\/04\/Barbale-Budeshuri-2020-1.jpg","datePublished":"2026-02-19T07:18:29+00:00","dateModified":"2026-02-19T07:18:39+00:00","breadcrumb":{"@id":"https:\/\/rozewines.com\/produkt\/barbale-budeshuri-2020\/#breadcrumb"},"inLanguage":"de-DE","potentialAction":[{"@type":"ReadAction","target":["https:\/\/rozewines.com\/produkt\/barbale-budeshuri-2020\/"]}]},{"@type":"ImageObject","inLanguage":"de-DE","@id":"https:\/\/rozewines.com\/produkt\/barbale-budeshuri-2020\/#primaryimage","url":"https:\/\/rozewines.com\/app\/uploads\/2024\/04\/Barbale-Budeshuri-2020-1.jpg","contentUrl":"https:\/\/rozewines.com\/app\/uploads\/2024\/04\/Barbale-Budeshuri-2020-1.jpg","width":2160,"height":2160},{"@type":"BreadcrumbList","@id":"https:\/\/rozewines.com\/produkt\/barbale-budeshuri-2020\/#breadcrumb","itemListElement":[{"@type":"ListItem","position":1,"name":"Home","item":"https:\/\/rozewines.com\/de\/"},{"@type":"ListItem","position":2,"name":"Unsere Weine","item":"https:\/\/rozewines.com\/de\/musu-vins\/"},{"@type":"ListItem","position":3,"name":"Barbale &#8211; Budeshuri 2020"}]},{"@type":"WebSite","@id":"https:\/\/rozewines.com\/#website","url":"https:\/\/rozewines.com\/","name":"Roze wines","description":"","publisher":{"@id":"https:\/\/rozewines.com\/#organization"},"potentialAction":[{"@type":"SearchAction","target":{"@type":"EntryPoint","urlTemplate":"https:\/\/rozewines.com\/?s={search_term_string}"},"query-input":"required name=search_term_string"}],"inLanguage":"de-DE"},{"@type":"Organization","@id":"https:\/\/rozewines.com\/#organization","name":"Roze wines","url":"https:\/\/rozewines.com\/","logo":{"@type":"ImageObject","inLanguage":"de-DE","@id":"https:\/\/rozewines.com\/#\/schema\/logo\/image\/","url":"https:\/\/rozewines.com\/app\/uploads\/2024\/05\/logo.svg","contentUrl":"https:\/\/rozewines.com\/app\/uploads\/2024\/05\/logo.svg","width":144,"height":68,"caption":"Roze wines"},"image":{"@id":"https:\/\/rozewines.com\/#\/schema\/logo\/image\/"}}]}},"_links":{"self":[{"href":"https:\/\/rozewines.com\/de\/wp-json\/wp\/v2\/product\/3199"}],"collection":[{"href":"https:\/\/rozewines.com\/de\/wp-json\/wp\/v2\/product"}],"about":[{"href":"https:\/\/rozewines.com\/de\/wp-json\/wp\/v2\/types\/product"}],"replies":[{"embeddable":true,"href":"https:\/\/rozewines.com\/de\/wp-json\/wp\/v2\/comments?post=3199"}],"wp:featuredmedia":[{"embeddable":true,"href":"https:\/\/rozewines.com\/de\/wp-json\/wp\/v2\/media\/1047"}],"wp:attachment":[{"href":"https:\/\/rozewines.com\/de\/wp-json\/wp\/v2\/media?parent=3199"}],"wp:term":[{"taxonomy":"brand","embeddable":true,"href":"https:\/\/rozewines.com\/de\/wp-json\/wp\/v2\/brand?post=3199"},{"taxonomy":"colour","embeddable":true,"href":"https:\/\/rozewines.com\/de\/wp-json\/wp\/v2\/colour?post=3199"},{"taxonomy":"flavour","embeddable":true,"href":"https:\/\/rozewines.com\/de\/wp-json\/wp\/v2\/flavour?post=3199"},{"taxonomy":"grape-variety","embeddable":true,"href":"https:\/\/rozewines.com\/de\/wp-json\/wp\/v2\/grape-variety?post=3199"},{"taxonomy":"harvest-year","embeddable":true,"href":"https:\/\/rozewines.com\/de\/wp-json\/wp\/v2\/harvest-year?post=3199"},{"taxonomy":"region","embeddable":true,"href":"https:\/\/rozewines.com\/de\/wp-json\/wp\/v2\/region?post=3199"},{"taxonomy":"size","embeddable":true,"href":"https:\/\/rozewines.com\/de\/wp-json\/wp\/v2\/size?post=3199"},{"taxonomy":"style","embeddable":true,"href":"https:\/\/rozewines.com\/de\/wp-json\/wp\/v2\/style?post=3199"},{"taxonomy":"technology","embeddable":true,"href":"https:\/\/rozewines.com\/de\/wp-json\/wp\/v2\/technology?post=3199"},{"taxonomy":"product_cat","embeddable":true,"href":"https:\/\/rozewines.com\/de\/wp-json\/wp\/v2\/product_cat?post=3199"},{"taxonomy":"product_tag","embeddable":true,"href":"https:\/\/rozewines.com\/de\/wp-json\/wp\/v2\/product_tag?post=3199"}],"curies":[{"name":"wp","href":"https:\/\/api.w.org\/{rel}","templated":true}]}}