{"id":3200,"date":"2026-02-19T07:18:29","date_gmt":"2026-02-19T07:18:29","guid":{"rendered":"https:\/\/rozewines.com\/product\/solomnishvili-1984\/"},"modified":"2024-08-14T09:04:47","modified_gmt":"2024-08-14T09:04:47","slug":"solomnishvili-1984","status":"publish","type":"product","link":"https:\/\/rozewines.com\/de\/produkt\/solomnishvili-1984\/","title":{"rendered":"Solomnishvili &#8211; 1984"},"content":{"rendered":"<p>Solomnishvili \u2013 1984, Budeshuri Saperavi Qvevri als Hommage an George Orwells literarisches Meisterwerk. Wein stellt sich wie zeitlose Themen dar, die in Orwells ikonischem Werk erkundet werden. Mit seinem runden und geschmeidigen Charakter fesselt Solomnishvili \u2013 1984 die Sinne mit seiner sanften und dennoch energischen Wirkung und l\u00e4dt Sie ein, in seine tiefe Faszination einzutauchen. Aroma von Erdbeermarmelade mit Noten von feuchten Bl\u00e4ttern, einer subtilen Rauchnote und der reichhaltigen Essenz von Tabak. Genie\u00dfen Sie den zeitlosen Charme dieses au\u00dfergew\u00f6hnlichen Jahrgangs und erleben Sie die Magie, die in jedem Glas steckt.<\/p>\n","protected":false},"excerpt":{"rendered":"<p>Solomnishvili \u2013 1984, Budeshuri Saperavi Qvevri als Hommage an George Orwells literarisches Meisterwerk. Wein stellt sich wie zeitlose Themen dar, die in Orwells ikonischem Werk erkundet werden. Mit seinem runden und geschmeidigen Charakter fesselt Solomnishvili \u2013 1984 die Sinne mit seiner sanften und dennoch energischen Wirkung und l\u00e4dt Sie ein, in seine tiefe Faszination einzutauchen. &hellip; <a href=\"https:\/\/rozewines.com\/de\/produkt\/solomnishvili-1984\/\">Continued<\/a><\/p>\n","protected":false},"featured_media":883,"comment_status":"closed","ping_status":"open","template":"","meta":{"_acf_changed":false},"brand":[1790],"colour":[1140],"flavour":[1081,1272,1088],"grape-variety":[1341],"harvest-year":[1155],"region":[1294],"size":[1598],"style":[1271],"technology":[1117],"product_cat":[1382],"product_tag":[],"ams_default_variation_id":0,"ams_product_points_reward":[],"ams_product_discount_percentage":0,"ams_price_to_display":39,"acf":[],"ams_acf":[{"key":"food_pairings","label":"Food pairings","value":"Gebratene Entenbrust, Rib-Eye-Steak"},{"key":"details","label":"Details","value":{"":null,"acidity":"3","body":"3","sweetness":"0","tannin":""}},{"key":"alcohol_percentage","label":"Alcohol percentage","value":"13%"},{"key":"zero_sulfites","label":"Zero sulfites","value":false}],"yoast_head":"<!-- This site is optimized with the Yoast SEO plugin v22.6 - https:\/\/yoast.com\/wordpress\/plugins\/seo\/ -->\n<title>Solomnishvili - 1984 - Roze wines<\/title>\n<meta name=\"robots\" content=\"index, follow, max-snippet:-1, max-image-preview:large, max-video-preview:-1\" \/>\n<link rel=\"canonical\" href=\"https:\/\/rozewines.com\/de\/produkt\/solomnishvili-1984\/\" \/>\n<meta property=\"og:locale\" content=\"de_DE\" \/>\n<meta property=\"og:type\" content=\"article\" \/>\n<meta property=\"og:title\" content=\"Solomnishvili - 1984 - Roze wines\" \/>\n<meta property=\"og:description\" content=\"Solomnishvili \u2013 1984, Budeshuri Saperavi Qvevri als Hommage an George Orwells literarisches Meisterwerk. Wein stellt sich wie zeitlose Themen dar, die in Orwells ikonischem Werk erkundet werden. Mit seinem runden und geschmeidigen Charakter fesselt Solomnishvili \u2013 1984 die Sinne mit seiner sanften und dennoch energischen Wirkung und l\u00e4dt Sie ein, in seine tiefe Faszination einzutauchen. &hellip; Continued\" \/>\n<meta property=\"og:url\" content=\"https:\/\/rozewines.com\/de\/produkt\/solomnishvili-1984\/\" \/>\n<meta property=\"og:site_name\" content=\"Roze wines\" \/>\n<meta property=\"article:modified_time\" content=\"2024-08-14T09:04:47+00:00\" \/>\n<meta property=\"og:image\" content=\"https:\/\/rozewines.com\/app\/uploads\/2024\/05\/Solomnishvili-1984-scaled.jpg\" \/>\n\t<meta property=\"og:image:width\" content=\"2560\" \/>\n\t<meta property=\"og:image:height\" content=\"2560\" \/>\n\t<meta property=\"og:image:type\" content=\"image\/jpeg\" \/>\n<meta name=\"twitter:card\" content=\"summary_large_image\" \/>\n<script type=\"application\/ld+json\" class=\"yoast-schema-graph\">{\"@context\":\"https:\/\/schema.org\",\"@graph\":[{\"@type\":\"WebPage\",\"@id\":\"https:\/\/rozewines.com\/de\/produkt\/solomnishvili-1984\/\",\"url\":\"https:\/\/rozewines.com\/de\/produkt\/solomnishvili-1984\/\",\"name\":\"Solomnishvili - 1984 - Roze wines\",\"isPartOf\":{\"@id\":\"https:\/\/rozewines.com\/#website\"},\"primaryImageOfPage\":{\"@id\":\"https:\/\/rozewines.com\/de\/produkt\/solomnishvili-1984\/#primaryimage\"},\"image\":{\"@id\":\"https:\/\/rozewines.com\/de\/produkt\/solomnishvili-1984\/#primaryimage\"},\"thumbnailUrl\":\"https:\/\/rozewines.com\/app\/uploads\/2024\/04\/Solomnishvili-1984-2018.jpg\",\"datePublished\":\"2026-02-19T07:18:29+00:00\",\"dateModified\":\"2024-08-14T09:04:47+00:00\",\"breadcrumb\":{\"@id\":\"https:\/\/rozewines.com\/de\/produkt\/solomnishvili-1984\/#breadcrumb\"},\"inLanguage\":\"de-DE\",\"potentialAction\":[{\"@type\":\"ReadAction\",\"target\":[\"https:\/\/rozewines.com\/de\/produkt\/solomnishvili-1984\/\"]}]},{\"@type\":\"ImageObject\",\"inLanguage\":\"de-DE\",\"@id\":\"https:\/\/rozewines.com\/de\/produkt\/solomnishvili-1984\/#primaryimage\",\"url\":\"https:\/\/rozewines.com\/app\/uploads\/2024\/04\/Solomnishvili-1984-2018.jpg\",\"contentUrl\":\"https:\/\/rozewines.com\/app\/uploads\/2024\/04\/Solomnishvili-1984-2018.jpg\",\"width\":2160,\"height\":2160},{\"@type\":\"BreadcrumbList\",\"@id\":\"https:\/\/rozewines.com\/de\/produkt\/solomnishvili-1984\/#breadcrumb\",\"itemListElement\":[{\"@type\":\"ListItem\",\"position\":1,\"name\":\"Home\",\"item\":\"https:\/\/rozewines.com\/de\/\"},{\"@type\":\"ListItem\",\"position\":2,\"name\":\"Unsere Weine\",\"item\":\"https:\/\/rozewines.com\/de\/musu-vins\/\"},{\"@type\":\"ListItem\",\"position\":3,\"name\":\"Solomnishvili &#8211; 1984\"}]},{\"@type\":\"WebSite\",\"@id\":\"https:\/\/rozewines.com\/#website\",\"url\":\"https:\/\/rozewines.com\/\",\"name\":\"Roze wines\",\"description\":\"\",\"publisher\":{\"@id\":\"https:\/\/rozewines.com\/#organization\"},\"potentialAction\":[{\"@type\":\"SearchAction\",\"target\":{\"@type\":\"EntryPoint\",\"urlTemplate\":\"https:\/\/rozewines.com\/?s={search_term_string}\"},\"query-input\":\"required name=search_term_string\"}],\"inLanguage\":\"de-DE\"},{\"@type\":\"Organization\",\"@id\":\"https:\/\/rozewines.com\/#organization\",\"name\":\"Roze wines\",\"url\":\"https:\/\/rozewines.com\/\",\"logo\":{\"@type\":\"ImageObject\",\"inLanguage\":\"de-DE\",\"@id\":\"https:\/\/rozewines.com\/#\/schema\/logo\/image\/\",\"url\":\"https:\/\/rozewines.com\/app\/uploads\/2024\/05\/logo.svg\",\"contentUrl\":\"https:\/\/rozewines.com\/app\/uploads\/2024\/05\/logo.svg\",\"width\":144,\"height\":68,\"caption\":\"Roze wines\"},\"image\":{\"@id\":\"https:\/\/rozewines.com\/#\/schema\/logo\/image\/\"}}]}<\/script>\n<!-- \/ Yoast SEO plugin. -->","yoast_head_json":{"title":"Solomnishvili - 1984 - Roze wines","robots":{"index":"index","follow":"follow","max-snippet":"max-snippet:-1","max-image-preview":"max-image-preview:large","max-video-preview":"max-video-preview:-1"},"canonical":"https:\/\/rozewines.com\/de\/produkt\/solomnishvili-1984\/","og_locale":"de_DE","og_type":"article","og_title":"Solomnishvili - 1984 - Roze wines","og_description":"Solomnishvili \u2013 1984, Budeshuri Saperavi Qvevri als Hommage an George Orwells literarisches Meisterwerk. Wein stellt sich wie zeitlose Themen dar, die in Orwells ikonischem Werk erkundet werden. Mit seinem runden und geschmeidigen Charakter fesselt Solomnishvili \u2013 1984 die Sinne mit seiner sanften und dennoch energischen Wirkung und l\u00e4dt Sie ein, in seine tiefe Faszination einzutauchen. &hellip; Continued","og_url":"https:\/\/rozewines.com\/de\/produkt\/solomnishvili-1984\/","og_site_name":"Roze wines","article_modified_time":"2024-08-14T09:04:47+00:00","og_image":[{"width":2560,"height":2560,"url":"https:\/\/rozewines.com\/app\/uploads\/2024\/05\/Solomnishvili-1984-scaled.jpg","type":"image\/jpeg"}],"twitter_card":"summary_large_image","schema":{"@context":"https:\/\/schema.org","@graph":[{"@type":"WebPage","@id":"https:\/\/rozewines.com\/de\/produkt\/solomnishvili-1984\/","url":"https:\/\/rozewines.com\/de\/produkt\/solomnishvili-1984\/","name":"Solomnishvili - 1984 - Roze wines","isPartOf":{"@id":"https:\/\/rozewines.com\/#website"},"primaryImageOfPage":{"@id":"https:\/\/rozewines.com\/de\/produkt\/solomnishvili-1984\/#primaryimage"},"image":{"@id":"https:\/\/rozewines.com\/de\/produkt\/solomnishvili-1984\/#primaryimage"},"thumbnailUrl":"https:\/\/rozewines.com\/app\/uploads\/2024\/04\/Solomnishvili-1984-2018.jpg","datePublished":"2026-02-19T07:18:29+00:00","dateModified":"2024-08-14T09:04:47+00:00","breadcrumb":{"@id":"https:\/\/rozewines.com\/de\/produkt\/solomnishvili-1984\/#breadcrumb"},"inLanguage":"de-DE","potentialAction":[{"@type":"ReadAction","target":["https:\/\/rozewines.com\/de\/produkt\/solomnishvili-1984\/"]}]},{"@type":"ImageObject","inLanguage":"de-DE","@id":"https:\/\/rozewines.com\/de\/produkt\/solomnishvili-1984\/#primaryimage","url":"https:\/\/rozewines.com\/app\/uploads\/2024\/04\/Solomnishvili-1984-2018.jpg","contentUrl":"https:\/\/rozewines.com\/app\/uploads\/2024\/04\/Solomnishvili-1984-2018.jpg","width":2160,"height":2160},{"@type":"BreadcrumbList","@id":"https:\/\/rozewines.com\/de\/produkt\/solomnishvili-1984\/#breadcrumb","itemListElement":[{"@type":"ListItem","position":1,"name":"Home","item":"https:\/\/rozewines.com\/de\/"},{"@type":"ListItem","position":2,"name":"Unsere Weine","item":"https:\/\/rozewines.com\/de\/musu-vins\/"},{"@type":"ListItem","position":3,"name":"Solomnishvili &#8211; 1984"}]},{"@type":"WebSite","@id":"https:\/\/rozewines.com\/#website","url":"https:\/\/rozewines.com\/","name":"Roze wines","description":"","publisher":{"@id":"https:\/\/rozewines.com\/#organization"},"potentialAction":[{"@type":"SearchAction","target":{"@type":"EntryPoint","urlTemplate":"https:\/\/rozewines.com\/?s={search_term_string}"},"query-input":"required name=search_term_string"}],"inLanguage":"de-DE"},{"@type":"Organization","@id":"https:\/\/rozewines.com\/#organization","name":"Roze wines","url":"https:\/\/rozewines.com\/","logo":{"@type":"ImageObject","inLanguage":"de-DE","@id":"https:\/\/rozewines.com\/#\/schema\/logo\/image\/","url":"https:\/\/rozewines.com\/app\/uploads\/2024\/05\/logo.svg","contentUrl":"https:\/\/rozewines.com\/app\/uploads\/2024\/05\/logo.svg","width":144,"height":68,"caption":"Roze wines"},"image":{"@id":"https:\/\/rozewines.com\/#\/schema\/logo\/image\/"}}]}},"_links":{"self":[{"href":"https:\/\/rozewines.com\/de\/wp-json\/wp\/v2\/product\/3200"}],"collection":[{"href":"https:\/\/rozewines.com\/de\/wp-json\/wp\/v2\/product"}],"about":[{"href":"https:\/\/rozewines.com\/de\/wp-json\/wp\/v2\/types\/product"}],"replies":[{"embeddable":true,"href":"https:\/\/rozewines.com\/de\/wp-json\/wp\/v2\/comments?post=3200"}],"wp:featuredmedia":[{"embeddable":true,"href":"https:\/\/rozewines.com\/de\/wp-json\/wp\/v2\/media\/883"}],"wp:attachment":[{"href":"https:\/\/rozewines.com\/de\/wp-json\/wp\/v2\/media?parent=3200"}],"wp:term":[{"taxonomy":"brand","embeddable":true,"href":"https:\/\/rozewines.com\/de\/wp-json\/wp\/v2\/brand?post=3200"},{"taxonomy":"colour","embeddable":true,"href":"https:\/\/rozewines.com\/de\/wp-json\/wp\/v2\/colour?post=3200"},{"taxonomy":"flavour","embeddable":true,"href":"https:\/\/rozewines.com\/de\/wp-json\/wp\/v2\/flavour?post=3200"},{"taxonomy":"grape-variety","embeddable":true,"href":"https:\/\/rozewines.com\/de\/wp-json\/wp\/v2\/grape-variety?post=3200"},{"taxonomy":"harvest-year","embeddable":true,"href":"https:\/\/rozewines.com\/de\/wp-json\/wp\/v2\/harvest-year?post=3200"},{"taxonomy":"region","embeddable":true,"href":"https:\/\/rozewines.com\/de\/wp-json\/wp\/v2\/region?post=3200"},{"taxonomy":"size","embeddable":true,"href":"https:\/\/rozewines.com\/de\/wp-json\/wp\/v2\/size?post=3200"},{"taxonomy":"style","embeddable":true,"href":"https:\/\/rozewines.com\/de\/wp-json\/wp\/v2\/style?post=3200"},{"taxonomy":"technology","embeddable":true,"href":"https:\/\/rozewines.com\/de\/wp-json\/wp\/v2\/technology?post=3200"},{"taxonomy":"product_cat","embeddable":true,"href":"https:\/\/rozewines.com\/de\/wp-json\/wp\/v2\/product_cat?post=3200"},{"taxonomy":"product_tag","embeddable":true,"href":"https:\/\/rozewines.com\/de\/wp-json\/wp\/v2\/product_tag?post=3200"}],"curies":[{"name":"wp","href":"https:\/\/api.w.org\/{rel}","templated":true}]}}