{"id":3201,"date":"2026-02-19T07:23:59","date_gmt":"2026-02-19T07:23:59","guid":{"rendered":"https:\/\/rozewines.com\/product\/zangaura-budeshurisebri-saperavi-2019\/"},"modified":"2025-10-20T13:24:04","modified_gmt":"2025-10-20T13:24:04","slug":"zangaura-budeshurisebri-saperavi-2019","status":"publish","type":"product","link":"https:\/\/rozewines.com\/de\/produkt\/zangaura-budeshurisebri-saperavi-2019\/","title":{"rendered":"Zangaura &#8211; Budeshurisebri Saperavi 2022"},"content":{"rendered":"<p>Tauchen Sie ein in die Opulenz von Zangaura \u2013 Budeshurisebri Saperavi 2019, einem halbs\u00fc\u00dfen Meisterwerk, das Eleganz und Raffinesse verk\u00f6rpert. Mit seinem reichen und dunklen Profil enth\u00fcllt dieser fesselnde Jahrgang Aromen von samtiger Pflaumenmarmelade, gekochten Brombeeren, subtilen Ankl\u00e4ngen von Keksen und der verf\u00fchrerischen S\u00fc\u00dfe von Feigenmarmelade. Jeder Schluck ist eine luxuri\u00f6se Geschmacksreise mit gro\u00dfer Wirkung, die mit jedem Glas Genuss und Raffinesse verspricht.<\/p>\n","protected":false},"excerpt":{"rendered":"<p>Tauchen Sie ein in die Opulenz von Zangaura \u2013 Budeshurisebri Saperavi 2019, einem halbs\u00fc\u00dfen Meisterwerk, das Eleganz und Raffinesse verk\u00f6rpert. Mit seinem reichen und dunklen Profil enth\u00fcllt dieser fesselnde Jahrgang Aromen von samtiger Pflaumenmarmelade, gekochten Brombeeren, subtilen Ankl\u00e4ngen von Keksen und der verf\u00fchrerischen S\u00fc\u00dfe von Feigenmarmelade. Jeder Schluck ist eine luxuri\u00f6se Geschmacksreise mit gro\u00dfer Wirkung, &hellip; <a href=\"https:\/\/rozewines.com\/de\/produkt\/zangaura-budeshurisebri-saperavi-2019\/\">Continued<\/a><\/p>\n","protected":false},"featured_media":1003,"comment_status":"closed","ping_status":"open","template":"","meta":{"_acf_changed":false},"brand":[1791],"colour":[1140],"flavour":[1017,997,1066],"grape-variety":[1341],"harvest-year":[1151],"region":[1294],"size":[1598],"style":[1270],"technology":[1116],"product_cat":[1382],"product_tag":[],"ams_default_variation_id":0,"ams_product_points_reward":[],"ams_product_discount_percentage":0,"ams_price_to_display":24.2,"acf":[],"ams_acf":[{"key":"food_pairings","label":"Food pairings","value":"Dunkler Schokoladenfondant, Pflaumenkuchen mit Vanilleeis"},{"key":"details","label":"Details","value":{"":null,"acidity":"2","body":"2","sweetness":"4","tannin":""}},{"key":"alcohol_percentage","label":"Alcohol percentage","value":"11,5%"},{"key":"zero_sulfites","label":"Zero sulfites","value":false}],"yoast_head":"<!-- This site is optimized with the Yoast SEO plugin v22.6 - https:\/\/yoast.com\/wordpress\/plugins\/seo\/ -->\n<title>Zangaura - Budeshurisebri Saperavi 2022 - Roze wines<\/title>\n<meta name=\"robots\" content=\"index, follow, max-snippet:-1, max-image-preview:large, max-video-preview:-1\" \/>\n<link rel=\"canonical\" href=\"https:\/\/rozewines.com\/produkt\/zangaura-budeshurisebri-saperavi-2019\/\" \/>\n<meta property=\"og:locale\" content=\"de_DE\" \/>\n<meta property=\"og:type\" content=\"article\" \/>\n<meta property=\"og:title\" content=\"Zangaura - Budeshurisebri Saperavi 2022 - Roze wines\" \/>\n<meta property=\"og:description\" content=\"Tauchen Sie ein in die Opulenz von Zangaura \u2013 Budeshurisebri Saperavi 2019, einem halbs\u00fc\u00dfen Meisterwerk, das Eleganz und Raffinesse verk\u00f6rpert. Mit seinem reichen und dunklen Profil enth\u00fcllt dieser fesselnde Jahrgang Aromen von samtiger Pflaumenmarmelade, gekochten Brombeeren, subtilen Ankl\u00e4ngen von Keksen und der verf\u00fchrerischen S\u00fc\u00dfe von Feigenmarmelade. Jeder Schluck ist eine luxuri\u00f6se Geschmacksreise mit gro\u00dfer Wirkung, &hellip; Continued\" \/>\n<meta property=\"og:url\" content=\"https:\/\/rozewines.com\/produkt\/zangaura-budeshurisebri-saperavi-2019\/\" \/>\n<meta property=\"og:site_name\" content=\"Roze wines\" \/>\n<meta property=\"article:modified_time\" content=\"2025-10-20T13:24:04+00:00\" \/>\n<meta property=\"og:image\" content=\"https:\/\/rozewines.com\/app\/uploads\/2024\/04\/Zangaura-Budeshurisebri-Saperavi-2019.jpg\" \/>\n\t<meta property=\"og:image:width\" content=\"2160\" \/>\n\t<meta property=\"og:image:height\" content=\"2160\" \/>\n\t<meta property=\"og:image:type\" content=\"image\/jpeg\" \/>\n<meta name=\"twitter:card\" content=\"summary_large_image\" \/>\n<meta name=\"twitter:label1\" content=\"Est. reading time\" \/>\n\t<meta name=\"twitter:data1\" content=\"1 minute\" \/>\n<script type=\"application\/ld+json\" class=\"yoast-schema-graph\">{\"@context\":\"https:\/\/schema.org\",\"@graph\":[{\"@type\":\"WebPage\",\"@id\":\"https:\/\/rozewines.com\/produkt\/zangaura-budeshurisebri-saperavi-2019\/\",\"url\":\"https:\/\/rozewines.com\/produkt\/zangaura-budeshurisebri-saperavi-2019\/\",\"name\":\"Zangaura - Budeshurisebri Saperavi 2022 - Roze wines\",\"isPartOf\":{\"@id\":\"https:\/\/rozewines.com\/#website\"},\"primaryImageOfPage\":{\"@id\":\"https:\/\/rozewines.com\/produkt\/zangaura-budeshurisebri-saperavi-2019\/#primaryimage\"},\"image\":{\"@id\":\"https:\/\/rozewines.com\/produkt\/zangaura-budeshurisebri-saperavi-2019\/#primaryimage\"},\"thumbnailUrl\":\"https:\/\/rozewines.com\/app\/uploads\/2024\/04\/Zangaura-Budeshurisebri-Saperavi-2019.jpg\",\"datePublished\":\"2026-02-19T07:23:59+00:00\",\"dateModified\":\"2025-10-20T13:24:04+00:00\",\"breadcrumb\":{\"@id\":\"https:\/\/rozewines.com\/produkt\/zangaura-budeshurisebri-saperavi-2019\/#breadcrumb\"},\"inLanguage\":\"de-DE\",\"potentialAction\":[{\"@type\":\"ReadAction\",\"target\":[\"https:\/\/rozewines.com\/produkt\/zangaura-budeshurisebri-saperavi-2019\/\"]}]},{\"@type\":\"ImageObject\",\"inLanguage\":\"de-DE\",\"@id\":\"https:\/\/rozewines.com\/produkt\/zangaura-budeshurisebri-saperavi-2019\/#primaryimage\",\"url\":\"https:\/\/rozewines.com\/app\/uploads\/2024\/04\/Zangaura-Budeshurisebri-Saperavi-2019.jpg\",\"contentUrl\":\"https:\/\/rozewines.com\/app\/uploads\/2024\/04\/Zangaura-Budeshurisebri-Saperavi-2019.jpg\",\"width\":2160,\"height\":2160},{\"@type\":\"BreadcrumbList\",\"@id\":\"https:\/\/rozewines.com\/produkt\/zangaura-budeshurisebri-saperavi-2019\/#breadcrumb\",\"itemListElement\":[{\"@type\":\"ListItem\",\"position\":1,\"name\":\"Home\",\"item\":\"https:\/\/rozewines.com\/de\/\"},{\"@type\":\"ListItem\",\"position\":2,\"name\":\"Unsere Weine\",\"item\":\"https:\/\/rozewines.com\/de\/musu-vins\/\"},{\"@type\":\"ListItem\",\"position\":3,\"name\":\"Zangaura &#8211; Budeshurisebri Saperavi 2022\"}]},{\"@type\":\"WebSite\",\"@id\":\"https:\/\/rozewines.com\/#website\",\"url\":\"https:\/\/rozewines.com\/\",\"name\":\"Roze wines\",\"description\":\"\",\"publisher\":{\"@id\":\"https:\/\/rozewines.com\/#organization\"},\"potentialAction\":[{\"@type\":\"SearchAction\",\"target\":{\"@type\":\"EntryPoint\",\"urlTemplate\":\"https:\/\/rozewines.com\/?s={search_term_string}\"},\"query-input\":\"required name=search_term_string\"}],\"inLanguage\":\"de-DE\"},{\"@type\":\"Organization\",\"@id\":\"https:\/\/rozewines.com\/#organization\",\"name\":\"Roze wines\",\"url\":\"https:\/\/rozewines.com\/\",\"logo\":{\"@type\":\"ImageObject\",\"inLanguage\":\"de-DE\",\"@id\":\"https:\/\/rozewines.com\/#\/schema\/logo\/image\/\",\"url\":\"https:\/\/rozewines.com\/app\/uploads\/2024\/05\/logo.svg\",\"contentUrl\":\"https:\/\/rozewines.com\/app\/uploads\/2024\/05\/logo.svg\",\"width\":144,\"height\":68,\"caption\":\"Roze wines\"},\"image\":{\"@id\":\"https:\/\/rozewines.com\/#\/schema\/logo\/image\/\"}}]}<\/script>\n<!-- \/ Yoast SEO plugin. -->","yoast_head_json":{"title":"Zangaura - Budeshurisebri Saperavi 2022 - Roze wines","robots":{"index":"index","follow":"follow","max-snippet":"max-snippet:-1","max-image-preview":"max-image-preview:large","max-video-preview":"max-video-preview:-1"},"canonical":"https:\/\/rozewines.com\/produkt\/zangaura-budeshurisebri-saperavi-2019\/","og_locale":"de_DE","og_type":"article","og_title":"Zangaura - Budeshurisebri Saperavi 2022 - Roze wines","og_description":"Tauchen Sie ein in die Opulenz von Zangaura \u2013 Budeshurisebri Saperavi 2019, einem halbs\u00fc\u00dfen Meisterwerk, das Eleganz und Raffinesse verk\u00f6rpert. Mit seinem reichen und dunklen Profil enth\u00fcllt dieser fesselnde Jahrgang Aromen von samtiger Pflaumenmarmelade, gekochten Brombeeren, subtilen Ankl\u00e4ngen von Keksen und der verf\u00fchrerischen S\u00fc\u00dfe von Feigenmarmelade. Jeder Schluck ist eine luxuri\u00f6se Geschmacksreise mit gro\u00dfer Wirkung, &hellip; Continued","og_url":"https:\/\/rozewines.com\/produkt\/zangaura-budeshurisebri-saperavi-2019\/","og_site_name":"Roze wines","article_modified_time":"2025-10-20T13:24:04+00:00","og_image":[{"width":2160,"height":2160,"url":"https:\/\/rozewines.com\/app\/uploads\/2024\/04\/Zangaura-Budeshurisebri-Saperavi-2019.jpg","type":"image\/jpeg"}],"twitter_card":"summary_large_image","twitter_misc":{"Est. reading time":"1 minute"},"schema":{"@context":"https:\/\/schema.org","@graph":[{"@type":"WebPage","@id":"https:\/\/rozewines.com\/produkt\/zangaura-budeshurisebri-saperavi-2019\/","url":"https:\/\/rozewines.com\/produkt\/zangaura-budeshurisebri-saperavi-2019\/","name":"Zangaura - Budeshurisebri Saperavi 2022 - Roze wines","isPartOf":{"@id":"https:\/\/rozewines.com\/#website"},"primaryImageOfPage":{"@id":"https:\/\/rozewines.com\/produkt\/zangaura-budeshurisebri-saperavi-2019\/#primaryimage"},"image":{"@id":"https:\/\/rozewines.com\/produkt\/zangaura-budeshurisebri-saperavi-2019\/#primaryimage"},"thumbnailUrl":"https:\/\/rozewines.com\/app\/uploads\/2024\/04\/Zangaura-Budeshurisebri-Saperavi-2019.jpg","datePublished":"2026-02-19T07:23:59+00:00","dateModified":"2025-10-20T13:24:04+00:00","breadcrumb":{"@id":"https:\/\/rozewines.com\/produkt\/zangaura-budeshurisebri-saperavi-2019\/#breadcrumb"},"inLanguage":"de-DE","potentialAction":[{"@type":"ReadAction","target":["https:\/\/rozewines.com\/produkt\/zangaura-budeshurisebri-saperavi-2019\/"]}]},{"@type":"ImageObject","inLanguage":"de-DE","@id":"https:\/\/rozewines.com\/produkt\/zangaura-budeshurisebri-saperavi-2019\/#primaryimage","url":"https:\/\/rozewines.com\/app\/uploads\/2024\/04\/Zangaura-Budeshurisebri-Saperavi-2019.jpg","contentUrl":"https:\/\/rozewines.com\/app\/uploads\/2024\/04\/Zangaura-Budeshurisebri-Saperavi-2019.jpg","width":2160,"height":2160},{"@type":"BreadcrumbList","@id":"https:\/\/rozewines.com\/produkt\/zangaura-budeshurisebri-saperavi-2019\/#breadcrumb","itemListElement":[{"@type":"ListItem","position":1,"name":"Home","item":"https:\/\/rozewines.com\/de\/"},{"@type":"ListItem","position":2,"name":"Unsere Weine","item":"https:\/\/rozewines.com\/de\/musu-vins\/"},{"@type":"ListItem","position":3,"name":"Zangaura &#8211; Budeshurisebri Saperavi 2022"}]},{"@type":"WebSite","@id":"https:\/\/rozewines.com\/#website","url":"https:\/\/rozewines.com\/","name":"Roze wines","description":"","publisher":{"@id":"https:\/\/rozewines.com\/#organization"},"potentialAction":[{"@type":"SearchAction","target":{"@type":"EntryPoint","urlTemplate":"https:\/\/rozewines.com\/?s={search_term_string}"},"query-input":"required name=search_term_string"}],"inLanguage":"de-DE"},{"@type":"Organization","@id":"https:\/\/rozewines.com\/#organization","name":"Roze wines","url":"https:\/\/rozewines.com\/","logo":{"@type":"ImageObject","inLanguage":"de-DE","@id":"https:\/\/rozewines.com\/#\/schema\/logo\/image\/","url":"https:\/\/rozewines.com\/app\/uploads\/2024\/05\/logo.svg","contentUrl":"https:\/\/rozewines.com\/app\/uploads\/2024\/05\/logo.svg","width":144,"height":68,"caption":"Roze wines"},"image":{"@id":"https:\/\/rozewines.com\/#\/schema\/logo\/image\/"}}]}},"_links":{"self":[{"href":"https:\/\/rozewines.com\/de\/wp-json\/wp\/v2\/product\/3201"}],"collection":[{"href":"https:\/\/rozewines.com\/de\/wp-json\/wp\/v2\/product"}],"about":[{"href":"https:\/\/rozewines.com\/de\/wp-json\/wp\/v2\/types\/product"}],"replies":[{"embeddable":true,"href":"https:\/\/rozewines.com\/de\/wp-json\/wp\/v2\/comments?post=3201"}],"wp:featuredmedia":[{"embeddable":true,"href":"https:\/\/rozewines.com\/de\/wp-json\/wp\/v2\/media\/1003"}],"wp:attachment":[{"href":"https:\/\/rozewines.com\/de\/wp-json\/wp\/v2\/media?parent=3201"}],"wp:term":[{"taxonomy":"brand","embeddable":true,"href":"https:\/\/rozewines.com\/de\/wp-json\/wp\/v2\/brand?post=3201"},{"taxonomy":"colour","embeddable":true,"href":"https:\/\/rozewines.com\/de\/wp-json\/wp\/v2\/colour?post=3201"},{"taxonomy":"flavour","embeddable":true,"href":"https:\/\/rozewines.com\/de\/wp-json\/wp\/v2\/flavour?post=3201"},{"taxonomy":"grape-variety","embeddable":true,"href":"https:\/\/rozewines.com\/de\/wp-json\/wp\/v2\/grape-variety?post=3201"},{"taxonomy":"harvest-year","embeddable":true,"href":"https:\/\/rozewines.com\/de\/wp-json\/wp\/v2\/harvest-year?post=3201"},{"taxonomy":"region","embeddable":true,"href":"https:\/\/rozewines.com\/de\/wp-json\/wp\/v2\/region?post=3201"},{"taxonomy":"size","embeddable":true,"href":"https:\/\/rozewines.com\/de\/wp-json\/wp\/v2\/size?post=3201"},{"taxonomy":"style","embeddable":true,"href":"https:\/\/rozewines.com\/de\/wp-json\/wp\/v2\/style?post=3201"},{"taxonomy":"technology","embeddable":true,"href":"https:\/\/rozewines.com\/de\/wp-json\/wp\/v2\/technology?post=3201"},{"taxonomy":"product_cat","embeddable":true,"href":"https:\/\/rozewines.com\/de\/wp-json\/wp\/v2\/product_cat?post=3201"},{"taxonomy":"product_tag","embeddable":true,"href":"https:\/\/rozewines.com\/de\/wp-json\/wp\/v2\/product_tag?post=3201"}],"curies":[{"name":"wp","href":"https:\/\/api.w.org\/{rel}","templated":true}]}}