{"id":3202,"date":"2026-02-19T07:18:29","date_gmt":"2026-02-19T07:18:29","guid":{"rendered":"https:\/\/rozewines.com\/product\/chalabriani-buera-cuvee-2022\/"},"modified":"2024-08-14T09:04:47","modified_gmt":"2024-08-14T09:04:47","slug":"chalabriani-buera-cuvee-2022","status":"publish","type":"product","link":"https:\/\/rozewines.com\/de\/produkt\/chalabriani-buera-cuvee-2022\/","title":{"rendered":"Chalabriani &#8211; Buera Cuvee 2022"},"content":{"rendered":"<p>Chalabriani \u2013 Buera Cuvee 2022, ein seltenes Juwel, hergestellt aus einheimischen Trauben der Region Kachetien in Georgien. Dieser Wein zeichnet sich durch einen delikaten und weichen Charakter aus und bietet ein weiches und samtiges Mundgef\u00fchl, das in einem sanften Abgang gipfelt. Tauchen Sie ein in die faszinierenden D\u00fcfte von Birne, frischen gr\u00fcnen Bl\u00e4ttern, duftenden Bl\u00fcten und dezenter Akazie. Mit seinem einzigartigen Profil und seiner raffinierten Eleganz k\u00f6nnen Sie Weine genie\u00dfen, die aus der seltensten Rebsorte hergestellt wurden.<\/p>\n","protected":false},"excerpt":{"rendered":"<p>Chalabriani \u2013 Buera Cuvee 2022, ein seltenes Juwel, hergestellt aus einheimischen Trauben der Region Kachetien in Georgien. Dieser Wein zeichnet sich durch einen delikaten und weichen Charakter aus und bietet ein weiches und samtiges Mundgef\u00fchl, das in einem sanften Abgang gipfelt. Tauchen Sie ein in die faszinierenden D\u00fcfte von Birne, frischen gr\u00fcnen Bl\u00e4ttern, duftenden Bl\u00fcten &hellip; <a href=\"https:\/\/rozewines.com\/de\/produkt\/chalabriani-buera-cuvee-2022\/\">Continued<\/a><\/p>\n","protected":false},"featured_media":551,"comment_status":"closed","ping_status":"open","template":"","meta":{"_acf_changed":false},"brand":[1792],"colour":[1143],"flavour":[1063,1005,1036],"grape-variety":[1342],"harvest-year":[1158],"region":[1294],"size":[1598],"style":[1271],"technology":[1118],"product_cat":[1382],"product_tag":[],"ams_default_variation_id":0,"ams_product_points_reward":[],"ams_product_discount_percentage":0,"ams_price_to_display":18.6,"acf":[],"ams_acf":[{"key":"food_pairings","label":"Food pairings","value":"Sulguni-K\u00e4se, gebackener Treska"},{"key":"details","label":"Details","value":{"":null,"acidity":"3","body":"2","sweetness":"0","tannin":""}},{"key":"alcohol_percentage","label":"Alcohol percentage","value":"11,7%"},{"key":"zero_sulfites","label":"Zero sulfites","value":false}],"yoast_head":"<!-- This site is optimized with the Yoast SEO plugin v22.6 - https:\/\/yoast.com\/wordpress\/plugins\/seo\/ -->\n<title>Chalabriani - Buera Cuvee 2022 - Roze wines<\/title>\n<meta name=\"robots\" content=\"index, follow, max-snippet:-1, max-image-preview:large, max-video-preview:-1\" \/>\n<link rel=\"canonical\" href=\"https:\/\/rozewines.com\/de\/produkt\/chalabriani-buera-cuvee-2022\/\" \/>\n<meta property=\"og:locale\" content=\"de_DE\" \/>\n<meta property=\"og:type\" content=\"article\" \/>\n<meta property=\"og:title\" content=\"Chalabriani - Buera Cuvee 2022 - Roze wines\" \/>\n<meta property=\"og:description\" content=\"Chalabriani \u2013 Buera Cuvee 2022, ein seltenes Juwel, hergestellt aus einheimischen Trauben der Region Kachetien in Georgien. Dieser Wein zeichnet sich durch einen delikaten und weichen Charakter aus und bietet ein weiches und samtiges Mundgef\u00fchl, das in einem sanften Abgang gipfelt. Tauchen Sie ein in die faszinierenden D\u00fcfte von Birne, frischen gr\u00fcnen Bl\u00e4ttern, duftenden Bl\u00fcten &hellip; Continued\" \/>\n<meta property=\"og:url\" content=\"https:\/\/rozewines.com\/de\/produkt\/chalabriani-buera-cuvee-2022\/\" \/>\n<meta property=\"og:site_name\" content=\"Roze wines\" \/>\n<meta property=\"article:modified_time\" content=\"2024-08-14T09:04:47+00:00\" \/>\n<meta property=\"og:image\" content=\"https:\/\/rozewines.com\/app\/uploads\/2024\/05\/Chalabriani-Buera-Cuvee-2022-scaled.jpg\" \/>\n\t<meta property=\"og:image:width\" content=\"2560\" \/>\n\t<meta property=\"og:image:height\" content=\"2560\" \/>\n\t<meta property=\"og:image:type\" content=\"image\/jpeg\" \/>\n<meta name=\"twitter:card\" content=\"summary_large_image\" \/>\n<script type=\"application\/ld+json\" class=\"yoast-schema-graph\">{\"@context\":\"https:\/\/schema.org\",\"@graph\":[{\"@type\":\"WebPage\",\"@id\":\"https:\/\/rozewines.com\/de\/produkt\/chalabriani-buera-cuvee-2022\/\",\"url\":\"https:\/\/rozewines.com\/de\/produkt\/chalabriani-buera-cuvee-2022\/\",\"name\":\"Chalabriani - Buera Cuvee 2022 - Roze wines\",\"isPartOf\":{\"@id\":\"https:\/\/rozewines.com\/#website\"},\"primaryImageOfPage\":{\"@id\":\"https:\/\/rozewines.com\/de\/produkt\/chalabriani-buera-cuvee-2022\/#primaryimage\"},\"image\":{\"@id\":\"https:\/\/rozewines.com\/de\/produkt\/chalabriani-buera-cuvee-2022\/#primaryimage\"},\"thumbnailUrl\":\"https:\/\/rozewines.com\/app\/uploads\/2024\/04\/Chalabriani-Buera-Cuvee-2022-1.jpg\",\"datePublished\":\"2026-02-19T07:18:29+00:00\",\"dateModified\":\"2024-08-14T09:04:47+00:00\",\"breadcrumb\":{\"@id\":\"https:\/\/rozewines.com\/de\/produkt\/chalabriani-buera-cuvee-2022\/#breadcrumb\"},\"inLanguage\":\"de-DE\",\"potentialAction\":[{\"@type\":\"ReadAction\",\"target\":[\"https:\/\/rozewines.com\/de\/produkt\/chalabriani-buera-cuvee-2022\/\"]}]},{\"@type\":\"ImageObject\",\"inLanguage\":\"de-DE\",\"@id\":\"https:\/\/rozewines.com\/de\/produkt\/chalabriani-buera-cuvee-2022\/#primaryimage\",\"url\":\"https:\/\/rozewines.com\/app\/uploads\/2024\/04\/Chalabriani-Buera-Cuvee-2022-1.jpg\",\"contentUrl\":\"https:\/\/rozewines.com\/app\/uploads\/2024\/04\/Chalabriani-Buera-Cuvee-2022-1.jpg\",\"width\":2160,\"height\":2160},{\"@type\":\"BreadcrumbList\",\"@id\":\"https:\/\/rozewines.com\/de\/produkt\/chalabriani-buera-cuvee-2022\/#breadcrumb\",\"itemListElement\":[{\"@type\":\"ListItem\",\"position\":1,\"name\":\"Home\",\"item\":\"https:\/\/rozewines.com\/de\/\"},{\"@type\":\"ListItem\",\"position\":2,\"name\":\"Unsere Weine\",\"item\":\"https:\/\/rozewines.com\/de\/musu-vins\/\"},{\"@type\":\"ListItem\",\"position\":3,\"name\":\"Chalabriani &#8211; Buera Cuvee 2022\"}]},{\"@type\":\"WebSite\",\"@id\":\"https:\/\/rozewines.com\/#website\",\"url\":\"https:\/\/rozewines.com\/\",\"name\":\"Roze wines\",\"description\":\"\",\"publisher\":{\"@id\":\"https:\/\/rozewines.com\/#organization\"},\"potentialAction\":[{\"@type\":\"SearchAction\",\"target\":{\"@type\":\"EntryPoint\",\"urlTemplate\":\"https:\/\/rozewines.com\/?s={search_term_string}\"},\"query-input\":\"required name=search_term_string\"}],\"inLanguage\":\"de-DE\"},{\"@type\":\"Organization\",\"@id\":\"https:\/\/rozewines.com\/#organization\",\"name\":\"Roze wines\",\"url\":\"https:\/\/rozewines.com\/\",\"logo\":{\"@type\":\"ImageObject\",\"inLanguage\":\"de-DE\",\"@id\":\"https:\/\/rozewines.com\/#\/schema\/logo\/image\/\",\"url\":\"https:\/\/rozewines.com\/app\/uploads\/2024\/05\/logo.svg\",\"contentUrl\":\"https:\/\/rozewines.com\/app\/uploads\/2024\/05\/logo.svg\",\"width\":144,\"height\":68,\"caption\":\"Roze wines\"},\"image\":{\"@id\":\"https:\/\/rozewines.com\/#\/schema\/logo\/image\/\"}}]}<\/script>\n<!-- \/ Yoast SEO plugin. -->","yoast_head_json":{"title":"Chalabriani - Buera Cuvee 2022 - Roze wines","robots":{"index":"index","follow":"follow","max-snippet":"max-snippet:-1","max-image-preview":"max-image-preview:large","max-video-preview":"max-video-preview:-1"},"canonical":"https:\/\/rozewines.com\/de\/produkt\/chalabriani-buera-cuvee-2022\/","og_locale":"de_DE","og_type":"article","og_title":"Chalabriani - Buera Cuvee 2022 - Roze wines","og_description":"Chalabriani \u2013 Buera Cuvee 2022, ein seltenes Juwel, hergestellt aus einheimischen Trauben der Region Kachetien in Georgien. Dieser Wein zeichnet sich durch einen delikaten und weichen Charakter aus und bietet ein weiches und samtiges Mundgef\u00fchl, das in einem sanften Abgang gipfelt. Tauchen Sie ein in die faszinierenden D\u00fcfte von Birne, frischen gr\u00fcnen Bl\u00e4ttern, duftenden Bl\u00fcten &hellip; Continued","og_url":"https:\/\/rozewines.com\/de\/produkt\/chalabriani-buera-cuvee-2022\/","og_site_name":"Roze wines","article_modified_time":"2024-08-14T09:04:47+00:00","og_image":[{"width":2560,"height":2560,"url":"https:\/\/rozewines.com\/app\/uploads\/2024\/05\/Chalabriani-Buera-Cuvee-2022-scaled.jpg","type":"image\/jpeg"}],"twitter_card":"summary_large_image","schema":{"@context":"https:\/\/schema.org","@graph":[{"@type":"WebPage","@id":"https:\/\/rozewines.com\/de\/produkt\/chalabriani-buera-cuvee-2022\/","url":"https:\/\/rozewines.com\/de\/produkt\/chalabriani-buera-cuvee-2022\/","name":"Chalabriani - Buera Cuvee 2022 - Roze wines","isPartOf":{"@id":"https:\/\/rozewines.com\/#website"},"primaryImageOfPage":{"@id":"https:\/\/rozewines.com\/de\/produkt\/chalabriani-buera-cuvee-2022\/#primaryimage"},"image":{"@id":"https:\/\/rozewines.com\/de\/produkt\/chalabriani-buera-cuvee-2022\/#primaryimage"},"thumbnailUrl":"https:\/\/rozewines.com\/app\/uploads\/2024\/04\/Chalabriani-Buera-Cuvee-2022-1.jpg","datePublished":"2026-02-19T07:18:29+00:00","dateModified":"2024-08-14T09:04:47+00:00","breadcrumb":{"@id":"https:\/\/rozewines.com\/de\/produkt\/chalabriani-buera-cuvee-2022\/#breadcrumb"},"inLanguage":"de-DE","potentialAction":[{"@type":"ReadAction","target":["https:\/\/rozewines.com\/de\/produkt\/chalabriani-buera-cuvee-2022\/"]}]},{"@type":"ImageObject","inLanguage":"de-DE","@id":"https:\/\/rozewines.com\/de\/produkt\/chalabriani-buera-cuvee-2022\/#primaryimage","url":"https:\/\/rozewines.com\/app\/uploads\/2024\/04\/Chalabriani-Buera-Cuvee-2022-1.jpg","contentUrl":"https:\/\/rozewines.com\/app\/uploads\/2024\/04\/Chalabriani-Buera-Cuvee-2022-1.jpg","width":2160,"height":2160},{"@type":"BreadcrumbList","@id":"https:\/\/rozewines.com\/de\/produkt\/chalabriani-buera-cuvee-2022\/#breadcrumb","itemListElement":[{"@type":"ListItem","position":1,"name":"Home","item":"https:\/\/rozewines.com\/de\/"},{"@type":"ListItem","position":2,"name":"Unsere Weine","item":"https:\/\/rozewines.com\/de\/musu-vins\/"},{"@type":"ListItem","position":3,"name":"Chalabriani &#8211; Buera Cuvee 2022"}]},{"@type":"WebSite","@id":"https:\/\/rozewines.com\/#website","url":"https:\/\/rozewines.com\/","name":"Roze wines","description":"","publisher":{"@id":"https:\/\/rozewines.com\/#organization"},"potentialAction":[{"@type":"SearchAction","target":{"@type":"EntryPoint","urlTemplate":"https:\/\/rozewines.com\/?s={search_term_string}"},"query-input":"required name=search_term_string"}],"inLanguage":"de-DE"},{"@type":"Organization","@id":"https:\/\/rozewines.com\/#organization","name":"Roze wines","url":"https:\/\/rozewines.com\/","logo":{"@type":"ImageObject","inLanguage":"de-DE","@id":"https:\/\/rozewines.com\/#\/schema\/logo\/image\/","url":"https:\/\/rozewines.com\/app\/uploads\/2024\/05\/logo.svg","contentUrl":"https:\/\/rozewines.com\/app\/uploads\/2024\/05\/logo.svg","width":144,"height":68,"caption":"Roze wines"},"image":{"@id":"https:\/\/rozewines.com\/#\/schema\/logo\/image\/"}}]}},"_links":{"self":[{"href":"https:\/\/rozewines.com\/de\/wp-json\/wp\/v2\/product\/3202"}],"collection":[{"href":"https:\/\/rozewines.com\/de\/wp-json\/wp\/v2\/product"}],"about":[{"href":"https:\/\/rozewines.com\/de\/wp-json\/wp\/v2\/types\/product"}],"replies":[{"embeddable":true,"href":"https:\/\/rozewines.com\/de\/wp-json\/wp\/v2\/comments?post=3202"}],"wp:featuredmedia":[{"embeddable":true,"href":"https:\/\/rozewines.com\/de\/wp-json\/wp\/v2\/media\/551"}],"wp:attachment":[{"href":"https:\/\/rozewines.com\/de\/wp-json\/wp\/v2\/media?parent=3202"}],"wp:term":[{"taxonomy":"brand","embeddable":true,"href":"https:\/\/rozewines.com\/de\/wp-json\/wp\/v2\/brand?post=3202"},{"taxonomy":"colour","embeddable":true,"href":"https:\/\/rozewines.com\/de\/wp-json\/wp\/v2\/colour?post=3202"},{"taxonomy":"flavour","embeddable":true,"href":"https:\/\/rozewines.com\/de\/wp-json\/wp\/v2\/flavour?post=3202"},{"taxonomy":"grape-variety","embeddable":true,"href":"https:\/\/rozewines.com\/de\/wp-json\/wp\/v2\/grape-variety?post=3202"},{"taxonomy":"harvest-year","embeddable":true,"href":"https:\/\/rozewines.com\/de\/wp-json\/wp\/v2\/harvest-year?post=3202"},{"taxonomy":"region","embeddable":true,"href":"https:\/\/rozewines.com\/de\/wp-json\/wp\/v2\/region?post=3202"},{"taxonomy":"size","embeddable":true,"href":"https:\/\/rozewines.com\/de\/wp-json\/wp\/v2\/size?post=3202"},{"taxonomy":"style","embeddable":true,"href":"https:\/\/rozewines.com\/de\/wp-json\/wp\/v2\/style?post=3202"},{"taxonomy":"technology","embeddable":true,"href":"https:\/\/rozewines.com\/de\/wp-json\/wp\/v2\/technology?post=3202"},{"taxonomy":"product_cat","embeddable":true,"href":"https:\/\/rozewines.com\/de\/wp-json\/wp\/v2\/product_cat?post=3202"},{"taxonomy":"product_tag","embeddable":true,"href":"https:\/\/rozewines.com\/de\/wp-json\/wp\/v2\/product_tag?post=3202"}],"curies":[{"name":"wp","href":"https:\/\/api.w.org\/{rel}","templated":true}]}}