{"id":3204,"date":"2024-05-09T00:19:29","date_gmt":"2024-05-09T00:19:29","guid":{"rendered":"https:\/\/rozewines.com\/product\/terra-qisi-5-traubenauswahl-2022\/"},"modified":"2025-01-08T10:43:43","modified_gmt":"2025-01-08T10:43:43","slug":"terra-qisi-5-traubenauswahl-2022","status":"publish","type":"product","link":"https:\/\/rozewines.com\/de\/produkt\/terra-qisi-5-traubenauswahl-2022\/","title":{"rendered":"Terra Kisi &#8211; 5 Traubenauswahl 2022"},"content":{"rendered":"<p>Terra Qisi \u2013 5 Grape Selection 2022, eine bemerkenswerte Mischung aus f\u00fcnf verschiedenen Rebsorten: Chardonnay, Kisi, Khikhvi, Mtsvane und Krakhuna. Diese harmonische Verbindung der Trauben f\u00fchrt zu einem Wein, der sowohl aromatisch als auch ausgewogen ist und die einzigartigen Eigenschaften jeder Rebsorte zur Geltung bringt. Genie\u00dfen Sie die vielf\u00e4ltigen Aromen, darunter reifer Pfirsich, tropische Mango, cremige Vanille und nussige Haselnuss. Mit seiner Komplexit\u00e4t und Harmonie.<\/p>\n","protected":false},"excerpt":{"rendered":"<p>Terra Qisi \u2013 5 Grape Selection 2022, eine bemerkenswerte Mischung aus f\u00fcnf verschiedenen Rebsorten: Chardonnay, Kisi, Khikhvi, Mtsvane und Krakhuna. Diese harmonische Verbindung der Trauben f\u00fchrt zu einem Wein, der sowohl aromatisch als auch ausgewogen ist und die einzigartigen Eigenschaften jeder Rebsorte zur Geltung bringt. Genie\u00dfen Sie die vielf\u00e4ltigen Aromen, darunter reifer Pfirsich, tropische Mango, &hellip; <a href=\"https:\/\/rozewines.com\/de\/produkt\/terra-qisi-5-traubenauswahl-2022\/\">Continued<\/a><\/p>\n","protected":false},"featured_media":3795,"comment_status":"closed","ping_status":"closed","template":"","meta":{"_acf_changed":false},"brand":[1784],"colour":[1143],"flavour":[1051,1062,1084],"grape-variety":[1273],"harvest-year":[1158],"region":[1294],"size":[1598],"style":[1271],"technology":[1119],"product_cat":[1382],"product_tag":[],"ams_default_variation_id":0,"ams_product_points_reward":[],"ams_product_discount_percentage":0,"ams_price_to_display":18,"acf":[],"ams_acf":[{"key":"food_pairings","label":"Food pairings","value":"Gebackenes H\u00e4hnchen, gebratener Fisch"},{"key":"alcohol_percentage","label":"Alcohol percentage","value":"13,5%"},{"key":"details","label":"Details","value":{"":null,"acidity":"3","body":"3","sweetness":"0","tannin":"0"}}],"yoast_head":"<!-- This site is optimized with the Yoast SEO plugin v22.6 - https:\/\/yoast.com\/wordpress\/plugins\/seo\/ -->\n<title>Terra Kisi - 5 Traubenauswahl 2022 - Roze wines<\/title>\n<meta name=\"robots\" content=\"index, follow, max-snippet:-1, max-image-preview:large, max-video-preview:-1\" \/>\n<link rel=\"canonical\" href=\"https:\/\/rozewines.com\/produkt\/terra-qisi-5-grape-selection-2022\/\" \/>\n<meta property=\"og:locale\" content=\"de_DE\" \/>\n<meta property=\"og:type\" content=\"article\" \/>\n<meta property=\"og:title\" content=\"Terra Kisi - 5 Traubenauswahl 2022 - Roze wines\" \/>\n<meta property=\"og:description\" content=\"Terra Qisi \u2013 5 Grape Selection 2022, eine bemerkenswerte Mischung aus f\u00fcnf verschiedenen Rebsorten: Chardonnay, Kisi, Khikhvi, Mtsvane und Krakhuna. Diese harmonische Verbindung der Trauben f\u00fchrt zu einem Wein, der sowohl aromatisch als auch ausgewogen ist und die einzigartigen Eigenschaften jeder Rebsorte zur Geltung bringt. Genie\u00dfen Sie die vielf\u00e4ltigen Aromen, darunter reifer Pfirsich, tropische Mango, &hellip; Continued\" \/>\n<meta property=\"og:url\" content=\"https:\/\/rozewines.com\/produkt\/terra-qisi-5-grape-selection-2022\/\" \/>\n<meta property=\"og:site_name\" content=\"Roze wines\" \/>\n<meta property=\"article:modified_time\" content=\"2025-01-08T10:43:43+00:00\" \/>\n<meta property=\"og:image\" content=\"https:\/\/rozewines.com\/app\/uploads\/2024\/05\/Terra-Qisi-5-Grape-Selection-2022-scaled.jpg\" \/>\n\t<meta property=\"og:image:width\" content=\"2560\" \/>\n\t<meta property=\"og:image:height\" content=\"2560\" \/>\n\t<meta property=\"og:image:type\" content=\"image\/jpeg\" \/>\n<meta name=\"twitter:card\" content=\"summary_large_image\" \/>\n<script type=\"application\/ld+json\" class=\"yoast-schema-graph\">{\"@context\":\"https:\/\/schema.org\",\"@graph\":[{\"@type\":\"WebPage\",\"@id\":\"https:\/\/rozewines.com\/produkt\/terra-qisi-5-grape-selection-2022\/\",\"url\":\"https:\/\/rozewines.com\/produkt\/terra-qisi-5-grape-selection-2022\/\",\"name\":\"Terra Kisi - 5 Traubenauswahl 2022 - Roze wines\",\"isPartOf\":{\"@id\":\"https:\/\/rozewines.com\/#website\"},\"primaryImageOfPage\":{\"@id\":\"https:\/\/rozewines.com\/produkt\/terra-qisi-5-grape-selection-2022\/#primaryimage\"},\"image\":{\"@id\":\"https:\/\/rozewines.com\/produkt\/terra-qisi-5-grape-selection-2022\/#primaryimage\"},\"thumbnailUrl\":\"https:\/\/rozewines.com\/app\/uploads\/2024\/05\/Terra-Qisi-5-Grape-Selection-2022-scaled.jpg\",\"datePublished\":\"2024-05-09T00:19:29+00:00\",\"dateModified\":\"2025-01-08T10:43:43+00:00\",\"breadcrumb\":{\"@id\":\"https:\/\/rozewines.com\/produkt\/terra-qisi-5-grape-selection-2022\/#breadcrumb\"},\"inLanguage\":\"de-DE\",\"potentialAction\":[{\"@type\":\"ReadAction\",\"target\":[\"https:\/\/rozewines.com\/produkt\/terra-qisi-5-grape-selection-2022\/\"]}]},{\"@type\":\"ImageObject\",\"inLanguage\":\"de-DE\",\"@id\":\"https:\/\/rozewines.com\/produkt\/terra-qisi-5-grape-selection-2022\/#primaryimage\",\"url\":\"https:\/\/rozewines.com\/app\/uploads\/2024\/05\/Terra-Qisi-5-Grape-Selection-2022-scaled.jpg\",\"contentUrl\":\"https:\/\/rozewines.com\/app\/uploads\/2024\/05\/Terra-Qisi-5-Grape-Selection-2022-scaled.jpg\",\"width\":2560,\"height\":2560},{\"@type\":\"BreadcrumbList\",\"@id\":\"https:\/\/rozewines.com\/produkt\/terra-qisi-5-grape-selection-2022\/#breadcrumb\",\"itemListElement\":[{\"@type\":\"ListItem\",\"position\":1,\"name\":\"Home\",\"item\":\"https:\/\/rozewines.com\/de\/\"},{\"@type\":\"ListItem\",\"position\":2,\"name\":\"Unsere Weine\",\"item\":\"https:\/\/rozewines.com\/de\/musu-vins\/\"},{\"@type\":\"ListItem\",\"position\":3,\"name\":\"Terra Kisi &#8211; 5 Traubenauswahl 2022\"}]},{\"@type\":\"WebSite\",\"@id\":\"https:\/\/rozewines.com\/#website\",\"url\":\"https:\/\/rozewines.com\/\",\"name\":\"Roze wines\",\"description\":\"\",\"publisher\":{\"@id\":\"https:\/\/rozewines.com\/#organization\"},\"potentialAction\":[{\"@type\":\"SearchAction\",\"target\":{\"@type\":\"EntryPoint\",\"urlTemplate\":\"https:\/\/rozewines.com\/?s={search_term_string}\"},\"query-input\":\"required name=search_term_string\"}],\"inLanguage\":\"de-DE\"},{\"@type\":\"Organization\",\"@id\":\"https:\/\/rozewines.com\/#organization\",\"name\":\"Roze wines\",\"url\":\"https:\/\/rozewines.com\/\",\"logo\":{\"@type\":\"ImageObject\",\"inLanguage\":\"de-DE\",\"@id\":\"https:\/\/rozewines.com\/#\/schema\/logo\/image\/\",\"url\":\"https:\/\/rozewines.com\/app\/uploads\/2024\/05\/logo.svg\",\"contentUrl\":\"https:\/\/rozewines.com\/app\/uploads\/2024\/05\/logo.svg\",\"width\":144,\"height\":68,\"caption\":\"Roze wines\"},\"image\":{\"@id\":\"https:\/\/rozewines.com\/#\/schema\/logo\/image\/\"}}]}<\/script>\n<!-- \/ Yoast SEO plugin. -->","yoast_head_json":{"title":"Terra Kisi - 5 Traubenauswahl 2022 - Roze wines","robots":{"index":"index","follow":"follow","max-snippet":"max-snippet:-1","max-image-preview":"max-image-preview:large","max-video-preview":"max-video-preview:-1"},"canonical":"https:\/\/rozewines.com\/produkt\/terra-qisi-5-grape-selection-2022\/","og_locale":"de_DE","og_type":"article","og_title":"Terra Kisi - 5 Traubenauswahl 2022 - Roze wines","og_description":"Terra Qisi \u2013 5 Grape Selection 2022, eine bemerkenswerte Mischung aus f\u00fcnf verschiedenen Rebsorten: Chardonnay, Kisi, Khikhvi, Mtsvane und Krakhuna. Diese harmonische Verbindung der Trauben f\u00fchrt zu einem Wein, der sowohl aromatisch als auch ausgewogen ist und die einzigartigen Eigenschaften jeder Rebsorte zur Geltung bringt. Genie\u00dfen Sie die vielf\u00e4ltigen Aromen, darunter reifer Pfirsich, tropische Mango, &hellip; Continued","og_url":"https:\/\/rozewines.com\/produkt\/terra-qisi-5-grape-selection-2022\/","og_site_name":"Roze wines","article_modified_time":"2025-01-08T10:43:43+00:00","og_image":[{"width":2560,"height":2560,"url":"https:\/\/rozewines.com\/app\/uploads\/2024\/05\/Terra-Qisi-5-Grape-Selection-2022-scaled.jpg","type":"image\/jpeg"}],"twitter_card":"summary_large_image","schema":{"@context":"https:\/\/schema.org","@graph":[{"@type":"WebPage","@id":"https:\/\/rozewines.com\/produkt\/terra-qisi-5-grape-selection-2022\/","url":"https:\/\/rozewines.com\/produkt\/terra-qisi-5-grape-selection-2022\/","name":"Terra Kisi - 5 Traubenauswahl 2022 - Roze wines","isPartOf":{"@id":"https:\/\/rozewines.com\/#website"},"primaryImageOfPage":{"@id":"https:\/\/rozewines.com\/produkt\/terra-qisi-5-grape-selection-2022\/#primaryimage"},"image":{"@id":"https:\/\/rozewines.com\/produkt\/terra-qisi-5-grape-selection-2022\/#primaryimage"},"thumbnailUrl":"https:\/\/rozewines.com\/app\/uploads\/2024\/05\/Terra-Qisi-5-Grape-Selection-2022-scaled.jpg","datePublished":"2024-05-09T00:19:29+00:00","dateModified":"2025-01-08T10:43:43+00:00","breadcrumb":{"@id":"https:\/\/rozewines.com\/produkt\/terra-qisi-5-grape-selection-2022\/#breadcrumb"},"inLanguage":"de-DE","potentialAction":[{"@type":"ReadAction","target":["https:\/\/rozewines.com\/produkt\/terra-qisi-5-grape-selection-2022\/"]}]},{"@type":"ImageObject","inLanguage":"de-DE","@id":"https:\/\/rozewines.com\/produkt\/terra-qisi-5-grape-selection-2022\/#primaryimage","url":"https:\/\/rozewines.com\/app\/uploads\/2024\/05\/Terra-Qisi-5-Grape-Selection-2022-scaled.jpg","contentUrl":"https:\/\/rozewines.com\/app\/uploads\/2024\/05\/Terra-Qisi-5-Grape-Selection-2022-scaled.jpg","width":2560,"height":2560},{"@type":"BreadcrumbList","@id":"https:\/\/rozewines.com\/produkt\/terra-qisi-5-grape-selection-2022\/#breadcrumb","itemListElement":[{"@type":"ListItem","position":1,"name":"Home","item":"https:\/\/rozewines.com\/de\/"},{"@type":"ListItem","position":2,"name":"Unsere Weine","item":"https:\/\/rozewines.com\/de\/musu-vins\/"},{"@type":"ListItem","position":3,"name":"Terra Kisi &#8211; 5 Traubenauswahl 2022"}]},{"@type":"WebSite","@id":"https:\/\/rozewines.com\/#website","url":"https:\/\/rozewines.com\/","name":"Roze wines","description":"","publisher":{"@id":"https:\/\/rozewines.com\/#organization"},"potentialAction":[{"@type":"SearchAction","target":{"@type":"EntryPoint","urlTemplate":"https:\/\/rozewines.com\/?s={search_term_string}"},"query-input":"required name=search_term_string"}],"inLanguage":"de-DE"},{"@type":"Organization","@id":"https:\/\/rozewines.com\/#organization","name":"Roze wines","url":"https:\/\/rozewines.com\/","logo":{"@type":"ImageObject","inLanguage":"de-DE","@id":"https:\/\/rozewines.com\/#\/schema\/logo\/image\/","url":"https:\/\/rozewines.com\/app\/uploads\/2024\/05\/logo.svg","contentUrl":"https:\/\/rozewines.com\/app\/uploads\/2024\/05\/logo.svg","width":144,"height":68,"caption":"Roze wines"},"image":{"@id":"https:\/\/rozewines.com\/#\/schema\/logo\/image\/"}}]}},"_links":{"self":[{"href":"https:\/\/rozewines.com\/de\/wp-json\/wp\/v2\/product\/3204"}],"collection":[{"href":"https:\/\/rozewines.com\/de\/wp-json\/wp\/v2\/product"}],"about":[{"href":"https:\/\/rozewines.com\/de\/wp-json\/wp\/v2\/types\/product"}],"replies":[{"embeddable":true,"href":"https:\/\/rozewines.com\/de\/wp-json\/wp\/v2\/comments?post=3204"}],"wp:featuredmedia":[{"embeddable":true,"href":"https:\/\/rozewines.com\/de\/wp-json\/wp\/v2\/media\/3795"}],"wp:attachment":[{"href":"https:\/\/rozewines.com\/de\/wp-json\/wp\/v2\/media?parent=3204"}],"wp:term":[{"taxonomy":"brand","embeddable":true,"href":"https:\/\/rozewines.com\/de\/wp-json\/wp\/v2\/brand?post=3204"},{"taxonomy":"colour","embeddable":true,"href":"https:\/\/rozewines.com\/de\/wp-json\/wp\/v2\/colour?post=3204"},{"taxonomy":"flavour","embeddable":true,"href":"https:\/\/rozewines.com\/de\/wp-json\/wp\/v2\/flavour?post=3204"},{"taxonomy":"grape-variety","embeddable":true,"href":"https:\/\/rozewines.com\/de\/wp-json\/wp\/v2\/grape-variety?post=3204"},{"taxonomy":"harvest-year","embeddable":true,"href":"https:\/\/rozewines.com\/de\/wp-json\/wp\/v2\/harvest-year?post=3204"},{"taxonomy":"region","embeddable":true,"href":"https:\/\/rozewines.com\/de\/wp-json\/wp\/v2\/region?post=3204"},{"taxonomy":"size","embeddable":true,"href":"https:\/\/rozewines.com\/de\/wp-json\/wp\/v2\/size?post=3204"},{"taxonomy":"style","embeddable":true,"href":"https:\/\/rozewines.com\/de\/wp-json\/wp\/v2\/style?post=3204"},{"taxonomy":"technology","embeddable":true,"href":"https:\/\/rozewines.com\/de\/wp-json\/wp\/v2\/technology?post=3204"},{"taxonomy":"product_cat","embeddable":true,"href":"https:\/\/rozewines.com\/de\/wp-json\/wp\/v2\/product_cat?post=3204"},{"taxonomy":"product_tag","embeddable":true,"href":"https:\/\/rozewines.com\/de\/wp-json\/wp\/v2\/product_tag?post=3204"}],"curies":[{"name":"wp","href":"https:\/\/api.w.org\/{rel}","templated":true}]}}