{"id":3206,"date":"2024-05-09T00:19:29","date_gmt":"2024-05-09T00:19:29","guid":{"rendered":"https:\/\/rozewines.com\/product\/villa-mosavali-chinuri-2018-in-eichenfaessern-gereift\/"},"modified":"2024-08-14T09:04:49","modified_gmt":"2024-08-14T09:04:49","slug":"villa-mosavali-chinuri-2018-in-eichenfaessern-gereift","status":"publish","type":"product","link":"https:\/\/rozewines.com\/de\/produkt\/villa-mosavali-chinuri-2018-in-eichenfaessern-gereift\/","title":{"rendered":"Villa Mosavali &#8211; Chinuri 2018 in Eichenf\u00e4ssern gereift"},"content":{"rendered":"<p>Villa Mosavali \u2013 Chinuri Aged in Oak 2018, ein klassischer Wei\u00dfwein, der elegant in Eichenf\u00e4ssern gereift ist, was zu einem eleganten und abgerundeten Geschmacksprofil f\u00fchrt. Dieser Wein bietet einen ausgewogenen Geschmack mit einer harmonischen Aromenmischung. Tauchen Sie ein in die verf\u00fchrerischen D\u00fcfte reifer Nektarine, Vanille, Sahne und subtiler Noten getrockneter Bl\u00e4tter. Mit seiner raffinierten Eleganz und seinem abgerundeten Charakter schafft er ein unvergessliches Weinerlebnis.<\/p>\n","protected":false},"excerpt":{"rendered":"<p>Villa Mosavali \u2013 Chinuri Aged in Oak 2018, ein klassischer Wei\u00dfwein, der elegant in Eichenf\u00e4ssern gereift ist, was zu einem eleganten und abgerundeten Geschmacksprofil f\u00fchrt. Dieser Wein bietet einen ausgewogenen Geschmack mit einer harmonischen Aromenmischung. Tauchen Sie ein in die verf\u00fchrerischen D\u00fcfte reifer Nektarine, Vanille, Sahne und subtiler Noten getrockneter Bl\u00e4tter. Mit seiner raffinierten Eleganz &hellip; <a href=\"https:\/\/rozewines.com\/de\/produkt\/villa-mosavali-chinuri-2018-in-eichenfaessern-gereift\/\">Continued<\/a><\/p>\n","protected":false},"featured_media":3863,"comment_status":"closed","ping_status":"closed","template":"","meta":{"_acf_changed":false},"brand":[1785],"colour":[1143],"flavour":[1056,1019,1084],"grape-variety":[1344],"harvest-year":[1145],"region":[1297],"size":[1598],"style":[1271],"technology":[1119],"product_cat":[1382],"product_tag":[],"ams_default_variation_id":0,"ams_product_points_reward":[],"ams_product_discount_percentage":0,"ams_price_to_display":20.3,"acf":[],"ams_acf":[{"key":"food_pairings","label":"Food pairings","value":"Butterh\u00e4hnchen, gebackene Forelle"},{"key":"alcohol_percentage","label":"Alcohol percentage","value":"12%"}],"yoast_head":"<!-- This site is optimized with the Yoast SEO plugin v22.6 - https:\/\/yoast.com\/wordpress\/plugins\/seo\/ -->\n<title>Villa Mosavali - Chinuri 2018 in Eichenf\u00e4ssern gereift - Roze wines<\/title>\n<meta name=\"robots\" content=\"index, follow, max-snippet:-1, max-image-preview:large, max-video-preview:-1\" \/>\n<link rel=\"canonical\" href=\"https:\/\/rozewines.com\/de\/produkt\/villa-mosavali-chinuri-2018-in-eichenfaessern-gereift\/\" \/>\n<meta property=\"og:locale\" content=\"de_DE\" \/>\n<meta property=\"og:type\" content=\"article\" \/>\n<meta property=\"og:title\" content=\"Villa Mosavali - Chinuri 2018 in Eichenf\u00e4ssern gereift - Roze wines\" \/>\n<meta property=\"og:description\" content=\"Villa Mosavali \u2013 Chinuri Aged in Oak 2018, ein klassischer Wei\u00dfwein, der elegant in Eichenf\u00e4ssern gereift ist, was zu einem eleganten und abgerundeten Geschmacksprofil f\u00fchrt. Dieser Wein bietet einen ausgewogenen Geschmack mit einer harmonischen Aromenmischung. Tauchen Sie ein in die verf\u00fchrerischen D\u00fcfte reifer Nektarine, Vanille, Sahne und subtiler Noten getrockneter Bl\u00e4tter. Mit seiner raffinierten Eleganz &hellip; Continued\" \/>\n<meta property=\"og:url\" content=\"https:\/\/rozewines.com\/de\/produkt\/villa-mosavali-chinuri-2018-in-eichenfaessern-gereift\/\" \/>\n<meta property=\"og:site_name\" content=\"Roze wines\" \/>\n<meta property=\"article:modified_time\" content=\"2024-08-14T09:04:49+00:00\" \/>\n<meta property=\"og:image\" content=\"https:\/\/rozewines.com\/app\/uploads\/2024\/05\/Villa-Mosavali-Chinuri-Aged-in-Oak-2018-scaled.jpg\" \/>\n\t<meta property=\"og:image:width\" content=\"2560\" \/>\n\t<meta property=\"og:image:height\" content=\"2560\" \/>\n\t<meta property=\"og:image:type\" content=\"image\/jpeg\" \/>\n<meta name=\"twitter:card\" content=\"summary_large_image\" \/>\n<script type=\"application\/ld+json\" class=\"yoast-schema-graph\">{\"@context\":\"https:\/\/schema.org\",\"@graph\":[{\"@type\":\"WebPage\",\"@id\":\"https:\/\/rozewines.com\/de\/produkt\/villa-mosavali-chinuri-2018-in-eichenfaessern-gereift\/\",\"url\":\"https:\/\/rozewines.com\/de\/produkt\/villa-mosavali-chinuri-2018-in-eichenfaessern-gereift\/\",\"name\":\"Villa Mosavali - Chinuri 2018 in Eichenf\u00e4ssern gereift - Roze wines\",\"isPartOf\":{\"@id\":\"https:\/\/rozewines.com\/#website\"},\"primaryImageOfPage\":{\"@id\":\"https:\/\/rozewines.com\/de\/produkt\/villa-mosavali-chinuri-2018-in-eichenfaessern-gereift\/#primaryimage\"},\"image\":{\"@id\":\"https:\/\/rozewines.com\/de\/produkt\/villa-mosavali-chinuri-2018-in-eichenfaessern-gereift\/#primaryimage\"},\"thumbnailUrl\":\"https:\/\/rozewines.com\/app\/uploads\/2024\/05\/Villa-Mosavali-Chinuri-Aged-in-Oak-2018-scaled.jpg\",\"datePublished\":\"2024-05-09T00:19:29+00:00\",\"dateModified\":\"2024-08-14T09:04:49+00:00\",\"breadcrumb\":{\"@id\":\"https:\/\/rozewines.com\/de\/produkt\/villa-mosavali-chinuri-2018-in-eichenfaessern-gereift\/#breadcrumb\"},\"inLanguage\":\"de-DE\",\"potentialAction\":[{\"@type\":\"ReadAction\",\"target\":[\"https:\/\/rozewines.com\/de\/produkt\/villa-mosavali-chinuri-2018-in-eichenfaessern-gereift\/\"]}]},{\"@type\":\"ImageObject\",\"inLanguage\":\"de-DE\",\"@id\":\"https:\/\/rozewines.com\/de\/produkt\/villa-mosavali-chinuri-2018-in-eichenfaessern-gereift\/#primaryimage\",\"url\":\"https:\/\/rozewines.com\/app\/uploads\/2024\/05\/Villa-Mosavali-Chinuri-Aged-in-Oak-2018-scaled.jpg\",\"contentUrl\":\"https:\/\/rozewines.com\/app\/uploads\/2024\/05\/Villa-Mosavali-Chinuri-Aged-in-Oak-2018-scaled.jpg\",\"width\":2560,\"height\":2560},{\"@type\":\"BreadcrumbList\",\"@id\":\"https:\/\/rozewines.com\/de\/produkt\/villa-mosavali-chinuri-2018-in-eichenfaessern-gereift\/#breadcrumb\",\"itemListElement\":[{\"@type\":\"ListItem\",\"position\":1,\"name\":\"Home\",\"item\":\"https:\/\/rozewines.com\/de\/\"},{\"@type\":\"ListItem\",\"position\":2,\"name\":\"Unsere Weine\",\"item\":\"https:\/\/rozewines.com\/de\/musu-vins\/\"},{\"@type\":\"ListItem\",\"position\":3,\"name\":\"Villa Mosavali &#8211; Chinuri 2018 in Eichenf\u00e4ssern gereift\"}]},{\"@type\":\"WebSite\",\"@id\":\"https:\/\/rozewines.com\/#website\",\"url\":\"https:\/\/rozewines.com\/\",\"name\":\"Roze wines\",\"description\":\"\",\"publisher\":{\"@id\":\"https:\/\/rozewines.com\/#organization\"},\"potentialAction\":[{\"@type\":\"SearchAction\",\"target\":{\"@type\":\"EntryPoint\",\"urlTemplate\":\"https:\/\/rozewines.com\/?s={search_term_string}\"},\"query-input\":\"required name=search_term_string\"}],\"inLanguage\":\"de-DE\"},{\"@type\":\"Organization\",\"@id\":\"https:\/\/rozewines.com\/#organization\",\"name\":\"Roze wines\",\"url\":\"https:\/\/rozewines.com\/\",\"logo\":{\"@type\":\"ImageObject\",\"inLanguage\":\"de-DE\",\"@id\":\"https:\/\/rozewines.com\/#\/schema\/logo\/image\/\",\"url\":\"https:\/\/rozewines.com\/app\/uploads\/2024\/05\/logo.svg\",\"contentUrl\":\"https:\/\/rozewines.com\/app\/uploads\/2024\/05\/logo.svg\",\"width\":144,\"height\":68,\"caption\":\"Roze wines\"},\"image\":{\"@id\":\"https:\/\/rozewines.com\/#\/schema\/logo\/image\/\"}}]}<\/script>\n<!-- \/ Yoast SEO plugin. -->","yoast_head_json":{"title":"Villa Mosavali - Chinuri 2018 in Eichenf\u00e4ssern gereift - Roze wines","robots":{"index":"index","follow":"follow","max-snippet":"max-snippet:-1","max-image-preview":"max-image-preview:large","max-video-preview":"max-video-preview:-1"},"canonical":"https:\/\/rozewines.com\/de\/produkt\/villa-mosavali-chinuri-2018-in-eichenfaessern-gereift\/","og_locale":"de_DE","og_type":"article","og_title":"Villa Mosavali - Chinuri 2018 in Eichenf\u00e4ssern gereift - Roze wines","og_description":"Villa Mosavali \u2013 Chinuri Aged in Oak 2018, ein klassischer Wei\u00dfwein, der elegant in Eichenf\u00e4ssern gereift ist, was zu einem eleganten und abgerundeten Geschmacksprofil f\u00fchrt. Dieser Wein bietet einen ausgewogenen Geschmack mit einer harmonischen Aromenmischung. Tauchen Sie ein in die verf\u00fchrerischen D\u00fcfte reifer Nektarine, Vanille, Sahne und subtiler Noten getrockneter Bl\u00e4tter. Mit seiner raffinierten Eleganz &hellip; Continued","og_url":"https:\/\/rozewines.com\/de\/produkt\/villa-mosavali-chinuri-2018-in-eichenfaessern-gereift\/","og_site_name":"Roze wines","article_modified_time":"2024-08-14T09:04:49+00:00","og_image":[{"width":2560,"height":2560,"url":"https:\/\/rozewines.com\/app\/uploads\/2024\/05\/Villa-Mosavali-Chinuri-Aged-in-Oak-2018-scaled.jpg","type":"image\/jpeg"}],"twitter_card":"summary_large_image","schema":{"@context":"https:\/\/schema.org","@graph":[{"@type":"WebPage","@id":"https:\/\/rozewines.com\/de\/produkt\/villa-mosavali-chinuri-2018-in-eichenfaessern-gereift\/","url":"https:\/\/rozewines.com\/de\/produkt\/villa-mosavali-chinuri-2018-in-eichenfaessern-gereift\/","name":"Villa Mosavali - Chinuri 2018 in Eichenf\u00e4ssern gereift - Roze wines","isPartOf":{"@id":"https:\/\/rozewines.com\/#website"},"primaryImageOfPage":{"@id":"https:\/\/rozewines.com\/de\/produkt\/villa-mosavali-chinuri-2018-in-eichenfaessern-gereift\/#primaryimage"},"image":{"@id":"https:\/\/rozewines.com\/de\/produkt\/villa-mosavali-chinuri-2018-in-eichenfaessern-gereift\/#primaryimage"},"thumbnailUrl":"https:\/\/rozewines.com\/app\/uploads\/2024\/05\/Villa-Mosavali-Chinuri-Aged-in-Oak-2018-scaled.jpg","datePublished":"2024-05-09T00:19:29+00:00","dateModified":"2024-08-14T09:04:49+00:00","breadcrumb":{"@id":"https:\/\/rozewines.com\/de\/produkt\/villa-mosavali-chinuri-2018-in-eichenfaessern-gereift\/#breadcrumb"},"inLanguage":"de-DE","potentialAction":[{"@type":"ReadAction","target":["https:\/\/rozewines.com\/de\/produkt\/villa-mosavali-chinuri-2018-in-eichenfaessern-gereift\/"]}]},{"@type":"ImageObject","inLanguage":"de-DE","@id":"https:\/\/rozewines.com\/de\/produkt\/villa-mosavali-chinuri-2018-in-eichenfaessern-gereift\/#primaryimage","url":"https:\/\/rozewines.com\/app\/uploads\/2024\/05\/Villa-Mosavali-Chinuri-Aged-in-Oak-2018-scaled.jpg","contentUrl":"https:\/\/rozewines.com\/app\/uploads\/2024\/05\/Villa-Mosavali-Chinuri-Aged-in-Oak-2018-scaled.jpg","width":2560,"height":2560},{"@type":"BreadcrumbList","@id":"https:\/\/rozewines.com\/de\/produkt\/villa-mosavali-chinuri-2018-in-eichenfaessern-gereift\/#breadcrumb","itemListElement":[{"@type":"ListItem","position":1,"name":"Home","item":"https:\/\/rozewines.com\/de\/"},{"@type":"ListItem","position":2,"name":"Unsere Weine","item":"https:\/\/rozewines.com\/de\/musu-vins\/"},{"@type":"ListItem","position":3,"name":"Villa Mosavali &#8211; Chinuri 2018 in Eichenf\u00e4ssern gereift"}]},{"@type":"WebSite","@id":"https:\/\/rozewines.com\/#website","url":"https:\/\/rozewines.com\/","name":"Roze wines","description":"","publisher":{"@id":"https:\/\/rozewines.com\/#organization"},"potentialAction":[{"@type":"SearchAction","target":{"@type":"EntryPoint","urlTemplate":"https:\/\/rozewines.com\/?s={search_term_string}"},"query-input":"required name=search_term_string"}],"inLanguage":"de-DE"},{"@type":"Organization","@id":"https:\/\/rozewines.com\/#organization","name":"Roze wines","url":"https:\/\/rozewines.com\/","logo":{"@type":"ImageObject","inLanguage":"de-DE","@id":"https:\/\/rozewines.com\/#\/schema\/logo\/image\/","url":"https:\/\/rozewines.com\/app\/uploads\/2024\/05\/logo.svg","contentUrl":"https:\/\/rozewines.com\/app\/uploads\/2024\/05\/logo.svg","width":144,"height":68,"caption":"Roze wines"},"image":{"@id":"https:\/\/rozewines.com\/#\/schema\/logo\/image\/"}}]}},"_links":{"self":[{"href":"https:\/\/rozewines.com\/de\/wp-json\/wp\/v2\/product\/3206"}],"collection":[{"href":"https:\/\/rozewines.com\/de\/wp-json\/wp\/v2\/product"}],"about":[{"href":"https:\/\/rozewines.com\/de\/wp-json\/wp\/v2\/types\/product"}],"replies":[{"embeddable":true,"href":"https:\/\/rozewines.com\/de\/wp-json\/wp\/v2\/comments?post=3206"}],"wp:featuredmedia":[{"embeddable":true,"href":"https:\/\/rozewines.com\/de\/wp-json\/wp\/v2\/media\/3863"}],"wp:attachment":[{"href":"https:\/\/rozewines.com\/de\/wp-json\/wp\/v2\/media?parent=3206"}],"wp:term":[{"taxonomy":"brand","embeddable":true,"href":"https:\/\/rozewines.com\/de\/wp-json\/wp\/v2\/brand?post=3206"},{"taxonomy":"colour","embeddable":true,"href":"https:\/\/rozewines.com\/de\/wp-json\/wp\/v2\/colour?post=3206"},{"taxonomy":"flavour","embeddable":true,"href":"https:\/\/rozewines.com\/de\/wp-json\/wp\/v2\/flavour?post=3206"},{"taxonomy":"grape-variety","embeddable":true,"href":"https:\/\/rozewines.com\/de\/wp-json\/wp\/v2\/grape-variety?post=3206"},{"taxonomy":"harvest-year","embeddable":true,"href":"https:\/\/rozewines.com\/de\/wp-json\/wp\/v2\/harvest-year?post=3206"},{"taxonomy":"region","embeddable":true,"href":"https:\/\/rozewines.com\/de\/wp-json\/wp\/v2\/region?post=3206"},{"taxonomy":"size","embeddable":true,"href":"https:\/\/rozewines.com\/de\/wp-json\/wp\/v2\/size?post=3206"},{"taxonomy":"style","embeddable":true,"href":"https:\/\/rozewines.com\/de\/wp-json\/wp\/v2\/style?post=3206"},{"taxonomy":"technology","embeddable":true,"href":"https:\/\/rozewines.com\/de\/wp-json\/wp\/v2\/technology?post=3206"},{"taxonomy":"product_cat","embeddable":true,"href":"https:\/\/rozewines.com\/de\/wp-json\/wp\/v2\/product_cat?post=3206"},{"taxonomy":"product_tag","embeddable":true,"href":"https:\/\/rozewines.com\/de\/wp-json\/wp\/v2\/product_tag?post=3206"}],"curies":[{"name":"wp","href":"https:\/\/api.w.org\/{rel}","templated":true}]}}