{"id":3211,"date":"2024-05-09T00:19:29","date_gmt":"2024-05-09T00:19:29","guid":{"rendered":"https:\/\/rozewines.com\/product\/solomnishvili-mtsvane\/"},"modified":"2024-08-14T09:04:50","modified_gmt":"2024-08-14T09:04:50","slug":"solomnishvili-mtsvane","status":"publish","type":"product","link":"https:\/\/rozewines.com\/de\/produkt\/solomnishvili-mtsvane\/","title":{"rendered":"Solomnishvili &#8211; Mtsvane"},"content":{"rendered":"<p>Solomnishvili \u2013 Mtsvane, ein zeitloser Klassiker unter den Wei\u00dfweinen, der f\u00fcr sein erfrischendes Aussehen und seine fesselnden Aromen gefeiert wird. Schwelgen Sie in seiner Komplexit\u00e4t, in der sich bei jedem Schwenken des Glases Aromen entfalten. Erleben Sie den zarten Duft von Jasmin, gr\u00fcnem Apfel, Orangenbl\u00fcte und die subtile Mineralit\u00e4t feuchter Steine. Mit seiner tadellosen Ausgewogenheit und seinem anhaltenden Abgang l\u00e4dt der Wein Sie zu einer Sinnesreise ein, die noch lange nach dem letzten Schluck anh\u00e4lt.<\/p>\n","protected":false},"excerpt":{"rendered":"<p>Solomnishvili \u2013 Mtsvane, ein zeitloser Klassiker unter den Wei\u00dfweinen, der f\u00fcr sein erfrischendes Aussehen und seine fesselnden Aromen gefeiert wird. Schwelgen Sie in seiner Komplexit\u00e4t, in der sich bei jedem Schwenken des Glases Aromen entfalten. Erleben Sie den zarten Duft von Jasmin, gr\u00fcnem Apfel, Orangenbl\u00fcte und die subtile Mineralit\u00e4t feuchter Steine. Mit seiner tadellosen Ausgewogenheit &hellip; <a href=\"https:\/\/rozewines.com\/de\/produkt\/solomnishvili-mtsvane\/\">Continued<\/a><\/p>\n","protected":false},"featured_media":3771,"comment_status":"closed","ping_status":"closed","template":"","meta":{"_acf_changed":false},"brand":[1790],"colour":[1143],"flavour":[1034,1040,1058],"grape-variety":[1347],"harvest-year":[1151],"region":[1294],"size":[1598],"style":[1271],"technology":[1116],"product_cat":[1382],"product_tag":[],"ams_default_variation_id":0,"ams_product_points_reward":[],"ams_product_discount_percentage":0,"ams_price_to_display":40,"acf":[],"ams_acf":[{"key":"food_pairings","label":"Food pairings","value":"Muscheln mit Blauschimmelk\u00e4sesauce, gebackener Truthahn"},{"key":"alcohol_percentage","label":"Alcohol percentage","value":"12,5%"}],"yoast_head":"<!-- This site is optimized with the Yoast SEO plugin v22.6 - https:\/\/yoast.com\/wordpress\/plugins\/seo\/ -->\n<title>Solomnishvili - Mtsvane - Roze wines<\/title>\n<meta name=\"robots\" content=\"index, follow, max-snippet:-1, max-image-preview:large, max-video-preview:-1\" \/>\n<link rel=\"canonical\" href=\"https:\/\/rozewines.com\/de\/produkt\/solomnishvili-mtsvane\/\" \/>\n<meta property=\"og:locale\" content=\"de_DE\" \/>\n<meta property=\"og:type\" content=\"article\" \/>\n<meta property=\"og:title\" content=\"Solomnishvili - Mtsvane - Roze wines\" \/>\n<meta property=\"og:description\" content=\"Solomnishvili \u2013 Mtsvane, ein zeitloser Klassiker unter den Wei\u00dfweinen, der f\u00fcr sein erfrischendes Aussehen und seine fesselnden Aromen gefeiert wird. Schwelgen Sie in seiner Komplexit\u00e4t, in der sich bei jedem Schwenken des Glases Aromen entfalten. Erleben Sie den zarten Duft von Jasmin, gr\u00fcnem Apfel, Orangenbl\u00fcte und die subtile Mineralit\u00e4t feuchter Steine. Mit seiner tadellosen Ausgewogenheit &hellip; Continued\" \/>\n<meta property=\"og:url\" content=\"https:\/\/rozewines.com\/de\/produkt\/solomnishvili-mtsvane\/\" \/>\n<meta property=\"og:site_name\" content=\"Roze wines\" \/>\n<meta property=\"article:modified_time\" content=\"2024-08-14T09:04:50+00:00\" \/>\n<meta property=\"og:image\" content=\"https:\/\/rozewines.com\/app\/uploads\/2024\/05\/Solomnishvili-Mtsvane-scaled.jpg\" \/>\n\t<meta property=\"og:image:width\" content=\"2560\" \/>\n\t<meta property=\"og:image:height\" content=\"2560\" \/>\n\t<meta property=\"og:image:type\" content=\"image\/jpeg\" \/>\n<meta name=\"twitter:card\" content=\"summary_large_image\" \/>\n<script type=\"application\/ld+json\" class=\"yoast-schema-graph\">{\"@context\":\"https:\/\/schema.org\",\"@graph\":[{\"@type\":\"WebPage\",\"@id\":\"https:\/\/rozewines.com\/de\/produkt\/solomnishvili-mtsvane\/\",\"url\":\"https:\/\/rozewines.com\/de\/produkt\/solomnishvili-mtsvane\/\",\"name\":\"Solomnishvili - Mtsvane - Roze wines\",\"isPartOf\":{\"@id\":\"https:\/\/rozewines.com\/#website\"},\"primaryImageOfPage\":{\"@id\":\"https:\/\/rozewines.com\/de\/produkt\/solomnishvili-mtsvane\/#primaryimage\"},\"image\":{\"@id\":\"https:\/\/rozewines.com\/de\/produkt\/solomnishvili-mtsvane\/#primaryimage\"},\"thumbnailUrl\":\"https:\/\/rozewines.com\/app\/uploads\/2024\/05\/Solomnishvili-Mtsvane-scaled.jpg\",\"datePublished\":\"2024-05-09T00:19:29+00:00\",\"dateModified\":\"2024-08-14T09:04:50+00:00\",\"breadcrumb\":{\"@id\":\"https:\/\/rozewines.com\/de\/produkt\/solomnishvili-mtsvane\/#breadcrumb\"},\"inLanguage\":\"de-DE\",\"potentialAction\":[{\"@type\":\"ReadAction\",\"target\":[\"https:\/\/rozewines.com\/de\/produkt\/solomnishvili-mtsvane\/\"]}]},{\"@type\":\"ImageObject\",\"inLanguage\":\"de-DE\",\"@id\":\"https:\/\/rozewines.com\/de\/produkt\/solomnishvili-mtsvane\/#primaryimage\",\"url\":\"https:\/\/rozewines.com\/app\/uploads\/2024\/05\/Solomnishvili-Mtsvane-scaled.jpg\",\"contentUrl\":\"https:\/\/rozewines.com\/app\/uploads\/2024\/05\/Solomnishvili-Mtsvane-scaled.jpg\",\"width\":2560,\"height\":2560},{\"@type\":\"BreadcrumbList\",\"@id\":\"https:\/\/rozewines.com\/de\/produkt\/solomnishvili-mtsvane\/#breadcrumb\",\"itemListElement\":[{\"@type\":\"ListItem\",\"position\":1,\"name\":\"Home\",\"item\":\"https:\/\/rozewines.com\/de\/\"},{\"@type\":\"ListItem\",\"position\":2,\"name\":\"Unsere Weine\",\"item\":\"https:\/\/rozewines.com\/de\/musu-vins\/\"},{\"@type\":\"ListItem\",\"position\":3,\"name\":\"Solomnishvili &#8211; Mtsvane\"}]},{\"@type\":\"WebSite\",\"@id\":\"https:\/\/rozewines.com\/#website\",\"url\":\"https:\/\/rozewines.com\/\",\"name\":\"Roze wines\",\"description\":\"\",\"publisher\":{\"@id\":\"https:\/\/rozewines.com\/#organization\"},\"potentialAction\":[{\"@type\":\"SearchAction\",\"target\":{\"@type\":\"EntryPoint\",\"urlTemplate\":\"https:\/\/rozewines.com\/?s={search_term_string}\"},\"query-input\":\"required name=search_term_string\"}],\"inLanguage\":\"de-DE\"},{\"@type\":\"Organization\",\"@id\":\"https:\/\/rozewines.com\/#organization\",\"name\":\"Roze wines\",\"url\":\"https:\/\/rozewines.com\/\",\"logo\":{\"@type\":\"ImageObject\",\"inLanguage\":\"de-DE\",\"@id\":\"https:\/\/rozewines.com\/#\/schema\/logo\/image\/\",\"url\":\"https:\/\/rozewines.com\/app\/uploads\/2024\/05\/logo.svg\",\"contentUrl\":\"https:\/\/rozewines.com\/app\/uploads\/2024\/05\/logo.svg\",\"width\":144,\"height\":68,\"caption\":\"Roze wines\"},\"image\":{\"@id\":\"https:\/\/rozewines.com\/#\/schema\/logo\/image\/\"}}]}<\/script>\n<!-- \/ Yoast SEO plugin. -->","yoast_head_json":{"title":"Solomnishvili - Mtsvane - Roze wines","robots":{"index":"index","follow":"follow","max-snippet":"max-snippet:-1","max-image-preview":"max-image-preview:large","max-video-preview":"max-video-preview:-1"},"canonical":"https:\/\/rozewines.com\/de\/produkt\/solomnishvili-mtsvane\/","og_locale":"de_DE","og_type":"article","og_title":"Solomnishvili - Mtsvane - Roze wines","og_description":"Solomnishvili \u2013 Mtsvane, ein zeitloser Klassiker unter den Wei\u00dfweinen, der f\u00fcr sein erfrischendes Aussehen und seine fesselnden Aromen gefeiert wird. Schwelgen Sie in seiner Komplexit\u00e4t, in der sich bei jedem Schwenken des Glases Aromen entfalten. Erleben Sie den zarten Duft von Jasmin, gr\u00fcnem Apfel, Orangenbl\u00fcte und die subtile Mineralit\u00e4t feuchter Steine. Mit seiner tadellosen Ausgewogenheit &hellip; Continued","og_url":"https:\/\/rozewines.com\/de\/produkt\/solomnishvili-mtsvane\/","og_site_name":"Roze wines","article_modified_time":"2024-08-14T09:04:50+00:00","og_image":[{"width":2560,"height":2560,"url":"https:\/\/rozewines.com\/app\/uploads\/2024\/05\/Solomnishvili-Mtsvane-scaled.jpg","type":"image\/jpeg"}],"twitter_card":"summary_large_image","schema":{"@context":"https:\/\/schema.org","@graph":[{"@type":"WebPage","@id":"https:\/\/rozewines.com\/de\/produkt\/solomnishvili-mtsvane\/","url":"https:\/\/rozewines.com\/de\/produkt\/solomnishvili-mtsvane\/","name":"Solomnishvili - Mtsvane - Roze wines","isPartOf":{"@id":"https:\/\/rozewines.com\/#website"},"primaryImageOfPage":{"@id":"https:\/\/rozewines.com\/de\/produkt\/solomnishvili-mtsvane\/#primaryimage"},"image":{"@id":"https:\/\/rozewines.com\/de\/produkt\/solomnishvili-mtsvane\/#primaryimage"},"thumbnailUrl":"https:\/\/rozewines.com\/app\/uploads\/2024\/05\/Solomnishvili-Mtsvane-scaled.jpg","datePublished":"2024-05-09T00:19:29+00:00","dateModified":"2024-08-14T09:04:50+00:00","breadcrumb":{"@id":"https:\/\/rozewines.com\/de\/produkt\/solomnishvili-mtsvane\/#breadcrumb"},"inLanguage":"de-DE","potentialAction":[{"@type":"ReadAction","target":["https:\/\/rozewines.com\/de\/produkt\/solomnishvili-mtsvane\/"]}]},{"@type":"ImageObject","inLanguage":"de-DE","@id":"https:\/\/rozewines.com\/de\/produkt\/solomnishvili-mtsvane\/#primaryimage","url":"https:\/\/rozewines.com\/app\/uploads\/2024\/05\/Solomnishvili-Mtsvane-scaled.jpg","contentUrl":"https:\/\/rozewines.com\/app\/uploads\/2024\/05\/Solomnishvili-Mtsvane-scaled.jpg","width":2560,"height":2560},{"@type":"BreadcrumbList","@id":"https:\/\/rozewines.com\/de\/produkt\/solomnishvili-mtsvane\/#breadcrumb","itemListElement":[{"@type":"ListItem","position":1,"name":"Home","item":"https:\/\/rozewines.com\/de\/"},{"@type":"ListItem","position":2,"name":"Unsere Weine","item":"https:\/\/rozewines.com\/de\/musu-vins\/"},{"@type":"ListItem","position":3,"name":"Solomnishvili &#8211; Mtsvane"}]},{"@type":"WebSite","@id":"https:\/\/rozewines.com\/#website","url":"https:\/\/rozewines.com\/","name":"Roze wines","description":"","publisher":{"@id":"https:\/\/rozewines.com\/#organization"},"potentialAction":[{"@type":"SearchAction","target":{"@type":"EntryPoint","urlTemplate":"https:\/\/rozewines.com\/?s={search_term_string}"},"query-input":"required name=search_term_string"}],"inLanguage":"de-DE"},{"@type":"Organization","@id":"https:\/\/rozewines.com\/#organization","name":"Roze wines","url":"https:\/\/rozewines.com\/","logo":{"@type":"ImageObject","inLanguage":"de-DE","@id":"https:\/\/rozewines.com\/#\/schema\/logo\/image\/","url":"https:\/\/rozewines.com\/app\/uploads\/2024\/05\/logo.svg","contentUrl":"https:\/\/rozewines.com\/app\/uploads\/2024\/05\/logo.svg","width":144,"height":68,"caption":"Roze wines"},"image":{"@id":"https:\/\/rozewines.com\/#\/schema\/logo\/image\/"}}]}},"_links":{"self":[{"href":"https:\/\/rozewines.com\/de\/wp-json\/wp\/v2\/product\/3211"}],"collection":[{"href":"https:\/\/rozewines.com\/de\/wp-json\/wp\/v2\/product"}],"about":[{"href":"https:\/\/rozewines.com\/de\/wp-json\/wp\/v2\/types\/product"}],"replies":[{"embeddable":true,"href":"https:\/\/rozewines.com\/de\/wp-json\/wp\/v2\/comments?post=3211"}],"wp:featuredmedia":[{"embeddable":true,"href":"https:\/\/rozewines.com\/de\/wp-json\/wp\/v2\/media\/3771"}],"wp:attachment":[{"href":"https:\/\/rozewines.com\/de\/wp-json\/wp\/v2\/media?parent=3211"}],"wp:term":[{"taxonomy":"brand","embeddable":true,"href":"https:\/\/rozewines.com\/de\/wp-json\/wp\/v2\/brand?post=3211"},{"taxonomy":"colour","embeddable":true,"href":"https:\/\/rozewines.com\/de\/wp-json\/wp\/v2\/colour?post=3211"},{"taxonomy":"flavour","embeddable":true,"href":"https:\/\/rozewines.com\/de\/wp-json\/wp\/v2\/flavour?post=3211"},{"taxonomy":"grape-variety","embeddable":true,"href":"https:\/\/rozewines.com\/de\/wp-json\/wp\/v2\/grape-variety?post=3211"},{"taxonomy":"harvest-year","embeddable":true,"href":"https:\/\/rozewines.com\/de\/wp-json\/wp\/v2\/harvest-year?post=3211"},{"taxonomy":"region","embeddable":true,"href":"https:\/\/rozewines.com\/de\/wp-json\/wp\/v2\/region?post=3211"},{"taxonomy":"size","embeddable":true,"href":"https:\/\/rozewines.com\/de\/wp-json\/wp\/v2\/size?post=3211"},{"taxonomy":"style","embeddable":true,"href":"https:\/\/rozewines.com\/de\/wp-json\/wp\/v2\/style?post=3211"},{"taxonomy":"technology","embeddable":true,"href":"https:\/\/rozewines.com\/de\/wp-json\/wp\/v2\/technology?post=3211"},{"taxonomy":"product_cat","embeddable":true,"href":"https:\/\/rozewines.com\/de\/wp-json\/wp\/v2\/product_cat?post=3211"},{"taxonomy":"product_tag","embeddable":true,"href":"https:\/\/rozewines.com\/de\/wp-json\/wp\/v2\/product_tag?post=3211"}],"curies":[{"name":"wp","href":"https:\/\/api.w.org\/{rel}","templated":true}]}}