{"id":3217,"date":"2024-05-09T00:19:40","date_gmt":"2024-05-09T00:19:40","guid":{"rendered":"https:\/\/rozewines.com\/product\/ivane-nareklishvili-soehne-weingut-khikhvi-qvevri\/"},"modified":"2024-08-14T09:04:44","modified_gmt":"2024-08-14T09:04:44","slug":"ivane-nareklishvili-soehne-weingut-khikhvi-qvevri","status":"publish","type":"product","link":"https:\/\/rozewines.com\/de\/produkt\/ivane-nareklishvili-soehne-weingut-khikhvi-qvevri\/","title":{"rendered":"Ivane Nareklishvili &#038; S\u00f6hne Weingut &#8211; Khikhvi Qvevri"},"content":{"rendered":"<p>Ivane Nareklishvili &#038; S\u00f6hne Weingut \u2013 Khikhvi Qvevri, ein faszinierender Qvevri-Wein, der f\u00fcr seine aromatische Lebendigkeit und sein komplexes Zusammenspiel von S\u00e4ure und Tanninen bekannt ist. Dieser mit Sorgfalt nach traditionellen Methoden hergestellte Wein verk\u00f6rpert die Essenz des kachetischen Weinbau-Erbes. Aromen von reifem Pfirsich, exotischer Passionsfrucht, duftendem Thymian und Aprikose. Mit seinem lebendigen Profil und den vielschichtigen Aromen erlebt der Wein eine unvergessliche Verkostungsreise, die die reiche Vielfalt des Terroirs und der Kultur widerspiegelt.<\/p>\n","protected":false},"excerpt":{"rendered":"<p>Ivane Nareklishvili &#038; S\u00f6hne Weingut \u2013 Khikhvi Qvevri, ein faszinierender Qvevri-Wein, der f\u00fcr seine aromatische Lebendigkeit und sein komplexes Zusammenspiel von S\u00e4ure und Tanninen bekannt ist. Dieser mit Sorgfalt nach traditionellen Methoden hergestellte Wein verk\u00f6rpert die Essenz des kachetischen Weinbau-Erbes. Aromen von reifem Pfirsich, exotischer Passionsfrucht, duftendem Thymian und Aprikose. Mit seinem lebendigen Profil und &hellip; <a href=\"https:\/\/rozewines.com\/de\/produkt\/ivane-nareklishvili-soehne-weingut-khikhvi-qvevri\/\">Continued<\/a><\/p>\n","protected":false},"featured_media":3575,"comment_status":"closed","ping_status":"closed","template":"","meta":{"_acf_changed":false},"brand":[1796],"colour":[1139],"flavour":[1061,1062,1082],"grape-variety":[1351],"harvest-year":[1166],"region":[1294],"size":[1598],"style":[1271],"technology":[1118],"product_cat":[1382],"product_tag":[],"ams_default_variation_id":0,"ams_product_points_reward":[],"ams_product_discount_percentage":0,"ams_price_to_display":22.5,"acf":[],"ams_acf":[{"key":"food_pairings","label":"Food pairings","value":"Rinderlebereintopf, Nudeln mit Spinat"},{"key":"alcohol_percentage","label":"Alcohol percentage","value":"13%"},{"key":"details","label":"Details","value":{"":null,"acidity":"2","body":"3","sweetness":"0","tannin":"4"}},{"key":"zero_sulfites","label":"Zero sulfites","value":true}],"yoast_head":"<!-- This site is optimized with the Yoast SEO plugin v22.6 - https:\/\/yoast.com\/wordpress\/plugins\/seo\/ -->\n<title>Ivane Nareklishvili &amp; S\u00f6hne Weingut - Khikhvi Qvevri - Roze wines<\/title>\n<meta name=\"robots\" content=\"index, follow, max-snippet:-1, max-image-preview:large, max-video-preview:-1\" \/>\n<link rel=\"canonical\" href=\"https:\/\/rozewines.com\/produkt\/ivane-nareklishvili-sons-winery-khikhvi-qvevri\/\" \/>\n<meta property=\"og:locale\" content=\"de_DE\" \/>\n<meta property=\"og:type\" content=\"article\" \/>\n<meta property=\"og:title\" content=\"Ivane Nareklishvili &amp; S\u00f6hne Weingut - Khikhvi Qvevri - Roze wines\" \/>\n<meta property=\"og:description\" content=\"Ivane Nareklishvili &#038; S\u00f6hne Weingut \u2013 Khikhvi Qvevri, ein faszinierender Qvevri-Wein, der f\u00fcr seine aromatische Lebendigkeit und sein komplexes Zusammenspiel von S\u00e4ure und Tanninen bekannt ist. Dieser mit Sorgfalt nach traditionellen Methoden hergestellte Wein verk\u00f6rpert die Essenz des kachetischen Weinbau-Erbes. Aromen von reifem Pfirsich, exotischer Passionsfrucht, duftendem Thymian und Aprikose. Mit seinem lebendigen Profil und &hellip; Continued\" \/>\n<meta property=\"og:url\" content=\"https:\/\/rozewines.com\/produkt\/ivane-nareklishvili-sons-winery-khikhvi-qvevri\/\" \/>\n<meta property=\"og:site_name\" content=\"Roze wines\" \/>\n<meta property=\"article:modified_time\" content=\"2024-08-14T09:04:44+00:00\" \/>\n<meta property=\"og:image\" content=\"https:\/\/rozewines.com\/app\/uploads\/2024\/05\/Ivane-Nareklishvili-Sons-Winery-Khikhvi-Qvevri-scaled.jpg\" \/>\n\t<meta property=\"og:image:width\" content=\"2560\" \/>\n\t<meta property=\"og:image:height\" content=\"2560\" \/>\n\t<meta property=\"og:image:type\" content=\"image\/jpeg\" \/>\n<meta name=\"twitter:card\" content=\"summary_large_image\" \/>\n<script type=\"application\/ld+json\" class=\"yoast-schema-graph\">{\"@context\":\"https:\/\/schema.org\",\"@graph\":[{\"@type\":\"WebPage\",\"@id\":\"https:\/\/rozewines.com\/produkt\/ivane-nareklishvili-sons-winery-khikhvi-qvevri\/\",\"url\":\"https:\/\/rozewines.com\/produkt\/ivane-nareklishvili-sons-winery-khikhvi-qvevri\/\",\"name\":\"Ivane Nareklishvili & S\u00f6hne Weingut - Khikhvi Qvevri - Roze wines\",\"isPartOf\":{\"@id\":\"https:\/\/rozewines.com\/#website\"},\"primaryImageOfPage\":{\"@id\":\"https:\/\/rozewines.com\/produkt\/ivane-nareklishvili-sons-winery-khikhvi-qvevri\/#primaryimage\"},\"image\":{\"@id\":\"https:\/\/rozewines.com\/produkt\/ivane-nareklishvili-sons-winery-khikhvi-qvevri\/#primaryimage\"},\"thumbnailUrl\":\"https:\/\/rozewines.com\/app\/uploads\/2024\/05\/Ivane-Nareklishvili-Sons-Winery-Khikhvi-Qvevri-scaled.jpg\",\"datePublished\":\"2024-05-09T00:19:40+00:00\",\"dateModified\":\"2024-08-14T09:04:44+00:00\",\"breadcrumb\":{\"@id\":\"https:\/\/rozewines.com\/produkt\/ivane-nareklishvili-sons-winery-khikhvi-qvevri\/#breadcrumb\"},\"inLanguage\":\"de-DE\",\"potentialAction\":[{\"@type\":\"ReadAction\",\"target\":[\"https:\/\/rozewines.com\/produkt\/ivane-nareklishvili-sons-winery-khikhvi-qvevri\/\"]}]},{\"@type\":\"ImageObject\",\"inLanguage\":\"de-DE\",\"@id\":\"https:\/\/rozewines.com\/produkt\/ivane-nareklishvili-sons-winery-khikhvi-qvevri\/#primaryimage\",\"url\":\"https:\/\/rozewines.com\/app\/uploads\/2024\/05\/Ivane-Nareklishvili-Sons-Winery-Khikhvi-Qvevri-scaled.jpg\",\"contentUrl\":\"https:\/\/rozewines.com\/app\/uploads\/2024\/05\/Ivane-Nareklishvili-Sons-Winery-Khikhvi-Qvevri-scaled.jpg\",\"width\":2560,\"height\":2560},{\"@type\":\"BreadcrumbList\",\"@id\":\"https:\/\/rozewines.com\/produkt\/ivane-nareklishvili-sons-winery-khikhvi-qvevri\/#breadcrumb\",\"itemListElement\":[{\"@type\":\"ListItem\",\"position\":1,\"name\":\"Home\",\"item\":\"https:\/\/rozewines.com\/de\/\"},{\"@type\":\"ListItem\",\"position\":2,\"name\":\"Unsere Weine\",\"item\":\"https:\/\/rozewines.com\/de\/musu-vins\/\"},{\"@type\":\"ListItem\",\"position\":3,\"name\":\"Ivane Nareklishvili &#038; S\u00f6hne Weingut &#8211; Khikhvi Qvevri\"}]},{\"@type\":\"WebSite\",\"@id\":\"https:\/\/rozewines.com\/#website\",\"url\":\"https:\/\/rozewines.com\/\",\"name\":\"Roze wines\",\"description\":\"\",\"publisher\":{\"@id\":\"https:\/\/rozewines.com\/#organization\"},\"potentialAction\":[{\"@type\":\"SearchAction\",\"target\":{\"@type\":\"EntryPoint\",\"urlTemplate\":\"https:\/\/rozewines.com\/?s={search_term_string}\"},\"query-input\":\"required name=search_term_string\"}],\"inLanguage\":\"de-DE\"},{\"@type\":\"Organization\",\"@id\":\"https:\/\/rozewines.com\/#organization\",\"name\":\"Roze wines\",\"url\":\"https:\/\/rozewines.com\/\",\"logo\":{\"@type\":\"ImageObject\",\"inLanguage\":\"de-DE\",\"@id\":\"https:\/\/rozewines.com\/#\/schema\/logo\/image\/\",\"url\":\"https:\/\/rozewines.com\/app\/uploads\/2024\/05\/logo.svg\",\"contentUrl\":\"https:\/\/rozewines.com\/app\/uploads\/2024\/05\/logo.svg\",\"width\":144,\"height\":68,\"caption\":\"Roze wines\"},\"image\":{\"@id\":\"https:\/\/rozewines.com\/#\/schema\/logo\/image\/\"}}]}<\/script>\n<!-- \/ Yoast SEO plugin. -->","yoast_head_json":{"title":"Ivane Nareklishvili & S\u00f6hne Weingut - Khikhvi Qvevri - Roze wines","robots":{"index":"index","follow":"follow","max-snippet":"max-snippet:-1","max-image-preview":"max-image-preview:large","max-video-preview":"max-video-preview:-1"},"canonical":"https:\/\/rozewines.com\/produkt\/ivane-nareklishvili-sons-winery-khikhvi-qvevri\/","og_locale":"de_DE","og_type":"article","og_title":"Ivane Nareklishvili & S\u00f6hne Weingut - Khikhvi Qvevri - Roze wines","og_description":"Ivane Nareklishvili &#038; S\u00f6hne Weingut \u2013 Khikhvi Qvevri, ein faszinierender Qvevri-Wein, der f\u00fcr seine aromatische Lebendigkeit und sein komplexes Zusammenspiel von S\u00e4ure und Tanninen bekannt ist. Dieser mit Sorgfalt nach traditionellen Methoden hergestellte Wein verk\u00f6rpert die Essenz des kachetischen Weinbau-Erbes. Aromen von reifem Pfirsich, exotischer Passionsfrucht, duftendem Thymian und Aprikose. Mit seinem lebendigen Profil und &hellip; Continued","og_url":"https:\/\/rozewines.com\/produkt\/ivane-nareklishvili-sons-winery-khikhvi-qvevri\/","og_site_name":"Roze wines","article_modified_time":"2024-08-14T09:04:44+00:00","og_image":[{"width":2560,"height":2560,"url":"https:\/\/rozewines.com\/app\/uploads\/2024\/05\/Ivane-Nareklishvili-Sons-Winery-Khikhvi-Qvevri-scaled.jpg","type":"image\/jpeg"}],"twitter_card":"summary_large_image","schema":{"@context":"https:\/\/schema.org","@graph":[{"@type":"WebPage","@id":"https:\/\/rozewines.com\/produkt\/ivane-nareklishvili-sons-winery-khikhvi-qvevri\/","url":"https:\/\/rozewines.com\/produkt\/ivane-nareklishvili-sons-winery-khikhvi-qvevri\/","name":"Ivane Nareklishvili & S\u00f6hne Weingut - Khikhvi Qvevri - Roze wines","isPartOf":{"@id":"https:\/\/rozewines.com\/#website"},"primaryImageOfPage":{"@id":"https:\/\/rozewines.com\/produkt\/ivane-nareklishvili-sons-winery-khikhvi-qvevri\/#primaryimage"},"image":{"@id":"https:\/\/rozewines.com\/produkt\/ivane-nareklishvili-sons-winery-khikhvi-qvevri\/#primaryimage"},"thumbnailUrl":"https:\/\/rozewines.com\/app\/uploads\/2024\/05\/Ivane-Nareklishvili-Sons-Winery-Khikhvi-Qvevri-scaled.jpg","datePublished":"2024-05-09T00:19:40+00:00","dateModified":"2024-08-14T09:04:44+00:00","breadcrumb":{"@id":"https:\/\/rozewines.com\/produkt\/ivane-nareklishvili-sons-winery-khikhvi-qvevri\/#breadcrumb"},"inLanguage":"de-DE","potentialAction":[{"@type":"ReadAction","target":["https:\/\/rozewines.com\/produkt\/ivane-nareklishvili-sons-winery-khikhvi-qvevri\/"]}]},{"@type":"ImageObject","inLanguage":"de-DE","@id":"https:\/\/rozewines.com\/produkt\/ivane-nareklishvili-sons-winery-khikhvi-qvevri\/#primaryimage","url":"https:\/\/rozewines.com\/app\/uploads\/2024\/05\/Ivane-Nareklishvili-Sons-Winery-Khikhvi-Qvevri-scaled.jpg","contentUrl":"https:\/\/rozewines.com\/app\/uploads\/2024\/05\/Ivane-Nareklishvili-Sons-Winery-Khikhvi-Qvevri-scaled.jpg","width":2560,"height":2560},{"@type":"BreadcrumbList","@id":"https:\/\/rozewines.com\/produkt\/ivane-nareklishvili-sons-winery-khikhvi-qvevri\/#breadcrumb","itemListElement":[{"@type":"ListItem","position":1,"name":"Home","item":"https:\/\/rozewines.com\/de\/"},{"@type":"ListItem","position":2,"name":"Unsere Weine","item":"https:\/\/rozewines.com\/de\/musu-vins\/"},{"@type":"ListItem","position":3,"name":"Ivane Nareklishvili &#038; S\u00f6hne Weingut &#8211; Khikhvi Qvevri"}]},{"@type":"WebSite","@id":"https:\/\/rozewines.com\/#website","url":"https:\/\/rozewines.com\/","name":"Roze wines","description":"","publisher":{"@id":"https:\/\/rozewines.com\/#organization"},"potentialAction":[{"@type":"SearchAction","target":{"@type":"EntryPoint","urlTemplate":"https:\/\/rozewines.com\/?s={search_term_string}"},"query-input":"required name=search_term_string"}],"inLanguage":"de-DE"},{"@type":"Organization","@id":"https:\/\/rozewines.com\/#organization","name":"Roze wines","url":"https:\/\/rozewines.com\/","logo":{"@type":"ImageObject","inLanguage":"de-DE","@id":"https:\/\/rozewines.com\/#\/schema\/logo\/image\/","url":"https:\/\/rozewines.com\/app\/uploads\/2024\/05\/logo.svg","contentUrl":"https:\/\/rozewines.com\/app\/uploads\/2024\/05\/logo.svg","width":144,"height":68,"caption":"Roze wines"},"image":{"@id":"https:\/\/rozewines.com\/#\/schema\/logo\/image\/"}}]}},"_links":{"self":[{"href":"https:\/\/rozewines.com\/de\/wp-json\/wp\/v2\/product\/3217"}],"collection":[{"href":"https:\/\/rozewines.com\/de\/wp-json\/wp\/v2\/product"}],"about":[{"href":"https:\/\/rozewines.com\/de\/wp-json\/wp\/v2\/types\/product"}],"replies":[{"embeddable":true,"href":"https:\/\/rozewines.com\/de\/wp-json\/wp\/v2\/comments?post=3217"}],"wp:featuredmedia":[{"embeddable":true,"href":"https:\/\/rozewines.com\/de\/wp-json\/wp\/v2\/media\/3575"}],"wp:attachment":[{"href":"https:\/\/rozewines.com\/de\/wp-json\/wp\/v2\/media?parent=3217"}],"wp:term":[{"taxonomy":"brand","embeddable":true,"href":"https:\/\/rozewines.com\/de\/wp-json\/wp\/v2\/brand?post=3217"},{"taxonomy":"colour","embeddable":true,"href":"https:\/\/rozewines.com\/de\/wp-json\/wp\/v2\/colour?post=3217"},{"taxonomy":"flavour","embeddable":true,"href":"https:\/\/rozewines.com\/de\/wp-json\/wp\/v2\/flavour?post=3217"},{"taxonomy":"grape-variety","embeddable":true,"href":"https:\/\/rozewines.com\/de\/wp-json\/wp\/v2\/grape-variety?post=3217"},{"taxonomy":"harvest-year","embeddable":true,"href":"https:\/\/rozewines.com\/de\/wp-json\/wp\/v2\/harvest-year?post=3217"},{"taxonomy":"region","embeddable":true,"href":"https:\/\/rozewines.com\/de\/wp-json\/wp\/v2\/region?post=3217"},{"taxonomy":"size","embeddable":true,"href":"https:\/\/rozewines.com\/de\/wp-json\/wp\/v2\/size?post=3217"},{"taxonomy":"style","embeddable":true,"href":"https:\/\/rozewines.com\/de\/wp-json\/wp\/v2\/style?post=3217"},{"taxonomy":"technology","embeddable":true,"href":"https:\/\/rozewines.com\/de\/wp-json\/wp\/v2\/technology?post=3217"},{"taxonomy":"product_cat","embeddable":true,"href":"https:\/\/rozewines.com\/de\/wp-json\/wp\/v2\/product_cat?post=3217"},{"taxonomy":"product_tag","embeddable":true,"href":"https:\/\/rozewines.com\/de\/wp-json\/wp\/v2\/product_tag?post=3217"}],"curies":[{"name":"wp","href":"https:\/\/api.w.org\/{rel}","templated":true}]}}