{"id":3218,"date":"2024-05-09T00:19:40","date_gmt":"2024-05-09T00:19:40","guid":{"rendered":"https:\/\/rozewines.com\/product\/chelti-qisi-kvevri-2020\/"},"modified":"2024-08-14T09:04:43","modified_gmt":"2024-08-14T09:04:43","slug":"chelti-qisi-kvevri-2020","status":"publish","type":"product","link":"https:\/\/rozewines.com\/de\/produkt\/chelti-qisi-kvevri-2020\/","title":{"rendered":"Chelti &#8211; Qisi Kvevri 2020"},"content":{"rendered":"<p>Chelti &#8211; Kisi Qvevri 2020, Qvevri-Wein, bekannt f\u00fcr seine fruchtigen Aromen und sein harmonisches Gleichgewicht zwischen Tanninen und S\u00e4ure. Dieser mit Sorgfalt hergestellte Wein bietet eine k\u00f6stliche Geschmacksmischung. Genie\u00dfen Sie die verf\u00fchrerischen Aromen von reifer Quitte, Pfirsich, saftiger Melone und s\u00fc\u00dfer Aprikose. Mit seinem abgerundeten Profil und seinem lebendigen Charakter sorgt der ausgewogene Komplex zwischen S\u00e4ure und Tanninen f\u00fcr einen runden und weichen Abgang.<\/p>\n","protected":false},"excerpt":{"rendered":"<p>Chelti &#8211; Kisi Qvevri 2020, Qvevri-Wein, bekannt f\u00fcr seine fruchtigen Aromen und sein harmonisches Gleichgewicht zwischen Tanninen und S\u00e4ure. Dieser mit Sorgfalt hergestellte Wein bietet eine k\u00f6stliche Geschmacksmischung. Genie\u00dfen Sie die verf\u00fchrerischen Aromen von reifer Quitte, Pfirsich, saftiger Melone und s\u00fc\u00dfer Aprikose. Mit seinem abgerundeten Profil und seinem lebendigen Charakter sorgt der ausgewogene Komplex zwischen &hellip; <a href=\"https:\/\/rozewines.com\/de\/produkt\/chelti-qisi-kvevri-2020\/\">Continued<\/a><\/p>\n","protected":false},"featured_media":3487,"comment_status":"closed","ping_status":"closed","template":"","meta":{"_acf_changed":false},"brand":[1780],"colour":[1139],"flavour":[1062,1068],"grape-variety":[1352],"harvest-year":[1154],"region":[1294],"size":[1598],"style":[1271],"technology":[1118],"product_cat":[1382],"product_tag":[],"ams_default_variation_id":0,"ams_product_points_reward":[],"ams_product_discount_percentage":0,"ams_price_to_display":27.5,"acf":[],"ams_acf":[{"key":"food_pairings","label":"Food pairings","value":"Chakapuli mit Lamm, w\u00fcrzige Br\u00f6tchen"},{"key":"alcohol_percentage","label":"Alcohol percentage","value":"13%"}],"yoast_head":"<!-- This site is optimized with the Yoast SEO plugin v22.6 - https:\/\/yoast.com\/wordpress\/plugins\/seo\/ -->\n<title>Chelti - Qisi Kvevri 2020 - Roze wines<\/title>\n<meta name=\"robots\" content=\"index, follow, max-snippet:-1, max-image-preview:large, max-video-preview:-1\" \/>\n<link rel=\"canonical\" href=\"https:\/\/rozewines.com\/de\/produkt\/chelti-qisi-kvevri-2020\/\" \/>\n<meta property=\"og:locale\" content=\"de_DE\" \/>\n<meta property=\"og:type\" content=\"article\" \/>\n<meta property=\"og:title\" content=\"Chelti - Qisi Kvevri 2020 - Roze wines\" \/>\n<meta property=\"og:description\" content=\"Chelti &#8211; Kisi Qvevri 2020, Qvevri-Wein, bekannt f\u00fcr seine fruchtigen Aromen und sein harmonisches Gleichgewicht zwischen Tanninen und S\u00e4ure. Dieser mit Sorgfalt hergestellte Wein bietet eine k\u00f6stliche Geschmacksmischung. Genie\u00dfen Sie die verf\u00fchrerischen Aromen von reifer Quitte, Pfirsich, saftiger Melone und s\u00fc\u00dfer Aprikose. Mit seinem abgerundeten Profil und seinem lebendigen Charakter sorgt der ausgewogene Komplex zwischen &hellip; Continued\" \/>\n<meta property=\"og:url\" content=\"https:\/\/rozewines.com\/de\/produkt\/chelti-qisi-kvevri-2020\/\" \/>\n<meta property=\"og:site_name\" content=\"Roze wines\" \/>\n<meta property=\"article:modified_time\" content=\"2024-08-14T09:04:43+00:00\" \/>\n<meta property=\"og:image\" content=\"https:\/\/rozewines.com\/app\/uploads\/2024\/05\/Chelti-Kisi-Qvevri-2020-scaled.jpg\" \/>\n\t<meta property=\"og:image:width\" content=\"2560\" \/>\n\t<meta property=\"og:image:height\" content=\"2560\" \/>\n\t<meta property=\"og:image:type\" content=\"image\/jpeg\" \/>\n<meta name=\"twitter:card\" content=\"summary_large_image\" \/>\n<script type=\"application\/ld+json\" class=\"yoast-schema-graph\">{\"@context\":\"https:\/\/schema.org\",\"@graph\":[{\"@type\":\"WebPage\",\"@id\":\"https:\/\/rozewines.com\/de\/produkt\/chelti-qisi-kvevri-2020\/\",\"url\":\"https:\/\/rozewines.com\/de\/produkt\/chelti-qisi-kvevri-2020\/\",\"name\":\"Chelti - Qisi Kvevri 2020 - Roze wines\",\"isPartOf\":{\"@id\":\"https:\/\/rozewines.com\/#website\"},\"primaryImageOfPage\":{\"@id\":\"https:\/\/rozewines.com\/de\/produkt\/chelti-qisi-kvevri-2020\/#primaryimage\"},\"image\":{\"@id\":\"https:\/\/rozewines.com\/de\/produkt\/chelti-qisi-kvevri-2020\/#primaryimage\"},\"thumbnailUrl\":\"https:\/\/rozewines.com\/app\/uploads\/2024\/05\/Chelti-Kisi-Qvevri-2020-scaled.jpg\",\"datePublished\":\"2024-05-09T00:19:40+00:00\",\"dateModified\":\"2024-08-14T09:04:43+00:00\",\"breadcrumb\":{\"@id\":\"https:\/\/rozewines.com\/de\/produkt\/chelti-qisi-kvevri-2020\/#breadcrumb\"},\"inLanguage\":\"de-DE\",\"potentialAction\":[{\"@type\":\"ReadAction\",\"target\":[\"https:\/\/rozewines.com\/de\/produkt\/chelti-qisi-kvevri-2020\/\"]}]},{\"@type\":\"ImageObject\",\"inLanguage\":\"de-DE\",\"@id\":\"https:\/\/rozewines.com\/de\/produkt\/chelti-qisi-kvevri-2020\/#primaryimage\",\"url\":\"https:\/\/rozewines.com\/app\/uploads\/2024\/05\/Chelti-Kisi-Qvevri-2020-scaled.jpg\",\"contentUrl\":\"https:\/\/rozewines.com\/app\/uploads\/2024\/05\/Chelti-Kisi-Qvevri-2020-scaled.jpg\",\"width\":2560,\"height\":2560},{\"@type\":\"BreadcrumbList\",\"@id\":\"https:\/\/rozewines.com\/de\/produkt\/chelti-qisi-kvevri-2020\/#breadcrumb\",\"itemListElement\":[{\"@type\":\"ListItem\",\"position\":1,\"name\":\"Home\",\"item\":\"https:\/\/rozewines.com\/de\/\"},{\"@type\":\"ListItem\",\"position\":2,\"name\":\"Unsere Weine\",\"item\":\"https:\/\/rozewines.com\/de\/musu-vins\/\"},{\"@type\":\"ListItem\",\"position\":3,\"name\":\"Chelti &#8211; Qisi Kvevri 2020\"}]},{\"@type\":\"WebSite\",\"@id\":\"https:\/\/rozewines.com\/#website\",\"url\":\"https:\/\/rozewines.com\/\",\"name\":\"Roze wines\",\"description\":\"\",\"publisher\":{\"@id\":\"https:\/\/rozewines.com\/#organization\"},\"potentialAction\":[{\"@type\":\"SearchAction\",\"target\":{\"@type\":\"EntryPoint\",\"urlTemplate\":\"https:\/\/rozewines.com\/?s={search_term_string}\"},\"query-input\":\"required name=search_term_string\"}],\"inLanguage\":\"de-DE\"},{\"@type\":\"Organization\",\"@id\":\"https:\/\/rozewines.com\/#organization\",\"name\":\"Roze wines\",\"url\":\"https:\/\/rozewines.com\/\",\"logo\":{\"@type\":\"ImageObject\",\"inLanguage\":\"de-DE\",\"@id\":\"https:\/\/rozewines.com\/#\/schema\/logo\/image\/\",\"url\":\"https:\/\/rozewines.com\/app\/uploads\/2024\/05\/logo.svg\",\"contentUrl\":\"https:\/\/rozewines.com\/app\/uploads\/2024\/05\/logo.svg\",\"width\":144,\"height\":68,\"caption\":\"Roze wines\"},\"image\":{\"@id\":\"https:\/\/rozewines.com\/#\/schema\/logo\/image\/\"}}]}<\/script>\n<!-- \/ Yoast SEO plugin. -->","yoast_head_json":{"title":"Chelti - Qisi Kvevri 2020 - Roze wines","robots":{"index":"index","follow":"follow","max-snippet":"max-snippet:-1","max-image-preview":"max-image-preview:large","max-video-preview":"max-video-preview:-1"},"canonical":"https:\/\/rozewines.com\/de\/produkt\/chelti-qisi-kvevri-2020\/","og_locale":"de_DE","og_type":"article","og_title":"Chelti - Qisi Kvevri 2020 - Roze wines","og_description":"Chelti &#8211; Kisi Qvevri 2020, Qvevri-Wein, bekannt f\u00fcr seine fruchtigen Aromen und sein harmonisches Gleichgewicht zwischen Tanninen und S\u00e4ure. Dieser mit Sorgfalt hergestellte Wein bietet eine k\u00f6stliche Geschmacksmischung. Genie\u00dfen Sie die verf\u00fchrerischen Aromen von reifer Quitte, Pfirsich, saftiger Melone und s\u00fc\u00dfer Aprikose. Mit seinem abgerundeten Profil und seinem lebendigen Charakter sorgt der ausgewogene Komplex zwischen &hellip; Continued","og_url":"https:\/\/rozewines.com\/de\/produkt\/chelti-qisi-kvevri-2020\/","og_site_name":"Roze wines","article_modified_time":"2024-08-14T09:04:43+00:00","og_image":[{"width":2560,"height":2560,"url":"https:\/\/rozewines.com\/app\/uploads\/2024\/05\/Chelti-Kisi-Qvevri-2020-scaled.jpg","type":"image\/jpeg"}],"twitter_card":"summary_large_image","schema":{"@context":"https:\/\/schema.org","@graph":[{"@type":"WebPage","@id":"https:\/\/rozewines.com\/de\/produkt\/chelti-qisi-kvevri-2020\/","url":"https:\/\/rozewines.com\/de\/produkt\/chelti-qisi-kvevri-2020\/","name":"Chelti - Qisi Kvevri 2020 - Roze wines","isPartOf":{"@id":"https:\/\/rozewines.com\/#website"},"primaryImageOfPage":{"@id":"https:\/\/rozewines.com\/de\/produkt\/chelti-qisi-kvevri-2020\/#primaryimage"},"image":{"@id":"https:\/\/rozewines.com\/de\/produkt\/chelti-qisi-kvevri-2020\/#primaryimage"},"thumbnailUrl":"https:\/\/rozewines.com\/app\/uploads\/2024\/05\/Chelti-Kisi-Qvevri-2020-scaled.jpg","datePublished":"2024-05-09T00:19:40+00:00","dateModified":"2024-08-14T09:04:43+00:00","breadcrumb":{"@id":"https:\/\/rozewines.com\/de\/produkt\/chelti-qisi-kvevri-2020\/#breadcrumb"},"inLanguage":"de-DE","potentialAction":[{"@type":"ReadAction","target":["https:\/\/rozewines.com\/de\/produkt\/chelti-qisi-kvevri-2020\/"]}]},{"@type":"ImageObject","inLanguage":"de-DE","@id":"https:\/\/rozewines.com\/de\/produkt\/chelti-qisi-kvevri-2020\/#primaryimage","url":"https:\/\/rozewines.com\/app\/uploads\/2024\/05\/Chelti-Kisi-Qvevri-2020-scaled.jpg","contentUrl":"https:\/\/rozewines.com\/app\/uploads\/2024\/05\/Chelti-Kisi-Qvevri-2020-scaled.jpg","width":2560,"height":2560},{"@type":"BreadcrumbList","@id":"https:\/\/rozewines.com\/de\/produkt\/chelti-qisi-kvevri-2020\/#breadcrumb","itemListElement":[{"@type":"ListItem","position":1,"name":"Home","item":"https:\/\/rozewines.com\/de\/"},{"@type":"ListItem","position":2,"name":"Unsere Weine","item":"https:\/\/rozewines.com\/de\/musu-vins\/"},{"@type":"ListItem","position":3,"name":"Chelti &#8211; Qisi Kvevri 2020"}]},{"@type":"WebSite","@id":"https:\/\/rozewines.com\/#website","url":"https:\/\/rozewines.com\/","name":"Roze wines","description":"","publisher":{"@id":"https:\/\/rozewines.com\/#organization"},"potentialAction":[{"@type":"SearchAction","target":{"@type":"EntryPoint","urlTemplate":"https:\/\/rozewines.com\/?s={search_term_string}"},"query-input":"required name=search_term_string"}],"inLanguage":"de-DE"},{"@type":"Organization","@id":"https:\/\/rozewines.com\/#organization","name":"Roze wines","url":"https:\/\/rozewines.com\/","logo":{"@type":"ImageObject","inLanguage":"de-DE","@id":"https:\/\/rozewines.com\/#\/schema\/logo\/image\/","url":"https:\/\/rozewines.com\/app\/uploads\/2024\/05\/logo.svg","contentUrl":"https:\/\/rozewines.com\/app\/uploads\/2024\/05\/logo.svg","width":144,"height":68,"caption":"Roze wines"},"image":{"@id":"https:\/\/rozewines.com\/#\/schema\/logo\/image\/"}}]}},"_links":{"self":[{"href":"https:\/\/rozewines.com\/de\/wp-json\/wp\/v2\/product\/3218"}],"collection":[{"href":"https:\/\/rozewines.com\/de\/wp-json\/wp\/v2\/product"}],"about":[{"href":"https:\/\/rozewines.com\/de\/wp-json\/wp\/v2\/types\/product"}],"replies":[{"embeddable":true,"href":"https:\/\/rozewines.com\/de\/wp-json\/wp\/v2\/comments?post=3218"}],"wp:featuredmedia":[{"embeddable":true,"href":"https:\/\/rozewines.com\/de\/wp-json\/wp\/v2\/media\/3487"}],"wp:attachment":[{"href":"https:\/\/rozewines.com\/de\/wp-json\/wp\/v2\/media?parent=3218"}],"wp:term":[{"taxonomy":"brand","embeddable":true,"href":"https:\/\/rozewines.com\/de\/wp-json\/wp\/v2\/brand?post=3218"},{"taxonomy":"colour","embeddable":true,"href":"https:\/\/rozewines.com\/de\/wp-json\/wp\/v2\/colour?post=3218"},{"taxonomy":"flavour","embeddable":true,"href":"https:\/\/rozewines.com\/de\/wp-json\/wp\/v2\/flavour?post=3218"},{"taxonomy":"grape-variety","embeddable":true,"href":"https:\/\/rozewines.com\/de\/wp-json\/wp\/v2\/grape-variety?post=3218"},{"taxonomy":"harvest-year","embeddable":true,"href":"https:\/\/rozewines.com\/de\/wp-json\/wp\/v2\/harvest-year?post=3218"},{"taxonomy":"region","embeddable":true,"href":"https:\/\/rozewines.com\/de\/wp-json\/wp\/v2\/region?post=3218"},{"taxonomy":"size","embeddable":true,"href":"https:\/\/rozewines.com\/de\/wp-json\/wp\/v2\/size?post=3218"},{"taxonomy":"style","embeddable":true,"href":"https:\/\/rozewines.com\/de\/wp-json\/wp\/v2\/style?post=3218"},{"taxonomy":"technology","embeddable":true,"href":"https:\/\/rozewines.com\/de\/wp-json\/wp\/v2\/technology?post=3218"},{"taxonomy":"product_cat","embeddable":true,"href":"https:\/\/rozewines.com\/de\/wp-json\/wp\/v2\/product_cat?post=3218"},{"taxonomy":"product_tag","embeddable":true,"href":"https:\/\/rozewines.com\/de\/wp-json\/wp\/v2\/product_tag?post=3218"}],"curies":[{"name":"wp","href":"https:\/\/api.w.org\/{rel}","templated":true}]}}