{"id":3220,"date":"2024-05-09T00:19:40","date_gmt":"2024-05-09T00:19:40","guid":{"rendered":"https:\/\/rozewines.com\/product\/ivane-nareklishvili-soehne-weingut-kisi-qvevri\/"},"modified":"2024-08-14T09:04:27","modified_gmt":"2024-08-14T09:04:27","slug":"ivane-nareklishvili-soehne-weingut-kisi-qvevri","status":"publish","type":"product","link":"https:\/\/rozewines.com\/de\/produkt\/ivane-nareklishvili-soehne-weingut-kisi-qvevri\/","title":{"rendered":"Ivane Nareklishvili &#038; S\u00f6hne Weingut &#8211; Kisi Qvevri"},"content":{"rendered":"<p>Ivane Nareklishvili &#038; S\u00f6hne Weingut \u2013 Kisi Qvevri, ein erhabener Ausdruck georgischer Weinbautradition. Dieser aromatische Wein wird mit gr\u00f6\u00dfter Sorgfalt in Qvevri hergestellt und bietet eine perfekte Balance und eine samtige Textur. Erfreuen Sie Ihre Sinne mit den zarten Aromen von getrockneten Bl\u00e4ttern, k\u00f6stlichen Feigen, reifen Pfirsichen und Nelken. Mit seinem harmonischen Profil und den raffinierten Tanninen l\u00e4dt er Sie zu einem Geschmackserlebnis ein, die Essenz des georgischen Terroirs und der georgischen Kultur in jedem Schluck zu genie\u00dfen.<\/p>\n","protected":false},"excerpt":{"rendered":"<p>Ivane Nareklishvili &#038; S\u00f6hne Weingut \u2013 Kisi Qvevri, ein erhabener Ausdruck georgischer Weinbautradition. Dieser aromatische Wein wird mit gr\u00f6\u00dfter Sorgfalt in Qvevri hergestellt und bietet eine perfekte Balance und eine samtige Textur. Erfreuen Sie Ihre Sinne mit den zarten Aromen von getrockneten Bl\u00e4ttern, k\u00f6stlichen Feigen, reifen Pfirsichen und Nelken. Mit seinem harmonischen Profil und den &hellip; <a href=\"https:\/\/rozewines.com\/de\/produkt\/ivane-nareklishvili-soehne-weingut-kisi-qvevri\/\">Continued<\/a><\/p>\n","protected":false},"featured_media":3579,"comment_status":"closed","ping_status":"closed","template":"","meta":{"_acf_changed":false},"brand":[1796],"colour":[1139],"flavour":[1030,1024,1062],"grape-variety":[1352],"harvest-year":[1166],"region":[1294],"size":[1598],"style":[1271],"technology":[1118],"product_cat":[1382],"product_tag":[],"ams_default_variation_id":0,"ams_product_points_reward":[],"ams_product_discount_percentage":0,"ams_price_to_display":23.3,"acf":[],"ams_acf":[{"key":"food_pairings","label":"Food pairings","value":"Goudak\u00e4se, H\u00fchnchen mit Estragon"},{"key":"alcohol_percentage","label":"Alcohol percentage","value":"13%"},{"key":"details","label":"Details","value":{"":null,"acidity":"3","body":"3","sweetness":"0","tannin":"4"}},{"key":"zero_sulfites","label":"Zero sulfites","value":true}],"yoast_head":"<!-- This site is optimized with the Yoast SEO plugin v22.6 - https:\/\/yoast.com\/wordpress\/plugins\/seo\/ -->\n<title>Ivane Nareklishvili &amp; S\u00f6hne Weingut - Kisi Qvevri - Roze wines<\/title>\n<meta name=\"robots\" content=\"index, follow, max-snippet:-1, max-image-preview:large, max-video-preview:-1\" \/>\n<link rel=\"canonical\" href=\"https:\/\/rozewines.com\/produkt\/ivane-nareklishvili-sons-winery-kisi-qvevri\/\" \/>\n<meta property=\"og:locale\" content=\"de_DE\" \/>\n<meta property=\"og:type\" content=\"article\" \/>\n<meta property=\"og:title\" content=\"Ivane Nareklishvili &amp; S\u00f6hne Weingut - Kisi Qvevri - Roze wines\" \/>\n<meta property=\"og:description\" content=\"Ivane Nareklishvili &#038; S\u00f6hne Weingut \u2013 Kisi Qvevri, ein erhabener Ausdruck georgischer Weinbautradition. Dieser aromatische Wein wird mit gr\u00f6\u00dfter Sorgfalt in Qvevri hergestellt und bietet eine perfekte Balance und eine samtige Textur. Erfreuen Sie Ihre Sinne mit den zarten Aromen von getrockneten Bl\u00e4ttern, k\u00f6stlichen Feigen, reifen Pfirsichen und Nelken. Mit seinem harmonischen Profil und den &hellip; Continued\" \/>\n<meta property=\"og:url\" content=\"https:\/\/rozewines.com\/produkt\/ivane-nareklishvili-sons-winery-kisi-qvevri\/\" \/>\n<meta property=\"og:site_name\" content=\"Roze wines\" \/>\n<meta property=\"article:modified_time\" content=\"2024-08-14T09:04:27+00:00\" \/>\n<meta property=\"og:image\" content=\"https:\/\/rozewines.com\/app\/uploads\/2024\/05\/Ivane-Nareklishvili-Sons-Winery-Kisi-Qvevri-scaled.jpg\" \/>\n\t<meta property=\"og:image:width\" content=\"2560\" \/>\n\t<meta property=\"og:image:height\" content=\"2560\" \/>\n\t<meta property=\"og:image:type\" content=\"image\/jpeg\" \/>\n<meta name=\"twitter:card\" content=\"summary_large_image\" \/>\n<script type=\"application\/ld+json\" class=\"yoast-schema-graph\">{\"@context\":\"https:\/\/schema.org\",\"@graph\":[{\"@type\":\"WebPage\",\"@id\":\"https:\/\/rozewines.com\/produkt\/ivane-nareklishvili-sons-winery-kisi-qvevri\/\",\"url\":\"https:\/\/rozewines.com\/produkt\/ivane-nareklishvili-sons-winery-kisi-qvevri\/\",\"name\":\"Ivane Nareklishvili & S\u00f6hne Weingut - Kisi Qvevri - Roze wines\",\"isPartOf\":{\"@id\":\"https:\/\/rozewines.com\/#website\"},\"primaryImageOfPage\":{\"@id\":\"https:\/\/rozewines.com\/produkt\/ivane-nareklishvili-sons-winery-kisi-qvevri\/#primaryimage\"},\"image\":{\"@id\":\"https:\/\/rozewines.com\/produkt\/ivane-nareklishvili-sons-winery-kisi-qvevri\/#primaryimage\"},\"thumbnailUrl\":\"https:\/\/rozewines.com\/app\/uploads\/2024\/05\/Ivane-Nareklishvili-Sons-Winery-Kisi-Qvevri-scaled.jpg\",\"datePublished\":\"2024-05-09T00:19:40+00:00\",\"dateModified\":\"2024-08-14T09:04:27+00:00\",\"breadcrumb\":{\"@id\":\"https:\/\/rozewines.com\/produkt\/ivane-nareklishvili-sons-winery-kisi-qvevri\/#breadcrumb\"},\"inLanguage\":\"de-DE\",\"potentialAction\":[{\"@type\":\"ReadAction\",\"target\":[\"https:\/\/rozewines.com\/produkt\/ivane-nareklishvili-sons-winery-kisi-qvevri\/\"]}]},{\"@type\":\"ImageObject\",\"inLanguage\":\"de-DE\",\"@id\":\"https:\/\/rozewines.com\/produkt\/ivane-nareklishvili-sons-winery-kisi-qvevri\/#primaryimage\",\"url\":\"https:\/\/rozewines.com\/app\/uploads\/2024\/05\/Ivane-Nareklishvili-Sons-Winery-Kisi-Qvevri-scaled.jpg\",\"contentUrl\":\"https:\/\/rozewines.com\/app\/uploads\/2024\/05\/Ivane-Nareklishvili-Sons-Winery-Kisi-Qvevri-scaled.jpg\",\"width\":2560,\"height\":2560},{\"@type\":\"BreadcrumbList\",\"@id\":\"https:\/\/rozewines.com\/produkt\/ivane-nareklishvili-sons-winery-kisi-qvevri\/#breadcrumb\",\"itemListElement\":[{\"@type\":\"ListItem\",\"position\":1,\"name\":\"Home\",\"item\":\"https:\/\/rozewines.com\/de\/\"},{\"@type\":\"ListItem\",\"position\":2,\"name\":\"Unsere Weine\",\"item\":\"https:\/\/rozewines.com\/de\/musu-vins\/\"},{\"@type\":\"ListItem\",\"position\":3,\"name\":\"Ivane Nareklishvili &#038; S\u00f6hne Weingut &#8211; Kisi Qvevri\"}]},{\"@type\":\"WebSite\",\"@id\":\"https:\/\/rozewines.com\/#website\",\"url\":\"https:\/\/rozewines.com\/\",\"name\":\"Roze wines\",\"description\":\"\",\"publisher\":{\"@id\":\"https:\/\/rozewines.com\/#organization\"},\"potentialAction\":[{\"@type\":\"SearchAction\",\"target\":{\"@type\":\"EntryPoint\",\"urlTemplate\":\"https:\/\/rozewines.com\/?s={search_term_string}\"},\"query-input\":\"required name=search_term_string\"}],\"inLanguage\":\"de-DE\"},{\"@type\":\"Organization\",\"@id\":\"https:\/\/rozewines.com\/#organization\",\"name\":\"Roze wines\",\"url\":\"https:\/\/rozewines.com\/\",\"logo\":{\"@type\":\"ImageObject\",\"inLanguage\":\"de-DE\",\"@id\":\"https:\/\/rozewines.com\/#\/schema\/logo\/image\/\",\"url\":\"https:\/\/rozewines.com\/app\/uploads\/2024\/05\/logo.svg\",\"contentUrl\":\"https:\/\/rozewines.com\/app\/uploads\/2024\/05\/logo.svg\",\"width\":144,\"height\":68,\"caption\":\"Roze wines\"},\"image\":{\"@id\":\"https:\/\/rozewines.com\/#\/schema\/logo\/image\/\"}}]}<\/script>\n<!-- \/ Yoast SEO plugin. -->","yoast_head_json":{"title":"Ivane Nareklishvili & S\u00f6hne Weingut - Kisi Qvevri - Roze wines","robots":{"index":"index","follow":"follow","max-snippet":"max-snippet:-1","max-image-preview":"max-image-preview:large","max-video-preview":"max-video-preview:-1"},"canonical":"https:\/\/rozewines.com\/produkt\/ivane-nareklishvili-sons-winery-kisi-qvevri\/","og_locale":"de_DE","og_type":"article","og_title":"Ivane Nareklishvili & S\u00f6hne Weingut - Kisi Qvevri - Roze wines","og_description":"Ivane Nareklishvili &#038; S\u00f6hne Weingut \u2013 Kisi Qvevri, ein erhabener Ausdruck georgischer Weinbautradition. Dieser aromatische Wein wird mit gr\u00f6\u00dfter Sorgfalt in Qvevri hergestellt und bietet eine perfekte Balance und eine samtige Textur. Erfreuen Sie Ihre Sinne mit den zarten Aromen von getrockneten Bl\u00e4ttern, k\u00f6stlichen Feigen, reifen Pfirsichen und Nelken. Mit seinem harmonischen Profil und den &hellip; Continued","og_url":"https:\/\/rozewines.com\/produkt\/ivane-nareklishvili-sons-winery-kisi-qvevri\/","og_site_name":"Roze wines","article_modified_time":"2024-08-14T09:04:27+00:00","og_image":[{"width":2560,"height":2560,"url":"https:\/\/rozewines.com\/app\/uploads\/2024\/05\/Ivane-Nareklishvili-Sons-Winery-Kisi-Qvevri-scaled.jpg","type":"image\/jpeg"}],"twitter_card":"summary_large_image","schema":{"@context":"https:\/\/schema.org","@graph":[{"@type":"WebPage","@id":"https:\/\/rozewines.com\/produkt\/ivane-nareklishvili-sons-winery-kisi-qvevri\/","url":"https:\/\/rozewines.com\/produkt\/ivane-nareklishvili-sons-winery-kisi-qvevri\/","name":"Ivane Nareklishvili & S\u00f6hne Weingut - Kisi Qvevri - Roze wines","isPartOf":{"@id":"https:\/\/rozewines.com\/#website"},"primaryImageOfPage":{"@id":"https:\/\/rozewines.com\/produkt\/ivane-nareklishvili-sons-winery-kisi-qvevri\/#primaryimage"},"image":{"@id":"https:\/\/rozewines.com\/produkt\/ivane-nareklishvili-sons-winery-kisi-qvevri\/#primaryimage"},"thumbnailUrl":"https:\/\/rozewines.com\/app\/uploads\/2024\/05\/Ivane-Nareklishvili-Sons-Winery-Kisi-Qvevri-scaled.jpg","datePublished":"2024-05-09T00:19:40+00:00","dateModified":"2024-08-14T09:04:27+00:00","breadcrumb":{"@id":"https:\/\/rozewines.com\/produkt\/ivane-nareklishvili-sons-winery-kisi-qvevri\/#breadcrumb"},"inLanguage":"de-DE","potentialAction":[{"@type":"ReadAction","target":["https:\/\/rozewines.com\/produkt\/ivane-nareklishvili-sons-winery-kisi-qvevri\/"]}]},{"@type":"ImageObject","inLanguage":"de-DE","@id":"https:\/\/rozewines.com\/produkt\/ivane-nareklishvili-sons-winery-kisi-qvevri\/#primaryimage","url":"https:\/\/rozewines.com\/app\/uploads\/2024\/05\/Ivane-Nareklishvili-Sons-Winery-Kisi-Qvevri-scaled.jpg","contentUrl":"https:\/\/rozewines.com\/app\/uploads\/2024\/05\/Ivane-Nareklishvili-Sons-Winery-Kisi-Qvevri-scaled.jpg","width":2560,"height":2560},{"@type":"BreadcrumbList","@id":"https:\/\/rozewines.com\/produkt\/ivane-nareklishvili-sons-winery-kisi-qvevri\/#breadcrumb","itemListElement":[{"@type":"ListItem","position":1,"name":"Home","item":"https:\/\/rozewines.com\/de\/"},{"@type":"ListItem","position":2,"name":"Unsere Weine","item":"https:\/\/rozewines.com\/de\/musu-vins\/"},{"@type":"ListItem","position":3,"name":"Ivane Nareklishvili &#038; S\u00f6hne Weingut &#8211; Kisi Qvevri"}]},{"@type":"WebSite","@id":"https:\/\/rozewines.com\/#website","url":"https:\/\/rozewines.com\/","name":"Roze wines","description":"","publisher":{"@id":"https:\/\/rozewines.com\/#organization"},"potentialAction":[{"@type":"SearchAction","target":{"@type":"EntryPoint","urlTemplate":"https:\/\/rozewines.com\/?s={search_term_string}"},"query-input":"required name=search_term_string"}],"inLanguage":"de-DE"},{"@type":"Organization","@id":"https:\/\/rozewines.com\/#organization","name":"Roze wines","url":"https:\/\/rozewines.com\/","logo":{"@type":"ImageObject","inLanguage":"de-DE","@id":"https:\/\/rozewines.com\/#\/schema\/logo\/image\/","url":"https:\/\/rozewines.com\/app\/uploads\/2024\/05\/logo.svg","contentUrl":"https:\/\/rozewines.com\/app\/uploads\/2024\/05\/logo.svg","width":144,"height":68,"caption":"Roze wines"},"image":{"@id":"https:\/\/rozewines.com\/#\/schema\/logo\/image\/"}}]}},"_links":{"self":[{"href":"https:\/\/rozewines.com\/de\/wp-json\/wp\/v2\/product\/3220"}],"collection":[{"href":"https:\/\/rozewines.com\/de\/wp-json\/wp\/v2\/product"}],"about":[{"href":"https:\/\/rozewines.com\/de\/wp-json\/wp\/v2\/types\/product"}],"replies":[{"embeddable":true,"href":"https:\/\/rozewines.com\/de\/wp-json\/wp\/v2\/comments?post=3220"}],"wp:featuredmedia":[{"embeddable":true,"href":"https:\/\/rozewines.com\/de\/wp-json\/wp\/v2\/media\/3579"}],"wp:attachment":[{"href":"https:\/\/rozewines.com\/de\/wp-json\/wp\/v2\/media?parent=3220"}],"wp:term":[{"taxonomy":"brand","embeddable":true,"href":"https:\/\/rozewines.com\/de\/wp-json\/wp\/v2\/brand?post=3220"},{"taxonomy":"colour","embeddable":true,"href":"https:\/\/rozewines.com\/de\/wp-json\/wp\/v2\/colour?post=3220"},{"taxonomy":"flavour","embeddable":true,"href":"https:\/\/rozewines.com\/de\/wp-json\/wp\/v2\/flavour?post=3220"},{"taxonomy":"grape-variety","embeddable":true,"href":"https:\/\/rozewines.com\/de\/wp-json\/wp\/v2\/grape-variety?post=3220"},{"taxonomy":"harvest-year","embeddable":true,"href":"https:\/\/rozewines.com\/de\/wp-json\/wp\/v2\/harvest-year?post=3220"},{"taxonomy":"region","embeddable":true,"href":"https:\/\/rozewines.com\/de\/wp-json\/wp\/v2\/region?post=3220"},{"taxonomy":"size","embeddable":true,"href":"https:\/\/rozewines.com\/de\/wp-json\/wp\/v2\/size?post=3220"},{"taxonomy":"style","embeddable":true,"href":"https:\/\/rozewines.com\/de\/wp-json\/wp\/v2\/style?post=3220"},{"taxonomy":"technology","embeddable":true,"href":"https:\/\/rozewines.com\/de\/wp-json\/wp\/v2\/technology?post=3220"},{"taxonomy":"product_cat","embeddable":true,"href":"https:\/\/rozewines.com\/de\/wp-json\/wp\/v2\/product_cat?post=3220"},{"taxonomy":"product_tag","embeddable":true,"href":"https:\/\/rozewines.com\/de\/wp-json\/wp\/v2\/product_tag?post=3220"}],"curies":[{"name":"wp","href":"https:\/\/api.w.org\/{rel}","templated":true}]}}