{"id":3221,"date":"2024-05-09T00:19:40","date_gmt":"2024-05-09T00:19:40","guid":{"rendered":"https:\/\/rozewines.com\/product\/barbale-kisi-mtsvane-rkatsiteli2020\/"},"modified":"2024-08-14T09:04:26","modified_gmt":"2024-08-14T09:04:26","slug":"barbale-kisi-mtsvane-rkatsiteli2020","status":"publish","type":"product","link":"https:\/\/rozewines.com\/de\/produkt\/barbale-kisi-mtsvane-rkatsiteli2020\/","title":{"rendered":"Barbale &#8211; Kisi-Mtsvane-Rkatsiteli2020"},"content":{"rendered":"<p>Barbale \u2013 Kisi-Mtsvane-Rkatsiteli 2020, Qvevri-Wein, hergestellt aus einer Mischung von drei verschiedenen kachetischen Trauben. Dieser au\u00dfergew\u00f6hnliche Jahrgang bietet eine harmonische Aromenbalance mit Noten von reifer Mango, Aprikose, duftendem Heu und Orangenschale. Jeder Schluck dieses aromatischen Genusses zeigt das einzigartige Terroir von Kachetien und die sorgf\u00e4ltige Handwerkskunst, die hinter diesem au\u00dfergew\u00f6hnlichen Wein steckt. Mit seinem ausgewogenen Geschmacksprofil und der aromatischen Komplexit\u00e4t hat der Wein einen langen und unvergesslichen Abgang.<\/p>\n","protected":false},"excerpt":{"rendered":"<p>Barbale \u2013 Kisi-Mtsvane-Rkatsiteli 2020, Qvevri-Wein, hergestellt aus einer Mischung von drei verschiedenen kachetischen Trauben. Dieser au\u00dfergew\u00f6hnliche Jahrgang bietet eine harmonische Aromenbalance mit Noten von reifer Mango, Aprikose, duftendem Heu und Orangenschale. Jeder Schluck dieses aromatischen Genusses zeigt das einzigartige Terroir von Kachetien und die sorgf\u00e4ltige Handwerkskunst, die hinter diesem au\u00dfergew\u00f6hnlichen Wein steckt. Mit seinem ausgewogenen &hellip; <a href=\"https:\/\/rozewines.com\/de\/produkt\/barbale-kisi-mtsvane-rkatsiteli2020\/\">Continued<\/a><\/p>\n","protected":false},"featured_media":419,"comment_status":"closed","ping_status":"closed","template":"","meta":{"_acf_changed":false},"brand":[1789],"colour":[1139],"flavour":[994,1037,1051],"grape-variety":[1276],"harvest-year":[1154],"region":[1294],"size":[1598],"style":[1271],"technology":[1118],"product_cat":[1382],"product_tag":[],"ams_default_variation_id":0,"ams_product_points_reward":[],"ams_product_discount_percentage":0,"ams_price_to_display":24.5,"acf":[],"ams_acf":[{"key":"food_pairings","label":"Food pairings","value":"Heuger\u00e4ucherte Entenbrust, gereifter K\u00e4se"},{"key":"alcohol_percentage","label":"Alcohol percentage","value":"13%"}],"yoast_head":"<!-- This site is optimized with the Yoast SEO plugin v22.6 - https:\/\/yoast.com\/wordpress\/plugins\/seo\/ -->\n<title>Barbale - Kisi-Mtsvane-Rkatsiteli2020 - Roze wines<\/title>\n<meta name=\"robots\" content=\"index, follow, max-snippet:-1, max-image-preview:large, max-video-preview:-1\" \/>\n<link rel=\"canonical\" href=\"https:\/\/rozewines.com\/de\/produkt\/barbale-kisi-mtsvane-rkatsiteli2020\/\" \/>\n<meta property=\"og:locale\" content=\"de_DE\" \/>\n<meta property=\"og:type\" content=\"article\" \/>\n<meta property=\"og:title\" content=\"Barbale - Kisi-Mtsvane-Rkatsiteli2020 - Roze wines\" \/>\n<meta property=\"og:description\" content=\"Barbale \u2013 Kisi-Mtsvane-Rkatsiteli 2020, Qvevri-Wein, hergestellt aus einer Mischung von drei verschiedenen kachetischen Trauben. Dieser au\u00dfergew\u00f6hnliche Jahrgang bietet eine harmonische Aromenbalance mit Noten von reifer Mango, Aprikose, duftendem Heu und Orangenschale. Jeder Schluck dieses aromatischen Genusses zeigt das einzigartige Terroir von Kachetien und die sorgf\u00e4ltige Handwerkskunst, die hinter diesem au\u00dfergew\u00f6hnlichen Wein steckt. Mit seinem ausgewogenen &hellip; Continued\" \/>\n<meta property=\"og:url\" content=\"https:\/\/rozewines.com\/de\/produkt\/barbale-kisi-mtsvane-rkatsiteli2020\/\" \/>\n<meta property=\"og:site_name\" content=\"Roze wines\" \/>\n<meta property=\"article:modified_time\" content=\"2024-08-14T09:04:26+00:00\" \/>\n<meta property=\"og:image\" content=\"https:\/\/rozewines.com\/app\/uploads\/2024\/04\/Barbale-Kisi-Mtsvane-Rkatsiteli-2020.jpg\" \/>\n\t<meta property=\"og:image:width\" content=\"2160\" \/>\n\t<meta property=\"og:image:height\" content=\"2160\" \/>\n\t<meta property=\"og:image:type\" content=\"image\/jpeg\" \/>\n<meta name=\"twitter:card\" content=\"summary_large_image\" \/>\n<script type=\"application\/ld+json\" class=\"yoast-schema-graph\">{\"@context\":\"https:\/\/schema.org\",\"@graph\":[{\"@type\":\"WebPage\",\"@id\":\"https:\/\/rozewines.com\/de\/produkt\/barbale-kisi-mtsvane-rkatsiteli2020\/\",\"url\":\"https:\/\/rozewines.com\/de\/produkt\/barbale-kisi-mtsvane-rkatsiteli2020\/\",\"name\":\"Barbale - Kisi-Mtsvane-Rkatsiteli2020 - Roze wines\",\"isPartOf\":{\"@id\":\"https:\/\/rozewines.com\/#website\"},\"primaryImageOfPage\":{\"@id\":\"https:\/\/rozewines.com\/de\/produkt\/barbale-kisi-mtsvane-rkatsiteli2020\/#primaryimage\"},\"image\":{\"@id\":\"https:\/\/rozewines.com\/de\/produkt\/barbale-kisi-mtsvane-rkatsiteli2020\/#primaryimage\"},\"thumbnailUrl\":\"https:\/\/rozewines.com\/app\/uploads\/2024\/04\/Barbale-Kisi-Mtsvane-Rkatsiteli-2020.jpg\",\"datePublished\":\"2024-05-09T00:19:40+00:00\",\"dateModified\":\"2024-08-14T09:04:26+00:00\",\"breadcrumb\":{\"@id\":\"https:\/\/rozewines.com\/de\/produkt\/barbale-kisi-mtsvane-rkatsiteli2020\/#breadcrumb\"},\"inLanguage\":\"de-DE\",\"potentialAction\":[{\"@type\":\"ReadAction\",\"target\":[\"https:\/\/rozewines.com\/de\/produkt\/barbale-kisi-mtsvane-rkatsiteli2020\/\"]}]},{\"@type\":\"ImageObject\",\"inLanguage\":\"de-DE\",\"@id\":\"https:\/\/rozewines.com\/de\/produkt\/barbale-kisi-mtsvane-rkatsiteli2020\/#primaryimage\",\"url\":\"https:\/\/rozewines.com\/app\/uploads\/2024\/04\/Barbale-Kisi-Mtsvane-Rkatsiteli-2020.jpg\",\"contentUrl\":\"https:\/\/rozewines.com\/app\/uploads\/2024\/04\/Barbale-Kisi-Mtsvane-Rkatsiteli-2020.jpg\",\"width\":2160,\"height\":2160},{\"@type\":\"BreadcrumbList\",\"@id\":\"https:\/\/rozewines.com\/de\/produkt\/barbale-kisi-mtsvane-rkatsiteli2020\/#breadcrumb\",\"itemListElement\":[{\"@type\":\"ListItem\",\"position\":1,\"name\":\"Home\",\"item\":\"https:\/\/rozewines.com\/de\/\"},{\"@type\":\"ListItem\",\"position\":2,\"name\":\"Unsere Weine\",\"item\":\"https:\/\/rozewines.com\/de\/musu-vins\/\"},{\"@type\":\"ListItem\",\"position\":3,\"name\":\"Barbale &#8211; Kisi-Mtsvane-Rkatsiteli2020\"}]},{\"@type\":\"WebSite\",\"@id\":\"https:\/\/rozewines.com\/#website\",\"url\":\"https:\/\/rozewines.com\/\",\"name\":\"Roze wines\",\"description\":\"\",\"publisher\":{\"@id\":\"https:\/\/rozewines.com\/#organization\"},\"potentialAction\":[{\"@type\":\"SearchAction\",\"target\":{\"@type\":\"EntryPoint\",\"urlTemplate\":\"https:\/\/rozewines.com\/?s={search_term_string}\"},\"query-input\":\"required name=search_term_string\"}],\"inLanguage\":\"de-DE\"},{\"@type\":\"Organization\",\"@id\":\"https:\/\/rozewines.com\/#organization\",\"name\":\"Roze wines\",\"url\":\"https:\/\/rozewines.com\/\",\"logo\":{\"@type\":\"ImageObject\",\"inLanguage\":\"de-DE\",\"@id\":\"https:\/\/rozewines.com\/#\/schema\/logo\/image\/\",\"url\":\"https:\/\/rozewines.com\/app\/uploads\/2024\/05\/logo.svg\",\"contentUrl\":\"https:\/\/rozewines.com\/app\/uploads\/2024\/05\/logo.svg\",\"width\":144,\"height\":68,\"caption\":\"Roze wines\"},\"image\":{\"@id\":\"https:\/\/rozewines.com\/#\/schema\/logo\/image\/\"}}]}<\/script>\n<!-- \/ Yoast SEO plugin. -->","yoast_head_json":{"title":"Barbale - Kisi-Mtsvane-Rkatsiteli2020 - Roze wines","robots":{"index":"index","follow":"follow","max-snippet":"max-snippet:-1","max-image-preview":"max-image-preview:large","max-video-preview":"max-video-preview:-1"},"canonical":"https:\/\/rozewines.com\/de\/produkt\/barbale-kisi-mtsvane-rkatsiteli2020\/","og_locale":"de_DE","og_type":"article","og_title":"Barbale - Kisi-Mtsvane-Rkatsiteli2020 - Roze wines","og_description":"Barbale \u2013 Kisi-Mtsvane-Rkatsiteli 2020, Qvevri-Wein, hergestellt aus einer Mischung von drei verschiedenen kachetischen Trauben. Dieser au\u00dfergew\u00f6hnliche Jahrgang bietet eine harmonische Aromenbalance mit Noten von reifer Mango, Aprikose, duftendem Heu und Orangenschale. Jeder Schluck dieses aromatischen Genusses zeigt das einzigartige Terroir von Kachetien und die sorgf\u00e4ltige Handwerkskunst, die hinter diesem au\u00dfergew\u00f6hnlichen Wein steckt. Mit seinem ausgewogenen &hellip; Continued","og_url":"https:\/\/rozewines.com\/de\/produkt\/barbale-kisi-mtsvane-rkatsiteli2020\/","og_site_name":"Roze wines","article_modified_time":"2024-08-14T09:04:26+00:00","og_image":[{"width":2160,"height":2160,"url":"https:\/\/rozewines.com\/app\/uploads\/2024\/04\/Barbale-Kisi-Mtsvane-Rkatsiteli-2020.jpg","type":"image\/jpeg"}],"twitter_card":"summary_large_image","schema":{"@context":"https:\/\/schema.org","@graph":[{"@type":"WebPage","@id":"https:\/\/rozewines.com\/de\/produkt\/barbale-kisi-mtsvane-rkatsiteli2020\/","url":"https:\/\/rozewines.com\/de\/produkt\/barbale-kisi-mtsvane-rkatsiteli2020\/","name":"Barbale - Kisi-Mtsvane-Rkatsiteli2020 - Roze wines","isPartOf":{"@id":"https:\/\/rozewines.com\/#website"},"primaryImageOfPage":{"@id":"https:\/\/rozewines.com\/de\/produkt\/barbale-kisi-mtsvane-rkatsiteli2020\/#primaryimage"},"image":{"@id":"https:\/\/rozewines.com\/de\/produkt\/barbale-kisi-mtsvane-rkatsiteli2020\/#primaryimage"},"thumbnailUrl":"https:\/\/rozewines.com\/app\/uploads\/2024\/04\/Barbale-Kisi-Mtsvane-Rkatsiteli-2020.jpg","datePublished":"2024-05-09T00:19:40+00:00","dateModified":"2024-08-14T09:04:26+00:00","breadcrumb":{"@id":"https:\/\/rozewines.com\/de\/produkt\/barbale-kisi-mtsvane-rkatsiteli2020\/#breadcrumb"},"inLanguage":"de-DE","potentialAction":[{"@type":"ReadAction","target":["https:\/\/rozewines.com\/de\/produkt\/barbale-kisi-mtsvane-rkatsiteli2020\/"]}]},{"@type":"ImageObject","inLanguage":"de-DE","@id":"https:\/\/rozewines.com\/de\/produkt\/barbale-kisi-mtsvane-rkatsiteli2020\/#primaryimage","url":"https:\/\/rozewines.com\/app\/uploads\/2024\/04\/Barbale-Kisi-Mtsvane-Rkatsiteli-2020.jpg","contentUrl":"https:\/\/rozewines.com\/app\/uploads\/2024\/04\/Barbale-Kisi-Mtsvane-Rkatsiteli-2020.jpg","width":2160,"height":2160},{"@type":"BreadcrumbList","@id":"https:\/\/rozewines.com\/de\/produkt\/barbale-kisi-mtsvane-rkatsiteli2020\/#breadcrumb","itemListElement":[{"@type":"ListItem","position":1,"name":"Home","item":"https:\/\/rozewines.com\/de\/"},{"@type":"ListItem","position":2,"name":"Unsere Weine","item":"https:\/\/rozewines.com\/de\/musu-vins\/"},{"@type":"ListItem","position":3,"name":"Barbale &#8211; Kisi-Mtsvane-Rkatsiteli2020"}]},{"@type":"WebSite","@id":"https:\/\/rozewines.com\/#website","url":"https:\/\/rozewines.com\/","name":"Roze wines","description":"","publisher":{"@id":"https:\/\/rozewines.com\/#organization"},"potentialAction":[{"@type":"SearchAction","target":{"@type":"EntryPoint","urlTemplate":"https:\/\/rozewines.com\/?s={search_term_string}"},"query-input":"required name=search_term_string"}],"inLanguage":"de-DE"},{"@type":"Organization","@id":"https:\/\/rozewines.com\/#organization","name":"Roze wines","url":"https:\/\/rozewines.com\/","logo":{"@type":"ImageObject","inLanguage":"de-DE","@id":"https:\/\/rozewines.com\/#\/schema\/logo\/image\/","url":"https:\/\/rozewines.com\/app\/uploads\/2024\/05\/logo.svg","contentUrl":"https:\/\/rozewines.com\/app\/uploads\/2024\/05\/logo.svg","width":144,"height":68,"caption":"Roze wines"},"image":{"@id":"https:\/\/rozewines.com\/#\/schema\/logo\/image\/"}}]}},"_links":{"self":[{"href":"https:\/\/rozewines.com\/de\/wp-json\/wp\/v2\/product\/3221"}],"collection":[{"href":"https:\/\/rozewines.com\/de\/wp-json\/wp\/v2\/product"}],"about":[{"href":"https:\/\/rozewines.com\/de\/wp-json\/wp\/v2\/types\/product"}],"replies":[{"embeddable":true,"href":"https:\/\/rozewines.com\/de\/wp-json\/wp\/v2\/comments?post=3221"}],"wp:featuredmedia":[{"embeddable":true,"href":"https:\/\/rozewines.com\/de\/wp-json\/wp\/v2\/media\/419"}],"wp:attachment":[{"href":"https:\/\/rozewines.com\/de\/wp-json\/wp\/v2\/media?parent=3221"}],"wp:term":[{"taxonomy":"brand","embeddable":true,"href":"https:\/\/rozewines.com\/de\/wp-json\/wp\/v2\/brand?post=3221"},{"taxonomy":"colour","embeddable":true,"href":"https:\/\/rozewines.com\/de\/wp-json\/wp\/v2\/colour?post=3221"},{"taxonomy":"flavour","embeddable":true,"href":"https:\/\/rozewines.com\/de\/wp-json\/wp\/v2\/flavour?post=3221"},{"taxonomy":"grape-variety","embeddable":true,"href":"https:\/\/rozewines.com\/de\/wp-json\/wp\/v2\/grape-variety?post=3221"},{"taxonomy":"harvest-year","embeddable":true,"href":"https:\/\/rozewines.com\/de\/wp-json\/wp\/v2\/harvest-year?post=3221"},{"taxonomy":"region","embeddable":true,"href":"https:\/\/rozewines.com\/de\/wp-json\/wp\/v2\/region?post=3221"},{"taxonomy":"size","embeddable":true,"href":"https:\/\/rozewines.com\/de\/wp-json\/wp\/v2\/size?post=3221"},{"taxonomy":"style","embeddable":true,"href":"https:\/\/rozewines.com\/de\/wp-json\/wp\/v2\/style?post=3221"},{"taxonomy":"technology","embeddable":true,"href":"https:\/\/rozewines.com\/de\/wp-json\/wp\/v2\/technology?post=3221"},{"taxonomy":"product_cat","embeddable":true,"href":"https:\/\/rozewines.com\/de\/wp-json\/wp\/v2\/product_cat?post=3221"},{"taxonomy":"product_tag","embeddable":true,"href":"https:\/\/rozewines.com\/de\/wp-json\/wp\/v2\/product_tag?post=3221"}],"curies":[{"name":"wp","href":"https:\/\/api.w.org\/{rel}","templated":true}]}}