{"id":3223,"date":"2024-05-09T00:19:40","date_gmt":"2024-05-09T00:19:40","guid":{"rendered":"https:\/\/rozewines.com\/product\/pavilion-weine-kisi-khikvhi\/"},"modified":"2024-08-14T09:04:44","modified_gmt":"2024-08-14T09:04:44","slug":"pavilion-weine-kisi-khikvhi","status":"publish","type":"product","link":"https:\/\/rozewines.com\/de\/produkt\/pavilion-weine-kisi-khikvhi\/","title":{"rendered":"Pavilion Weine &#8211; Kisi-Khikvhi"},"content":{"rendered":"<p>Pavilion Wines \u2013 Kis-Khikhvi, ein faszinierender Qvevri-Wein, der das reiche Erbe der georgischen Weinherstellung feiert. Diese aromatische Mischung ist von einer zarten Mineralit\u00e4t durchdrungen, die ihre Komplexit\u00e4t und Faszination verst\u00e4rkt. Genie\u00dfen Sie seine harmonische Ausgewogenheit und seinen raffinierten Charakter. Erfreuen Sie sich an den Aromen von sonnenverw\u00f6hnter getrockneter Aprikose, tropischer Ananas, knackiger Birne und dezenten Noten von getrocknetem Basilikum. Wein verk\u00f6rpert die Essenz von Tradition und Handwerkskunst und verspricht ein wirklich unvergessliches und anspruchsvolles Weinerlebnis.<\/p>\n","protected":false},"excerpt":{"rendered":"<p>Pavilion Wines \u2013 Kis-Khikhvi, ein faszinierender Qvevri-Wein, der das reiche Erbe der georgischen Weinherstellung feiert. Diese aromatische Mischung ist von einer zarten Mineralit\u00e4t durchdrungen, die ihre Komplexit\u00e4t und Faszination verst\u00e4rkt. Genie\u00dfen Sie seine harmonische Ausgewogenheit und seinen raffinierten Charakter. Erfreuen Sie sich an den Aromen von sonnenverw\u00f6hnter getrockneter Aprikose, tropischer Ananas, knackiger Birne und dezenten &hellip; <a href=\"https:\/\/rozewines.com\/de\/produkt\/pavilion-weine-kisi-khikvhi\/\">Continued<\/a><\/p>\n","protected":false},"featured_media":3703,"comment_status":"closed","ping_status":"open","template":"","meta":{"_acf_changed":false},"brand":[1798],"colour":[1139],"flavour":[1065,1063,1021],"grape-variety":[1353],"harvest-year":[1166],"region":[1294],"size":[1598],"style":[1271],"technology":[1118],"product_cat":[1382],"product_tag":[],"ams_default_variation_id":0,"ams_product_points_reward":[],"ams_product_discount_percentage":0,"ams_price_to_display":18,"acf":[],"ams_acf":[{"key":"food_pairings","label":"Food pairings","value":"Scharfe Tacos, gesalzener Fisch"},{"key":"alcohol_percentage","label":"Alcohol percentage","value":"12,5%"}],"yoast_head":"<!-- This site is optimized with the Yoast SEO plugin v22.6 - https:\/\/yoast.com\/wordpress\/plugins\/seo\/ -->\n<title>Pavilion Weine - Kisi-Khikvhi - Roze wines<\/title>\n<meta name=\"robots\" content=\"index, follow, max-snippet:-1, max-image-preview:large, max-video-preview:-1\" \/>\n<link rel=\"canonical\" href=\"https:\/\/rozewines.com\/de\/produkt\/pavilion-weine-kisi-khikvhi\/\" \/>\n<meta property=\"og:locale\" content=\"de_DE\" \/>\n<meta property=\"og:type\" content=\"article\" \/>\n<meta property=\"og:title\" content=\"Pavilion Weine - Kisi-Khikvhi - Roze wines\" \/>\n<meta property=\"og:description\" content=\"Pavilion Wines \u2013 Kis-Khikhvi, ein faszinierender Qvevri-Wein, der das reiche Erbe der georgischen Weinherstellung feiert. Diese aromatische Mischung ist von einer zarten Mineralit\u00e4t durchdrungen, die ihre Komplexit\u00e4t und Faszination verst\u00e4rkt. Genie\u00dfen Sie seine harmonische Ausgewogenheit und seinen raffinierten Charakter. Erfreuen Sie sich an den Aromen von sonnenverw\u00f6hnter getrockneter Aprikose, tropischer Ananas, knackiger Birne und dezenten &hellip; Continued\" \/>\n<meta property=\"og:url\" content=\"https:\/\/rozewines.com\/de\/produkt\/pavilion-weine-kisi-khikvhi\/\" \/>\n<meta property=\"og:site_name\" content=\"Roze wines\" \/>\n<meta property=\"article:modified_time\" content=\"2024-08-14T09:04:44+00:00\" \/>\n<meta property=\"og:image\" content=\"https:\/\/rozewines.com\/app\/uploads\/2024\/05\/Pavilion-Wines-Kisi-Khikhvi-scaled.jpg\" \/>\n\t<meta property=\"og:image:width\" content=\"2560\" \/>\n\t<meta property=\"og:image:height\" content=\"2560\" \/>\n\t<meta property=\"og:image:type\" content=\"image\/jpeg\" \/>\n<meta name=\"twitter:card\" content=\"summary_large_image\" \/>\n<script type=\"application\/ld+json\" class=\"yoast-schema-graph\">{\"@context\":\"https:\/\/schema.org\",\"@graph\":[{\"@type\":\"WebPage\",\"@id\":\"https:\/\/rozewines.com\/de\/produkt\/pavilion-weine-kisi-khikvhi\/\",\"url\":\"https:\/\/rozewines.com\/de\/produkt\/pavilion-weine-kisi-khikvhi\/\",\"name\":\"Pavilion Weine - Kisi-Khikvhi - Roze wines\",\"isPartOf\":{\"@id\":\"https:\/\/rozewines.com\/#website\"},\"primaryImageOfPage\":{\"@id\":\"https:\/\/rozewines.com\/de\/produkt\/pavilion-weine-kisi-khikvhi\/#primaryimage\"},\"image\":{\"@id\":\"https:\/\/rozewines.com\/de\/produkt\/pavilion-weine-kisi-khikvhi\/#primaryimage\"},\"thumbnailUrl\":\"https:\/\/rozewines.com\/app\/uploads\/2024\/05\/Pavilion-Wines-Kisi-Khikhvi-scaled.jpg\",\"datePublished\":\"2024-05-09T00:19:40+00:00\",\"dateModified\":\"2024-08-14T09:04:44+00:00\",\"breadcrumb\":{\"@id\":\"https:\/\/rozewines.com\/de\/produkt\/pavilion-weine-kisi-khikvhi\/#breadcrumb\"},\"inLanguage\":\"de-DE\",\"potentialAction\":[{\"@type\":\"ReadAction\",\"target\":[\"https:\/\/rozewines.com\/de\/produkt\/pavilion-weine-kisi-khikvhi\/\"]}]},{\"@type\":\"ImageObject\",\"inLanguage\":\"de-DE\",\"@id\":\"https:\/\/rozewines.com\/de\/produkt\/pavilion-weine-kisi-khikvhi\/#primaryimage\",\"url\":\"https:\/\/rozewines.com\/app\/uploads\/2024\/05\/Pavilion-Wines-Kisi-Khikhvi-scaled.jpg\",\"contentUrl\":\"https:\/\/rozewines.com\/app\/uploads\/2024\/05\/Pavilion-Wines-Kisi-Khikhvi-scaled.jpg\",\"width\":2560,\"height\":2560},{\"@type\":\"BreadcrumbList\",\"@id\":\"https:\/\/rozewines.com\/de\/produkt\/pavilion-weine-kisi-khikvhi\/#breadcrumb\",\"itemListElement\":[{\"@type\":\"ListItem\",\"position\":1,\"name\":\"Home\",\"item\":\"https:\/\/rozewines.com\/de\/\"},{\"@type\":\"ListItem\",\"position\":2,\"name\":\"Unsere Weine\",\"item\":\"https:\/\/rozewines.com\/de\/musu-vins\/\"},{\"@type\":\"ListItem\",\"position\":3,\"name\":\"Pavilion Weine &#8211; Kisi-Khikvhi\"}]},{\"@type\":\"WebSite\",\"@id\":\"https:\/\/rozewines.com\/#website\",\"url\":\"https:\/\/rozewines.com\/\",\"name\":\"Roze wines\",\"description\":\"\",\"publisher\":{\"@id\":\"https:\/\/rozewines.com\/#organization\"},\"potentialAction\":[{\"@type\":\"SearchAction\",\"target\":{\"@type\":\"EntryPoint\",\"urlTemplate\":\"https:\/\/rozewines.com\/?s={search_term_string}\"},\"query-input\":\"required name=search_term_string\"}],\"inLanguage\":\"de-DE\"},{\"@type\":\"Organization\",\"@id\":\"https:\/\/rozewines.com\/#organization\",\"name\":\"Roze wines\",\"url\":\"https:\/\/rozewines.com\/\",\"logo\":{\"@type\":\"ImageObject\",\"inLanguage\":\"de-DE\",\"@id\":\"https:\/\/rozewines.com\/#\/schema\/logo\/image\/\",\"url\":\"https:\/\/rozewines.com\/app\/uploads\/2024\/05\/logo.svg\",\"contentUrl\":\"https:\/\/rozewines.com\/app\/uploads\/2024\/05\/logo.svg\",\"width\":144,\"height\":68,\"caption\":\"Roze wines\"},\"image\":{\"@id\":\"https:\/\/rozewines.com\/#\/schema\/logo\/image\/\"}}]}<\/script>\n<!-- \/ Yoast SEO plugin. -->","yoast_head_json":{"title":"Pavilion Weine - Kisi-Khikvhi - Roze wines","robots":{"index":"index","follow":"follow","max-snippet":"max-snippet:-1","max-image-preview":"max-image-preview:large","max-video-preview":"max-video-preview:-1"},"canonical":"https:\/\/rozewines.com\/de\/produkt\/pavilion-weine-kisi-khikvhi\/","og_locale":"de_DE","og_type":"article","og_title":"Pavilion Weine - Kisi-Khikvhi - Roze wines","og_description":"Pavilion Wines \u2013 Kis-Khikhvi, ein faszinierender Qvevri-Wein, der das reiche Erbe der georgischen Weinherstellung feiert. Diese aromatische Mischung ist von einer zarten Mineralit\u00e4t durchdrungen, die ihre Komplexit\u00e4t und Faszination verst\u00e4rkt. Genie\u00dfen Sie seine harmonische Ausgewogenheit und seinen raffinierten Charakter. Erfreuen Sie sich an den Aromen von sonnenverw\u00f6hnter getrockneter Aprikose, tropischer Ananas, knackiger Birne und dezenten &hellip; Continued","og_url":"https:\/\/rozewines.com\/de\/produkt\/pavilion-weine-kisi-khikvhi\/","og_site_name":"Roze wines","article_modified_time":"2024-08-14T09:04:44+00:00","og_image":[{"width":2560,"height":2560,"url":"https:\/\/rozewines.com\/app\/uploads\/2024\/05\/Pavilion-Wines-Kisi-Khikhvi-scaled.jpg","type":"image\/jpeg"}],"twitter_card":"summary_large_image","schema":{"@context":"https:\/\/schema.org","@graph":[{"@type":"WebPage","@id":"https:\/\/rozewines.com\/de\/produkt\/pavilion-weine-kisi-khikvhi\/","url":"https:\/\/rozewines.com\/de\/produkt\/pavilion-weine-kisi-khikvhi\/","name":"Pavilion Weine - Kisi-Khikvhi - Roze wines","isPartOf":{"@id":"https:\/\/rozewines.com\/#website"},"primaryImageOfPage":{"@id":"https:\/\/rozewines.com\/de\/produkt\/pavilion-weine-kisi-khikvhi\/#primaryimage"},"image":{"@id":"https:\/\/rozewines.com\/de\/produkt\/pavilion-weine-kisi-khikvhi\/#primaryimage"},"thumbnailUrl":"https:\/\/rozewines.com\/app\/uploads\/2024\/05\/Pavilion-Wines-Kisi-Khikhvi-scaled.jpg","datePublished":"2024-05-09T00:19:40+00:00","dateModified":"2024-08-14T09:04:44+00:00","breadcrumb":{"@id":"https:\/\/rozewines.com\/de\/produkt\/pavilion-weine-kisi-khikvhi\/#breadcrumb"},"inLanguage":"de-DE","potentialAction":[{"@type":"ReadAction","target":["https:\/\/rozewines.com\/de\/produkt\/pavilion-weine-kisi-khikvhi\/"]}]},{"@type":"ImageObject","inLanguage":"de-DE","@id":"https:\/\/rozewines.com\/de\/produkt\/pavilion-weine-kisi-khikvhi\/#primaryimage","url":"https:\/\/rozewines.com\/app\/uploads\/2024\/05\/Pavilion-Wines-Kisi-Khikhvi-scaled.jpg","contentUrl":"https:\/\/rozewines.com\/app\/uploads\/2024\/05\/Pavilion-Wines-Kisi-Khikhvi-scaled.jpg","width":2560,"height":2560},{"@type":"BreadcrumbList","@id":"https:\/\/rozewines.com\/de\/produkt\/pavilion-weine-kisi-khikvhi\/#breadcrumb","itemListElement":[{"@type":"ListItem","position":1,"name":"Home","item":"https:\/\/rozewines.com\/de\/"},{"@type":"ListItem","position":2,"name":"Unsere Weine","item":"https:\/\/rozewines.com\/de\/musu-vins\/"},{"@type":"ListItem","position":3,"name":"Pavilion Weine &#8211; Kisi-Khikvhi"}]},{"@type":"WebSite","@id":"https:\/\/rozewines.com\/#website","url":"https:\/\/rozewines.com\/","name":"Roze wines","description":"","publisher":{"@id":"https:\/\/rozewines.com\/#organization"},"potentialAction":[{"@type":"SearchAction","target":{"@type":"EntryPoint","urlTemplate":"https:\/\/rozewines.com\/?s={search_term_string}"},"query-input":"required name=search_term_string"}],"inLanguage":"de-DE"},{"@type":"Organization","@id":"https:\/\/rozewines.com\/#organization","name":"Roze wines","url":"https:\/\/rozewines.com\/","logo":{"@type":"ImageObject","inLanguage":"de-DE","@id":"https:\/\/rozewines.com\/#\/schema\/logo\/image\/","url":"https:\/\/rozewines.com\/app\/uploads\/2024\/05\/logo.svg","contentUrl":"https:\/\/rozewines.com\/app\/uploads\/2024\/05\/logo.svg","width":144,"height":68,"caption":"Roze wines"},"image":{"@id":"https:\/\/rozewines.com\/#\/schema\/logo\/image\/"}}]}},"_links":{"self":[{"href":"https:\/\/rozewines.com\/de\/wp-json\/wp\/v2\/product\/3223"}],"collection":[{"href":"https:\/\/rozewines.com\/de\/wp-json\/wp\/v2\/product"}],"about":[{"href":"https:\/\/rozewines.com\/de\/wp-json\/wp\/v2\/types\/product"}],"replies":[{"embeddable":true,"href":"https:\/\/rozewines.com\/de\/wp-json\/wp\/v2\/comments?post=3223"}],"wp:featuredmedia":[{"embeddable":true,"href":"https:\/\/rozewines.com\/de\/wp-json\/wp\/v2\/media\/3703"}],"wp:attachment":[{"href":"https:\/\/rozewines.com\/de\/wp-json\/wp\/v2\/media?parent=3223"}],"wp:term":[{"taxonomy":"brand","embeddable":true,"href":"https:\/\/rozewines.com\/de\/wp-json\/wp\/v2\/brand?post=3223"},{"taxonomy":"colour","embeddable":true,"href":"https:\/\/rozewines.com\/de\/wp-json\/wp\/v2\/colour?post=3223"},{"taxonomy":"flavour","embeddable":true,"href":"https:\/\/rozewines.com\/de\/wp-json\/wp\/v2\/flavour?post=3223"},{"taxonomy":"grape-variety","embeddable":true,"href":"https:\/\/rozewines.com\/de\/wp-json\/wp\/v2\/grape-variety?post=3223"},{"taxonomy":"harvest-year","embeddable":true,"href":"https:\/\/rozewines.com\/de\/wp-json\/wp\/v2\/harvest-year?post=3223"},{"taxonomy":"region","embeddable":true,"href":"https:\/\/rozewines.com\/de\/wp-json\/wp\/v2\/region?post=3223"},{"taxonomy":"size","embeddable":true,"href":"https:\/\/rozewines.com\/de\/wp-json\/wp\/v2\/size?post=3223"},{"taxonomy":"style","embeddable":true,"href":"https:\/\/rozewines.com\/de\/wp-json\/wp\/v2\/style?post=3223"},{"taxonomy":"technology","embeddable":true,"href":"https:\/\/rozewines.com\/de\/wp-json\/wp\/v2\/technology?post=3223"},{"taxonomy":"product_cat","embeddable":true,"href":"https:\/\/rozewines.com\/de\/wp-json\/wp\/v2\/product_cat?post=3223"},{"taxonomy":"product_tag","embeddable":true,"href":"https:\/\/rozewines.com\/de\/wp-json\/wp\/v2\/product_tag?post=3223"}],"curies":[{"name":"wp","href":"https:\/\/api.w.org\/{rel}","templated":true}]}}