{"id":3225,"date":"2024-05-09T00:19:40","date_gmt":"2024-05-09T00:19:40","guid":{"rendered":"https:\/\/rozewines.com\/product\/kirke-otskhanuri-sapere-2015\/"},"modified":"2024-08-14T09:04:45","modified_gmt":"2024-08-14T09:04:45","slug":"kirke-otskhanuri-sapere-2015","status":"publish","type":"product","link":"https:\/\/rozewines.com\/de\/produkt\/kirke-otskhanuri-sapere-2015\/","title":{"rendered":"Kirke Otskhanuri &#8211; Sapere 2015"},"content":{"rendered":"<p>Kirke &#8211; Otskhanuri Sapere 2015, bei dem lebendige S\u00e4ure und kr\u00e4ftige Tannine zusammenkommen und ein energiegeladenes Weinerlebnis schaffen. Mit Aromen, die an die Essenz der Natur erinnern, von erdigen, feuchten Bl\u00e4ttern bis hin zu subtilen Rauchschwaden, offenbart dieser Jahrgang vielschichtige Komplexit\u00e4t. Blaubeere und schwarze Johannisbeere sorgen f\u00fcr eine fruchtige Note und versprechen eine Reise voller Aromen. Machen Sie sich bereit f\u00fcr ein aufregendes Weinabenteuer in Imeretien.<\/p>\n","protected":false},"excerpt":{"rendered":"<p>Kirke &#8211; Otskhanuri Sapere 2015, bei dem lebendige S\u00e4ure und kr\u00e4ftige Tannine zusammenkommen und ein energiegeladenes Weinerlebnis schaffen. Mit Aromen, die an die Essenz der Natur erinnern, von erdigen, feuchten Bl\u00e4ttern bis hin zu subtilen Rauchschwaden, offenbart dieser Jahrgang vielschichtige Komplexit\u00e4t. Blaubeere und schwarze Johannisbeere sorgen f\u00fcr eine fruchtige Note und versprechen eine Reise voller &hellip; <a href=\"https:\/\/rozewines.com\/de\/produkt\/kirke-otskhanuri-sapere-2015\/\">Continued<\/a><\/p>\n","protected":false},"featured_media":707,"comment_status":"closed","ping_status":"open","template":"","meta":{"_acf_changed":false},"brand":[1800],"colour":[1140],"flavour":[1006,1272,1088],"grape-variety":[1355],"harvest-year":[1177],"region":[1293],"size":[1598],"style":[1271],"technology":[1116],"product_cat":[1382],"product_tag":[],"ams_default_variation_id":0,"ams_product_points_reward":[],"ams_product_discount_percentage":0,"ams_price_to_display":15.8,"acf":[],"ams_acf":[{"key":"food_pairings","label":"Food pairings","value":"Kupati, ger\u00e4uchertes Schweinefleisch"},{"key":"alcohol_percentage","label":"Alcohol percentage","value":"12,5%"}],"yoast_head":"<!-- This site is optimized with the Yoast SEO plugin v22.6 - https:\/\/yoast.com\/wordpress\/plugins\/seo\/ -->\n<title>Kirke Otskhanuri - Sapere 2015 - Roze wines<\/title>\n<meta name=\"robots\" content=\"index, follow, max-snippet:-1, max-image-preview:large, max-video-preview:-1\" \/>\n<link rel=\"canonical\" href=\"https:\/\/rozewines.com\/de\/produkt\/kirke-otskhanuri-sapere-2015\/\" \/>\n<meta property=\"og:locale\" content=\"de_DE\" \/>\n<meta property=\"og:type\" content=\"article\" \/>\n<meta property=\"og:title\" content=\"Kirke Otskhanuri - Sapere 2015 - Roze wines\" \/>\n<meta property=\"og:description\" content=\"Kirke &#8211; Otskhanuri Sapere 2015, bei dem lebendige S\u00e4ure und kr\u00e4ftige Tannine zusammenkommen und ein energiegeladenes Weinerlebnis schaffen. Mit Aromen, die an die Essenz der Natur erinnern, von erdigen, feuchten Bl\u00e4ttern bis hin zu subtilen Rauchschwaden, offenbart dieser Jahrgang vielschichtige Komplexit\u00e4t. Blaubeere und schwarze Johannisbeere sorgen f\u00fcr eine fruchtige Note und versprechen eine Reise voller &hellip; Continued\" \/>\n<meta property=\"og:url\" content=\"https:\/\/rozewines.com\/de\/produkt\/kirke-otskhanuri-sapere-2015\/\" \/>\n<meta property=\"og:site_name\" content=\"Roze wines\" \/>\n<meta property=\"article:modified_time\" content=\"2024-08-14T09:04:45+00:00\" \/>\n<meta property=\"og:image\" content=\"https:\/\/rozewines.com\/app\/uploads\/2024\/04\/Kirke-Otskhanuri-Sapere-2015.jpg\" \/>\n\t<meta property=\"og:image:width\" content=\"2160\" \/>\n\t<meta property=\"og:image:height\" content=\"2160\" \/>\n\t<meta property=\"og:image:type\" content=\"image\/jpeg\" \/>\n<meta name=\"twitter:card\" content=\"summary_large_image\" \/>\n<script type=\"application\/ld+json\" class=\"yoast-schema-graph\">{\"@context\":\"https:\/\/schema.org\",\"@graph\":[{\"@type\":\"WebPage\",\"@id\":\"https:\/\/rozewines.com\/de\/produkt\/kirke-otskhanuri-sapere-2015\/\",\"url\":\"https:\/\/rozewines.com\/de\/produkt\/kirke-otskhanuri-sapere-2015\/\",\"name\":\"Kirke Otskhanuri - Sapere 2015 - Roze wines\",\"isPartOf\":{\"@id\":\"https:\/\/rozewines.com\/#website\"},\"primaryImageOfPage\":{\"@id\":\"https:\/\/rozewines.com\/de\/produkt\/kirke-otskhanuri-sapere-2015\/#primaryimage\"},\"image\":{\"@id\":\"https:\/\/rozewines.com\/de\/produkt\/kirke-otskhanuri-sapere-2015\/#primaryimage\"},\"thumbnailUrl\":\"https:\/\/rozewines.com\/app\/uploads\/2024\/04\/Kirke-Otskhanuri-Sapere-2015.jpg\",\"datePublished\":\"2024-05-09T00:19:40+00:00\",\"dateModified\":\"2024-08-14T09:04:45+00:00\",\"breadcrumb\":{\"@id\":\"https:\/\/rozewines.com\/de\/produkt\/kirke-otskhanuri-sapere-2015\/#breadcrumb\"},\"inLanguage\":\"de-DE\",\"potentialAction\":[{\"@type\":\"ReadAction\",\"target\":[\"https:\/\/rozewines.com\/de\/produkt\/kirke-otskhanuri-sapere-2015\/\"]}]},{\"@type\":\"ImageObject\",\"inLanguage\":\"de-DE\",\"@id\":\"https:\/\/rozewines.com\/de\/produkt\/kirke-otskhanuri-sapere-2015\/#primaryimage\",\"url\":\"https:\/\/rozewines.com\/app\/uploads\/2024\/04\/Kirke-Otskhanuri-Sapere-2015.jpg\",\"contentUrl\":\"https:\/\/rozewines.com\/app\/uploads\/2024\/04\/Kirke-Otskhanuri-Sapere-2015.jpg\",\"width\":2160,\"height\":2160},{\"@type\":\"BreadcrumbList\",\"@id\":\"https:\/\/rozewines.com\/de\/produkt\/kirke-otskhanuri-sapere-2015\/#breadcrumb\",\"itemListElement\":[{\"@type\":\"ListItem\",\"position\":1,\"name\":\"Home\",\"item\":\"https:\/\/rozewines.com\/de\/\"},{\"@type\":\"ListItem\",\"position\":2,\"name\":\"Unsere Weine\",\"item\":\"https:\/\/rozewines.com\/de\/musu-vins\/\"},{\"@type\":\"ListItem\",\"position\":3,\"name\":\"Kirke Otskhanuri &#8211; Sapere 2015\"}]},{\"@type\":\"WebSite\",\"@id\":\"https:\/\/rozewines.com\/#website\",\"url\":\"https:\/\/rozewines.com\/\",\"name\":\"Roze wines\",\"description\":\"\",\"publisher\":{\"@id\":\"https:\/\/rozewines.com\/#organization\"},\"potentialAction\":[{\"@type\":\"SearchAction\",\"target\":{\"@type\":\"EntryPoint\",\"urlTemplate\":\"https:\/\/rozewines.com\/?s={search_term_string}\"},\"query-input\":\"required name=search_term_string\"}],\"inLanguage\":\"de-DE\"},{\"@type\":\"Organization\",\"@id\":\"https:\/\/rozewines.com\/#organization\",\"name\":\"Roze wines\",\"url\":\"https:\/\/rozewines.com\/\",\"logo\":{\"@type\":\"ImageObject\",\"inLanguage\":\"de-DE\",\"@id\":\"https:\/\/rozewines.com\/#\/schema\/logo\/image\/\",\"url\":\"https:\/\/rozewines.com\/app\/uploads\/2024\/05\/logo.svg\",\"contentUrl\":\"https:\/\/rozewines.com\/app\/uploads\/2024\/05\/logo.svg\",\"width\":144,\"height\":68,\"caption\":\"Roze wines\"},\"image\":{\"@id\":\"https:\/\/rozewines.com\/#\/schema\/logo\/image\/\"}}]}<\/script>\n<!-- \/ Yoast SEO plugin. -->","yoast_head_json":{"title":"Kirke Otskhanuri - Sapere 2015 - Roze wines","robots":{"index":"index","follow":"follow","max-snippet":"max-snippet:-1","max-image-preview":"max-image-preview:large","max-video-preview":"max-video-preview:-1"},"canonical":"https:\/\/rozewines.com\/de\/produkt\/kirke-otskhanuri-sapere-2015\/","og_locale":"de_DE","og_type":"article","og_title":"Kirke Otskhanuri - Sapere 2015 - Roze wines","og_description":"Kirke &#8211; Otskhanuri Sapere 2015, bei dem lebendige S\u00e4ure und kr\u00e4ftige Tannine zusammenkommen und ein energiegeladenes Weinerlebnis schaffen. Mit Aromen, die an die Essenz der Natur erinnern, von erdigen, feuchten Bl\u00e4ttern bis hin zu subtilen Rauchschwaden, offenbart dieser Jahrgang vielschichtige Komplexit\u00e4t. Blaubeere und schwarze Johannisbeere sorgen f\u00fcr eine fruchtige Note und versprechen eine Reise voller &hellip; Continued","og_url":"https:\/\/rozewines.com\/de\/produkt\/kirke-otskhanuri-sapere-2015\/","og_site_name":"Roze wines","article_modified_time":"2024-08-14T09:04:45+00:00","og_image":[{"width":2160,"height":2160,"url":"https:\/\/rozewines.com\/app\/uploads\/2024\/04\/Kirke-Otskhanuri-Sapere-2015.jpg","type":"image\/jpeg"}],"twitter_card":"summary_large_image","schema":{"@context":"https:\/\/schema.org","@graph":[{"@type":"WebPage","@id":"https:\/\/rozewines.com\/de\/produkt\/kirke-otskhanuri-sapere-2015\/","url":"https:\/\/rozewines.com\/de\/produkt\/kirke-otskhanuri-sapere-2015\/","name":"Kirke Otskhanuri - Sapere 2015 - Roze wines","isPartOf":{"@id":"https:\/\/rozewines.com\/#website"},"primaryImageOfPage":{"@id":"https:\/\/rozewines.com\/de\/produkt\/kirke-otskhanuri-sapere-2015\/#primaryimage"},"image":{"@id":"https:\/\/rozewines.com\/de\/produkt\/kirke-otskhanuri-sapere-2015\/#primaryimage"},"thumbnailUrl":"https:\/\/rozewines.com\/app\/uploads\/2024\/04\/Kirke-Otskhanuri-Sapere-2015.jpg","datePublished":"2024-05-09T00:19:40+00:00","dateModified":"2024-08-14T09:04:45+00:00","breadcrumb":{"@id":"https:\/\/rozewines.com\/de\/produkt\/kirke-otskhanuri-sapere-2015\/#breadcrumb"},"inLanguage":"de-DE","potentialAction":[{"@type":"ReadAction","target":["https:\/\/rozewines.com\/de\/produkt\/kirke-otskhanuri-sapere-2015\/"]}]},{"@type":"ImageObject","inLanguage":"de-DE","@id":"https:\/\/rozewines.com\/de\/produkt\/kirke-otskhanuri-sapere-2015\/#primaryimage","url":"https:\/\/rozewines.com\/app\/uploads\/2024\/04\/Kirke-Otskhanuri-Sapere-2015.jpg","contentUrl":"https:\/\/rozewines.com\/app\/uploads\/2024\/04\/Kirke-Otskhanuri-Sapere-2015.jpg","width":2160,"height":2160},{"@type":"BreadcrumbList","@id":"https:\/\/rozewines.com\/de\/produkt\/kirke-otskhanuri-sapere-2015\/#breadcrumb","itemListElement":[{"@type":"ListItem","position":1,"name":"Home","item":"https:\/\/rozewines.com\/de\/"},{"@type":"ListItem","position":2,"name":"Unsere Weine","item":"https:\/\/rozewines.com\/de\/musu-vins\/"},{"@type":"ListItem","position":3,"name":"Kirke Otskhanuri &#8211; Sapere 2015"}]},{"@type":"WebSite","@id":"https:\/\/rozewines.com\/#website","url":"https:\/\/rozewines.com\/","name":"Roze wines","description":"","publisher":{"@id":"https:\/\/rozewines.com\/#organization"},"potentialAction":[{"@type":"SearchAction","target":{"@type":"EntryPoint","urlTemplate":"https:\/\/rozewines.com\/?s={search_term_string}"},"query-input":"required name=search_term_string"}],"inLanguage":"de-DE"},{"@type":"Organization","@id":"https:\/\/rozewines.com\/#organization","name":"Roze wines","url":"https:\/\/rozewines.com\/","logo":{"@type":"ImageObject","inLanguage":"de-DE","@id":"https:\/\/rozewines.com\/#\/schema\/logo\/image\/","url":"https:\/\/rozewines.com\/app\/uploads\/2024\/05\/logo.svg","contentUrl":"https:\/\/rozewines.com\/app\/uploads\/2024\/05\/logo.svg","width":144,"height":68,"caption":"Roze wines"},"image":{"@id":"https:\/\/rozewines.com\/#\/schema\/logo\/image\/"}}]}},"_links":{"self":[{"href":"https:\/\/rozewines.com\/de\/wp-json\/wp\/v2\/product\/3225"}],"collection":[{"href":"https:\/\/rozewines.com\/de\/wp-json\/wp\/v2\/product"}],"about":[{"href":"https:\/\/rozewines.com\/de\/wp-json\/wp\/v2\/types\/product"}],"replies":[{"embeddable":true,"href":"https:\/\/rozewines.com\/de\/wp-json\/wp\/v2\/comments?post=3225"}],"wp:featuredmedia":[{"embeddable":true,"href":"https:\/\/rozewines.com\/de\/wp-json\/wp\/v2\/media\/707"}],"wp:attachment":[{"href":"https:\/\/rozewines.com\/de\/wp-json\/wp\/v2\/media?parent=3225"}],"wp:term":[{"taxonomy":"brand","embeddable":true,"href":"https:\/\/rozewines.com\/de\/wp-json\/wp\/v2\/brand?post=3225"},{"taxonomy":"colour","embeddable":true,"href":"https:\/\/rozewines.com\/de\/wp-json\/wp\/v2\/colour?post=3225"},{"taxonomy":"flavour","embeddable":true,"href":"https:\/\/rozewines.com\/de\/wp-json\/wp\/v2\/flavour?post=3225"},{"taxonomy":"grape-variety","embeddable":true,"href":"https:\/\/rozewines.com\/de\/wp-json\/wp\/v2\/grape-variety?post=3225"},{"taxonomy":"harvest-year","embeddable":true,"href":"https:\/\/rozewines.com\/de\/wp-json\/wp\/v2\/harvest-year?post=3225"},{"taxonomy":"region","embeddable":true,"href":"https:\/\/rozewines.com\/de\/wp-json\/wp\/v2\/region?post=3225"},{"taxonomy":"size","embeddable":true,"href":"https:\/\/rozewines.com\/de\/wp-json\/wp\/v2\/size?post=3225"},{"taxonomy":"style","embeddable":true,"href":"https:\/\/rozewines.com\/de\/wp-json\/wp\/v2\/style?post=3225"},{"taxonomy":"technology","embeddable":true,"href":"https:\/\/rozewines.com\/de\/wp-json\/wp\/v2\/technology?post=3225"},{"taxonomy":"product_cat","embeddable":true,"href":"https:\/\/rozewines.com\/de\/wp-json\/wp\/v2\/product_cat?post=3225"},{"taxonomy":"product_tag","embeddable":true,"href":"https:\/\/rozewines.com\/de\/wp-json\/wp\/v2\/product_tag?post=3225"}],"curies":[{"name":"wp","href":"https:\/\/api.w.org\/{rel}","templated":true}]}}