{"id":3226,"date":"2024-05-09T00:19:40","date_gmt":"2024-05-09T00:19:40","guid":{"rendered":"https:\/\/rozewines.com\/product\/labara-otskhanuri-sapere\/"},"modified":"2024-12-24T13:05:15","modified_gmt":"2024-12-24T13:05:15","slug":"labara-otskhanuri-sapere","status":"publish","type":"product","link":"https:\/\/rozewines.com\/de\/produkt\/labara-otskhanuri-sapere\/","title":{"rendered":"Labara &#8211; Otskhanuri Sapere"},"content":{"rendered":"<p>Tauchen Sie ein in die lebendigen Aromen von Labara \u2013 Otshanuri Sapere aus Imeretien, einem Wein, der mit seinem energiegeladenen Geschmack die Sinne anregt. Dieser au\u00dfergew\u00f6hnliche Jahrgang besticht durch Aromen von knackigen gr\u00fcnen Bl\u00e4ttern, saftigen Blaubeeren, Erdnoten und Rosinen und erinnert an die Essenz des reichen Terroirs der Region. Jeder Schluck ist eine Offenbarung und verspricht ein dynamisches und unvergessliches Weinerlebnis.<\/p>\n","protected":false},"excerpt":{"rendered":"<p>Tauchen Sie ein in die lebendigen Aromen von Labara \u2013 Otshanuri Sapere aus Imeretien, einem Wein, der mit seinem energiegeladenen Geschmack die Sinne anregt. Dieser au\u00dfergew\u00f6hnliche Jahrgang besticht durch Aromen von knackigen gr\u00fcnen Bl\u00e4ttern, saftigen Blaubeeren, Erdnoten und Rosinen und erinnert an die Essenz des reichen Terroirs der Region. Jeder Schluck ist eine Offenbarung und &hellip; <a href=\"https:\/\/rozewines.com\/de\/produkt\/labara-otskhanuri-sapere\/\">Continued<\/a><\/p>\n","protected":false},"featured_media":3607,"comment_status":"closed","ping_status":"closed","template":"","meta":{"_acf_changed":false},"brand":[1801],"colour":[1140],"flavour":[1006,1036,1087],"grape-variety":[1355],"harvest-year":[1166],"region":[1293],"size":[1598],"style":[1271],"technology":[1116],"product_cat":[1382],"product_tag":[],"ams_default_variation_id":0,"ams_product_points_reward":[],"ams_product_discount_percentage":0,"ams_price_to_display":29,"acf":[],"ams_acf":[{"key":"food_pairings","label":"Food pairings","value":"Gebratenes H\u00e4hnchen mit Kr\u00e4utern, Kupati"},{"key":"alcohol_percentage","label":"Alcohol percentage","value":"12,5%"},{"key":"zero_sulfites","label":"Zero sulfites","value":true},{"key":"details","label":"Details","value":{"":null,"acidity":"4","body":"3","sweetness":"0","tannin":"3"}}],"yoast_head":"<!-- This site is optimized with the Yoast SEO plugin v22.6 - https:\/\/yoast.com\/wordpress\/plugins\/seo\/ -->\n<title>Labara - Otskhanuri Sapere - Roze wines<\/title>\n<meta name=\"robots\" content=\"index, follow, max-snippet:-1, max-image-preview:large, max-video-preview:-1\" \/>\n<link rel=\"canonical\" href=\"https:\/\/rozewines.com\/de\/produkt\/labara-otskhanuri-sapere\/\" \/>\n<meta property=\"og:locale\" content=\"de_DE\" \/>\n<meta property=\"og:type\" content=\"article\" \/>\n<meta property=\"og:title\" content=\"Labara - Otskhanuri Sapere - Roze wines\" \/>\n<meta property=\"og:description\" content=\"Tauchen Sie ein in die lebendigen Aromen von Labara \u2013 Otshanuri Sapere aus Imeretien, einem Wein, der mit seinem energiegeladenen Geschmack die Sinne anregt. Dieser au\u00dfergew\u00f6hnliche Jahrgang besticht durch Aromen von knackigen gr\u00fcnen Bl\u00e4ttern, saftigen Blaubeeren, Erdnoten und Rosinen und erinnert an die Essenz des reichen Terroirs der Region. Jeder Schluck ist eine Offenbarung und &hellip; Continued\" \/>\n<meta property=\"og:url\" content=\"https:\/\/rozewines.com\/de\/produkt\/labara-otskhanuri-sapere\/\" \/>\n<meta property=\"og:site_name\" content=\"Roze wines\" \/>\n<meta property=\"article:modified_time\" content=\"2024-12-24T13:05:15+00:00\" \/>\n<meta property=\"og:image\" content=\"https:\/\/rozewines.com\/app\/uploads\/2024\/05\/Labara-Otskhanuri-Sapere-scaled.jpg\" \/>\n\t<meta property=\"og:image:width\" content=\"2560\" \/>\n\t<meta property=\"og:image:height\" content=\"2560\" \/>\n\t<meta property=\"og:image:type\" content=\"image\/jpeg\" \/>\n<meta name=\"twitter:card\" content=\"summary_large_image\" \/>\n<meta name=\"twitter:label1\" content=\"Est. reading time\" \/>\n\t<meta name=\"twitter:data1\" content=\"1 minute\" \/>\n<script type=\"application\/ld+json\" class=\"yoast-schema-graph\">{\"@context\":\"https:\/\/schema.org\",\"@graph\":[{\"@type\":\"WebPage\",\"@id\":\"https:\/\/rozewines.com\/de\/produkt\/labara-otskhanuri-sapere\/\",\"url\":\"https:\/\/rozewines.com\/de\/produkt\/labara-otskhanuri-sapere\/\",\"name\":\"Labara - Otskhanuri Sapere - Roze wines\",\"isPartOf\":{\"@id\":\"https:\/\/rozewines.com\/#website\"},\"primaryImageOfPage\":{\"@id\":\"https:\/\/rozewines.com\/de\/produkt\/labara-otskhanuri-sapere\/#primaryimage\"},\"image\":{\"@id\":\"https:\/\/rozewines.com\/de\/produkt\/labara-otskhanuri-sapere\/#primaryimage\"},\"thumbnailUrl\":\"https:\/\/rozewines.com\/app\/uploads\/2024\/05\/Labara-Otskhanuri-Sapere-scaled.jpg\",\"datePublished\":\"2024-05-09T00:19:40+00:00\",\"dateModified\":\"2024-12-24T13:05:15+00:00\",\"breadcrumb\":{\"@id\":\"https:\/\/rozewines.com\/de\/produkt\/labara-otskhanuri-sapere\/#breadcrumb\"},\"inLanguage\":\"de-DE\",\"potentialAction\":[{\"@type\":\"ReadAction\",\"target\":[\"https:\/\/rozewines.com\/de\/produkt\/labara-otskhanuri-sapere\/\"]}]},{\"@type\":\"ImageObject\",\"inLanguage\":\"de-DE\",\"@id\":\"https:\/\/rozewines.com\/de\/produkt\/labara-otskhanuri-sapere\/#primaryimage\",\"url\":\"https:\/\/rozewines.com\/app\/uploads\/2024\/05\/Labara-Otskhanuri-Sapere-scaled.jpg\",\"contentUrl\":\"https:\/\/rozewines.com\/app\/uploads\/2024\/05\/Labara-Otskhanuri-Sapere-scaled.jpg\",\"width\":2560,\"height\":2560},{\"@type\":\"BreadcrumbList\",\"@id\":\"https:\/\/rozewines.com\/de\/produkt\/labara-otskhanuri-sapere\/#breadcrumb\",\"itemListElement\":[{\"@type\":\"ListItem\",\"position\":1,\"name\":\"Home\",\"item\":\"https:\/\/rozewines.com\/de\/\"},{\"@type\":\"ListItem\",\"position\":2,\"name\":\"Unsere Weine\",\"item\":\"https:\/\/rozewines.com\/de\/musu-vins\/\"},{\"@type\":\"ListItem\",\"position\":3,\"name\":\"Labara &#8211; Otskhanuri Sapere\"}]},{\"@type\":\"WebSite\",\"@id\":\"https:\/\/rozewines.com\/#website\",\"url\":\"https:\/\/rozewines.com\/\",\"name\":\"Roze wines\",\"description\":\"\",\"publisher\":{\"@id\":\"https:\/\/rozewines.com\/#organization\"},\"potentialAction\":[{\"@type\":\"SearchAction\",\"target\":{\"@type\":\"EntryPoint\",\"urlTemplate\":\"https:\/\/rozewines.com\/?s={search_term_string}\"},\"query-input\":\"required name=search_term_string\"}],\"inLanguage\":\"de-DE\"},{\"@type\":\"Organization\",\"@id\":\"https:\/\/rozewines.com\/#organization\",\"name\":\"Roze wines\",\"url\":\"https:\/\/rozewines.com\/\",\"logo\":{\"@type\":\"ImageObject\",\"inLanguage\":\"de-DE\",\"@id\":\"https:\/\/rozewines.com\/#\/schema\/logo\/image\/\",\"url\":\"https:\/\/rozewines.com\/app\/uploads\/2024\/05\/logo.svg\",\"contentUrl\":\"https:\/\/rozewines.com\/app\/uploads\/2024\/05\/logo.svg\",\"width\":144,\"height\":68,\"caption\":\"Roze wines\"},\"image\":{\"@id\":\"https:\/\/rozewines.com\/#\/schema\/logo\/image\/\"}}]}<\/script>\n<!-- \/ Yoast SEO plugin. -->","yoast_head_json":{"title":"Labara - Otskhanuri Sapere - Roze wines","robots":{"index":"index","follow":"follow","max-snippet":"max-snippet:-1","max-image-preview":"max-image-preview:large","max-video-preview":"max-video-preview:-1"},"canonical":"https:\/\/rozewines.com\/de\/produkt\/labara-otskhanuri-sapere\/","og_locale":"de_DE","og_type":"article","og_title":"Labara - Otskhanuri Sapere - Roze wines","og_description":"Tauchen Sie ein in die lebendigen Aromen von Labara \u2013 Otshanuri Sapere aus Imeretien, einem Wein, der mit seinem energiegeladenen Geschmack die Sinne anregt. Dieser au\u00dfergew\u00f6hnliche Jahrgang besticht durch Aromen von knackigen gr\u00fcnen Bl\u00e4ttern, saftigen Blaubeeren, Erdnoten und Rosinen und erinnert an die Essenz des reichen Terroirs der Region. Jeder Schluck ist eine Offenbarung und &hellip; Continued","og_url":"https:\/\/rozewines.com\/de\/produkt\/labara-otskhanuri-sapere\/","og_site_name":"Roze wines","article_modified_time":"2024-12-24T13:05:15+00:00","og_image":[{"width":2560,"height":2560,"url":"https:\/\/rozewines.com\/app\/uploads\/2024\/05\/Labara-Otskhanuri-Sapere-scaled.jpg","type":"image\/jpeg"}],"twitter_card":"summary_large_image","twitter_misc":{"Est. reading time":"1 minute"},"schema":{"@context":"https:\/\/schema.org","@graph":[{"@type":"WebPage","@id":"https:\/\/rozewines.com\/de\/produkt\/labara-otskhanuri-sapere\/","url":"https:\/\/rozewines.com\/de\/produkt\/labara-otskhanuri-sapere\/","name":"Labara - Otskhanuri Sapere - Roze wines","isPartOf":{"@id":"https:\/\/rozewines.com\/#website"},"primaryImageOfPage":{"@id":"https:\/\/rozewines.com\/de\/produkt\/labara-otskhanuri-sapere\/#primaryimage"},"image":{"@id":"https:\/\/rozewines.com\/de\/produkt\/labara-otskhanuri-sapere\/#primaryimage"},"thumbnailUrl":"https:\/\/rozewines.com\/app\/uploads\/2024\/05\/Labara-Otskhanuri-Sapere-scaled.jpg","datePublished":"2024-05-09T00:19:40+00:00","dateModified":"2024-12-24T13:05:15+00:00","breadcrumb":{"@id":"https:\/\/rozewines.com\/de\/produkt\/labara-otskhanuri-sapere\/#breadcrumb"},"inLanguage":"de-DE","potentialAction":[{"@type":"ReadAction","target":["https:\/\/rozewines.com\/de\/produkt\/labara-otskhanuri-sapere\/"]}]},{"@type":"ImageObject","inLanguage":"de-DE","@id":"https:\/\/rozewines.com\/de\/produkt\/labara-otskhanuri-sapere\/#primaryimage","url":"https:\/\/rozewines.com\/app\/uploads\/2024\/05\/Labara-Otskhanuri-Sapere-scaled.jpg","contentUrl":"https:\/\/rozewines.com\/app\/uploads\/2024\/05\/Labara-Otskhanuri-Sapere-scaled.jpg","width":2560,"height":2560},{"@type":"BreadcrumbList","@id":"https:\/\/rozewines.com\/de\/produkt\/labara-otskhanuri-sapere\/#breadcrumb","itemListElement":[{"@type":"ListItem","position":1,"name":"Home","item":"https:\/\/rozewines.com\/de\/"},{"@type":"ListItem","position":2,"name":"Unsere Weine","item":"https:\/\/rozewines.com\/de\/musu-vins\/"},{"@type":"ListItem","position":3,"name":"Labara &#8211; Otskhanuri Sapere"}]},{"@type":"WebSite","@id":"https:\/\/rozewines.com\/#website","url":"https:\/\/rozewines.com\/","name":"Roze wines","description":"","publisher":{"@id":"https:\/\/rozewines.com\/#organization"},"potentialAction":[{"@type":"SearchAction","target":{"@type":"EntryPoint","urlTemplate":"https:\/\/rozewines.com\/?s={search_term_string}"},"query-input":"required name=search_term_string"}],"inLanguage":"de-DE"},{"@type":"Organization","@id":"https:\/\/rozewines.com\/#organization","name":"Roze wines","url":"https:\/\/rozewines.com\/","logo":{"@type":"ImageObject","inLanguage":"de-DE","@id":"https:\/\/rozewines.com\/#\/schema\/logo\/image\/","url":"https:\/\/rozewines.com\/app\/uploads\/2024\/05\/logo.svg","contentUrl":"https:\/\/rozewines.com\/app\/uploads\/2024\/05\/logo.svg","width":144,"height":68,"caption":"Roze wines"},"image":{"@id":"https:\/\/rozewines.com\/#\/schema\/logo\/image\/"}}]}},"_links":{"self":[{"href":"https:\/\/rozewines.com\/de\/wp-json\/wp\/v2\/product\/3226"}],"collection":[{"href":"https:\/\/rozewines.com\/de\/wp-json\/wp\/v2\/product"}],"about":[{"href":"https:\/\/rozewines.com\/de\/wp-json\/wp\/v2\/types\/product"}],"replies":[{"embeddable":true,"href":"https:\/\/rozewines.com\/de\/wp-json\/wp\/v2\/comments?post=3226"}],"wp:featuredmedia":[{"embeddable":true,"href":"https:\/\/rozewines.com\/de\/wp-json\/wp\/v2\/media\/3607"}],"wp:attachment":[{"href":"https:\/\/rozewines.com\/de\/wp-json\/wp\/v2\/media?parent=3226"}],"wp:term":[{"taxonomy":"brand","embeddable":true,"href":"https:\/\/rozewines.com\/de\/wp-json\/wp\/v2\/brand?post=3226"},{"taxonomy":"colour","embeddable":true,"href":"https:\/\/rozewines.com\/de\/wp-json\/wp\/v2\/colour?post=3226"},{"taxonomy":"flavour","embeddable":true,"href":"https:\/\/rozewines.com\/de\/wp-json\/wp\/v2\/flavour?post=3226"},{"taxonomy":"grape-variety","embeddable":true,"href":"https:\/\/rozewines.com\/de\/wp-json\/wp\/v2\/grape-variety?post=3226"},{"taxonomy":"harvest-year","embeddable":true,"href":"https:\/\/rozewines.com\/de\/wp-json\/wp\/v2\/harvest-year?post=3226"},{"taxonomy":"region","embeddable":true,"href":"https:\/\/rozewines.com\/de\/wp-json\/wp\/v2\/region?post=3226"},{"taxonomy":"size","embeddable":true,"href":"https:\/\/rozewines.com\/de\/wp-json\/wp\/v2\/size?post=3226"},{"taxonomy":"style","embeddable":true,"href":"https:\/\/rozewines.com\/de\/wp-json\/wp\/v2\/style?post=3226"},{"taxonomy":"technology","embeddable":true,"href":"https:\/\/rozewines.com\/de\/wp-json\/wp\/v2\/technology?post=3226"},{"taxonomy":"product_cat","embeddable":true,"href":"https:\/\/rozewines.com\/de\/wp-json\/wp\/v2\/product_cat?post=3226"},{"taxonomy":"product_tag","embeddable":true,"href":"https:\/\/rozewines.com\/de\/wp-json\/wp\/v2\/product_tag?post=3226"}],"curies":[{"name":"wp","href":"https:\/\/api.w.org\/{rel}","templated":true}]}}