{"id":3227,"date":"2024-05-09T00:19:40","date_gmt":"2024-05-09T00:19:40","guid":{"rendered":"https:\/\/rozewines.com\/product\/zangaura-otskhanuri-sapere-2020\/"},"modified":"2024-08-14T15:23:43","modified_gmt":"2024-08-14T15:23:43","slug":"zangaura-otskhanuri-sapere-2020","status":"publish","type":"product","link":"https:\/\/rozewines.com\/de\/produkt\/zangaura-otskhanuri-sapere-2020\/","title":{"rendered":"Zangaura &#8211; Otskhanuri Sapere 2020"},"content":{"rendered":"<p>Zangaura \u2013 Otskhanuri Sapere 2020, ein Wein aus Westgeorgien, der f\u00fcr seine frische S\u00e4ure, seine energischen Tannine und seinen mittleren K\u00f6rper gefeiert wird. Mit Aromen, die an getrocknete Pflaumen, knackige gr\u00fcne Paprika, aromatisches Heu und schwarze Johannisbeeren erinnern. Lebendige S\u00e4ure mit angenehmem Abgang l\u00e4sst Sie jeden Schluck genie\u00dfen.<\/p>\n","protected":false},"excerpt":{"rendered":"<p>Zangaura \u2013 Otskhanuri Sapere 2020, ein Wein aus Westgeorgien, der f\u00fcr seine frische S\u00e4ure, seine energischen Tannine und seinen mittleren K\u00f6rper gefeiert wird. Mit Aromen, die an getrocknete Pflaumen, knackige gr\u00fcne Paprika, aromatisches Heu und schwarze Johannisbeeren erinnern. Lebendige S\u00e4ure mit angenehmem Abgang l\u00e4sst Sie jeden Schluck genie\u00dfen.<\/p>\n","protected":false},"featured_media":5050,"comment_status":"closed","ping_status":"closed","template":"","meta":{"_acf_changed":false},"brand":[1791],"colour":[1140],"flavour":[1026,1035,1037],"grape-variety":[1355],"harvest-year":[1154],"region":[1293],"size":[1598],"style":[1271],"technology":[1116],"product_cat":[1382],"product_tag":[],"ams_default_variation_id":0,"ams_product_points_reward":[],"ams_product_discount_percentage":0,"ams_price_to_display":21.75,"acf":[],"ams_acf":[{"key":"food_pairings","label":"Food pairings","value":"Heuger\u00e4ucherter Lachs, gesalzener K\u00e4se"},{"key":"alcohol_percentage","label":"Alcohol percentage","value":"12%"}],"yoast_head":"<!-- This site is optimized with the Yoast SEO plugin v22.6 - https:\/\/yoast.com\/wordpress\/plugins\/seo\/ -->\n<title>Zangaura - Otskhanuri Sapere 2020 - Roze wines<\/title>\n<meta name=\"robots\" content=\"index, follow, max-snippet:-1, max-image-preview:large, max-video-preview:-1\" \/>\n<link rel=\"canonical\" href=\"https:\/\/rozewines.com\/de\/produkt\/zangaura-otskhanuri-sapere-2020\/\" \/>\n<meta property=\"og:locale\" content=\"de_DE\" \/>\n<meta property=\"og:type\" content=\"article\" \/>\n<meta property=\"og:title\" content=\"Zangaura - Otskhanuri Sapere 2020 - Roze wines\" \/>\n<meta property=\"og:description\" content=\"Zangaura \u2013 Otskhanuri Sapere 2020, ein Wein aus Westgeorgien, der f\u00fcr seine frische S\u00e4ure, seine energischen Tannine und seinen mittleren K\u00f6rper gefeiert wird. Mit Aromen, die an getrocknete Pflaumen, knackige gr\u00fcne Paprika, aromatisches Heu und schwarze Johannisbeeren erinnern. Lebendige S\u00e4ure mit angenehmem Abgang l\u00e4sst Sie jeden Schluck genie\u00dfen.\" \/>\n<meta property=\"og:url\" content=\"https:\/\/rozewines.com\/de\/produkt\/zangaura-otskhanuri-sapere-2020\/\" \/>\n<meta property=\"og:site_name\" content=\"Roze wines\" \/>\n<meta property=\"article:modified_time\" content=\"2024-08-14T15:23:43+00:00\" \/>\n<meta name=\"twitter:card\" content=\"summary_large_image\" \/>\n<script type=\"application\/ld+json\" class=\"yoast-schema-graph\">{\"@context\":\"https:\/\/schema.org\",\"@graph\":[{\"@type\":\"WebPage\",\"@id\":\"https:\/\/rozewines.com\/de\/produkt\/zangaura-otskhanuri-sapere-2020\/\",\"url\":\"https:\/\/rozewines.com\/de\/produkt\/zangaura-otskhanuri-sapere-2020\/\",\"name\":\"Zangaura - Otskhanuri Sapere 2020 - Roze wines\",\"isPartOf\":{\"@id\":\"https:\/\/rozewines.com\/#website\"},\"primaryImageOfPage\":{\"@id\":\"https:\/\/rozewines.com\/de\/produkt\/zangaura-otskhanuri-sapere-2020\/#primaryimage\"},\"image\":{\"@id\":\"https:\/\/rozewines.com\/de\/produkt\/zangaura-otskhanuri-sapere-2020\/#primaryimage\"},\"thumbnailUrl\":\"https:\/\/rozewines.com\/app\/uploads\/2024\/08\/Zangaura-Otskhanuri-Sapere.jpg\",\"datePublished\":\"2024-05-09T00:19:40+00:00\",\"dateModified\":\"2024-08-14T15:23:43+00:00\",\"breadcrumb\":{\"@id\":\"https:\/\/rozewines.com\/de\/produkt\/zangaura-otskhanuri-sapere-2020\/#breadcrumb\"},\"inLanguage\":\"de-DE\",\"potentialAction\":[{\"@type\":\"ReadAction\",\"target\":[\"https:\/\/rozewines.com\/de\/produkt\/zangaura-otskhanuri-sapere-2020\/\"]}]},{\"@type\":\"ImageObject\",\"inLanguage\":\"de-DE\",\"@id\":\"https:\/\/rozewines.com\/de\/produkt\/zangaura-otskhanuri-sapere-2020\/#primaryimage\",\"url\":\"https:\/\/rozewines.com\/app\/uploads\/2024\/08\/Zangaura-Otskhanuri-Sapere.jpg\",\"contentUrl\":\"https:\/\/rozewines.com\/app\/uploads\/2024\/08\/Zangaura-Otskhanuri-Sapere.jpg\",\"width\":7702,\"height\":7702},{\"@type\":\"BreadcrumbList\",\"@id\":\"https:\/\/rozewines.com\/de\/produkt\/zangaura-otskhanuri-sapere-2020\/#breadcrumb\",\"itemListElement\":[{\"@type\":\"ListItem\",\"position\":1,\"name\":\"Home\",\"item\":\"https:\/\/rozewines.com\/de\/\"},{\"@type\":\"ListItem\",\"position\":2,\"name\":\"Unsere Weine\",\"item\":\"https:\/\/rozewines.com\/de\/musu-vins\/\"},{\"@type\":\"ListItem\",\"position\":3,\"name\":\"Zangaura &#8211; Otskhanuri Sapere 2020\"}]},{\"@type\":\"WebSite\",\"@id\":\"https:\/\/rozewines.com\/#website\",\"url\":\"https:\/\/rozewines.com\/\",\"name\":\"Roze wines\",\"description\":\"\",\"publisher\":{\"@id\":\"https:\/\/rozewines.com\/#organization\"},\"potentialAction\":[{\"@type\":\"SearchAction\",\"target\":{\"@type\":\"EntryPoint\",\"urlTemplate\":\"https:\/\/rozewines.com\/?s={search_term_string}\"},\"query-input\":\"required name=search_term_string\"}],\"inLanguage\":\"de-DE\"},{\"@type\":\"Organization\",\"@id\":\"https:\/\/rozewines.com\/#organization\",\"name\":\"Roze wines\",\"url\":\"https:\/\/rozewines.com\/\",\"logo\":{\"@type\":\"ImageObject\",\"inLanguage\":\"de-DE\",\"@id\":\"https:\/\/rozewines.com\/#\/schema\/logo\/image\/\",\"url\":\"https:\/\/rozewines.com\/app\/uploads\/2024\/05\/logo.svg\",\"contentUrl\":\"https:\/\/rozewines.com\/app\/uploads\/2024\/05\/logo.svg\",\"width\":144,\"height\":68,\"caption\":\"Roze wines\"},\"image\":{\"@id\":\"https:\/\/rozewines.com\/#\/schema\/logo\/image\/\"}}]}<\/script>\n<!-- \/ Yoast SEO plugin. -->","yoast_head_json":{"title":"Zangaura - Otskhanuri Sapere 2020 - Roze wines","robots":{"index":"index","follow":"follow","max-snippet":"max-snippet:-1","max-image-preview":"max-image-preview:large","max-video-preview":"max-video-preview:-1"},"canonical":"https:\/\/rozewines.com\/de\/produkt\/zangaura-otskhanuri-sapere-2020\/","og_locale":"de_DE","og_type":"article","og_title":"Zangaura - Otskhanuri Sapere 2020 - Roze wines","og_description":"Zangaura \u2013 Otskhanuri Sapere 2020, ein Wein aus Westgeorgien, der f\u00fcr seine frische S\u00e4ure, seine energischen Tannine und seinen mittleren K\u00f6rper gefeiert wird. Mit Aromen, die an getrocknete Pflaumen, knackige gr\u00fcne Paprika, aromatisches Heu und schwarze Johannisbeeren erinnern. Lebendige S\u00e4ure mit angenehmem Abgang l\u00e4sst Sie jeden Schluck genie\u00dfen.","og_url":"https:\/\/rozewines.com\/de\/produkt\/zangaura-otskhanuri-sapere-2020\/","og_site_name":"Roze wines","article_modified_time":"2024-08-14T15:23:43+00:00","twitter_card":"summary_large_image","schema":{"@context":"https:\/\/schema.org","@graph":[{"@type":"WebPage","@id":"https:\/\/rozewines.com\/de\/produkt\/zangaura-otskhanuri-sapere-2020\/","url":"https:\/\/rozewines.com\/de\/produkt\/zangaura-otskhanuri-sapere-2020\/","name":"Zangaura - Otskhanuri Sapere 2020 - Roze wines","isPartOf":{"@id":"https:\/\/rozewines.com\/#website"},"primaryImageOfPage":{"@id":"https:\/\/rozewines.com\/de\/produkt\/zangaura-otskhanuri-sapere-2020\/#primaryimage"},"image":{"@id":"https:\/\/rozewines.com\/de\/produkt\/zangaura-otskhanuri-sapere-2020\/#primaryimage"},"thumbnailUrl":"https:\/\/rozewines.com\/app\/uploads\/2024\/08\/Zangaura-Otskhanuri-Sapere.jpg","datePublished":"2024-05-09T00:19:40+00:00","dateModified":"2024-08-14T15:23:43+00:00","breadcrumb":{"@id":"https:\/\/rozewines.com\/de\/produkt\/zangaura-otskhanuri-sapere-2020\/#breadcrumb"},"inLanguage":"de-DE","potentialAction":[{"@type":"ReadAction","target":["https:\/\/rozewines.com\/de\/produkt\/zangaura-otskhanuri-sapere-2020\/"]}]},{"@type":"ImageObject","inLanguage":"de-DE","@id":"https:\/\/rozewines.com\/de\/produkt\/zangaura-otskhanuri-sapere-2020\/#primaryimage","url":"https:\/\/rozewines.com\/app\/uploads\/2024\/08\/Zangaura-Otskhanuri-Sapere.jpg","contentUrl":"https:\/\/rozewines.com\/app\/uploads\/2024\/08\/Zangaura-Otskhanuri-Sapere.jpg","width":7702,"height":7702},{"@type":"BreadcrumbList","@id":"https:\/\/rozewines.com\/de\/produkt\/zangaura-otskhanuri-sapere-2020\/#breadcrumb","itemListElement":[{"@type":"ListItem","position":1,"name":"Home","item":"https:\/\/rozewines.com\/de\/"},{"@type":"ListItem","position":2,"name":"Unsere Weine","item":"https:\/\/rozewines.com\/de\/musu-vins\/"},{"@type":"ListItem","position":3,"name":"Zangaura &#8211; Otskhanuri Sapere 2020"}]},{"@type":"WebSite","@id":"https:\/\/rozewines.com\/#website","url":"https:\/\/rozewines.com\/","name":"Roze wines","description":"","publisher":{"@id":"https:\/\/rozewines.com\/#organization"},"potentialAction":[{"@type":"SearchAction","target":{"@type":"EntryPoint","urlTemplate":"https:\/\/rozewines.com\/?s={search_term_string}"},"query-input":"required name=search_term_string"}],"inLanguage":"de-DE"},{"@type":"Organization","@id":"https:\/\/rozewines.com\/#organization","name":"Roze wines","url":"https:\/\/rozewines.com\/","logo":{"@type":"ImageObject","inLanguage":"de-DE","@id":"https:\/\/rozewines.com\/#\/schema\/logo\/image\/","url":"https:\/\/rozewines.com\/app\/uploads\/2024\/05\/logo.svg","contentUrl":"https:\/\/rozewines.com\/app\/uploads\/2024\/05\/logo.svg","width":144,"height":68,"caption":"Roze wines"},"image":{"@id":"https:\/\/rozewines.com\/#\/schema\/logo\/image\/"}}]}},"_links":{"self":[{"href":"https:\/\/rozewines.com\/de\/wp-json\/wp\/v2\/product\/3227"}],"collection":[{"href":"https:\/\/rozewines.com\/de\/wp-json\/wp\/v2\/product"}],"about":[{"href":"https:\/\/rozewines.com\/de\/wp-json\/wp\/v2\/types\/product"}],"replies":[{"embeddable":true,"href":"https:\/\/rozewines.com\/de\/wp-json\/wp\/v2\/comments?post=3227"}],"wp:featuredmedia":[{"embeddable":true,"href":"https:\/\/rozewines.com\/de\/wp-json\/wp\/v2\/media\/5050"}],"wp:attachment":[{"href":"https:\/\/rozewines.com\/de\/wp-json\/wp\/v2\/media?parent=3227"}],"wp:term":[{"taxonomy":"brand","embeddable":true,"href":"https:\/\/rozewines.com\/de\/wp-json\/wp\/v2\/brand?post=3227"},{"taxonomy":"colour","embeddable":true,"href":"https:\/\/rozewines.com\/de\/wp-json\/wp\/v2\/colour?post=3227"},{"taxonomy":"flavour","embeddable":true,"href":"https:\/\/rozewines.com\/de\/wp-json\/wp\/v2\/flavour?post=3227"},{"taxonomy":"grape-variety","embeddable":true,"href":"https:\/\/rozewines.com\/de\/wp-json\/wp\/v2\/grape-variety?post=3227"},{"taxonomy":"harvest-year","embeddable":true,"href":"https:\/\/rozewines.com\/de\/wp-json\/wp\/v2\/harvest-year?post=3227"},{"taxonomy":"region","embeddable":true,"href":"https:\/\/rozewines.com\/de\/wp-json\/wp\/v2\/region?post=3227"},{"taxonomy":"size","embeddable":true,"href":"https:\/\/rozewines.com\/de\/wp-json\/wp\/v2\/size?post=3227"},{"taxonomy":"style","embeddable":true,"href":"https:\/\/rozewines.com\/de\/wp-json\/wp\/v2\/style?post=3227"},{"taxonomy":"technology","embeddable":true,"href":"https:\/\/rozewines.com\/de\/wp-json\/wp\/v2\/technology?post=3227"},{"taxonomy":"product_cat","embeddable":true,"href":"https:\/\/rozewines.com\/de\/wp-json\/wp\/v2\/product_cat?post=3227"},{"taxonomy":"product_tag","embeddable":true,"href":"https:\/\/rozewines.com\/de\/wp-json\/wp\/v2\/product_tag?post=3227"}],"curies":[{"name":"wp","href":"https:\/\/api.w.org\/{rel}","templated":true}]}}