{"id":3228,"date":"2024-05-09T00:19:40","date_gmt":"2024-05-09T00:19:40","guid":{"rendered":"https:\/\/rozewines.com\/product\/pavilion-wines-tsarapi-2021-200-sorten\/"},"modified":"2024-08-14T09:04:46","modified_gmt":"2024-08-14T09:04:46","slug":"pavilion-wines-tsarapi-2021-200-sorten","status":"publish","type":"product","link":"https:\/\/rozewines.com\/de\/produkt\/pavilion-wines-tsarapi-2021-200-sorten\/","title":{"rendered":"Pavilion Wines &#8211; Tsarapi 2021 200 Sorten"},"content":{"rendered":"<p>In Georgien gibt es 525 endemische Rebsorten. Dieser Wein stellt eine Mischung aus 200 verschiedenen Rebsorten dar und zeigt die Vielfalt der georgischen Weinherstellung. Erwarten Sie eine komplexe Geschmackspalette wie tropische Fr\u00fcchte, Zitrusfr\u00fcchte und einen Hauch von Mineralit\u00e4t. Jede Traube bringt ihre eigenen einzigartigen Eigenschaften mit, die Sie schon beim ersten Versuch sp\u00fcren k\u00f6nnen. Der Wein zeigt erstaunliche L\u00e4ngen mit angenehmen Aromen und gro\u00dfer Komplexit\u00e4t.<\/p>\n","protected":false},"excerpt":{"rendered":"<p>In Georgien gibt es 525 endemische Rebsorten. Dieser Wein stellt eine Mischung aus 200 verschiedenen Rebsorten dar und zeigt die Vielfalt der georgischen Weinherstellung. Erwarten Sie eine komplexe Geschmackspalette wie tropische Fr\u00fcchte, Zitrusfr\u00fcchte und einen Hauch von Mineralit\u00e4t. Jede Traube bringt ihre eigenen einzigartigen Eigenschaften mit, die Sie schon beim ersten Versuch sp\u00fcren k\u00f6nnen. Der &hellip; <a href=\"https:\/\/rozewines.com\/de\/produkt\/pavilion-wines-tsarapi-2021-200-sorten\/\">Continued<\/a><\/p>\n","protected":false},"featured_media":799,"comment_status":"closed","ping_status":"open","template":"","meta":{"_acf_changed":false},"brand":[1798],"colour":[1143],"flavour":[1065,996,1045],"grape-variety":[1277],"harvest-year":[],"region":[1294],"size":[1598],"style":[1271],"technology":[1116],"product_cat":[1382],"product_tag":[],"ams_default_variation_id":0,"ams_product_points_reward":[],"ams_product_discount_percentage":0,"ams_price_to_display":18,"acf":[],"ams_acf":[{"key":"food_pairings","label":"Food pairings","value":"Thunfischsandwich, Achma"},{"key":"alcohol_percentage","label":"Alcohol percentage","value":"13,4%"}],"yoast_head":"<!-- This site is optimized with the Yoast SEO plugin v22.6 - https:\/\/yoast.com\/wordpress\/plugins\/seo\/ -->\n<title>Pavilion Wines - Tsarapi 2021 200 Sorten - Roze wines<\/title>\n<meta name=\"robots\" content=\"index, follow, max-snippet:-1, max-image-preview:large, max-video-preview:-1\" \/>\n<link rel=\"canonical\" href=\"https:\/\/rozewines.com\/de\/produkt\/pavilion-wines-tsarapi-2021-200-sorten\/\" \/>\n<meta property=\"og:locale\" content=\"de_DE\" \/>\n<meta property=\"og:type\" content=\"article\" \/>\n<meta property=\"og:title\" content=\"Pavilion Wines - Tsarapi 2021 200 Sorten - Roze wines\" \/>\n<meta property=\"og:description\" content=\"In Georgien gibt es 525 endemische Rebsorten. Dieser Wein stellt eine Mischung aus 200 verschiedenen Rebsorten dar und zeigt die Vielfalt der georgischen Weinherstellung. Erwarten Sie eine komplexe Geschmackspalette wie tropische Fr\u00fcchte, Zitrusfr\u00fcchte und einen Hauch von Mineralit\u00e4t. Jede Traube bringt ihre eigenen einzigartigen Eigenschaften mit, die Sie schon beim ersten Versuch sp\u00fcren k\u00f6nnen. Der &hellip; Continued\" \/>\n<meta property=\"og:url\" content=\"https:\/\/rozewines.com\/de\/produkt\/pavilion-wines-tsarapi-2021-200-sorten\/\" \/>\n<meta property=\"og:site_name\" content=\"Roze wines\" \/>\n<meta property=\"article:modified_time\" content=\"2024-08-14T09:04:46+00:00\" \/>\n<meta property=\"og:image\" content=\"https:\/\/rozewines.com\/app\/uploads\/2024\/04\/Pavilion-Wines-200-Varieties.jpg\" \/>\n\t<meta property=\"og:image:width\" content=\"2160\" \/>\n\t<meta property=\"og:image:height\" content=\"2160\" \/>\n\t<meta property=\"og:image:type\" content=\"image\/jpeg\" \/>\n<meta name=\"twitter:card\" content=\"summary_large_image\" \/>\n<script type=\"application\/ld+json\" class=\"yoast-schema-graph\">{\"@context\":\"https:\/\/schema.org\",\"@graph\":[{\"@type\":\"WebPage\",\"@id\":\"https:\/\/rozewines.com\/de\/produkt\/pavilion-wines-tsarapi-2021-200-sorten\/\",\"url\":\"https:\/\/rozewines.com\/de\/produkt\/pavilion-wines-tsarapi-2021-200-sorten\/\",\"name\":\"Pavilion Wines - Tsarapi 2021 200 Sorten - Roze wines\",\"isPartOf\":{\"@id\":\"https:\/\/rozewines.com\/#website\"},\"primaryImageOfPage\":{\"@id\":\"https:\/\/rozewines.com\/de\/produkt\/pavilion-wines-tsarapi-2021-200-sorten\/#primaryimage\"},\"image\":{\"@id\":\"https:\/\/rozewines.com\/de\/produkt\/pavilion-wines-tsarapi-2021-200-sorten\/#primaryimage\"},\"thumbnailUrl\":\"https:\/\/rozewines.com\/app\/uploads\/2024\/04\/Pavilion-Wines-200-Varieties.jpg\",\"datePublished\":\"2024-05-09T00:19:40+00:00\",\"dateModified\":\"2024-08-14T09:04:46+00:00\",\"breadcrumb\":{\"@id\":\"https:\/\/rozewines.com\/de\/produkt\/pavilion-wines-tsarapi-2021-200-sorten\/#breadcrumb\"},\"inLanguage\":\"de-DE\",\"potentialAction\":[{\"@type\":\"ReadAction\",\"target\":[\"https:\/\/rozewines.com\/de\/produkt\/pavilion-wines-tsarapi-2021-200-sorten\/\"]}]},{\"@type\":\"ImageObject\",\"inLanguage\":\"de-DE\",\"@id\":\"https:\/\/rozewines.com\/de\/produkt\/pavilion-wines-tsarapi-2021-200-sorten\/#primaryimage\",\"url\":\"https:\/\/rozewines.com\/app\/uploads\/2024\/04\/Pavilion-Wines-200-Varieties.jpg\",\"contentUrl\":\"https:\/\/rozewines.com\/app\/uploads\/2024\/04\/Pavilion-Wines-200-Varieties.jpg\",\"width\":2160,\"height\":2160},{\"@type\":\"BreadcrumbList\",\"@id\":\"https:\/\/rozewines.com\/de\/produkt\/pavilion-wines-tsarapi-2021-200-sorten\/#breadcrumb\",\"itemListElement\":[{\"@type\":\"ListItem\",\"position\":1,\"name\":\"Home\",\"item\":\"https:\/\/rozewines.com\/de\/\"},{\"@type\":\"ListItem\",\"position\":2,\"name\":\"Unsere Weine\",\"item\":\"https:\/\/rozewines.com\/de\/musu-vins\/\"},{\"@type\":\"ListItem\",\"position\":3,\"name\":\"Pavilion Wines &#8211; Tsarapi 2021 200 Sorten\"}]},{\"@type\":\"WebSite\",\"@id\":\"https:\/\/rozewines.com\/#website\",\"url\":\"https:\/\/rozewines.com\/\",\"name\":\"Roze wines\",\"description\":\"\",\"publisher\":{\"@id\":\"https:\/\/rozewines.com\/#organization\"},\"potentialAction\":[{\"@type\":\"SearchAction\",\"target\":{\"@type\":\"EntryPoint\",\"urlTemplate\":\"https:\/\/rozewines.com\/?s={search_term_string}\"},\"query-input\":\"required name=search_term_string\"}],\"inLanguage\":\"de-DE\"},{\"@type\":\"Organization\",\"@id\":\"https:\/\/rozewines.com\/#organization\",\"name\":\"Roze wines\",\"url\":\"https:\/\/rozewines.com\/\",\"logo\":{\"@type\":\"ImageObject\",\"inLanguage\":\"de-DE\",\"@id\":\"https:\/\/rozewines.com\/#\/schema\/logo\/image\/\",\"url\":\"https:\/\/rozewines.com\/app\/uploads\/2024\/05\/logo.svg\",\"contentUrl\":\"https:\/\/rozewines.com\/app\/uploads\/2024\/05\/logo.svg\",\"width\":144,\"height\":68,\"caption\":\"Roze wines\"},\"image\":{\"@id\":\"https:\/\/rozewines.com\/#\/schema\/logo\/image\/\"}}]}<\/script>\n<!-- \/ Yoast SEO plugin. -->","yoast_head_json":{"title":"Pavilion Wines - Tsarapi 2021 200 Sorten - Roze wines","robots":{"index":"index","follow":"follow","max-snippet":"max-snippet:-1","max-image-preview":"max-image-preview:large","max-video-preview":"max-video-preview:-1"},"canonical":"https:\/\/rozewines.com\/de\/produkt\/pavilion-wines-tsarapi-2021-200-sorten\/","og_locale":"de_DE","og_type":"article","og_title":"Pavilion Wines - Tsarapi 2021 200 Sorten - Roze wines","og_description":"In Georgien gibt es 525 endemische Rebsorten. Dieser Wein stellt eine Mischung aus 200 verschiedenen Rebsorten dar und zeigt die Vielfalt der georgischen Weinherstellung. Erwarten Sie eine komplexe Geschmackspalette wie tropische Fr\u00fcchte, Zitrusfr\u00fcchte und einen Hauch von Mineralit\u00e4t. Jede Traube bringt ihre eigenen einzigartigen Eigenschaften mit, die Sie schon beim ersten Versuch sp\u00fcren k\u00f6nnen. Der &hellip; Continued","og_url":"https:\/\/rozewines.com\/de\/produkt\/pavilion-wines-tsarapi-2021-200-sorten\/","og_site_name":"Roze wines","article_modified_time":"2024-08-14T09:04:46+00:00","og_image":[{"width":2160,"height":2160,"url":"https:\/\/rozewines.com\/app\/uploads\/2024\/04\/Pavilion-Wines-200-Varieties.jpg","type":"image\/jpeg"}],"twitter_card":"summary_large_image","schema":{"@context":"https:\/\/schema.org","@graph":[{"@type":"WebPage","@id":"https:\/\/rozewines.com\/de\/produkt\/pavilion-wines-tsarapi-2021-200-sorten\/","url":"https:\/\/rozewines.com\/de\/produkt\/pavilion-wines-tsarapi-2021-200-sorten\/","name":"Pavilion Wines - Tsarapi 2021 200 Sorten - Roze wines","isPartOf":{"@id":"https:\/\/rozewines.com\/#website"},"primaryImageOfPage":{"@id":"https:\/\/rozewines.com\/de\/produkt\/pavilion-wines-tsarapi-2021-200-sorten\/#primaryimage"},"image":{"@id":"https:\/\/rozewines.com\/de\/produkt\/pavilion-wines-tsarapi-2021-200-sorten\/#primaryimage"},"thumbnailUrl":"https:\/\/rozewines.com\/app\/uploads\/2024\/04\/Pavilion-Wines-200-Varieties.jpg","datePublished":"2024-05-09T00:19:40+00:00","dateModified":"2024-08-14T09:04:46+00:00","breadcrumb":{"@id":"https:\/\/rozewines.com\/de\/produkt\/pavilion-wines-tsarapi-2021-200-sorten\/#breadcrumb"},"inLanguage":"de-DE","potentialAction":[{"@type":"ReadAction","target":["https:\/\/rozewines.com\/de\/produkt\/pavilion-wines-tsarapi-2021-200-sorten\/"]}]},{"@type":"ImageObject","inLanguage":"de-DE","@id":"https:\/\/rozewines.com\/de\/produkt\/pavilion-wines-tsarapi-2021-200-sorten\/#primaryimage","url":"https:\/\/rozewines.com\/app\/uploads\/2024\/04\/Pavilion-Wines-200-Varieties.jpg","contentUrl":"https:\/\/rozewines.com\/app\/uploads\/2024\/04\/Pavilion-Wines-200-Varieties.jpg","width":2160,"height":2160},{"@type":"BreadcrumbList","@id":"https:\/\/rozewines.com\/de\/produkt\/pavilion-wines-tsarapi-2021-200-sorten\/#breadcrumb","itemListElement":[{"@type":"ListItem","position":1,"name":"Home","item":"https:\/\/rozewines.com\/de\/"},{"@type":"ListItem","position":2,"name":"Unsere Weine","item":"https:\/\/rozewines.com\/de\/musu-vins\/"},{"@type":"ListItem","position":3,"name":"Pavilion Wines &#8211; Tsarapi 2021 200 Sorten"}]},{"@type":"WebSite","@id":"https:\/\/rozewines.com\/#website","url":"https:\/\/rozewines.com\/","name":"Roze wines","description":"","publisher":{"@id":"https:\/\/rozewines.com\/#organization"},"potentialAction":[{"@type":"SearchAction","target":{"@type":"EntryPoint","urlTemplate":"https:\/\/rozewines.com\/?s={search_term_string}"},"query-input":"required name=search_term_string"}],"inLanguage":"de-DE"},{"@type":"Organization","@id":"https:\/\/rozewines.com\/#organization","name":"Roze wines","url":"https:\/\/rozewines.com\/","logo":{"@type":"ImageObject","inLanguage":"de-DE","@id":"https:\/\/rozewines.com\/#\/schema\/logo\/image\/","url":"https:\/\/rozewines.com\/app\/uploads\/2024\/05\/logo.svg","contentUrl":"https:\/\/rozewines.com\/app\/uploads\/2024\/05\/logo.svg","width":144,"height":68,"caption":"Roze wines"},"image":{"@id":"https:\/\/rozewines.com\/#\/schema\/logo\/image\/"}}]}},"_links":{"self":[{"href":"https:\/\/rozewines.com\/de\/wp-json\/wp\/v2\/product\/3228"}],"collection":[{"href":"https:\/\/rozewines.com\/de\/wp-json\/wp\/v2\/product"}],"about":[{"href":"https:\/\/rozewines.com\/de\/wp-json\/wp\/v2\/types\/product"}],"replies":[{"embeddable":true,"href":"https:\/\/rozewines.com\/de\/wp-json\/wp\/v2\/comments?post=3228"}],"wp:featuredmedia":[{"embeddable":true,"href":"https:\/\/rozewines.com\/de\/wp-json\/wp\/v2\/media\/799"}],"wp:attachment":[{"href":"https:\/\/rozewines.com\/de\/wp-json\/wp\/v2\/media?parent=3228"}],"wp:term":[{"taxonomy":"brand","embeddable":true,"href":"https:\/\/rozewines.com\/de\/wp-json\/wp\/v2\/brand?post=3228"},{"taxonomy":"colour","embeddable":true,"href":"https:\/\/rozewines.com\/de\/wp-json\/wp\/v2\/colour?post=3228"},{"taxonomy":"flavour","embeddable":true,"href":"https:\/\/rozewines.com\/de\/wp-json\/wp\/v2\/flavour?post=3228"},{"taxonomy":"grape-variety","embeddable":true,"href":"https:\/\/rozewines.com\/de\/wp-json\/wp\/v2\/grape-variety?post=3228"},{"taxonomy":"harvest-year","embeddable":true,"href":"https:\/\/rozewines.com\/de\/wp-json\/wp\/v2\/harvest-year?post=3228"},{"taxonomy":"region","embeddable":true,"href":"https:\/\/rozewines.com\/de\/wp-json\/wp\/v2\/region?post=3228"},{"taxonomy":"size","embeddable":true,"href":"https:\/\/rozewines.com\/de\/wp-json\/wp\/v2\/size?post=3228"},{"taxonomy":"style","embeddable":true,"href":"https:\/\/rozewines.com\/de\/wp-json\/wp\/v2\/style?post=3228"},{"taxonomy":"technology","embeddable":true,"href":"https:\/\/rozewines.com\/de\/wp-json\/wp\/v2\/technology?post=3228"},{"taxonomy":"product_cat","embeddable":true,"href":"https:\/\/rozewines.com\/de\/wp-json\/wp\/v2\/product_cat?post=3228"},{"taxonomy":"product_tag","embeddable":true,"href":"https:\/\/rozewines.com\/de\/wp-json\/wp\/v2\/product_tag?post=3228"}],"curies":[{"name":"wp","href":"https:\/\/api.w.org\/{rel}","templated":true}]}}