{"id":3229,"date":"2024-05-09T00:19:40","date_gmt":"2024-05-09T00:19:40","guid":{"rendered":"https:\/\/rozewines.com\/product\/amidastur-rkatsiteli\/"},"modified":"2024-08-14T15:23:43","modified_gmt":"2024-08-14T15:23:43","slug":"amidastur-rkatsiteli","status":"publish","type":"product","link":"https:\/\/rozewines.com\/de\/produkt\/amidastur-rkatsiteli\/","title":{"rendered":"Amidastur- Rkatsiteli"},"content":{"rendered":"<p>Amidasturi \u2013 Rkatsitelli bietet eine genussvolle Reise in die Welt der sortenreinen Weine. Diese klassische Kreation ist frisch und absolut genussvoll und pr\u00e4sentiert das Beste der Rkatsitelli-Trauben. Mit seinen einladenden Aromen von knackigem gr\u00fcnem Apfel, zartem Honig, k\u00f6stlicher Birne und duftendem Jasmin ist jeder Schluck eine Symphonie der Aromen.<\/p>\n","protected":false},"excerpt":{"rendered":"<p>Amidasturi \u2013 Rkatsitelli bietet eine genussvolle Reise in die Welt der sortenreinen Weine. Diese klassische Kreation ist frisch und absolut genussvoll und pr\u00e4sentiert das Beste der Rkatsitelli-Trauben. Mit seinen einladenden Aromen von knackigem gr\u00fcnem Apfel, zartem Honig, k\u00f6stlicher Birne und duftendem Jasmin ist jeder Schluck eine Symphonie der Aromen.<\/p>\n","protected":false},"featured_media":5221,"comment_status":"closed","ping_status":"closed","template":"","meta":{"_acf_changed":false},"brand":[1802],"colour":[1143],"flavour":[1063,1034,1039],"grape-variety":[1356],"harvest-year":[1166],"region":[1294],"size":[1598],"style":[1271],"technology":[1116],"product_cat":[1382],"product_tag":[],"ams_default_variation_id":0,"ams_product_points_reward":[],"ams_product_discount_percentage":0,"ams_price_to_display":14,"acf":[],"ams_acf":[{"key":"food_pairings","label":"Food pairings","value":"Gr\u00fcner Salat, milder K\u00e4se"},{"key":"alcohol_percentage","label":"Alcohol percentage","value":"12,5%"}],"yoast_head":"<!-- This site is optimized with the Yoast SEO plugin v22.6 - https:\/\/yoast.com\/wordpress\/plugins\/seo\/ -->\n<title>Amidastur- Rkatsiteli - Roze wines<\/title>\n<meta name=\"robots\" content=\"index, follow, max-snippet:-1, max-image-preview:large, max-video-preview:-1\" \/>\n<link rel=\"canonical\" href=\"https:\/\/rozewines.com\/de\/produkt\/amidastur-rkatsiteli\/\" \/>\n<meta property=\"og:locale\" content=\"de_DE\" \/>\n<meta property=\"og:type\" content=\"article\" \/>\n<meta property=\"og:title\" content=\"Amidastur- Rkatsiteli - Roze wines\" \/>\n<meta property=\"og:description\" content=\"Amidasturi \u2013 Rkatsitelli bietet eine genussvolle Reise in die Welt der sortenreinen Weine. Diese klassische Kreation ist frisch und absolut genussvoll und pr\u00e4sentiert das Beste der Rkatsitelli-Trauben. Mit seinen einladenden Aromen von knackigem gr\u00fcnem Apfel, zartem Honig, k\u00f6stlicher Birne und duftendem Jasmin ist jeder Schluck eine Symphonie der Aromen.\" \/>\n<meta property=\"og:url\" content=\"https:\/\/rozewines.com\/de\/produkt\/amidastur-rkatsiteli\/\" \/>\n<meta property=\"og:site_name\" content=\"Roze wines\" \/>\n<meta property=\"article:modified_time\" content=\"2024-08-14T15:23:43+00:00\" \/>\n<meta name=\"twitter:card\" content=\"summary_large_image\" \/>\n<script type=\"application\/ld+json\" class=\"yoast-schema-graph\">{\"@context\":\"https:\/\/schema.org\",\"@graph\":[{\"@type\":\"WebPage\",\"@id\":\"https:\/\/rozewines.com\/de\/produkt\/amidastur-rkatsiteli\/\",\"url\":\"https:\/\/rozewines.com\/de\/produkt\/amidastur-rkatsiteli\/\",\"name\":\"Amidastur- Rkatsiteli - Roze wines\",\"isPartOf\":{\"@id\":\"https:\/\/rozewines.com\/#website\"},\"primaryImageOfPage\":{\"@id\":\"https:\/\/rozewines.com\/de\/produkt\/amidastur-rkatsiteli\/#primaryimage\"},\"image\":{\"@id\":\"https:\/\/rozewines.com\/de\/produkt\/amidastur-rkatsiteli\/#primaryimage\"},\"thumbnailUrl\":\"https:\/\/rozewines.com\/app\/uploads\/2024\/08\/Amidastur-Rkatsitelli-2021-1.jpg\",\"datePublished\":\"2024-05-09T00:19:40+00:00\",\"dateModified\":\"2024-08-14T15:23:43+00:00\",\"breadcrumb\":{\"@id\":\"https:\/\/rozewines.com\/de\/produkt\/amidastur-rkatsiteli\/#breadcrumb\"},\"inLanguage\":\"de-DE\",\"potentialAction\":[{\"@type\":\"ReadAction\",\"target\":[\"https:\/\/rozewines.com\/de\/produkt\/amidastur-rkatsiteli\/\"]}]},{\"@type\":\"ImageObject\",\"inLanguage\":\"de-DE\",\"@id\":\"https:\/\/rozewines.com\/de\/produkt\/amidastur-rkatsiteli\/#primaryimage\",\"url\":\"https:\/\/rozewines.com\/app\/uploads\/2024\/08\/Amidastur-Rkatsitelli-2021-1.jpg\",\"contentUrl\":\"https:\/\/rozewines.com\/app\/uploads\/2024\/08\/Amidastur-Rkatsitelli-2021-1.jpg\",\"width\":2160,\"height\":2160},{\"@type\":\"BreadcrumbList\",\"@id\":\"https:\/\/rozewines.com\/de\/produkt\/amidastur-rkatsiteli\/#breadcrumb\",\"itemListElement\":[{\"@type\":\"ListItem\",\"position\":1,\"name\":\"Home\",\"item\":\"https:\/\/rozewines.com\/de\/\"},{\"@type\":\"ListItem\",\"position\":2,\"name\":\"Unsere Weine\",\"item\":\"https:\/\/rozewines.com\/de\/musu-vins\/\"},{\"@type\":\"ListItem\",\"position\":3,\"name\":\"Amidastur- Rkatsiteli\"}]},{\"@type\":\"WebSite\",\"@id\":\"https:\/\/rozewines.com\/#website\",\"url\":\"https:\/\/rozewines.com\/\",\"name\":\"Roze wines\",\"description\":\"\",\"publisher\":{\"@id\":\"https:\/\/rozewines.com\/#organization\"},\"potentialAction\":[{\"@type\":\"SearchAction\",\"target\":{\"@type\":\"EntryPoint\",\"urlTemplate\":\"https:\/\/rozewines.com\/?s={search_term_string}\"},\"query-input\":\"required name=search_term_string\"}],\"inLanguage\":\"de-DE\"},{\"@type\":\"Organization\",\"@id\":\"https:\/\/rozewines.com\/#organization\",\"name\":\"Roze wines\",\"url\":\"https:\/\/rozewines.com\/\",\"logo\":{\"@type\":\"ImageObject\",\"inLanguage\":\"de-DE\",\"@id\":\"https:\/\/rozewines.com\/#\/schema\/logo\/image\/\",\"url\":\"https:\/\/rozewines.com\/app\/uploads\/2024\/05\/logo.svg\",\"contentUrl\":\"https:\/\/rozewines.com\/app\/uploads\/2024\/05\/logo.svg\",\"width\":144,\"height\":68,\"caption\":\"Roze wines\"},\"image\":{\"@id\":\"https:\/\/rozewines.com\/#\/schema\/logo\/image\/\"}}]}<\/script>\n<!-- \/ Yoast SEO plugin. -->","yoast_head_json":{"title":"Amidastur- Rkatsiteli - Roze wines","robots":{"index":"index","follow":"follow","max-snippet":"max-snippet:-1","max-image-preview":"max-image-preview:large","max-video-preview":"max-video-preview:-1"},"canonical":"https:\/\/rozewines.com\/de\/produkt\/amidastur-rkatsiteli\/","og_locale":"de_DE","og_type":"article","og_title":"Amidastur- Rkatsiteli - Roze wines","og_description":"Amidasturi \u2013 Rkatsitelli bietet eine genussvolle Reise in die Welt der sortenreinen Weine. Diese klassische Kreation ist frisch und absolut genussvoll und pr\u00e4sentiert das Beste der Rkatsitelli-Trauben. Mit seinen einladenden Aromen von knackigem gr\u00fcnem Apfel, zartem Honig, k\u00f6stlicher Birne und duftendem Jasmin ist jeder Schluck eine Symphonie der Aromen.","og_url":"https:\/\/rozewines.com\/de\/produkt\/amidastur-rkatsiteli\/","og_site_name":"Roze wines","article_modified_time":"2024-08-14T15:23:43+00:00","twitter_card":"summary_large_image","schema":{"@context":"https:\/\/schema.org","@graph":[{"@type":"WebPage","@id":"https:\/\/rozewines.com\/de\/produkt\/amidastur-rkatsiteli\/","url":"https:\/\/rozewines.com\/de\/produkt\/amidastur-rkatsiteli\/","name":"Amidastur- Rkatsiteli - Roze wines","isPartOf":{"@id":"https:\/\/rozewines.com\/#website"},"primaryImageOfPage":{"@id":"https:\/\/rozewines.com\/de\/produkt\/amidastur-rkatsiteli\/#primaryimage"},"image":{"@id":"https:\/\/rozewines.com\/de\/produkt\/amidastur-rkatsiteli\/#primaryimage"},"thumbnailUrl":"https:\/\/rozewines.com\/app\/uploads\/2024\/08\/Amidastur-Rkatsitelli-2021-1.jpg","datePublished":"2024-05-09T00:19:40+00:00","dateModified":"2024-08-14T15:23:43+00:00","breadcrumb":{"@id":"https:\/\/rozewines.com\/de\/produkt\/amidastur-rkatsiteli\/#breadcrumb"},"inLanguage":"de-DE","potentialAction":[{"@type":"ReadAction","target":["https:\/\/rozewines.com\/de\/produkt\/amidastur-rkatsiteli\/"]}]},{"@type":"ImageObject","inLanguage":"de-DE","@id":"https:\/\/rozewines.com\/de\/produkt\/amidastur-rkatsiteli\/#primaryimage","url":"https:\/\/rozewines.com\/app\/uploads\/2024\/08\/Amidastur-Rkatsitelli-2021-1.jpg","contentUrl":"https:\/\/rozewines.com\/app\/uploads\/2024\/08\/Amidastur-Rkatsitelli-2021-1.jpg","width":2160,"height":2160},{"@type":"BreadcrumbList","@id":"https:\/\/rozewines.com\/de\/produkt\/amidastur-rkatsiteli\/#breadcrumb","itemListElement":[{"@type":"ListItem","position":1,"name":"Home","item":"https:\/\/rozewines.com\/de\/"},{"@type":"ListItem","position":2,"name":"Unsere Weine","item":"https:\/\/rozewines.com\/de\/musu-vins\/"},{"@type":"ListItem","position":3,"name":"Amidastur- Rkatsiteli"}]},{"@type":"WebSite","@id":"https:\/\/rozewines.com\/#website","url":"https:\/\/rozewines.com\/","name":"Roze wines","description":"","publisher":{"@id":"https:\/\/rozewines.com\/#organization"},"potentialAction":[{"@type":"SearchAction","target":{"@type":"EntryPoint","urlTemplate":"https:\/\/rozewines.com\/?s={search_term_string}"},"query-input":"required name=search_term_string"}],"inLanguage":"de-DE"},{"@type":"Organization","@id":"https:\/\/rozewines.com\/#organization","name":"Roze wines","url":"https:\/\/rozewines.com\/","logo":{"@type":"ImageObject","inLanguage":"de-DE","@id":"https:\/\/rozewines.com\/#\/schema\/logo\/image\/","url":"https:\/\/rozewines.com\/app\/uploads\/2024\/05\/logo.svg","contentUrl":"https:\/\/rozewines.com\/app\/uploads\/2024\/05\/logo.svg","width":144,"height":68,"caption":"Roze wines"},"image":{"@id":"https:\/\/rozewines.com\/#\/schema\/logo\/image\/"}}]}},"_links":{"self":[{"href":"https:\/\/rozewines.com\/de\/wp-json\/wp\/v2\/product\/3229"}],"collection":[{"href":"https:\/\/rozewines.com\/de\/wp-json\/wp\/v2\/product"}],"about":[{"href":"https:\/\/rozewines.com\/de\/wp-json\/wp\/v2\/types\/product"}],"replies":[{"embeddable":true,"href":"https:\/\/rozewines.com\/de\/wp-json\/wp\/v2\/comments?post=3229"}],"wp:featuredmedia":[{"embeddable":true,"href":"https:\/\/rozewines.com\/de\/wp-json\/wp\/v2\/media\/5221"}],"wp:attachment":[{"href":"https:\/\/rozewines.com\/de\/wp-json\/wp\/v2\/media?parent=3229"}],"wp:term":[{"taxonomy":"brand","embeddable":true,"href":"https:\/\/rozewines.com\/de\/wp-json\/wp\/v2\/brand?post=3229"},{"taxonomy":"colour","embeddable":true,"href":"https:\/\/rozewines.com\/de\/wp-json\/wp\/v2\/colour?post=3229"},{"taxonomy":"flavour","embeddable":true,"href":"https:\/\/rozewines.com\/de\/wp-json\/wp\/v2\/flavour?post=3229"},{"taxonomy":"grape-variety","embeddable":true,"href":"https:\/\/rozewines.com\/de\/wp-json\/wp\/v2\/grape-variety?post=3229"},{"taxonomy":"harvest-year","embeddable":true,"href":"https:\/\/rozewines.com\/de\/wp-json\/wp\/v2\/harvest-year?post=3229"},{"taxonomy":"region","embeddable":true,"href":"https:\/\/rozewines.com\/de\/wp-json\/wp\/v2\/region?post=3229"},{"taxonomy":"size","embeddable":true,"href":"https:\/\/rozewines.com\/de\/wp-json\/wp\/v2\/size?post=3229"},{"taxonomy":"style","embeddable":true,"href":"https:\/\/rozewines.com\/de\/wp-json\/wp\/v2\/style?post=3229"},{"taxonomy":"technology","embeddable":true,"href":"https:\/\/rozewines.com\/de\/wp-json\/wp\/v2\/technology?post=3229"},{"taxonomy":"product_cat","embeddable":true,"href":"https:\/\/rozewines.com\/de\/wp-json\/wp\/v2\/product_cat?post=3229"},{"taxonomy":"product_tag","embeddable":true,"href":"https:\/\/rozewines.com\/de\/wp-json\/wp\/v2\/product_tag?post=3229"}],"curies":[{"name":"wp","href":"https:\/\/api.w.org\/{rel}","templated":true}]}}