{"id":3239,"date":"2024-05-09T00:20:04","date_gmt":"2024-05-09T00:20:04","guid":{"rendered":"https:\/\/rozewines.com\/product\/villa-kelasuri-rkatsiteli-2019\/"},"modified":"2024-08-14T09:04:21","modified_gmt":"2024-08-14T09:04:21","slug":"villa-kelasuri-rkatsiteli-2019","status":"publish","type":"product","link":"https:\/\/rozewines.com\/de\/produkt\/villa-kelasuri-rkatsiteli-2019\/","title":{"rendered":"Villa Kelasuri &#8211; Rkatsiteli 2019"},"content":{"rendered":"<p>Villa Kelasuri &#8211; Rkatsiteli 2019, ein Qvevri-Wein aus Zentralgeorgien, der f\u00fcr seine ausgewogenen und aromatischen Qualit\u00e4ten gefeiert wird. Dieser mit Sorgfalt hergestellte Wein bietet eine harmonische Mischung aus Geschmacksrichtungen und Aromen. Genie\u00dfen Sie die verf\u00fchrerischen D\u00fcfte von getrockneter Aprikose, reifem rotem Apfel, R\u00f6stnoten und der subtilen S\u00fc\u00dfe der Quitte. Mit seinem Charakter und seiner handwerklichen Handwerkskunst verspricht jeder Schluck eine Reise durch das Erbe der Weinherstellung.<\/p>\n","protected":false},"excerpt":{"rendered":"<p>Villa Kelasuri &#8211; Rkatsiteli 2019, ein Qvevri-Wein aus Zentralgeorgien, der f\u00fcr seine ausgewogenen und aromatischen Qualit\u00e4ten gefeiert wird. Dieser mit Sorgfalt hergestellte Wein bietet eine harmonische Mischung aus Geschmacksrichtungen und Aromen. Genie\u00dfen Sie die verf\u00fchrerischen D\u00fcfte von getrockneter Aprikose, reifem rotem Apfel, R\u00f6stnoten und der subtilen S\u00fc\u00dfe der Quitte. Mit seinem Charakter und seiner handwerklichen &hellip; <a href=\"https:\/\/rozewines.com\/de\/produkt\/villa-kelasuri-rkatsiteli-2019\/\">Continued<\/a><\/p>\n","protected":false},"featured_media":3839,"comment_status":"closed","ping_status":"closed","template":"","meta":{"_acf_changed":false},"brand":[1806],"colour":[1139],"flavour":[1083,1021,1072],"grape-variety":[1356],"harvest-year":[1151],"region":[1297],"size":[1598],"style":[1271],"technology":[1118],"product_cat":[1382],"product_tag":[],"ams_default_variation_id":0,"ams_product_points_reward":[],"ams_product_discount_percentage":0,"ams_price_to_display":28,"acf":[],"ams_acf":[{"key":"food_pairings","label":"Food pairings","value":"Schweinefleisch BBQ, w\u00fcrzige Nudeln"},{"key":"alcohol_percentage","label":"Alcohol percentage","value":"14%"}],"yoast_head":"<!-- This site is optimized with the Yoast SEO plugin v22.6 - https:\/\/yoast.com\/wordpress\/plugins\/seo\/ -->\n<title>Villa Kelasuri - Rkatsiteli 2019 - Roze wines<\/title>\n<meta name=\"robots\" content=\"index, follow, max-snippet:-1, max-image-preview:large, max-video-preview:-1\" \/>\n<link rel=\"canonical\" href=\"https:\/\/rozewines.com\/de\/produkt\/villa-kelasuri-rkatsiteli-2019\/\" \/>\n<meta property=\"og:locale\" content=\"de_DE\" \/>\n<meta property=\"og:type\" content=\"article\" \/>\n<meta property=\"og:title\" content=\"Villa Kelasuri - Rkatsiteli 2019 - Roze wines\" \/>\n<meta property=\"og:description\" content=\"Villa Kelasuri &#8211; Rkatsiteli 2019, ein Qvevri-Wein aus Zentralgeorgien, der f\u00fcr seine ausgewogenen und aromatischen Qualit\u00e4ten gefeiert wird. Dieser mit Sorgfalt hergestellte Wein bietet eine harmonische Mischung aus Geschmacksrichtungen und Aromen. Genie\u00dfen Sie die verf\u00fchrerischen D\u00fcfte von getrockneter Aprikose, reifem rotem Apfel, R\u00f6stnoten und der subtilen S\u00fc\u00dfe der Quitte. Mit seinem Charakter und seiner handwerklichen &hellip; Continued\" \/>\n<meta property=\"og:url\" content=\"https:\/\/rozewines.com\/de\/produkt\/villa-kelasuri-rkatsiteli-2019\/\" \/>\n<meta property=\"og:site_name\" content=\"Roze wines\" \/>\n<meta property=\"article:modified_time\" content=\"2024-08-14T09:04:21+00:00\" \/>\n<meta property=\"og:image\" content=\"https:\/\/rozewines.com\/app\/uploads\/2024\/05\/Villa-Kelasuri-Rkatsiteli-2019-scaled.jpg\" \/>\n\t<meta property=\"og:image:width\" content=\"2560\" \/>\n\t<meta property=\"og:image:height\" content=\"2560\" \/>\n\t<meta property=\"og:image:type\" content=\"image\/jpeg\" \/>\n<meta name=\"twitter:card\" content=\"summary_large_image\" \/>\n<script type=\"application\/ld+json\" class=\"yoast-schema-graph\">{\"@context\":\"https:\/\/schema.org\",\"@graph\":[{\"@type\":\"WebPage\",\"@id\":\"https:\/\/rozewines.com\/de\/produkt\/villa-kelasuri-rkatsiteli-2019\/\",\"url\":\"https:\/\/rozewines.com\/de\/produkt\/villa-kelasuri-rkatsiteli-2019\/\",\"name\":\"Villa Kelasuri - Rkatsiteli 2019 - Roze wines\",\"isPartOf\":{\"@id\":\"https:\/\/rozewines.com\/#website\"},\"primaryImageOfPage\":{\"@id\":\"https:\/\/rozewines.com\/de\/produkt\/villa-kelasuri-rkatsiteli-2019\/#primaryimage\"},\"image\":{\"@id\":\"https:\/\/rozewines.com\/de\/produkt\/villa-kelasuri-rkatsiteli-2019\/#primaryimage\"},\"thumbnailUrl\":\"https:\/\/rozewines.com\/app\/uploads\/2024\/05\/Villa-Kelasuri-Rkatsiteli-2019-scaled.jpg\",\"datePublished\":\"2024-05-09T00:20:04+00:00\",\"dateModified\":\"2024-08-14T09:04:21+00:00\",\"breadcrumb\":{\"@id\":\"https:\/\/rozewines.com\/de\/produkt\/villa-kelasuri-rkatsiteli-2019\/#breadcrumb\"},\"inLanguage\":\"de-DE\",\"potentialAction\":[{\"@type\":\"ReadAction\",\"target\":[\"https:\/\/rozewines.com\/de\/produkt\/villa-kelasuri-rkatsiteli-2019\/\"]}]},{\"@type\":\"ImageObject\",\"inLanguage\":\"de-DE\",\"@id\":\"https:\/\/rozewines.com\/de\/produkt\/villa-kelasuri-rkatsiteli-2019\/#primaryimage\",\"url\":\"https:\/\/rozewines.com\/app\/uploads\/2024\/05\/Villa-Kelasuri-Rkatsiteli-2019-scaled.jpg\",\"contentUrl\":\"https:\/\/rozewines.com\/app\/uploads\/2024\/05\/Villa-Kelasuri-Rkatsiteli-2019-scaled.jpg\",\"width\":2560,\"height\":2560},{\"@type\":\"BreadcrumbList\",\"@id\":\"https:\/\/rozewines.com\/de\/produkt\/villa-kelasuri-rkatsiteli-2019\/#breadcrumb\",\"itemListElement\":[{\"@type\":\"ListItem\",\"position\":1,\"name\":\"Home\",\"item\":\"https:\/\/rozewines.com\/de\/\"},{\"@type\":\"ListItem\",\"position\":2,\"name\":\"Unsere Weine\",\"item\":\"https:\/\/rozewines.com\/de\/musu-vins\/\"},{\"@type\":\"ListItem\",\"position\":3,\"name\":\"Villa Kelasuri &#8211; Rkatsiteli 2019\"}]},{\"@type\":\"WebSite\",\"@id\":\"https:\/\/rozewines.com\/#website\",\"url\":\"https:\/\/rozewines.com\/\",\"name\":\"Roze wines\",\"description\":\"\",\"publisher\":{\"@id\":\"https:\/\/rozewines.com\/#organization\"},\"potentialAction\":[{\"@type\":\"SearchAction\",\"target\":{\"@type\":\"EntryPoint\",\"urlTemplate\":\"https:\/\/rozewines.com\/?s={search_term_string}\"},\"query-input\":\"required name=search_term_string\"}],\"inLanguage\":\"de-DE\"},{\"@type\":\"Organization\",\"@id\":\"https:\/\/rozewines.com\/#organization\",\"name\":\"Roze wines\",\"url\":\"https:\/\/rozewines.com\/\",\"logo\":{\"@type\":\"ImageObject\",\"inLanguage\":\"de-DE\",\"@id\":\"https:\/\/rozewines.com\/#\/schema\/logo\/image\/\",\"url\":\"https:\/\/rozewines.com\/app\/uploads\/2024\/05\/logo.svg\",\"contentUrl\":\"https:\/\/rozewines.com\/app\/uploads\/2024\/05\/logo.svg\",\"width\":144,\"height\":68,\"caption\":\"Roze wines\"},\"image\":{\"@id\":\"https:\/\/rozewines.com\/#\/schema\/logo\/image\/\"}}]}<\/script>\n<!-- \/ Yoast SEO plugin. -->","yoast_head_json":{"title":"Villa Kelasuri - Rkatsiteli 2019 - Roze wines","robots":{"index":"index","follow":"follow","max-snippet":"max-snippet:-1","max-image-preview":"max-image-preview:large","max-video-preview":"max-video-preview:-1"},"canonical":"https:\/\/rozewines.com\/de\/produkt\/villa-kelasuri-rkatsiteli-2019\/","og_locale":"de_DE","og_type":"article","og_title":"Villa Kelasuri - Rkatsiteli 2019 - Roze wines","og_description":"Villa Kelasuri &#8211; Rkatsiteli 2019, ein Qvevri-Wein aus Zentralgeorgien, der f\u00fcr seine ausgewogenen und aromatischen Qualit\u00e4ten gefeiert wird. Dieser mit Sorgfalt hergestellte Wein bietet eine harmonische Mischung aus Geschmacksrichtungen und Aromen. Genie\u00dfen Sie die verf\u00fchrerischen D\u00fcfte von getrockneter Aprikose, reifem rotem Apfel, R\u00f6stnoten und der subtilen S\u00fc\u00dfe der Quitte. Mit seinem Charakter und seiner handwerklichen &hellip; Continued","og_url":"https:\/\/rozewines.com\/de\/produkt\/villa-kelasuri-rkatsiteli-2019\/","og_site_name":"Roze wines","article_modified_time":"2024-08-14T09:04:21+00:00","og_image":[{"width":2560,"height":2560,"url":"https:\/\/rozewines.com\/app\/uploads\/2024\/05\/Villa-Kelasuri-Rkatsiteli-2019-scaled.jpg","type":"image\/jpeg"}],"twitter_card":"summary_large_image","schema":{"@context":"https:\/\/schema.org","@graph":[{"@type":"WebPage","@id":"https:\/\/rozewines.com\/de\/produkt\/villa-kelasuri-rkatsiteli-2019\/","url":"https:\/\/rozewines.com\/de\/produkt\/villa-kelasuri-rkatsiteli-2019\/","name":"Villa Kelasuri - Rkatsiteli 2019 - Roze wines","isPartOf":{"@id":"https:\/\/rozewines.com\/#website"},"primaryImageOfPage":{"@id":"https:\/\/rozewines.com\/de\/produkt\/villa-kelasuri-rkatsiteli-2019\/#primaryimage"},"image":{"@id":"https:\/\/rozewines.com\/de\/produkt\/villa-kelasuri-rkatsiteli-2019\/#primaryimage"},"thumbnailUrl":"https:\/\/rozewines.com\/app\/uploads\/2024\/05\/Villa-Kelasuri-Rkatsiteli-2019-scaled.jpg","datePublished":"2024-05-09T00:20:04+00:00","dateModified":"2024-08-14T09:04:21+00:00","breadcrumb":{"@id":"https:\/\/rozewines.com\/de\/produkt\/villa-kelasuri-rkatsiteli-2019\/#breadcrumb"},"inLanguage":"de-DE","potentialAction":[{"@type":"ReadAction","target":["https:\/\/rozewines.com\/de\/produkt\/villa-kelasuri-rkatsiteli-2019\/"]}]},{"@type":"ImageObject","inLanguage":"de-DE","@id":"https:\/\/rozewines.com\/de\/produkt\/villa-kelasuri-rkatsiteli-2019\/#primaryimage","url":"https:\/\/rozewines.com\/app\/uploads\/2024\/05\/Villa-Kelasuri-Rkatsiteli-2019-scaled.jpg","contentUrl":"https:\/\/rozewines.com\/app\/uploads\/2024\/05\/Villa-Kelasuri-Rkatsiteli-2019-scaled.jpg","width":2560,"height":2560},{"@type":"BreadcrumbList","@id":"https:\/\/rozewines.com\/de\/produkt\/villa-kelasuri-rkatsiteli-2019\/#breadcrumb","itemListElement":[{"@type":"ListItem","position":1,"name":"Home","item":"https:\/\/rozewines.com\/de\/"},{"@type":"ListItem","position":2,"name":"Unsere Weine","item":"https:\/\/rozewines.com\/de\/musu-vins\/"},{"@type":"ListItem","position":3,"name":"Villa Kelasuri &#8211; Rkatsiteli 2019"}]},{"@type":"WebSite","@id":"https:\/\/rozewines.com\/#website","url":"https:\/\/rozewines.com\/","name":"Roze wines","description":"","publisher":{"@id":"https:\/\/rozewines.com\/#organization"},"potentialAction":[{"@type":"SearchAction","target":{"@type":"EntryPoint","urlTemplate":"https:\/\/rozewines.com\/?s={search_term_string}"},"query-input":"required name=search_term_string"}],"inLanguage":"de-DE"},{"@type":"Organization","@id":"https:\/\/rozewines.com\/#organization","name":"Roze wines","url":"https:\/\/rozewines.com\/","logo":{"@type":"ImageObject","inLanguage":"de-DE","@id":"https:\/\/rozewines.com\/#\/schema\/logo\/image\/","url":"https:\/\/rozewines.com\/app\/uploads\/2024\/05\/logo.svg","contentUrl":"https:\/\/rozewines.com\/app\/uploads\/2024\/05\/logo.svg","width":144,"height":68,"caption":"Roze wines"},"image":{"@id":"https:\/\/rozewines.com\/#\/schema\/logo\/image\/"}}]}},"_links":{"self":[{"href":"https:\/\/rozewines.com\/de\/wp-json\/wp\/v2\/product\/3239"}],"collection":[{"href":"https:\/\/rozewines.com\/de\/wp-json\/wp\/v2\/product"}],"about":[{"href":"https:\/\/rozewines.com\/de\/wp-json\/wp\/v2\/types\/product"}],"replies":[{"embeddable":true,"href":"https:\/\/rozewines.com\/de\/wp-json\/wp\/v2\/comments?post=3239"}],"wp:featuredmedia":[{"embeddable":true,"href":"https:\/\/rozewines.com\/de\/wp-json\/wp\/v2\/media\/3839"}],"wp:attachment":[{"href":"https:\/\/rozewines.com\/de\/wp-json\/wp\/v2\/media?parent=3239"}],"wp:term":[{"taxonomy":"brand","embeddable":true,"href":"https:\/\/rozewines.com\/de\/wp-json\/wp\/v2\/brand?post=3239"},{"taxonomy":"colour","embeddable":true,"href":"https:\/\/rozewines.com\/de\/wp-json\/wp\/v2\/colour?post=3239"},{"taxonomy":"flavour","embeddable":true,"href":"https:\/\/rozewines.com\/de\/wp-json\/wp\/v2\/flavour?post=3239"},{"taxonomy":"grape-variety","embeddable":true,"href":"https:\/\/rozewines.com\/de\/wp-json\/wp\/v2\/grape-variety?post=3239"},{"taxonomy":"harvest-year","embeddable":true,"href":"https:\/\/rozewines.com\/de\/wp-json\/wp\/v2\/harvest-year?post=3239"},{"taxonomy":"region","embeddable":true,"href":"https:\/\/rozewines.com\/de\/wp-json\/wp\/v2\/region?post=3239"},{"taxonomy":"size","embeddable":true,"href":"https:\/\/rozewines.com\/de\/wp-json\/wp\/v2\/size?post=3239"},{"taxonomy":"style","embeddable":true,"href":"https:\/\/rozewines.com\/de\/wp-json\/wp\/v2\/style?post=3239"},{"taxonomy":"technology","embeddable":true,"href":"https:\/\/rozewines.com\/de\/wp-json\/wp\/v2\/technology?post=3239"},{"taxonomy":"product_cat","embeddable":true,"href":"https:\/\/rozewines.com\/de\/wp-json\/wp\/v2\/product_cat?post=3239"},{"taxonomy":"product_tag","embeddable":true,"href":"https:\/\/rozewines.com\/de\/wp-json\/wp\/v2\/product_tag?post=3239"}],"curies":[{"name":"wp","href":"https:\/\/api.w.org\/{rel}","templated":true}]}}