{"id":3241,"date":"2024-05-09T00:20:04","date_gmt":"2024-05-09T00:20:04","guid":{"rendered":"https:\/\/rozewines.com\/product\/villa-mosavali-rkatsiteli-qvevri-2019\/"},"modified":"2024-08-14T09:04:21","modified_gmt":"2024-08-14T09:04:21","slug":"villa-mosavali-rkatsiteli-qvevri-2019","status":"publish","type":"product","link":"https:\/\/rozewines.com\/de\/produkt\/villa-mosavali-rkatsiteli-qvevri-2019\/","title":{"rendered":"Villa Mosavali &#8211; Rkatsiteli Qvevri 2019"},"content":{"rendered":"<p>Villa Mosavali &#8211; Rkatsiteli Qvevri 2019, ein exquisiter Bernsteinwein, der f\u00fcr seine starke Wirkung und makellose Ausgewogenheit gesch\u00e4tzt wird. Dieser in Qvevri hergestellte Wein bietet eine harmonische Mischung aus Geschmacksrichtungen und Aromen. Erleben Sie die verf\u00fchrerischen D\u00fcfte von reifem Pfirsich, Melone, s\u00fc\u00dfer getrockneter Aprikose und einem Hauch w\u00fcrzigem wei\u00dfem Pfeffer. Mit seinem satten Bernsteinton und dem fesselnden Aroma bietet der 6-monatige Kontakt mit der Haut viel mehr Wirkung und bietet die M\u00f6glichkeit, die Traditionen der georgischen Weinherstellung zu sp\u00fcren.<\/p>\n","protected":false},"excerpt":{"rendered":"<p>Villa Mosavali &#8211; Rkatsiteli Qvevri 2019, ein exquisiter Bernsteinwein, der f\u00fcr seine starke Wirkung und makellose Ausgewogenheit gesch\u00e4tzt wird. Dieser in Qvevri hergestellte Wein bietet eine harmonische Mischung aus Geschmacksrichtungen und Aromen. Erleben Sie die verf\u00fchrerischen D\u00fcfte von reifem Pfirsich, Melone, s\u00fc\u00dfer getrockneter Aprikose und einem Hauch w\u00fcrzigem wei\u00dfem Pfeffer. Mit seinem satten Bernsteinton und &hellip; <a href=\"https:\/\/rozewines.com\/de\/produkt\/villa-mosavali-rkatsiteli-qvevri-2019\/\">Continued<\/a><\/p>\n","protected":false},"featured_media":3891,"comment_status":"closed","ping_status":"closed","template":"","meta":{"_acf_changed":false},"brand":[1785],"colour":[1139],"flavour":[1021,1062],"grape-variety":[1356],"harvest-year":[1151],"region":[1294],"size":[1598],"style":[1271],"technology":[1118],"product_cat":[1382],"product_tag":[],"ams_default_variation_id":0,"ams_product_points_reward":[],"ams_product_discount_percentage":0,"ams_price_to_display":19,"acf":[],"ams_acf":[{"key":"food_pairings","label":"Food pairings","value":"Gegrilltes Fleisch mit Tkemali, ger\u00e4ucherter Fischteller"},{"key":"alcohol_percentage","label":"Alcohol percentage","value":"13%"}],"yoast_head":"<!-- This site is optimized with the Yoast SEO plugin v22.6 - https:\/\/yoast.com\/wordpress\/plugins\/seo\/ -->\n<title>Villa Mosavali - Rkatsiteli Qvevri 2019 - Roze wines<\/title>\n<meta name=\"robots\" content=\"index, follow, max-snippet:-1, max-image-preview:large, max-video-preview:-1\" \/>\n<link rel=\"canonical\" href=\"https:\/\/rozewines.com\/de\/produkt\/villa-mosavali-rkatsiteli-qvevri-2019\/\" \/>\n<meta property=\"og:locale\" content=\"de_DE\" \/>\n<meta property=\"og:type\" content=\"article\" \/>\n<meta property=\"og:title\" content=\"Villa Mosavali - Rkatsiteli Qvevri 2019 - Roze wines\" \/>\n<meta property=\"og:description\" content=\"Villa Mosavali &#8211; Rkatsiteli Qvevri 2019, ein exquisiter Bernsteinwein, der f\u00fcr seine starke Wirkung und makellose Ausgewogenheit gesch\u00e4tzt wird. Dieser in Qvevri hergestellte Wein bietet eine harmonische Mischung aus Geschmacksrichtungen und Aromen. Erleben Sie die verf\u00fchrerischen D\u00fcfte von reifem Pfirsich, Melone, s\u00fc\u00dfer getrockneter Aprikose und einem Hauch w\u00fcrzigem wei\u00dfem Pfeffer. Mit seinem satten Bernsteinton und &hellip; Continued\" \/>\n<meta property=\"og:url\" content=\"https:\/\/rozewines.com\/de\/produkt\/villa-mosavali-rkatsiteli-qvevri-2019\/\" \/>\n<meta property=\"og:site_name\" content=\"Roze wines\" \/>\n<meta property=\"article:modified_time\" content=\"2024-08-14T09:04:21+00:00\" \/>\n<meta property=\"og:image\" content=\"https:\/\/rozewines.com\/app\/uploads\/2024\/05\/Villa-Mosavali-Rkatsiteli-Qvevri-2019-scaled.jpg\" \/>\n\t<meta property=\"og:image:width\" content=\"2560\" \/>\n\t<meta property=\"og:image:height\" content=\"2560\" \/>\n\t<meta property=\"og:image:type\" content=\"image\/jpeg\" \/>\n<meta name=\"twitter:card\" content=\"summary_large_image\" \/>\n<script type=\"application\/ld+json\" class=\"yoast-schema-graph\">{\"@context\":\"https:\/\/schema.org\",\"@graph\":[{\"@type\":\"WebPage\",\"@id\":\"https:\/\/rozewines.com\/de\/produkt\/villa-mosavali-rkatsiteli-qvevri-2019\/\",\"url\":\"https:\/\/rozewines.com\/de\/produkt\/villa-mosavali-rkatsiteli-qvevri-2019\/\",\"name\":\"Villa Mosavali - Rkatsiteli Qvevri 2019 - Roze wines\",\"isPartOf\":{\"@id\":\"https:\/\/rozewines.com\/#website\"},\"primaryImageOfPage\":{\"@id\":\"https:\/\/rozewines.com\/de\/produkt\/villa-mosavali-rkatsiteli-qvevri-2019\/#primaryimage\"},\"image\":{\"@id\":\"https:\/\/rozewines.com\/de\/produkt\/villa-mosavali-rkatsiteli-qvevri-2019\/#primaryimage\"},\"thumbnailUrl\":\"https:\/\/rozewines.com\/app\/uploads\/2024\/05\/Villa-Mosavali-Rkatsiteli-Qvevri-2019-scaled.jpg\",\"datePublished\":\"2024-05-09T00:20:04+00:00\",\"dateModified\":\"2024-08-14T09:04:21+00:00\",\"breadcrumb\":{\"@id\":\"https:\/\/rozewines.com\/de\/produkt\/villa-mosavali-rkatsiteli-qvevri-2019\/#breadcrumb\"},\"inLanguage\":\"de-DE\",\"potentialAction\":[{\"@type\":\"ReadAction\",\"target\":[\"https:\/\/rozewines.com\/de\/produkt\/villa-mosavali-rkatsiteli-qvevri-2019\/\"]}]},{\"@type\":\"ImageObject\",\"inLanguage\":\"de-DE\",\"@id\":\"https:\/\/rozewines.com\/de\/produkt\/villa-mosavali-rkatsiteli-qvevri-2019\/#primaryimage\",\"url\":\"https:\/\/rozewines.com\/app\/uploads\/2024\/05\/Villa-Mosavali-Rkatsiteli-Qvevri-2019-scaled.jpg\",\"contentUrl\":\"https:\/\/rozewines.com\/app\/uploads\/2024\/05\/Villa-Mosavali-Rkatsiteli-Qvevri-2019-scaled.jpg\",\"width\":2560,\"height\":2560},{\"@type\":\"BreadcrumbList\",\"@id\":\"https:\/\/rozewines.com\/de\/produkt\/villa-mosavali-rkatsiteli-qvevri-2019\/#breadcrumb\",\"itemListElement\":[{\"@type\":\"ListItem\",\"position\":1,\"name\":\"Home\",\"item\":\"https:\/\/rozewines.com\/de\/\"},{\"@type\":\"ListItem\",\"position\":2,\"name\":\"Unsere Weine\",\"item\":\"https:\/\/rozewines.com\/de\/musu-vins\/\"},{\"@type\":\"ListItem\",\"position\":3,\"name\":\"Villa Mosavali &#8211; Rkatsiteli Qvevri 2019\"}]},{\"@type\":\"WebSite\",\"@id\":\"https:\/\/rozewines.com\/#website\",\"url\":\"https:\/\/rozewines.com\/\",\"name\":\"Roze wines\",\"description\":\"\",\"publisher\":{\"@id\":\"https:\/\/rozewines.com\/#organization\"},\"potentialAction\":[{\"@type\":\"SearchAction\",\"target\":{\"@type\":\"EntryPoint\",\"urlTemplate\":\"https:\/\/rozewines.com\/?s={search_term_string}\"},\"query-input\":\"required name=search_term_string\"}],\"inLanguage\":\"de-DE\"},{\"@type\":\"Organization\",\"@id\":\"https:\/\/rozewines.com\/#organization\",\"name\":\"Roze wines\",\"url\":\"https:\/\/rozewines.com\/\",\"logo\":{\"@type\":\"ImageObject\",\"inLanguage\":\"de-DE\",\"@id\":\"https:\/\/rozewines.com\/#\/schema\/logo\/image\/\",\"url\":\"https:\/\/rozewines.com\/app\/uploads\/2024\/05\/logo.svg\",\"contentUrl\":\"https:\/\/rozewines.com\/app\/uploads\/2024\/05\/logo.svg\",\"width\":144,\"height\":68,\"caption\":\"Roze wines\"},\"image\":{\"@id\":\"https:\/\/rozewines.com\/#\/schema\/logo\/image\/\"}}]}<\/script>\n<!-- \/ Yoast SEO plugin. -->","yoast_head_json":{"title":"Villa Mosavali - Rkatsiteli Qvevri 2019 - Roze wines","robots":{"index":"index","follow":"follow","max-snippet":"max-snippet:-1","max-image-preview":"max-image-preview:large","max-video-preview":"max-video-preview:-1"},"canonical":"https:\/\/rozewines.com\/de\/produkt\/villa-mosavali-rkatsiteli-qvevri-2019\/","og_locale":"de_DE","og_type":"article","og_title":"Villa Mosavali - Rkatsiteli Qvevri 2019 - Roze wines","og_description":"Villa Mosavali &#8211; Rkatsiteli Qvevri 2019, ein exquisiter Bernsteinwein, der f\u00fcr seine starke Wirkung und makellose Ausgewogenheit gesch\u00e4tzt wird. Dieser in Qvevri hergestellte Wein bietet eine harmonische Mischung aus Geschmacksrichtungen und Aromen. Erleben Sie die verf\u00fchrerischen D\u00fcfte von reifem Pfirsich, Melone, s\u00fc\u00dfer getrockneter Aprikose und einem Hauch w\u00fcrzigem wei\u00dfem Pfeffer. Mit seinem satten Bernsteinton und &hellip; Continued","og_url":"https:\/\/rozewines.com\/de\/produkt\/villa-mosavali-rkatsiteli-qvevri-2019\/","og_site_name":"Roze wines","article_modified_time":"2024-08-14T09:04:21+00:00","og_image":[{"width":2560,"height":2560,"url":"https:\/\/rozewines.com\/app\/uploads\/2024\/05\/Villa-Mosavali-Rkatsiteli-Qvevri-2019-scaled.jpg","type":"image\/jpeg"}],"twitter_card":"summary_large_image","schema":{"@context":"https:\/\/schema.org","@graph":[{"@type":"WebPage","@id":"https:\/\/rozewines.com\/de\/produkt\/villa-mosavali-rkatsiteli-qvevri-2019\/","url":"https:\/\/rozewines.com\/de\/produkt\/villa-mosavali-rkatsiteli-qvevri-2019\/","name":"Villa Mosavali - Rkatsiteli Qvevri 2019 - Roze wines","isPartOf":{"@id":"https:\/\/rozewines.com\/#website"},"primaryImageOfPage":{"@id":"https:\/\/rozewines.com\/de\/produkt\/villa-mosavali-rkatsiteli-qvevri-2019\/#primaryimage"},"image":{"@id":"https:\/\/rozewines.com\/de\/produkt\/villa-mosavali-rkatsiteli-qvevri-2019\/#primaryimage"},"thumbnailUrl":"https:\/\/rozewines.com\/app\/uploads\/2024\/05\/Villa-Mosavali-Rkatsiteli-Qvevri-2019-scaled.jpg","datePublished":"2024-05-09T00:20:04+00:00","dateModified":"2024-08-14T09:04:21+00:00","breadcrumb":{"@id":"https:\/\/rozewines.com\/de\/produkt\/villa-mosavali-rkatsiteli-qvevri-2019\/#breadcrumb"},"inLanguage":"de-DE","potentialAction":[{"@type":"ReadAction","target":["https:\/\/rozewines.com\/de\/produkt\/villa-mosavali-rkatsiteli-qvevri-2019\/"]}]},{"@type":"ImageObject","inLanguage":"de-DE","@id":"https:\/\/rozewines.com\/de\/produkt\/villa-mosavali-rkatsiteli-qvevri-2019\/#primaryimage","url":"https:\/\/rozewines.com\/app\/uploads\/2024\/05\/Villa-Mosavali-Rkatsiteli-Qvevri-2019-scaled.jpg","contentUrl":"https:\/\/rozewines.com\/app\/uploads\/2024\/05\/Villa-Mosavali-Rkatsiteli-Qvevri-2019-scaled.jpg","width":2560,"height":2560},{"@type":"BreadcrumbList","@id":"https:\/\/rozewines.com\/de\/produkt\/villa-mosavali-rkatsiteli-qvevri-2019\/#breadcrumb","itemListElement":[{"@type":"ListItem","position":1,"name":"Home","item":"https:\/\/rozewines.com\/de\/"},{"@type":"ListItem","position":2,"name":"Unsere Weine","item":"https:\/\/rozewines.com\/de\/musu-vins\/"},{"@type":"ListItem","position":3,"name":"Villa Mosavali &#8211; Rkatsiteli Qvevri 2019"}]},{"@type":"WebSite","@id":"https:\/\/rozewines.com\/#website","url":"https:\/\/rozewines.com\/","name":"Roze wines","description":"","publisher":{"@id":"https:\/\/rozewines.com\/#organization"},"potentialAction":[{"@type":"SearchAction","target":{"@type":"EntryPoint","urlTemplate":"https:\/\/rozewines.com\/?s={search_term_string}"},"query-input":"required name=search_term_string"}],"inLanguage":"de-DE"},{"@type":"Organization","@id":"https:\/\/rozewines.com\/#organization","name":"Roze wines","url":"https:\/\/rozewines.com\/","logo":{"@type":"ImageObject","inLanguage":"de-DE","@id":"https:\/\/rozewines.com\/#\/schema\/logo\/image\/","url":"https:\/\/rozewines.com\/app\/uploads\/2024\/05\/logo.svg","contentUrl":"https:\/\/rozewines.com\/app\/uploads\/2024\/05\/logo.svg","width":144,"height":68,"caption":"Roze wines"},"image":{"@id":"https:\/\/rozewines.com\/#\/schema\/logo\/image\/"}}]}},"_links":{"self":[{"href":"https:\/\/rozewines.com\/de\/wp-json\/wp\/v2\/product\/3241"}],"collection":[{"href":"https:\/\/rozewines.com\/de\/wp-json\/wp\/v2\/product"}],"about":[{"href":"https:\/\/rozewines.com\/de\/wp-json\/wp\/v2\/types\/product"}],"replies":[{"embeddable":true,"href":"https:\/\/rozewines.com\/de\/wp-json\/wp\/v2\/comments?post=3241"}],"wp:featuredmedia":[{"embeddable":true,"href":"https:\/\/rozewines.com\/de\/wp-json\/wp\/v2\/media\/3891"}],"wp:attachment":[{"href":"https:\/\/rozewines.com\/de\/wp-json\/wp\/v2\/media?parent=3241"}],"wp:term":[{"taxonomy":"brand","embeddable":true,"href":"https:\/\/rozewines.com\/de\/wp-json\/wp\/v2\/brand?post=3241"},{"taxonomy":"colour","embeddable":true,"href":"https:\/\/rozewines.com\/de\/wp-json\/wp\/v2\/colour?post=3241"},{"taxonomy":"flavour","embeddable":true,"href":"https:\/\/rozewines.com\/de\/wp-json\/wp\/v2\/flavour?post=3241"},{"taxonomy":"grape-variety","embeddable":true,"href":"https:\/\/rozewines.com\/de\/wp-json\/wp\/v2\/grape-variety?post=3241"},{"taxonomy":"harvest-year","embeddable":true,"href":"https:\/\/rozewines.com\/de\/wp-json\/wp\/v2\/harvest-year?post=3241"},{"taxonomy":"region","embeddable":true,"href":"https:\/\/rozewines.com\/de\/wp-json\/wp\/v2\/region?post=3241"},{"taxonomy":"size","embeddable":true,"href":"https:\/\/rozewines.com\/de\/wp-json\/wp\/v2\/size?post=3241"},{"taxonomy":"style","embeddable":true,"href":"https:\/\/rozewines.com\/de\/wp-json\/wp\/v2\/style?post=3241"},{"taxonomy":"technology","embeddable":true,"href":"https:\/\/rozewines.com\/de\/wp-json\/wp\/v2\/technology?post=3241"},{"taxonomy":"product_cat","embeddable":true,"href":"https:\/\/rozewines.com\/de\/wp-json\/wp\/v2\/product_cat?post=3241"},{"taxonomy":"product_tag","embeddable":true,"href":"https:\/\/rozewines.com\/de\/wp-json\/wp\/v2\/product_tag?post=3241"}],"curies":[{"name":"wp","href":"https:\/\/api.w.org\/{rel}","templated":true}]}}