{"id":3245,"date":"2024-05-09T00:20:04","date_gmt":"2024-05-09T00:20:04","guid":{"rendered":"https:\/\/rozewines.com\/product\/pavilion-weine-rkatsiteli-mtsvane\/"},"modified":"2024-08-14T09:04:23","modified_gmt":"2024-08-14T09:04:23","slug":"pavilion-weine-rkatsiteli-mtsvane","status":"publish","type":"product","link":"https:\/\/rozewines.com\/de\/produkt\/pavilion-weine-rkatsiteli-mtsvane\/","title":{"rendered":"Pavilion Weine &#8211; Rkatsiteli-Mtsvane"},"content":{"rendered":"<p>Pavilion Wines \u2013 Rkatsiteli-Mtsvane, ein zeitloser Klassiker im Bereich der Wei\u00dfweine. Diese k\u00f6stliche Mischung besticht durch eine erfrischende S\u00e4ure und eine leichte Textur, perfekt f\u00fcr jeden Anlass. Sein aromatisches Profil strotzt nur so vor fruchtigen Noten, die die Sinne fesseln. Belebende Aromen von pikanter Limette, leuchtender Orangenschale, Melone und der dezente Hauch von frisch geschnittenem Gras. Ein wirklich bezauberndes Weinerlebnis, das einen bleibenden Eindruck hinterlassen wird.<\/p>\n","protected":false},"excerpt":{"rendered":"<p>Pavilion Wines \u2013 Rkatsiteli-Mtsvane, ein zeitloser Klassiker im Bereich der Wei\u00dfweine. Diese k\u00f6stliche Mischung besticht durch eine erfrischende S\u00e4ure und eine leichte Textur, perfekt f\u00fcr jeden Anlass. Sein aromatisches Profil strotzt nur so vor fruchtigen Noten, die die Sinne fesseln. Belebende Aromen von pikanter Limette, leuchtender Orangenschale, Melone und der dezente Hauch von frisch geschnittenem &hellip; <a href=\"https:\/\/rozewines.com\/de\/produkt\/pavilion-weine-rkatsiteli-mtsvane\/\">Continued<\/a><\/p>\n","protected":false},"featured_media":3707,"comment_status":"closed","ping_status":"open","template":"","meta":{"_acf_changed":false},"brand":[1798],"colour":[1143],"flavour":[1048,1060],"grape-variety":[1358],"harvest-year":[1166],"region":[1294],"size":[1598],"style":[1271],"technology":[1116],"product_cat":[1382],"product_tag":[],"ams_default_variation_id":0,"ams_product_points_reward":[],"ams_product_discount_percentage":0,"ams_price_to_display":18,"acf":[],"ams_acf":[{"key":"food_pairings","label":"Food pairings","value":"Gebratenes H\u00e4hnchen, Tomatensalat"},{"key":"alcohol_percentage","label":"Alcohol percentage","value":"13,4%"}],"yoast_head":"<!-- This site is optimized with the Yoast SEO plugin v22.6 - https:\/\/yoast.com\/wordpress\/plugins\/seo\/ -->\n<title>Pavilion Weine - Rkatsiteli-Mtsvane - Roze wines<\/title>\n<meta name=\"robots\" content=\"index, follow, max-snippet:-1, max-image-preview:large, max-video-preview:-1\" \/>\n<link rel=\"canonical\" href=\"https:\/\/rozewines.com\/de\/produkt\/pavilion-weine-rkatsiteli-mtsvane\/\" \/>\n<meta property=\"og:locale\" content=\"de_DE\" \/>\n<meta property=\"og:type\" content=\"article\" \/>\n<meta property=\"og:title\" content=\"Pavilion Weine - Rkatsiteli-Mtsvane - Roze wines\" \/>\n<meta property=\"og:description\" content=\"Pavilion Wines \u2013 Rkatsiteli-Mtsvane, ein zeitloser Klassiker im Bereich der Wei\u00dfweine. Diese k\u00f6stliche Mischung besticht durch eine erfrischende S\u00e4ure und eine leichte Textur, perfekt f\u00fcr jeden Anlass. Sein aromatisches Profil strotzt nur so vor fruchtigen Noten, die die Sinne fesseln. Belebende Aromen von pikanter Limette, leuchtender Orangenschale, Melone und der dezente Hauch von frisch geschnittenem &hellip; Continued\" \/>\n<meta property=\"og:url\" content=\"https:\/\/rozewines.com\/de\/produkt\/pavilion-weine-rkatsiteli-mtsvane\/\" \/>\n<meta property=\"og:site_name\" content=\"Roze wines\" \/>\n<meta property=\"article:modified_time\" content=\"2024-08-14T09:04:23+00:00\" \/>\n<meta property=\"og:image\" content=\"https:\/\/rozewines.com\/app\/uploads\/2024\/05\/Pavilion-Wines-Rkatsiteli-Mtsvane-scaled.jpg\" \/>\n\t<meta property=\"og:image:width\" content=\"2560\" \/>\n\t<meta property=\"og:image:height\" content=\"2560\" \/>\n\t<meta property=\"og:image:type\" content=\"image\/jpeg\" \/>\n<meta name=\"twitter:card\" content=\"summary_large_image\" \/>\n<script type=\"application\/ld+json\" class=\"yoast-schema-graph\">{\"@context\":\"https:\/\/schema.org\",\"@graph\":[{\"@type\":\"WebPage\",\"@id\":\"https:\/\/rozewines.com\/de\/produkt\/pavilion-weine-rkatsiteli-mtsvane\/\",\"url\":\"https:\/\/rozewines.com\/de\/produkt\/pavilion-weine-rkatsiteli-mtsvane\/\",\"name\":\"Pavilion Weine - Rkatsiteli-Mtsvane - Roze wines\",\"isPartOf\":{\"@id\":\"https:\/\/rozewines.com\/#website\"},\"primaryImageOfPage\":{\"@id\":\"https:\/\/rozewines.com\/de\/produkt\/pavilion-weine-rkatsiteli-mtsvane\/#primaryimage\"},\"image\":{\"@id\":\"https:\/\/rozewines.com\/de\/produkt\/pavilion-weine-rkatsiteli-mtsvane\/#primaryimage\"},\"thumbnailUrl\":\"https:\/\/rozewines.com\/app\/uploads\/2024\/05\/Pavilion-Wines-Rkatsiteli-Mtsvane-scaled.jpg\",\"datePublished\":\"2024-05-09T00:20:04+00:00\",\"dateModified\":\"2024-08-14T09:04:23+00:00\",\"breadcrumb\":{\"@id\":\"https:\/\/rozewines.com\/de\/produkt\/pavilion-weine-rkatsiteli-mtsvane\/#breadcrumb\"},\"inLanguage\":\"de-DE\",\"potentialAction\":[{\"@type\":\"ReadAction\",\"target\":[\"https:\/\/rozewines.com\/de\/produkt\/pavilion-weine-rkatsiteli-mtsvane\/\"]}]},{\"@type\":\"ImageObject\",\"inLanguage\":\"de-DE\",\"@id\":\"https:\/\/rozewines.com\/de\/produkt\/pavilion-weine-rkatsiteli-mtsvane\/#primaryimage\",\"url\":\"https:\/\/rozewines.com\/app\/uploads\/2024\/05\/Pavilion-Wines-Rkatsiteli-Mtsvane-scaled.jpg\",\"contentUrl\":\"https:\/\/rozewines.com\/app\/uploads\/2024\/05\/Pavilion-Wines-Rkatsiteli-Mtsvane-scaled.jpg\",\"width\":2560,\"height\":2560},{\"@type\":\"BreadcrumbList\",\"@id\":\"https:\/\/rozewines.com\/de\/produkt\/pavilion-weine-rkatsiteli-mtsvane\/#breadcrumb\",\"itemListElement\":[{\"@type\":\"ListItem\",\"position\":1,\"name\":\"Home\",\"item\":\"https:\/\/rozewines.com\/de\/\"},{\"@type\":\"ListItem\",\"position\":2,\"name\":\"Unsere Weine\",\"item\":\"https:\/\/rozewines.com\/de\/musu-vins\/\"},{\"@type\":\"ListItem\",\"position\":3,\"name\":\"Pavilion Weine &#8211; Rkatsiteli-Mtsvane\"}]},{\"@type\":\"WebSite\",\"@id\":\"https:\/\/rozewines.com\/#website\",\"url\":\"https:\/\/rozewines.com\/\",\"name\":\"Roze wines\",\"description\":\"\",\"publisher\":{\"@id\":\"https:\/\/rozewines.com\/#organization\"},\"potentialAction\":[{\"@type\":\"SearchAction\",\"target\":{\"@type\":\"EntryPoint\",\"urlTemplate\":\"https:\/\/rozewines.com\/?s={search_term_string}\"},\"query-input\":\"required name=search_term_string\"}],\"inLanguage\":\"de-DE\"},{\"@type\":\"Organization\",\"@id\":\"https:\/\/rozewines.com\/#organization\",\"name\":\"Roze wines\",\"url\":\"https:\/\/rozewines.com\/\",\"logo\":{\"@type\":\"ImageObject\",\"inLanguage\":\"de-DE\",\"@id\":\"https:\/\/rozewines.com\/#\/schema\/logo\/image\/\",\"url\":\"https:\/\/rozewines.com\/app\/uploads\/2024\/05\/logo.svg\",\"contentUrl\":\"https:\/\/rozewines.com\/app\/uploads\/2024\/05\/logo.svg\",\"width\":144,\"height\":68,\"caption\":\"Roze wines\"},\"image\":{\"@id\":\"https:\/\/rozewines.com\/#\/schema\/logo\/image\/\"}}]}<\/script>\n<!-- \/ Yoast SEO plugin. -->","yoast_head_json":{"title":"Pavilion Weine - Rkatsiteli-Mtsvane - Roze wines","robots":{"index":"index","follow":"follow","max-snippet":"max-snippet:-1","max-image-preview":"max-image-preview:large","max-video-preview":"max-video-preview:-1"},"canonical":"https:\/\/rozewines.com\/de\/produkt\/pavilion-weine-rkatsiteli-mtsvane\/","og_locale":"de_DE","og_type":"article","og_title":"Pavilion Weine - Rkatsiteli-Mtsvane - Roze wines","og_description":"Pavilion Wines \u2013 Rkatsiteli-Mtsvane, ein zeitloser Klassiker im Bereich der Wei\u00dfweine. Diese k\u00f6stliche Mischung besticht durch eine erfrischende S\u00e4ure und eine leichte Textur, perfekt f\u00fcr jeden Anlass. Sein aromatisches Profil strotzt nur so vor fruchtigen Noten, die die Sinne fesseln. Belebende Aromen von pikanter Limette, leuchtender Orangenschale, Melone und der dezente Hauch von frisch geschnittenem &hellip; Continued","og_url":"https:\/\/rozewines.com\/de\/produkt\/pavilion-weine-rkatsiteli-mtsvane\/","og_site_name":"Roze wines","article_modified_time":"2024-08-14T09:04:23+00:00","og_image":[{"width":2560,"height":2560,"url":"https:\/\/rozewines.com\/app\/uploads\/2024\/05\/Pavilion-Wines-Rkatsiteli-Mtsvane-scaled.jpg","type":"image\/jpeg"}],"twitter_card":"summary_large_image","schema":{"@context":"https:\/\/schema.org","@graph":[{"@type":"WebPage","@id":"https:\/\/rozewines.com\/de\/produkt\/pavilion-weine-rkatsiteli-mtsvane\/","url":"https:\/\/rozewines.com\/de\/produkt\/pavilion-weine-rkatsiteli-mtsvane\/","name":"Pavilion Weine - Rkatsiteli-Mtsvane - Roze wines","isPartOf":{"@id":"https:\/\/rozewines.com\/#website"},"primaryImageOfPage":{"@id":"https:\/\/rozewines.com\/de\/produkt\/pavilion-weine-rkatsiteli-mtsvane\/#primaryimage"},"image":{"@id":"https:\/\/rozewines.com\/de\/produkt\/pavilion-weine-rkatsiteli-mtsvane\/#primaryimage"},"thumbnailUrl":"https:\/\/rozewines.com\/app\/uploads\/2024\/05\/Pavilion-Wines-Rkatsiteli-Mtsvane-scaled.jpg","datePublished":"2024-05-09T00:20:04+00:00","dateModified":"2024-08-14T09:04:23+00:00","breadcrumb":{"@id":"https:\/\/rozewines.com\/de\/produkt\/pavilion-weine-rkatsiteli-mtsvane\/#breadcrumb"},"inLanguage":"de-DE","potentialAction":[{"@type":"ReadAction","target":["https:\/\/rozewines.com\/de\/produkt\/pavilion-weine-rkatsiteli-mtsvane\/"]}]},{"@type":"ImageObject","inLanguage":"de-DE","@id":"https:\/\/rozewines.com\/de\/produkt\/pavilion-weine-rkatsiteli-mtsvane\/#primaryimage","url":"https:\/\/rozewines.com\/app\/uploads\/2024\/05\/Pavilion-Wines-Rkatsiteli-Mtsvane-scaled.jpg","contentUrl":"https:\/\/rozewines.com\/app\/uploads\/2024\/05\/Pavilion-Wines-Rkatsiteli-Mtsvane-scaled.jpg","width":2560,"height":2560},{"@type":"BreadcrumbList","@id":"https:\/\/rozewines.com\/de\/produkt\/pavilion-weine-rkatsiteli-mtsvane\/#breadcrumb","itemListElement":[{"@type":"ListItem","position":1,"name":"Home","item":"https:\/\/rozewines.com\/de\/"},{"@type":"ListItem","position":2,"name":"Unsere Weine","item":"https:\/\/rozewines.com\/de\/musu-vins\/"},{"@type":"ListItem","position":3,"name":"Pavilion Weine &#8211; Rkatsiteli-Mtsvane"}]},{"@type":"WebSite","@id":"https:\/\/rozewines.com\/#website","url":"https:\/\/rozewines.com\/","name":"Roze wines","description":"","publisher":{"@id":"https:\/\/rozewines.com\/#organization"},"potentialAction":[{"@type":"SearchAction","target":{"@type":"EntryPoint","urlTemplate":"https:\/\/rozewines.com\/?s={search_term_string}"},"query-input":"required name=search_term_string"}],"inLanguage":"de-DE"},{"@type":"Organization","@id":"https:\/\/rozewines.com\/#organization","name":"Roze wines","url":"https:\/\/rozewines.com\/","logo":{"@type":"ImageObject","inLanguage":"de-DE","@id":"https:\/\/rozewines.com\/#\/schema\/logo\/image\/","url":"https:\/\/rozewines.com\/app\/uploads\/2024\/05\/logo.svg","contentUrl":"https:\/\/rozewines.com\/app\/uploads\/2024\/05\/logo.svg","width":144,"height":68,"caption":"Roze wines"},"image":{"@id":"https:\/\/rozewines.com\/#\/schema\/logo\/image\/"}}]}},"_links":{"self":[{"href":"https:\/\/rozewines.com\/de\/wp-json\/wp\/v2\/product\/3245"}],"collection":[{"href":"https:\/\/rozewines.com\/de\/wp-json\/wp\/v2\/product"}],"about":[{"href":"https:\/\/rozewines.com\/de\/wp-json\/wp\/v2\/types\/product"}],"replies":[{"embeddable":true,"href":"https:\/\/rozewines.com\/de\/wp-json\/wp\/v2\/comments?post=3245"}],"wp:featuredmedia":[{"embeddable":true,"href":"https:\/\/rozewines.com\/de\/wp-json\/wp\/v2\/media\/3707"}],"wp:attachment":[{"href":"https:\/\/rozewines.com\/de\/wp-json\/wp\/v2\/media?parent=3245"}],"wp:term":[{"taxonomy":"brand","embeddable":true,"href":"https:\/\/rozewines.com\/de\/wp-json\/wp\/v2\/brand?post=3245"},{"taxonomy":"colour","embeddable":true,"href":"https:\/\/rozewines.com\/de\/wp-json\/wp\/v2\/colour?post=3245"},{"taxonomy":"flavour","embeddable":true,"href":"https:\/\/rozewines.com\/de\/wp-json\/wp\/v2\/flavour?post=3245"},{"taxonomy":"grape-variety","embeddable":true,"href":"https:\/\/rozewines.com\/de\/wp-json\/wp\/v2\/grape-variety?post=3245"},{"taxonomy":"harvest-year","embeddable":true,"href":"https:\/\/rozewines.com\/de\/wp-json\/wp\/v2\/harvest-year?post=3245"},{"taxonomy":"region","embeddable":true,"href":"https:\/\/rozewines.com\/de\/wp-json\/wp\/v2\/region?post=3245"},{"taxonomy":"size","embeddable":true,"href":"https:\/\/rozewines.com\/de\/wp-json\/wp\/v2\/size?post=3245"},{"taxonomy":"style","embeddable":true,"href":"https:\/\/rozewines.com\/de\/wp-json\/wp\/v2\/style?post=3245"},{"taxonomy":"technology","embeddable":true,"href":"https:\/\/rozewines.com\/de\/wp-json\/wp\/v2\/technology?post=3245"},{"taxonomy":"product_cat","embeddable":true,"href":"https:\/\/rozewines.com\/de\/wp-json\/wp\/v2\/product_cat?post=3245"},{"taxonomy":"product_tag","embeddable":true,"href":"https:\/\/rozewines.com\/de\/wp-json\/wp\/v2\/product_tag?post=3245"}],"curies":[{"name":"wp","href":"https:\/\/api.w.org\/{rel}","templated":true}]}}