{"id":3247,"date":"2024-05-09T00:20:04","date_gmt":"2024-05-09T00:20:04","guid":{"rendered":"https:\/\/rozewines.com\/product\/marbano-rkatsiteli-qvevri-2019\/"},"modified":"2024-08-14T09:04:24","modified_gmt":"2024-08-14T09:04:24","slug":"marbano-rkatsiteli-qvevri-2019","status":"publish","type":"product","link":"https:\/\/rozewines.com\/de\/produkt\/marbano-rkatsiteli-qvevri-2019\/","title":{"rendered":"Marbano &#8211; Rkatsiteli Qvevri 2019"},"content":{"rendered":"<p>Marbano &#8211; Rkatsiteli Qvevri 2019, Qvevri-Wein aus dem Herzen Zentralgeorgiens. Dieser einzigartige Jahrgang wird mit gr\u00f6\u00dfter Sorgfalt hergestellt, wobei Rkatsiteli-Trauben mit 30 % Chinuri-Trauben vermischt werden, um einen Wein zu schaffen, der sowohl ausgewogen als auch komplex ist. Er erfreut den Gaumen mit einem harmonischen Zusammenspiel von S\u00e4ure und samtigen Tanninen und bietet ein wahrhaft raffiniertes Erlebnis. Aromen von getrockneter Aprikose, Nektarine, Ankl\u00e4nge von getrockneten Bl\u00e4ttern und zarte Birnennoten. Die Ernte 2019 verspricht, Weinliebhaber mit ihrer Geschmackstiefe und au\u00dfergew\u00f6hnlichen Handwerkskunst zu verzaubern und sie zu einer herausragenden Wahl f\u00fcr jeden Anlass zu machen.<\/p>\n","protected":false},"excerpt":{"rendered":"<p>Marbano &#8211; Rkatsiteli Qvevri 2019, Qvevri-Wein aus dem Herzen Zentralgeorgiens. Dieser einzigartige Jahrgang wird mit gr\u00f6\u00dfter Sorgfalt hergestellt, wobei Rkatsiteli-Trauben mit 30 % Chinuri-Trauben vermischt werden, um einen Wein zu schaffen, der sowohl ausgewogen als auch komplex ist. Er erfreut den Gaumen mit einem harmonischen Zusammenspiel von S\u00e4ure und samtigen Tanninen und bietet ein wahrhaft &hellip; <a href=\"https:\/\/rozewines.com\/de\/produkt\/marbano-rkatsiteli-qvevri-2019\/\">Continued<\/a><\/p>\n","protected":false},"featured_media":3627,"comment_status":"closed","ping_status":"closed","template":"","meta":{"_acf_changed":false},"brand":[1778],"colour":[1139],"flavour":[1021,1024,1056],"grape-variety":[1357],"harvest-year":[1151],"region":[1297],"size":[1598],"style":[1271],"technology":[1118],"product_cat":[1382],"product_tag":[],"ams_default_variation_id":0,"ams_product_points_reward":[],"ams_product_discount_percentage":0,"ams_price_to_display":45,"acf":[],"ams_acf":[{"key":"food_pairings","label":"Food pairings","value":"gegrillte Forelle, gebackener Truthahn"},{"key":"alcohol_percentage","label":"Alcohol percentage","value":"14%"},{"key":"details","label":"Details","value":{"":null,"acidity":"3","body":"4","sweetness":"0","tannin":"3"}},{"key":"zero_sulfites","label":"Zero sulfites","value":true}],"yoast_head":"<!-- This site is optimized with the Yoast SEO plugin v22.6 - https:\/\/yoast.com\/wordpress\/plugins\/seo\/ -->\n<title>Marbano - Rkatsiteli Qvevri 2019 - Roze wines<\/title>\n<meta name=\"robots\" content=\"index, follow, max-snippet:-1, max-image-preview:large, max-video-preview:-1\" \/>\n<link rel=\"canonical\" href=\"https:\/\/rozewines.com\/produkt\/marbano-rkatsiteli-qvevri-2019\/\" \/>\n<meta property=\"og:locale\" content=\"de_DE\" \/>\n<meta property=\"og:type\" content=\"article\" \/>\n<meta property=\"og:title\" content=\"Marbano - Rkatsiteli Qvevri 2019 - Roze wines\" \/>\n<meta property=\"og:description\" content=\"Marbano &#8211; Rkatsiteli Qvevri 2019, Qvevri-Wein aus dem Herzen Zentralgeorgiens. Dieser einzigartige Jahrgang wird mit gr\u00f6\u00dfter Sorgfalt hergestellt, wobei Rkatsiteli-Trauben mit 30 % Chinuri-Trauben vermischt werden, um einen Wein zu schaffen, der sowohl ausgewogen als auch komplex ist. Er erfreut den Gaumen mit einem harmonischen Zusammenspiel von S\u00e4ure und samtigen Tanninen und bietet ein wahrhaft &hellip; Continued\" \/>\n<meta property=\"og:url\" content=\"https:\/\/rozewines.com\/produkt\/marbano-rkatsiteli-qvevri-2019\/\" \/>\n<meta property=\"og:site_name\" content=\"Roze wines\" \/>\n<meta property=\"article:modified_time\" content=\"2024-08-14T09:04:24+00:00\" \/>\n<meta property=\"og:image\" content=\"https:\/\/rozewines.com\/app\/uploads\/2024\/05\/Marbano-Rkatsiteli-Qvevri-2019-scaled.jpg\" \/>\n\t<meta property=\"og:image:width\" content=\"2560\" \/>\n\t<meta property=\"og:image:height\" content=\"2560\" \/>\n\t<meta property=\"og:image:type\" content=\"image\/jpeg\" \/>\n<meta name=\"twitter:card\" content=\"summary_large_image\" \/>\n<script type=\"application\/ld+json\" class=\"yoast-schema-graph\">{\"@context\":\"https:\/\/schema.org\",\"@graph\":[{\"@type\":\"WebPage\",\"@id\":\"https:\/\/rozewines.com\/produkt\/marbano-rkatsiteli-qvevri-2019\/\",\"url\":\"https:\/\/rozewines.com\/produkt\/marbano-rkatsiteli-qvevri-2019\/\",\"name\":\"Marbano - Rkatsiteli Qvevri 2019 - Roze wines\",\"isPartOf\":{\"@id\":\"https:\/\/rozewines.com\/#website\"},\"primaryImageOfPage\":{\"@id\":\"https:\/\/rozewines.com\/produkt\/marbano-rkatsiteli-qvevri-2019\/#primaryimage\"},\"image\":{\"@id\":\"https:\/\/rozewines.com\/produkt\/marbano-rkatsiteli-qvevri-2019\/#primaryimage\"},\"thumbnailUrl\":\"https:\/\/rozewines.com\/app\/uploads\/2024\/05\/Marbano-Rkatsiteli-Qvevri-2019-scaled.jpg\",\"datePublished\":\"2024-05-09T00:20:04+00:00\",\"dateModified\":\"2024-08-14T09:04:24+00:00\",\"breadcrumb\":{\"@id\":\"https:\/\/rozewines.com\/produkt\/marbano-rkatsiteli-qvevri-2019\/#breadcrumb\"},\"inLanguage\":\"de-DE\",\"potentialAction\":[{\"@type\":\"ReadAction\",\"target\":[\"https:\/\/rozewines.com\/produkt\/marbano-rkatsiteli-qvevri-2019\/\"]}]},{\"@type\":\"ImageObject\",\"inLanguage\":\"de-DE\",\"@id\":\"https:\/\/rozewines.com\/produkt\/marbano-rkatsiteli-qvevri-2019\/#primaryimage\",\"url\":\"https:\/\/rozewines.com\/app\/uploads\/2024\/05\/Marbano-Rkatsiteli-Qvevri-2019-scaled.jpg\",\"contentUrl\":\"https:\/\/rozewines.com\/app\/uploads\/2024\/05\/Marbano-Rkatsiteli-Qvevri-2019-scaled.jpg\",\"width\":2560,\"height\":2560},{\"@type\":\"BreadcrumbList\",\"@id\":\"https:\/\/rozewines.com\/produkt\/marbano-rkatsiteli-qvevri-2019\/#breadcrumb\",\"itemListElement\":[{\"@type\":\"ListItem\",\"position\":1,\"name\":\"Home\",\"item\":\"https:\/\/rozewines.com\/de\/\"},{\"@type\":\"ListItem\",\"position\":2,\"name\":\"Unsere Weine\",\"item\":\"https:\/\/rozewines.com\/de\/musu-vins\/\"},{\"@type\":\"ListItem\",\"position\":3,\"name\":\"Marbano &#8211; Rkatsiteli Qvevri 2019\"}]},{\"@type\":\"WebSite\",\"@id\":\"https:\/\/rozewines.com\/#website\",\"url\":\"https:\/\/rozewines.com\/\",\"name\":\"Roze wines\",\"description\":\"\",\"publisher\":{\"@id\":\"https:\/\/rozewines.com\/#organization\"},\"potentialAction\":[{\"@type\":\"SearchAction\",\"target\":{\"@type\":\"EntryPoint\",\"urlTemplate\":\"https:\/\/rozewines.com\/?s={search_term_string}\"},\"query-input\":\"required name=search_term_string\"}],\"inLanguage\":\"de-DE\"},{\"@type\":\"Organization\",\"@id\":\"https:\/\/rozewines.com\/#organization\",\"name\":\"Roze wines\",\"url\":\"https:\/\/rozewines.com\/\",\"logo\":{\"@type\":\"ImageObject\",\"inLanguage\":\"de-DE\",\"@id\":\"https:\/\/rozewines.com\/#\/schema\/logo\/image\/\",\"url\":\"https:\/\/rozewines.com\/app\/uploads\/2024\/05\/logo.svg\",\"contentUrl\":\"https:\/\/rozewines.com\/app\/uploads\/2024\/05\/logo.svg\",\"width\":144,\"height\":68,\"caption\":\"Roze wines\"},\"image\":{\"@id\":\"https:\/\/rozewines.com\/#\/schema\/logo\/image\/\"}}]}<\/script>\n<!-- \/ Yoast SEO plugin. -->","yoast_head_json":{"title":"Marbano - Rkatsiteli Qvevri 2019 - Roze wines","robots":{"index":"index","follow":"follow","max-snippet":"max-snippet:-1","max-image-preview":"max-image-preview:large","max-video-preview":"max-video-preview:-1"},"canonical":"https:\/\/rozewines.com\/produkt\/marbano-rkatsiteli-qvevri-2019\/","og_locale":"de_DE","og_type":"article","og_title":"Marbano - Rkatsiteli Qvevri 2019 - Roze wines","og_description":"Marbano &#8211; Rkatsiteli Qvevri 2019, Qvevri-Wein aus dem Herzen Zentralgeorgiens. Dieser einzigartige Jahrgang wird mit gr\u00f6\u00dfter Sorgfalt hergestellt, wobei Rkatsiteli-Trauben mit 30 % Chinuri-Trauben vermischt werden, um einen Wein zu schaffen, der sowohl ausgewogen als auch komplex ist. Er erfreut den Gaumen mit einem harmonischen Zusammenspiel von S\u00e4ure und samtigen Tanninen und bietet ein wahrhaft &hellip; Continued","og_url":"https:\/\/rozewines.com\/produkt\/marbano-rkatsiteli-qvevri-2019\/","og_site_name":"Roze wines","article_modified_time":"2024-08-14T09:04:24+00:00","og_image":[{"width":2560,"height":2560,"url":"https:\/\/rozewines.com\/app\/uploads\/2024\/05\/Marbano-Rkatsiteli-Qvevri-2019-scaled.jpg","type":"image\/jpeg"}],"twitter_card":"summary_large_image","schema":{"@context":"https:\/\/schema.org","@graph":[{"@type":"WebPage","@id":"https:\/\/rozewines.com\/produkt\/marbano-rkatsiteli-qvevri-2019\/","url":"https:\/\/rozewines.com\/produkt\/marbano-rkatsiteli-qvevri-2019\/","name":"Marbano - Rkatsiteli Qvevri 2019 - Roze wines","isPartOf":{"@id":"https:\/\/rozewines.com\/#website"},"primaryImageOfPage":{"@id":"https:\/\/rozewines.com\/produkt\/marbano-rkatsiteli-qvevri-2019\/#primaryimage"},"image":{"@id":"https:\/\/rozewines.com\/produkt\/marbano-rkatsiteli-qvevri-2019\/#primaryimage"},"thumbnailUrl":"https:\/\/rozewines.com\/app\/uploads\/2024\/05\/Marbano-Rkatsiteli-Qvevri-2019-scaled.jpg","datePublished":"2024-05-09T00:20:04+00:00","dateModified":"2024-08-14T09:04:24+00:00","breadcrumb":{"@id":"https:\/\/rozewines.com\/produkt\/marbano-rkatsiteli-qvevri-2019\/#breadcrumb"},"inLanguage":"de-DE","potentialAction":[{"@type":"ReadAction","target":["https:\/\/rozewines.com\/produkt\/marbano-rkatsiteli-qvevri-2019\/"]}]},{"@type":"ImageObject","inLanguage":"de-DE","@id":"https:\/\/rozewines.com\/produkt\/marbano-rkatsiteli-qvevri-2019\/#primaryimage","url":"https:\/\/rozewines.com\/app\/uploads\/2024\/05\/Marbano-Rkatsiteli-Qvevri-2019-scaled.jpg","contentUrl":"https:\/\/rozewines.com\/app\/uploads\/2024\/05\/Marbano-Rkatsiteli-Qvevri-2019-scaled.jpg","width":2560,"height":2560},{"@type":"BreadcrumbList","@id":"https:\/\/rozewines.com\/produkt\/marbano-rkatsiteli-qvevri-2019\/#breadcrumb","itemListElement":[{"@type":"ListItem","position":1,"name":"Home","item":"https:\/\/rozewines.com\/de\/"},{"@type":"ListItem","position":2,"name":"Unsere Weine","item":"https:\/\/rozewines.com\/de\/musu-vins\/"},{"@type":"ListItem","position":3,"name":"Marbano &#8211; Rkatsiteli Qvevri 2019"}]},{"@type":"WebSite","@id":"https:\/\/rozewines.com\/#website","url":"https:\/\/rozewines.com\/","name":"Roze wines","description":"","publisher":{"@id":"https:\/\/rozewines.com\/#organization"},"potentialAction":[{"@type":"SearchAction","target":{"@type":"EntryPoint","urlTemplate":"https:\/\/rozewines.com\/?s={search_term_string}"},"query-input":"required name=search_term_string"}],"inLanguage":"de-DE"},{"@type":"Organization","@id":"https:\/\/rozewines.com\/#organization","name":"Roze wines","url":"https:\/\/rozewines.com\/","logo":{"@type":"ImageObject","inLanguage":"de-DE","@id":"https:\/\/rozewines.com\/#\/schema\/logo\/image\/","url":"https:\/\/rozewines.com\/app\/uploads\/2024\/05\/logo.svg","contentUrl":"https:\/\/rozewines.com\/app\/uploads\/2024\/05\/logo.svg","width":144,"height":68,"caption":"Roze wines"},"image":{"@id":"https:\/\/rozewines.com\/#\/schema\/logo\/image\/"}}]}},"_links":{"self":[{"href":"https:\/\/rozewines.com\/de\/wp-json\/wp\/v2\/product\/3247"}],"collection":[{"href":"https:\/\/rozewines.com\/de\/wp-json\/wp\/v2\/product"}],"about":[{"href":"https:\/\/rozewines.com\/de\/wp-json\/wp\/v2\/types\/product"}],"replies":[{"embeddable":true,"href":"https:\/\/rozewines.com\/de\/wp-json\/wp\/v2\/comments?post=3247"}],"wp:featuredmedia":[{"embeddable":true,"href":"https:\/\/rozewines.com\/de\/wp-json\/wp\/v2\/media\/3627"}],"wp:attachment":[{"href":"https:\/\/rozewines.com\/de\/wp-json\/wp\/v2\/media?parent=3247"}],"wp:term":[{"taxonomy":"brand","embeddable":true,"href":"https:\/\/rozewines.com\/de\/wp-json\/wp\/v2\/brand?post=3247"},{"taxonomy":"colour","embeddable":true,"href":"https:\/\/rozewines.com\/de\/wp-json\/wp\/v2\/colour?post=3247"},{"taxonomy":"flavour","embeddable":true,"href":"https:\/\/rozewines.com\/de\/wp-json\/wp\/v2\/flavour?post=3247"},{"taxonomy":"grape-variety","embeddable":true,"href":"https:\/\/rozewines.com\/de\/wp-json\/wp\/v2\/grape-variety?post=3247"},{"taxonomy":"harvest-year","embeddable":true,"href":"https:\/\/rozewines.com\/de\/wp-json\/wp\/v2\/harvest-year?post=3247"},{"taxonomy":"region","embeddable":true,"href":"https:\/\/rozewines.com\/de\/wp-json\/wp\/v2\/region?post=3247"},{"taxonomy":"size","embeddable":true,"href":"https:\/\/rozewines.com\/de\/wp-json\/wp\/v2\/size?post=3247"},{"taxonomy":"style","embeddable":true,"href":"https:\/\/rozewines.com\/de\/wp-json\/wp\/v2\/style?post=3247"},{"taxonomy":"technology","embeddable":true,"href":"https:\/\/rozewines.com\/de\/wp-json\/wp\/v2\/technology?post=3247"},{"taxonomy":"product_cat","embeddable":true,"href":"https:\/\/rozewines.com\/de\/wp-json\/wp\/v2\/product_cat?post=3247"},{"taxonomy":"product_tag","embeddable":true,"href":"https:\/\/rozewines.com\/de\/wp-json\/wp\/v2\/product_tag?post=3247"}],"curies":[{"name":"wp","href":"https:\/\/api.w.org\/{rel}","templated":true}]}}