{"id":3249,"date":"2024-05-09T00:20:04","date_gmt":"2024-05-09T00:20:04","guid":{"rendered":"https:\/\/rozewines.com\/product\/chelti-weisswein-2020-in-eiche-gereift\/"},"modified":"2024-08-14T09:04:24","modified_gmt":"2024-08-14T09:04:24","slug":"chelti-weisswein-2020-in-eiche-gereift","status":"publish","type":"product","link":"https:\/\/rozewines.com\/de\/produkt\/chelti-weisswein-2020-in-eiche-gereift\/","title":{"rendered":"Chelti &#8211; Wei\u00dfwein, 2020 in Eiche gereift"},"content":{"rendered":"<p>Chelti \u2013 White Aged in Oak 2020, ein klassischer Wein aus Ostgeorgien, der sorgf\u00e4ltig in Eichenf\u00e4ssern gereift wurde. Dieser Wein bietet eine weiche und geschmeidige Textur, erg\u00e4nzt durch zarte Aromen. Sp\u00fcren Sie die subtilen D\u00fcfte von reifem Pfirsich, Bratapfel, ger\u00f6steten Mandeln und duftendem Gei\u00dfblatt. Mit seiner raffinierten Eleganz und dem ausgewogenen Eichenholzeinfluss ist der Wein ausgewogen, weich und reichhaltig mit harmonischen Aromen.<\/p>\n","protected":false},"excerpt":{"rendered":"<p>Chelti \u2013 White Aged in Oak 2020, ein klassischer Wein aus Ostgeorgien, der sorgf\u00e4ltig in Eichenf\u00e4ssern gereift wurde. Dieser Wein bietet eine weiche und geschmeidige Textur, erg\u00e4nzt durch zarte Aromen. Sp\u00fcren Sie die subtilen D\u00fcfte von reifem Pfirsich, Bratapfel, ger\u00f6steten Mandeln und duftendem Gei\u00dfblatt. Mit seiner raffinierten Eleganz und dem ausgewogenen Eichenholzeinfluss ist der Wein &hellip; <a href=\"https:\/\/rozewines.com\/de\/produkt\/chelti-weisswein-2020-in-eiche-gereift\/\">Continued<\/a><\/p>\n","protected":false},"featured_media":635,"comment_status":"closed","ping_status":"closed","template":"","meta":{"_acf_changed":false},"brand":[1780],"colour":[1143],"flavour":[995,993,1062],"grape-variety":[1358],"harvest-year":[1154],"region":[1294],"size":[1598],"style":[1271],"technology":[1119],"product_cat":[1382],"product_tag":[],"ams_default_variation_id":0,"ams_product_points_reward":[],"ams_product_discount_percentage":0,"ams_price_to_display":17.5,"acf":[],"ams_acf":[{"key":"food_pairings","label":"Food pairings","value":"gebackener Brie, cremige Nudeln"},{"key":"alcohol_percentage","label":"Alcohol percentage","value":"13%"}],"yoast_head":"<!-- This site is optimized with the Yoast SEO plugin v22.6 - https:\/\/yoast.com\/wordpress\/plugins\/seo\/ -->\n<title>Chelti - Wei\u00dfwein, 2020 in Eiche gereift - Roze wines<\/title>\n<meta name=\"robots\" content=\"index, follow, max-snippet:-1, max-image-preview:large, max-video-preview:-1\" \/>\n<link rel=\"canonical\" href=\"https:\/\/rozewines.com\/de\/produkt\/chelti-weisswein-2020-in-eiche-gereift\/\" \/>\n<meta property=\"og:locale\" content=\"de_DE\" \/>\n<meta property=\"og:type\" content=\"article\" \/>\n<meta property=\"og:title\" content=\"Chelti - Wei\u00dfwein, 2020 in Eiche gereift - Roze wines\" \/>\n<meta property=\"og:description\" content=\"Chelti \u2013 White Aged in Oak 2020, ein klassischer Wein aus Ostgeorgien, der sorgf\u00e4ltig in Eichenf\u00e4ssern gereift wurde. Dieser Wein bietet eine weiche und geschmeidige Textur, erg\u00e4nzt durch zarte Aromen. Sp\u00fcren Sie die subtilen D\u00fcfte von reifem Pfirsich, Bratapfel, ger\u00f6steten Mandeln und duftendem Gei\u00dfblatt. Mit seiner raffinierten Eleganz und dem ausgewogenen Eichenholzeinfluss ist der Wein &hellip; Continued\" \/>\n<meta property=\"og:url\" content=\"https:\/\/rozewines.com\/de\/produkt\/chelti-weisswein-2020-in-eiche-gereift\/\" \/>\n<meta property=\"og:site_name\" content=\"Roze wines\" \/>\n<meta property=\"article:modified_time\" content=\"2024-08-14T09:04:24+00:00\" \/>\n<meta property=\"og:image\" content=\"https:\/\/rozewines.com\/app\/uploads\/2024\/04\/Chelti-White-Aged-in-Oak-2020.jpg\" \/>\n\t<meta property=\"og:image:width\" content=\"2160\" \/>\n\t<meta property=\"og:image:height\" content=\"2160\" \/>\n\t<meta property=\"og:image:type\" content=\"image\/jpeg\" \/>\n<meta name=\"twitter:card\" content=\"summary_large_image\" \/>\n<script type=\"application\/ld+json\" class=\"yoast-schema-graph\">{\"@context\":\"https:\/\/schema.org\",\"@graph\":[{\"@type\":\"WebPage\",\"@id\":\"https:\/\/rozewines.com\/de\/produkt\/chelti-weisswein-2020-in-eiche-gereift\/\",\"url\":\"https:\/\/rozewines.com\/de\/produkt\/chelti-weisswein-2020-in-eiche-gereift\/\",\"name\":\"Chelti - Wei\u00dfwein, 2020 in Eiche gereift - Roze wines\",\"isPartOf\":{\"@id\":\"https:\/\/rozewines.com\/#website\"},\"primaryImageOfPage\":{\"@id\":\"https:\/\/rozewines.com\/de\/produkt\/chelti-weisswein-2020-in-eiche-gereift\/#primaryimage\"},\"image\":{\"@id\":\"https:\/\/rozewines.com\/de\/produkt\/chelti-weisswein-2020-in-eiche-gereift\/#primaryimage\"},\"thumbnailUrl\":\"https:\/\/rozewines.com\/app\/uploads\/2024\/04\/Chelti-White-Aged-in-Oak-2020.jpg\",\"datePublished\":\"2024-05-09T00:20:04+00:00\",\"dateModified\":\"2024-08-14T09:04:24+00:00\",\"breadcrumb\":{\"@id\":\"https:\/\/rozewines.com\/de\/produkt\/chelti-weisswein-2020-in-eiche-gereift\/#breadcrumb\"},\"inLanguage\":\"de-DE\",\"potentialAction\":[{\"@type\":\"ReadAction\",\"target\":[\"https:\/\/rozewines.com\/de\/produkt\/chelti-weisswein-2020-in-eiche-gereift\/\"]}]},{\"@type\":\"ImageObject\",\"inLanguage\":\"de-DE\",\"@id\":\"https:\/\/rozewines.com\/de\/produkt\/chelti-weisswein-2020-in-eiche-gereift\/#primaryimage\",\"url\":\"https:\/\/rozewines.com\/app\/uploads\/2024\/04\/Chelti-White-Aged-in-Oak-2020.jpg\",\"contentUrl\":\"https:\/\/rozewines.com\/app\/uploads\/2024\/04\/Chelti-White-Aged-in-Oak-2020.jpg\",\"width\":2160,\"height\":2160},{\"@type\":\"BreadcrumbList\",\"@id\":\"https:\/\/rozewines.com\/de\/produkt\/chelti-weisswein-2020-in-eiche-gereift\/#breadcrumb\",\"itemListElement\":[{\"@type\":\"ListItem\",\"position\":1,\"name\":\"Home\",\"item\":\"https:\/\/rozewines.com\/de\/\"},{\"@type\":\"ListItem\",\"position\":2,\"name\":\"Unsere Weine\",\"item\":\"https:\/\/rozewines.com\/de\/musu-vins\/\"},{\"@type\":\"ListItem\",\"position\":3,\"name\":\"Chelti &#8211; Wei\u00dfwein, 2020 in Eiche gereift\"}]},{\"@type\":\"WebSite\",\"@id\":\"https:\/\/rozewines.com\/#website\",\"url\":\"https:\/\/rozewines.com\/\",\"name\":\"Roze wines\",\"description\":\"\",\"publisher\":{\"@id\":\"https:\/\/rozewines.com\/#organization\"},\"potentialAction\":[{\"@type\":\"SearchAction\",\"target\":{\"@type\":\"EntryPoint\",\"urlTemplate\":\"https:\/\/rozewines.com\/?s={search_term_string}\"},\"query-input\":\"required name=search_term_string\"}],\"inLanguage\":\"de-DE\"},{\"@type\":\"Organization\",\"@id\":\"https:\/\/rozewines.com\/#organization\",\"name\":\"Roze wines\",\"url\":\"https:\/\/rozewines.com\/\",\"logo\":{\"@type\":\"ImageObject\",\"inLanguage\":\"de-DE\",\"@id\":\"https:\/\/rozewines.com\/#\/schema\/logo\/image\/\",\"url\":\"https:\/\/rozewines.com\/app\/uploads\/2024\/05\/logo.svg\",\"contentUrl\":\"https:\/\/rozewines.com\/app\/uploads\/2024\/05\/logo.svg\",\"width\":144,\"height\":68,\"caption\":\"Roze wines\"},\"image\":{\"@id\":\"https:\/\/rozewines.com\/#\/schema\/logo\/image\/\"}}]}<\/script>\n<!-- \/ Yoast SEO plugin. -->","yoast_head_json":{"title":"Chelti - Wei\u00dfwein, 2020 in Eiche gereift - Roze wines","robots":{"index":"index","follow":"follow","max-snippet":"max-snippet:-1","max-image-preview":"max-image-preview:large","max-video-preview":"max-video-preview:-1"},"canonical":"https:\/\/rozewines.com\/de\/produkt\/chelti-weisswein-2020-in-eiche-gereift\/","og_locale":"de_DE","og_type":"article","og_title":"Chelti - Wei\u00dfwein, 2020 in Eiche gereift - Roze wines","og_description":"Chelti \u2013 White Aged in Oak 2020, ein klassischer Wein aus Ostgeorgien, der sorgf\u00e4ltig in Eichenf\u00e4ssern gereift wurde. Dieser Wein bietet eine weiche und geschmeidige Textur, erg\u00e4nzt durch zarte Aromen. Sp\u00fcren Sie die subtilen D\u00fcfte von reifem Pfirsich, Bratapfel, ger\u00f6steten Mandeln und duftendem Gei\u00dfblatt. Mit seiner raffinierten Eleganz und dem ausgewogenen Eichenholzeinfluss ist der Wein &hellip; Continued","og_url":"https:\/\/rozewines.com\/de\/produkt\/chelti-weisswein-2020-in-eiche-gereift\/","og_site_name":"Roze wines","article_modified_time":"2024-08-14T09:04:24+00:00","og_image":[{"width":2160,"height":2160,"url":"https:\/\/rozewines.com\/app\/uploads\/2024\/04\/Chelti-White-Aged-in-Oak-2020.jpg","type":"image\/jpeg"}],"twitter_card":"summary_large_image","schema":{"@context":"https:\/\/schema.org","@graph":[{"@type":"WebPage","@id":"https:\/\/rozewines.com\/de\/produkt\/chelti-weisswein-2020-in-eiche-gereift\/","url":"https:\/\/rozewines.com\/de\/produkt\/chelti-weisswein-2020-in-eiche-gereift\/","name":"Chelti - Wei\u00dfwein, 2020 in Eiche gereift - Roze wines","isPartOf":{"@id":"https:\/\/rozewines.com\/#website"},"primaryImageOfPage":{"@id":"https:\/\/rozewines.com\/de\/produkt\/chelti-weisswein-2020-in-eiche-gereift\/#primaryimage"},"image":{"@id":"https:\/\/rozewines.com\/de\/produkt\/chelti-weisswein-2020-in-eiche-gereift\/#primaryimage"},"thumbnailUrl":"https:\/\/rozewines.com\/app\/uploads\/2024\/04\/Chelti-White-Aged-in-Oak-2020.jpg","datePublished":"2024-05-09T00:20:04+00:00","dateModified":"2024-08-14T09:04:24+00:00","breadcrumb":{"@id":"https:\/\/rozewines.com\/de\/produkt\/chelti-weisswein-2020-in-eiche-gereift\/#breadcrumb"},"inLanguage":"de-DE","potentialAction":[{"@type":"ReadAction","target":["https:\/\/rozewines.com\/de\/produkt\/chelti-weisswein-2020-in-eiche-gereift\/"]}]},{"@type":"ImageObject","inLanguage":"de-DE","@id":"https:\/\/rozewines.com\/de\/produkt\/chelti-weisswein-2020-in-eiche-gereift\/#primaryimage","url":"https:\/\/rozewines.com\/app\/uploads\/2024\/04\/Chelti-White-Aged-in-Oak-2020.jpg","contentUrl":"https:\/\/rozewines.com\/app\/uploads\/2024\/04\/Chelti-White-Aged-in-Oak-2020.jpg","width":2160,"height":2160},{"@type":"BreadcrumbList","@id":"https:\/\/rozewines.com\/de\/produkt\/chelti-weisswein-2020-in-eiche-gereift\/#breadcrumb","itemListElement":[{"@type":"ListItem","position":1,"name":"Home","item":"https:\/\/rozewines.com\/de\/"},{"@type":"ListItem","position":2,"name":"Unsere Weine","item":"https:\/\/rozewines.com\/de\/musu-vins\/"},{"@type":"ListItem","position":3,"name":"Chelti &#8211; Wei\u00dfwein, 2020 in Eiche gereift"}]},{"@type":"WebSite","@id":"https:\/\/rozewines.com\/#website","url":"https:\/\/rozewines.com\/","name":"Roze wines","description":"","publisher":{"@id":"https:\/\/rozewines.com\/#organization"},"potentialAction":[{"@type":"SearchAction","target":{"@type":"EntryPoint","urlTemplate":"https:\/\/rozewines.com\/?s={search_term_string}"},"query-input":"required name=search_term_string"}],"inLanguage":"de-DE"},{"@type":"Organization","@id":"https:\/\/rozewines.com\/#organization","name":"Roze wines","url":"https:\/\/rozewines.com\/","logo":{"@type":"ImageObject","inLanguage":"de-DE","@id":"https:\/\/rozewines.com\/#\/schema\/logo\/image\/","url":"https:\/\/rozewines.com\/app\/uploads\/2024\/05\/logo.svg","contentUrl":"https:\/\/rozewines.com\/app\/uploads\/2024\/05\/logo.svg","width":144,"height":68,"caption":"Roze wines"},"image":{"@id":"https:\/\/rozewines.com\/#\/schema\/logo\/image\/"}}]}},"_links":{"self":[{"href":"https:\/\/rozewines.com\/de\/wp-json\/wp\/v2\/product\/3249"}],"collection":[{"href":"https:\/\/rozewines.com\/de\/wp-json\/wp\/v2\/product"}],"about":[{"href":"https:\/\/rozewines.com\/de\/wp-json\/wp\/v2\/types\/product"}],"replies":[{"embeddable":true,"href":"https:\/\/rozewines.com\/de\/wp-json\/wp\/v2\/comments?post=3249"}],"wp:featuredmedia":[{"embeddable":true,"href":"https:\/\/rozewines.com\/de\/wp-json\/wp\/v2\/media\/635"}],"wp:attachment":[{"href":"https:\/\/rozewines.com\/de\/wp-json\/wp\/v2\/media?parent=3249"}],"wp:term":[{"taxonomy":"brand","embeddable":true,"href":"https:\/\/rozewines.com\/de\/wp-json\/wp\/v2\/brand?post=3249"},{"taxonomy":"colour","embeddable":true,"href":"https:\/\/rozewines.com\/de\/wp-json\/wp\/v2\/colour?post=3249"},{"taxonomy":"flavour","embeddable":true,"href":"https:\/\/rozewines.com\/de\/wp-json\/wp\/v2\/flavour?post=3249"},{"taxonomy":"grape-variety","embeddable":true,"href":"https:\/\/rozewines.com\/de\/wp-json\/wp\/v2\/grape-variety?post=3249"},{"taxonomy":"harvest-year","embeddable":true,"href":"https:\/\/rozewines.com\/de\/wp-json\/wp\/v2\/harvest-year?post=3249"},{"taxonomy":"region","embeddable":true,"href":"https:\/\/rozewines.com\/de\/wp-json\/wp\/v2\/region?post=3249"},{"taxonomy":"size","embeddable":true,"href":"https:\/\/rozewines.com\/de\/wp-json\/wp\/v2\/size?post=3249"},{"taxonomy":"style","embeddable":true,"href":"https:\/\/rozewines.com\/de\/wp-json\/wp\/v2\/style?post=3249"},{"taxonomy":"technology","embeddable":true,"href":"https:\/\/rozewines.com\/de\/wp-json\/wp\/v2\/technology?post=3249"},{"taxonomy":"product_cat","embeddable":true,"href":"https:\/\/rozewines.com\/de\/wp-json\/wp\/v2\/product_cat?post=3249"},{"taxonomy":"product_tag","embeddable":true,"href":"https:\/\/rozewines.com\/de\/wp-json\/wp\/v2\/product_tag?post=3249"}],"curies":[{"name":"wp","href":"https:\/\/api.w.org\/{rel}","templated":true}]}}