{"id":3253,"date":"2024-05-09T00:20:04","date_gmt":"2024-05-09T00:20:04","guid":{"rendered":"https:\/\/rozewines.com\/product\/basiani-kindzmarauli-2020\/"},"modified":"2025-10-21T11:58:09","modified_gmt":"2025-10-21T11:58:09","slug":"basiani-kindzmarauli-2020","status":"publish","type":"product","link":"https:\/\/rozewines.com\/de\/produkt\/basiani-kindzmarauli-2020\/","title":{"rendered":"Basiani &#8211; Kindzmarauli 2023"},"content":{"rendered":"<p>Basiani \u2013 Kindzmarauli, ein halbs\u00fc\u00dfer Rotwein, der Eleganz und Leichtigkeit verk\u00f6rpert. Diese fesselnde Mischung bietet eine samtige Textur und eine sanfte S\u00fc\u00dfe, die zum Genuss einl\u00e4dt. Verlockende Aromen, bei denen sich die saftigen Noten von schwarzen Pflaumen und reifen Brombeeren mit der wohligen W\u00e4rme von Vanille vermischen. Erfreuen Sie sich an den subtilen Noten von Schwarzkirschen, die jedem Schluck Tiefe und Komplexit\u00e4t verleihen.<\/p>\n","protected":false},"excerpt":{"rendered":"<p>Basiani \u2013 Kindzmarauli, ein halbs\u00fc\u00dfer Rotwein, der Eleganz und Leichtigkeit verk\u00f6rpert. Diese fesselnde Mischung bietet eine samtige Textur und eine sanfte S\u00fc\u00dfe, die zum Genuss einl\u00e4dt. Verlockende Aromen, bei denen sich die saftigen Noten von schwarzen Pflaumen und reifen Brombeeren mit der wohligen W\u00e4rme von Vanille vermischen. Erfreuen Sie sich an den subtilen Noten von &hellip; <a href=\"https:\/\/rozewines.com\/de\/produkt\/basiani-kindzmarauli-2020\/\">Continued<\/a><\/p>\n","protected":false},"featured_media":3451,"comment_status":"closed","ping_status":"closed","template":"","meta":{"_acf_changed":false},"brand":[1779],"colour":[1140],"flavour":[1002,1000,1084],"grape-variety":[1283],"harvest-year":[1154],"region":[1294],"size":[1598],"style":[1270],"technology":[1116],"product_cat":[1382],"product_tag":[],"ams_default_variation_id":0,"ams_product_points_reward":[],"ams_product_discount_percentage":0,"ams_price_to_display":12.2,"acf":[],"ams_acf":[{"key":"food_pairings","label":"Food pairings","value":"aromatischer K\u00e4se, Panna Cotta mit Kirsche"},{"key":"alcohol_percentage","label":"Alcohol percentage","value":"12,5%"},{"key":"details","label":"Details","value":{"":null,"acidity":"3","body":"3","sweetness":"3","tannin":"1"}},{"key":"zero_sulfites","label":"Zero sulfites","value":false}],"yoast_head":"<!-- This site is optimized with the Yoast SEO plugin v22.6 - https:\/\/yoast.com\/wordpress\/plugins\/seo\/ -->\n<title>Basiani - Kindzmarauli 2023 - Roze wines<\/title>\n<meta name=\"robots\" content=\"index, follow, max-snippet:-1, max-image-preview:large, max-video-preview:-1\" \/>\n<link rel=\"canonical\" href=\"https:\/\/rozewines.com\/de\/produkt\/basiani-kindzmarauli-2020\/\" \/>\n<meta property=\"og:locale\" content=\"de_DE\" \/>\n<meta property=\"og:type\" content=\"article\" \/>\n<meta property=\"og:title\" content=\"Basiani - Kindzmarauli 2023 - Roze wines\" \/>\n<meta property=\"og:description\" content=\"Basiani \u2013 Kindzmarauli, ein halbs\u00fc\u00dfer Rotwein, der Eleganz und Leichtigkeit verk\u00f6rpert. Diese fesselnde Mischung bietet eine samtige Textur und eine sanfte S\u00fc\u00dfe, die zum Genuss einl\u00e4dt. Verlockende Aromen, bei denen sich die saftigen Noten von schwarzen Pflaumen und reifen Brombeeren mit der wohligen W\u00e4rme von Vanille vermischen. Erfreuen Sie sich an den subtilen Noten von &hellip; Continued\" \/>\n<meta property=\"og:url\" content=\"https:\/\/rozewines.com\/de\/produkt\/basiani-kindzmarauli-2020\/\" \/>\n<meta property=\"og:site_name\" content=\"Roze wines\" \/>\n<meta property=\"article:modified_time\" content=\"2025-10-21T11:58:09+00:00\" \/>\n<meta property=\"og:image\" content=\"https:\/\/rozewines.com\/app\/uploads\/2024\/05\/Basiani-Kindzmarauli-2020-scaled.jpg\" \/>\n\t<meta property=\"og:image:width\" content=\"2560\" \/>\n\t<meta property=\"og:image:height\" content=\"2560\" \/>\n\t<meta property=\"og:image:type\" content=\"image\/jpeg\" \/>\n<meta name=\"twitter:card\" content=\"summary_large_image\" \/>\n<meta name=\"twitter:label1\" content=\"Est. reading time\" \/>\n\t<meta name=\"twitter:data1\" content=\"1 minute\" \/>\n<script type=\"application\/ld+json\" class=\"yoast-schema-graph\">{\"@context\":\"https:\/\/schema.org\",\"@graph\":[{\"@type\":\"WebPage\",\"@id\":\"https:\/\/rozewines.com\/de\/produkt\/basiani-kindzmarauli-2020\/\",\"url\":\"https:\/\/rozewines.com\/de\/produkt\/basiani-kindzmarauli-2020\/\",\"name\":\"Basiani - Kindzmarauli 2023 - Roze wines\",\"isPartOf\":{\"@id\":\"https:\/\/rozewines.com\/#website\"},\"primaryImageOfPage\":{\"@id\":\"https:\/\/rozewines.com\/de\/produkt\/basiani-kindzmarauli-2020\/#primaryimage\"},\"image\":{\"@id\":\"https:\/\/rozewines.com\/de\/produkt\/basiani-kindzmarauli-2020\/#primaryimage\"},\"thumbnailUrl\":\"https:\/\/rozewines.com\/app\/uploads\/2024\/05\/Basiani-Kindzmarauli-2020-scaled.jpg\",\"datePublished\":\"2024-05-09T00:20:04+00:00\",\"dateModified\":\"2025-10-21T11:58:09+00:00\",\"breadcrumb\":{\"@id\":\"https:\/\/rozewines.com\/de\/produkt\/basiani-kindzmarauli-2020\/#breadcrumb\"},\"inLanguage\":\"de-DE\",\"potentialAction\":[{\"@type\":\"ReadAction\",\"target\":[\"https:\/\/rozewines.com\/de\/produkt\/basiani-kindzmarauli-2020\/\"]}]},{\"@type\":\"ImageObject\",\"inLanguage\":\"de-DE\",\"@id\":\"https:\/\/rozewines.com\/de\/produkt\/basiani-kindzmarauli-2020\/#primaryimage\",\"url\":\"https:\/\/rozewines.com\/app\/uploads\/2024\/05\/Basiani-Kindzmarauli-2020-scaled.jpg\",\"contentUrl\":\"https:\/\/rozewines.com\/app\/uploads\/2024\/05\/Basiani-Kindzmarauli-2020-scaled.jpg\",\"width\":2560,\"height\":2560},{\"@type\":\"BreadcrumbList\",\"@id\":\"https:\/\/rozewines.com\/de\/produkt\/basiani-kindzmarauli-2020\/#breadcrumb\",\"itemListElement\":[{\"@type\":\"ListItem\",\"position\":1,\"name\":\"Home\",\"item\":\"https:\/\/rozewines.com\/de\/\"},{\"@type\":\"ListItem\",\"position\":2,\"name\":\"Unsere Weine\",\"item\":\"https:\/\/rozewines.com\/de\/musu-vins\/\"},{\"@type\":\"ListItem\",\"position\":3,\"name\":\"Basiani &#8211; Kindzmarauli 2023\"}]},{\"@type\":\"WebSite\",\"@id\":\"https:\/\/rozewines.com\/#website\",\"url\":\"https:\/\/rozewines.com\/\",\"name\":\"Roze wines\",\"description\":\"\",\"publisher\":{\"@id\":\"https:\/\/rozewines.com\/#organization\"},\"potentialAction\":[{\"@type\":\"SearchAction\",\"target\":{\"@type\":\"EntryPoint\",\"urlTemplate\":\"https:\/\/rozewines.com\/?s={search_term_string}\"},\"query-input\":\"required name=search_term_string\"}],\"inLanguage\":\"de-DE\"},{\"@type\":\"Organization\",\"@id\":\"https:\/\/rozewines.com\/#organization\",\"name\":\"Roze wines\",\"url\":\"https:\/\/rozewines.com\/\",\"logo\":{\"@type\":\"ImageObject\",\"inLanguage\":\"de-DE\",\"@id\":\"https:\/\/rozewines.com\/#\/schema\/logo\/image\/\",\"url\":\"https:\/\/rozewines.com\/app\/uploads\/2024\/05\/logo.svg\",\"contentUrl\":\"https:\/\/rozewines.com\/app\/uploads\/2024\/05\/logo.svg\",\"width\":144,\"height\":68,\"caption\":\"Roze wines\"},\"image\":{\"@id\":\"https:\/\/rozewines.com\/#\/schema\/logo\/image\/\"}}]}<\/script>\n<!-- \/ Yoast SEO plugin. -->","yoast_head_json":{"title":"Basiani - Kindzmarauli 2023 - Roze wines","robots":{"index":"index","follow":"follow","max-snippet":"max-snippet:-1","max-image-preview":"max-image-preview:large","max-video-preview":"max-video-preview:-1"},"canonical":"https:\/\/rozewines.com\/de\/produkt\/basiani-kindzmarauli-2020\/","og_locale":"de_DE","og_type":"article","og_title":"Basiani - Kindzmarauli 2023 - Roze wines","og_description":"Basiani \u2013 Kindzmarauli, ein halbs\u00fc\u00dfer Rotwein, der Eleganz und Leichtigkeit verk\u00f6rpert. Diese fesselnde Mischung bietet eine samtige Textur und eine sanfte S\u00fc\u00dfe, die zum Genuss einl\u00e4dt. Verlockende Aromen, bei denen sich die saftigen Noten von schwarzen Pflaumen und reifen Brombeeren mit der wohligen W\u00e4rme von Vanille vermischen. Erfreuen Sie sich an den subtilen Noten von &hellip; Continued","og_url":"https:\/\/rozewines.com\/de\/produkt\/basiani-kindzmarauli-2020\/","og_site_name":"Roze wines","article_modified_time":"2025-10-21T11:58:09+00:00","og_image":[{"width":2560,"height":2560,"url":"https:\/\/rozewines.com\/app\/uploads\/2024\/05\/Basiani-Kindzmarauli-2020-scaled.jpg","type":"image\/jpeg"}],"twitter_card":"summary_large_image","twitter_misc":{"Est. reading time":"1 minute"},"schema":{"@context":"https:\/\/schema.org","@graph":[{"@type":"WebPage","@id":"https:\/\/rozewines.com\/de\/produkt\/basiani-kindzmarauli-2020\/","url":"https:\/\/rozewines.com\/de\/produkt\/basiani-kindzmarauli-2020\/","name":"Basiani - Kindzmarauli 2023 - Roze wines","isPartOf":{"@id":"https:\/\/rozewines.com\/#website"},"primaryImageOfPage":{"@id":"https:\/\/rozewines.com\/de\/produkt\/basiani-kindzmarauli-2020\/#primaryimage"},"image":{"@id":"https:\/\/rozewines.com\/de\/produkt\/basiani-kindzmarauli-2020\/#primaryimage"},"thumbnailUrl":"https:\/\/rozewines.com\/app\/uploads\/2024\/05\/Basiani-Kindzmarauli-2020-scaled.jpg","datePublished":"2024-05-09T00:20:04+00:00","dateModified":"2025-10-21T11:58:09+00:00","breadcrumb":{"@id":"https:\/\/rozewines.com\/de\/produkt\/basiani-kindzmarauli-2020\/#breadcrumb"},"inLanguage":"de-DE","potentialAction":[{"@type":"ReadAction","target":["https:\/\/rozewines.com\/de\/produkt\/basiani-kindzmarauli-2020\/"]}]},{"@type":"ImageObject","inLanguage":"de-DE","@id":"https:\/\/rozewines.com\/de\/produkt\/basiani-kindzmarauli-2020\/#primaryimage","url":"https:\/\/rozewines.com\/app\/uploads\/2024\/05\/Basiani-Kindzmarauli-2020-scaled.jpg","contentUrl":"https:\/\/rozewines.com\/app\/uploads\/2024\/05\/Basiani-Kindzmarauli-2020-scaled.jpg","width":2560,"height":2560},{"@type":"BreadcrumbList","@id":"https:\/\/rozewines.com\/de\/produkt\/basiani-kindzmarauli-2020\/#breadcrumb","itemListElement":[{"@type":"ListItem","position":1,"name":"Home","item":"https:\/\/rozewines.com\/de\/"},{"@type":"ListItem","position":2,"name":"Unsere Weine","item":"https:\/\/rozewines.com\/de\/musu-vins\/"},{"@type":"ListItem","position":3,"name":"Basiani &#8211; Kindzmarauli 2023"}]},{"@type":"WebSite","@id":"https:\/\/rozewines.com\/#website","url":"https:\/\/rozewines.com\/","name":"Roze wines","description":"","publisher":{"@id":"https:\/\/rozewines.com\/#organization"},"potentialAction":[{"@type":"SearchAction","target":{"@type":"EntryPoint","urlTemplate":"https:\/\/rozewines.com\/?s={search_term_string}"},"query-input":"required name=search_term_string"}],"inLanguage":"de-DE"},{"@type":"Organization","@id":"https:\/\/rozewines.com\/#organization","name":"Roze wines","url":"https:\/\/rozewines.com\/","logo":{"@type":"ImageObject","inLanguage":"de-DE","@id":"https:\/\/rozewines.com\/#\/schema\/logo\/image\/","url":"https:\/\/rozewines.com\/app\/uploads\/2024\/05\/logo.svg","contentUrl":"https:\/\/rozewines.com\/app\/uploads\/2024\/05\/logo.svg","width":144,"height":68,"caption":"Roze wines"},"image":{"@id":"https:\/\/rozewines.com\/#\/schema\/logo\/image\/"}}]}},"_links":{"self":[{"href":"https:\/\/rozewines.com\/de\/wp-json\/wp\/v2\/product\/3253"}],"collection":[{"href":"https:\/\/rozewines.com\/de\/wp-json\/wp\/v2\/product"}],"about":[{"href":"https:\/\/rozewines.com\/de\/wp-json\/wp\/v2\/types\/product"}],"replies":[{"embeddable":true,"href":"https:\/\/rozewines.com\/de\/wp-json\/wp\/v2\/comments?post=3253"}],"wp:featuredmedia":[{"embeddable":true,"href":"https:\/\/rozewines.com\/de\/wp-json\/wp\/v2\/media\/3451"}],"wp:attachment":[{"href":"https:\/\/rozewines.com\/de\/wp-json\/wp\/v2\/media?parent=3253"}],"wp:term":[{"taxonomy":"brand","embeddable":true,"href":"https:\/\/rozewines.com\/de\/wp-json\/wp\/v2\/brand?post=3253"},{"taxonomy":"colour","embeddable":true,"href":"https:\/\/rozewines.com\/de\/wp-json\/wp\/v2\/colour?post=3253"},{"taxonomy":"flavour","embeddable":true,"href":"https:\/\/rozewines.com\/de\/wp-json\/wp\/v2\/flavour?post=3253"},{"taxonomy":"grape-variety","embeddable":true,"href":"https:\/\/rozewines.com\/de\/wp-json\/wp\/v2\/grape-variety?post=3253"},{"taxonomy":"harvest-year","embeddable":true,"href":"https:\/\/rozewines.com\/de\/wp-json\/wp\/v2\/harvest-year?post=3253"},{"taxonomy":"region","embeddable":true,"href":"https:\/\/rozewines.com\/de\/wp-json\/wp\/v2\/region?post=3253"},{"taxonomy":"size","embeddable":true,"href":"https:\/\/rozewines.com\/de\/wp-json\/wp\/v2\/size?post=3253"},{"taxonomy":"style","embeddable":true,"href":"https:\/\/rozewines.com\/de\/wp-json\/wp\/v2\/style?post=3253"},{"taxonomy":"technology","embeddable":true,"href":"https:\/\/rozewines.com\/de\/wp-json\/wp\/v2\/technology?post=3253"},{"taxonomy":"product_cat","embeddable":true,"href":"https:\/\/rozewines.com\/de\/wp-json\/wp\/v2\/product_cat?post=3253"},{"taxonomy":"product_tag","embeddable":true,"href":"https:\/\/rozewines.com\/de\/wp-json\/wp\/v2\/product_tag?post=3253"}],"curies":[{"name":"wp","href":"https:\/\/api.w.org\/{rel}","templated":true}]}}