{"id":3266,"date":"2024-05-09T00:20:22","date_gmt":"2024-05-09T00:20:22","guid":{"rendered":"https:\/\/rozewines.com\/product\/chelti-saperavi-qvevri-2019\/"},"modified":"2025-10-21T11:57:42","modified_gmt":"2025-10-21T11:57:42","slug":"chelti-saperavi-qvevri-2019","status":"publish","type":"product","link":"https:\/\/rozewines.com\/de\/produkt\/chelti-saperavi-qvevri-2019\/","title":{"rendered":"Chelti &#8211; Saperavi Qvevri 2020"},"content":{"rendered":"<p>Chelti Saperavi Qvevri 2019, Hergestellt aus einem gro\u00dfartigen Jahrgang, fermentiert und gereift in Qvevri, repr\u00e4sentiert er intensive Aromen von schwarzer Johannisbeere, Lavendel und schwarzer Kirsche, erg\u00e4nzt durch die verlockende Essenz roter Pflaumen. Gro\u00dfe Komplexit\u00e4t zwischen S\u00e4ure und Tanninen, bietet einen langen und angenehmen Abgang.<\/p>\n","protected":false},"excerpt":{"rendered":"<p>Chelti Saperavi Qvevri 2019, Hergestellt aus einem gro\u00dfartigen Jahrgang, fermentiert und gereift in Qvevri, repr\u00e4sentiert er intensive Aromen von schwarzer Johannisbeere, Lavendel und schwarzer Kirsche, erg\u00e4nzt durch die verlockende Essenz roter Pflaumen. Gro\u00dfe Komplexit\u00e4t zwischen S\u00e4ure und Tanninen, bietet einen langen und angenehmen Abgang.<\/p>\n","protected":false},"featured_media":6378,"comment_status":"closed","ping_status":"closed","template":"","meta":{"_acf_changed":false},"brand":[1780],"colour":[1140],"flavour":[1042,1004,998],"grape-variety":[1283],"harvest-year":[1151],"region":[1294],"size":[1598],"style":[1271],"technology":[1118],"product_cat":[1382],"product_tag":[],"ams_default_variation_id":0,"ams_product_points_reward":[],"ams_product_discount_percentage":0,"ams_price_to_display":28,"acf":[],"ams_acf":[{"key":"food_pairings","label":"Food pairings","value":"Kalbfleisch BBQ, Wurstwaren"},{"key":"alcohol_percentage","label":"Alcohol percentage","value":"14%"}],"yoast_head":"<!-- This site is optimized with the Yoast SEO plugin v22.6 - https:\/\/yoast.com\/wordpress\/plugins\/seo\/ -->\n<title>Chelti - Saperavi Qvevri 2020 - Roze wines<\/title>\n<meta name=\"robots\" content=\"index, follow, max-snippet:-1, max-image-preview:large, max-video-preview:-1\" \/>\n<link rel=\"canonical\" href=\"https:\/\/rozewines.com\/de\/produkt\/chelti-saperavi-qvevri-2019\/\" \/>\n<meta property=\"og:locale\" content=\"de_DE\" \/>\n<meta property=\"og:type\" content=\"article\" \/>\n<meta property=\"og:title\" content=\"Chelti - Saperavi Qvevri 2020 - Roze wines\" \/>\n<meta property=\"og:description\" content=\"Chelti Saperavi Qvevri 2019, Hergestellt aus einem gro\u00dfartigen Jahrgang, fermentiert und gereift in Qvevri, repr\u00e4sentiert er intensive Aromen von schwarzer Johannisbeere, Lavendel und schwarzer Kirsche, erg\u00e4nzt durch die verlockende Essenz roter Pflaumen. Gro\u00dfe Komplexit\u00e4t zwischen S\u00e4ure und Tanninen, bietet einen langen und angenehmen Abgang.\" \/>\n<meta property=\"og:url\" content=\"https:\/\/rozewines.com\/de\/produkt\/chelti-saperavi-qvevri-2019\/\" \/>\n<meta property=\"og:site_name\" content=\"Roze wines\" \/>\n<meta property=\"article:modified_time\" content=\"2025-10-21T11:57:42+00:00\" \/>\n<meta property=\"og:image\" content=\"https:\/\/rozewines.com\/app\/uploads\/2024\/08\/Chelti-Saperavi-Qvevri.jpg\" \/>\n\t<meta property=\"og:image:width\" content=\"7820\" \/>\n\t<meta property=\"og:image:height\" content=\"7820\" \/>\n\t<meta property=\"og:image:type\" content=\"image\/jpeg\" \/>\n<meta name=\"twitter:card\" content=\"summary_large_image\" \/>\n<meta name=\"twitter:label1\" content=\"Est. reading time\" \/>\n\t<meta name=\"twitter:data1\" content=\"1 minute\" \/>\n<script type=\"application\/ld+json\" class=\"yoast-schema-graph\">{\"@context\":\"https:\/\/schema.org\",\"@graph\":[{\"@type\":\"WebPage\",\"@id\":\"https:\/\/rozewines.com\/de\/produkt\/chelti-saperavi-qvevri-2019\/\",\"url\":\"https:\/\/rozewines.com\/de\/produkt\/chelti-saperavi-qvevri-2019\/\",\"name\":\"Chelti - Saperavi Qvevri 2020 - Roze wines\",\"isPartOf\":{\"@id\":\"https:\/\/rozewines.com\/#website\"},\"primaryImageOfPage\":{\"@id\":\"https:\/\/rozewines.com\/de\/produkt\/chelti-saperavi-qvevri-2019\/#primaryimage\"},\"image\":{\"@id\":\"https:\/\/rozewines.com\/de\/produkt\/chelti-saperavi-qvevri-2019\/#primaryimage\"},\"thumbnailUrl\":\"https:\/\/rozewines.com\/app\/uploads\/2024\/08\/Chelti-Saperavi-Qvevri.jpg\",\"datePublished\":\"2024-05-09T00:20:22+00:00\",\"dateModified\":\"2025-10-21T11:57:42+00:00\",\"breadcrumb\":{\"@id\":\"https:\/\/rozewines.com\/de\/produkt\/chelti-saperavi-qvevri-2019\/#breadcrumb\"},\"inLanguage\":\"de-DE\",\"potentialAction\":[{\"@type\":\"ReadAction\",\"target\":[\"https:\/\/rozewines.com\/de\/produkt\/chelti-saperavi-qvevri-2019\/\"]}]},{\"@type\":\"ImageObject\",\"inLanguage\":\"de-DE\",\"@id\":\"https:\/\/rozewines.com\/de\/produkt\/chelti-saperavi-qvevri-2019\/#primaryimage\",\"url\":\"https:\/\/rozewines.com\/app\/uploads\/2024\/08\/Chelti-Saperavi-Qvevri.jpg\",\"contentUrl\":\"https:\/\/rozewines.com\/app\/uploads\/2024\/08\/Chelti-Saperavi-Qvevri.jpg\",\"width\":7820,\"height\":7820},{\"@type\":\"BreadcrumbList\",\"@id\":\"https:\/\/rozewines.com\/de\/produkt\/chelti-saperavi-qvevri-2019\/#breadcrumb\",\"itemListElement\":[{\"@type\":\"ListItem\",\"position\":1,\"name\":\"Home\",\"item\":\"https:\/\/rozewines.com\/de\/\"},{\"@type\":\"ListItem\",\"position\":2,\"name\":\"Unsere Weine\",\"item\":\"https:\/\/rozewines.com\/de\/musu-vins\/\"},{\"@type\":\"ListItem\",\"position\":3,\"name\":\"Chelti &#8211; Saperavi Qvevri 2020\"}]},{\"@type\":\"WebSite\",\"@id\":\"https:\/\/rozewines.com\/#website\",\"url\":\"https:\/\/rozewines.com\/\",\"name\":\"Roze wines\",\"description\":\"\",\"publisher\":{\"@id\":\"https:\/\/rozewines.com\/#organization\"},\"potentialAction\":[{\"@type\":\"SearchAction\",\"target\":{\"@type\":\"EntryPoint\",\"urlTemplate\":\"https:\/\/rozewines.com\/?s={search_term_string}\"},\"query-input\":\"required name=search_term_string\"}],\"inLanguage\":\"de-DE\"},{\"@type\":\"Organization\",\"@id\":\"https:\/\/rozewines.com\/#organization\",\"name\":\"Roze wines\",\"url\":\"https:\/\/rozewines.com\/\",\"logo\":{\"@type\":\"ImageObject\",\"inLanguage\":\"de-DE\",\"@id\":\"https:\/\/rozewines.com\/#\/schema\/logo\/image\/\",\"url\":\"https:\/\/rozewines.com\/app\/uploads\/2024\/05\/logo.svg\",\"contentUrl\":\"https:\/\/rozewines.com\/app\/uploads\/2024\/05\/logo.svg\",\"width\":144,\"height\":68,\"caption\":\"Roze wines\"},\"image\":{\"@id\":\"https:\/\/rozewines.com\/#\/schema\/logo\/image\/\"}}]}<\/script>\n<!-- \/ Yoast SEO plugin. -->","yoast_head_json":{"title":"Chelti - Saperavi Qvevri 2020 - Roze wines","robots":{"index":"index","follow":"follow","max-snippet":"max-snippet:-1","max-image-preview":"max-image-preview:large","max-video-preview":"max-video-preview:-1"},"canonical":"https:\/\/rozewines.com\/de\/produkt\/chelti-saperavi-qvevri-2019\/","og_locale":"de_DE","og_type":"article","og_title":"Chelti - Saperavi Qvevri 2020 - Roze wines","og_description":"Chelti Saperavi Qvevri 2019, Hergestellt aus einem gro\u00dfartigen Jahrgang, fermentiert und gereift in Qvevri, repr\u00e4sentiert er intensive Aromen von schwarzer Johannisbeere, Lavendel und schwarzer Kirsche, erg\u00e4nzt durch die verlockende Essenz roter Pflaumen. Gro\u00dfe Komplexit\u00e4t zwischen S\u00e4ure und Tanninen, bietet einen langen und angenehmen Abgang.","og_url":"https:\/\/rozewines.com\/de\/produkt\/chelti-saperavi-qvevri-2019\/","og_site_name":"Roze wines","article_modified_time":"2025-10-21T11:57:42+00:00","og_image":[{"width":7820,"height":7820,"url":"https:\/\/rozewines.com\/app\/uploads\/2024\/08\/Chelti-Saperavi-Qvevri.jpg","type":"image\/jpeg"}],"twitter_card":"summary_large_image","twitter_misc":{"Est. reading time":"1 minute"},"schema":{"@context":"https:\/\/schema.org","@graph":[{"@type":"WebPage","@id":"https:\/\/rozewines.com\/de\/produkt\/chelti-saperavi-qvevri-2019\/","url":"https:\/\/rozewines.com\/de\/produkt\/chelti-saperavi-qvevri-2019\/","name":"Chelti - Saperavi Qvevri 2020 - Roze wines","isPartOf":{"@id":"https:\/\/rozewines.com\/#website"},"primaryImageOfPage":{"@id":"https:\/\/rozewines.com\/de\/produkt\/chelti-saperavi-qvevri-2019\/#primaryimage"},"image":{"@id":"https:\/\/rozewines.com\/de\/produkt\/chelti-saperavi-qvevri-2019\/#primaryimage"},"thumbnailUrl":"https:\/\/rozewines.com\/app\/uploads\/2024\/08\/Chelti-Saperavi-Qvevri.jpg","datePublished":"2024-05-09T00:20:22+00:00","dateModified":"2025-10-21T11:57:42+00:00","breadcrumb":{"@id":"https:\/\/rozewines.com\/de\/produkt\/chelti-saperavi-qvevri-2019\/#breadcrumb"},"inLanguage":"de-DE","potentialAction":[{"@type":"ReadAction","target":["https:\/\/rozewines.com\/de\/produkt\/chelti-saperavi-qvevri-2019\/"]}]},{"@type":"ImageObject","inLanguage":"de-DE","@id":"https:\/\/rozewines.com\/de\/produkt\/chelti-saperavi-qvevri-2019\/#primaryimage","url":"https:\/\/rozewines.com\/app\/uploads\/2024\/08\/Chelti-Saperavi-Qvevri.jpg","contentUrl":"https:\/\/rozewines.com\/app\/uploads\/2024\/08\/Chelti-Saperavi-Qvevri.jpg","width":7820,"height":7820},{"@type":"BreadcrumbList","@id":"https:\/\/rozewines.com\/de\/produkt\/chelti-saperavi-qvevri-2019\/#breadcrumb","itemListElement":[{"@type":"ListItem","position":1,"name":"Home","item":"https:\/\/rozewines.com\/de\/"},{"@type":"ListItem","position":2,"name":"Unsere Weine","item":"https:\/\/rozewines.com\/de\/musu-vins\/"},{"@type":"ListItem","position":3,"name":"Chelti &#8211; Saperavi Qvevri 2020"}]},{"@type":"WebSite","@id":"https:\/\/rozewines.com\/#website","url":"https:\/\/rozewines.com\/","name":"Roze wines","description":"","publisher":{"@id":"https:\/\/rozewines.com\/#organization"},"potentialAction":[{"@type":"SearchAction","target":{"@type":"EntryPoint","urlTemplate":"https:\/\/rozewines.com\/?s={search_term_string}"},"query-input":"required name=search_term_string"}],"inLanguage":"de-DE"},{"@type":"Organization","@id":"https:\/\/rozewines.com\/#organization","name":"Roze wines","url":"https:\/\/rozewines.com\/","logo":{"@type":"ImageObject","inLanguage":"de-DE","@id":"https:\/\/rozewines.com\/#\/schema\/logo\/image\/","url":"https:\/\/rozewines.com\/app\/uploads\/2024\/05\/logo.svg","contentUrl":"https:\/\/rozewines.com\/app\/uploads\/2024\/05\/logo.svg","width":144,"height":68,"caption":"Roze wines"},"image":{"@id":"https:\/\/rozewines.com\/#\/schema\/logo\/image\/"}}]}},"_links":{"self":[{"href":"https:\/\/rozewines.com\/de\/wp-json\/wp\/v2\/product\/3266"}],"collection":[{"href":"https:\/\/rozewines.com\/de\/wp-json\/wp\/v2\/product"}],"about":[{"href":"https:\/\/rozewines.com\/de\/wp-json\/wp\/v2\/types\/product"}],"replies":[{"embeddable":true,"href":"https:\/\/rozewines.com\/de\/wp-json\/wp\/v2\/comments?post=3266"}],"wp:featuredmedia":[{"embeddable":true,"href":"https:\/\/rozewines.com\/de\/wp-json\/wp\/v2\/media\/6378"}],"wp:attachment":[{"href":"https:\/\/rozewines.com\/de\/wp-json\/wp\/v2\/media?parent=3266"}],"wp:term":[{"taxonomy":"brand","embeddable":true,"href":"https:\/\/rozewines.com\/de\/wp-json\/wp\/v2\/brand?post=3266"},{"taxonomy":"colour","embeddable":true,"href":"https:\/\/rozewines.com\/de\/wp-json\/wp\/v2\/colour?post=3266"},{"taxonomy":"flavour","embeddable":true,"href":"https:\/\/rozewines.com\/de\/wp-json\/wp\/v2\/flavour?post=3266"},{"taxonomy":"grape-variety","embeddable":true,"href":"https:\/\/rozewines.com\/de\/wp-json\/wp\/v2\/grape-variety?post=3266"},{"taxonomy":"harvest-year","embeddable":true,"href":"https:\/\/rozewines.com\/de\/wp-json\/wp\/v2\/harvest-year?post=3266"},{"taxonomy":"region","embeddable":true,"href":"https:\/\/rozewines.com\/de\/wp-json\/wp\/v2\/region?post=3266"},{"taxonomy":"size","embeddable":true,"href":"https:\/\/rozewines.com\/de\/wp-json\/wp\/v2\/size?post=3266"},{"taxonomy":"style","embeddable":true,"href":"https:\/\/rozewines.com\/de\/wp-json\/wp\/v2\/style?post=3266"},{"taxonomy":"technology","embeddable":true,"href":"https:\/\/rozewines.com\/de\/wp-json\/wp\/v2\/technology?post=3266"},{"taxonomy":"product_cat","embeddable":true,"href":"https:\/\/rozewines.com\/de\/wp-json\/wp\/v2\/product_cat?post=3266"},{"taxonomy":"product_tag","embeddable":true,"href":"https:\/\/rozewines.com\/de\/wp-json\/wp\/v2\/product_tag?post=3266"}],"curies":[{"name":"wp","href":"https:\/\/api.w.org\/{rel}","templated":true}]}}