{"id":3268,"date":"2024-05-09T00:20:22","date_gmt":"2024-05-09T00:20:22","guid":{"rendered":"https:\/\/rozewines.com\/product\/chumad-chu-kvanchkara-2018\/"},"modified":"2024-08-14T09:04:19","modified_gmt":"2024-08-14T09:04:19","slug":"chumad-chu-kvanchkara-2018","status":"publish","type":"product","link":"https:\/\/rozewines.com\/de\/produkt\/chumad-chu-kvanchkara-2018\/","title":{"rendered":"Chumad Chu &#8211; Kvanchkara 2018"},"content":{"rendered":"<p>Chumad Chu &#8211; Khvanchkara 2018, ein leichter und aromatischer Genuss, der sich durch seinen weichen und halbs\u00fc\u00dfen Charakter auszeichnet. Dieser fesselnde Jahrgang verf\u00fchrt mit Aromen von reifen Erdbeeren, zarter Rose, roter Kirsche und Nelken. Mit seinem bezaubernden Profil k\u00f6nnen Sie bei jedem Schluck die Weichheit und Fruchtigkeit des Weins genie\u00dfen.<\/p>\n","protected":false},"excerpt":{"rendered":"<p>Chumad Chu &#8211; Khvanchkara 2018, ein leichter und aromatischer Genuss, der sich durch seinen weichen und halbs\u00fc\u00dfen Charakter auszeichnet. Dieser fesselnde Jahrgang verf\u00fchrt mit Aromen von reifen Erdbeeren, zarter Rose, roter Kirsche und Nelken. Mit seinem bezaubernden Profil k\u00f6nnen Sie bei jedem Schluck die Weichheit und Fruchtigkeit des Weins genie\u00dfen.<\/p>\n","protected":false},"featured_media":643,"comment_status":"closed","ping_status":"closed","template":"","meta":{"_acf_changed":false},"brand":[1808],"colour":[1140],"flavour":[1002,1066,1084],"grape-variety":[1283],"harvest-year":[1154],"region":[1294],"size":[1598],"style":[1270],"technology":[1116],"product_cat":[1382],"product_tag":[],"ams_default_variation_id":0,"ams_product_points_reward":[],"ams_product_discount_percentage":0,"ams_price_to_display":12.5,"acf":[],"ams_acf":[{"key":"food_pairings","label":"Food pairings","value":"Kirschenmacarons, Lobiani"},{"key":"alcohol_percentage","label":"Alcohol percentage","value":"11,5%"},{"key":"details","label":"Details","value":{"":null,"acidity":"3","body":"2","sweetness":"4","tannin":"1"}}],"yoast_head":"<!-- This site is optimized with the Yoast SEO plugin v22.6 - https:\/\/yoast.com\/wordpress\/plugins\/seo\/ -->\n<title>Chumad Chu - Kvanchkara 2018 - Roze wines<\/title>\n<meta name=\"robots\" content=\"index, follow, max-snippet:-1, max-image-preview:large, max-video-preview:-1\" \/>\n<link rel=\"canonical\" href=\"https:\/\/rozewines.com\/produkt\/chumad-chu-kindzmarauli-2020\/\" \/>\n<meta property=\"og:locale\" content=\"de_DE\" \/>\n<meta property=\"og:type\" content=\"article\" \/>\n<meta property=\"og:title\" content=\"Chumad Chu - Kvanchkara 2018 - Roze wines\" \/>\n<meta property=\"og:description\" content=\"Chumad Chu &#8211; Khvanchkara 2018, ein leichter und aromatischer Genuss, der sich durch seinen weichen und halbs\u00fc\u00dfen Charakter auszeichnet. Dieser fesselnde Jahrgang verf\u00fchrt mit Aromen von reifen Erdbeeren, zarter Rose, roter Kirsche und Nelken. Mit seinem bezaubernden Profil k\u00f6nnen Sie bei jedem Schluck die Weichheit und Fruchtigkeit des Weins genie\u00dfen.\" \/>\n<meta property=\"og:url\" content=\"https:\/\/rozewines.com\/produkt\/chumad-chu-kindzmarauli-2020\/\" \/>\n<meta property=\"og:site_name\" content=\"Roze wines\" \/>\n<meta property=\"article:modified_time\" content=\"2024-08-14T09:04:19+00:00\" \/>\n<meta property=\"og:image\" content=\"https:\/\/rozewines.com\/app\/uploads\/2024\/04\/Chumad-Chu-Kindzmarauli-2020-1.jpg\" \/>\n\t<meta property=\"og:image:width\" content=\"2160\" \/>\n\t<meta property=\"og:image:height\" content=\"2160\" \/>\n\t<meta property=\"og:image:type\" content=\"image\/jpeg\" \/>\n<meta name=\"twitter:card\" content=\"summary_large_image\" \/>\n<script type=\"application\/ld+json\" class=\"yoast-schema-graph\">{\"@context\":\"https:\/\/schema.org\",\"@graph\":[{\"@type\":\"WebPage\",\"@id\":\"https:\/\/rozewines.com\/produkt\/chumad-chu-kindzmarauli-2020\/\",\"url\":\"https:\/\/rozewines.com\/produkt\/chumad-chu-kindzmarauli-2020\/\",\"name\":\"Chumad Chu - Kvanchkara 2018 - Roze wines\",\"isPartOf\":{\"@id\":\"https:\/\/rozewines.com\/#website\"},\"primaryImageOfPage\":{\"@id\":\"https:\/\/rozewines.com\/produkt\/chumad-chu-kindzmarauli-2020\/#primaryimage\"},\"image\":{\"@id\":\"https:\/\/rozewines.com\/produkt\/chumad-chu-kindzmarauli-2020\/#primaryimage\"},\"thumbnailUrl\":\"https:\/\/rozewines.com\/app\/uploads\/2024\/04\/Chumad-Chu-Kindzmarauli-2020-1.jpg\",\"datePublished\":\"2024-05-09T00:20:22+00:00\",\"dateModified\":\"2024-08-14T09:04:19+00:00\",\"breadcrumb\":{\"@id\":\"https:\/\/rozewines.com\/produkt\/chumad-chu-kindzmarauli-2020\/#breadcrumb\"},\"inLanguage\":\"de-DE\",\"potentialAction\":[{\"@type\":\"ReadAction\",\"target\":[\"https:\/\/rozewines.com\/produkt\/chumad-chu-kindzmarauli-2020\/\"]}]},{\"@type\":\"ImageObject\",\"inLanguage\":\"de-DE\",\"@id\":\"https:\/\/rozewines.com\/produkt\/chumad-chu-kindzmarauli-2020\/#primaryimage\",\"url\":\"https:\/\/rozewines.com\/app\/uploads\/2024\/04\/Chumad-Chu-Kindzmarauli-2020-1.jpg\",\"contentUrl\":\"https:\/\/rozewines.com\/app\/uploads\/2024\/04\/Chumad-Chu-Kindzmarauli-2020-1.jpg\",\"width\":2160,\"height\":2160},{\"@type\":\"BreadcrumbList\",\"@id\":\"https:\/\/rozewines.com\/produkt\/chumad-chu-kindzmarauli-2020\/#breadcrumb\",\"itemListElement\":[{\"@type\":\"ListItem\",\"position\":1,\"name\":\"Home\",\"item\":\"https:\/\/rozewines.com\/de\/\"},{\"@type\":\"ListItem\",\"position\":2,\"name\":\"Unsere Weine\",\"item\":\"https:\/\/rozewines.com\/de\/musu-vins\/\"},{\"@type\":\"ListItem\",\"position\":3,\"name\":\"Chumad Chu &#8211; Kvanchkara 2018\"}]},{\"@type\":\"WebSite\",\"@id\":\"https:\/\/rozewines.com\/#website\",\"url\":\"https:\/\/rozewines.com\/\",\"name\":\"Roze wines\",\"description\":\"\",\"publisher\":{\"@id\":\"https:\/\/rozewines.com\/#organization\"},\"potentialAction\":[{\"@type\":\"SearchAction\",\"target\":{\"@type\":\"EntryPoint\",\"urlTemplate\":\"https:\/\/rozewines.com\/?s={search_term_string}\"},\"query-input\":\"required name=search_term_string\"}],\"inLanguage\":\"de-DE\"},{\"@type\":\"Organization\",\"@id\":\"https:\/\/rozewines.com\/#organization\",\"name\":\"Roze wines\",\"url\":\"https:\/\/rozewines.com\/\",\"logo\":{\"@type\":\"ImageObject\",\"inLanguage\":\"de-DE\",\"@id\":\"https:\/\/rozewines.com\/#\/schema\/logo\/image\/\",\"url\":\"https:\/\/rozewines.com\/app\/uploads\/2024\/05\/logo.svg\",\"contentUrl\":\"https:\/\/rozewines.com\/app\/uploads\/2024\/05\/logo.svg\",\"width\":144,\"height\":68,\"caption\":\"Roze wines\"},\"image\":{\"@id\":\"https:\/\/rozewines.com\/#\/schema\/logo\/image\/\"}}]}<\/script>\n<!-- \/ Yoast SEO plugin. -->","yoast_head_json":{"title":"Chumad Chu - Kvanchkara 2018 - Roze wines","robots":{"index":"index","follow":"follow","max-snippet":"max-snippet:-1","max-image-preview":"max-image-preview:large","max-video-preview":"max-video-preview:-1"},"canonical":"https:\/\/rozewines.com\/produkt\/chumad-chu-kindzmarauli-2020\/","og_locale":"de_DE","og_type":"article","og_title":"Chumad Chu - Kvanchkara 2018 - Roze wines","og_description":"Chumad Chu &#8211; Khvanchkara 2018, ein leichter und aromatischer Genuss, der sich durch seinen weichen und halbs\u00fc\u00dfen Charakter auszeichnet. Dieser fesselnde Jahrgang verf\u00fchrt mit Aromen von reifen Erdbeeren, zarter Rose, roter Kirsche und Nelken. Mit seinem bezaubernden Profil k\u00f6nnen Sie bei jedem Schluck die Weichheit und Fruchtigkeit des Weins genie\u00dfen.","og_url":"https:\/\/rozewines.com\/produkt\/chumad-chu-kindzmarauli-2020\/","og_site_name":"Roze wines","article_modified_time":"2024-08-14T09:04:19+00:00","og_image":[{"width":2160,"height":2160,"url":"https:\/\/rozewines.com\/app\/uploads\/2024\/04\/Chumad-Chu-Kindzmarauli-2020-1.jpg","type":"image\/jpeg"}],"twitter_card":"summary_large_image","schema":{"@context":"https:\/\/schema.org","@graph":[{"@type":"WebPage","@id":"https:\/\/rozewines.com\/produkt\/chumad-chu-kindzmarauli-2020\/","url":"https:\/\/rozewines.com\/produkt\/chumad-chu-kindzmarauli-2020\/","name":"Chumad Chu - Kvanchkara 2018 - Roze wines","isPartOf":{"@id":"https:\/\/rozewines.com\/#website"},"primaryImageOfPage":{"@id":"https:\/\/rozewines.com\/produkt\/chumad-chu-kindzmarauli-2020\/#primaryimage"},"image":{"@id":"https:\/\/rozewines.com\/produkt\/chumad-chu-kindzmarauli-2020\/#primaryimage"},"thumbnailUrl":"https:\/\/rozewines.com\/app\/uploads\/2024\/04\/Chumad-Chu-Kindzmarauli-2020-1.jpg","datePublished":"2024-05-09T00:20:22+00:00","dateModified":"2024-08-14T09:04:19+00:00","breadcrumb":{"@id":"https:\/\/rozewines.com\/produkt\/chumad-chu-kindzmarauli-2020\/#breadcrumb"},"inLanguage":"de-DE","potentialAction":[{"@type":"ReadAction","target":["https:\/\/rozewines.com\/produkt\/chumad-chu-kindzmarauli-2020\/"]}]},{"@type":"ImageObject","inLanguage":"de-DE","@id":"https:\/\/rozewines.com\/produkt\/chumad-chu-kindzmarauli-2020\/#primaryimage","url":"https:\/\/rozewines.com\/app\/uploads\/2024\/04\/Chumad-Chu-Kindzmarauli-2020-1.jpg","contentUrl":"https:\/\/rozewines.com\/app\/uploads\/2024\/04\/Chumad-Chu-Kindzmarauli-2020-1.jpg","width":2160,"height":2160},{"@type":"BreadcrumbList","@id":"https:\/\/rozewines.com\/produkt\/chumad-chu-kindzmarauli-2020\/#breadcrumb","itemListElement":[{"@type":"ListItem","position":1,"name":"Home","item":"https:\/\/rozewines.com\/de\/"},{"@type":"ListItem","position":2,"name":"Unsere Weine","item":"https:\/\/rozewines.com\/de\/musu-vins\/"},{"@type":"ListItem","position":3,"name":"Chumad Chu &#8211; Kvanchkara 2018"}]},{"@type":"WebSite","@id":"https:\/\/rozewines.com\/#website","url":"https:\/\/rozewines.com\/","name":"Roze wines","description":"","publisher":{"@id":"https:\/\/rozewines.com\/#organization"},"potentialAction":[{"@type":"SearchAction","target":{"@type":"EntryPoint","urlTemplate":"https:\/\/rozewines.com\/?s={search_term_string}"},"query-input":"required name=search_term_string"}],"inLanguage":"de-DE"},{"@type":"Organization","@id":"https:\/\/rozewines.com\/#organization","name":"Roze wines","url":"https:\/\/rozewines.com\/","logo":{"@type":"ImageObject","inLanguage":"de-DE","@id":"https:\/\/rozewines.com\/#\/schema\/logo\/image\/","url":"https:\/\/rozewines.com\/app\/uploads\/2024\/05\/logo.svg","contentUrl":"https:\/\/rozewines.com\/app\/uploads\/2024\/05\/logo.svg","width":144,"height":68,"caption":"Roze wines"},"image":{"@id":"https:\/\/rozewines.com\/#\/schema\/logo\/image\/"}}]}},"_links":{"self":[{"href":"https:\/\/rozewines.com\/de\/wp-json\/wp\/v2\/product\/3268"}],"collection":[{"href":"https:\/\/rozewines.com\/de\/wp-json\/wp\/v2\/product"}],"about":[{"href":"https:\/\/rozewines.com\/de\/wp-json\/wp\/v2\/types\/product"}],"replies":[{"embeddable":true,"href":"https:\/\/rozewines.com\/de\/wp-json\/wp\/v2\/comments?post=3268"}],"wp:featuredmedia":[{"embeddable":true,"href":"https:\/\/rozewines.com\/de\/wp-json\/wp\/v2\/media\/643"}],"wp:attachment":[{"href":"https:\/\/rozewines.com\/de\/wp-json\/wp\/v2\/media?parent=3268"}],"wp:term":[{"taxonomy":"brand","embeddable":true,"href":"https:\/\/rozewines.com\/de\/wp-json\/wp\/v2\/brand?post=3268"},{"taxonomy":"colour","embeddable":true,"href":"https:\/\/rozewines.com\/de\/wp-json\/wp\/v2\/colour?post=3268"},{"taxonomy":"flavour","embeddable":true,"href":"https:\/\/rozewines.com\/de\/wp-json\/wp\/v2\/flavour?post=3268"},{"taxonomy":"grape-variety","embeddable":true,"href":"https:\/\/rozewines.com\/de\/wp-json\/wp\/v2\/grape-variety?post=3268"},{"taxonomy":"harvest-year","embeddable":true,"href":"https:\/\/rozewines.com\/de\/wp-json\/wp\/v2\/harvest-year?post=3268"},{"taxonomy":"region","embeddable":true,"href":"https:\/\/rozewines.com\/de\/wp-json\/wp\/v2\/region?post=3268"},{"taxonomy":"size","embeddable":true,"href":"https:\/\/rozewines.com\/de\/wp-json\/wp\/v2\/size?post=3268"},{"taxonomy":"style","embeddable":true,"href":"https:\/\/rozewines.com\/de\/wp-json\/wp\/v2\/style?post=3268"},{"taxonomy":"technology","embeddable":true,"href":"https:\/\/rozewines.com\/de\/wp-json\/wp\/v2\/technology?post=3268"},{"taxonomy":"product_cat","embeddable":true,"href":"https:\/\/rozewines.com\/de\/wp-json\/wp\/v2\/product_cat?post=3268"},{"taxonomy":"product_tag","embeddable":true,"href":"https:\/\/rozewines.com\/de\/wp-json\/wp\/v2\/product_tag?post=3268"}],"curies":[{"name":"wp","href":"https:\/\/api.w.org\/{rel}","templated":true}]}}