{"id":3270,"date":"2024-05-09T00:20:22","date_gmt":"2024-05-09T00:20:22","guid":{"rendered":"https:\/\/rozewines.com\/product\/ivane-nareklishvili-soehne-weingut-saperavi-qvevri\/"},"modified":"2025-10-21T11:59:56","modified_gmt":"2025-10-21T11:59:56","slug":"ivane-nareklishvili-soehne-weingut-saperavi-qvevri","status":"publish","type":"product","link":"https:\/\/rozewines.com\/de\/produkt\/ivane-nareklishvili-soehne-weingut-saperavi-qvevri\/","title":{"rendered":"Ivane Nareklishvili &#038; S\u00f6hne Weingut &#8211; Saperavi Qvevri 2022"},"content":{"rendered":"<p>Ivane Nareklishvili &#038; S\u00f6hne Weingut \u2013 Saperavi Qvevri, ein kr\u00e4ftiger roter Qvevri-Wein, der die Essenz der georgischen Weinbautradition verk\u00f6rpert. Dieser vollmundige Wein strotzt nur so vor wilden und lebendigen Aromen und spiegelt das reiche Terroir der Region wider. Verlockende Aromen von reifen schwarzen Johannisbeeren, saftigen Blaubeeren, dezentem Leder und erdiger, feuchter Wolle mit seinem intensiven Profil und seinem kr\u00e4ftigen Charakter. Starke Wirkung, die man nach dem Schluck sp\u00fcren kann, k\u00f6stlich und energiegeladen.<\/p>\n","protected":false},"excerpt":{"rendered":"<p>Ivane Nareklishvili &#038; S\u00f6hne Weingut \u2013 Saperavi Qvevri, ein kr\u00e4ftiger roter Qvevri-Wein, der die Essenz der georgischen Weinbautradition verk\u00f6rpert. Dieser vollmundige Wein strotzt nur so vor wilden und lebendigen Aromen und spiegelt das reiche Terroir der Region wider. Verlockende Aromen von reifen schwarzen Johannisbeeren, saftigen Blaubeeren, dezentem Leder und erdiger, feuchter Wolle mit seinem intensiven &hellip; <a href=\"https:\/\/rozewines.com\/de\/produkt\/ivane-nareklishvili-soehne-weingut-saperavi-qvevri\/\">Continued<\/a><\/p>\n","protected":false},"featured_media":3583,"comment_status":"closed","ping_status":"closed","template":"","meta":{"_acf_changed":false},"brand":[1796],"colour":[1140],"flavour":[1006,1043,1004],"grape-variety":[1283],"harvest-year":[1158],"region":[1294],"size":[1598],"style":[1271],"technology":[1118],"product_cat":[1382],"product_tag":[],"ams_default_variation_id":0,"ams_product_points_reward":[],"ams_product_discount_percentage":0,"ams_price_to_display":23.5,"acf":[],"ams_acf":[{"key":"food_pairings","label":"Food pairings","value":"gegrilltes Rindfleisch-Tomahawk, Ossobuco"},{"key":"alcohol_percentage","label":"Alcohol percentage","value":"13%"},{"key":"zero_sulfites","label":"Zero sulfites","value":true},{"key":"details","label":"Details","value":{"":null,"acidity":"3","body":"4","sweetness":"0","tannin":"4"}}],"yoast_head":"<!-- This site is optimized with the Yoast SEO plugin v22.6 - https:\/\/yoast.com\/wordpress\/plugins\/seo\/ -->\n<title>Ivane Nareklishvili &amp; S\u00f6hne Weingut - Saperavi Qvevri 2022 - Roze wines<\/title>\n<meta name=\"robots\" content=\"index, follow, max-snippet:-1, max-image-preview:large, max-video-preview:-1\" \/>\n<link rel=\"canonical\" href=\"https:\/\/rozewines.com\/de\/produkt\/ivane-nareklishvili-soehne-weingut-saperavi-qvevri\/\" \/>\n<meta property=\"og:locale\" content=\"de_DE\" \/>\n<meta property=\"og:type\" content=\"article\" \/>\n<meta property=\"og:title\" content=\"Ivane Nareklishvili &amp; S\u00f6hne Weingut - Saperavi Qvevri 2022 - Roze wines\" \/>\n<meta property=\"og:description\" content=\"Ivane Nareklishvili &#038; S\u00f6hne Weingut \u2013 Saperavi Qvevri, ein kr\u00e4ftiger roter Qvevri-Wein, der die Essenz der georgischen Weinbautradition verk\u00f6rpert. Dieser vollmundige Wein strotzt nur so vor wilden und lebendigen Aromen und spiegelt das reiche Terroir der Region wider. Verlockende Aromen von reifen schwarzen Johannisbeeren, saftigen Blaubeeren, dezentem Leder und erdiger, feuchter Wolle mit seinem intensiven &hellip; Continued\" \/>\n<meta property=\"og:url\" content=\"https:\/\/rozewines.com\/de\/produkt\/ivane-nareklishvili-soehne-weingut-saperavi-qvevri\/\" \/>\n<meta property=\"og:site_name\" content=\"Roze wines\" \/>\n<meta property=\"article:modified_time\" content=\"2025-10-21T11:59:56+00:00\" \/>\n<meta property=\"og:image\" content=\"https:\/\/rozewines.com\/app\/uploads\/2024\/05\/Ivane-Nareklishvili-Sons-Winery-Saperavi-Qvevri-scaled.jpg\" \/>\n\t<meta property=\"og:image:width\" content=\"2560\" \/>\n\t<meta property=\"og:image:height\" content=\"2560\" \/>\n\t<meta property=\"og:image:type\" content=\"image\/jpeg\" \/>\n<meta name=\"twitter:card\" content=\"summary_large_image\" \/>\n<meta name=\"twitter:label1\" content=\"Est. reading time\" \/>\n\t<meta name=\"twitter:data1\" content=\"1 minute\" \/>\n<script type=\"application\/ld+json\" class=\"yoast-schema-graph\">{\"@context\":\"https:\/\/schema.org\",\"@graph\":[{\"@type\":\"WebPage\",\"@id\":\"https:\/\/rozewines.com\/de\/produkt\/ivane-nareklishvili-soehne-weingut-saperavi-qvevri\/\",\"url\":\"https:\/\/rozewines.com\/de\/produkt\/ivane-nareklishvili-soehne-weingut-saperavi-qvevri\/\",\"name\":\"Ivane Nareklishvili & S\u00f6hne Weingut - Saperavi Qvevri 2022 - Roze wines\",\"isPartOf\":{\"@id\":\"https:\/\/rozewines.com\/#website\"},\"primaryImageOfPage\":{\"@id\":\"https:\/\/rozewines.com\/de\/produkt\/ivane-nareklishvili-soehne-weingut-saperavi-qvevri\/#primaryimage\"},\"image\":{\"@id\":\"https:\/\/rozewines.com\/de\/produkt\/ivane-nareklishvili-soehne-weingut-saperavi-qvevri\/#primaryimage\"},\"thumbnailUrl\":\"https:\/\/rozewines.com\/app\/uploads\/2024\/05\/Ivane-Nareklishvili-Sons-Winery-Saperavi-Qvevri-scaled.jpg\",\"datePublished\":\"2024-05-09T00:20:22+00:00\",\"dateModified\":\"2025-10-21T11:59:56+00:00\",\"breadcrumb\":{\"@id\":\"https:\/\/rozewines.com\/de\/produkt\/ivane-nareklishvili-soehne-weingut-saperavi-qvevri\/#breadcrumb\"},\"inLanguage\":\"de-DE\",\"potentialAction\":[{\"@type\":\"ReadAction\",\"target\":[\"https:\/\/rozewines.com\/de\/produkt\/ivane-nareklishvili-soehne-weingut-saperavi-qvevri\/\"]}]},{\"@type\":\"ImageObject\",\"inLanguage\":\"de-DE\",\"@id\":\"https:\/\/rozewines.com\/de\/produkt\/ivane-nareklishvili-soehne-weingut-saperavi-qvevri\/#primaryimage\",\"url\":\"https:\/\/rozewines.com\/app\/uploads\/2024\/05\/Ivane-Nareklishvili-Sons-Winery-Saperavi-Qvevri-scaled.jpg\",\"contentUrl\":\"https:\/\/rozewines.com\/app\/uploads\/2024\/05\/Ivane-Nareklishvili-Sons-Winery-Saperavi-Qvevri-scaled.jpg\",\"width\":2560,\"height\":2560},{\"@type\":\"BreadcrumbList\",\"@id\":\"https:\/\/rozewines.com\/de\/produkt\/ivane-nareklishvili-soehne-weingut-saperavi-qvevri\/#breadcrumb\",\"itemListElement\":[{\"@type\":\"ListItem\",\"position\":1,\"name\":\"Home\",\"item\":\"https:\/\/rozewines.com\/de\/\"},{\"@type\":\"ListItem\",\"position\":2,\"name\":\"Unsere Weine\",\"item\":\"https:\/\/rozewines.com\/de\/musu-vins\/\"},{\"@type\":\"ListItem\",\"position\":3,\"name\":\"Ivane Nareklishvili &#038; S\u00f6hne Weingut &#8211; Saperavi Qvevri 2022\"}]},{\"@type\":\"WebSite\",\"@id\":\"https:\/\/rozewines.com\/#website\",\"url\":\"https:\/\/rozewines.com\/\",\"name\":\"Roze wines\",\"description\":\"\",\"publisher\":{\"@id\":\"https:\/\/rozewines.com\/#organization\"},\"potentialAction\":[{\"@type\":\"SearchAction\",\"target\":{\"@type\":\"EntryPoint\",\"urlTemplate\":\"https:\/\/rozewines.com\/?s={search_term_string}\"},\"query-input\":\"required name=search_term_string\"}],\"inLanguage\":\"de-DE\"},{\"@type\":\"Organization\",\"@id\":\"https:\/\/rozewines.com\/#organization\",\"name\":\"Roze wines\",\"url\":\"https:\/\/rozewines.com\/\",\"logo\":{\"@type\":\"ImageObject\",\"inLanguage\":\"de-DE\",\"@id\":\"https:\/\/rozewines.com\/#\/schema\/logo\/image\/\",\"url\":\"https:\/\/rozewines.com\/app\/uploads\/2024\/05\/logo.svg\",\"contentUrl\":\"https:\/\/rozewines.com\/app\/uploads\/2024\/05\/logo.svg\",\"width\":144,\"height\":68,\"caption\":\"Roze wines\"},\"image\":{\"@id\":\"https:\/\/rozewines.com\/#\/schema\/logo\/image\/\"}}]}<\/script>\n<!-- \/ Yoast SEO plugin. -->","yoast_head_json":{"title":"Ivane Nareklishvili & S\u00f6hne Weingut - Saperavi Qvevri 2022 - Roze wines","robots":{"index":"index","follow":"follow","max-snippet":"max-snippet:-1","max-image-preview":"max-image-preview:large","max-video-preview":"max-video-preview:-1"},"canonical":"https:\/\/rozewines.com\/de\/produkt\/ivane-nareklishvili-soehne-weingut-saperavi-qvevri\/","og_locale":"de_DE","og_type":"article","og_title":"Ivane Nareklishvili & S\u00f6hne Weingut - Saperavi Qvevri 2022 - Roze wines","og_description":"Ivane Nareklishvili &#038; S\u00f6hne Weingut \u2013 Saperavi Qvevri, ein kr\u00e4ftiger roter Qvevri-Wein, der die Essenz der georgischen Weinbautradition verk\u00f6rpert. Dieser vollmundige Wein strotzt nur so vor wilden und lebendigen Aromen und spiegelt das reiche Terroir der Region wider. Verlockende Aromen von reifen schwarzen Johannisbeeren, saftigen Blaubeeren, dezentem Leder und erdiger, feuchter Wolle mit seinem intensiven &hellip; Continued","og_url":"https:\/\/rozewines.com\/de\/produkt\/ivane-nareklishvili-soehne-weingut-saperavi-qvevri\/","og_site_name":"Roze wines","article_modified_time":"2025-10-21T11:59:56+00:00","og_image":[{"width":2560,"height":2560,"url":"https:\/\/rozewines.com\/app\/uploads\/2024\/05\/Ivane-Nareklishvili-Sons-Winery-Saperavi-Qvevri-scaled.jpg","type":"image\/jpeg"}],"twitter_card":"summary_large_image","twitter_misc":{"Est. reading time":"1 minute"},"schema":{"@context":"https:\/\/schema.org","@graph":[{"@type":"WebPage","@id":"https:\/\/rozewines.com\/de\/produkt\/ivane-nareklishvili-soehne-weingut-saperavi-qvevri\/","url":"https:\/\/rozewines.com\/de\/produkt\/ivane-nareklishvili-soehne-weingut-saperavi-qvevri\/","name":"Ivane Nareklishvili & S\u00f6hne Weingut - Saperavi Qvevri 2022 - Roze wines","isPartOf":{"@id":"https:\/\/rozewines.com\/#website"},"primaryImageOfPage":{"@id":"https:\/\/rozewines.com\/de\/produkt\/ivane-nareklishvili-soehne-weingut-saperavi-qvevri\/#primaryimage"},"image":{"@id":"https:\/\/rozewines.com\/de\/produkt\/ivane-nareklishvili-soehne-weingut-saperavi-qvevri\/#primaryimage"},"thumbnailUrl":"https:\/\/rozewines.com\/app\/uploads\/2024\/05\/Ivane-Nareklishvili-Sons-Winery-Saperavi-Qvevri-scaled.jpg","datePublished":"2024-05-09T00:20:22+00:00","dateModified":"2025-10-21T11:59:56+00:00","breadcrumb":{"@id":"https:\/\/rozewines.com\/de\/produkt\/ivane-nareklishvili-soehne-weingut-saperavi-qvevri\/#breadcrumb"},"inLanguage":"de-DE","potentialAction":[{"@type":"ReadAction","target":["https:\/\/rozewines.com\/de\/produkt\/ivane-nareklishvili-soehne-weingut-saperavi-qvevri\/"]}]},{"@type":"ImageObject","inLanguage":"de-DE","@id":"https:\/\/rozewines.com\/de\/produkt\/ivane-nareklishvili-soehne-weingut-saperavi-qvevri\/#primaryimage","url":"https:\/\/rozewines.com\/app\/uploads\/2024\/05\/Ivane-Nareklishvili-Sons-Winery-Saperavi-Qvevri-scaled.jpg","contentUrl":"https:\/\/rozewines.com\/app\/uploads\/2024\/05\/Ivane-Nareklishvili-Sons-Winery-Saperavi-Qvevri-scaled.jpg","width":2560,"height":2560},{"@type":"BreadcrumbList","@id":"https:\/\/rozewines.com\/de\/produkt\/ivane-nareklishvili-soehne-weingut-saperavi-qvevri\/#breadcrumb","itemListElement":[{"@type":"ListItem","position":1,"name":"Home","item":"https:\/\/rozewines.com\/de\/"},{"@type":"ListItem","position":2,"name":"Unsere Weine","item":"https:\/\/rozewines.com\/de\/musu-vins\/"},{"@type":"ListItem","position":3,"name":"Ivane Nareklishvili &#038; S\u00f6hne Weingut &#8211; Saperavi Qvevri 2022"}]},{"@type":"WebSite","@id":"https:\/\/rozewines.com\/#website","url":"https:\/\/rozewines.com\/","name":"Roze wines","description":"","publisher":{"@id":"https:\/\/rozewines.com\/#organization"},"potentialAction":[{"@type":"SearchAction","target":{"@type":"EntryPoint","urlTemplate":"https:\/\/rozewines.com\/?s={search_term_string}"},"query-input":"required name=search_term_string"}],"inLanguage":"de-DE"},{"@type":"Organization","@id":"https:\/\/rozewines.com\/#organization","name":"Roze wines","url":"https:\/\/rozewines.com\/","logo":{"@type":"ImageObject","inLanguage":"de-DE","@id":"https:\/\/rozewines.com\/#\/schema\/logo\/image\/","url":"https:\/\/rozewines.com\/app\/uploads\/2024\/05\/logo.svg","contentUrl":"https:\/\/rozewines.com\/app\/uploads\/2024\/05\/logo.svg","width":144,"height":68,"caption":"Roze wines"},"image":{"@id":"https:\/\/rozewines.com\/#\/schema\/logo\/image\/"}}]}},"_links":{"self":[{"href":"https:\/\/rozewines.com\/de\/wp-json\/wp\/v2\/product\/3270"}],"collection":[{"href":"https:\/\/rozewines.com\/de\/wp-json\/wp\/v2\/product"}],"about":[{"href":"https:\/\/rozewines.com\/de\/wp-json\/wp\/v2\/types\/product"}],"replies":[{"embeddable":true,"href":"https:\/\/rozewines.com\/de\/wp-json\/wp\/v2\/comments?post=3270"}],"wp:featuredmedia":[{"embeddable":true,"href":"https:\/\/rozewines.com\/de\/wp-json\/wp\/v2\/media\/3583"}],"wp:attachment":[{"href":"https:\/\/rozewines.com\/de\/wp-json\/wp\/v2\/media?parent=3270"}],"wp:term":[{"taxonomy":"brand","embeddable":true,"href":"https:\/\/rozewines.com\/de\/wp-json\/wp\/v2\/brand?post=3270"},{"taxonomy":"colour","embeddable":true,"href":"https:\/\/rozewines.com\/de\/wp-json\/wp\/v2\/colour?post=3270"},{"taxonomy":"flavour","embeddable":true,"href":"https:\/\/rozewines.com\/de\/wp-json\/wp\/v2\/flavour?post=3270"},{"taxonomy":"grape-variety","embeddable":true,"href":"https:\/\/rozewines.com\/de\/wp-json\/wp\/v2\/grape-variety?post=3270"},{"taxonomy":"harvest-year","embeddable":true,"href":"https:\/\/rozewines.com\/de\/wp-json\/wp\/v2\/harvest-year?post=3270"},{"taxonomy":"region","embeddable":true,"href":"https:\/\/rozewines.com\/de\/wp-json\/wp\/v2\/region?post=3270"},{"taxonomy":"size","embeddable":true,"href":"https:\/\/rozewines.com\/de\/wp-json\/wp\/v2\/size?post=3270"},{"taxonomy":"style","embeddable":true,"href":"https:\/\/rozewines.com\/de\/wp-json\/wp\/v2\/style?post=3270"},{"taxonomy":"technology","embeddable":true,"href":"https:\/\/rozewines.com\/de\/wp-json\/wp\/v2\/technology?post=3270"},{"taxonomy":"product_cat","embeddable":true,"href":"https:\/\/rozewines.com\/de\/wp-json\/wp\/v2\/product_cat?post=3270"},{"taxonomy":"product_tag","embeddable":true,"href":"https:\/\/rozewines.com\/de\/wp-json\/wp\/v2\/product_tag?post=3270"}],"curies":[{"name":"wp","href":"https:\/\/api.w.org\/{rel}","templated":true}]}}