{"id":3271,"date":"2024-05-09T00:20:22","date_gmt":"2024-05-09T00:20:22","guid":{"rendered":"https:\/\/rozewines.com\/product\/kirke-saperavi-2021\/"},"modified":"2025-10-21T11:58:29","modified_gmt":"2025-10-21T11:58:29","slug":"kirke-saperavi-2021","status":"publish","type":"product","link":"https:\/\/rozewines.com\/de\/produkt\/kirke-saperavi-2021\/","title":{"rendered":"Kirke &#8211; Saperavi 2022"},"content":{"rendered":"<p>Kirke &#8211; Saperavi 2021, ein Wein, der die perfekte Harmonie von Intensit\u00e4t und Energie verk\u00f6rpert. Dieser mittelkr\u00e4ftige Jahrgang besticht durch Aromen von reifen Brombeeren, samtigen schwarzen Pflaumen, dezenten Zimtnoten und der erfrischenden Essenz von schwarzen Johannisbeerbl\u00e4ttern. Mit seinem dynamischen Profil steht der Wein f\u00fcr hohe Wirkung, komplexe Tannine und eine tolle S\u00e4ure, die lange anh\u00e4lt.<\/p>\n","protected":false},"excerpt":{"rendered":"<p>Kirke &#8211; Saperavi 2021, ein Wein, der die perfekte Harmonie von Intensit\u00e4t und Energie verk\u00f6rpert. Dieser mittelkr\u00e4ftige Jahrgang besticht durch Aromen von reifen Brombeeren, samtigen schwarzen Pflaumen, dezenten Zimtnoten und der erfrischenden Essenz von schwarzen Johannisbeerbl\u00e4ttern. Mit seinem dynamischen Profil steht der Wein f\u00fcr hohe Wirkung, komplexe Tannine und eine tolle S\u00e4ure, die lange anh\u00e4lt.<\/p>\n","protected":false},"featured_media":703,"comment_status":"closed","ping_status":"closed","template":"","meta":{"_acf_changed":false},"brand":[1800],"colour":[1140],"flavour":[1002,1000,1013],"grape-variety":[1283],"harvest-year":[1158],"region":[1294],"size":[1598],"style":[1271],"technology":[1116],"product_cat":[1382],"product_tag":[],"ams_default_variation_id":0,"ams_product_points_reward":[],"ams_product_discount_percentage":0,"ams_price_to_display":14.2,"acf":[],"ams_acf":[{"key":"food_pairings","label":"Food pairings","value":"Gegrilltes H\u00e4hnchen mit Brombeerglasur, Hamburger"},{"key":"alcohol_percentage","label":"Alcohol percentage","value":"12,5%"},{"key":"details","label":"Details","value":{"":null,"acidity":"4","body":"3","sweetness":"0","tannin":"2"}},{"key":"zero_sulfites","label":"Zero sulfites","value":false}],"yoast_head":"<!-- This site is optimized with the Yoast SEO plugin v22.6 - https:\/\/yoast.com\/wordpress\/plugins\/seo\/ -->\n<title>Kirke - Saperavi 2022 - Roze wines<\/title>\n<meta name=\"robots\" content=\"index, follow, max-snippet:-1, max-image-preview:large, max-video-preview:-1\" \/>\n<link rel=\"canonical\" href=\"https:\/\/rozewines.com\/de\/produkt\/kirke-saperavi-2021\/\" \/>\n<meta property=\"og:locale\" content=\"de_DE\" \/>\n<meta property=\"og:type\" content=\"article\" \/>\n<meta property=\"og:title\" content=\"Kirke - Saperavi 2022 - Roze wines\" \/>\n<meta property=\"og:description\" content=\"Kirke &#8211; Saperavi 2021, ein Wein, der die perfekte Harmonie von Intensit\u00e4t und Energie verk\u00f6rpert. Dieser mittelkr\u00e4ftige Jahrgang besticht durch Aromen von reifen Brombeeren, samtigen schwarzen Pflaumen, dezenten Zimtnoten und der erfrischenden Essenz von schwarzen Johannisbeerbl\u00e4ttern. Mit seinem dynamischen Profil steht der Wein f\u00fcr hohe Wirkung, komplexe Tannine und eine tolle S\u00e4ure, die lange anh\u00e4lt.\" \/>\n<meta property=\"og:url\" content=\"https:\/\/rozewines.com\/de\/produkt\/kirke-saperavi-2021\/\" \/>\n<meta property=\"og:site_name\" content=\"Roze wines\" \/>\n<meta property=\"article:modified_time\" content=\"2025-10-21T11:58:29+00:00\" \/>\n<meta property=\"og:image\" content=\"https:\/\/rozewines.com\/app\/uploads\/2024\/04\/Kirke-Saperavi-2021.jpg\" \/>\n\t<meta property=\"og:image:width\" content=\"2160\" \/>\n\t<meta property=\"og:image:height\" content=\"2160\" \/>\n\t<meta property=\"og:image:type\" content=\"image\/jpeg\" \/>\n<meta name=\"twitter:card\" content=\"summary_large_image\" \/>\n<meta name=\"twitter:label1\" content=\"Est. reading time\" \/>\n\t<meta name=\"twitter:data1\" content=\"1 minute\" \/>\n<script type=\"application\/ld+json\" class=\"yoast-schema-graph\">{\"@context\":\"https:\/\/schema.org\",\"@graph\":[{\"@type\":\"WebPage\",\"@id\":\"https:\/\/rozewines.com\/de\/produkt\/kirke-saperavi-2021\/\",\"url\":\"https:\/\/rozewines.com\/de\/produkt\/kirke-saperavi-2021\/\",\"name\":\"Kirke - Saperavi 2022 - Roze wines\",\"isPartOf\":{\"@id\":\"https:\/\/rozewines.com\/#website\"},\"primaryImageOfPage\":{\"@id\":\"https:\/\/rozewines.com\/de\/produkt\/kirke-saperavi-2021\/#primaryimage\"},\"image\":{\"@id\":\"https:\/\/rozewines.com\/de\/produkt\/kirke-saperavi-2021\/#primaryimage\"},\"thumbnailUrl\":\"https:\/\/rozewines.com\/app\/uploads\/2024\/04\/Kirke-Saperavi-2021.jpg\",\"datePublished\":\"2024-05-09T00:20:22+00:00\",\"dateModified\":\"2025-10-21T11:58:29+00:00\",\"breadcrumb\":{\"@id\":\"https:\/\/rozewines.com\/de\/produkt\/kirke-saperavi-2021\/#breadcrumb\"},\"inLanguage\":\"de-DE\",\"potentialAction\":[{\"@type\":\"ReadAction\",\"target\":[\"https:\/\/rozewines.com\/de\/produkt\/kirke-saperavi-2021\/\"]}]},{\"@type\":\"ImageObject\",\"inLanguage\":\"de-DE\",\"@id\":\"https:\/\/rozewines.com\/de\/produkt\/kirke-saperavi-2021\/#primaryimage\",\"url\":\"https:\/\/rozewines.com\/app\/uploads\/2024\/04\/Kirke-Saperavi-2021.jpg\",\"contentUrl\":\"https:\/\/rozewines.com\/app\/uploads\/2024\/04\/Kirke-Saperavi-2021.jpg\",\"width\":2160,\"height\":2160},{\"@type\":\"BreadcrumbList\",\"@id\":\"https:\/\/rozewines.com\/de\/produkt\/kirke-saperavi-2021\/#breadcrumb\",\"itemListElement\":[{\"@type\":\"ListItem\",\"position\":1,\"name\":\"Home\",\"item\":\"https:\/\/rozewines.com\/de\/\"},{\"@type\":\"ListItem\",\"position\":2,\"name\":\"Unsere Weine\",\"item\":\"https:\/\/rozewines.com\/de\/musu-vins\/\"},{\"@type\":\"ListItem\",\"position\":3,\"name\":\"Kirke &#8211; Saperavi 2022\"}]},{\"@type\":\"WebSite\",\"@id\":\"https:\/\/rozewines.com\/#website\",\"url\":\"https:\/\/rozewines.com\/\",\"name\":\"Roze wines\",\"description\":\"\",\"publisher\":{\"@id\":\"https:\/\/rozewines.com\/#organization\"},\"potentialAction\":[{\"@type\":\"SearchAction\",\"target\":{\"@type\":\"EntryPoint\",\"urlTemplate\":\"https:\/\/rozewines.com\/?s={search_term_string}\"},\"query-input\":\"required name=search_term_string\"}],\"inLanguage\":\"de-DE\"},{\"@type\":\"Organization\",\"@id\":\"https:\/\/rozewines.com\/#organization\",\"name\":\"Roze wines\",\"url\":\"https:\/\/rozewines.com\/\",\"logo\":{\"@type\":\"ImageObject\",\"inLanguage\":\"de-DE\",\"@id\":\"https:\/\/rozewines.com\/#\/schema\/logo\/image\/\",\"url\":\"https:\/\/rozewines.com\/app\/uploads\/2024\/05\/logo.svg\",\"contentUrl\":\"https:\/\/rozewines.com\/app\/uploads\/2024\/05\/logo.svg\",\"width\":144,\"height\":68,\"caption\":\"Roze wines\"},\"image\":{\"@id\":\"https:\/\/rozewines.com\/#\/schema\/logo\/image\/\"}}]}<\/script>\n<!-- \/ Yoast SEO plugin. -->","yoast_head_json":{"title":"Kirke - Saperavi 2022 - Roze wines","robots":{"index":"index","follow":"follow","max-snippet":"max-snippet:-1","max-image-preview":"max-image-preview:large","max-video-preview":"max-video-preview:-1"},"canonical":"https:\/\/rozewines.com\/de\/produkt\/kirke-saperavi-2021\/","og_locale":"de_DE","og_type":"article","og_title":"Kirke - Saperavi 2022 - Roze wines","og_description":"Kirke &#8211; Saperavi 2021, ein Wein, der die perfekte Harmonie von Intensit\u00e4t und Energie verk\u00f6rpert. Dieser mittelkr\u00e4ftige Jahrgang besticht durch Aromen von reifen Brombeeren, samtigen schwarzen Pflaumen, dezenten Zimtnoten und der erfrischenden Essenz von schwarzen Johannisbeerbl\u00e4ttern. Mit seinem dynamischen Profil steht der Wein f\u00fcr hohe Wirkung, komplexe Tannine und eine tolle S\u00e4ure, die lange anh\u00e4lt.","og_url":"https:\/\/rozewines.com\/de\/produkt\/kirke-saperavi-2021\/","og_site_name":"Roze wines","article_modified_time":"2025-10-21T11:58:29+00:00","og_image":[{"width":2160,"height":2160,"url":"https:\/\/rozewines.com\/app\/uploads\/2024\/04\/Kirke-Saperavi-2021.jpg","type":"image\/jpeg"}],"twitter_card":"summary_large_image","twitter_misc":{"Est. reading time":"1 minute"},"schema":{"@context":"https:\/\/schema.org","@graph":[{"@type":"WebPage","@id":"https:\/\/rozewines.com\/de\/produkt\/kirke-saperavi-2021\/","url":"https:\/\/rozewines.com\/de\/produkt\/kirke-saperavi-2021\/","name":"Kirke - Saperavi 2022 - Roze wines","isPartOf":{"@id":"https:\/\/rozewines.com\/#website"},"primaryImageOfPage":{"@id":"https:\/\/rozewines.com\/de\/produkt\/kirke-saperavi-2021\/#primaryimage"},"image":{"@id":"https:\/\/rozewines.com\/de\/produkt\/kirke-saperavi-2021\/#primaryimage"},"thumbnailUrl":"https:\/\/rozewines.com\/app\/uploads\/2024\/04\/Kirke-Saperavi-2021.jpg","datePublished":"2024-05-09T00:20:22+00:00","dateModified":"2025-10-21T11:58:29+00:00","breadcrumb":{"@id":"https:\/\/rozewines.com\/de\/produkt\/kirke-saperavi-2021\/#breadcrumb"},"inLanguage":"de-DE","potentialAction":[{"@type":"ReadAction","target":["https:\/\/rozewines.com\/de\/produkt\/kirke-saperavi-2021\/"]}]},{"@type":"ImageObject","inLanguage":"de-DE","@id":"https:\/\/rozewines.com\/de\/produkt\/kirke-saperavi-2021\/#primaryimage","url":"https:\/\/rozewines.com\/app\/uploads\/2024\/04\/Kirke-Saperavi-2021.jpg","contentUrl":"https:\/\/rozewines.com\/app\/uploads\/2024\/04\/Kirke-Saperavi-2021.jpg","width":2160,"height":2160},{"@type":"BreadcrumbList","@id":"https:\/\/rozewines.com\/de\/produkt\/kirke-saperavi-2021\/#breadcrumb","itemListElement":[{"@type":"ListItem","position":1,"name":"Home","item":"https:\/\/rozewines.com\/de\/"},{"@type":"ListItem","position":2,"name":"Unsere Weine","item":"https:\/\/rozewines.com\/de\/musu-vins\/"},{"@type":"ListItem","position":3,"name":"Kirke &#8211; Saperavi 2022"}]},{"@type":"WebSite","@id":"https:\/\/rozewines.com\/#website","url":"https:\/\/rozewines.com\/","name":"Roze wines","description":"","publisher":{"@id":"https:\/\/rozewines.com\/#organization"},"potentialAction":[{"@type":"SearchAction","target":{"@type":"EntryPoint","urlTemplate":"https:\/\/rozewines.com\/?s={search_term_string}"},"query-input":"required name=search_term_string"}],"inLanguage":"de-DE"},{"@type":"Organization","@id":"https:\/\/rozewines.com\/#organization","name":"Roze wines","url":"https:\/\/rozewines.com\/","logo":{"@type":"ImageObject","inLanguage":"de-DE","@id":"https:\/\/rozewines.com\/#\/schema\/logo\/image\/","url":"https:\/\/rozewines.com\/app\/uploads\/2024\/05\/logo.svg","contentUrl":"https:\/\/rozewines.com\/app\/uploads\/2024\/05\/logo.svg","width":144,"height":68,"caption":"Roze wines"},"image":{"@id":"https:\/\/rozewines.com\/#\/schema\/logo\/image\/"}}]}},"_links":{"self":[{"href":"https:\/\/rozewines.com\/de\/wp-json\/wp\/v2\/product\/3271"}],"collection":[{"href":"https:\/\/rozewines.com\/de\/wp-json\/wp\/v2\/product"}],"about":[{"href":"https:\/\/rozewines.com\/de\/wp-json\/wp\/v2\/types\/product"}],"replies":[{"embeddable":true,"href":"https:\/\/rozewines.com\/de\/wp-json\/wp\/v2\/comments?post=3271"}],"wp:featuredmedia":[{"embeddable":true,"href":"https:\/\/rozewines.com\/de\/wp-json\/wp\/v2\/media\/703"}],"wp:attachment":[{"href":"https:\/\/rozewines.com\/de\/wp-json\/wp\/v2\/media?parent=3271"}],"wp:term":[{"taxonomy":"brand","embeddable":true,"href":"https:\/\/rozewines.com\/de\/wp-json\/wp\/v2\/brand?post=3271"},{"taxonomy":"colour","embeddable":true,"href":"https:\/\/rozewines.com\/de\/wp-json\/wp\/v2\/colour?post=3271"},{"taxonomy":"flavour","embeddable":true,"href":"https:\/\/rozewines.com\/de\/wp-json\/wp\/v2\/flavour?post=3271"},{"taxonomy":"grape-variety","embeddable":true,"href":"https:\/\/rozewines.com\/de\/wp-json\/wp\/v2\/grape-variety?post=3271"},{"taxonomy":"harvest-year","embeddable":true,"href":"https:\/\/rozewines.com\/de\/wp-json\/wp\/v2\/harvest-year?post=3271"},{"taxonomy":"region","embeddable":true,"href":"https:\/\/rozewines.com\/de\/wp-json\/wp\/v2\/region?post=3271"},{"taxonomy":"size","embeddable":true,"href":"https:\/\/rozewines.com\/de\/wp-json\/wp\/v2\/size?post=3271"},{"taxonomy":"style","embeddable":true,"href":"https:\/\/rozewines.com\/de\/wp-json\/wp\/v2\/style?post=3271"},{"taxonomy":"technology","embeddable":true,"href":"https:\/\/rozewines.com\/de\/wp-json\/wp\/v2\/technology?post=3271"},{"taxonomy":"product_cat","embeddable":true,"href":"https:\/\/rozewines.com\/de\/wp-json\/wp\/v2\/product_cat?post=3271"},{"taxonomy":"product_tag","embeddable":true,"href":"https:\/\/rozewines.com\/de\/wp-json\/wp\/v2\/product_tag?post=3271"}],"curies":[{"name":"wp","href":"https:\/\/api.w.org\/{rel}","templated":true}]}}