{"id":3274,"date":"2024-05-09T00:20:22","date_gmt":"2024-05-09T00:20:22","guid":{"rendered":"https:\/\/rozewines.com\/product\/marbano-saperavi-reserve-2018\/"},"modified":"2024-08-14T09:03:56","modified_gmt":"2024-08-14T09:03:56","slug":"marbano-saperavi-reserve-2018","status":"publish","type":"product","link":"https:\/\/rozewines.com\/de\/produkt\/marbano-saperavi-reserve-2018\/","title":{"rendered":"Marbano &#8211; Saperavi Reserve 2018"},"content":{"rendered":"<p>Marbano \u2013 Saperavi Reserve 2018, ein herausragender Jahrgang des renommierten Weinguts Marbano, der aus alten Weinbergen stammt, die dem Wein einen au\u00dfergew\u00f6hnlichen Charakter verleihen. Dieses vollmundige Juwel verspr\u00fcht mit jedem Schluck Eleganz. Tauchen Sie ein in die verlockenden Aromen von reifen schwarzen Pflaumen, Brombeeren, erdigen Untert\u00f6nen und Schokoladennoten. Mit seiner bemerkenswerten Tiefe und Komplexit\u00e4t verspricht der Wein ein Weinerlebnis, das sowohl luxuri\u00f6s als auch unvergesslich ist, perfekt f\u00fcr alle, die in jedem Glas Raffinesse und Raffinesse suchen.<\/p>\n","protected":false},"excerpt":{"rendered":"<p>Marbano \u2013 Saperavi Reserve 2018, ein herausragender Jahrgang des renommierten Weinguts Marbano, der aus alten Weinbergen stammt, die dem Wein einen au\u00dfergew\u00f6hnlichen Charakter verleihen. Dieses vollmundige Juwel verspr\u00fcht mit jedem Schluck Eleganz. Tauchen Sie ein in die verlockenden Aromen von reifen schwarzen Pflaumen, Brombeeren, erdigen Untert\u00f6nen und Schokoladennoten. Mit seiner bemerkenswerten Tiefe und Komplexit\u00e4t verspricht &hellip; <a href=\"https:\/\/rozewines.com\/de\/produkt\/marbano-saperavi-reserve-2018\/\">Continued<\/a><\/p>\n","protected":false},"featured_media":743,"comment_status":"closed","ping_status":"closed","template":"","meta":{"_acf_changed":false},"brand":[1778],"colour":[1140],"flavour":[1002,1027,1000],"grape-variety":[1283],"harvest-year":[1145],"region":[1297],"size":[1598],"style":[1271],"technology":[1116],"product_cat":[1382],"product_tag":[],"ams_default_variation_id":0,"ams_product_points_reward":[],"ams_product_discount_percentage":0,"ams_price_to_display":56,"acf":[],"ams_acf":[{"key":"food_pairings","label":"Food pairings","value":"Jamon iberico, Black Angus Steak"},{"key":"alcohol_percentage","label":"Alcohol percentage","value":"15%"}],"yoast_head":"<!-- This site is optimized with the Yoast SEO plugin v22.6 - https:\/\/yoast.com\/wordpress\/plugins\/seo\/ -->\n<title>Marbano - Saperavi Reserve 2018 - Roze wines<\/title>\n<meta name=\"robots\" content=\"index, follow, max-snippet:-1, max-image-preview:large, max-video-preview:-1\" \/>\n<link rel=\"canonical\" href=\"https:\/\/rozewines.com\/de\/produkt\/marbano-saperavi-reserve-2018\/\" \/>\n<meta property=\"og:locale\" content=\"de_DE\" \/>\n<meta property=\"og:type\" content=\"article\" \/>\n<meta property=\"og:title\" content=\"Marbano - Saperavi Reserve 2018 - Roze wines\" \/>\n<meta property=\"og:description\" content=\"Marbano \u2013 Saperavi Reserve 2018, ein herausragender Jahrgang des renommierten Weinguts Marbano, der aus alten Weinbergen stammt, die dem Wein einen au\u00dfergew\u00f6hnlichen Charakter verleihen. Dieses vollmundige Juwel verspr\u00fcht mit jedem Schluck Eleganz. Tauchen Sie ein in die verlockenden Aromen von reifen schwarzen Pflaumen, Brombeeren, erdigen Untert\u00f6nen und Schokoladennoten. Mit seiner bemerkenswerten Tiefe und Komplexit\u00e4t verspricht &hellip; Continued\" \/>\n<meta property=\"og:url\" content=\"https:\/\/rozewines.com\/de\/produkt\/marbano-saperavi-reserve-2018\/\" \/>\n<meta property=\"og:site_name\" content=\"Roze wines\" \/>\n<meta property=\"article:modified_time\" content=\"2024-08-14T09:03:56+00:00\" \/>\n<meta property=\"og:image\" content=\"https:\/\/rozewines.com\/app\/uploads\/2024\/04\/Marbano-Saperavi-Reserve-2018.jpg\" \/>\n\t<meta property=\"og:image:width\" content=\"2160\" \/>\n\t<meta property=\"og:image:height\" content=\"2160\" \/>\n\t<meta property=\"og:image:type\" content=\"image\/jpeg\" \/>\n<meta name=\"twitter:card\" content=\"summary_large_image\" \/>\n<script type=\"application\/ld+json\" class=\"yoast-schema-graph\">{\"@context\":\"https:\/\/schema.org\",\"@graph\":[{\"@type\":\"WebPage\",\"@id\":\"https:\/\/rozewines.com\/de\/produkt\/marbano-saperavi-reserve-2018\/\",\"url\":\"https:\/\/rozewines.com\/de\/produkt\/marbano-saperavi-reserve-2018\/\",\"name\":\"Marbano - Saperavi Reserve 2018 - Roze wines\",\"isPartOf\":{\"@id\":\"https:\/\/rozewines.com\/#website\"},\"primaryImageOfPage\":{\"@id\":\"https:\/\/rozewines.com\/de\/produkt\/marbano-saperavi-reserve-2018\/#primaryimage\"},\"image\":{\"@id\":\"https:\/\/rozewines.com\/de\/produkt\/marbano-saperavi-reserve-2018\/#primaryimage\"},\"thumbnailUrl\":\"https:\/\/rozewines.com\/app\/uploads\/2024\/04\/Marbano-Saperavi-Reserve-2018.jpg\",\"datePublished\":\"2024-05-09T00:20:22+00:00\",\"dateModified\":\"2024-08-14T09:03:56+00:00\",\"breadcrumb\":{\"@id\":\"https:\/\/rozewines.com\/de\/produkt\/marbano-saperavi-reserve-2018\/#breadcrumb\"},\"inLanguage\":\"de-DE\",\"potentialAction\":[{\"@type\":\"ReadAction\",\"target\":[\"https:\/\/rozewines.com\/de\/produkt\/marbano-saperavi-reserve-2018\/\"]}]},{\"@type\":\"ImageObject\",\"inLanguage\":\"de-DE\",\"@id\":\"https:\/\/rozewines.com\/de\/produkt\/marbano-saperavi-reserve-2018\/#primaryimage\",\"url\":\"https:\/\/rozewines.com\/app\/uploads\/2024\/04\/Marbano-Saperavi-Reserve-2018.jpg\",\"contentUrl\":\"https:\/\/rozewines.com\/app\/uploads\/2024\/04\/Marbano-Saperavi-Reserve-2018.jpg\",\"width\":2160,\"height\":2160},{\"@type\":\"BreadcrumbList\",\"@id\":\"https:\/\/rozewines.com\/de\/produkt\/marbano-saperavi-reserve-2018\/#breadcrumb\",\"itemListElement\":[{\"@type\":\"ListItem\",\"position\":1,\"name\":\"Home\",\"item\":\"https:\/\/rozewines.com\/de\/\"},{\"@type\":\"ListItem\",\"position\":2,\"name\":\"Unsere Weine\",\"item\":\"https:\/\/rozewines.com\/de\/musu-vins\/\"},{\"@type\":\"ListItem\",\"position\":3,\"name\":\"Marbano &#8211; Saperavi Reserve 2018\"}]},{\"@type\":\"WebSite\",\"@id\":\"https:\/\/rozewines.com\/#website\",\"url\":\"https:\/\/rozewines.com\/\",\"name\":\"Roze wines\",\"description\":\"\",\"publisher\":{\"@id\":\"https:\/\/rozewines.com\/#organization\"},\"potentialAction\":[{\"@type\":\"SearchAction\",\"target\":{\"@type\":\"EntryPoint\",\"urlTemplate\":\"https:\/\/rozewines.com\/?s={search_term_string}\"},\"query-input\":\"required name=search_term_string\"}],\"inLanguage\":\"de-DE\"},{\"@type\":\"Organization\",\"@id\":\"https:\/\/rozewines.com\/#organization\",\"name\":\"Roze wines\",\"url\":\"https:\/\/rozewines.com\/\",\"logo\":{\"@type\":\"ImageObject\",\"inLanguage\":\"de-DE\",\"@id\":\"https:\/\/rozewines.com\/#\/schema\/logo\/image\/\",\"url\":\"https:\/\/rozewines.com\/app\/uploads\/2024\/05\/logo.svg\",\"contentUrl\":\"https:\/\/rozewines.com\/app\/uploads\/2024\/05\/logo.svg\",\"width\":144,\"height\":68,\"caption\":\"Roze wines\"},\"image\":{\"@id\":\"https:\/\/rozewines.com\/#\/schema\/logo\/image\/\"}}]}<\/script>\n<!-- \/ Yoast SEO plugin. -->","yoast_head_json":{"title":"Marbano - Saperavi Reserve 2018 - Roze wines","robots":{"index":"index","follow":"follow","max-snippet":"max-snippet:-1","max-image-preview":"max-image-preview:large","max-video-preview":"max-video-preview:-1"},"canonical":"https:\/\/rozewines.com\/de\/produkt\/marbano-saperavi-reserve-2018\/","og_locale":"de_DE","og_type":"article","og_title":"Marbano - Saperavi Reserve 2018 - Roze wines","og_description":"Marbano \u2013 Saperavi Reserve 2018, ein herausragender Jahrgang des renommierten Weinguts Marbano, der aus alten Weinbergen stammt, die dem Wein einen au\u00dfergew\u00f6hnlichen Charakter verleihen. Dieses vollmundige Juwel verspr\u00fcht mit jedem Schluck Eleganz. Tauchen Sie ein in die verlockenden Aromen von reifen schwarzen Pflaumen, Brombeeren, erdigen Untert\u00f6nen und Schokoladennoten. Mit seiner bemerkenswerten Tiefe und Komplexit\u00e4t verspricht &hellip; Continued","og_url":"https:\/\/rozewines.com\/de\/produkt\/marbano-saperavi-reserve-2018\/","og_site_name":"Roze wines","article_modified_time":"2024-08-14T09:03:56+00:00","og_image":[{"width":2160,"height":2160,"url":"https:\/\/rozewines.com\/app\/uploads\/2024\/04\/Marbano-Saperavi-Reserve-2018.jpg","type":"image\/jpeg"}],"twitter_card":"summary_large_image","schema":{"@context":"https:\/\/schema.org","@graph":[{"@type":"WebPage","@id":"https:\/\/rozewines.com\/de\/produkt\/marbano-saperavi-reserve-2018\/","url":"https:\/\/rozewines.com\/de\/produkt\/marbano-saperavi-reserve-2018\/","name":"Marbano - Saperavi Reserve 2018 - Roze wines","isPartOf":{"@id":"https:\/\/rozewines.com\/#website"},"primaryImageOfPage":{"@id":"https:\/\/rozewines.com\/de\/produkt\/marbano-saperavi-reserve-2018\/#primaryimage"},"image":{"@id":"https:\/\/rozewines.com\/de\/produkt\/marbano-saperavi-reserve-2018\/#primaryimage"},"thumbnailUrl":"https:\/\/rozewines.com\/app\/uploads\/2024\/04\/Marbano-Saperavi-Reserve-2018.jpg","datePublished":"2024-05-09T00:20:22+00:00","dateModified":"2024-08-14T09:03:56+00:00","breadcrumb":{"@id":"https:\/\/rozewines.com\/de\/produkt\/marbano-saperavi-reserve-2018\/#breadcrumb"},"inLanguage":"de-DE","potentialAction":[{"@type":"ReadAction","target":["https:\/\/rozewines.com\/de\/produkt\/marbano-saperavi-reserve-2018\/"]}]},{"@type":"ImageObject","inLanguage":"de-DE","@id":"https:\/\/rozewines.com\/de\/produkt\/marbano-saperavi-reserve-2018\/#primaryimage","url":"https:\/\/rozewines.com\/app\/uploads\/2024\/04\/Marbano-Saperavi-Reserve-2018.jpg","contentUrl":"https:\/\/rozewines.com\/app\/uploads\/2024\/04\/Marbano-Saperavi-Reserve-2018.jpg","width":2160,"height":2160},{"@type":"BreadcrumbList","@id":"https:\/\/rozewines.com\/de\/produkt\/marbano-saperavi-reserve-2018\/#breadcrumb","itemListElement":[{"@type":"ListItem","position":1,"name":"Home","item":"https:\/\/rozewines.com\/de\/"},{"@type":"ListItem","position":2,"name":"Unsere Weine","item":"https:\/\/rozewines.com\/de\/musu-vins\/"},{"@type":"ListItem","position":3,"name":"Marbano &#8211; Saperavi Reserve 2018"}]},{"@type":"WebSite","@id":"https:\/\/rozewines.com\/#website","url":"https:\/\/rozewines.com\/","name":"Roze wines","description":"","publisher":{"@id":"https:\/\/rozewines.com\/#organization"},"potentialAction":[{"@type":"SearchAction","target":{"@type":"EntryPoint","urlTemplate":"https:\/\/rozewines.com\/?s={search_term_string}"},"query-input":"required name=search_term_string"}],"inLanguage":"de-DE"},{"@type":"Organization","@id":"https:\/\/rozewines.com\/#organization","name":"Roze wines","url":"https:\/\/rozewines.com\/","logo":{"@type":"ImageObject","inLanguage":"de-DE","@id":"https:\/\/rozewines.com\/#\/schema\/logo\/image\/","url":"https:\/\/rozewines.com\/app\/uploads\/2024\/05\/logo.svg","contentUrl":"https:\/\/rozewines.com\/app\/uploads\/2024\/05\/logo.svg","width":144,"height":68,"caption":"Roze wines"},"image":{"@id":"https:\/\/rozewines.com\/#\/schema\/logo\/image\/"}}]}},"_links":{"self":[{"href":"https:\/\/rozewines.com\/de\/wp-json\/wp\/v2\/product\/3274"}],"collection":[{"href":"https:\/\/rozewines.com\/de\/wp-json\/wp\/v2\/product"}],"about":[{"href":"https:\/\/rozewines.com\/de\/wp-json\/wp\/v2\/types\/product"}],"replies":[{"embeddable":true,"href":"https:\/\/rozewines.com\/de\/wp-json\/wp\/v2\/comments?post=3274"}],"wp:featuredmedia":[{"embeddable":true,"href":"https:\/\/rozewines.com\/de\/wp-json\/wp\/v2\/media\/743"}],"wp:attachment":[{"href":"https:\/\/rozewines.com\/de\/wp-json\/wp\/v2\/media?parent=3274"}],"wp:term":[{"taxonomy":"brand","embeddable":true,"href":"https:\/\/rozewines.com\/de\/wp-json\/wp\/v2\/brand?post=3274"},{"taxonomy":"colour","embeddable":true,"href":"https:\/\/rozewines.com\/de\/wp-json\/wp\/v2\/colour?post=3274"},{"taxonomy":"flavour","embeddable":true,"href":"https:\/\/rozewines.com\/de\/wp-json\/wp\/v2\/flavour?post=3274"},{"taxonomy":"grape-variety","embeddable":true,"href":"https:\/\/rozewines.com\/de\/wp-json\/wp\/v2\/grape-variety?post=3274"},{"taxonomy":"harvest-year","embeddable":true,"href":"https:\/\/rozewines.com\/de\/wp-json\/wp\/v2\/harvest-year?post=3274"},{"taxonomy":"region","embeddable":true,"href":"https:\/\/rozewines.com\/de\/wp-json\/wp\/v2\/region?post=3274"},{"taxonomy":"size","embeddable":true,"href":"https:\/\/rozewines.com\/de\/wp-json\/wp\/v2\/size?post=3274"},{"taxonomy":"style","embeddable":true,"href":"https:\/\/rozewines.com\/de\/wp-json\/wp\/v2\/style?post=3274"},{"taxonomy":"technology","embeddable":true,"href":"https:\/\/rozewines.com\/de\/wp-json\/wp\/v2\/technology?post=3274"},{"taxonomy":"product_cat","embeddable":true,"href":"https:\/\/rozewines.com\/de\/wp-json\/wp\/v2\/product_cat?post=3274"},{"taxonomy":"product_tag","embeddable":true,"href":"https:\/\/rozewines.com\/de\/wp-json\/wp\/v2\/product_tag?post=3274"}],"curies":[{"name":"wp","href":"https:\/\/api.w.org\/{rel}","templated":true}]}}