{"id":3277,"date":"2024-05-09T00:20:42","date_gmt":"2024-05-09T00:20:42","guid":{"rendered":"https:\/\/rozewines.com\/product\/mtevino-alazani-valley-2019\/"},"modified":"2025-10-21T12:02:19","modified_gmt":"2025-10-21T12:02:19","slug":"mtevino-alazani-valley-2019","status":"publish","type":"product","link":"https:\/\/rozewines.com\/de\/produkt\/mtevino-alazani-valley-2019\/","title":{"rendered":"Mtevino &#8211; Alazani Valley Red 2023"},"content":{"rendered":"<p>Mtevino \u2013 Alazani Valley 2019, ein herrlicher halbs\u00fc\u00dfer Rotwein aus dem malerischen Alazani Valley. Dieser Jahrgang ist f\u00fcr seine Trinkfreudigkeit und Leichtigkeit bekannt und bietet ein bezauberndes Weinerlebnis. Tauchen Sie ein in die einladenden Aromen von reifen schwarzen Pflaumen, schwarzen Johannisbeeren, zartem Veilchen und subtilen Ankl\u00e4ngen wohltuender Vanille. Mit seinem zug\u00e4nglichen Charakter und der sanften S\u00fc\u00dfe.<\/p>\n","protected":false},"excerpt":{"rendered":"<p>Mtevino \u2013 Alazani Valley 2019, ein herrlicher halbs\u00fc\u00dfer Rotwein aus dem malerischen Alazani Valley. Dieser Jahrgang ist f\u00fcr seine Trinkfreudigkeit und Leichtigkeit bekannt und bietet ein bezauberndes Weinerlebnis. Tauchen Sie ein in die einladenden Aromen von reifen schwarzen Pflaumen, schwarzen Johannisbeeren, zartem Veilchen und subtilen Ankl\u00e4ngen wohltuender Vanille. Mit seinem zug\u00e4nglichen Charakter und der sanften &hellip; <a href=\"https:\/\/rozewines.com\/de\/produkt\/mtevino-alazani-valley-2019\/\">Continued<\/a><\/p>\n","protected":false},"featured_media":3667,"comment_status":"closed","ping_status":"closed","template":"","meta":{"_acf_changed":false},"brand":[1805],"colour":[1140],"flavour":[1004,1000,1085],"grape-variety":[1283],"harvest-year":[1194],"region":[1294],"size":[1598],"style":[1270],"technology":[1116],"product_cat":[1382],"product_tag":[],"ams_default_variation_id":0,"ams_product_points_reward":[],"ams_product_discount_percentage":0,"ams_price_to_display":10.5,"acf":[],"ams_acf":[{"key":"food_pairings","label":"Food pairings","value":"Dunkle Schokolade, Haseln\u00fcsse"},{"key":"alcohol_percentage","label":"Alcohol percentage","value":"13%"},{"key":"zero_sulfites","label":"Zero sulfites","value":false},{"key":"details","label":"Details","value":{"":null,"acidity":"3","body":"3","sweetness":"3","tannin":"1"}}],"yoast_head":"<!-- This site is optimized with the Yoast SEO plugin v22.6 - https:\/\/yoast.com\/wordpress\/plugins\/seo\/ -->\n<title>Mtevino - Alazani Valley Red 2023 - Roze wines<\/title>\n<meta name=\"robots\" content=\"index, follow, max-snippet:-1, max-image-preview:large, max-video-preview:-1\" \/>\n<link rel=\"canonical\" href=\"https:\/\/rozewines.com\/de\/produkt\/mtevino-alazani-valley-2019\/\" \/>\n<meta property=\"og:locale\" content=\"de_DE\" \/>\n<meta property=\"og:type\" content=\"article\" \/>\n<meta property=\"og:title\" content=\"Mtevino - Alazani Valley Red 2023 - Roze wines\" \/>\n<meta property=\"og:description\" content=\"Mtevino \u2013 Alazani Valley 2019, ein herrlicher halbs\u00fc\u00dfer Rotwein aus dem malerischen Alazani Valley. Dieser Jahrgang ist f\u00fcr seine Trinkfreudigkeit und Leichtigkeit bekannt und bietet ein bezauberndes Weinerlebnis. Tauchen Sie ein in die einladenden Aromen von reifen schwarzen Pflaumen, schwarzen Johannisbeeren, zartem Veilchen und subtilen Ankl\u00e4ngen wohltuender Vanille. Mit seinem zug\u00e4nglichen Charakter und der sanften &hellip; Continued\" \/>\n<meta property=\"og:url\" content=\"https:\/\/rozewines.com\/de\/produkt\/mtevino-alazani-valley-2019\/\" \/>\n<meta property=\"og:site_name\" content=\"Roze wines\" \/>\n<meta property=\"article:modified_time\" content=\"2025-10-21T12:02:19+00:00\" \/>\n<meta property=\"og:image\" content=\"https:\/\/rozewines.com\/app\/uploads\/2024\/05\/Mtevino-Alazani-Valley-2022-scaled.jpg\" \/>\n\t<meta property=\"og:image:width\" content=\"2560\" \/>\n\t<meta property=\"og:image:height\" content=\"2560\" \/>\n\t<meta property=\"og:image:type\" content=\"image\/jpeg\" \/>\n<meta name=\"twitter:card\" content=\"summary_large_image\" \/>\n<meta name=\"twitter:label1\" content=\"Est. reading time\" \/>\n\t<meta name=\"twitter:data1\" content=\"1 minute\" \/>\n<script type=\"application\/ld+json\" class=\"yoast-schema-graph\">{\"@context\":\"https:\/\/schema.org\",\"@graph\":[{\"@type\":\"WebPage\",\"@id\":\"https:\/\/rozewines.com\/de\/produkt\/mtevino-alazani-valley-2019\/\",\"url\":\"https:\/\/rozewines.com\/de\/produkt\/mtevino-alazani-valley-2019\/\",\"name\":\"Mtevino - Alazani Valley Red 2023 - Roze wines\",\"isPartOf\":{\"@id\":\"https:\/\/rozewines.com\/#website\"},\"primaryImageOfPage\":{\"@id\":\"https:\/\/rozewines.com\/de\/produkt\/mtevino-alazani-valley-2019\/#primaryimage\"},\"image\":{\"@id\":\"https:\/\/rozewines.com\/de\/produkt\/mtevino-alazani-valley-2019\/#primaryimage\"},\"thumbnailUrl\":\"https:\/\/rozewines.com\/app\/uploads\/2024\/05\/Mtevino-Alazani-Valley-2022-scaled.jpg\",\"datePublished\":\"2024-05-09T00:20:42+00:00\",\"dateModified\":\"2025-10-21T12:02:19+00:00\",\"breadcrumb\":{\"@id\":\"https:\/\/rozewines.com\/de\/produkt\/mtevino-alazani-valley-2019\/#breadcrumb\"},\"inLanguage\":\"de-DE\",\"potentialAction\":[{\"@type\":\"ReadAction\",\"target\":[\"https:\/\/rozewines.com\/de\/produkt\/mtevino-alazani-valley-2019\/\"]}]},{\"@type\":\"ImageObject\",\"inLanguage\":\"de-DE\",\"@id\":\"https:\/\/rozewines.com\/de\/produkt\/mtevino-alazani-valley-2019\/#primaryimage\",\"url\":\"https:\/\/rozewines.com\/app\/uploads\/2024\/05\/Mtevino-Alazani-Valley-2022-scaled.jpg\",\"contentUrl\":\"https:\/\/rozewines.com\/app\/uploads\/2024\/05\/Mtevino-Alazani-Valley-2022-scaled.jpg\",\"width\":2560,\"height\":2560},{\"@type\":\"BreadcrumbList\",\"@id\":\"https:\/\/rozewines.com\/de\/produkt\/mtevino-alazani-valley-2019\/#breadcrumb\",\"itemListElement\":[{\"@type\":\"ListItem\",\"position\":1,\"name\":\"Home\",\"item\":\"https:\/\/rozewines.com\/de\/\"},{\"@type\":\"ListItem\",\"position\":2,\"name\":\"Unsere Weine\",\"item\":\"https:\/\/rozewines.com\/de\/musu-vins\/\"},{\"@type\":\"ListItem\",\"position\":3,\"name\":\"Mtevino &#8211; Alazani Valley Red 2023\"}]},{\"@type\":\"WebSite\",\"@id\":\"https:\/\/rozewines.com\/#website\",\"url\":\"https:\/\/rozewines.com\/\",\"name\":\"Roze wines\",\"description\":\"\",\"publisher\":{\"@id\":\"https:\/\/rozewines.com\/#organization\"},\"potentialAction\":[{\"@type\":\"SearchAction\",\"target\":{\"@type\":\"EntryPoint\",\"urlTemplate\":\"https:\/\/rozewines.com\/?s={search_term_string}\"},\"query-input\":\"required name=search_term_string\"}],\"inLanguage\":\"de-DE\"},{\"@type\":\"Organization\",\"@id\":\"https:\/\/rozewines.com\/#organization\",\"name\":\"Roze wines\",\"url\":\"https:\/\/rozewines.com\/\",\"logo\":{\"@type\":\"ImageObject\",\"inLanguage\":\"de-DE\",\"@id\":\"https:\/\/rozewines.com\/#\/schema\/logo\/image\/\",\"url\":\"https:\/\/rozewines.com\/app\/uploads\/2024\/05\/logo.svg\",\"contentUrl\":\"https:\/\/rozewines.com\/app\/uploads\/2024\/05\/logo.svg\",\"width\":144,\"height\":68,\"caption\":\"Roze wines\"},\"image\":{\"@id\":\"https:\/\/rozewines.com\/#\/schema\/logo\/image\/\"}}]}<\/script>\n<!-- \/ Yoast SEO plugin. -->","yoast_head_json":{"title":"Mtevino - Alazani Valley Red 2023 - Roze wines","robots":{"index":"index","follow":"follow","max-snippet":"max-snippet:-1","max-image-preview":"max-image-preview:large","max-video-preview":"max-video-preview:-1"},"canonical":"https:\/\/rozewines.com\/de\/produkt\/mtevino-alazani-valley-2019\/","og_locale":"de_DE","og_type":"article","og_title":"Mtevino - Alazani Valley Red 2023 - Roze wines","og_description":"Mtevino \u2013 Alazani Valley 2019, ein herrlicher halbs\u00fc\u00dfer Rotwein aus dem malerischen Alazani Valley. Dieser Jahrgang ist f\u00fcr seine Trinkfreudigkeit und Leichtigkeit bekannt und bietet ein bezauberndes Weinerlebnis. Tauchen Sie ein in die einladenden Aromen von reifen schwarzen Pflaumen, schwarzen Johannisbeeren, zartem Veilchen und subtilen Ankl\u00e4ngen wohltuender Vanille. Mit seinem zug\u00e4nglichen Charakter und der sanften &hellip; Continued","og_url":"https:\/\/rozewines.com\/de\/produkt\/mtevino-alazani-valley-2019\/","og_site_name":"Roze wines","article_modified_time":"2025-10-21T12:02:19+00:00","og_image":[{"width":2560,"height":2560,"url":"https:\/\/rozewines.com\/app\/uploads\/2024\/05\/Mtevino-Alazani-Valley-2022-scaled.jpg","type":"image\/jpeg"}],"twitter_card":"summary_large_image","twitter_misc":{"Est. reading time":"1 minute"},"schema":{"@context":"https:\/\/schema.org","@graph":[{"@type":"WebPage","@id":"https:\/\/rozewines.com\/de\/produkt\/mtevino-alazani-valley-2019\/","url":"https:\/\/rozewines.com\/de\/produkt\/mtevino-alazani-valley-2019\/","name":"Mtevino - Alazani Valley Red 2023 - Roze wines","isPartOf":{"@id":"https:\/\/rozewines.com\/#website"},"primaryImageOfPage":{"@id":"https:\/\/rozewines.com\/de\/produkt\/mtevino-alazani-valley-2019\/#primaryimage"},"image":{"@id":"https:\/\/rozewines.com\/de\/produkt\/mtevino-alazani-valley-2019\/#primaryimage"},"thumbnailUrl":"https:\/\/rozewines.com\/app\/uploads\/2024\/05\/Mtevino-Alazani-Valley-2022-scaled.jpg","datePublished":"2024-05-09T00:20:42+00:00","dateModified":"2025-10-21T12:02:19+00:00","breadcrumb":{"@id":"https:\/\/rozewines.com\/de\/produkt\/mtevino-alazani-valley-2019\/#breadcrumb"},"inLanguage":"de-DE","potentialAction":[{"@type":"ReadAction","target":["https:\/\/rozewines.com\/de\/produkt\/mtevino-alazani-valley-2019\/"]}]},{"@type":"ImageObject","inLanguage":"de-DE","@id":"https:\/\/rozewines.com\/de\/produkt\/mtevino-alazani-valley-2019\/#primaryimage","url":"https:\/\/rozewines.com\/app\/uploads\/2024\/05\/Mtevino-Alazani-Valley-2022-scaled.jpg","contentUrl":"https:\/\/rozewines.com\/app\/uploads\/2024\/05\/Mtevino-Alazani-Valley-2022-scaled.jpg","width":2560,"height":2560},{"@type":"BreadcrumbList","@id":"https:\/\/rozewines.com\/de\/produkt\/mtevino-alazani-valley-2019\/#breadcrumb","itemListElement":[{"@type":"ListItem","position":1,"name":"Home","item":"https:\/\/rozewines.com\/de\/"},{"@type":"ListItem","position":2,"name":"Unsere Weine","item":"https:\/\/rozewines.com\/de\/musu-vins\/"},{"@type":"ListItem","position":3,"name":"Mtevino &#8211; Alazani Valley Red 2023"}]},{"@type":"WebSite","@id":"https:\/\/rozewines.com\/#website","url":"https:\/\/rozewines.com\/","name":"Roze wines","description":"","publisher":{"@id":"https:\/\/rozewines.com\/#organization"},"potentialAction":[{"@type":"SearchAction","target":{"@type":"EntryPoint","urlTemplate":"https:\/\/rozewines.com\/?s={search_term_string}"},"query-input":"required name=search_term_string"}],"inLanguage":"de-DE"},{"@type":"Organization","@id":"https:\/\/rozewines.com\/#organization","name":"Roze wines","url":"https:\/\/rozewines.com\/","logo":{"@type":"ImageObject","inLanguage":"de-DE","@id":"https:\/\/rozewines.com\/#\/schema\/logo\/image\/","url":"https:\/\/rozewines.com\/app\/uploads\/2024\/05\/logo.svg","contentUrl":"https:\/\/rozewines.com\/app\/uploads\/2024\/05\/logo.svg","width":144,"height":68,"caption":"Roze wines"},"image":{"@id":"https:\/\/rozewines.com\/#\/schema\/logo\/image\/"}}]}},"_links":{"self":[{"href":"https:\/\/rozewines.com\/de\/wp-json\/wp\/v2\/product\/3277"}],"collection":[{"href":"https:\/\/rozewines.com\/de\/wp-json\/wp\/v2\/product"}],"about":[{"href":"https:\/\/rozewines.com\/de\/wp-json\/wp\/v2\/types\/product"}],"replies":[{"embeddable":true,"href":"https:\/\/rozewines.com\/de\/wp-json\/wp\/v2\/comments?post=3277"}],"wp:featuredmedia":[{"embeddable":true,"href":"https:\/\/rozewines.com\/de\/wp-json\/wp\/v2\/media\/3667"}],"wp:attachment":[{"href":"https:\/\/rozewines.com\/de\/wp-json\/wp\/v2\/media?parent=3277"}],"wp:term":[{"taxonomy":"brand","embeddable":true,"href":"https:\/\/rozewines.com\/de\/wp-json\/wp\/v2\/brand?post=3277"},{"taxonomy":"colour","embeddable":true,"href":"https:\/\/rozewines.com\/de\/wp-json\/wp\/v2\/colour?post=3277"},{"taxonomy":"flavour","embeddable":true,"href":"https:\/\/rozewines.com\/de\/wp-json\/wp\/v2\/flavour?post=3277"},{"taxonomy":"grape-variety","embeddable":true,"href":"https:\/\/rozewines.com\/de\/wp-json\/wp\/v2\/grape-variety?post=3277"},{"taxonomy":"harvest-year","embeddable":true,"href":"https:\/\/rozewines.com\/de\/wp-json\/wp\/v2\/harvest-year?post=3277"},{"taxonomy":"region","embeddable":true,"href":"https:\/\/rozewines.com\/de\/wp-json\/wp\/v2\/region?post=3277"},{"taxonomy":"size","embeddable":true,"href":"https:\/\/rozewines.com\/de\/wp-json\/wp\/v2\/size?post=3277"},{"taxonomy":"style","embeddable":true,"href":"https:\/\/rozewines.com\/de\/wp-json\/wp\/v2\/style?post=3277"},{"taxonomy":"technology","embeddable":true,"href":"https:\/\/rozewines.com\/de\/wp-json\/wp\/v2\/technology?post=3277"},{"taxonomy":"product_cat","embeddable":true,"href":"https:\/\/rozewines.com\/de\/wp-json\/wp\/v2\/product_cat?post=3277"},{"taxonomy":"product_tag","embeddable":true,"href":"https:\/\/rozewines.com\/de\/wp-json\/wp\/v2\/product_tag?post=3277"}],"curies":[{"name":"wp","href":"https:\/\/api.w.org\/{rel}","templated":true}]}}