{"id":3284,"date":"2024-05-09T00:20:42","date_gmt":"2024-05-09T00:20:42","guid":{"rendered":"https:\/\/rozewines.com\/product\/solomnishvili-2008\/"},"modified":"2024-08-14T09:03:56","modified_gmt":"2024-08-14T09:03:56","slug":"solomnishvili-2008","status":"publish","type":"product","link":"https:\/\/rozewines.com\/de\/produkt\/solomnishvili-2008\/","title":{"rendered":"Solomnishvili &#8211; 2008"},"content":{"rendered":"<p>Wir stellen vor: Solomnishvili \u2013 2008, Jahrgang Saperavi Qvevri, der 2008 sorgf\u00e4ltig hergestellt wurde, ist ein Beweis f\u00fcr die Kunstfertigkeit des Winzers. Mit jedem Jahr hat es sich elegant weiterentwickelt und einen H\u00f6hepunkt an Reife und Komplexit\u00e4t erreicht, der einfach Ehrfurcht einfl\u00f6\u00dfend ist. Lassen Sie sich von seinen Aromen verzaubern, bei denen die erdige F\u00fclle von schwarzem Tr\u00fcffel und feuchter Erde nahtlos mit der S\u00fc\u00dfe von Brombeermarmelade verschmilzt. F\u00fcr Winzer ist 2008 mehr als nur ein Wein; Es ist ein Spiegelbild einer perfekten Ernte, einer Liebesarbeit und ein Zeugnis des Laufs der Zeit.<\/p>\n","protected":false},"excerpt":{"rendered":"<p>Wir stellen vor: Solomnishvili \u2013 2008, Jahrgang Saperavi Qvevri, der 2008 sorgf\u00e4ltig hergestellt wurde, ist ein Beweis f\u00fcr die Kunstfertigkeit des Winzers. Mit jedem Jahr hat es sich elegant weiterentwickelt und einen H\u00f6hepunkt an Reife und Komplexit\u00e4t erreicht, der einfach Ehrfurcht einfl\u00f6\u00dfend ist. Lassen Sie sich von seinen Aromen verzaubern, bei denen die erdige F\u00fclle &hellip; <a href=\"https:\/\/rozewines.com\/de\/produkt\/solomnishvili-2008\/\">Continued<\/a><\/p>\n","protected":false},"featured_media":859,"comment_status":"closed","ping_status":"closed","template":"","meta":{"_acf_changed":false},"brand":[1790],"colour":[1140],"flavour":[1003,1087,1001],"grape-variety":[1283],"harvest-year":[1187],"region":[1294],"size":[1598],"style":[1271],"technology":[1117],"product_cat":[1382],"product_tag":[],"ams_default_variation_id":0,"ams_product_points_reward":[],"ams_product_discount_percentage":0,"ams_price_to_display":115,"acf":[],"ams_acf":[{"key":"food_pairings","label":"Food pairings","value":"Gereiftes Rindersteak, Nudeln mit schwarzen Tr\u00fcffeln"},{"key":"alcohol_percentage","label":"Alcohol percentage","value":"13%"}],"yoast_head":"<!-- This site is optimized with the Yoast SEO plugin v22.6 - https:\/\/yoast.com\/wordpress\/plugins\/seo\/ -->\n<title>Solomnishvili - 2008 - Roze wines<\/title>\n<meta name=\"robots\" content=\"index, follow, max-snippet:-1, max-image-preview:large, max-video-preview:-1\" \/>\n<link rel=\"canonical\" href=\"https:\/\/rozewines.com\/de\/produkt\/solomnishvili-2008\/\" \/>\n<meta property=\"og:locale\" content=\"de_DE\" \/>\n<meta property=\"og:type\" content=\"article\" \/>\n<meta property=\"og:title\" content=\"Solomnishvili - 2008 - Roze wines\" \/>\n<meta property=\"og:description\" content=\"Wir stellen vor: Solomnishvili \u2013 2008, Jahrgang Saperavi Qvevri, der 2008 sorgf\u00e4ltig hergestellt wurde, ist ein Beweis f\u00fcr die Kunstfertigkeit des Winzers. Mit jedem Jahr hat es sich elegant weiterentwickelt und einen H\u00f6hepunkt an Reife und Komplexit\u00e4t erreicht, der einfach Ehrfurcht einfl\u00f6\u00dfend ist. Lassen Sie sich von seinen Aromen verzaubern, bei denen die erdige F\u00fclle &hellip; Continued\" \/>\n<meta property=\"og:url\" content=\"https:\/\/rozewines.com\/de\/produkt\/solomnishvili-2008\/\" \/>\n<meta property=\"og:site_name\" content=\"Roze wines\" \/>\n<meta property=\"article:modified_time\" content=\"2024-08-14T09:03:56+00:00\" \/>\n<meta property=\"og:image\" content=\"https:\/\/rozewines.com\/app\/uploads\/2024\/04\/Solomnishvili-2008.jpg\" \/>\n\t<meta property=\"og:image:width\" content=\"2160\" \/>\n\t<meta property=\"og:image:height\" content=\"2160\" \/>\n\t<meta property=\"og:image:type\" content=\"image\/jpeg\" \/>\n<meta name=\"twitter:card\" content=\"summary_large_image\" \/>\n<script type=\"application\/ld+json\" class=\"yoast-schema-graph\">{\"@context\":\"https:\/\/schema.org\",\"@graph\":[{\"@type\":\"WebPage\",\"@id\":\"https:\/\/rozewines.com\/de\/produkt\/solomnishvili-2008\/\",\"url\":\"https:\/\/rozewines.com\/de\/produkt\/solomnishvili-2008\/\",\"name\":\"Solomnishvili - 2008 - Roze wines\",\"isPartOf\":{\"@id\":\"https:\/\/rozewines.com\/#website\"},\"primaryImageOfPage\":{\"@id\":\"https:\/\/rozewines.com\/de\/produkt\/solomnishvili-2008\/#primaryimage\"},\"image\":{\"@id\":\"https:\/\/rozewines.com\/de\/produkt\/solomnishvili-2008\/#primaryimage\"},\"thumbnailUrl\":\"https:\/\/rozewines.com\/app\/uploads\/2024\/04\/Solomnishvili-2008.jpg\",\"datePublished\":\"2024-05-09T00:20:42+00:00\",\"dateModified\":\"2024-08-14T09:03:56+00:00\",\"breadcrumb\":{\"@id\":\"https:\/\/rozewines.com\/de\/produkt\/solomnishvili-2008\/#breadcrumb\"},\"inLanguage\":\"de-DE\",\"potentialAction\":[{\"@type\":\"ReadAction\",\"target\":[\"https:\/\/rozewines.com\/de\/produkt\/solomnishvili-2008\/\"]}]},{\"@type\":\"ImageObject\",\"inLanguage\":\"de-DE\",\"@id\":\"https:\/\/rozewines.com\/de\/produkt\/solomnishvili-2008\/#primaryimage\",\"url\":\"https:\/\/rozewines.com\/app\/uploads\/2024\/04\/Solomnishvili-2008.jpg\",\"contentUrl\":\"https:\/\/rozewines.com\/app\/uploads\/2024\/04\/Solomnishvili-2008.jpg\",\"width\":2160,\"height\":2160},{\"@type\":\"BreadcrumbList\",\"@id\":\"https:\/\/rozewines.com\/de\/produkt\/solomnishvili-2008\/#breadcrumb\",\"itemListElement\":[{\"@type\":\"ListItem\",\"position\":1,\"name\":\"Home\",\"item\":\"https:\/\/rozewines.com\/de\/\"},{\"@type\":\"ListItem\",\"position\":2,\"name\":\"Unsere Weine\",\"item\":\"https:\/\/rozewines.com\/de\/musu-vins\/\"},{\"@type\":\"ListItem\",\"position\":3,\"name\":\"Solomnishvili &#8211; 2008\"}]},{\"@type\":\"WebSite\",\"@id\":\"https:\/\/rozewines.com\/#website\",\"url\":\"https:\/\/rozewines.com\/\",\"name\":\"Roze wines\",\"description\":\"\",\"publisher\":{\"@id\":\"https:\/\/rozewines.com\/#organization\"},\"potentialAction\":[{\"@type\":\"SearchAction\",\"target\":{\"@type\":\"EntryPoint\",\"urlTemplate\":\"https:\/\/rozewines.com\/?s={search_term_string}\"},\"query-input\":\"required name=search_term_string\"}],\"inLanguage\":\"de-DE\"},{\"@type\":\"Organization\",\"@id\":\"https:\/\/rozewines.com\/#organization\",\"name\":\"Roze wines\",\"url\":\"https:\/\/rozewines.com\/\",\"logo\":{\"@type\":\"ImageObject\",\"inLanguage\":\"de-DE\",\"@id\":\"https:\/\/rozewines.com\/#\/schema\/logo\/image\/\",\"url\":\"https:\/\/rozewines.com\/app\/uploads\/2024\/05\/logo.svg\",\"contentUrl\":\"https:\/\/rozewines.com\/app\/uploads\/2024\/05\/logo.svg\",\"width\":144,\"height\":68,\"caption\":\"Roze wines\"},\"image\":{\"@id\":\"https:\/\/rozewines.com\/#\/schema\/logo\/image\/\"}}]}<\/script>\n<!-- \/ Yoast SEO plugin. -->","yoast_head_json":{"title":"Solomnishvili - 2008 - Roze wines","robots":{"index":"index","follow":"follow","max-snippet":"max-snippet:-1","max-image-preview":"max-image-preview:large","max-video-preview":"max-video-preview:-1"},"canonical":"https:\/\/rozewines.com\/de\/produkt\/solomnishvili-2008\/","og_locale":"de_DE","og_type":"article","og_title":"Solomnishvili - 2008 - Roze wines","og_description":"Wir stellen vor: Solomnishvili \u2013 2008, Jahrgang Saperavi Qvevri, der 2008 sorgf\u00e4ltig hergestellt wurde, ist ein Beweis f\u00fcr die Kunstfertigkeit des Winzers. Mit jedem Jahr hat es sich elegant weiterentwickelt und einen H\u00f6hepunkt an Reife und Komplexit\u00e4t erreicht, der einfach Ehrfurcht einfl\u00f6\u00dfend ist. Lassen Sie sich von seinen Aromen verzaubern, bei denen die erdige F\u00fclle &hellip; Continued","og_url":"https:\/\/rozewines.com\/de\/produkt\/solomnishvili-2008\/","og_site_name":"Roze wines","article_modified_time":"2024-08-14T09:03:56+00:00","og_image":[{"width":2160,"height":2160,"url":"https:\/\/rozewines.com\/app\/uploads\/2024\/04\/Solomnishvili-2008.jpg","type":"image\/jpeg"}],"twitter_card":"summary_large_image","schema":{"@context":"https:\/\/schema.org","@graph":[{"@type":"WebPage","@id":"https:\/\/rozewines.com\/de\/produkt\/solomnishvili-2008\/","url":"https:\/\/rozewines.com\/de\/produkt\/solomnishvili-2008\/","name":"Solomnishvili - 2008 - Roze wines","isPartOf":{"@id":"https:\/\/rozewines.com\/#website"},"primaryImageOfPage":{"@id":"https:\/\/rozewines.com\/de\/produkt\/solomnishvili-2008\/#primaryimage"},"image":{"@id":"https:\/\/rozewines.com\/de\/produkt\/solomnishvili-2008\/#primaryimage"},"thumbnailUrl":"https:\/\/rozewines.com\/app\/uploads\/2024\/04\/Solomnishvili-2008.jpg","datePublished":"2024-05-09T00:20:42+00:00","dateModified":"2024-08-14T09:03:56+00:00","breadcrumb":{"@id":"https:\/\/rozewines.com\/de\/produkt\/solomnishvili-2008\/#breadcrumb"},"inLanguage":"de-DE","potentialAction":[{"@type":"ReadAction","target":["https:\/\/rozewines.com\/de\/produkt\/solomnishvili-2008\/"]}]},{"@type":"ImageObject","inLanguage":"de-DE","@id":"https:\/\/rozewines.com\/de\/produkt\/solomnishvili-2008\/#primaryimage","url":"https:\/\/rozewines.com\/app\/uploads\/2024\/04\/Solomnishvili-2008.jpg","contentUrl":"https:\/\/rozewines.com\/app\/uploads\/2024\/04\/Solomnishvili-2008.jpg","width":2160,"height":2160},{"@type":"BreadcrumbList","@id":"https:\/\/rozewines.com\/de\/produkt\/solomnishvili-2008\/#breadcrumb","itemListElement":[{"@type":"ListItem","position":1,"name":"Home","item":"https:\/\/rozewines.com\/de\/"},{"@type":"ListItem","position":2,"name":"Unsere Weine","item":"https:\/\/rozewines.com\/de\/musu-vins\/"},{"@type":"ListItem","position":3,"name":"Solomnishvili &#8211; 2008"}]},{"@type":"WebSite","@id":"https:\/\/rozewines.com\/#website","url":"https:\/\/rozewines.com\/","name":"Roze wines","description":"","publisher":{"@id":"https:\/\/rozewines.com\/#organization"},"potentialAction":[{"@type":"SearchAction","target":{"@type":"EntryPoint","urlTemplate":"https:\/\/rozewines.com\/?s={search_term_string}"},"query-input":"required name=search_term_string"}],"inLanguage":"de-DE"},{"@type":"Organization","@id":"https:\/\/rozewines.com\/#organization","name":"Roze wines","url":"https:\/\/rozewines.com\/","logo":{"@type":"ImageObject","inLanguage":"de-DE","@id":"https:\/\/rozewines.com\/#\/schema\/logo\/image\/","url":"https:\/\/rozewines.com\/app\/uploads\/2024\/05\/logo.svg","contentUrl":"https:\/\/rozewines.com\/app\/uploads\/2024\/05\/logo.svg","width":144,"height":68,"caption":"Roze wines"},"image":{"@id":"https:\/\/rozewines.com\/#\/schema\/logo\/image\/"}}]}},"_links":{"self":[{"href":"https:\/\/rozewines.com\/de\/wp-json\/wp\/v2\/product\/3284"}],"collection":[{"href":"https:\/\/rozewines.com\/de\/wp-json\/wp\/v2\/product"}],"about":[{"href":"https:\/\/rozewines.com\/de\/wp-json\/wp\/v2\/types\/product"}],"replies":[{"embeddable":true,"href":"https:\/\/rozewines.com\/de\/wp-json\/wp\/v2\/comments?post=3284"}],"wp:featuredmedia":[{"embeddable":true,"href":"https:\/\/rozewines.com\/de\/wp-json\/wp\/v2\/media\/859"}],"wp:attachment":[{"href":"https:\/\/rozewines.com\/de\/wp-json\/wp\/v2\/media?parent=3284"}],"wp:term":[{"taxonomy":"brand","embeddable":true,"href":"https:\/\/rozewines.com\/de\/wp-json\/wp\/v2\/brand?post=3284"},{"taxonomy":"colour","embeddable":true,"href":"https:\/\/rozewines.com\/de\/wp-json\/wp\/v2\/colour?post=3284"},{"taxonomy":"flavour","embeddable":true,"href":"https:\/\/rozewines.com\/de\/wp-json\/wp\/v2\/flavour?post=3284"},{"taxonomy":"grape-variety","embeddable":true,"href":"https:\/\/rozewines.com\/de\/wp-json\/wp\/v2\/grape-variety?post=3284"},{"taxonomy":"harvest-year","embeddable":true,"href":"https:\/\/rozewines.com\/de\/wp-json\/wp\/v2\/harvest-year?post=3284"},{"taxonomy":"region","embeddable":true,"href":"https:\/\/rozewines.com\/de\/wp-json\/wp\/v2\/region?post=3284"},{"taxonomy":"size","embeddable":true,"href":"https:\/\/rozewines.com\/de\/wp-json\/wp\/v2\/size?post=3284"},{"taxonomy":"style","embeddable":true,"href":"https:\/\/rozewines.com\/de\/wp-json\/wp\/v2\/style?post=3284"},{"taxonomy":"technology","embeddable":true,"href":"https:\/\/rozewines.com\/de\/wp-json\/wp\/v2\/technology?post=3284"},{"taxonomy":"product_cat","embeddable":true,"href":"https:\/\/rozewines.com\/de\/wp-json\/wp\/v2\/product_cat?post=3284"},{"taxonomy":"product_tag","embeddable":true,"href":"https:\/\/rozewines.com\/de\/wp-json\/wp\/v2\/product_tag?post=3284"}],"curies":[{"name":"wp","href":"https:\/\/api.w.org\/{rel}","templated":true}]}}