{"id":3285,"date":"2024-05-09T00:20:42","date_gmt":"2024-05-09T00:20:42","guid":{"rendered":"https:\/\/rozewines.com\/product\/solomnishvili-2010\/"},"modified":"2024-08-14T09:03:54","modified_gmt":"2024-08-14T09:03:54","slug":"solomnishvili-2010","status":"publish","type":"product","link":"https:\/\/rozewines.com\/de\/produkt\/solomnishvili-2010\/","title":{"rendered":"Solomnishvili &#8211; 2010"},"content":{"rendered":"<p>Tauchen Sie ein in die reiche Geschichte von Solomnishvilis Saperavi mit ihrem Jahrgang 2010, einem Beweis f\u00fcr die einzigartige Essenz dieser Vegetationsperiode. Dieser Wein strotzt nur so vor kr\u00e4ftigen Fruchtaromen und einem angenehm anhaltenden Abgang und l\u00e4dt Sie dazu ein, jeden Schluck zu genie\u00dfen. Seine Komplexit\u00e4t, gewoben aus einem delikaten Zusammenspiel von S\u00e4ure und Tanninen, verspricht eine Entwicklung, die sich mit der Zeit noch vertiefen wird und f\u00fcr ein bemerkenswertes Erlebnis f\u00fcr die kommenden Jahre sorgt.<\/p>\n","protected":false},"excerpt":{"rendered":"<p>Tauchen Sie ein in die reiche Geschichte von Solomnishvilis Saperavi mit ihrem Jahrgang 2010, einem Beweis f\u00fcr die einzigartige Essenz dieser Vegetationsperiode. Dieser Wein strotzt nur so vor kr\u00e4ftigen Fruchtaromen und einem angenehm anhaltenden Abgang und l\u00e4dt Sie dazu ein, jeden Schluck zu genie\u00dfen. Seine Komplexit\u00e4t, gewoben aus einem delikaten Zusammenspiel von S\u00e4ure und Tanninen, &hellip; <a href=\"https:\/\/rozewines.com\/de\/produkt\/solomnishvili-2010\/\">Continued<\/a><\/p>\n","protected":false},"featured_media":863,"comment_status":"closed","ping_status":"closed","template":"","meta":{"_acf_changed":false},"brand":[1790],"colour":[1140],"flavour":[1272,1066,1009],"grape-variety":[1283],"harvest-year":[1190],"region":[1294],"size":[1598],"style":[1271],"technology":[1117],"product_cat":[1382],"product_tag":[],"ams_default_variation_id":0,"ams_product_points_reward":[],"ams_product_discount_percentage":0,"ams_price_to_display":103,"acf":[],"ams_acf":[{"key":"food_pairings","label":"Food pairings","value":"Rindertatar, gereifter Ziegenk\u00e4se"},{"key":"alcohol_percentage","label":"Alcohol percentage","value":"13%"}],"yoast_head":"<!-- This site is optimized with the Yoast SEO plugin v22.6 - https:\/\/yoast.com\/wordpress\/plugins\/seo\/ -->\n<title>Solomnishvili - 2010 - Roze wines<\/title>\n<meta name=\"robots\" content=\"index, follow, max-snippet:-1, max-image-preview:large, max-video-preview:-1\" \/>\n<link rel=\"canonical\" href=\"https:\/\/rozewines.com\/de\/produkt\/solomnishvili-2010\/\" \/>\n<meta property=\"og:locale\" content=\"de_DE\" \/>\n<meta property=\"og:type\" content=\"article\" \/>\n<meta property=\"og:title\" content=\"Solomnishvili - 2010 - Roze wines\" \/>\n<meta property=\"og:description\" content=\"Tauchen Sie ein in die reiche Geschichte von Solomnishvilis Saperavi mit ihrem Jahrgang 2010, einem Beweis f\u00fcr die einzigartige Essenz dieser Vegetationsperiode. Dieser Wein strotzt nur so vor kr\u00e4ftigen Fruchtaromen und einem angenehm anhaltenden Abgang und l\u00e4dt Sie dazu ein, jeden Schluck zu genie\u00dfen. Seine Komplexit\u00e4t, gewoben aus einem delikaten Zusammenspiel von S\u00e4ure und Tanninen, &hellip; Continued\" \/>\n<meta property=\"og:url\" content=\"https:\/\/rozewines.com\/de\/produkt\/solomnishvili-2010\/\" \/>\n<meta property=\"og:site_name\" content=\"Roze wines\" \/>\n<meta property=\"article:modified_time\" content=\"2024-08-14T09:03:54+00:00\" \/>\n<meta property=\"og:image\" content=\"https:\/\/rozewines.com\/app\/uploads\/2024\/04\/Solomnishvili-2010.jpg\" \/>\n\t<meta property=\"og:image:width\" content=\"2160\" \/>\n\t<meta property=\"og:image:height\" content=\"2160\" \/>\n\t<meta property=\"og:image:type\" content=\"image\/jpeg\" \/>\n<meta name=\"twitter:card\" content=\"summary_large_image\" \/>\n<script type=\"application\/ld+json\" class=\"yoast-schema-graph\">{\"@context\":\"https:\/\/schema.org\",\"@graph\":[{\"@type\":\"WebPage\",\"@id\":\"https:\/\/rozewines.com\/de\/produkt\/solomnishvili-2010\/\",\"url\":\"https:\/\/rozewines.com\/de\/produkt\/solomnishvili-2010\/\",\"name\":\"Solomnishvili - 2010 - Roze wines\",\"isPartOf\":{\"@id\":\"https:\/\/rozewines.com\/#website\"},\"primaryImageOfPage\":{\"@id\":\"https:\/\/rozewines.com\/de\/produkt\/solomnishvili-2010\/#primaryimage\"},\"image\":{\"@id\":\"https:\/\/rozewines.com\/de\/produkt\/solomnishvili-2010\/#primaryimage\"},\"thumbnailUrl\":\"https:\/\/rozewines.com\/app\/uploads\/2024\/04\/Solomnishvili-2010.jpg\",\"datePublished\":\"2024-05-09T00:20:42+00:00\",\"dateModified\":\"2024-08-14T09:03:54+00:00\",\"breadcrumb\":{\"@id\":\"https:\/\/rozewines.com\/de\/produkt\/solomnishvili-2010\/#breadcrumb\"},\"inLanguage\":\"de-DE\",\"potentialAction\":[{\"@type\":\"ReadAction\",\"target\":[\"https:\/\/rozewines.com\/de\/produkt\/solomnishvili-2010\/\"]}]},{\"@type\":\"ImageObject\",\"inLanguage\":\"de-DE\",\"@id\":\"https:\/\/rozewines.com\/de\/produkt\/solomnishvili-2010\/#primaryimage\",\"url\":\"https:\/\/rozewines.com\/app\/uploads\/2024\/04\/Solomnishvili-2010.jpg\",\"contentUrl\":\"https:\/\/rozewines.com\/app\/uploads\/2024\/04\/Solomnishvili-2010.jpg\",\"width\":2160,\"height\":2160},{\"@type\":\"BreadcrumbList\",\"@id\":\"https:\/\/rozewines.com\/de\/produkt\/solomnishvili-2010\/#breadcrumb\",\"itemListElement\":[{\"@type\":\"ListItem\",\"position\":1,\"name\":\"Home\",\"item\":\"https:\/\/rozewines.com\/de\/\"},{\"@type\":\"ListItem\",\"position\":2,\"name\":\"Unsere Weine\",\"item\":\"https:\/\/rozewines.com\/de\/musu-vins\/\"},{\"@type\":\"ListItem\",\"position\":3,\"name\":\"Solomnishvili &#8211; 2010\"}]},{\"@type\":\"WebSite\",\"@id\":\"https:\/\/rozewines.com\/#website\",\"url\":\"https:\/\/rozewines.com\/\",\"name\":\"Roze wines\",\"description\":\"\",\"publisher\":{\"@id\":\"https:\/\/rozewines.com\/#organization\"},\"potentialAction\":[{\"@type\":\"SearchAction\",\"target\":{\"@type\":\"EntryPoint\",\"urlTemplate\":\"https:\/\/rozewines.com\/?s={search_term_string}\"},\"query-input\":\"required name=search_term_string\"}],\"inLanguage\":\"de-DE\"},{\"@type\":\"Organization\",\"@id\":\"https:\/\/rozewines.com\/#organization\",\"name\":\"Roze wines\",\"url\":\"https:\/\/rozewines.com\/\",\"logo\":{\"@type\":\"ImageObject\",\"inLanguage\":\"de-DE\",\"@id\":\"https:\/\/rozewines.com\/#\/schema\/logo\/image\/\",\"url\":\"https:\/\/rozewines.com\/app\/uploads\/2024\/05\/logo.svg\",\"contentUrl\":\"https:\/\/rozewines.com\/app\/uploads\/2024\/05\/logo.svg\",\"width\":144,\"height\":68,\"caption\":\"Roze wines\"},\"image\":{\"@id\":\"https:\/\/rozewines.com\/#\/schema\/logo\/image\/\"}}]}<\/script>\n<!-- \/ Yoast SEO plugin. -->","yoast_head_json":{"title":"Solomnishvili - 2010 - Roze wines","robots":{"index":"index","follow":"follow","max-snippet":"max-snippet:-1","max-image-preview":"max-image-preview:large","max-video-preview":"max-video-preview:-1"},"canonical":"https:\/\/rozewines.com\/de\/produkt\/solomnishvili-2010\/","og_locale":"de_DE","og_type":"article","og_title":"Solomnishvili - 2010 - Roze wines","og_description":"Tauchen Sie ein in die reiche Geschichte von Solomnishvilis Saperavi mit ihrem Jahrgang 2010, einem Beweis f\u00fcr die einzigartige Essenz dieser Vegetationsperiode. Dieser Wein strotzt nur so vor kr\u00e4ftigen Fruchtaromen und einem angenehm anhaltenden Abgang und l\u00e4dt Sie dazu ein, jeden Schluck zu genie\u00dfen. Seine Komplexit\u00e4t, gewoben aus einem delikaten Zusammenspiel von S\u00e4ure und Tanninen, &hellip; Continued","og_url":"https:\/\/rozewines.com\/de\/produkt\/solomnishvili-2010\/","og_site_name":"Roze wines","article_modified_time":"2024-08-14T09:03:54+00:00","og_image":[{"width":2160,"height":2160,"url":"https:\/\/rozewines.com\/app\/uploads\/2024\/04\/Solomnishvili-2010.jpg","type":"image\/jpeg"}],"twitter_card":"summary_large_image","schema":{"@context":"https:\/\/schema.org","@graph":[{"@type":"WebPage","@id":"https:\/\/rozewines.com\/de\/produkt\/solomnishvili-2010\/","url":"https:\/\/rozewines.com\/de\/produkt\/solomnishvili-2010\/","name":"Solomnishvili - 2010 - Roze wines","isPartOf":{"@id":"https:\/\/rozewines.com\/#website"},"primaryImageOfPage":{"@id":"https:\/\/rozewines.com\/de\/produkt\/solomnishvili-2010\/#primaryimage"},"image":{"@id":"https:\/\/rozewines.com\/de\/produkt\/solomnishvili-2010\/#primaryimage"},"thumbnailUrl":"https:\/\/rozewines.com\/app\/uploads\/2024\/04\/Solomnishvili-2010.jpg","datePublished":"2024-05-09T00:20:42+00:00","dateModified":"2024-08-14T09:03:54+00:00","breadcrumb":{"@id":"https:\/\/rozewines.com\/de\/produkt\/solomnishvili-2010\/#breadcrumb"},"inLanguage":"de-DE","potentialAction":[{"@type":"ReadAction","target":["https:\/\/rozewines.com\/de\/produkt\/solomnishvili-2010\/"]}]},{"@type":"ImageObject","inLanguage":"de-DE","@id":"https:\/\/rozewines.com\/de\/produkt\/solomnishvili-2010\/#primaryimage","url":"https:\/\/rozewines.com\/app\/uploads\/2024\/04\/Solomnishvili-2010.jpg","contentUrl":"https:\/\/rozewines.com\/app\/uploads\/2024\/04\/Solomnishvili-2010.jpg","width":2160,"height":2160},{"@type":"BreadcrumbList","@id":"https:\/\/rozewines.com\/de\/produkt\/solomnishvili-2010\/#breadcrumb","itemListElement":[{"@type":"ListItem","position":1,"name":"Home","item":"https:\/\/rozewines.com\/de\/"},{"@type":"ListItem","position":2,"name":"Unsere Weine","item":"https:\/\/rozewines.com\/de\/musu-vins\/"},{"@type":"ListItem","position":3,"name":"Solomnishvili &#8211; 2010"}]},{"@type":"WebSite","@id":"https:\/\/rozewines.com\/#website","url":"https:\/\/rozewines.com\/","name":"Roze wines","description":"","publisher":{"@id":"https:\/\/rozewines.com\/#organization"},"potentialAction":[{"@type":"SearchAction","target":{"@type":"EntryPoint","urlTemplate":"https:\/\/rozewines.com\/?s={search_term_string}"},"query-input":"required name=search_term_string"}],"inLanguage":"de-DE"},{"@type":"Organization","@id":"https:\/\/rozewines.com\/#organization","name":"Roze wines","url":"https:\/\/rozewines.com\/","logo":{"@type":"ImageObject","inLanguage":"de-DE","@id":"https:\/\/rozewines.com\/#\/schema\/logo\/image\/","url":"https:\/\/rozewines.com\/app\/uploads\/2024\/05\/logo.svg","contentUrl":"https:\/\/rozewines.com\/app\/uploads\/2024\/05\/logo.svg","width":144,"height":68,"caption":"Roze wines"},"image":{"@id":"https:\/\/rozewines.com\/#\/schema\/logo\/image\/"}}]}},"_links":{"self":[{"href":"https:\/\/rozewines.com\/de\/wp-json\/wp\/v2\/product\/3285"}],"collection":[{"href":"https:\/\/rozewines.com\/de\/wp-json\/wp\/v2\/product"}],"about":[{"href":"https:\/\/rozewines.com\/de\/wp-json\/wp\/v2\/types\/product"}],"replies":[{"embeddable":true,"href":"https:\/\/rozewines.com\/de\/wp-json\/wp\/v2\/comments?post=3285"}],"wp:featuredmedia":[{"embeddable":true,"href":"https:\/\/rozewines.com\/de\/wp-json\/wp\/v2\/media\/863"}],"wp:attachment":[{"href":"https:\/\/rozewines.com\/de\/wp-json\/wp\/v2\/media?parent=3285"}],"wp:term":[{"taxonomy":"brand","embeddable":true,"href":"https:\/\/rozewines.com\/de\/wp-json\/wp\/v2\/brand?post=3285"},{"taxonomy":"colour","embeddable":true,"href":"https:\/\/rozewines.com\/de\/wp-json\/wp\/v2\/colour?post=3285"},{"taxonomy":"flavour","embeddable":true,"href":"https:\/\/rozewines.com\/de\/wp-json\/wp\/v2\/flavour?post=3285"},{"taxonomy":"grape-variety","embeddable":true,"href":"https:\/\/rozewines.com\/de\/wp-json\/wp\/v2\/grape-variety?post=3285"},{"taxonomy":"harvest-year","embeddable":true,"href":"https:\/\/rozewines.com\/de\/wp-json\/wp\/v2\/harvest-year?post=3285"},{"taxonomy":"region","embeddable":true,"href":"https:\/\/rozewines.com\/de\/wp-json\/wp\/v2\/region?post=3285"},{"taxonomy":"size","embeddable":true,"href":"https:\/\/rozewines.com\/de\/wp-json\/wp\/v2\/size?post=3285"},{"taxonomy":"style","embeddable":true,"href":"https:\/\/rozewines.com\/de\/wp-json\/wp\/v2\/style?post=3285"},{"taxonomy":"technology","embeddable":true,"href":"https:\/\/rozewines.com\/de\/wp-json\/wp\/v2\/technology?post=3285"},{"taxonomy":"product_cat","embeddable":true,"href":"https:\/\/rozewines.com\/de\/wp-json\/wp\/v2\/product_cat?post=3285"},{"taxonomy":"product_tag","embeddable":true,"href":"https:\/\/rozewines.com\/de\/wp-json\/wp\/v2\/product_tag?post=3285"}],"curies":[{"name":"wp","href":"https:\/\/api.w.org\/{rel}","templated":true}]}}