{"id":3288,"date":"2024-05-09T00:20:42","date_gmt":"2024-05-09T00:20:42","guid":{"rendered":"https:\/\/rozewines.com\/product\/solomnishvili-we\/"},"modified":"2024-08-14T09:03:53","modified_gmt":"2024-08-14T09:03:53","slug":"solomnishvili-we","status":"publish","type":"product","link":"https:\/\/rozewines.com\/de\/produkt\/solomnishvili-we\/","title":{"rendered":"Solomnishvili &#8211; WE"},"content":{"rendered":"<p>Solomnishvili \u2013 WIR, ein bemerkenswerter Qvevri Saperavi, der \u00fcber gew\u00f6hnliche Erfahrungen hinausgeht. Dieser elegante und unvergessliche Wein l\u00e4sst uns durch seine komplexe Natur verzaubern, in der sich die Erdigkeit des Terroirs nahtlos mit Brombeere, Schokolade und Flieder verbindet. Jeder Schluck ist eine Reise durch verschiedene Geschmacksschichten und bietet ein unvergleichliches Sinneserlebnis, das noch lange anh\u00e4lt, nachdem das Glas leer ist. G\u00f6nnen Sie sich dieses exquisite Meisterwerk und entdecken Sie die Magie, die in jedem Guss steckt.<\/p>\n","protected":false},"excerpt":{"rendered":"<p>Solomnishvili \u2013 WIR, ein bemerkenswerter Qvevri Saperavi, der \u00fcber gew\u00f6hnliche Erfahrungen hinausgeht. Dieser elegante und unvergessliche Wein l\u00e4sst uns durch seine komplexe Natur verzaubern, in der sich die Erdigkeit des Terroirs nahtlos mit Brombeere, Schokolade und Flieder verbindet. Jeder Schluck ist eine Reise durch verschiedene Geschmacksschichten und bietet ein unvergleichliches Sinneserlebnis, das noch lange anh\u00e4lt, &hellip; <a href=\"https:\/\/rozewines.com\/de\/produkt\/solomnishvili-we\/\">Continued<\/a><\/p>\n","protected":false},"featured_media":3775,"comment_status":"closed","ping_status":"closed","template":"","meta":{"_acf_changed":false},"brand":[1790],"colour":[1140],"flavour":[1002,1027,1012],"grape-variety":[1283],"harvest-year":[1145],"region":[1294],"size":[1598],"style":[1271],"technology":[1117],"product_cat":[1382],"product_tag":[],"ams_default_variation_id":0,"ams_product_points_reward":[],"ams_product_discount_percentage":0,"ams_price_to_display":32,"acf":[],"ams_acf":[{"key":"food_pairings","label":"Food pairings","value":"Hamburger, gereifter K\u00e4se"},{"key":"alcohol_percentage","label":"Alcohol percentage","value":"13,5%"}],"yoast_head":"<!-- This site is optimized with the Yoast SEO plugin v22.6 - https:\/\/yoast.com\/wordpress\/plugins\/seo\/ -->\n<title>Solomnishvili - WE - Roze wines<\/title>\n<meta name=\"robots\" content=\"index, follow, max-snippet:-1, max-image-preview:large, max-video-preview:-1\" \/>\n<link rel=\"canonical\" href=\"https:\/\/rozewines.com\/de\/produkt\/solomnishvili-we\/\" \/>\n<meta property=\"og:locale\" content=\"de_DE\" \/>\n<meta property=\"og:type\" content=\"article\" \/>\n<meta property=\"og:title\" content=\"Solomnishvili - WE - Roze wines\" \/>\n<meta property=\"og:description\" content=\"Solomnishvili \u2013 WIR, ein bemerkenswerter Qvevri Saperavi, der \u00fcber gew\u00f6hnliche Erfahrungen hinausgeht. Dieser elegante und unvergessliche Wein l\u00e4sst uns durch seine komplexe Natur verzaubern, in der sich die Erdigkeit des Terroirs nahtlos mit Brombeere, Schokolade und Flieder verbindet. Jeder Schluck ist eine Reise durch verschiedene Geschmacksschichten und bietet ein unvergleichliches Sinneserlebnis, das noch lange anh\u00e4lt, &hellip; Continued\" \/>\n<meta property=\"og:url\" content=\"https:\/\/rozewines.com\/de\/produkt\/solomnishvili-we\/\" \/>\n<meta property=\"og:site_name\" content=\"Roze wines\" \/>\n<meta property=\"article:modified_time\" content=\"2024-08-14T09:03:53+00:00\" \/>\n<meta property=\"og:image\" content=\"https:\/\/rozewines.com\/app\/uploads\/2024\/05\/Solomnishvili-WE.jpg\" \/>\n\t<meta property=\"og:image:width\" content=\"7855\" \/>\n\t<meta property=\"og:image:height\" content=\"7855\" \/>\n\t<meta property=\"og:image:type\" content=\"image\/jpeg\" \/>\n<meta name=\"twitter:card\" content=\"summary_large_image\" \/>\n<script type=\"application\/ld+json\" class=\"yoast-schema-graph\">{\"@context\":\"https:\/\/schema.org\",\"@graph\":[{\"@type\":\"WebPage\",\"@id\":\"https:\/\/rozewines.com\/de\/produkt\/solomnishvili-we\/\",\"url\":\"https:\/\/rozewines.com\/de\/produkt\/solomnishvili-we\/\",\"name\":\"Solomnishvili - WE - Roze wines\",\"isPartOf\":{\"@id\":\"https:\/\/rozewines.com\/#website\"},\"primaryImageOfPage\":{\"@id\":\"https:\/\/rozewines.com\/de\/produkt\/solomnishvili-we\/#primaryimage\"},\"image\":{\"@id\":\"https:\/\/rozewines.com\/de\/produkt\/solomnishvili-we\/#primaryimage\"},\"thumbnailUrl\":\"https:\/\/rozewines.com\/app\/uploads\/2024\/05\/Solomnishvili-WE.jpg\",\"datePublished\":\"2024-05-09T00:20:42+00:00\",\"dateModified\":\"2024-08-14T09:03:53+00:00\",\"breadcrumb\":{\"@id\":\"https:\/\/rozewines.com\/de\/produkt\/solomnishvili-we\/#breadcrumb\"},\"inLanguage\":\"de-DE\",\"potentialAction\":[{\"@type\":\"ReadAction\",\"target\":[\"https:\/\/rozewines.com\/de\/produkt\/solomnishvili-we\/\"]}]},{\"@type\":\"ImageObject\",\"inLanguage\":\"de-DE\",\"@id\":\"https:\/\/rozewines.com\/de\/produkt\/solomnishvili-we\/#primaryimage\",\"url\":\"https:\/\/rozewines.com\/app\/uploads\/2024\/05\/Solomnishvili-WE.jpg\",\"contentUrl\":\"https:\/\/rozewines.com\/app\/uploads\/2024\/05\/Solomnishvili-WE.jpg\",\"width\":7855,\"height\":7855},{\"@type\":\"BreadcrumbList\",\"@id\":\"https:\/\/rozewines.com\/de\/produkt\/solomnishvili-we\/#breadcrumb\",\"itemListElement\":[{\"@type\":\"ListItem\",\"position\":1,\"name\":\"Home\",\"item\":\"https:\/\/rozewines.com\/de\/\"},{\"@type\":\"ListItem\",\"position\":2,\"name\":\"Unsere Weine\",\"item\":\"https:\/\/rozewines.com\/de\/musu-vins\/\"},{\"@type\":\"ListItem\",\"position\":3,\"name\":\"Solomnishvili &#8211; WE\"}]},{\"@type\":\"WebSite\",\"@id\":\"https:\/\/rozewines.com\/#website\",\"url\":\"https:\/\/rozewines.com\/\",\"name\":\"Roze wines\",\"description\":\"\",\"publisher\":{\"@id\":\"https:\/\/rozewines.com\/#organization\"},\"potentialAction\":[{\"@type\":\"SearchAction\",\"target\":{\"@type\":\"EntryPoint\",\"urlTemplate\":\"https:\/\/rozewines.com\/?s={search_term_string}\"},\"query-input\":\"required name=search_term_string\"}],\"inLanguage\":\"de-DE\"},{\"@type\":\"Organization\",\"@id\":\"https:\/\/rozewines.com\/#organization\",\"name\":\"Roze wines\",\"url\":\"https:\/\/rozewines.com\/\",\"logo\":{\"@type\":\"ImageObject\",\"inLanguage\":\"de-DE\",\"@id\":\"https:\/\/rozewines.com\/#\/schema\/logo\/image\/\",\"url\":\"https:\/\/rozewines.com\/app\/uploads\/2024\/05\/logo.svg\",\"contentUrl\":\"https:\/\/rozewines.com\/app\/uploads\/2024\/05\/logo.svg\",\"width\":144,\"height\":68,\"caption\":\"Roze wines\"},\"image\":{\"@id\":\"https:\/\/rozewines.com\/#\/schema\/logo\/image\/\"}}]}<\/script>\n<!-- \/ Yoast SEO plugin. -->","yoast_head_json":{"title":"Solomnishvili - WE - Roze wines","robots":{"index":"index","follow":"follow","max-snippet":"max-snippet:-1","max-image-preview":"max-image-preview:large","max-video-preview":"max-video-preview:-1"},"canonical":"https:\/\/rozewines.com\/de\/produkt\/solomnishvili-we\/","og_locale":"de_DE","og_type":"article","og_title":"Solomnishvili - WE - Roze wines","og_description":"Solomnishvili \u2013 WIR, ein bemerkenswerter Qvevri Saperavi, der \u00fcber gew\u00f6hnliche Erfahrungen hinausgeht. Dieser elegante und unvergessliche Wein l\u00e4sst uns durch seine komplexe Natur verzaubern, in der sich die Erdigkeit des Terroirs nahtlos mit Brombeere, Schokolade und Flieder verbindet. Jeder Schluck ist eine Reise durch verschiedene Geschmacksschichten und bietet ein unvergleichliches Sinneserlebnis, das noch lange anh\u00e4lt, &hellip; Continued","og_url":"https:\/\/rozewines.com\/de\/produkt\/solomnishvili-we\/","og_site_name":"Roze wines","article_modified_time":"2024-08-14T09:03:53+00:00","og_image":[{"width":7855,"height":7855,"url":"https:\/\/rozewines.com\/app\/uploads\/2024\/05\/Solomnishvili-WE.jpg","type":"image\/jpeg"}],"twitter_card":"summary_large_image","schema":{"@context":"https:\/\/schema.org","@graph":[{"@type":"WebPage","@id":"https:\/\/rozewines.com\/de\/produkt\/solomnishvili-we\/","url":"https:\/\/rozewines.com\/de\/produkt\/solomnishvili-we\/","name":"Solomnishvili - WE - Roze wines","isPartOf":{"@id":"https:\/\/rozewines.com\/#website"},"primaryImageOfPage":{"@id":"https:\/\/rozewines.com\/de\/produkt\/solomnishvili-we\/#primaryimage"},"image":{"@id":"https:\/\/rozewines.com\/de\/produkt\/solomnishvili-we\/#primaryimage"},"thumbnailUrl":"https:\/\/rozewines.com\/app\/uploads\/2024\/05\/Solomnishvili-WE.jpg","datePublished":"2024-05-09T00:20:42+00:00","dateModified":"2024-08-14T09:03:53+00:00","breadcrumb":{"@id":"https:\/\/rozewines.com\/de\/produkt\/solomnishvili-we\/#breadcrumb"},"inLanguage":"de-DE","potentialAction":[{"@type":"ReadAction","target":["https:\/\/rozewines.com\/de\/produkt\/solomnishvili-we\/"]}]},{"@type":"ImageObject","inLanguage":"de-DE","@id":"https:\/\/rozewines.com\/de\/produkt\/solomnishvili-we\/#primaryimage","url":"https:\/\/rozewines.com\/app\/uploads\/2024\/05\/Solomnishvili-WE.jpg","contentUrl":"https:\/\/rozewines.com\/app\/uploads\/2024\/05\/Solomnishvili-WE.jpg","width":7855,"height":7855},{"@type":"BreadcrumbList","@id":"https:\/\/rozewines.com\/de\/produkt\/solomnishvili-we\/#breadcrumb","itemListElement":[{"@type":"ListItem","position":1,"name":"Home","item":"https:\/\/rozewines.com\/de\/"},{"@type":"ListItem","position":2,"name":"Unsere Weine","item":"https:\/\/rozewines.com\/de\/musu-vins\/"},{"@type":"ListItem","position":3,"name":"Solomnishvili &#8211; WE"}]},{"@type":"WebSite","@id":"https:\/\/rozewines.com\/#website","url":"https:\/\/rozewines.com\/","name":"Roze wines","description":"","publisher":{"@id":"https:\/\/rozewines.com\/#organization"},"potentialAction":[{"@type":"SearchAction","target":{"@type":"EntryPoint","urlTemplate":"https:\/\/rozewines.com\/?s={search_term_string}"},"query-input":"required name=search_term_string"}],"inLanguage":"de-DE"},{"@type":"Organization","@id":"https:\/\/rozewines.com\/#organization","name":"Roze wines","url":"https:\/\/rozewines.com\/","logo":{"@type":"ImageObject","inLanguage":"de-DE","@id":"https:\/\/rozewines.com\/#\/schema\/logo\/image\/","url":"https:\/\/rozewines.com\/app\/uploads\/2024\/05\/logo.svg","contentUrl":"https:\/\/rozewines.com\/app\/uploads\/2024\/05\/logo.svg","width":144,"height":68,"caption":"Roze wines"},"image":{"@id":"https:\/\/rozewines.com\/#\/schema\/logo\/image\/"}}]}},"_links":{"self":[{"href":"https:\/\/rozewines.com\/de\/wp-json\/wp\/v2\/product\/3288"}],"collection":[{"href":"https:\/\/rozewines.com\/de\/wp-json\/wp\/v2\/product"}],"about":[{"href":"https:\/\/rozewines.com\/de\/wp-json\/wp\/v2\/types\/product"}],"replies":[{"embeddable":true,"href":"https:\/\/rozewines.com\/de\/wp-json\/wp\/v2\/comments?post=3288"}],"wp:featuredmedia":[{"embeddable":true,"href":"https:\/\/rozewines.com\/de\/wp-json\/wp\/v2\/media\/3775"}],"wp:attachment":[{"href":"https:\/\/rozewines.com\/de\/wp-json\/wp\/v2\/media?parent=3288"}],"wp:term":[{"taxonomy":"brand","embeddable":true,"href":"https:\/\/rozewines.com\/de\/wp-json\/wp\/v2\/brand?post=3288"},{"taxonomy":"colour","embeddable":true,"href":"https:\/\/rozewines.com\/de\/wp-json\/wp\/v2\/colour?post=3288"},{"taxonomy":"flavour","embeddable":true,"href":"https:\/\/rozewines.com\/de\/wp-json\/wp\/v2\/flavour?post=3288"},{"taxonomy":"grape-variety","embeddable":true,"href":"https:\/\/rozewines.com\/de\/wp-json\/wp\/v2\/grape-variety?post=3288"},{"taxonomy":"harvest-year","embeddable":true,"href":"https:\/\/rozewines.com\/de\/wp-json\/wp\/v2\/harvest-year?post=3288"},{"taxonomy":"region","embeddable":true,"href":"https:\/\/rozewines.com\/de\/wp-json\/wp\/v2\/region?post=3288"},{"taxonomy":"size","embeddable":true,"href":"https:\/\/rozewines.com\/de\/wp-json\/wp\/v2\/size?post=3288"},{"taxonomy":"style","embeddable":true,"href":"https:\/\/rozewines.com\/de\/wp-json\/wp\/v2\/style?post=3288"},{"taxonomy":"technology","embeddable":true,"href":"https:\/\/rozewines.com\/de\/wp-json\/wp\/v2\/technology?post=3288"},{"taxonomy":"product_cat","embeddable":true,"href":"https:\/\/rozewines.com\/de\/wp-json\/wp\/v2\/product_cat?post=3288"},{"taxonomy":"product_tag","embeddable":true,"href":"https:\/\/rozewines.com\/de\/wp-json\/wp\/v2\/product_tag?post=3288"}],"curies":[{"name":"wp","href":"https:\/\/api.w.org\/{rel}","templated":true}]}}