{"id":3298,"date":"2024-05-09T00:20:53","date_gmt":"2024-05-09T00:20:53","guid":{"rendered":"https:\/\/rozewines.com\/product\/marbano-khashmi-saperavi-qvevri-2019\/"},"modified":"2024-08-14T09:03:31","modified_gmt":"2024-08-14T09:03:31","slug":"marbano-khashmi-saperavi-qvevri-2019","status":"publish","type":"product","link":"https:\/\/rozewines.com\/de\/produkt\/marbano-khashmi-saperavi-qvevri-2019\/","title":{"rendered":"Marbano &#8211; Khashmi Saperavi Qvevri 2019"},"content":{"rendered":"<p>Marbano &#8211; Khashmi Saperavi Qvevri 2019, ein robuster Qvevri-Wein aus der Appellation Khashmi. Dieser vollmundige Jahrgang verf\u00fcgt \u00fcber ein energisches Profil, das durch seine lebendige S\u00e4ure und strukturierte Tannine gekennzeichnet ist. Atemberaubende Aromen von reifen schwarzen Johannisbeeren, erdigen feuchten Bl\u00e4ttern, zarter Akazie und einem Hauch von Veilchen. Mit seinen kr\u00e4ftigen Aromen und dem unverwechselbaren Terroir hat der Wein eine energische Wirkung mit frischer S\u00e4ure und Tanninen, die sich in einem langen Abgang fortsetzt.<\/p>\n","protected":false},"excerpt":{"rendered":"<p>Marbano &#8211; Khashmi Saperavi Qvevri 2019, ein robuster Qvevri-Wein aus der Appellation Khashmi. Dieser vollmundige Jahrgang verf\u00fcgt \u00fcber ein energisches Profil, das durch seine lebendige S\u00e4ure und strukturierte Tannine gekennzeichnet ist. Atemberaubende Aromen von reifen schwarzen Johannisbeeren, erdigen feuchten Bl\u00e4ttern, zarter Akazie und einem Hauch von Veilchen. Mit seinen kr\u00e4ftigen Aromen und dem unverwechselbaren Terroir &hellip; <a href=\"https:\/\/rozewines.com\/de\/produkt\/marbano-khashmi-saperavi-qvevri-2019\/\">Continued<\/a><\/p>\n","protected":false},"featured_media":3619,"comment_status":"closed","ping_status":"closed","template":"","meta":{"_acf_changed":false},"brand":[1778],"colour":[1140],"flavour":[992,1088,1004],"grape-variety":[1283],"harvest-year":[1151],"region":[1297],"size":[1598],"style":[1271],"technology":[1118],"product_cat":[1382],"product_tag":[],"ams_default_variation_id":0,"ams_product_points_reward":[],"ams_product_discount_percentage":0,"ams_price_to_display":32.5,"acf":[],"ams_acf":[{"key":"food_pairings","label":"Food pairings","value":"Schweinesteak, Rindereintopf"},{"key":"alcohol_percentage","label":"Alcohol percentage","value":"14,5%"},{"key":"details","label":"Details","value":{"":null,"acidity":"4","body":"5","sweetness":"0","tannin":"4"}},{"key":"zero_sulfites","label":"Zero sulfites","value":false}],"yoast_head":"<!-- This site is optimized with the Yoast SEO plugin v22.6 - https:\/\/yoast.com\/wordpress\/plugins\/seo\/ -->\n<title>Marbano - Khashmi Saperavi Qvevri 2019 - Roze wines<\/title>\n<meta name=\"robots\" content=\"index, follow, max-snippet:-1, max-image-preview:large, max-video-preview:-1\" \/>\n<link rel=\"canonical\" href=\"https:\/\/rozewines.com\/produkt\/marbano-khashmi-saperavi-qvevri-2019\/\" \/>\n<meta property=\"og:locale\" content=\"de_DE\" \/>\n<meta property=\"og:type\" content=\"article\" \/>\n<meta property=\"og:title\" content=\"Marbano - Khashmi Saperavi Qvevri 2019 - Roze wines\" \/>\n<meta property=\"og:description\" content=\"Marbano &#8211; Khashmi Saperavi Qvevri 2019, ein robuster Qvevri-Wein aus der Appellation Khashmi. Dieser vollmundige Jahrgang verf\u00fcgt \u00fcber ein energisches Profil, das durch seine lebendige S\u00e4ure und strukturierte Tannine gekennzeichnet ist. Atemberaubende Aromen von reifen schwarzen Johannisbeeren, erdigen feuchten Bl\u00e4ttern, zarter Akazie und einem Hauch von Veilchen. Mit seinen kr\u00e4ftigen Aromen und dem unverwechselbaren Terroir &hellip; Continued\" \/>\n<meta property=\"og:url\" content=\"https:\/\/rozewines.com\/produkt\/marbano-khashmi-saperavi-qvevri-2019\/\" \/>\n<meta property=\"og:site_name\" content=\"Roze wines\" \/>\n<meta property=\"article:modified_time\" content=\"2024-08-14T09:03:31+00:00\" \/>\n<meta property=\"og:image\" content=\"https:\/\/rozewines.com\/app\/uploads\/2024\/05\/Marbano-Khashmi-Saperavi-Qvevri-2019-scaled.jpg\" \/>\n\t<meta property=\"og:image:width\" content=\"2560\" \/>\n\t<meta property=\"og:image:height\" content=\"2560\" \/>\n\t<meta property=\"og:image:type\" content=\"image\/jpeg\" \/>\n<meta name=\"twitter:card\" content=\"summary_large_image\" \/>\n<script type=\"application\/ld+json\" class=\"yoast-schema-graph\">{\"@context\":\"https:\/\/schema.org\",\"@graph\":[{\"@type\":\"WebPage\",\"@id\":\"https:\/\/rozewines.com\/produkt\/marbano-khashmi-saperavi-qvevri-2019\/\",\"url\":\"https:\/\/rozewines.com\/produkt\/marbano-khashmi-saperavi-qvevri-2019\/\",\"name\":\"Marbano - Khashmi Saperavi Qvevri 2019 - Roze wines\",\"isPartOf\":{\"@id\":\"https:\/\/rozewines.com\/#website\"},\"primaryImageOfPage\":{\"@id\":\"https:\/\/rozewines.com\/produkt\/marbano-khashmi-saperavi-qvevri-2019\/#primaryimage\"},\"image\":{\"@id\":\"https:\/\/rozewines.com\/produkt\/marbano-khashmi-saperavi-qvevri-2019\/#primaryimage\"},\"thumbnailUrl\":\"https:\/\/rozewines.com\/app\/uploads\/2024\/05\/Marbano-Khashmi-Saperavi-Qvevri-2019-scaled.jpg\",\"datePublished\":\"2024-05-09T00:20:53+00:00\",\"dateModified\":\"2024-08-14T09:03:31+00:00\",\"breadcrumb\":{\"@id\":\"https:\/\/rozewines.com\/produkt\/marbano-khashmi-saperavi-qvevri-2019\/#breadcrumb\"},\"inLanguage\":\"de-DE\",\"potentialAction\":[{\"@type\":\"ReadAction\",\"target\":[\"https:\/\/rozewines.com\/produkt\/marbano-khashmi-saperavi-qvevri-2019\/\"]}]},{\"@type\":\"ImageObject\",\"inLanguage\":\"de-DE\",\"@id\":\"https:\/\/rozewines.com\/produkt\/marbano-khashmi-saperavi-qvevri-2019\/#primaryimage\",\"url\":\"https:\/\/rozewines.com\/app\/uploads\/2024\/05\/Marbano-Khashmi-Saperavi-Qvevri-2019-scaled.jpg\",\"contentUrl\":\"https:\/\/rozewines.com\/app\/uploads\/2024\/05\/Marbano-Khashmi-Saperavi-Qvevri-2019-scaled.jpg\",\"width\":2560,\"height\":2560},{\"@type\":\"BreadcrumbList\",\"@id\":\"https:\/\/rozewines.com\/produkt\/marbano-khashmi-saperavi-qvevri-2019\/#breadcrumb\",\"itemListElement\":[{\"@type\":\"ListItem\",\"position\":1,\"name\":\"Home\",\"item\":\"https:\/\/rozewines.com\/de\/\"},{\"@type\":\"ListItem\",\"position\":2,\"name\":\"Unsere Weine\",\"item\":\"https:\/\/rozewines.com\/de\/musu-vins\/\"},{\"@type\":\"ListItem\",\"position\":3,\"name\":\"Marbano &#8211; Khashmi Saperavi Qvevri 2019\"}]},{\"@type\":\"WebSite\",\"@id\":\"https:\/\/rozewines.com\/#website\",\"url\":\"https:\/\/rozewines.com\/\",\"name\":\"Roze wines\",\"description\":\"\",\"publisher\":{\"@id\":\"https:\/\/rozewines.com\/#organization\"},\"potentialAction\":[{\"@type\":\"SearchAction\",\"target\":{\"@type\":\"EntryPoint\",\"urlTemplate\":\"https:\/\/rozewines.com\/?s={search_term_string}\"},\"query-input\":\"required name=search_term_string\"}],\"inLanguage\":\"de-DE\"},{\"@type\":\"Organization\",\"@id\":\"https:\/\/rozewines.com\/#organization\",\"name\":\"Roze wines\",\"url\":\"https:\/\/rozewines.com\/\",\"logo\":{\"@type\":\"ImageObject\",\"inLanguage\":\"de-DE\",\"@id\":\"https:\/\/rozewines.com\/#\/schema\/logo\/image\/\",\"url\":\"https:\/\/rozewines.com\/app\/uploads\/2024\/05\/logo.svg\",\"contentUrl\":\"https:\/\/rozewines.com\/app\/uploads\/2024\/05\/logo.svg\",\"width\":144,\"height\":68,\"caption\":\"Roze wines\"},\"image\":{\"@id\":\"https:\/\/rozewines.com\/#\/schema\/logo\/image\/\"}}]}<\/script>\n<!-- \/ Yoast SEO plugin. -->","yoast_head_json":{"title":"Marbano - Khashmi Saperavi Qvevri 2019 - Roze wines","robots":{"index":"index","follow":"follow","max-snippet":"max-snippet:-1","max-image-preview":"max-image-preview:large","max-video-preview":"max-video-preview:-1"},"canonical":"https:\/\/rozewines.com\/produkt\/marbano-khashmi-saperavi-qvevri-2019\/","og_locale":"de_DE","og_type":"article","og_title":"Marbano - Khashmi Saperavi Qvevri 2019 - Roze wines","og_description":"Marbano &#8211; Khashmi Saperavi Qvevri 2019, ein robuster Qvevri-Wein aus der Appellation Khashmi. Dieser vollmundige Jahrgang verf\u00fcgt \u00fcber ein energisches Profil, das durch seine lebendige S\u00e4ure und strukturierte Tannine gekennzeichnet ist. Atemberaubende Aromen von reifen schwarzen Johannisbeeren, erdigen feuchten Bl\u00e4ttern, zarter Akazie und einem Hauch von Veilchen. Mit seinen kr\u00e4ftigen Aromen und dem unverwechselbaren Terroir &hellip; Continued","og_url":"https:\/\/rozewines.com\/produkt\/marbano-khashmi-saperavi-qvevri-2019\/","og_site_name":"Roze wines","article_modified_time":"2024-08-14T09:03:31+00:00","og_image":[{"width":2560,"height":2560,"url":"https:\/\/rozewines.com\/app\/uploads\/2024\/05\/Marbano-Khashmi-Saperavi-Qvevri-2019-scaled.jpg","type":"image\/jpeg"}],"twitter_card":"summary_large_image","schema":{"@context":"https:\/\/schema.org","@graph":[{"@type":"WebPage","@id":"https:\/\/rozewines.com\/produkt\/marbano-khashmi-saperavi-qvevri-2019\/","url":"https:\/\/rozewines.com\/produkt\/marbano-khashmi-saperavi-qvevri-2019\/","name":"Marbano - Khashmi Saperavi Qvevri 2019 - Roze wines","isPartOf":{"@id":"https:\/\/rozewines.com\/#website"},"primaryImageOfPage":{"@id":"https:\/\/rozewines.com\/produkt\/marbano-khashmi-saperavi-qvevri-2019\/#primaryimage"},"image":{"@id":"https:\/\/rozewines.com\/produkt\/marbano-khashmi-saperavi-qvevri-2019\/#primaryimage"},"thumbnailUrl":"https:\/\/rozewines.com\/app\/uploads\/2024\/05\/Marbano-Khashmi-Saperavi-Qvevri-2019-scaled.jpg","datePublished":"2024-05-09T00:20:53+00:00","dateModified":"2024-08-14T09:03:31+00:00","breadcrumb":{"@id":"https:\/\/rozewines.com\/produkt\/marbano-khashmi-saperavi-qvevri-2019\/#breadcrumb"},"inLanguage":"de-DE","potentialAction":[{"@type":"ReadAction","target":["https:\/\/rozewines.com\/produkt\/marbano-khashmi-saperavi-qvevri-2019\/"]}]},{"@type":"ImageObject","inLanguage":"de-DE","@id":"https:\/\/rozewines.com\/produkt\/marbano-khashmi-saperavi-qvevri-2019\/#primaryimage","url":"https:\/\/rozewines.com\/app\/uploads\/2024\/05\/Marbano-Khashmi-Saperavi-Qvevri-2019-scaled.jpg","contentUrl":"https:\/\/rozewines.com\/app\/uploads\/2024\/05\/Marbano-Khashmi-Saperavi-Qvevri-2019-scaled.jpg","width":2560,"height":2560},{"@type":"BreadcrumbList","@id":"https:\/\/rozewines.com\/produkt\/marbano-khashmi-saperavi-qvevri-2019\/#breadcrumb","itemListElement":[{"@type":"ListItem","position":1,"name":"Home","item":"https:\/\/rozewines.com\/de\/"},{"@type":"ListItem","position":2,"name":"Unsere Weine","item":"https:\/\/rozewines.com\/de\/musu-vins\/"},{"@type":"ListItem","position":3,"name":"Marbano &#8211; Khashmi Saperavi Qvevri 2019"}]},{"@type":"WebSite","@id":"https:\/\/rozewines.com\/#website","url":"https:\/\/rozewines.com\/","name":"Roze wines","description":"","publisher":{"@id":"https:\/\/rozewines.com\/#organization"},"potentialAction":[{"@type":"SearchAction","target":{"@type":"EntryPoint","urlTemplate":"https:\/\/rozewines.com\/?s={search_term_string}"},"query-input":"required name=search_term_string"}],"inLanguage":"de-DE"},{"@type":"Organization","@id":"https:\/\/rozewines.com\/#organization","name":"Roze wines","url":"https:\/\/rozewines.com\/","logo":{"@type":"ImageObject","inLanguage":"de-DE","@id":"https:\/\/rozewines.com\/#\/schema\/logo\/image\/","url":"https:\/\/rozewines.com\/app\/uploads\/2024\/05\/logo.svg","contentUrl":"https:\/\/rozewines.com\/app\/uploads\/2024\/05\/logo.svg","width":144,"height":68,"caption":"Roze wines"},"image":{"@id":"https:\/\/rozewines.com\/#\/schema\/logo\/image\/"}}]}},"_links":{"self":[{"href":"https:\/\/rozewines.com\/de\/wp-json\/wp\/v2\/product\/3298"}],"collection":[{"href":"https:\/\/rozewines.com\/de\/wp-json\/wp\/v2\/product"}],"about":[{"href":"https:\/\/rozewines.com\/de\/wp-json\/wp\/v2\/types\/product"}],"replies":[{"embeddable":true,"href":"https:\/\/rozewines.com\/de\/wp-json\/wp\/v2\/comments?post=3298"}],"wp:featuredmedia":[{"embeddable":true,"href":"https:\/\/rozewines.com\/de\/wp-json\/wp\/v2\/media\/3619"}],"wp:attachment":[{"href":"https:\/\/rozewines.com\/de\/wp-json\/wp\/v2\/media?parent=3298"}],"wp:term":[{"taxonomy":"brand","embeddable":true,"href":"https:\/\/rozewines.com\/de\/wp-json\/wp\/v2\/brand?post=3298"},{"taxonomy":"colour","embeddable":true,"href":"https:\/\/rozewines.com\/de\/wp-json\/wp\/v2\/colour?post=3298"},{"taxonomy":"flavour","embeddable":true,"href":"https:\/\/rozewines.com\/de\/wp-json\/wp\/v2\/flavour?post=3298"},{"taxonomy":"grape-variety","embeddable":true,"href":"https:\/\/rozewines.com\/de\/wp-json\/wp\/v2\/grape-variety?post=3298"},{"taxonomy":"harvest-year","embeddable":true,"href":"https:\/\/rozewines.com\/de\/wp-json\/wp\/v2\/harvest-year?post=3298"},{"taxonomy":"region","embeddable":true,"href":"https:\/\/rozewines.com\/de\/wp-json\/wp\/v2\/region?post=3298"},{"taxonomy":"size","embeddable":true,"href":"https:\/\/rozewines.com\/de\/wp-json\/wp\/v2\/size?post=3298"},{"taxonomy":"style","embeddable":true,"href":"https:\/\/rozewines.com\/de\/wp-json\/wp\/v2\/style?post=3298"},{"taxonomy":"technology","embeddable":true,"href":"https:\/\/rozewines.com\/de\/wp-json\/wp\/v2\/technology?post=3298"},{"taxonomy":"product_cat","embeddable":true,"href":"https:\/\/rozewines.com\/de\/wp-json\/wp\/v2\/product_cat?post=3298"},{"taxonomy":"product_tag","embeddable":true,"href":"https:\/\/rozewines.com\/de\/wp-json\/wp\/v2\/product_tag?post=3298"}],"curies":[{"name":"wp","href":"https:\/\/api.w.org\/{rel}","templated":true}]}}