{"id":3302,"date":"2024-05-09T00:20:53","date_gmt":"2024-05-09T00:20:53","guid":{"rendered":"https:\/\/rozewines.com\/product\/zangaura-saperavi-qvevri\/"},"modified":"2024-08-14T09:03:30","modified_gmt":"2024-08-14T09:03:30","slug":"zangaura-saperavi-qvevri","status":"publish","type":"product","link":"https:\/\/rozewines.com\/de\/produkt\/zangaura-saperavi-qvevri\/","title":{"rendered":"Zangaura &#8211; Saperavi Qvevri"},"content":{"rendered":"<p>Zangaura \u2013 Saperavi Qvevri, ein vollmundiger Rotwein aus Qvevri, der f\u00fcr seine Komplexit\u00e4t und seine faszinierenden Aromen bekannt ist. Dieser mit Sorgfalt in traditionellen Qvevri-Gef\u00e4ssen hergestellte Wein bietet ein reichhaltiges und vielschichtiges Geschmackserlebnis, das das einzigartige Terroir seiner Herkunft widerspiegelt. Wundersch\u00f6ne Aromen von reifen schwarzen Johannisbeeren, erdigen Pilzen, Feigen und einem Hauch der Essenz der Erde. Mit seinem vollmundigen Charakter und seinem komplexen Geschmacksprofil ist Saperavi Qvevri ein Wein, den man langsam genie\u00dfen sollte und der mit jedem Schluck eine Entdeckungsreise verspricht.<\/p>\n","protected":false},"excerpt":{"rendered":"<p>Zangaura \u2013 Saperavi Qvevri, ein vollmundiger Rotwein aus Qvevri, der f\u00fcr seine Komplexit\u00e4t und seine faszinierenden Aromen bekannt ist. Dieser mit Sorgfalt in traditionellen Qvevri-Gef\u00e4ssen hergestellte Wein bietet ein reichhaltiges und vielschichtiges Geschmackserlebnis, das das einzigartige Terroir seiner Herkunft widerspiegelt. Wundersch\u00f6ne Aromen von reifen schwarzen Johannisbeeren, erdigen Pilzen, Feigen und einem Hauch der Essenz der &hellip; <a href=\"https:\/\/rozewines.com\/de\/produkt\/zangaura-saperavi-qvevri\/\">Continued<\/a><\/p>\n","protected":false},"featured_media":3927,"comment_status":"closed","ping_status":"closed","template":"","meta":{"_acf_changed":false},"brand":[1791],"colour":[1140],"flavour":[1030,1055,1004],"grape-variety":[1283],"harvest-year":[],"region":[1294],"size":[1598],"style":[1271],"technology":[1118],"product_cat":[1382],"product_tag":[],"ams_default_variation_id":0,"ams_product_points_reward":[],"ams_product_discount_percentage":0,"ams_price_to_display":15,"acf":[],"ams_acf":[{"key":"food_pairings","label":"Food pairings","value":"Pilzrisotto, Rinderschnitzel"},{"key":"alcohol_percentage","label":"Alcohol percentage","value":"14%"},{"key":"details","label":"Details","value":{"":null,"acidity":"4","body":"4","sweetness":"0","tannin":"3"}}],"yoast_head":"<!-- This site is optimized with the Yoast SEO plugin v22.6 - https:\/\/yoast.com\/wordpress\/plugins\/seo\/ -->\n<title>Zangaura - Saperavi Qvevri - Roze wines<\/title>\n<meta name=\"robots\" content=\"index, follow, max-snippet:-1, max-image-preview:large, max-video-preview:-1\" \/>\n<link rel=\"canonical\" href=\"https:\/\/rozewines.com\/produkt\/zangaura-saperavi-qvevri\/\" \/>\n<meta property=\"og:locale\" content=\"de_DE\" \/>\n<meta property=\"og:type\" content=\"article\" \/>\n<meta property=\"og:title\" content=\"Zangaura - Saperavi Qvevri - Roze wines\" \/>\n<meta property=\"og:description\" content=\"Zangaura \u2013 Saperavi Qvevri, ein vollmundiger Rotwein aus Qvevri, der f\u00fcr seine Komplexit\u00e4t und seine faszinierenden Aromen bekannt ist. Dieser mit Sorgfalt in traditionellen Qvevri-Gef\u00e4ssen hergestellte Wein bietet ein reichhaltiges und vielschichtiges Geschmackserlebnis, das das einzigartige Terroir seiner Herkunft widerspiegelt. Wundersch\u00f6ne Aromen von reifen schwarzen Johannisbeeren, erdigen Pilzen, Feigen und einem Hauch der Essenz der &hellip; Continued\" \/>\n<meta property=\"og:url\" content=\"https:\/\/rozewines.com\/produkt\/zangaura-saperavi-qvevri\/\" \/>\n<meta property=\"og:site_name\" content=\"Roze wines\" \/>\n<meta property=\"article:modified_time\" content=\"2024-08-14T09:03:30+00:00\" \/>\n<meta property=\"og:image\" content=\"https:\/\/rozewines.com\/app\/uploads\/2024\/05\/Zangaura-Saperavi-qvevri-scaled.jpg\" \/>\n\t<meta property=\"og:image:width\" content=\"2560\" \/>\n\t<meta property=\"og:image:height\" content=\"2560\" \/>\n\t<meta property=\"og:image:type\" content=\"image\/jpeg\" \/>\n<meta name=\"twitter:card\" content=\"summary_large_image\" \/>\n<script type=\"application\/ld+json\" class=\"yoast-schema-graph\">{\"@context\":\"https:\/\/schema.org\",\"@graph\":[{\"@type\":\"WebPage\",\"@id\":\"https:\/\/rozewines.com\/produkt\/zangaura-saperavi-qvevri\/\",\"url\":\"https:\/\/rozewines.com\/produkt\/zangaura-saperavi-qvevri\/\",\"name\":\"Zangaura - Saperavi Qvevri - Roze wines\",\"isPartOf\":{\"@id\":\"https:\/\/rozewines.com\/#website\"},\"primaryImageOfPage\":{\"@id\":\"https:\/\/rozewines.com\/produkt\/zangaura-saperavi-qvevri\/#primaryimage\"},\"image\":{\"@id\":\"https:\/\/rozewines.com\/produkt\/zangaura-saperavi-qvevri\/#primaryimage\"},\"thumbnailUrl\":\"https:\/\/rozewines.com\/app\/uploads\/2024\/05\/Zangaura-Saperavi-qvevri-scaled.jpg\",\"datePublished\":\"2024-05-09T00:20:53+00:00\",\"dateModified\":\"2024-08-14T09:03:30+00:00\",\"breadcrumb\":{\"@id\":\"https:\/\/rozewines.com\/produkt\/zangaura-saperavi-qvevri\/#breadcrumb\"},\"inLanguage\":\"de-DE\",\"potentialAction\":[{\"@type\":\"ReadAction\",\"target\":[\"https:\/\/rozewines.com\/produkt\/zangaura-saperavi-qvevri\/\"]}]},{\"@type\":\"ImageObject\",\"inLanguage\":\"de-DE\",\"@id\":\"https:\/\/rozewines.com\/produkt\/zangaura-saperavi-qvevri\/#primaryimage\",\"url\":\"https:\/\/rozewines.com\/app\/uploads\/2024\/05\/Zangaura-Saperavi-qvevri-scaled.jpg\",\"contentUrl\":\"https:\/\/rozewines.com\/app\/uploads\/2024\/05\/Zangaura-Saperavi-qvevri-scaled.jpg\",\"width\":2560,\"height\":2560},{\"@type\":\"BreadcrumbList\",\"@id\":\"https:\/\/rozewines.com\/produkt\/zangaura-saperavi-qvevri\/#breadcrumb\",\"itemListElement\":[{\"@type\":\"ListItem\",\"position\":1,\"name\":\"Home\",\"item\":\"https:\/\/rozewines.com\/de\/\"},{\"@type\":\"ListItem\",\"position\":2,\"name\":\"Unsere Weine\",\"item\":\"https:\/\/rozewines.com\/de\/musu-vins\/\"},{\"@type\":\"ListItem\",\"position\":3,\"name\":\"Zangaura &#8211; Saperavi Qvevri\"}]},{\"@type\":\"WebSite\",\"@id\":\"https:\/\/rozewines.com\/#website\",\"url\":\"https:\/\/rozewines.com\/\",\"name\":\"Roze wines\",\"description\":\"\",\"publisher\":{\"@id\":\"https:\/\/rozewines.com\/#organization\"},\"potentialAction\":[{\"@type\":\"SearchAction\",\"target\":{\"@type\":\"EntryPoint\",\"urlTemplate\":\"https:\/\/rozewines.com\/?s={search_term_string}\"},\"query-input\":\"required name=search_term_string\"}],\"inLanguage\":\"de-DE\"},{\"@type\":\"Organization\",\"@id\":\"https:\/\/rozewines.com\/#organization\",\"name\":\"Roze wines\",\"url\":\"https:\/\/rozewines.com\/\",\"logo\":{\"@type\":\"ImageObject\",\"inLanguage\":\"de-DE\",\"@id\":\"https:\/\/rozewines.com\/#\/schema\/logo\/image\/\",\"url\":\"https:\/\/rozewines.com\/app\/uploads\/2024\/05\/logo.svg\",\"contentUrl\":\"https:\/\/rozewines.com\/app\/uploads\/2024\/05\/logo.svg\",\"width\":144,\"height\":68,\"caption\":\"Roze wines\"},\"image\":{\"@id\":\"https:\/\/rozewines.com\/#\/schema\/logo\/image\/\"}}]}<\/script>\n<!-- \/ Yoast SEO plugin. -->","yoast_head_json":{"title":"Zangaura - Saperavi Qvevri - Roze wines","robots":{"index":"index","follow":"follow","max-snippet":"max-snippet:-1","max-image-preview":"max-image-preview:large","max-video-preview":"max-video-preview:-1"},"canonical":"https:\/\/rozewines.com\/produkt\/zangaura-saperavi-qvevri\/","og_locale":"de_DE","og_type":"article","og_title":"Zangaura - Saperavi Qvevri - Roze wines","og_description":"Zangaura \u2013 Saperavi Qvevri, ein vollmundiger Rotwein aus Qvevri, der f\u00fcr seine Komplexit\u00e4t und seine faszinierenden Aromen bekannt ist. Dieser mit Sorgfalt in traditionellen Qvevri-Gef\u00e4ssen hergestellte Wein bietet ein reichhaltiges und vielschichtiges Geschmackserlebnis, das das einzigartige Terroir seiner Herkunft widerspiegelt. Wundersch\u00f6ne Aromen von reifen schwarzen Johannisbeeren, erdigen Pilzen, Feigen und einem Hauch der Essenz der &hellip; Continued","og_url":"https:\/\/rozewines.com\/produkt\/zangaura-saperavi-qvevri\/","og_site_name":"Roze wines","article_modified_time":"2024-08-14T09:03:30+00:00","og_image":[{"width":2560,"height":2560,"url":"https:\/\/rozewines.com\/app\/uploads\/2024\/05\/Zangaura-Saperavi-qvevri-scaled.jpg","type":"image\/jpeg"}],"twitter_card":"summary_large_image","schema":{"@context":"https:\/\/schema.org","@graph":[{"@type":"WebPage","@id":"https:\/\/rozewines.com\/produkt\/zangaura-saperavi-qvevri\/","url":"https:\/\/rozewines.com\/produkt\/zangaura-saperavi-qvevri\/","name":"Zangaura - Saperavi Qvevri - Roze wines","isPartOf":{"@id":"https:\/\/rozewines.com\/#website"},"primaryImageOfPage":{"@id":"https:\/\/rozewines.com\/produkt\/zangaura-saperavi-qvevri\/#primaryimage"},"image":{"@id":"https:\/\/rozewines.com\/produkt\/zangaura-saperavi-qvevri\/#primaryimage"},"thumbnailUrl":"https:\/\/rozewines.com\/app\/uploads\/2024\/05\/Zangaura-Saperavi-qvevri-scaled.jpg","datePublished":"2024-05-09T00:20:53+00:00","dateModified":"2024-08-14T09:03:30+00:00","breadcrumb":{"@id":"https:\/\/rozewines.com\/produkt\/zangaura-saperavi-qvevri\/#breadcrumb"},"inLanguage":"de-DE","potentialAction":[{"@type":"ReadAction","target":["https:\/\/rozewines.com\/produkt\/zangaura-saperavi-qvevri\/"]}]},{"@type":"ImageObject","inLanguage":"de-DE","@id":"https:\/\/rozewines.com\/produkt\/zangaura-saperavi-qvevri\/#primaryimage","url":"https:\/\/rozewines.com\/app\/uploads\/2024\/05\/Zangaura-Saperavi-qvevri-scaled.jpg","contentUrl":"https:\/\/rozewines.com\/app\/uploads\/2024\/05\/Zangaura-Saperavi-qvevri-scaled.jpg","width":2560,"height":2560},{"@type":"BreadcrumbList","@id":"https:\/\/rozewines.com\/produkt\/zangaura-saperavi-qvevri\/#breadcrumb","itemListElement":[{"@type":"ListItem","position":1,"name":"Home","item":"https:\/\/rozewines.com\/de\/"},{"@type":"ListItem","position":2,"name":"Unsere Weine","item":"https:\/\/rozewines.com\/de\/musu-vins\/"},{"@type":"ListItem","position":3,"name":"Zangaura &#8211; Saperavi Qvevri"}]},{"@type":"WebSite","@id":"https:\/\/rozewines.com\/#website","url":"https:\/\/rozewines.com\/","name":"Roze wines","description":"","publisher":{"@id":"https:\/\/rozewines.com\/#organization"},"potentialAction":[{"@type":"SearchAction","target":{"@type":"EntryPoint","urlTemplate":"https:\/\/rozewines.com\/?s={search_term_string}"},"query-input":"required name=search_term_string"}],"inLanguage":"de-DE"},{"@type":"Organization","@id":"https:\/\/rozewines.com\/#organization","name":"Roze wines","url":"https:\/\/rozewines.com\/","logo":{"@type":"ImageObject","inLanguage":"de-DE","@id":"https:\/\/rozewines.com\/#\/schema\/logo\/image\/","url":"https:\/\/rozewines.com\/app\/uploads\/2024\/05\/logo.svg","contentUrl":"https:\/\/rozewines.com\/app\/uploads\/2024\/05\/logo.svg","width":144,"height":68,"caption":"Roze wines"},"image":{"@id":"https:\/\/rozewines.com\/#\/schema\/logo\/image\/"}}]}},"_links":{"self":[{"href":"https:\/\/rozewines.com\/de\/wp-json\/wp\/v2\/product\/3302"}],"collection":[{"href":"https:\/\/rozewines.com\/de\/wp-json\/wp\/v2\/product"}],"about":[{"href":"https:\/\/rozewines.com\/de\/wp-json\/wp\/v2\/types\/product"}],"replies":[{"embeddable":true,"href":"https:\/\/rozewines.com\/de\/wp-json\/wp\/v2\/comments?post=3302"}],"wp:featuredmedia":[{"embeddable":true,"href":"https:\/\/rozewines.com\/de\/wp-json\/wp\/v2\/media\/3927"}],"wp:attachment":[{"href":"https:\/\/rozewines.com\/de\/wp-json\/wp\/v2\/media?parent=3302"}],"wp:term":[{"taxonomy":"brand","embeddable":true,"href":"https:\/\/rozewines.com\/de\/wp-json\/wp\/v2\/brand?post=3302"},{"taxonomy":"colour","embeddable":true,"href":"https:\/\/rozewines.com\/de\/wp-json\/wp\/v2\/colour?post=3302"},{"taxonomy":"flavour","embeddable":true,"href":"https:\/\/rozewines.com\/de\/wp-json\/wp\/v2\/flavour?post=3302"},{"taxonomy":"grape-variety","embeddable":true,"href":"https:\/\/rozewines.com\/de\/wp-json\/wp\/v2\/grape-variety?post=3302"},{"taxonomy":"harvest-year","embeddable":true,"href":"https:\/\/rozewines.com\/de\/wp-json\/wp\/v2\/harvest-year?post=3302"},{"taxonomy":"region","embeddable":true,"href":"https:\/\/rozewines.com\/de\/wp-json\/wp\/v2\/region?post=3302"},{"taxonomy":"size","embeddable":true,"href":"https:\/\/rozewines.com\/de\/wp-json\/wp\/v2\/size?post=3302"},{"taxonomy":"style","embeddable":true,"href":"https:\/\/rozewines.com\/de\/wp-json\/wp\/v2\/style?post=3302"},{"taxonomy":"technology","embeddable":true,"href":"https:\/\/rozewines.com\/de\/wp-json\/wp\/v2\/technology?post=3302"},{"taxonomy":"product_cat","embeddable":true,"href":"https:\/\/rozewines.com\/de\/wp-json\/wp\/v2\/product_cat?post=3302"},{"taxonomy":"product_tag","embeddable":true,"href":"https:\/\/rozewines.com\/de\/wp-json\/wp\/v2\/product_tag?post=3302"}],"curies":[{"name":"wp","href":"https:\/\/api.w.org\/{rel}","templated":true}]}}