{"id":3303,"date":"2024-05-09T00:20:53","date_gmt":"2024-05-09T00:20:53","guid":{"rendered":"https:\/\/rozewines.com\/product\/terra-qisi-familienreservat-2021\/"},"modified":"2025-01-08T10:43:43","modified_gmt":"2025-01-08T10:43:43","slug":"terra-qisi-familienreservat-2021","status":"publish","type":"product","link":"https:\/\/rozewines.com\/de\/produkt\/terra-qisi-familienreservat-2021\/","title":{"rendered":"Terra Kisi &#8211; Familienreservat 2021"},"content":{"rendered":"<p>Terra Qisi \u2013 Kindzmarauli, mit kontrollierter Herkunftsbezeichnung 2021, ist ein halbs\u00fc\u00dfes Getr\u00e4nk mit bezaubernden Aromen von Vanille, Brombeere, warmen Nelken und k\u00f6stlicher Kirschmarmelade. Jeder Schluck bietet eine harmonische Geschmacksbalance. Die S\u00fc\u00dfe reifer Fr\u00fcchte verschmilzt nahtlos mit subtilen Gew\u00fcrznoten und f\u00fchrt zu einem anhaltenden Abgang. Dieser Wein ist ein Beweis daf\u00fcr, dass Sie Ihr Glas genie\u00dfen k\u00f6nnen, hergestellt, um zu verzaubern und zu erfreuen.<\/p>\n","protected":false},"excerpt":{"rendered":"<p>Terra Qisi \u2013 Kindzmarauli, mit kontrollierter Herkunftsbezeichnung 2021, ist ein halbs\u00fc\u00dfes Getr\u00e4nk mit bezaubernden Aromen von Vanille, Brombeere, warmen Nelken und k\u00f6stlicher Kirschmarmelade. Jeder Schluck bietet eine harmonische Geschmacksbalance. Die S\u00fc\u00dfe reifer Fr\u00fcchte verschmilzt nahtlos mit subtilen Gew\u00fcrznoten und f\u00fchrt zu einem anhaltenden Abgang. Dieser Wein ist ein Beweis daf\u00fcr, dass Sie Ihr Glas genie\u00dfen &hellip; <a href=\"https:\/\/rozewines.com\/de\/produkt\/terra-qisi-familienreservat-2021\/\">Continued<\/a><\/p>\n","protected":false},"featured_media":3811,"comment_status":"closed","ping_status":"closed","template":"","meta":{"_acf_changed":false},"brand":[1784],"colour":[1140],"flavour":[1006,1004,999],"grape-variety":[1360],"harvest-year":[1166],"region":[1294],"size":[1598],"style":[1271],"technology":[1117],"product_cat":[1382],"product_tag":[],"ams_default_variation_id":0,"ams_product_points_reward":[],"ams_product_discount_percentage":0,"ams_price_to_display":26,"acf":[],"ams_acf":[{"key":"food_pairings","label":"Food pairings","value":"Kebab, gegrillte Gem\u00fcse"},{"key":"alcohol_percentage","label":"Alcohol percentage","value":"14%"}],"yoast_head":"<!-- This site is optimized with the Yoast SEO plugin v22.6 - https:\/\/yoast.com\/wordpress\/plugins\/seo\/ -->\n<title>Terra Kisi - Familienreservat 2021 - Roze wines<\/title>\n<meta name=\"robots\" content=\"index, follow, max-snippet:-1, max-image-preview:large, max-video-preview:-1\" \/>\n<link rel=\"canonical\" href=\"https:\/\/rozewines.com\/de\/produkt\/terra-qisi-familienreservat-2021\/\" \/>\n<meta property=\"og:locale\" content=\"de_DE\" \/>\n<meta property=\"og:type\" content=\"article\" \/>\n<meta property=\"og:title\" content=\"Terra Kisi - Familienreservat 2021 - Roze wines\" \/>\n<meta property=\"og:description\" content=\"Terra Qisi \u2013 Kindzmarauli, mit kontrollierter Herkunftsbezeichnung 2021, ist ein halbs\u00fc\u00dfes Getr\u00e4nk mit bezaubernden Aromen von Vanille, Brombeere, warmen Nelken und k\u00f6stlicher Kirschmarmelade. Jeder Schluck bietet eine harmonische Geschmacksbalance. Die S\u00fc\u00dfe reifer Fr\u00fcchte verschmilzt nahtlos mit subtilen Gew\u00fcrznoten und f\u00fchrt zu einem anhaltenden Abgang. Dieser Wein ist ein Beweis daf\u00fcr, dass Sie Ihr Glas genie\u00dfen &hellip; Continued\" \/>\n<meta property=\"og:url\" content=\"https:\/\/rozewines.com\/de\/produkt\/terra-qisi-familienreservat-2021\/\" \/>\n<meta property=\"og:site_name\" content=\"Roze wines\" \/>\n<meta property=\"article:modified_time\" content=\"2025-01-08T10:43:43+00:00\" \/>\n<meta property=\"og:image\" content=\"https:\/\/rozewines.com\/app\/uploads\/2024\/05\/Terra-Qisi-Family-Reserve-2021-scaled.jpg\" \/>\n\t<meta property=\"og:image:width\" content=\"2560\" \/>\n\t<meta property=\"og:image:height\" content=\"2560\" \/>\n\t<meta property=\"og:image:type\" content=\"image\/jpeg\" \/>\n<meta name=\"twitter:card\" content=\"summary_large_image\" \/>\n<script type=\"application\/ld+json\" class=\"yoast-schema-graph\">{\"@context\":\"https:\/\/schema.org\",\"@graph\":[{\"@type\":\"WebPage\",\"@id\":\"https:\/\/rozewines.com\/de\/produkt\/terra-qisi-familienreservat-2021\/\",\"url\":\"https:\/\/rozewines.com\/de\/produkt\/terra-qisi-familienreservat-2021\/\",\"name\":\"Terra Kisi - Familienreservat 2021 - Roze wines\",\"isPartOf\":{\"@id\":\"https:\/\/rozewines.com\/#website\"},\"primaryImageOfPage\":{\"@id\":\"https:\/\/rozewines.com\/de\/produkt\/terra-qisi-familienreservat-2021\/#primaryimage\"},\"image\":{\"@id\":\"https:\/\/rozewines.com\/de\/produkt\/terra-qisi-familienreservat-2021\/#primaryimage\"},\"thumbnailUrl\":\"https:\/\/rozewines.com\/app\/uploads\/2024\/05\/Terra-Qisi-Family-Reserve-2021-scaled.jpg\",\"datePublished\":\"2024-05-09T00:20:53+00:00\",\"dateModified\":\"2025-01-08T10:43:43+00:00\",\"breadcrumb\":{\"@id\":\"https:\/\/rozewines.com\/de\/produkt\/terra-qisi-familienreservat-2021\/#breadcrumb\"},\"inLanguage\":\"de-DE\",\"potentialAction\":[{\"@type\":\"ReadAction\",\"target\":[\"https:\/\/rozewines.com\/de\/produkt\/terra-qisi-familienreservat-2021\/\"]}]},{\"@type\":\"ImageObject\",\"inLanguage\":\"de-DE\",\"@id\":\"https:\/\/rozewines.com\/de\/produkt\/terra-qisi-familienreservat-2021\/#primaryimage\",\"url\":\"https:\/\/rozewines.com\/app\/uploads\/2024\/05\/Terra-Qisi-Family-Reserve-2021-scaled.jpg\",\"contentUrl\":\"https:\/\/rozewines.com\/app\/uploads\/2024\/05\/Terra-Qisi-Family-Reserve-2021-scaled.jpg\",\"width\":2560,\"height\":2560},{\"@type\":\"BreadcrumbList\",\"@id\":\"https:\/\/rozewines.com\/de\/produkt\/terra-qisi-familienreservat-2021\/#breadcrumb\",\"itemListElement\":[{\"@type\":\"ListItem\",\"position\":1,\"name\":\"Home\",\"item\":\"https:\/\/rozewines.com\/de\/\"},{\"@type\":\"ListItem\",\"position\":2,\"name\":\"Unsere Weine\",\"item\":\"https:\/\/rozewines.com\/de\/musu-vins\/\"},{\"@type\":\"ListItem\",\"position\":3,\"name\":\"Terra Kisi &#8211; Familienreservat 2021\"}]},{\"@type\":\"WebSite\",\"@id\":\"https:\/\/rozewines.com\/#website\",\"url\":\"https:\/\/rozewines.com\/\",\"name\":\"Roze wines\",\"description\":\"\",\"publisher\":{\"@id\":\"https:\/\/rozewines.com\/#organization\"},\"potentialAction\":[{\"@type\":\"SearchAction\",\"target\":{\"@type\":\"EntryPoint\",\"urlTemplate\":\"https:\/\/rozewines.com\/?s={search_term_string}\"},\"query-input\":\"required name=search_term_string\"}],\"inLanguage\":\"de-DE\"},{\"@type\":\"Organization\",\"@id\":\"https:\/\/rozewines.com\/#organization\",\"name\":\"Roze wines\",\"url\":\"https:\/\/rozewines.com\/\",\"logo\":{\"@type\":\"ImageObject\",\"inLanguage\":\"de-DE\",\"@id\":\"https:\/\/rozewines.com\/#\/schema\/logo\/image\/\",\"url\":\"https:\/\/rozewines.com\/app\/uploads\/2024\/05\/logo.svg\",\"contentUrl\":\"https:\/\/rozewines.com\/app\/uploads\/2024\/05\/logo.svg\",\"width\":144,\"height\":68,\"caption\":\"Roze wines\"},\"image\":{\"@id\":\"https:\/\/rozewines.com\/#\/schema\/logo\/image\/\"}}]}<\/script>\n<!-- \/ Yoast SEO plugin. -->","yoast_head_json":{"title":"Terra Kisi - Familienreservat 2021 - Roze wines","robots":{"index":"index","follow":"follow","max-snippet":"max-snippet:-1","max-image-preview":"max-image-preview:large","max-video-preview":"max-video-preview:-1"},"canonical":"https:\/\/rozewines.com\/de\/produkt\/terra-qisi-familienreservat-2021\/","og_locale":"de_DE","og_type":"article","og_title":"Terra Kisi - Familienreservat 2021 - Roze wines","og_description":"Terra Qisi \u2013 Kindzmarauli, mit kontrollierter Herkunftsbezeichnung 2021, ist ein halbs\u00fc\u00dfes Getr\u00e4nk mit bezaubernden Aromen von Vanille, Brombeere, warmen Nelken und k\u00f6stlicher Kirschmarmelade. Jeder Schluck bietet eine harmonische Geschmacksbalance. Die S\u00fc\u00dfe reifer Fr\u00fcchte verschmilzt nahtlos mit subtilen Gew\u00fcrznoten und f\u00fchrt zu einem anhaltenden Abgang. Dieser Wein ist ein Beweis daf\u00fcr, dass Sie Ihr Glas genie\u00dfen &hellip; Continued","og_url":"https:\/\/rozewines.com\/de\/produkt\/terra-qisi-familienreservat-2021\/","og_site_name":"Roze wines","article_modified_time":"2025-01-08T10:43:43+00:00","og_image":[{"width":2560,"height":2560,"url":"https:\/\/rozewines.com\/app\/uploads\/2024\/05\/Terra-Qisi-Family-Reserve-2021-scaled.jpg","type":"image\/jpeg"}],"twitter_card":"summary_large_image","schema":{"@context":"https:\/\/schema.org","@graph":[{"@type":"WebPage","@id":"https:\/\/rozewines.com\/de\/produkt\/terra-qisi-familienreservat-2021\/","url":"https:\/\/rozewines.com\/de\/produkt\/terra-qisi-familienreservat-2021\/","name":"Terra Kisi - Familienreservat 2021 - Roze wines","isPartOf":{"@id":"https:\/\/rozewines.com\/#website"},"primaryImageOfPage":{"@id":"https:\/\/rozewines.com\/de\/produkt\/terra-qisi-familienreservat-2021\/#primaryimage"},"image":{"@id":"https:\/\/rozewines.com\/de\/produkt\/terra-qisi-familienreservat-2021\/#primaryimage"},"thumbnailUrl":"https:\/\/rozewines.com\/app\/uploads\/2024\/05\/Terra-Qisi-Family-Reserve-2021-scaled.jpg","datePublished":"2024-05-09T00:20:53+00:00","dateModified":"2025-01-08T10:43:43+00:00","breadcrumb":{"@id":"https:\/\/rozewines.com\/de\/produkt\/terra-qisi-familienreservat-2021\/#breadcrumb"},"inLanguage":"de-DE","potentialAction":[{"@type":"ReadAction","target":["https:\/\/rozewines.com\/de\/produkt\/terra-qisi-familienreservat-2021\/"]}]},{"@type":"ImageObject","inLanguage":"de-DE","@id":"https:\/\/rozewines.com\/de\/produkt\/terra-qisi-familienreservat-2021\/#primaryimage","url":"https:\/\/rozewines.com\/app\/uploads\/2024\/05\/Terra-Qisi-Family-Reserve-2021-scaled.jpg","contentUrl":"https:\/\/rozewines.com\/app\/uploads\/2024\/05\/Terra-Qisi-Family-Reserve-2021-scaled.jpg","width":2560,"height":2560},{"@type":"BreadcrumbList","@id":"https:\/\/rozewines.com\/de\/produkt\/terra-qisi-familienreservat-2021\/#breadcrumb","itemListElement":[{"@type":"ListItem","position":1,"name":"Home","item":"https:\/\/rozewines.com\/de\/"},{"@type":"ListItem","position":2,"name":"Unsere Weine","item":"https:\/\/rozewines.com\/de\/musu-vins\/"},{"@type":"ListItem","position":3,"name":"Terra Kisi &#8211; Familienreservat 2021"}]},{"@type":"WebSite","@id":"https:\/\/rozewines.com\/#website","url":"https:\/\/rozewines.com\/","name":"Roze wines","description":"","publisher":{"@id":"https:\/\/rozewines.com\/#organization"},"potentialAction":[{"@type":"SearchAction","target":{"@type":"EntryPoint","urlTemplate":"https:\/\/rozewines.com\/?s={search_term_string}"},"query-input":"required name=search_term_string"}],"inLanguage":"de-DE"},{"@type":"Organization","@id":"https:\/\/rozewines.com\/#organization","name":"Roze wines","url":"https:\/\/rozewines.com\/","logo":{"@type":"ImageObject","inLanguage":"de-DE","@id":"https:\/\/rozewines.com\/#\/schema\/logo\/image\/","url":"https:\/\/rozewines.com\/app\/uploads\/2024\/05\/logo.svg","contentUrl":"https:\/\/rozewines.com\/app\/uploads\/2024\/05\/logo.svg","width":144,"height":68,"caption":"Roze wines"},"image":{"@id":"https:\/\/rozewines.com\/#\/schema\/logo\/image\/"}}]}},"_links":{"self":[{"href":"https:\/\/rozewines.com\/de\/wp-json\/wp\/v2\/product\/3303"}],"collection":[{"href":"https:\/\/rozewines.com\/de\/wp-json\/wp\/v2\/product"}],"about":[{"href":"https:\/\/rozewines.com\/de\/wp-json\/wp\/v2\/types\/product"}],"replies":[{"embeddable":true,"href":"https:\/\/rozewines.com\/de\/wp-json\/wp\/v2\/comments?post=3303"}],"wp:featuredmedia":[{"embeddable":true,"href":"https:\/\/rozewines.com\/de\/wp-json\/wp\/v2\/media\/3811"}],"wp:attachment":[{"href":"https:\/\/rozewines.com\/de\/wp-json\/wp\/v2\/media?parent=3303"}],"wp:term":[{"taxonomy":"brand","embeddable":true,"href":"https:\/\/rozewines.com\/de\/wp-json\/wp\/v2\/brand?post=3303"},{"taxonomy":"colour","embeddable":true,"href":"https:\/\/rozewines.com\/de\/wp-json\/wp\/v2\/colour?post=3303"},{"taxonomy":"flavour","embeddable":true,"href":"https:\/\/rozewines.com\/de\/wp-json\/wp\/v2\/flavour?post=3303"},{"taxonomy":"grape-variety","embeddable":true,"href":"https:\/\/rozewines.com\/de\/wp-json\/wp\/v2\/grape-variety?post=3303"},{"taxonomy":"harvest-year","embeddable":true,"href":"https:\/\/rozewines.com\/de\/wp-json\/wp\/v2\/harvest-year?post=3303"},{"taxonomy":"region","embeddable":true,"href":"https:\/\/rozewines.com\/de\/wp-json\/wp\/v2\/region?post=3303"},{"taxonomy":"size","embeddable":true,"href":"https:\/\/rozewines.com\/de\/wp-json\/wp\/v2\/size?post=3303"},{"taxonomy":"style","embeddable":true,"href":"https:\/\/rozewines.com\/de\/wp-json\/wp\/v2\/style?post=3303"},{"taxonomy":"technology","embeddable":true,"href":"https:\/\/rozewines.com\/de\/wp-json\/wp\/v2\/technology?post=3303"},{"taxonomy":"product_cat","embeddable":true,"href":"https:\/\/rozewines.com\/de\/wp-json\/wp\/v2\/product_cat?post=3303"},{"taxonomy":"product_tag","embeddable":true,"href":"https:\/\/rozewines.com\/de\/wp-json\/wp\/v2\/product_tag?post=3303"}],"curies":[{"name":"wp","href":"https:\/\/api.w.org\/{rel}","templated":true}]}}