{"id":3304,"date":"2024-05-09T00:20:53","date_gmt":"2024-05-09T00:20:53","guid":{"rendered":"https:\/\/rozewines.com\/product\/zangaura-saperavi-rose-2019\/"},"modified":"2024-12-20T11:55:19","modified_gmt":"2024-12-20T11:55:19","slug":"zangaura-saperavi-rose-2019","status":"publish","type":"product","link":"https:\/\/rozewines.com\/de\/produkt\/zangaura-saperavi-rose-2019\/","title":{"rendered":"Zangaura &#8211; Saperavi Rose"},"content":{"rendered":"<p>Zangaura \u2013 Saperavi Ros\u00e9 2019, ein halbtrockener Ros\u00e9wein, der f\u00fcr sein aromatisches Bouquet, seinen ausgewogenen Charakter und seine erfrischende F\u00fclle gesch\u00e4tzt wird. Mit Pr\u00e4zision hergestellt, bietet dieser Ros\u00e9 Geschmack und Aromen. Tauchen Sie ein in die verf\u00fchrerischen D\u00fcfte von reifen Himbeeren, saftigen Pfirsichen, s\u00e4uerlichen Preiselbeeren und Melonen. Mit seinem harmonischen Profil und der belebenden Frische verspricht jeder Schluck eine genussvolle Reise durch die Weinberge am Flussufer des Zangaura.<\/p>\n","protected":false},"excerpt":{"rendered":"<p>Zangaura \u2013 Saperavi Ros\u00e9 2019, ein halbtrockener Ros\u00e9wein, der f\u00fcr sein aromatisches Bouquet, seinen ausgewogenen Charakter und seine erfrischende F\u00fclle gesch\u00e4tzt wird. Mit Pr\u00e4zision hergestellt, bietet dieser Ros\u00e9 Geschmack und Aromen. Tauchen Sie ein in die verf\u00fchrerischen D\u00fcfte von reifen Himbeeren, saftigen Pfirsichen, s\u00e4uerlichen Preiselbeeren und Melonen. Mit seinem harmonischen Profil und der belebenden Frische &hellip; <a href=\"https:\/\/rozewines.com\/de\/produkt\/zangaura-saperavi-rose-2019\/\">Continued<\/a><\/p>\n","protected":false},"featured_media":1015,"comment_status":"closed","ping_status":"closed","template":"","meta":{"_acf_changed":false},"brand":[1791],"colour":[1141],"flavour":[1071,1062,1018],"grape-variety":[1361],"harvest-year":[1151],"region":[1294],"size":[1598],"style":[1280],"technology":[1116],"product_cat":[1382],"product_tag":[],"ams_default_variation_id":0,"ams_product_points_reward":[],"ams_product_discount_percentage":0,"ams_price_to_display":18,"acf":[],"ams_acf":[{"key":"food_pairings","label":"Food pairings","value":"gemischte Pizza, asiatische Br\u00f6tchen"},{"key":"alcohol_percentage","label":"Alcohol percentage","value":"12%"},{"key":"details","label":"Details","value":{"":null,"acidity":"3","body":"2","sweetness":"2","tannin":"0"}}],"yoast_head":"<!-- This site is optimized with the Yoast SEO plugin v22.6 - https:\/\/yoast.com\/wordpress\/plugins\/seo\/ -->\n<title>Zangaura - Saperavi Rose - Roze wines<\/title>\n<meta name=\"robots\" content=\"index, follow, max-snippet:-1, max-image-preview:large, max-video-preview:-1\" \/>\n<link rel=\"canonical\" href=\"https:\/\/rozewines.com\/de\/produkt\/zangaura-saperavi-rose-2019\/\" \/>\n<meta property=\"og:locale\" content=\"de_DE\" \/>\n<meta property=\"og:type\" content=\"article\" \/>\n<meta property=\"og:title\" content=\"Zangaura - Saperavi Rose - Roze wines\" \/>\n<meta property=\"og:description\" content=\"Zangaura \u2013 Saperavi Ros\u00e9 2019, ein halbtrockener Ros\u00e9wein, der f\u00fcr sein aromatisches Bouquet, seinen ausgewogenen Charakter und seine erfrischende F\u00fclle gesch\u00e4tzt wird. Mit Pr\u00e4zision hergestellt, bietet dieser Ros\u00e9 Geschmack und Aromen. Tauchen Sie ein in die verf\u00fchrerischen D\u00fcfte von reifen Himbeeren, saftigen Pfirsichen, s\u00e4uerlichen Preiselbeeren und Melonen. Mit seinem harmonischen Profil und der belebenden Frische &hellip; Continued\" \/>\n<meta property=\"og:url\" content=\"https:\/\/rozewines.com\/de\/produkt\/zangaura-saperavi-rose-2019\/\" \/>\n<meta property=\"og:site_name\" content=\"Roze wines\" \/>\n<meta property=\"article:modified_time\" content=\"2024-12-20T11:55:19+00:00\" \/>\n<meta property=\"og:image\" content=\"https:\/\/rozewines.com\/app\/uploads\/2024\/04\/Zangaura-Saperavi-Rose-2019.jpg\" \/>\n\t<meta property=\"og:image:width\" content=\"2160\" \/>\n\t<meta property=\"og:image:height\" content=\"2160\" \/>\n\t<meta property=\"og:image:type\" content=\"image\/jpeg\" \/>\n<meta name=\"twitter:card\" content=\"summary_large_image\" \/>\n<meta name=\"twitter:label1\" content=\"Est. reading time\" \/>\n\t<meta name=\"twitter:data1\" content=\"1 minute\" \/>\n<script type=\"application\/ld+json\" class=\"yoast-schema-graph\">{\"@context\":\"https:\/\/schema.org\",\"@graph\":[{\"@type\":\"WebPage\",\"@id\":\"https:\/\/rozewines.com\/de\/produkt\/zangaura-saperavi-rose-2019\/\",\"url\":\"https:\/\/rozewines.com\/de\/produkt\/zangaura-saperavi-rose-2019\/\",\"name\":\"Zangaura - Saperavi Rose - Roze wines\",\"isPartOf\":{\"@id\":\"https:\/\/rozewines.com\/#website\"},\"primaryImageOfPage\":{\"@id\":\"https:\/\/rozewines.com\/de\/produkt\/zangaura-saperavi-rose-2019\/#primaryimage\"},\"image\":{\"@id\":\"https:\/\/rozewines.com\/de\/produkt\/zangaura-saperavi-rose-2019\/#primaryimage\"},\"thumbnailUrl\":\"https:\/\/rozewines.com\/app\/uploads\/2024\/04\/Zangaura-Saperavi-Rose-2019.jpg\",\"datePublished\":\"2024-05-09T00:20:53+00:00\",\"dateModified\":\"2024-12-20T11:55:19+00:00\",\"breadcrumb\":{\"@id\":\"https:\/\/rozewines.com\/de\/produkt\/zangaura-saperavi-rose-2019\/#breadcrumb\"},\"inLanguage\":\"de-DE\",\"potentialAction\":[{\"@type\":\"ReadAction\",\"target\":[\"https:\/\/rozewines.com\/de\/produkt\/zangaura-saperavi-rose-2019\/\"]}]},{\"@type\":\"ImageObject\",\"inLanguage\":\"de-DE\",\"@id\":\"https:\/\/rozewines.com\/de\/produkt\/zangaura-saperavi-rose-2019\/#primaryimage\",\"url\":\"https:\/\/rozewines.com\/app\/uploads\/2024\/04\/Zangaura-Saperavi-Rose-2019.jpg\",\"contentUrl\":\"https:\/\/rozewines.com\/app\/uploads\/2024\/04\/Zangaura-Saperavi-Rose-2019.jpg\",\"width\":2160,\"height\":2160},{\"@type\":\"BreadcrumbList\",\"@id\":\"https:\/\/rozewines.com\/de\/produkt\/zangaura-saperavi-rose-2019\/#breadcrumb\",\"itemListElement\":[{\"@type\":\"ListItem\",\"position\":1,\"name\":\"Home\",\"item\":\"https:\/\/rozewines.com\/de\/\"},{\"@type\":\"ListItem\",\"position\":2,\"name\":\"Unsere Weine\",\"item\":\"https:\/\/rozewines.com\/de\/musu-vins\/\"},{\"@type\":\"ListItem\",\"position\":3,\"name\":\"Zangaura &#8211; Saperavi Rose\"}]},{\"@type\":\"WebSite\",\"@id\":\"https:\/\/rozewines.com\/#website\",\"url\":\"https:\/\/rozewines.com\/\",\"name\":\"Roze wines\",\"description\":\"\",\"publisher\":{\"@id\":\"https:\/\/rozewines.com\/#organization\"},\"potentialAction\":[{\"@type\":\"SearchAction\",\"target\":{\"@type\":\"EntryPoint\",\"urlTemplate\":\"https:\/\/rozewines.com\/?s={search_term_string}\"},\"query-input\":\"required name=search_term_string\"}],\"inLanguage\":\"de-DE\"},{\"@type\":\"Organization\",\"@id\":\"https:\/\/rozewines.com\/#organization\",\"name\":\"Roze wines\",\"url\":\"https:\/\/rozewines.com\/\",\"logo\":{\"@type\":\"ImageObject\",\"inLanguage\":\"de-DE\",\"@id\":\"https:\/\/rozewines.com\/#\/schema\/logo\/image\/\",\"url\":\"https:\/\/rozewines.com\/app\/uploads\/2024\/05\/logo.svg\",\"contentUrl\":\"https:\/\/rozewines.com\/app\/uploads\/2024\/05\/logo.svg\",\"width\":144,\"height\":68,\"caption\":\"Roze wines\"},\"image\":{\"@id\":\"https:\/\/rozewines.com\/#\/schema\/logo\/image\/\"}}]}<\/script>\n<!-- \/ Yoast SEO plugin. -->","yoast_head_json":{"title":"Zangaura - Saperavi Rose - Roze wines","robots":{"index":"index","follow":"follow","max-snippet":"max-snippet:-1","max-image-preview":"max-image-preview:large","max-video-preview":"max-video-preview:-1"},"canonical":"https:\/\/rozewines.com\/de\/produkt\/zangaura-saperavi-rose-2019\/","og_locale":"de_DE","og_type":"article","og_title":"Zangaura - Saperavi Rose - Roze wines","og_description":"Zangaura \u2013 Saperavi Ros\u00e9 2019, ein halbtrockener Ros\u00e9wein, der f\u00fcr sein aromatisches Bouquet, seinen ausgewogenen Charakter und seine erfrischende F\u00fclle gesch\u00e4tzt wird. Mit Pr\u00e4zision hergestellt, bietet dieser Ros\u00e9 Geschmack und Aromen. Tauchen Sie ein in die verf\u00fchrerischen D\u00fcfte von reifen Himbeeren, saftigen Pfirsichen, s\u00e4uerlichen Preiselbeeren und Melonen. Mit seinem harmonischen Profil und der belebenden Frische &hellip; Continued","og_url":"https:\/\/rozewines.com\/de\/produkt\/zangaura-saperavi-rose-2019\/","og_site_name":"Roze wines","article_modified_time":"2024-12-20T11:55:19+00:00","og_image":[{"width":2160,"height":2160,"url":"https:\/\/rozewines.com\/app\/uploads\/2024\/04\/Zangaura-Saperavi-Rose-2019.jpg","type":"image\/jpeg"}],"twitter_card":"summary_large_image","twitter_misc":{"Est. reading time":"1 minute"},"schema":{"@context":"https:\/\/schema.org","@graph":[{"@type":"WebPage","@id":"https:\/\/rozewines.com\/de\/produkt\/zangaura-saperavi-rose-2019\/","url":"https:\/\/rozewines.com\/de\/produkt\/zangaura-saperavi-rose-2019\/","name":"Zangaura - Saperavi Rose - Roze wines","isPartOf":{"@id":"https:\/\/rozewines.com\/#website"},"primaryImageOfPage":{"@id":"https:\/\/rozewines.com\/de\/produkt\/zangaura-saperavi-rose-2019\/#primaryimage"},"image":{"@id":"https:\/\/rozewines.com\/de\/produkt\/zangaura-saperavi-rose-2019\/#primaryimage"},"thumbnailUrl":"https:\/\/rozewines.com\/app\/uploads\/2024\/04\/Zangaura-Saperavi-Rose-2019.jpg","datePublished":"2024-05-09T00:20:53+00:00","dateModified":"2024-12-20T11:55:19+00:00","breadcrumb":{"@id":"https:\/\/rozewines.com\/de\/produkt\/zangaura-saperavi-rose-2019\/#breadcrumb"},"inLanguage":"de-DE","potentialAction":[{"@type":"ReadAction","target":["https:\/\/rozewines.com\/de\/produkt\/zangaura-saperavi-rose-2019\/"]}]},{"@type":"ImageObject","inLanguage":"de-DE","@id":"https:\/\/rozewines.com\/de\/produkt\/zangaura-saperavi-rose-2019\/#primaryimage","url":"https:\/\/rozewines.com\/app\/uploads\/2024\/04\/Zangaura-Saperavi-Rose-2019.jpg","contentUrl":"https:\/\/rozewines.com\/app\/uploads\/2024\/04\/Zangaura-Saperavi-Rose-2019.jpg","width":2160,"height":2160},{"@type":"BreadcrumbList","@id":"https:\/\/rozewines.com\/de\/produkt\/zangaura-saperavi-rose-2019\/#breadcrumb","itemListElement":[{"@type":"ListItem","position":1,"name":"Home","item":"https:\/\/rozewines.com\/de\/"},{"@type":"ListItem","position":2,"name":"Unsere Weine","item":"https:\/\/rozewines.com\/de\/musu-vins\/"},{"@type":"ListItem","position":3,"name":"Zangaura &#8211; Saperavi Rose"}]},{"@type":"WebSite","@id":"https:\/\/rozewines.com\/#website","url":"https:\/\/rozewines.com\/","name":"Roze wines","description":"","publisher":{"@id":"https:\/\/rozewines.com\/#organization"},"potentialAction":[{"@type":"SearchAction","target":{"@type":"EntryPoint","urlTemplate":"https:\/\/rozewines.com\/?s={search_term_string}"},"query-input":"required name=search_term_string"}],"inLanguage":"de-DE"},{"@type":"Organization","@id":"https:\/\/rozewines.com\/#organization","name":"Roze wines","url":"https:\/\/rozewines.com\/","logo":{"@type":"ImageObject","inLanguage":"de-DE","@id":"https:\/\/rozewines.com\/#\/schema\/logo\/image\/","url":"https:\/\/rozewines.com\/app\/uploads\/2024\/05\/logo.svg","contentUrl":"https:\/\/rozewines.com\/app\/uploads\/2024\/05\/logo.svg","width":144,"height":68,"caption":"Roze wines"},"image":{"@id":"https:\/\/rozewines.com\/#\/schema\/logo\/image\/"}}]}},"_links":{"self":[{"href":"https:\/\/rozewines.com\/de\/wp-json\/wp\/v2\/product\/3304"}],"collection":[{"href":"https:\/\/rozewines.com\/de\/wp-json\/wp\/v2\/product"}],"about":[{"href":"https:\/\/rozewines.com\/de\/wp-json\/wp\/v2\/types\/product"}],"replies":[{"embeddable":true,"href":"https:\/\/rozewines.com\/de\/wp-json\/wp\/v2\/comments?post=3304"}],"wp:featuredmedia":[{"embeddable":true,"href":"https:\/\/rozewines.com\/de\/wp-json\/wp\/v2\/media\/1015"}],"wp:attachment":[{"href":"https:\/\/rozewines.com\/de\/wp-json\/wp\/v2\/media?parent=3304"}],"wp:term":[{"taxonomy":"brand","embeddable":true,"href":"https:\/\/rozewines.com\/de\/wp-json\/wp\/v2\/brand?post=3304"},{"taxonomy":"colour","embeddable":true,"href":"https:\/\/rozewines.com\/de\/wp-json\/wp\/v2\/colour?post=3304"},{"taxonomy":"flavour","embeddable":true,"href":"https:\/\/rozewines.com\/de\/wp-json\/wp\/v2\/flavour?post=3304"},{"taxonomy":"grape-variety","embeddable":true,"href":"https:\/\/rozewines.com\/de\/wp-json\/wp\/v2\/grape-variety?post=3304"},{"taxonomy":"harvest-year","embeddable":true,"href":"https:\/\/rozewines.com\/de\/wp-json\/wp\/v2\/harvest-year?post=3304"},{"taxonomy":"region","embeddable":true,"href":"https:\/\/rozewines.com\/de\/wp-json\/wp\/v2\/region?post=3304"},{"taxonomy":"size","embeddable":true,"href":"https:\/\/rozewines.com\/de\/wp-json\/wp\/v2\/size?post=3304"},{"taxonomy":"style","embeddable":true,"href":"https:\/\/rozewines.com\/de\/wp-json\/wp\/v2\/style?post=3304"},{"taxonomy":"technology","embeddable":true,"href":"https:\/\/rozewines.com\/de\/wp-json\/wp\/v2\/technology?post=3304"},{"taxonomy":"product_cat","embeddable":true,"href":"https:\/\/rozewines.com\/de\/wp-json\/wp\/v2\/product_cat?post=3304"},{"taxonomy":"product_tag","embeddable":true,"href":"https:\/\/rozewines.com\/de\/wp-json\/wp\/v2\/product_tag?post=3304"}],"curies":[{"name":"wp","href":"https:\/\/api.w.org\/{rel}","templated":true}]}}