{"id":3306,"date":"2024-05-09T00:20:53","date_gmt":"2024-05-09T00:20:53","guid":{"rendered":"https:\/\/rozewines.com\/product\/villa-mosavali-shavkapito-2020\/"},"modified":"2025-08-07T09:13:51","modified_gmt":"2025-08-07T09:13:51","slug":"villa-mosavali-shavkapito-2020","status":"publish","type":"product","link":"https:\/\/rozewines.com\/de\/produkt\/villa-mosavali-shavkapito-2020\/","title":{"rendered":"Villa Mosavali &#8211; Shavkapito 2021"},"content":{"rendered":"<p>Villa Mosavali &#8211; Shavkapito 2020, aus Kartli, ein Wein, der sich durch seine weiche und lebendige Natur und seinen weichen K\u00f6rper auszeichnet. Dieser au\u00dfergew\u00f6hnliche Jahrgang bietet Aromen von roten Kirschen, Veilchen, roten Johannisbeeren und Erdbeeren. Jeder Schluck verspricht eine harmonische Geschmacksbalance am Gaumen, die die Essenz der Kartli-Region einf\u00e4ngt.<\/p>\n","protected":false},"excerpt":{"rendered":"<p>Villa Mosavali &#8211; Shavkapito 2020, aus Kartli, ein Wein, der sich durch seine weiche und lebendige Natur und seinen weichen K\u00f6rper auszeichnet. Dieser au\u00dfergew\u00f6hnliche Jahrgang bietet Aromen von roten Kirschen, Veilchen, roten Johannisbeeren und Erdbeeren. Jeder Schluck verspricht eine harmonische Geschmacksbalance am Gaumen, die die Essenz der Kartli-Region einf\u00e4ngt.<\/p>\n","protected":false},"featured_media":3907,"comment_status":"closed","ping_status":"closed","template":"","meta":{"_acf_changed":false},"brand":[1785],"colour":[1140],"flavour":[1075,1073,1085],"grape-variety":[1362],"harvest-year":[1166],"region":[1297],"size":[1598],"style":[1271],"technology":[1116],"product_cat":[1382],"product_tag":[],"ams_default_variation_id":0,"ams_product_points_reward":[],"ams_product_discount_percentage":0,"ams_price_to_display":22,"acf":[],"ams_acf":[{"key":"food_pairings","label":"Food pairings","value":"Ziegenk\u00e4se-Bruschetta, frittierte H\u00e4hnchenfl\u00fcgel"},{"key":"alcohol_percentage","label":"Alcohol percentage","value":"12,5%"},{"key":"zero_sulfites","label":"Zero sulfites","value":false},{"key":"details","label":"Details","value":{"":null,"acidity":"3","body":"3","sweetness":"0","tannin":"3"}}],"yoast_head":"<!-- This site is optimized with the Yoast SEO plugin v22.6 - https:\/\/yoast.com\/wordpress\/plugins\/seo\/ -->\n<title>Villa Mosavali - Shavkapito 2021 - Roze wines<\/title>\n<meta name=\"robots\" content=\"index, follow, max-snippet:-1, max-image-preview:large, max-video-preview:-1\" \/>\n<link rel=\"canonical\" href=\"https:\/\/rozewines.com\/de\/produkt\/villa-mosavali-shavkapito-2020\/\" \/>\n<meta property=\"og:locale\" content=\"de_DE\" \/>\n<meta property=\"og:type\" content=\"article\" \/>\n<meta property=\"og:title\" content=\"Villa Mosavali - Shavkapito 2021 - Roze wines\" \/>\n<meta property=\"og:description\" content=\"Villa Mosavali &#8211; Shavkapito 2020, aus Kartli, ein Wein, der sich durch seine weiche und lebendige Natur und seinen weichen K\u00f6rper auszeichnet. Dieser au\u00dfergew\u00f6hnliche Jahrgang bietet Aromen von roten Kirschen, Veilchen, roten Johannisbeeren und Erdbeeren. Jeder Schluck verspricht eine harmonische Geschmacksbalance am Gaumen, die die Essenz der Kartli-Region einf\u00e4ngt.\" \/>\n<meta property=\"og:url\" content=\"https:\/\/rozewines.com\/de\/produkt\/villa-mosavali-shavkapito-2020\/\" \/>\n<meta property=\"og:site_name\" content=\"Roze wines\" \/>\n<meta property=\"article:modified_time\" content=\"2025-08-07T09:13:51+00:00\" \/>\n<meta property=\"og:image\" content=\"https:\/\/rozewines.com\/app\/uploads\/2024\/05\/Villa-Mosavali-Shavkapito-2020-scaled.jpg\" \/>\n\t<meta property=\"og:image:width\" content=\"2560\" \/>\n\t<meta property=\"og:image:height\" content=\"2560\" \/>\n\t<meta property=\"og:image:type\" content=\"image\/jpeg\" \/>\n<meta name=\"twitter:card\" content=\"summary_large_image\" \/>\n<meta name=\"twitter:label1\" content=\"Est. reading time\" \/>\n\t<meta name=\"twitter:data1\" content=\"1 minute\" \/>\n<script type=\"application\/ld+json\" class=\"yoast-schema-graph\">{\"@context\":\"https:\/\/schema.org\",\"@graph\":[{\"@type\":\"WebPage\",\"@id\":\"https:\/\/rozewines.com\/de\/produkt\/villa-mosavali-shavkapito-2020\/\",\"url\":\"https:\/\/rozewines.com\/de\/produkt\/villa-mosavali-shavkapito-2020\/\",\"name\":\"Villa Mosavali - Shavkapito 2021 - Roze wines\",\"isPartOf\":{\"@id\":\"https:\/\/rozewines.com\/#website\"},\"primaryImageOfPage\":{\"@id\":\"https:\/\/rozewines.com\/de\/produkt\/villa-mosavali-shavkapito-2020\/#primaryimage\"},\"image\":{\"@id\":\"https:\/\/rozewines.com\/de\/produkt\/villa-mosavali-shavkapito-2020\/#primaryimage\"},\"thumbnailUrl\":\"https:\/\/rozewines.com\/app\/uploads\/2024\/05\/Villa-Mosavali-Shavkapito-2020-scaled.jpg\",\"datePublished\":\"2024-05-09T00:20:53+00:00\",\"dateModified\":\"2025-08-07T09:13:51+00:00\",\"breadcrumb\":{\"@id\":\"https:\/\/rozewines.com\/de\/produkt\/villa-mosavali-shavkapito-2020\/#breadcrumb\"},\"inLanguage\":\"de-DE\",\"potentialAction\":[{\"@type\":\"ReadAction\",\"target\":[\"https:\/\/rozewines.com\/de\/produkt\/villa-mosavali-shavkapito-2020\/\"]}]},{\"@type\":\"ImageObject\",\"inLanguage\":\"de-DE\",\"@id\":\"https:\/\/rozewines.com\/de\/produkt\/villa-mosavali-shavkapito-2020\/#primaryimage\",\"url\":\"https:\/\/rozewines.com\/app\/uploads\/2024\/05\/Villa-Mosavali-Shavkapito-2020-scaled.jpg\",\"contentUrl\":\"https:\/\/rozewines.com\/app\/uploads\/2024\/05\/Villa-Mosavali-Shavkapito-2020-scaled.jpg\",\"width\":2560,\"height\":2560},{\"@type\":\"BreadcrumbList\",\"@id\":\"https:\/\/rozewines.com\/de\/produkt\/villa-mosavali-shavkapito-2020\/#breadcrumb\",\"itemListElement\":[{\"@type\":\"ListItem\",\"position\":1,\"name\":\"Home\",\"item\":\"https:\/\/rozewines.com\/de\/\"},{\"@type\":\"ListItem\",\"position\":2,\"name\":\"Unsere Weine\",\"item\":\"https:\/\/rozewines.com\/de\/musu-vins\/\"},{\"@type\":\"ListItem\",\"position\":3,\"name\":\"Villa Mosavali &#8211; Shavkapito 2021\"}]},{\"@type\":\"WebSite\",\"@id\":\"https:\/\/rozewines.com\/#website\",\"url\":\"https:\/\/rozewines.com\/\",\"name\":\"Roze wines\",\"description\":\"\",\"publisher\":{\"@id\":\"https:\/\/rozewines.com\/#organization\"},\"potentialAction\":[{\"@type\":\"SearchAction\",\"target\":{\"@type\":\"EntryPoint\",\"urlTemplate\":\"https:\/\/rozewines.com\/?s={search_term_string}\"},\"query-input\":\"required name=search_term_string\"}],\"inLanguage\":\"de-DE\"},{\"@type\":\"Organization\",\"@id\":\"https:\/\/rozewines.com\/#organization\",\"name\":\"Roze wines\",\"url\":\"https:\/\/rozewines.com\/\",\"logo\":{\"@type\":\"ImageObject\",\"inLanguage\":\"de-DE\",\"@id\":\"https:\/\/rozewines.com\/#\/schema\/logo\/image\/\",\"url\":\"https:\/\/rozewines.com\/app\/uploads\/2024\/05\/logo.svg\",\"contentUrl\":\"https:\/\/rozewines.com\/app\/uploads\/2024\/05\/logo.svg\",\"width\":144,\"height\":68,\"caption\":\"Roze wines\"},\"image\":{\"@id\":\"https:\/\/rozewines.com\/#\/schema\/logo\/image\/\"}}]}<\/script>\n<!-- \/ Yoast SEO plugin. -->","yoast_head_json":{"title":"Villa Mosavali - Shavkapito 2021 - Roze wines","robots":{"index":"index","follow":"follow","max-snippet":"max-snippet:-1","max-image-preview":"max-image-preview:large","max-video-preview":"max-video-preview:-1"},"canonical":"https:\/\/rozewines.com\/de\/produkt\/villa-mosavali-shavkapito-2020\/","og_locale":"de_DE","og_type":"article","og_title":"Villa Mosavali - Shavkapito 2021 - Roze wines","og_description":"Villa Mosavali &#8211; Shavkapito 2020, aus Kartli, ein Wein, der sich durch seine weiche und lebendige Natur und seinen weichen K\u00f6rper auszeichnet. Dieser au\u00dfergew\u00f6hnliche Jahrgang bietet Aromen von roten Kirschen, Veilchen, roten Johannisbeeren und Erdbeeren. Jeder Schluck verspricht eine harmonische Geschmacksbalance am Gaumen, die die Essenz der Kartli-Region einf\u00e4ngt.","og_url":"https:\/\/rozewines.com\/de\/produkt\/villa-mosavali-shavkapito-2020\/","og_site_name":"Roze wines","article_modified_time":"2025-08-07T09:13:51+00:00","og_image":[{"width":2560,"height":2560,"url":"https:\/\/rozewines.com\/app\/uploads\/2024\/05\/Villa-Mosavali-Shavkapito-2020-scaled.jpg","type":"image\/jpeg"}],"twitter_card":"summary_large_image","twitter_misc":{"Est. reading time":"1 minute"},"schema":{"@context":"https:\/\/schema.org","@graph":[{"@type":"WebPage","@id":"https:\/\/rozewines.com\/de\/produkt\/villa-mosavali-shavkapito-2020\/","url":"https:\/\/rozewines.com\/de\/produkt\/villa-mosavali-shavkapito-2020\/","name":"Villa Mosavali - Shavkapito 2021 - Roze wines","isPartOf":{"@id":"https:\/\/rozewines.com\/#website"},"primaryImageOfPage":{"@id":"https:\/\/rozewines.com\/de\/produkt\/villa-mosavali-shavkapito-2020\/#primaryimage"},"image":{"@id":"https:\/\/rozewines.com\/de\/produkt\/villa-mosavali-shavkapito-2020\/#primaryimage"},"thumbnailUrl":"https:\/\/rozewines.com\/app\/uploads\/2024\/05\/Villa-Mosavali-Shavkapito-2020-scaled.jpg","datePublished":"2024-05-09T00:20:53+00:00","dateModified":"2025-08-07T09:13:51+00:00","breadcrumb":{"@id":"https:\/\/rozewines.com\/de\/produkt\/villa-mosavali-shavkapito-2020\/#breadcrumb"},"inLanguage":"de-DE","potentialAction":[{"@type":"ReadAction","target":["https:\/\/rozewines.com\/de\/produkt\/villa-mosavali-shavkapito-2020\/"]}]},{"@type":"ImageObject","inLanguage":"de-DE","@id":"https:\/\/rozewines.com\/de\/produkt\/villa-mosavali-shavkapito-2020\/#primaryimage","url":"https:\/\/rozewines.com\/app\/uploads\/2024\/05\/Villa-Mosavali-Shavkapito-2020-scaled.jpg","contentUrl":"https:\/\/rozewines.com\/app\/uploads\/2024\/05\/Villa-Mosavali-Shavkapito-2020-scaled.jpg","width":2560,"height":2560},{"@type":"BreadcrumbList","@id":"https:\/\/rozewines.com\/de\/produkt\/villa-mosavali-shavkapito-2020\/#breadcrumb","itemListElement":[{"@type":"ListItem","position":1,"name":"Home","item":"https:\/\/rozewines.com\/de\/"},{"@type":"ListItem","position":2,"name":"Unsere Weine","item":"https:\/\/rozewines.com\/de\/musu-vins\/"},{"@type":"ListItem","position":3,"name":"Villa Mosavali &#8211; Shavkapito 2021"}]},{"@type":"WebSite","@id":"https:\/\/rozewines.com\/#website","url":"https:\/\/rozewines.com\/","name":"Roze wines","description":"","publisher":{"@id":"https:\/\/rozewines.com\/#organization"},"potentialAction":[{"@type":"SearchAction","target":{"@type":"EntryPoint","urlTemplate":"https:\/\/rozewines.com\/?s={search_term_string}"},"query-input":"required name=search_term_string"}],"inLanguage":"de-DE"},{"@type":"Organization","@id":"https:\/\/rozewines.com\/#organization","name":"Roze wines","url":"https:\/\/rozewines.com\/","logo":{"@type":"ImageObject","inLanguage":"de-DE","@id":"https:\/\/rozewines.com\/#\/schema\/logo\/image\/","url":"https:\/\/rozewines.com\/app\/uploads\/2024\/05\/logo.svg","contentUrl":"https:\/\/rozewines.com\/app\/uploads\/2024\/05\/logo.svg","width":144,"height":68,"caption":"Roze wines"},"image":{"@id":"https:\/\/rozewines.com\/#\/schema\/logo\/image\/"}}]}},"_links":{"self":[{"href":"https:\/\/rozewines.com\/de\/wp-json\/wp\/v2\/product\/3306"}],"collection":[{"href":"https:\/\/rozewines.com\/de\/wp-json\/wp\/v2\/product"}],"about":[{"href":"https:\/\/rozewines.com\/de\/wp-json\/wp\/v2\/types\/product"}],"replies":[{"embeddable":true,"href":"https:\/\/rozewines.com\/de\/wp-json\/wp\/v2\/comments?post=3306"}],"wp:featuredmedia":[{"embeddable":true,"href":"https:\/\/rozewines.com\/de\/wp-json\/wp\/v2\/media\/3907"}],"wp:attachment":[{"href":"https:\/\/rozewines.com\/de\/wp-json\/wp\/v2\/media?parent=3306"}],"wp:term":[{"taxonomy":"brand","embeddable":true,"href":"https:\/\/rozewines.com\/de\/wp-json\/wp\/v2\/brand?post=3306"},{"taxonomy":"colour","embeddable":true,"href":"https:\/\/rozewines.com\/de\/wp-json\/wp\/v2\/colour?post=3306"},{"taxonomy":"flavour","embeddable":true,"href":"https:\/\/rozewines.com\/de\/wp-json\/wp\/v2\/flavour?post=3306"},{"taxonomy":"grape-variety","embeddable":true,"href":"https:\/\/rozewines.com\/de\/wp-json\/wp\/v2\/grape-variety?post=3306"},{"taxonomy":"harvest-year","embeddable":true,"href":"https:\/\/rozewines.com\/de\/wp-json\/wp\/v2\/harvest-year?post=3306"},{"taxonomy":"region","embeddable":true,"href":"https:\/\/rozewines.com\/de\/wp-json\/wp\/v2\/region?post=3306"},{"taxonomy":"size","embeddable":true,"href":"https:\/\/rozewines.com\/de\/wp-json\/wp\/v2\/size?post=3306"},{"taxonomy":"style","embeddable":true,"href":"https:\/\/rozewines.com\/de\/wp-json\/wp\/v2\/style?post=3306"},{"taxonomy":"technology","embeddable":true,"href":"https:\/\/rozewines.com\/de\/wp-json\/wp\/v2\/technology?post=3306"},{"taxonomy":"product_cat","embeddable":true,"href":"https:\/\/rozewines.com\/de\/wp-json\/wp\/v2\/product_cat?post=3306"},{"taxonomy":"product_tag","embeddable":true,"href":"https:\/\/rozewines.com\/de\/wp-json\/wp\/v2\/product_tag?post=3306"}],"curies":[{"name":"wp","href":"https:\/\/api.w.org\/{rel}","templated":true}]}}