{"id":3310,"date":"2024-05-09T00:20:53","date_gmt":"2024-05-09T00:20:53","guid":{"rendered":"https:\/\/rozewines.com\/product\/villa-kelasur-tavkveri-2019\/"},"modified":"2024-08-14T09:03:33","modified_gmt":"2024-08-14T09:03:33","slug":"villa-kelasur-tavkveri-2019","status":"publish","type":"product","link":"https:\/\/rozewines.com\/de\/produkt\/villa-kelasur-tavkveri-2019\/","title":{"rendered":"Villa Kelasur &#8211; Tavkveri 2019"},"content":{"rendered":"<p>Villa Kelasuri \u2013 Tavkveri 2019 aus Kartli, ein Wein, der f\u00fcr seine energiegeladene S\u00e4ure und seinen komplexen K\u00f6rper bekannt ist. Mit Aromen, die an s\u00e4uerliche rote Johannisbeeren, zarte Rosenbl\u00e4tter, rote Pflaumen und einen Hauch von w\u00fcrzigem rotem Pfeffer erinnern, bietet jeder Schluck eine harmonische Geschmacksbalance, die den Gaumen belebt.<\/p>\n","protected":false},"excerpt":{"rendered":"<p>Villa Kelasuri \u2013 Tavkveri 2019 aus Kartli, ein Wein, der f\u00fcr seine energiegeladene S\u00e4ure und seinen komplexen K\u00f6rper bekannt ist. Mit Aromen, die an s\u00e4uerliche rote Johannisbeeren, zarte Rosenbl\u00e4tter, rote Pflaumen und einen Hauch von w\u00fcrzigem rotem Pfeffer erinnern, bietet jeder Schluck eine harmonische Geschmacksbalance, die den Gaumen belebt.<\/p>\n","protected":false},"featured_media":927,"comment_status":"closed","ping_status":"closed","template":"","meta":{"_acf_changed":false},"brand":[1806],"colour":[1140],"flavour":[1076,1075,1074],"grape-variety":[1364],"harvest-year":[1151],"region":[1297],"size":[1598],"style":[1271],"technology":[1116],"product_cat":[1382],"product_tag":[],"ams_default_variation_id":0,"ams_product_points_reward":[],"ams_product_discount_percentage":0,"ams_price_to_display":28,"acf":[],"ams_acf":[{"key":"food_pairings","label":"Food pairings","value":"gegrillter Lachs mit rotem Pfeffer, gereifter Ziegenk\u00e4se"},{"key":"alcohol_percentage","label":"Alcohol percentage","value":"13%"},{"key":"details","label":"Details","value":{"":null,"acidity":"4","body":"3","sweetness":"0","tannin":"2"}}],"yoast_head":"<!-- This site is optimized with the Yoast SEO plugin v22.6 - https:\/\/yoast.com\/wordpress\/plugins\/seo\/ -->\n<title>Villa Kelasur - Tavkveri 2019 - Roze wines<\/title>\n<meta name=\"robots\" content=\"index, follow, max-snippet:-1, max-image-preview:large, max-video-preview:-1\" \/>\n<link rel=\"canonical\" href=\"https:\/\/rozewines.com\/produkt\/villa-kelasur-tavkveri-2019\/\" \/>\n<meta property=\"og:locale\" content=\"de_DE\" \/>\n<meta property=\"og:type\" content=\"article\" \/>\n<meta property=\"og:title\" content=\"Villa Kelasur - Tavkveri 2019 - Roze wines\" \/>\n<meta property=\"og:description\" content=\"Villa Kelasuri \u2013 Tavkveri 2019 aus Kartli, ein Wein, der f\u00fcr seine energiegeladene S\u00e4ure und seinen komplexen K\u00f6rper bekannt ist. Mit Aromen, die an s\u00e4uerliche rote Johannisbeeren, zarte Rosenbl\u00e4tter, rote Pflaumen und einen Hauch von w\u00fcrzigem rotem Pfeffer erinnern, bietet jeder Schluck eine harmonische Geschmacksbalance, die den Gaumen belebt.\" \/>\n<meta property=\"og:url\" content=\"https:\/\/rozewines.com\/produkt\/villa-kelasur-tavkveri-2019\/\" \/>\n<meta property=\"og:site_name\" content=\"Roze wines\" \/>\n<meta property=\"article:modified_time\" content=\"2024-08-14T09:03:33+00:00\" \/>\n<meta property=\"og:image\" content=\"https:\/\/rozewines.com\/app\/uploads\/2024\/04\/Villa-Kelasur-Tavkveri-2019.jpg\" \/>\n\t<meta property=\"og:image:width\" content=\"2160\" \/>\n\t<meta property=\"og:image:height\" content=\"2160\" \/>\n\t<meta property=\"og:image:type\" content=\"image\/jpeg\" \/>\n<meta name=\"twitter:card\" content=\"summary_large_image\" \/>\n<script type=\"application\/ld+json\" class=\"yoast-schema-graph\">{\"@context\":\"https:\/\/schema.org\",\"@graph\":[{\"@type\":\"WebPage\",\"@id\":\"https:\/\/rozewines.com\/produkt\/villa-kelasur-tavkveri-2019\/\",\"url\":\"https:\/\/rozewines.com\/produkt\/villa-kelasur-tavkveri-2019\/\",\"name\":\"Villa Kelasur - Tavkveri 2019 - Roze wines\",\"isPartOf\":{\"@id\":\"https:\/\/rozewines.com\/#website\"},\"primaryImageOfPage\":{\"@id\":\"https:\/\/rozewines.com\/produkt\/villa-kelasur-tavkveri-2019\/#primaryimage\"},\"image\":{\"@id\":\"https:\/\/rozewines.com\/produkt\/villa-kelasur-tavkveri-2019\/#primaryimage\"},\"thumbnailUrl\":\"https:\/\/rozewines.com\/app\/uploads\/2024\/04\/Villa-Kelasur-Tavkveri-2019.jpg\",\"datePublished\":\"2024-05-09T00:20:53+00:00\",\"dateModified\":\"2024-08-14T09:03:33+00:00\",\"breadcrumb\":{\"@id\":\"https:\/\/rozewines.com\/produkt\/villa-kelasur-tavkveri-2019\/#breadcrumb\"},\"inLanguage\":\"de-DE\",\"potentialAction\":[{\"@type\":\"ReadAction\",\"target\":[\"https:\/\/rozewines.com\/produkt\/villa-kelasur-tavkveri-2019\/\"]}]},{\"@type\":\"ImageObject\",\"inLanguage\":\"de-DE\",\"@id\":\"https:\/\/rozewines.com\/produkt\/villa-kelasur-tavkveri-2019\/#primaryimage\",\"url\":\"https:\/\/rozewines.com\/app\/uploads\/2024\/04\/Villa-Kelasur-Tavkveri-2019.jpg\",\"contentUrl\":\"https:\/\/rozewines.com\/app\/uploads\/2024\/04\/Villa-Kelasur-Tavkveri-2019.jpg\",\"width\":2160,\"height\":2160},{\"@type\":\"BreadcrumbList\",\"@id\":\"https:\/\/rozewines.com\/produkt\/villa-kelasur-tavkveri-2019\/#breadcrumb\",\"itemListElement\":[{\"@type\":\"ListItem\",\"position\":1,\"name\":\"Home\",\"item\":\"https:\/\/rozewines.com\/de\/\"},{\"@type\":\"ListItem\",\"position\":2,\"name\":\"Unsere Weine\",\"item\":\"https:\/\/rozewines.com\/de\/musu-vins\/\"},{\"@type\":\"ListItem\",\"position\":3,\"name\":\"Villa Kelasur &#8211; Tavkveri 2019\"}]},{\"@type\":\"WebSite\",\"@id\":\"https:\/\/rozewines.com\/#website\",\"url\":\"https:\/\/rozewines.com\/\",\"name\":\"Roze wines\",\"description\":\"\",\"publisher\":{\"@id\":\"https:\/\/rozewines.com\/#organization\"},\"potentialAction\":[{\"@type\":\"SearchAction\",\"target\":{\"@type\":\"EntryPoint\",\"urlTemplate\":\"https:\/\/rozewines.com\/?s={search_term_string}\"},\"query-input\":\"required name=search_term_string\"}],\"inLanguage\":\"de-DE\"},{\"@type\":\"Organization\",\"@id\":\"https:\/\/rozewines.com\/#organization\",\"name\":\"Roze wines\",\"url\":\"https:\/\/rozewines.com\/\",\"logo\":{\"@type\":\"ImageObject\",\"inLanguage\":\"de-DE\",\"@id\":\"https:\/\/rozewines.com\/#\/schema\/logo\/image\/\",\"url\":\"https:\/\/rozewines.com\/app\/uploads\/2024\/05\/logo.svg\",\"contentUrl\":\"https:\/\/rozewines.com\/app\/uploads\/2024\/05\/logo.svg\",\"width\":144,\"height\":68,\"caption\":\"Roze wines\"},\"image\":{\"@id\":\"https:\/\/rozewines.com\/#\/schema\/logo\/image\/\"}}]}<\/script>\n<!-- \/ Yoast SEO plugin. -->","yoast_head_json":{"title":"Villa Kelasur - Tavkveri 2019 - Roze wines","robots":{"index":"index","follow":"follow","max-snippet":"max-snippet:-1","max-image-preview":"max-image-preview:large","max-video-preview":"max-video-preview:-1"},"canonical":"https:\/\/rozewines.com\/produkt\/villa-kelasur-tavkveri-2019\/","og_locale":"de_DE","og_type":"article","og_title":"Villa Kelasur - Tavkveri 2019 - Roze wines","og_description":"Villa Kelasuri \u2013 Tavkveri 2019 aus Kartli, ein Wein, der f\u00fcr seine energiegeladene S\u00e4ure und seinen komplexen K\u00f6rper bekannt ist. Mit Aromen, die an s\u00e4uerliche rote Johannisbeeren, zarte Rosenbl\u00e4tter, rote Pflaumen und einen Hauch von w\u00fcrzigem rotem Pfeffer erinnern, bietet jeder Schluck eine harmonische Geschmacksbalance, die den Gaumen belebt.","og_url":"https:\/\/rozewines.com\/produkt\/villa-kelasur-tavkveri-2019\/","og_site_name":"Roze wines","article_modified_time":"2024-08-14T09:03:33+00:00","og_image":[{"width":2160,"height":2160,"url":"https:\/\/rozewines.com\/app\/uploads\/2024\/04\/Villa-Kelasur-Tavkveri-2019.jpg","type":"image\/jpeg"}],"twitter_card":"summary_large_image","schema":{"@context":"https:\/\/schema.org","@graph":[{"@type":"WebPage","@id":"https:\/\/rozewines.com\/produkt\/villa-kelasur-tavkveri-2019\/","url":"https:\/\/rozewines.com\/produkt\/villa-kelasur-tavkveri-2019\/","name":"Villa Kelasur - Tavkveri 2019 - Roze wines","isPartOf":{"@id":"https:\/\/rozewines.com\/#website"},"primaryImageOfPage":{"@id":"https:\/\/rozewines.com\/produkt\/villa-kelasur-tavkveri-2019\/#primaryimage"},"image":{"@id":"https:\/\/rozewines.com\/produkt\/villa-kelasur-tavkveri-2019\/#primaryimage"},"thumbnailUrl":"https:\/\/rozewines.com\/app\/uploads\/2024\/04\/Villa-Kelasur-Tavkveri-2019.jpg","datePublished":"2024-05-09T00:20:53+00:00","dateModified":"2024-08-14T09:03:33+00:00","breadcrumb":{"@id":"https:\/\/rozewines.com\/produkt\/villa-kelasur-tavkveri-2019\/#breadcrumb"},"inLanguage":"de-DE","potentialAction":[{"@type":"ReadAction","target":["https:\/\/rozewines.com\/produkt\/villa-kelasur-tavkveri-2019\/"]}]},{"@type":"ImageObject","inLanguage":"de-DE","@id":"https:\/\/rozewines.com\/produkt\/villa-kelasur-tavkveri-2019\/#primaryimage","url":"https:\/\/rozewines.com\/app\/uploads\/2024\/04\/Villa-Kelasur-Tavkveri-2019.jpg","contentUrl":"https:\/\/rozewines.com\/app\/uploads\/2024\/04\/Villa-Kelasur-Tavkveri-2019.jpg","width":2160,"height":2160},{"@type":"BreadcrumbList","@id":"https:\/\/rozewines.com\/produkt\/villa-kelasur-tavkveri-2019\/#breadcrumb","itemListElement":[{"@type":"ListItem","position":1,"name":"Home","item":"https:\/\/rozewines.com\/de\/"},{"@type":"ListItem","position":2,"name":"Unsere Weine","item":"https:\/\/rozewines.com\/de\/musu-vins\/"},{"@type":"ListItem","position":3,"name":"Villa Kelasur &#8211; Tavkveri 2019"}]},{"@type":"WebSite","@id":"https:\/\/rozewines.com\/#website","url":"https:\/\/rozewines.com\/","name":"Roze wines","description":"","publisher":{"@id":"https:\/\/rozewines.com\/#organization"},"potentialAction":[{"@type":"SearchAction","target":{"@type":"EntryPoint","urlTemplate":"https:\/\/rozewines.com\/?s={search_term_string}"},"query-input":"required name=search_term_string"}],"inLanguage":"de-DE"},{"@type":"Organization","@id":"https:\/\/rozewines.com\/#organization","name":"Roze wines","url":"https:\/\/rozewines.com\/","logo":{"@type":"ImageObject","inLanguage":"de-DE","@id":"https:\/\/rozewines.com\/#\/schema\/logo\/image\/","url":"https:\/\/rozewines.com\/app\/uploads\/2024\/05\/logo.svg","contentUrl":"https:\/\/rozewines.com\/app\/uploads\/2024\/05\/logo.svg","width":144,"height":68,"caption":"Roze wines"},"image":{"@id":"https:\/\/rozewines.com\/#\/schema\/logo\/image\/"}}]}},"_links":{"self":[{"href":"https:\/\/rozewines.com\/de\/wp-json\/wp\/v2\/product\/3310"}],"collection":[{"href":"https:\/\/rozewines.com\/de\/wp-json\/wp\/v2\/product"}],"about":[{"href":"https:\/\/rozewines.com\/de\/wp-json\/wp\/v2\/types\/product"}],"replies":[{"embeddable":true,"href":"https:\/\/rozewines.com\/de\/wp-json\/wp\/v2\/comments?post=3310"}],"wp:featuredmedia":[{"embeddable":true,"href":"https:\/\/rozewines.com\/de\/wp-json\/wp\/v2\/media\/927"}],"wp:attachment":[{"href":"https:\/\/rozewines.com\/de\/wp-json\/wp\/v2\/media?parent=3310"}],"wp:term":[{"taxonomy":"brand","embeddable":true,"href":"https:\/\/rozewines.com\/de\/wp-json\/wp\/v2\/brand?post=3310"},{"taxonomy":"colour","embeddable":true,"href":"https:\/\/rozewines.com\/de\/wp-json\/wp\/v2\/colour?post=3310"},{"taxonomy":"flavour","embeddable":true,"href":"https:\/\/rozewines.com\/de\/wp-json\/wp\/v2\/flavour?post=3310"},{"taxonomy":"grape-variety","embeddable":true,"href":"https:\/\/rozewines.com\/de\/wp-json\/wp\/v2\/grape-variety?post=3310"},{"taxonomy":"harvest-year","embeddable":true,"href":"https:\/\/rozewines.com\/de\/wp-json\/wp\/v2\/harvest-year?post=3310"},{"taxonomy":"region","embeddable":true,"href":"https:\/\/rozewines.com\/de\/wp-json\/wp\/v2\/region?post=3310"},{"taxonomy":"size","embeddable":true,"href":"https:\/\/rozewines.com\/de\/wp-json\/wp\/v2\/size?post=3310"},{"taxonomy":"style","embeddable":true,"href":"https:\/\/rozewines.com\/de\/wp-json\/wp\/v2\/style?post=3310"},{"taxonomy":"technology","embeddable":true,"href":"https:\/\/rozewines.com\/de\/wp-json\/wp\/v2\/technology?post=3310"},{"taxonomy":"product_cat","embeddable":true,"href":"https:\/\/rozewines.com\/de\/wp-json\/wp\/v2\/product_cat?post=3310"},{"taxonomy":"product_tag","embeddable":true,"href":"https:\/\/rozewines.com\/de\/wp-json\/wp\/v2\/product_tag?post=3310"}],"curies":[{"name":"wp","href":"https:\/\/api.w.org\/{rel}","templated":true}]}}