{"id":3311,"date":"2024-05-09T00:20:53","date_gmt":"2024-05-09T00:20:53","guid":{"rendered":"https:\/\/rozewines.com\/product\/gvazi-tsitska-2022\/"},"modified":"2024-08-14T09:03:33","modified_gmt":"2024-08-14T09:03:33","slug":"gvazi-tsitska-2022","status":"publish","type":"product","link":"https:\/\/rozewines.com\/de\/produkt\/gvazi-tsitska-2022\/","title":{"rendered":"Gvazi &#8211; Tsitska 2022"},"content":{"rendered":"<p>Gvazi \u2013 Tsitska 2022, ein unverwechselbarer Wein, der nach der imeretischen Churi-Methode hergestellt wird und 30 % Hautkontakt aufweist, um seinen Charakter zu verst\u00e4rken. Dieser Wein bietet ein leichtes und aromatisches Profil, perfekt f\u00fcr diejenigen, die erfrischende Aromen suchen. Tauchen Sie ein in die verf\u00fchrerischen Aromen von reifer Melone, frisch geschnittenem Gras, saftiger Aprikose und Grapefruit. Mit seiner traditionellen westgeorgischen Technik und seinem Tsitska-Charakter bietet der Wein einen unvergesslichen Geschmack.<\/p>\n","protected":false},"excerpt":{"rendered":"<p>Gvazi \u2013 Tsitska 2022, ein unverwechselbarer Wein, der nach der imeretischen Churi-Methode hergestellt wird und 30 % Hautkontakt aufweist, um seinen Charakter zu verst\u00e4rken. Dieser Wein bietet ein leichtes und aromatisches Profil, perfekt f\u00fcr diejenigen, die erfrischende Aromen suchen. Tauchen Sie ein in die verf\u00fchrerischen Aromen von reifer Melone, frisch geschnittenem Gras, saftiger Aprikose und &hellip; <a href=\"https:\/\/rozewines.com\/de\/produkt\/gvazi-tsitska-2022\/\">Continued<\/a><\/p>\n","protected":false},"featured_media":3547,"comment_status":"closed","ping_status":"closed","template":"","meta":{"_acf_changed":false},"brand":[1811],"colour":[1143],"flavour":[994,1033],"grape-variety":[1365],"harvest-year":[1158],"region":[1294],"size":[1598],"style":[1271],"technology":[1120],"product_cat":[1382],"product_tag":[],"ams_default_variation_id":0,"ams_product_points_reward":[],"ams_product_discount_percentage":0,"ams_price_to_display":29.5,"acf":[],"ams_acf":[{"key":"food_pairings","label":"Food pairings","value":"Imeretischer K\u00e4se mit Mchadi, Muscheln in Weinsauce"},{"key":"alcohol_percentage","label":"Alcohol percentage","value":"12%"}],"yoast_head":"<!-- This site is optimized with the Yoast SEO plugin v22.6 - https:\/\/yoast.com\/wordpress\/plugins\/seo\/ -->\n<title>Gvazi - Tsitska 2022 - Roze wines<\/title>\n<meta name=\"robots\" content=\"index, follow, max-snippet:-1, max-image-preview:large, max-video-preview:-1\" \/>\n<link rel=\"canonical\" href=\"https:\/\/rozewines.com\/de\/produkt\/gvazi-tsitska-2022\/\" \/>\n<meta property=\"og:locale\" content=\"de_DE\" \/>\n<meta property=\"og:type\" content=\"article\" \/>\n<meta property=\"og:title\" content=\"Gvazi - Tsitska 2022 - Roze wines\" \/>\n<meta property=\"og:description\" content=\"Gvazi \u2013 Tsitska 2022, ein unverwechselbarer Wein, der nach der imeretischen Churi-Methode hergestellt wird und 30 % Hautkontakt aufweist, um seinen Charakter zu verst\u00e4rken. Dieser Wein bietet ein leichtes und aromatisches Profil, perfekt f\u00fcr diejenigen, die erfrischende Aromen suchen. Tauchen Sie ein in die verf\u00fchrerischen Aromen von reifer Melone, frisch geschnittenem Gras, saftiger Aprikose und &hellip; Continued\" \/>\n<meta property=\"og:url\" content=\"https:\/\/rozewines.com\/de\/produkt\/gvazi-tsitska-2022\/\" \/>\n<meta property=\"og:site_name\" content=\"Roze wines\" \/>\n<meta property=\"article:modified_time\" content=\"2024-08-14T09:03:33+00:00\" \/>\n<meta property=\"og:image\" content=\"https:\/\/rozewines.com\/app\/uploads\/2024\/05\/Gvazi-Tsitska-2022-scaled.jpg\" \/>\n\t<meta property=\"og:image:width\" content=\"2560\" \/>\n\t<meta property=\"og:image:height\" content=\"2560\" \/>\n\t<meta property=\"og:image:type\" content=\"image\/jpeg\" \/>\n<meta name=\"twitter:card\" content=\"summary_large_image\" \/>\n<script type=\"application\/ld+json\" class=\"yoast-schema-graph\">{\"@context\":\"https:\/\/schema.org\",\"@graph\":[{\"@type\":\"WebPage\",\"@id\":\"https:\/\/rozewines.com\/de\/produkt\/gvazi-tsitska-2022\/\",\"url\":\"https:\/\/rozewines.com\/de\/produkt\/gvazi-tsitska-2022\/\",\"name\":\"Gvazi - Tsitska 2022 - Roze wines\",\"isPartOf\":{\"@id\":\"https:\/\/rozewines.com\/#website\"},\"primaryImageOfPage\":{\"@id\":\"https:\/\/rozewines.com\/de\/produkt\/gvazi-tsitska-2022\/#primaryimage\"},\"image\":{\"@id\":\"https:\/\/rozewines.com\/de\/produkt\/gvazi-tsitska-2022\/#primaryimage\"},\"thumbnailUrl\":\"https:\/\/rozewines.com\/app\/uploads\/2024\/05\/Gvazi-Tsitska-2022-scaled.jpg\",\"datePublished\":\"2024-05-09T00:20:53+00:00\",\"dateModified\":\"2024-08-14T09:03:33+00:00\",\"breadcrumb\":{\"@id\":\"https:\/\/rozewines.com\/de\/produkt\/gvazi-tsitska-2022\/#breadcrumb\"},\"inLanguage\":\"de-DE\",\"potentialAction\":[{\"@type\":\"ReadAction\",\"target\":[\"https:\/\/rozewines.com\/de\/produkt\/gvazi-tsitska-2022\/\"]}]},{\"@type\":\"ImageObject\",\"inLanguage\":\"de-DE\",\"@id\":\"https:\/\/rozewines.com\/de\/produkt\/gvazi-tsitska-2022\/#primaryimage\",\"url\":\"https:\/\/rozewines.com\/app\/uploads\/2024\/05\/Gvazi-Tsitska-2022-scaled.jpg\",\"contentUrl\":\"https:\/\/rozewines.com\/app\/uploads\/2024\/05\/Gvazi-Tsitska-2022-scaled.jpg\",\"width\":2560,\"height\":2560},{\"@type\":\"BreadcrumbList\",\"@id\":\"https:\/\/rozewines.com\/de\/produkt\/gvazi-tsitska-2022\/#breadcrumb\",\"itemListElement\":[{\"@type\":\"ListItem\",\"position\":1,\"name\":\"Home\",\"item\":\"https:\/\/rozewines.com\/de\/\"},{\"@type\":\"ListItem\",\"position\":2,\"name\":\"Unsere Weine\",\"item\":\"https:\/\/rozewines.com\/de\/musu-vins\/\"},{\"@type\":\"ListItem\",\"position\":3,\"name\":\"Gvazi &#8211; Tsitska 2022\"}]},{\"@type\":\"WebSite\",\"@id\":\"https:\/\/rozewines.com\/#website\",\"url\":\"https:\/\/rozewines.com\/\",\"name\":\"Roze wines\",\"description\":\"\",\"publisher\":{\"@id\":\"https:\/\/rozewines.com\/#organization\"},\"potentialAction\":[{\"@type\":\"SearchAction\",\"target\":{\"@type\":\"EntryPoint\",\"urlTemplate\":\"https:\/\/rozewines.com\/?s={search_term_string}\"},\"query-input\":\"required name=search_term_string\"}],\"inLanguage\":\"de-DE\"},{\"@type\":\"Organization\",\"@id\":\"https:\/\/rozewines.com\/#organization\",\"name\":\"Roze wines\",\"url\":\"https:\/\/rozewines.com\/\",\"logo\":{\"@type\":\"ImageObject\",\"inLanguage\":\"de-DE\",\"@id\":\"https:\/\/rozewines.com\/#\/schema\/logo\/image\/\",\"url\":\"https:\/\/rozewines.com\/app\/uploads\/2024\/05\/logo.svg\",\"contentUrl\":\"https:\/\/rozewines.com\/app\/uploads\/2024\/05\/logo.svg\",\"width\":144,\"height\":68,\"caption\":\"Roze wines\"},\"image\":{\"@id\":\"https:\/\/rozewines.com\/#\/schema\/logo\/image\/\"}}]}<\/script>\n<!-- \/ Yoast SEO plugin. -->","yoast_head_json":{"title":"Gvazi - Tsitska 2022 - Roze wines","robots":{"index":"index","follow":"follow","max-snippet":"max-snippet:-1","max-image-preview":"max-image-preview:large","max-video-preview":"max-video-preview:-1"},"canonical":"https:\/\/rozewines.com\/de\/produkt\/gvazi-tsitska-2022\/","og_locale":"de_DE","og_type":"article","og_title":"Gvazi - Tsitska 2022 - Roze wines","og_description":"Gvazi \u2013 Tsitska 2022, ein unverwechselbarer Wein, der nach der imeretischen Churi-Methode hergestellt wird und 30 % Hautkontakt aufweist, um seinen Charakter zu verst\u00e4rken. Dieser Wein bietet ein leichtes und aromatisches Profil, perfekt f\u00fcr diejenigen, die erfrischende Aromen suchen. Tauchen Sie ein in die verf\u00fchrerischen Aromen von reifer Melone, frisch geschnittenem Gras, saftiger Aprikose und &hellip; Continued","og_url":"https:\/\/rozewines.com\/de\/produkt\/gvazi-tsitska-2022\/","og_site_name":"Roze wines","article_modified_time":"2024-08-14T09:03:33+00:00","og_image":[{"width":2560,"height":2560,"url":"https:\/\/rozewines.com\/app\/uploads\/2024\/05\/Gvazi-Tsitska-2022-scaled.jpg","type":"image\/jpeg"}],"twitter_card":"summary_large_image","schema":{"@context":"https:\/\/schema.org","@graph":[{"@type":"WebPage","@id":"https:\/\/rozewines.com\/de\/produkt\/gvazi-tsitska-2022\/","url":"https:\/\/rozewines.com\/de\/produkt\/gvazi-tsitska-2022\/","name":"Gvazi - Tsitska 2022 - Roze wines","isPartOf":{"@id":"https:\/\/rozewines.com\/#website"},"primaryImageOfPage":{"@id":"https:\/\/rozewines.com\/de\/produkt\/gvazi-tsitska-2022\/#primaryimage"},"image":{"@id":"https:\/\/rozewines.com\/de\/produkt\/gvazi-tsitska-2022\/#primaryimage"},"thumbnailUrl":"https:\/\/rozewines.com\/app\/uploads\/2024\/05\/Gvazi-Tsitska-2022-scaled.jpg","datePublished":"2024-05-09T00:20:53+00:00","dateModified":"2024-08-14T09:03:33+00:00","breadcrumb":{"@id":"https:\/\/rozewines.com\/de\/produkt\/gvazi-tsitska-2022\/#breadcrumb"},"inLanguage":"de-DE","potentialAction":[{"@type":"ReadAction","target":["https:\/\/rozewines.com\/de\/produkt\/gvazi-tsitska-2022\/"]}]},{"@type":"ImageObject","inLanguage":"de-DE","@id":"https:\/\/rozewines.com\/de\/produkt\/gvazi-tsitska-2022\/#primaryimage","url":"https:\/\/rozewines.com\/app\/uploads\/2024\/05\/Gvazi-Tsitska-2022-scaled.jpg","contentUrl":"https:\/\/rozewines.com\/app\/uploads\/2024\/05\/Gvazi-Tsitska-2022-scaled.jpg","width":2560,"height":2560},{"@type":"BreadcrumbList","@id":"https:\/\/rozewines.com\/de\/produkt\/gvazi-tsitska-2022\/#breadcrumb","itemListElement":[{"@type":"ListItem","position":1,"name":"Home","item":"https:\/\/rozewines.com\/de\/"},{"@type":"ListItem","position":2,"name":"Unsere Weine","item":"https:\/\/rozewines.com\/de\/musu-vins\/"},{"@type":"ListItem","position":3,"name":"Gvazi &#8211; Tsitska 2022"}]},{"@type":"WebSite","@id":"https:\/\/rozewines.com\/#website","url":"https:\/\/rozewines.com\/","name":"Roze wines","description":"","publisher":{"@id":"https:\/\/rozewines.com\/#organization"},"potentialAction":[{"@type":"SearchAction","target":{"@type":"EntryPoint","urlTemplate":"https:\/\/rozewines.com\/?s={search_term_string}"},"query-input":"required name=search_term_string"}],"inLanguage":"de-DE"},{"@type":"Organization","@id":"https:\/\/rozewines.com\/#organization","name":"Roze wines","url":"https:\/\/rozewines.com\/","logo":{"@type":"ImageObject","inLanguage":"de-DE","@id":"https:\/\/rozewines.com\/#\/schema\/logo\/image\/","url":"https:\/\/rozewines.com\/app\/uploads\/2024\/05\/logo.svg","contentUrl":"https:\/\/rozewines.com\/app\/uploads\/2024\/05\/logo.svg","width":144,"height":68,"caption":"Roze wines"},"image":{"@id":"https:\/\/rozewines.com\/#\/schema\/logo\/image\/"}}]}},"_links":{"self":[{"href":"https:\/\/rozewines.com\/de\/wp-json\/wp\/v2\/product\/3311"}],"collection":[{"href":"https:\/\/rozewines.com\/de\/wp-json\/wp\/v2\/product"}],"about":[{"href":"https:\/\/rozewines.com\/de\/wp-json\/wp\/v2\/types\/product"}],"replies":[{"embeddable":true,"href":"https:\/\/rozewines.com\/de\/wp-json\/wp\/v2\/comments?post=3311"}],"wp:featuredmedia":[{"embeddable":true,"href":"https:\/\/rozewines.com\/de\/wp-json\/wp\/v2\/media\/3547"}],"wp:attachment":[{"href":"https:\/\/rozewines.com\/de\/wp-json\/wp\/v2\/media?parent=3311"}],"wp:term":[{"taxonomy":"brand","embeddable":true,"href":"https:\/\/rozewines.com\/de\/wp-json\/wp\/v2\/brand?post=3311"},{"taxonomy":"colour","embeddable":true,"href":"https:\/\/rozewines.com\/de\/wp-json\/wp\/v2\/colour?post=3311"},{"taxonomy":"flavour","embeddable":true,"href":"https:\/\/rozewines.com\/de\/wp-json\/wp\/v2\/flavour?post=3311"},{"taxonomy":"grape-variety","embeddable":true,"href":"https:\/\/rozewines.com\/de\/wp-json\/wp\/v2\/grape-variety?post=3311"},{"taxonomy":"harvest-year","embeddable":true,"href":"https:\/\/rozewines.com\/de\/wp-json\/wp\/v2\/harvest-year?post=3311"},{"taxonomy":"region","embeddable":true,"href":"https:\/\/rozewines.com\/de\/wp-json\/wp\/v2\/region?post=3311"},{"taxonomy":"size","embeddable":true,"href":"https:\/\/rozewines.com\/de\/wp-json\/wp\/v2\/size?post=3311"},{"taxonomy":"style","embeddable":true,"href":"https:\/\/rozewines.com\/de\/wp-json\/wp\/v2\/style?post=3311"},{"taxonomy":"technology","embeddable":true,"href":"https:\/\/rozewines.com\/de\/wp-json\/wp\/v2\/technology?post=3311"},{"taxonomy":"product_cat","embeddable":true,"href":"https:\/\/rozewines.com\/de\/wp-json\/wp\/v2\/product_cat?post=3311"},{"taxonomy":"product_tag","embeddable":true,"href":"https:\/\/rozewines.com\/de\/wp-json\/wp\/v2\/product_tag?post=3311"}],"curies":[{"name":"wp","href":"https:\/\/api.w.org\/{rel}","templated":true}]}}