{"id":3312,"date":"2024-05-09T00:20:53","date_gmt":"2024-05-09T00:20:53","guid":{"rendered":"https:\/\/rozewines.com\/product\/chelti-tsitska-krakhuna-2022\/"},"modified":"2025-08-07T09:13:58","modified_gmt":"2025-08-07T09:13:58","slug":"chelti-tsitska-krakhuna-2022","status":"publish","type":"product","link":"https:\/\/rozewines.com\/de\/produkt\/chelti-tsitska-krakhuna-2022\/","title":{"rendered":"Chelti &#8211; Tsitska-Krakhuna 2023"},"content":{"rendered":"<p>Chelti \u2013 Tsitska-Krakhuna 2022, ein halbtrockener Wei\u00dfwein aus Westgeorgien, der f\u00fcr seinen leichten und frischen Charakter bekannt ist. Dieser k\u00f6stliche Wein f\u00e4ngt mit seinen lebendigen Aromen die Essenz der Region ein. Erleben Sie den knackigen Duft von gr\u00fcnem Apfel, die S\u00fc\u00dfe von Pfirsich, den subtilen Hauch von Vanille und den zarten Duft von Holunderbl\u00fcten mit seinem erfrischenden Profil und seiner harmonischen Ausgewogenheit.<\/p>\n","protected":false},"excerpt":{"rendered":"<p>Chelti \u2013 Tsitska-Krakhuna 2022, ein halbtrockener Wei\u00dfwein aus Westgeorgien, der f\u00fcr seinen leichten und frischen Charakter bekannt ist. Dieser k\u00f6stliche Wein f\u00e4ngt mit seinen lebendigen Aromen die Essenz der Region ein. Erleben Sie den knackigen Duft von gr\u00fcnem Apfel, die S\u00fc\u00dfe von Pfirsich, den subtilen Hauch von Vanille und den zarten Duft von Holunderbl\u00fcten mit &hellip; <a href=\"https:\/\/rozewines.com\/de\/produkt\/chelti-tsitska-krakhuna-2022\/\">Continued<\/a><\/p>\n","protected":false},"featured_media":6386,"comment_status":"closed","ping_status":"closed","template":"","meta":{"_acf_changed":false},"brand":[1780],"colour":[1143],"flavour":[1034,1062,1084],"grape-variety":[1366],"harvest-year":[1194],"region":[1293],"size":[1598],"style":[1280],"technology":[1116],"product_cat":[1382],"product_tag":[],"ams_default_variation_id":0,"ams_product_points_reward":[],"ams_product_discount_percentage":0,"ams_price_to_display":15.2,"acf":[],"ams_acf":[{"key":"food_pairings","label":"Food pairings","value":"Gegrillte Garnelenspie\u00dfe, scharfes Curry"},{"key":"alcohol_percentage","label":"Alcohol percentage","value":"12%"},{"key":"details","label":"Details","value":{"":null,"acidity":"4","body":"2","sweetness":"2","tannin":"0"}},{"key":"zero_sulfites","label":"Zero sulfites","value":false}],"yoast_head":"<!-- This site is optimized with the Yoast SEO plugin v22.6 - https:\/\/yoast.com\/wordpress\/plugins\/seo\/ -->\n<title>Chelti - Tsitska-Krakhuna 2023 - Roze wines<\/title>\n<meta name=\"robots\" content=\"index, follow, max-snippet:-1, max-image-preview:large, max-video-preview:-1\" \/>\n<link rel=\"canonical\" href=\"https:\/\/rozewines.com\/de\/produkt\/chelti-tsitska-krakhuna-2022\/\" \/>\n<meta property=\"og:locale\" content=\"de_DE\" \/>\n<meta property=\"og:type\" content=\"article\" \/>\n<meta property=\"og:title\" content=\"Chelti - Tsitska-Krakhuna 2023 - Roze wines\" \/>\n<meta property=\"og:description\" content=\"Chelti \u2013 Tsitska-Krakhuna 2022, ein halbtrockener Wei\u00dfwein aus Westgeorgien, der f\u00fcr seinen leichten und frischen Charakter bekannt ist. Dieser k\u00f6stliche Wein f\u00e4ngt mit seinen lebendigen Aromen die Essenz der Region ein. Erleben Sie den knackigen Duft von gr\u00fcnem Apfel, die S\u00fc\u00dfe von Pfirsich, den subtilen Hauch von Vanille und den zarten Duft von Holunderbl\u00fcten mit &hellip; Continued\" \/>\n<meta property=\"og:url\" content=\"https:\/\/rozewines.com\/de\/produkt\/chelti-tsitska-krakhuna-2022\/\" \/>\n<meta property=\"og:site_name\" content=\"Roze wines\" \/>\n<meta property=\"article:modified_time\" content=\"2025-08-07T09:13:58+00:00\" \/>\n<meta property=\"og:image\" content=\"https:\/\/rozewines.com\/app\/uploads\/2024\/08\/Chelti-Tsitska-Krakhuna.jpg\" \/>\n\t<meta property=\"og:image:width\" content=\"7820\" \/>\n\t<meta property=\"og:image:height\" content=\"7820\" \/>\n\t<meta property=\"og:image:type\" content=\"image\/jpeg\" \/>\n<meta name=\"twitter:card\" content=\"summary_large_image\" \/>\n<meta name=\"twitter:label1\" content=\"Est. reading time\" \/>\n\t<meta name=\"twitter:data1\" content=\"1 minute\" \/>\n<script type=\"application\/ld+json\" class=\"yoast-schema-graph\">{\"@context\":\"https:\/\/schema.org\",\"@graph\":[{\"@type\":\"WebPage\",\"@id\":\"https:\/\/rozewines.com\/de\/produkt\/chelti-tsitska-krakhuna-2022\/\",\"url\":\"https:\/\/rozewines.com\/de\/produkt\/chelti-tsitska-krakhuna-2022\/\",\"name\":\"Chelti - Tsitska-Krakhuna 2023 - Roze wines\",\"isPartOf\":{\"@id\":\"https:\/\/rozewines.com\/#website\"},\"primaryImageOfPage\":{\"@id\":\"https:\/\/rozewines.com\/de\/produkt\/chelti-tsitska-krakhuna-2022\/#primaryimage\"},\"image\":{\"@id\":\"https:\/\/rozewines.com\/de\/produkt\/chelti-tsitska-krakhuna-2022\/#primaryimage\"},\"thumbnailUrl\":\"https:\/\/rozewines.com\/app\/uploads\/2024\/08\/Chelti-Tsitska-Krakhuna.jpg\",\"datePublished\":\"2024-05-09T00:20:53+00:00\",\"dateModified\":\"2025-08-07T09:13:58+00:00\",\"breadcrumb\":{\"@id\":\"https:\/\/rozewines.com\/de\/produkt\/chelti-tsitska-krakhuna-2022\/#breadcrumb\"},\"inLanguage\":\"de-DE\",\"potentialAction\":[{\"@type\":\"ReadAction\",\"target\":[\"https:\/\/rozewines.com\/de\/produkt\/chelti-tsitska-krakhuna-2022\/\"]}]},{\"@type\":\"ImageObject\",\"inLanguage\":\"de-DE\",\"@id\":\"https:\/\/rozewines.com\/de\/produkt\/chelti-tsitska-krakhuna-2022\/#primaryimage\",\"url\":\"https:\/\/rozewines.com\/app\/uploads\/2024\/08\/Chelti-Tsitska-Krakhuna.jpg\",\"contentUrl\":\"https:\/\/rozewines.com\/app\/uploads\/2024\/08\/Chelti-Tsitska-Krakhuna.jpg\",\"width\":7820,\"height\":7820},{\"@type\":\"BreadcrumbList\",\"@id\":\"https:\/\/rozewines.com\/de\/produkt\/chelti-tsitska-krakhuna-2022\/#breadcrumb\",\"itemListElement\":[{\"@type\":\"ListItem\",\"position\":1,\"name\":\"Home\",\"item\":\"https:\/\/rozewines.com\/de\/\"},{\"@type\":\"ListItem\",\"position\":2,\"name\":\"Unsere Weine\",\"item\":\"https:\/\/rozewines.com\/de\/musu-vins\/\"},{\"@type\":\"ListItem\",\"position\":3,\"name\":\"Chelti &#8211; Tsitska-Krakhuna 2023\"}]},{\"@type\":\"WebSite\",\"@id\":\"https:\/\/rozewines.com\/#website\",\"url\":\"https:\/\/rozewines.com\/\",\"name\":\"Roze wines\",\"description\":\"\",\"publisher\":{\"@id\":\"https:\/\/rozewines.com\/#organization\"},\"potentialAction\":[{\"@type\":\"SearchAction\",\"target\":{\"@type\":\"EntryPoint\",\"urlTemplate\":\"https:\/\/rozewines.com\/?s={search_term_string}\"},\"query-input\":\"required name=search_term_string\"}],\"inLanguage\":\"de-DE\"},{\"@type\":\"Organization\",\"@id\":\"https:\/\/rozewines.com\/#organization\",\"name\":\"Roze wines\",\"url\":\"https:\/\/rozewines.com\/\",\"logo\":{\"@type\":\"ImageObject\",\"inLanguage\":\"de-DE\",\"@id\":\"https:\/\/rozewines.com\/#\/schema\/logo\/image\/\",\"url\":\"https:\/\/rozewines.com\/app\/uploads\/2024\/05\/logo.svg\",\"contentUrl\":\"https:\/\/rozewines.com\/app\/uploads\/2024\/05\/logo.svg\",\"width\":144,\"height\":68,\"caption\":\"Roze wines\"},\"image\":{\"@id\":\"https:\/\/rozewines.com\/#\/schema\/logo\/image\/\"}}]}<\/script>\n<!-- \/ Yoast SEO plugin. -->","yoast_head_json":{"title":"Chelti - Tsitska-Krakhuna 2023 - Roze wines","robots":{"index":"index","follow":"follow","max-snippet":"max-snippet:-1","max-image-preview":"max-image-preview:large","max-video-preview":"max-video-preview:-1"},"canonical":"https:\/\/rozewines.com\/de\/produkt\/chelti-tsitska-krakhuna-2022\/","og_locale":"de_DE","og_type":"article","og_title":"Chelti - Tsitska-Krakhuna 2023 - Roze wines","og_description":"Chelti \u2013 Tsitska-Krakhuna 2022, ein halbtrockener Wei\u00dfwein aus Westgeorgien, der f\u00fcr seinen leichten und frischen Charakter bekannt ist. Dieser k\u00f6stliche Wein f\u00e4ngt mit seinen lebendigen Aromen die Essenz der Region ein. Erleben Sie den knackigen Duft von gr\u00fcnem Apfel, die S\u00fc\u00dfe von Pfirsich, den subtilen Hauch von Vanille und den zarten Duft von Holunderbl\u00fcten mit &hellip; Continued","og_url":"https:\/\/rozewines.com\/de\/produkt\/chelti-tsitska-krakhuna-2022\/","og_site_name":"Roze wines","article_modified_time":"2025-08-07T09:13:58+00:00","og_image":[{"width":7820,"height":7820,"url":"https:\/\/rozewines.com\/app\/uploads\/2024\/08\/Chelti-Tsitska-Krakhuna.jpg","type":"image\/jpeg"}],"twitter_card":"summary_large_image","twitter_misc":{"Est. reading time":"1 minute"},"schema":{"@context":"https:\/\/schema.org","@graph":[{"@type":"WebPage","@id":"https:\/\/rozewines.com\/de\/produkt\/chelti-tsitska-krakhuna-2022\/","url":"https:\/\/rozewines.com\/de\/produkt\/chelti-tsitska-krakhuna-2022\/","name":"Chelti - Tsitska-Krakhuna 2023 - Roze wines","isPartOf":{"@id":"https:\/\/rozewines.com\/#website"},"primaryImageOfPage":{"@id":"https:\/\/rozewines.com\/de\/produkt\/chelti-tsitska-krakhuna-2022\/#primaryimage"},"image":{"@id":"https:\/\/rozewines.com\/de\/produkt\/chelti-tsitska-krakhuna-2022\/#primaryimage"},"thumbnailUrl":"https:\/\/rozewines.com\/app\/uploads\/2024\/08\/Chelti-Tsitska-Krakhuna.jpg","datePublished":"2024-05-09T00:20:53+00:00","dateModified":"2025-08-07T09:13:58+00:00","breadcrumb":{"@id":"https:\/\/rozewines.com\/de\/produkt\/chelti-tsitska-krakhuna-2022\/#breadcrumb"},"inLanguage":"de-DE","potentialAction":[{"@type":"ReadAction","target":["https:\/\/rozewines.com\/de\/produkt\/chelti-tsitska-krakhuna-2022\/"]}]},{"@type":"ImageObject","inLanguage":"de-DE","@id":"https:\/\/rozewines.com\/de\/produkt\/chelti-tsitska-krakhuna-2022\/#primaryimage","url":"https:\/\/rozewines.com\/app\/uploads\/2024\/08\/Chelti-Tsitska-Krakhuna.jpg","contentUrl":"https:\/\/rozewines.com\/app\/uploads\/2024\/08\/Chelti-Tsitska-Krakhuna.jpg","width":7820,"height":7820},{"@type":"BreadcrumbList","@id":"https:\/\/rozewines.com\/de\/produkt\/chelti-tsitska-krakhuna-2022\/#breadcrumb","itemListElement":[{"@type":"ListItem","position":1,"name":"Home","item":"https:\/\/rozewines.com\/de\/"},{"@type":"ListItem","position":2,"name":"Unsere Weine","item":"https:\/\/rozewines.com\/de\/musu-vins\/"},{"@type":"ListItem","position":3,"name":"Chelti &#8211; Tsitska-Krakhuna 2023"}]},{"@type":"WebSite","@id":"https:\/\/rozewines.com\/#website","url":"https:\/\/rozewines.com\/","name":"Roze wines","description":"","publisher":{"@id":"https:\/\/rozewines.com\/#organization"},"potentialAction":[{"@type":"SearchAction","target":{"@type":"EntryPoint","urlTemplate":"https:\/\/rozewines.com\/?s={search_term_string}"},"query-input":"required name=search_term_string"}],"inLanguage":"de-DE"},{"@type":"Organization","@id":"https:\/\/rozewines.com\/#organization","name":"Roze wines","url":"https:\/\/rozewines.com\/","logo":{"@type":"ImageObject","inLanguage":"de-DE","@id":"https:\/\/rozewines.com\/#\/schema\/logo\/image\/","url":"https:\/\/rozewines.com\/app\/uploads\/2024\/05\/logo.svg","contentUrl":"https:\/\/rozewines.com\/app\/uploads\/2024\/05\/logo.svg","width":144,"height":68,"caption":"Roze wines"},"image":{"@id":"https:\/\/rozewines.com\/#\/schema\/logo\/image\/"}}]}},"_links":{"self":[{"href":"https:\/\/rozewines.com\/de\/wp-json\/wp\/v2\/product\/3312"}],"collection":[{"href":"https:\/\/rozewines.com\/de\/wp-json\/wp\/v2\/product"}],"about":[{"href":"https:\/\/rozewines.com\/de\/wp-json\/wp\/v2\/types\/product"}],"replies":[{"embeddable":true,"href":"https:\/\/rozewines.com\/de\/wp-json\/wp\/v2\/comments?post=3312"}],"wp:featuredmedia":[{"embeddable":true,"href":"https:\/\/rozewines.com\/de\/wp-json\/wp\/v2\/media\/6386"}],"wp:attachment":[{"href":"https:\/\/rozewines.com\/de\/wp-json\/wp\/v2\/media?parent=3312"}],"wp:term":[{"taxonomy":"brand","embeddable":true,"href":"https:\/\/rozewines.com\/de\/wp-json\/wp\/v2\/brand?post=3312"},{"taxonomy":"colour","embeddable":true,"href":"https:\/\/rozewines.com\/de\/wp-json\/wp\/v2\/colour?post=3312"},{"taxonomy":"flavour","embeddable":true,"href":"https:\/\/rozewines.com\/de\/wp-json\/wp\/v2\/flavour?post=3312"},{"taxonomy":"grape-variety","embeddable":true,"href":"https:\/\/rozewines.com\/de\/wp-json\/wp\/v2\/grape-variety?post=3312"},{"taxonomy":"harvest-year","embeddable":true,"href":"https:\/\/rozewines.com\/de\/wp-json\/wp\/v2\/harvest-year?post=3312"},{"taxonomy":"region","embeddable":true,"href":"https:\/\/rozewines.com\/de\/wp-json\/wp\/v2\/region?post=3312"},{"taxonomy":"size","embeddable":true,"href":"https:\/\/rozewines.com\/de\/wp-json\/wp\/v2\/size?post=3312"},{"taxonomy":"style","embeddable":true,"href":"https:\/\/rozewines.com\/de\/wp-json\/wp\/v2\/style?post=3312"},{"taxonomy":"technology","embeddable":true,"href":"https:\/\/rozewines.com\/de\/wp-json\/wp\/v2\/technology?post=3312"},{"taxonomy":"product_cat","embeddable":true,"href":"https:\/\/rozewines.com\/de\/wp-json\/wp\/v2\/product_cat?post=3312"},{"taxonomy":"product_tag","embeddable":true,"href":"https:\/\/rozewines.com\/de\/wp-json\/wp\/v2\/product_tag?post=3312"}],"curies":[{"name":"wp","href":"https:\/\/api.w.org\/{rel}","templated":true}]}}