{"id":3317,"date":"2024-05-09T00:21:05","date_gmt":"2024-05-09T00:21:05","guid":{"rendered":"https:\/\/rozewines.com\/product\/barakoni-usakhelauri-2022\/"},"modified":"2024-08-14T09:03:08","modified_gmt":"2024-08-14T09:03:08","slug":"barakoni-usakhelauri-2022","status":"publish","type":"product","link":"https:\/\/rozewines.com\/de\/produkt\/barakoni-usakhelauri-2022\/","title":{"rendered":"Barakoni &#8211; Usakhelauri 2022"},"content":{"rendered":"<p>Barakoni &#8211; Usakhelauri 2022, eine echte Rarit\u00e4t aus den hohen Bergen Georgiens, bekannt f\u00fcr seine au\u00dfergew\u00f6hnliche Traube. Dieser leichte und aromatische Wein besticht durch seine Halbs\u00fc\u00dfe und seine bet\u00f6renden Aromen. Erfreuen Sie sich an den bezaubernden D\u00fcften von zarter Rose, schwarzer Pflaume, einem Hauch Vanille und warmen Nelken. Jeder Schluck dieses au\u00dfergew\u00f6hnlichen Weins bietet eine Reise durch das einzigartige Terroir von Lechkhumi mit seiner harmonischen Balance aus S\u00fc\u00dfe und aromatischer Komplexit\u00e4t. Wein verspricht ein wirklich unvergessliches Weinerlebnis und zelebriert die Sch\u00f6nheit und Seltenheit dieser au\u00dfergew\u00f6hnlichen Rebsorte.<\/p>\n","protected":false},"excerpt":{"rendered":"<p>Barakoni &#8211; Usakhelauri 2022, eine echte Rarit\u00e4t aus den hohen Bergen Georgiens, bekannt f\u00fcr seine au\u00dfergew\u00f6hnliche Traube. Dieser leichte und aromatische Wein besticht durch seine Halbs\u00fc\u00dfe und seine bet\u00f6renden Aromen. Erfreuen Sie sich an den bezaubernden D\u00fcften von zarter Rose, schwarzer Pflaume, einem Hauch Vanille und warmen Nelken. Jeder Schluck dieses au\u00dfergew\u00f6hnlichen Weins bietet eine &hellip; <a href=\"https:\/\/rozewines.com\/de\/produkt\/barakoni-usakhelauri-2022\/\">Continued<\/a><\/p>\n","protected":false},"featured_media":3407,"comment_status":"closed","ping_status":"closed","template":"","meta":{"_acf_changed":false},"brand":[1812],"colour":[1140],"flavour":[1076,1000,1084],"grape-variety":[1370],"harvest-year":[1158],"region":[1292],"size":[1598],"style":[1270],"technology":[1116],"product_cat":[1382],"product_tag":[],"ams_default_variation_id":0,"ams_product_points_reward":[],"ams_product_discount_percentage":0,"ams_price_to_display":50,"acf":[],"ams_acf":[{"key":"food_pairings","label":"Food pairings","value":"Cr\u00e8me Br\u00fbl\u00e9e, Obstkuchen"},{"key":"alcohol_percentage","label":"Alcohol percentage","value":"11,5%"},{"key":"details","label":"Details","value":{"":null,"acidity":"3","body":"2","sweetness":"4","tannin":"1"}}],"yoast_head":"<!-- This site is optimized with the Yoast SEO plugin v22.6 - https:\/\/yoast.com\/wordpress\/plugins\/seo\/ -->\n<title>Barakoni - Usakhelauri 2022 - Roze wines<\/title>\n<meta name=\"robots\" content=\"index, follow, max-snippet:-1, max-image-preview:large, max-video-preview:-1\" \/>\n<link rel=\"canonical\" href=\"https:\/\/rozewines.com\/produkt\/barakoni-usakhelauri-2022\/\" \/>\n<meta property=\"og:locale\" content=\"de_DE\" \/>\n<meta property=\"og:type\" content=\"article\" \/>\n<meta property=\"og:title\" content=\"Barakoni - Usakhelauri 2022 - Roze wines\" \/>\n<meta property=\"og:description\" content=\"Barakoni &#8211; Usakhelauri 2022, eine echte Rarit\u00e4t aus den hohen Bergen Georgiens, bekannt f\u00fcr seine au\u00dfergew\u00f6hnliche Traube. Dieser leichte und aromatische Wein besticht durch seine Halbs\u00fc\u00dfe und seine bet\u00f6renden Aromen. Erfreuen Sie sich an den bezaubernden D\u00fcften von zarter Rose, schwarzer Pflaume, einem Hauch Vanille und warmen Nelken. Jeder Schluck dieses au\u00dfergew\u00f6hnlichen Weins bietet eine &hellip; Continued\" \/>\n<meta property=\"og:url\" content=\"https:\/\/rozewines.com\/produkt\/barakoni-usakhelauri-2022\/\" \/>\n<meta property=\"og:site_name\" content=\"Roze wines\" \/>\n<meta property=\"article:modified_time\" content=\"2024-08-14T09:03:08+00:00\" \/>\n<meta property=\"og:image\" content=\"https:\/\/rozewines.com\/app\/uploads\/2024\/05\/Barakoni-Usakhelauri-2022-scaled.jpg\" \/>\n\t<meta property=\"og:image:width\" content=\"2560\" \/>\n\t<meta property=\"og:image:height\" content=\"2560\" \/>\n\t<meta property=\"og:image:type\" content=\"image\/jpeg\" \/>\n<meta name=\"twitter:card\" content=\"summary_large_image\" \/>\n<script type=\"application\/ld+json\" class=\"yoast-schema-graph\">{\"@context\":\"https:\/\/schema.org\",\"@graph\":[{\"@type\":\"WebPage\",\"@id\":\"https:\/\/rozewines.com\/produkt\/barakoni-usakhelauri-2022\/\",\"url\":\"https:\/\/rozewines.com\/produkt\/barakoni-usakhelauri-2022\/\",\"name\":\"Barakoni - Usakhelauri 2022 - Roze wines\",\"isPartOf\":{\"@id\":\"https:\/\/rozewines.com\/#website\"},\"primaryImageOfPage\":{\"@id\":\"https:\/\/rozewines.com\/produkt\/barakoni-usakhelauri-2022\/#primaryimage\"},\"image\":{\"@id\":\"https:\/\/rozewines.com\/produkt\/barakoni-usakhelauri-2022\/#primaryimage\"},\"thumbnailUrl\":\"https:\/\/rozewines.com\/app\/uploads\/2024\/05\/Barakoni-Usakhelauri-2022-scaled.jpg\",\"datePublished\":\"2024-05-09T00:21:05+00:00\",\"dateModified\":\"2024-08-14T09:03:08+00:00\",\"breadcrumb\":{\"@id\":\"https:\/\/rozewines.com\/produkt\/barakoni-usakhelauri-2022\/#breadcrumb\"},\"inLanguage\":\"de-DE\",\"potentialAction\":[{\"@type\":\"ReadAction\",\"target\":[\"https:\/\/rozewines.com\/produkt\/barakoni-usakhelauri-2022\/\"]}]},{\"@type\":\"ImageObject\",\"inLanguage\":\"de-DE\",\"@id\":\"https:\/\/rozewines.com\/produkt\/barakoni-usakhelauri-2022\/#primaryimage\",\"url\":\"https:\/\/rozewines.com\/app\/uploads\/2024\/05\/Barakoni-Usakhelauri-2022-scaled.jpg\",\"contentUrl\":\"https:\/\/rozewines.com\/app\/uploads\/2024\/05\/Barakoni-Usakhelauri-2022-scaled.jpg\",\"width\":2560,\"height\":2560},{\"@type\":\"BreadcrumbList\",\"@id\":\"https:\/\/rozewines.com\/produkt\/barakoni-usakhelauri-2022\/#breadcrumb\",\"itemListElement\":[{\"@type\":\"ListItem\",\"position\":1,\"name\":\"Home\",\"item\":\"https:\/\/rozewines.com\/de\/\"},{\"@type\":\"ListItem\",\"position\":2,\"name\":\"Unsere Weine\",\"item\":\"https:\/\/rozewines.com\/de\/musu-vins\/\"},{\"@type\":\"ListItem\",\"position\":3,\"name\":\"Barakoni &#8211; Usakhelauri 2022\"}]},{\"@type\":\"WebSite\",\"@id\":\"https:\/\/rozewines.com\/#website\",\"url\":\"https:\/\/rozewines.com\/\",\"name\":\"Roze wines\",\"description\":\"\",\"publisher\":{\"@id\":\"https:\/\/rozewines.com\/#organization\"},\"potentialAction\":[{\"@type\":\"SearchAction\",\"target\":{\"@type\":\"EntryPoint\",\"urlTemplate\":\"https:\/\/rozewines.com\/?s={search_term_string}\"},\"query-input\":\"required name=search_term_string\"}],\"inLanguage\":\"de-DE\"},{\"@type\":\"Organization\",\"@id\":\"https:\/\/rozewines.com\/#organization\",\"name\":\"Roze wines\",\"url\":\"https:\/\/rozewines.com\/\",\"logo\":{\"@type\":\"ImageObject\",\"inLanguage\":\"de-DE\",\"@id\":\"https:\/\/rozewines.com\/#\/schema\/logo\/image\/\",\"url\":\"https:\/\/rozewines.com\/app\/uploads\/2024\/05\/logo.svg\",\"contentUrl\":\"https:\/\/rozewines.com\/app\/uploads\/2024\/05\/logo.svg\",\"width\":144,\"height\":68,\"caption\":\"Roze wines\"},\"image\":{\"@id\":\"https:\/\/rozewines.com\/#\/schema\/logo\/image\/\"}}]}<\/script>\n<!-- \/ Yoast SEO plugin. -->","yoast_head_json":{"title":"Barakoni - Usakhelauri 2022 - Roze wines","robots":{"index":"index","follow":"follow","max-snippet":"max-snippet:-1","max-image-preview":"max-image-preview:large","max-video-preview":"max-video-preview:-1"},"canonical":"https:\/\/rozewines.com\/produkt\/barakoni-usakhelauri-2022\/","og_locale":"de_DE","og_type":"article","og_title":"Barakoni - Usakhelauri 2022 - Roze wines","og_description":"Barakoni &#8211; Usakhelauri 2022, eine echte Rarit\u00e4t aus den hohen Bergen Georgiens, bekannt f\u00fcr seine au\u00dfergew\u00f6hnliche Traube. Dieser leichte und aromatische Wein besticht durch seine Halbs\u00fc\u00dfe und seine bet\u00f6renden Aromen. Erfreuen Sie sich an den bezaubernden D\u00fcften von zarter Rose, schwarzer Pflaume, einem Hauch Vanille und warmen Nelken. Jeder Schluck dieses au\u00dfergew\u00f6hnlichen Weins bietet eine &hellip; Continued","og_url":"https:\/\/rozewines.com\/produkt\/barakoni-usakhelauri-2022\/","og_site_name":"Roze wines","article_modified_time":"2024-08-14T09:03:08+00:00","og_image":[{"width":2560,"height":2560,"url":"https:\/\/rozewines.com\/app\/uploads\/2024\/05\/Barakoni-Usakhelauri-2022-scaled.jpg","type":"image\/jpeg"}],"twitter_card":"summary_large_image","schema":{"@context":"https:\/\/schema.org","@graph":[{"@type":"WebPage","@id":"https:\/\/rozewines.com\/produkt\/barakoni-usakhelauri-2022\/","url":"https:\/\/rozewines.com\/produkt\/barakoni-usakhelauri-2022\/","name":"Barakoni - Usakhelauri 2022 - Roze wines","isPartOf":{"@id":"https:\/\/rozewines.com\/#website"},"primaryImageOfPage":{"@id":"https:\/\/rozewines.com\/produkt\/barakoni-usakhelauri-2022\/#primaryimage"},"image":{"@id":"https:\/\/rozewines.com\/produkt\/barakoni-usakhelauri-2022\/#primaryimage"},"thumbnailUrl":"https:\/\/rozewines.com\/app\/uploads\/2024\/05\/Barakoni-Usakhelauri-2022-scaled.jpg","datePublished":"2024-05-09T00:21:05+00:00","dateModified":"2024-08-14T09:03:08+00:00","breadcrumb":{"@id":"https:\/\/rozewines.com\/produkt\/barakoni-usakhelauri-2022\/#breadcrumb"},"inLanguage":"de-DE","potentialAction":[{"@type":"ReadAction","target":["https:\/\/rozewines.com\/produkt\/barakoni-usakhelauri-2022\/"]}]},{"@type":"ImageObject","inLanguage":"de-DE","@id":"https:\/\/rozewines.com\/produkt\/barakoni-usakhelauri-2022\/#primaryimage","url":"https:\/\/rozewines.com\/app\/uploads\/2024\/05\/Barakoni-Usakhelauri-2022-scaled.jpg","contentUrl":"https:\/\/rozewines.com\/app\/uploads\/2024\/05\/Barakoni-Usakhelauri-2022-scaled.jpg","width":2560,"height":2560},{"@type":"BreadcrumbList","@id":"https:\/\/rozewines.com\/produkt\/barakoni-usakhelauri-2022\/#breadcrumb","itemListElement":[{"@type":"ListItem","position":1,"name":"Home","item":"https:\/\/rozewines.com\/de\/"},{"@type":"ListItem","position":2,"name":"Unsere Weine","item":"https:\/\/rozewines.com\/de\/musu-vins\/"},{"@type":"ListItem","position":3,"name":"Barakoni &#8211; Usakhelauri 2022"}]},{"@type":"WebSite","@id":"https:\/\/rozewines.com\/#website","url":"https:\/\/rozewines.com\/","name":"Roze wines","description":"","publisher":{"@id":"https:\/\/rozewines.com\/#organization"},"potentialAction":[{"@type":"SearchAction","target":{"@type":"EntryPoint","urlTemplate":"https:\/\/rozewines.com\/?s={search_term_string}"},"query-input":"required name=search_term_string"}],"inLanguage":"de-DE"},{"@type":"Organization","@id":"https:\/\/rozewines.com\/#organization","name":"Roze wines","url":"https:\/\/rozewines.com\/","logo":{"@type":"ImageObject","inLanguage":"de-DE","@id":"https:\/\/rozewines.com\/#\/schema\/logo\/image\/","url":"https:\/\/rozewines.com\/app\/uploads\/2024\/05\/logo.svg","contentUrl":"https:\/\/rozewines.com\/app\/uploads\/2024\/05\/logo.svg","width":144,"height":68,"caption":"Roze wines"},"image":{"@id":"https:\/\/rozewines.com\/#\/schema\/logo\/image\/"}}]}},"_links":{"self":[{"href":"https:\/\/rozewines.com\/de\/wp-json\/wp\/v2\/product\/3317"}],"collection":[{"href":"https:\/\/rozewines.com\/de\/wp-json\/wp\/v2\/product"}],"about":[{"href":"https:\/\/rozewines.com\/de\/wp-json\/wp\/v2\/types\/product"}],"replies":[{"embeddable":true,"href":"https:\/\/rozewines.com\/de\/wp-json\/wp\/v2\/comments?post=3317"}],"wp:featuredmedia":[{"embeddable":true,"href":"https:\/\/rozewines.com\/de\/wp-json\/wp\/v2\/media\/3407"}],"wp:attachment":[{"href":"https:\/\/rozewines.com\/de\/wp-json\/wp\/v2\/media?parent=3317"}],"wp:term":[{"taxonomy":"brand","embeddable":true,"href":"https:\/\/rozewines.com\/de\/wp-json\/wp\/v2\/brand?post=3317"},{"taxonomy":"colour","embeddable":true,"href":"https:\/\/rozewines.com\/de\/wp-json\/wp\/v2\/colour?post=3317"},{"taxonomy":"flavour","embeddable":true,"href":"https:\/\/rozewines.com\/de\/wp-json\/wp\/v2\/flavour?post=3317"},{"taxonomy":"grape-variety","embeddable":true,"href":"https:\/\/rozewines.com\/de\/wp-json\/wp\/v2\/grape-variety?post=3317"},{"taxonomy":"harvest-year","embeddable":true,"href":"https:\/\/rozewines.com\/de\/wp-json\/wp\/v2\/harvest-year?post=3317"},{"taxonomy":"region","embeddable":true,"href":"https:\/\/rozewines.com\/de\/wp-json\/wp\/v2\/region?post=3317"},{"taxonomy":"size","embeddable":true,"href":"https:\/\/rozewines.com\/de\/wp-json\/wp\/v2\/size?post=3317"},{"taxonomy":"style","embeddable":true,"href":"https:\/\/rozewines.com\/de\/wp-json\/wp\/v2\/style?post=3317"},{"taxonomy":"technology","embeddable":true,"href":"https:\/\/rozewines.com\/de\/wp-json\/wp\/v2\/technology?post=3317"},{"taxonomy":"product_cat","embeddable":true,"href":"https:\/\/rozewines.com\/de\/wp-json\/wp\/v2\/product_cat?post=3317"},{"taxonomy":"product_tag","embeddable":true,"href":"https:\/\/rozewines.com\/de\/wp-json\/wp\/v2\/product_tag?post=3317"}],"curies":[{"name":"wp","href":"https:\/\/api.w.org\/{rel}","templated":true}]}}