{"id":3328,"date":"2024-05-09T00:21:05","date_gmt":"2024-05-09T00:21:05","guid":{"rendered":"https:\/\/rozewines.com\/product\/shilda-weingut-chacha-klassisch\/"},"modified":"2024-08-14T09:03:29","modified_gmt":"2024-08-14T09:03:29","slug":"shilda-weingut-chacha-klassisch","status":"publish","type":"product","link":"https:\/\/rozewines.com\/de\/produkt\/shilda-weingut-chacha-klassisch\/","title":{"rendered":"Shilda Weingut &#8211; Chacha klassisch"},"content":{"rendered":"<p>Der Geschmack von Chacha ist einzigartig; Es hat einen leicht fruchtigen Geschmack und ein Aroma bestehend aus s\u00fc\u00dfen Fr\u00fcchten und Gew\u00fcrzen. Der Geschmack ist s\u00fc\u00dfer als bei anderen Wodkasorten und hat auch leicht s\u00e4uerliche Noten, die den Geschmack interessanter machen. Das Aroma von Chacha ist besonders intensiv und bereichert die gesamte Geschmacksgruppe, was zu seiner Beliebtheit beitr\u00e4gt.<\/p>\n","protected":false},"excerpt":{"rendered":"<p>Der Geschmack von Chacha ist einzigartig; Es hat einen leicht fruchtigen Geschmack und ein Aroma bestehend aus s\u00fc\u00dfen Fr\u00fcchten und Gew\u00fcrzen. Der Geschmack ist s\u00fc\u00dfer als bei anderen Wodkasorten und hat auch leicht s\u00e4uerliche Noten, die den Geschmack interessanter machen. Das Aroma von Chacha ist besonders intensiv und bereichert die gesamte Geschmacksgruppe, was zu seiner &hellip; <a href=\"https:\/\/rozewines.com\/de\/produkt\/shilda-weingut-chacha-klassisch\/\">Continued<\/a><\/p>\n","protected":false},"featured_media":3743,"comment_status":"closed","ping_status":"closed","template":"","meta":{"_acf_changed":false},"brand":[1783],"colour":[],"flavour":[],"grape-variety":[],"harvest-year":[],"region":[],"size":[],"style":[],"technology":[],"product_cat":[1385],"product_tag":[],"ams_default_variation_id":0,"ams_product_points_reward":[],"ams_product_discount_percentage":0,"ams_price_to_display":26.6,"acf":[],"ams_acf":[{"key":"food_pairings","label":"Food pairings","value":""},{"key":"alcohol_percentage","label":"Alcohol percentage","value":""}],"yoast_head":"<!-- This site is optimized with the Yoast SEO plugin v22.6 - https:\/\/yoast.com\/wordpress\/plugins\/seo\/ -->\n<title>Shilda Weingut - Chacha klassisch - Roze wines<\/title>\n<meta name=\"robots\" content=\"index, follow, max-snippet:-1, max-image-preview:large, max-video-preview:-1\" \/>\n<link rel=\"canonical\" href=\"https:\/\/rozewines.com\/de\/produkt\/shilda-weingut-chacha-klassisch\/\" \/>\n<meta property=\"og:locale\" content=\"de_DE\" \/>\n<meta property=\"og:type\" content=\"article\" \/>\n<meta property=\"og:title\" content=\"Shilda Weingut - Chacha klassisch - Roze wines\" \/>\n<meta property=\"og:description\" content=\"Der Geschmack von Chacha ist einzigartig; Es hat einen leicht fruchtigen Geschmack und ein Aroma bestehend aus s\u00fc\u00dfen Fr\u00fcchten und Gew\u00fcrzen. Der Geschmack ist s\u00fc\u00dfer als bei anderen Wodkasorten und hat auch leicht s\u00e4uerliche Noten, die den Geschmack interessanter machen. Das Aroma von Chacha ist besonders intensiv und bereichert die gesamte Geschmacksgruppe, was zu seiner &hellip; Continued\" \/>\n<meta property=\"og:url\" content=\"https:\/\/rozewines.com\/de\/produkt\/shilda-weingut-chacha-klassisch\/\" \/>\n<meta property=\"og:site_name\" content=\"Roze wines\" \/>\n<meta property=\"article:modified_time\" content=\"2024-08-14T09:03:29+00:00\" \/>\n<meta property=\"og:image\" content=\"https:\/\/rozewines.com\/app\/uploads\/2024\/05\/Shilda-Winery-Chacha-Classic-scaled.jpg\" \/>\n\t<meta property=\"og:image:width\" content=\"2560\" \/>\n\t<meta property=\"og:image:height\" content=\"2560\" \/>\n\t<meta property=\"og:image:type\" content=\"image\/jpeg\" \/>\n<meta name=\"twitter:card\" content=\"summary_large_image\" \/>\n<script type=\"application\/ld+json\" class=\"yoast-schema-graph\">{\"@context\":\"https:\/\/schema.org\",\"@graph\":[{\"@type\":\"WebPage\",\"@id\":\"https:\/\/rozewines.com\/de\/produkt\/shilda-weingut-chacha-klassisch\/\",\"url\":\"https:\/\/rozewines.com\/de\/produkt\/shilda-weingut-chacha-klassisch\/\",\"name\":\"Shilda Weingut - Chacha klassisch - Roze wines\",\"isPartOf\":{\"@id\":\"https:\/\/rozewines.com\/#website\"},\"primaryImageOfPage\":{\"@id\":\"https:\/\/rozewines.com\/de\/produkt\/shilda-weingut-chacha-klassisch\/#primaryimage\"},\"image\":{\"@id\":\"https:\/\/rozewines.com\/de\/produkt\/shilda-weingut-chacha-klassisch\/#primaryimage\"},\"thumbnailUrl\":\"https:\/\/rozewines.com\/app\/uploads\/2024\/05\/Shilda-Winery-Chacha-Classic-scaled.jpg\",\"datePublished\":\"2024-05-09T00:21:05+00:00\",\"dateModified\":\"2024-08-14T09:03:29+00:00\",\"breadcrumb\":{\"@id\":\"https:\/\/rozewines.com\/de\/produkt\/shilda-weingut-chacha-klassisch\/#breadcrumb\"},\"inLanguage\":\"de-DE\",\"potentialAction\":[{\"@type\":\"ReadAction\",\"target\":[\"https:\/\/rozewines.com\/de\/produkt\/shilda-weingut-chacha-klassisch\/\"]}]},{\"@type\":\"ImageObject\",\"inLanguage\":\"de-DE\",\"@id\":\"https:\/\/rozewines.com\/de\/produkt\/shilda-weingut-chacha-klassisch\/#primaryimage\",\"url\":\"https:\/\/rozewines.com\/app\/uploads\/2024\/05\/Shilda-Winery-Chacha-Classic-scaled.jpg\",\"contentUrl\":\"https:\/\/rozewines.com\/app\/uploads\/2024\/05\/Shilda-Winery-Chacha-Classic-scaled.jpg\",\"width\":2560,\"height\":2560},{\"@type\":\"BreadcrumbList\",\"@id\":\"https:\/\/rozewines.com\/de\/produkt\/shilda-weingut-chacha-klassisch\/#breadcrumb\",\"itemListElement\":[{\"@type\":\"ListItem\",\"position\":1,\"name\":\"Home\",\"item\":\"https:\/\/rozewines.com\/de\/\"},{\"@type\":\"ListItem\",\"position\":2,\"name\":\"Unsere Weine\",\"item\":\"https:\/\/rozewines.com\/de\/musu-vins\/\"},{\"@type\":\"ListItem\",\"position\":3,\"name\":\"Shilda Weingut &#8211; Chacha klassisch\"}]},{\"@type\":\"WebSite\",\"@id\":\"https:\/\/rozewines.com\/#website\",\"url\":\"https:\/\/rozewines.com\/\",\"name\":\"Roze wines\",\"description\":\"\",\"publisher\":{\"@id\":\"https:\/\/rozewines.com\/#organization\"},\"potentialAction\":[{\"@type\":\"SearchAction\",\"target\":{\"@type\":\"EntryPoint\",\"urlTemplate\":\"https:\/\/rozewines.com\/?s={search_term_string}\"},\"query-input\":\"required name=search_term_string\"}],\"inLanguage\":\"de-DE\"},{\"@type\":\"Organization\",\"@id\":\"https:\/\/rozewines.com\/#organization\",\"name\":\"Roze wines\",\"url\":\"https:\/\/rozewines.com\/\",\"logo\":{\"@type\":\"ImageObject\",\"inLanguage\":\"de-DE\",\"@id\":\"https:\/\/rozewines.com\/#\/schema\/logo\/image\/\",\"url\":\"https:\/\/rozewines.com\/app\/uploads\/2024\/05\/logo.svg\",\"contentUrl\":\"https:\/\/rozewines.com\/app\/uploads\/2024\/05\/logo.svg\",\"width\":144,\"height\":68,\"caption\":\"Roze wines\"},\"image\":{\"@id\":\"https:\/\/rozewines.com\/#\/schema\/logo\/image\/\"}}]}<\/script>\n<!-- \/ Yoast SEO plugin. -->","yoast_head_json":{"title":"Shilda Weingut - Chacha klassisch - Roze wines","robots":{"index":"index","follow":"follow","max-snippet":"max-snippet:-1","max-image-preview":"max-image-preview:large","max-video-preview":"max-video-preview:-1"},"canonical":"https:\/\/rozewines.com\/de\/produkt\/shilda-weingut-chacha-klassisch\/","og_locale":"de_DE","og_type":"article","og_title":"Shilda Weingut - Chacha klassisch - Roze wines","og_description":"Der Geschmack von Chacha ist einzigartig; Es hat einen leicht fruchtigen Geschmack und ein Aroma bestehend aus s\u00fc\u00dfen Fr\u00fcchten und Gew\u00fcrzen. Der Geschmack ist s\u00fc\u00dfer als bei anderen Wodkasorten und hat auch leicht s\u00e4uerliche Noten, die den Geschmack interessanter machen. Das Aroma von Chacha ist besonders intensiv und bereichert die gesamte Geschmacksgruppe, was zu seiner &hellip; Continued","og_url":"https:\/\/rozewines.com\/de\/produkt\/shilda-weingut-chacha-klassisch\/","og_site_name":"Roze wines","article_modified_time":"2024-08-14T09:03:29+00:00","og_image":[{"width":2560,"height":2560,"url":"https:\/\/rozewines.com\/app\/uploads\/2024\/05\/Shilda-Winery-Chacha-Classic-scaled.jpg","type":"image\/jpeg"}],"twitter_card":"summary_large_image","schema":{"@context":"https:\/\/schema.org","@graph":[{"@type":"WebPage","@id":"https:\/\/rozewines.com\/de\/produkt\/shilda-weingut-chacha-klassisch\/","url":"https:\/\/rozewines.com\/de\/produkt\/shilda-weingut-chacha-klassisch\/","name":"Shilda Weingut - Chacha klassisch - Roze wines","isPartOf":{"@id":"https:\/\/rozewines.com\/#website"},"primaryImageOfPage":{"@id":"https:\/\/rozewines.com\/de\/produkt\/shilda-weingut-chacha-klassisch\/#primaryimage"},"image":{"@id":"https:\/\/rozewines.com\/de\/produkt\/shilda-weingut-chacha-klassisch\/#primaryimage"},"thumbnailUrl":"https:\/\/rozewines.com\/app\/uploads\/2024\/05\/Shilda-Winery-Chacha-Classic-scaled.jpg","datePublished":"2024-05-09T00:21:05+00:00","dateModified":"2024-08-14T09:03:29+00:00","breadcrumb":{"@id":"https:\/\/rozewines.com\/de\/produkt\/shilda-weingut-chacha-klassisch\/#breadcrumb"},"inLanguage":"de-DE","potentialAction":[{"@type":"ReadAction","target":["https:\/\/rozewines.com\/de\/produkt\/shilda-weingut-chacha-klassisch\/"]}]},{"@type":"ImageObject","inLanguage":"de-DE","@id":"https:\/\/rozewines.com\/de\/produkt\/shilda-weingut-chacha-klassisch\/#primaryimage","url":"https:\/\/rozewines.com\/app\/uploads\/2024\/05\/Shilda-Winery-Chacha-Classic-scaled.jpg","contentUrl":"https:\/\/rozewines.com\/app\/uploads\/2024\/05\/Shilda-Winery-Chacha-Classic-scaled.jpg","width":2560,"height":2560},{"@type":"BreadcrumbList","@id":"https:\/\/rozewines.com\/de\/produkt\/shilda-weingut-chacha-klassisch\/#breadcrumb","itemListElement":[{"@type":"ListItem","position":1,"name":"Home","item":"https:\/\/rozewines.com\/de\/"},{"@type":"ListItem","position":2,"name":"Unsere Weine","item":"https:\/\/rozewines.com\/de\/musu-vins\/"},{"@type":"ListItem","position":3,"name":"Shilda Weingut &#8211; Chacha klassisch"}]},{"@type":"WebSite","@id":"https:\/\/rozewines.com\/#website","url":"https:\/\/rozewines.com\/","name":"Roze wines","description":"","publisher":{"@id":"https:\/\/rozewines.com\/#organization"},"potentialAction":[{"@type":"SearchAction","target":{"@type":"EntryPoint","urlTemplate":"https:\/\/rozewines.com\/?s={search_term_string}"},"query-input":"required name=search_term_string"}],"inLanguage":"de-DE"},{"@type":"Organization","@id":"https:\/\/rozewines.com\/#organization","name":"Roze wines","url":"https:\/\/rozewines.com\/","logo":{"@type":"ImageObject","inLanguage":"de-DE","@id":"https:\/\/rozewines.com\/#\/schema\/logo\/image\/","url":"https:\/\/rozewines.com\/app\/uploads\/2024\/05\/logo.svg","contentUrl":"https:\/\/rozewines.com\/app\/uploads\/2024\/05\/logo.svg","width":144,"height":68,"caption":"Roze wines"},"image":{"@id":"https:\/\/rozewines.com\/#\/schema\/logo\/image\/"}}]}},"_links":{"self":[{"href":"https:\/\/rozewines.com\/de\/wp-json\/wp\/v2\/product\/3328"}],"collection":[{"href":"https:\/\/rozewines.com\/de\/wp-json\/wp\/v2\/product"}],"about":[{"href":"https:\/\/rozewines.com\/de\/wp-json\/wp\/v2\/types\/product"}],"replies":[{"embeddable":true,"href":"https:\/\/rozewines.com\/de\/wp-json\/wp\/v2\/comments?post=3328"}],"wp:featuredmedia":[{"embeddable":true,"href":"https:\/\/rozewines.com\/de\/wp-json\/wp\/v2\/media\/3743"}],"wp:attachment":[{"href":"https:\/\/rozewines.com\/de\/wp-json\/wp\/v2\/media?parent=3328"}],"wp:term":[{"taxonomy":"brand","embeddable":true,"href":"https:\/\/rozewines.com\/de\/wp-json\/wp\/v2\/brand?post=3328"},{"taxonomy":"colour","embeddable":true,"href":"https:\/\/rozewines.com\/de\/wp-json\/wp\/v2\/colour?post=3328"},{"taxonomy":"flavour","embeddable":true,"href":"https:\/\/rozewines.com\/de\/wp-json\/wp\/v2\/flavour?post=3328"},{"taxonomy":"grape-variety","embeddable":true,"href":"https:\/\/rozewines.com\/de\/wp-json\/wp\/v2\/grape-variety?post=3328"},{"taxonomy":"harvest-year","embeddable":true,"href":"https:\/\/rozewines.com\/de\/wp-json\/wp\/v2\/harvest-year?post=3328"},{"taxonomy":"region","embeddable":true,"href":"https:\/\/rozewines.com\/de\/wp-json\/wp\/v2\/region?post=3328"},{"taxonomy":"size","embeddable":true,"href":"https:\/\/rozewines.com\/de\/wp-json\/wp\/v2\/size?post=3328"},{"taxonomy":"style","embeddable":true,"href":"https:\/\/rozewines.com\/de\/wp-json\/wp\/v2\/style?post=3328"},{"taxonomy":"technology","embeddable":true,"href":"https:\/\/rozewines.com\/de\/wp-json\/wp\/v2\/technology?post=3328"},{"taxonomy":"product_cat","embeddable":true,"href":"https:\/\/rozewines.com\/de\/wp-json\/wp\/v2\/product_cat?post=3328"},{"taxonomy":"product_tag","embeddable":true,"href":"https:\/\/rozewines.com\/de\/wp-json\/wp\/v2\/product_tag?post=3328"}],"curies":[{"name":"wp","href":"https:\/\/api.w.org\/{rel}","templated":true}]}}