{"id":3333,"date":"2024-05-09T00:21:05","date_gmt":"2024-05-09T00:21:05","guid":{"rendered":"https:\/\/rozewines.com\/product\/villa-mosavali-feijoa-brandy\/"},"modified":"2024-08-14T09:03:10","modified_gmt":"2024-08-14T09:03:10","slug":"villa-mosavali-feijoa-brandy","status":"publish","type":"product","link":"https:\/\/rozewines.com\/de\/produkt\/villa-mosavali-feijoa-brandy\/","title":{"rendered":"Villa Mosavali &#8211; Feijoa Brandy"},"content":{"rendered":"<p>Feijoa-Brandy der Premiumklasse wird aus nat\u00fcrlichen Fr\u00fcchten destilliert. Unsere Feijoa-G\u00e4rten profitieren von der einzigartigen Lage in der N\u00e4he von Schutzgebieten und dem subtropischen Klima und garantieren die h\u00f6chste Produktqualit\u00e4t und den hervorragenden Geschmack des Getr\u00e4nks. Hergestellt mit doppelter Destillation nach alten traditionellen Methoden.<\/p>\n","protected":false},"excerpt":{"rendered":"<p>Feijoa-Brandy der Premiumklasse wird aus nat\u00fcrlichen Fr\u00fcchten destilliert. Unsere Feijoa-G\u00e4rten profitieren von der einzigartigen Lage in der N\u00e4he von Schutzgebieten und dem subtropischen Klima und garantieren die h\u00f6chste Produktqualit\u00e4t und den hervorragenden Geschmack des Getr\u00e4nks. Hergestellt mit doppelter Destillation nach alten traditionellen Methoden.<\/p>\n","protected":false},"featured_media":3867,"comment_status":"closed","ping_status":"open","template":"","meta":{"_acf_changed":false},"brand":[1785],"colour":[],"flavour":[],"grape-variety":[],"harvest-year":[],"region":[],"size":[],"style":[],"technology":[],"product_cat":[1385],"product_tag":[],"ams_default_variation_id":0,"ams_product_points_reward":[],"ams_product_discount_percentage":0,"ams_price_to_display":45.8,"acf":[],"ams_acf":[{"key":"food_pairings","label":"Food pairings","value":""},{"key":"alcohol_percentage","label":"Alcohol percentage","value":""}],"yoast_head":"<!-- This site is optimized with the Yoast SEO plugin v22.6 - https:\/\/yoast.com\/wordpress\/plugins\/seo\/ -->\n<title>Villa Mosavali - Feijoa Brandy - Roze wines<\/title>\n<meta name=\"robots\" content=\"index, follow, max-snippet:-1, max-image-preview:large, max-video-preview:-1\" \/>\n<link rel=\"canonical\" href=\"https:\/\/rozewines.com\/de\/produkt\/villa-mosavali-feijoa-brandy\/\" \/>\n<meta property=\"og:locale\" content=\"de_DE\" \/>\n<meta property=\"og:type\" content=\"article\" \/>\n<meta property=\"og:title\" content=\"Villa Mosavali - Feijoa Brandy - Roze wines\" \/>\n<meta property=\"og:description\" content=\"Feijoa-Brandy der Premiumklasse wird aus nat\u00fcrlichen Fr\u00fcchten destilliert. Unsere Feijoa-G\u00e4rten profitieren von der einzigartigen Lage in der N\u00e4he von Schutzgebieten und dem subtropischen Klima und garantieren die h\u00f6chste Produktqualit\u00e4t und den hervorragenden Geschmack des Getr\u00e4nks. Hergestellt mit doppelter Destillation nach alten traditionellen Methoden.\" \/>\n<meta property=\"og:url\" content=\"https:\/\/rozewines.com\/de\/produkt\/villa-mosavali-feijoa-brandy\/\" \/>\n<meta property=\"og:site_name\" content=\"Roze wines\" \/>\n<meta property=\"article:modified_time\" content=\"2024-08-14T09:03:10+00:00\" \/>\n<meta property=\"og:image\" content=\"https:\/\/rozewines.com\/app\/uploads\/2024\/05\/Villa-Mosavali-Feijoa-Brandy-scaled.jpg\" \/>\n\t<meta property=\"og:image:width\" content=\"2560\" \/>\n\t<meta property=\"og:image:height\" content=\"2560\" \/>\n\t<meta property=\"og:image:type\" content=\"image\/jpeg\" \/>\n<meta name=\"twitter:card\" content=\"summary_large_image\" \/>\n<script type=\"application\/ld+json\" class=\"yoast-schema-graph\">{\"@context\":\"https:\/\/schema.org\",\"@graph\":[{\"@type\":\"WebPage\",\"@id\":\"https:\/\/rozewines.com\/de\/produkt\/villa-mosavali-feijoa-brandy\/\",\"url\":\"https:\/\/rozewines.com\/de\/produkt\/villa-mosavali-feijoa-brandy\/\",\"name\":\"Villa Mosavali - Feijoa Brandy - Roze wines\",\"isPartOf\":{\"@id\":\"https:\/\/rozewines.com\/#website\"},\"primaryImageOfPage\":{\"@id\":\"https:\/\/rozewines.com\/de\/produkt\/villa-mosavali-feijoa-brandy\/#primaryimage\"},\"image\":{\"@id\":\"https:\/\/rozewines.com\/de\/produkt\/villa-mosavali-feijoa-brandy\/#primaryimage\"},\"thumbnailUrl\":\"https:\/\/rozewines.com\/app\/uploads\/2024\/05\/Villa-Mosavali-Feijoa-Brandy-scaled.jpg\",\"datePublished\":\"2024-05-09T00:21:05+00:00\",\"dateModified\":\"2024-08-14T09:03:10+00:00\",\"breadcrumb\":{\"@id\":\"https:\/\/rozewines.com\/de\/produkt\/villa-mosavali-feijoa-brandy\/#breadcrumb\"},\"inLanguage\":\"de-DE\",\"potentialAction\":[{\"@type\":\"ReadAction\",\"target\":[\"https:\/\/rozewines.com\/de\/produkt\/villa-mosavali-feijoa-brandy\/\"]}]},{\"@type\":\"ImageObject\",\"inLanguage\":\"de-DE\",\"@id\":\"https:\/\/rozewines.com\/de\/produkt\/villa-mosavali-feijoa-brandy\/#primaryimage\",\"url\":\"https:\/\/rozewines.com\/app\/uploads\/2024\/05\/Villa-Mosavali-Feijoa-Brandy-scaled.jpg\",\"contentUrl\":\"https:\/\/rozewines.com\/app\/uploads\/2024\/05\/Villa-Mosavali-Feijoa-Brandy-scaled.jpg\",\"width\":2560,\"height\":2560},{\"@type\":\"BreadcrumbList\",\"@id\":\"https:\/\/rozewines.com\/de\/produkt\/villa-mosavali-feijoa-brandy\/#breadcrumb\",\"itemListElement\":[{\"@type\":\"ListItem\",\"position\":1,\"name\":\"Home\",\"item\":\"https:\/\/rozewines.com\/de\/\"},{\"@type\":\"ListItem\",\"position\":2,\"name\":\"Unsere Weine\",\"item\":\"https:\/\/rozewines.com\/de\/musu-vins\/\"},{\"@type\":\"ListItem\",\"position\":3,\"name\":\"Villa Mosavali &#8211; Feijoa Brandy\"}]},{\"@type\":\"WebSite\",\"@id\":\"https:\/\/rozewines.com\/#website\",\"url\":\"https:\/\/rozewines.com\/\",\"name\":\"Roze wines\",\"description\":\"\",\"publisher\":{\"@id\":\"https:\/\/rozewines.com\/#organization\"},\"potentialAction\":[{\"@type\":\"SearchAction\",\"target\":{\"@type\":\"EntryPoint\",\"urlTemplate\":\"https:\/\/rozewines.com\/?s={search_term_string}\"},\"query-input\":\"required name=search_term_string\"}],\"inLanguage\":\"de-DE\"},{\"@type\":\"Organization\",\"@id\":\"https:\/\/rozewines.com\/#organization\",\"name\":\"Roze wines\",\"url\":\"https:\/\/rozewines.com\/\",\"logo\":{\"@type\":\"ImageObject\",\"inLanguage\":\"de-DE\",\"@id\":\"https:\/\/rozewines.com\/#\/schema\/logo\/image\/\",\"url\":\"https:\/\/rozewines.com\/app\/uploads\/2024\/05\/logo.svg\",\"contentUrl\":\"https:\/\/rozewines.com\/app\/uploads\/2024\/05\/logo.svg\",\"width\":144,\"height\":68,\"caption\":\"Roze wines\"},\"image\":{\"@id\":\"https:\/\/rozewines.com\/#\/schema\/logo\/image\/\"}}]}<\/script>\n<!-- \/ Yoast SEO plugin. -->","yoast_head_json":{"title":"Villa Mosavali - Feijoa Brandy - Roze wines","robots":{"index":"index","follow":"follow","max-snippet":"max-snippet:-1","max-image-preview":"max-image-preview:large","max-video-preview":"max-video-preview:-1"},"canonical":"https:\/\/rozewines.com\/de\/produkt\/villa-mosavali-feijoa-brandy\/","og_locale":"de_DE","og_type":"article","og_title":"Villa Mosavali - Feijoa Brandy - Roze wines","og_description":"Feijoa-Brandy der Premiumklasse wird aus nat\u00fcrlichen Fr\u00fcchten destilliert. Unsere Feijoa-G\u00e4rten profitieren von der einzigartigen Lage in der N\u00e4he von Schutzgebieten und dem subtropischen Klima und garantieren die h\u00f6chste Produktqualit\u00e4t und den hervorragenden Geschmack des Getr\u00e4nks. Hergestellt mit doppelter Destillation nach alten traditionellen Methoden.","og_url":"https:\/\/rozewines.com\/de\/produkt\/villa-mosavali-feijoa-brandy\/","og_site_name":"Roze wines","article_modified_time":"2024-08-14T09:03:10+00:00","og_image":[{"width":2560,"height":2560,"url":"https:\/\/rozewines.com\/app\/uploads\/2024\/05\/Villa-Mosavali-Feijoa-Brandy-scaled.jpg","type":"image\/jpeg"}],"twitter_card":"summary_large_image","schema":{"@context":"https:\/\/schema.org","@graph":[{"@type":"WebPage","@id":"https:\/\/rozewines.com\/de\/produkt\/villa-mosavali-feijoa-brandy\/","url":"https:\/\/rozewines.com\/de\/produkt\/villa-mosavali-feijoa-brandy\/","name":"Villa Mosavali - Feijoa Brandy - Roze wines","isPartOf":{"@id":"https:\/\/rozewines.com\/#website"},"primaryImageOfPage":{"@id":"https:\/\/rozewines.com\/de\/produkt\/villa-mosavali-feijoa-brandy\/#primaryimage"},"image":{"@id":"https:\/\/rozewines.com\/de\/produkt\/villa-mosavali-feijoa-brandy\/#primaryimage"},"thumbnailUrl":"https:\/\/rozewines.com\/app\/uploads\/2024\/05\/Villa-Mosavali-Feijoa-Brandy-scaled.jpg","datePublished":"2024-05-09T00:21:05+00:00","dateModified":"2024-08-14T09:03:10+00:00","breadcrumb":{"@id":"https:\/\/rozewines.com\/de\/produkt\/villa-mosavali-feijoa-brandy\/#breadcrumb"},"inLanguage":"de-DE","potentialAction":[{"@type":"ReadAction","target":["https:\/\/rozewines.com\/de\/produkt\/villa-mosavali-feijoa-brandy\/"]}]},{"@type":"ImageObject","inLanguage":"de-DE","@id":"https:\/\/rozewines.com\/de\/produkt\/villa-mosavali-feijoa-brandy\/#primaryimage","url":"https:\/\/rozewines.com\/app\/uploads\/2024\/05\/Villa-Mosavali-Feijoa-Brandy-scaled.jpg","contentUrl":"https:\/\/rozewines.com\/app\/uploads\/2024\/05\/Villa-Mosavali-Feijoa-Brandy-scaled.jpg","width":2560,"height":2560},{"@type":"BreadcrumbList","@id":"https:\/\/rozewines.com\/de\/produkt\/villa-mosavali-feijoa-brandy\/#breadcrumb","itemListElement":[{"@type":"ListItem","position":1,"name":"Home","item":"https:\/\/rozewines.com\/de\/"},{"@type":"ListItem","position":2,"name":"Unsere Weine","item":"https:\/\/rozewines.com\/de\/musu-vins\/"},{"@type":"ListItem","position":3,"name":"Villa Mosavali &#8211; Feijoa Brandy"}]},{"@type":"WebSite","@id":"https:\/\/rozewines.com\/#website","url":"https:\/\/rozewines.com\/","name":"Roze wines","description":"","publisher":{"@id":"https:\/\/rozewines.com\/#organization"},"potentialAction":[{"@type":"SearchAction","target":{"@type":"EntryPoint","urlTemplate":"https:\/\/rozewines.com\/?s={search_term_string}"},"query-input":"required name=search_term_string"}],"inLanguage":"de-DE"},{"@type":"Organization","@id":"https:\/\/rozewines.com\/#organization","name":"Roze wines","url":"https:\/\/rozewines.com\/","logo":{"@type":"ImageObject","inLanguage":"de-DE","@id":"https:\/\/rozewines.com\/#\/schema\/logo\/image\/","url":"https:\/\/rozewines.com\/app\/uploads\/2024\/05\/logo.svg","contentUrl":"https:\/\/rozewines.com\/app\/uploads\/2024\/05\/logo.svg","width":144,"height":68,"caption":"Roze wines"},"image":{"@id":"https:\/\/rozewines.com\/#\/schema\/logo\/image\/"}}]}},"_links":{"self":[{"href":"https:\/\/rozewines.com\/de\/wp-json\/wp\/v2\/product\/3333"}],"collection":[{"href":"https:\/\/rozewines.com\/de\/wp-json\/wp\/v2\/product"}],"about":[{"href":"https:\/\/rozewines.com\/de\/wp-json\/wp\/v2\/types\/product"}],"replies":[{"embeddable":true,"href":"https:\/\/rozewines.com\/de\/wp-json\/wp\/v2\/comments?post=3333"}],"wp:featuredmedia":[{"embeddable":true,"href":"https:\/\/rozewines.com\/de\/wp-json\/wp\/v2\/media\/3867"}],"wp:attachment":[{"href":"https:\/\/rozewines.com\/de\/wp-json\/wp\/v2\/media?parent=3333"}],"wp:term":[{"taxonomy":"brand","embeddable":true,"href":"https:\/\/rozewines.com\/de\/wp-json\/wp\/v2\/brand?post=3333"},{"taxonomy":"colour","embeddable":true,"href":"https:\/\/rozewines.com\/de\/wp-json\/wp\/v2\/colour?post=3333"},{"taxonomy":"flavour","embeddable":true,"href":"https:\/\/rozewines.com\/de\/wp-json\/wp\/v2\/flavour?post=3333"},{"taxonomy":"grape-variety","embeddable":true,"href":"https:\/\/rozewines.com\/de\/wp-json\/wp\/v2\/grape-variety?post=3333"},{"taxonomy":"harvest-year","embeddable":true,"href":"https:\/\/rozewines.com\/de\/wp-json\/wp\/v2\/harvest-year?post=3333"},{"taxonomy":"region","embeddable":true,"href":"https:\/\/rozewines.com\/de\/wp-json\/wp\/v2\/region?post=3333"},{"taxonomy":"size","embeddable":true,"href":"https:\/\/rozewines.com\/de\/wp-json\/wp\/v2\/size?post=3333"},{"taxonomy":"style","embeddable":true,"href":"https:\/\/rozewines.com\/de\/wp-json\/wp\/v2\/style?post=3333"},{"taxonomy":"technology","embeddable":true,"href":"https:\/\/rozewines.com\/de\/wp-json\/wp\/v2\/technology?post=3333"},{"taxonomy":"product_cat","embeddable":true,"href":"https:\/\/rozewines.com\/de\/wp-json\/wp\/v2\/product_cat?post=3333"},{"taxonomy":"product_tag","embeddable":true,"href":"https:\/\/rozewines.com\/de\/wp-json\/wp\/v2\/product_tag?post=3333"}],"curies":[{"name":"wp","href":"https:\/\/api.w.org\/{rel}","templated":true}]}}