{"id":3334,"date":"2024-05-09T00:21:05","date_gmt":"2024-05-09T00:21:05","guid":{"rendered":"https:\/\/rozewines.com\/product\/villa-mosavali-pflaumenbrandy\/"},"modified":"2024-08-14T09:03:07","modified_gmt":"2024-08-14T09:03:07","slug":"villa-mosavali-pflaumenbrandy","status":"publish","type":"product","link":"https:\/\/rozewines.com\/de\/produkt\/villa-mosavali-pflaumenbrandy\/","title":{"rendered":"Villa Mosavali &#8211; Pflaumenbrandy"},"content":{"rendered":"<p>Begeistern Sie Ihre Sinne mit diesem exquisiten Getr\u00e4nk, das zu jedem Anlass passt. Dieser exquisite Brandy wird aus Pflaumen destilliert, die in der fruchtbaren georgischen Region Kartli angebaut werden. Diese handverlesenen Pflaumen werden mit einem ma\u00dfgeschneiderten Verfahren destilliert, um die einzigartigen Eigenschaften dieser au\u00dfergew\u00f6hnlichen Frucht hervorzuheben, die f\u00fcr ihre S\u00fc\u00dfe und ihren fruchtigen Geschmack bekannt ist.<\/p>\n","protected":false},"excerpt":{"rendered":"<p>Begeistern Sie Ihre Sinne mit diesem exquisiten Getr\u00e4nk, das zu jedem Anlass passt. Dieser exquisite Brandy wird aus Pflaumen destilliert, die in der fruchtbaren georgischen Region Kartli angebaut werden. Diese handverlesenen Pflaumen werden mit einem ma\u00dfgeschneiderten Verfahren destilliert, um die einzigartigen Eigenschaften dieser au\u00dfergew\u00f6hnlichen Frucht hervorzuheben, die f\u00fcr ihre S\u00fc\u00dfe und ihren fruchtigen Geschmack bekannt &hellip; <a href=\"https:\/\/rozewines.com\/de\/produkt\/villa-mosavali-pflaumenbrandy\/\">Continued<\/a><\/p>\n","protected":false},"featured_media":3883,"comment_status":"closed","ping_status":"open","template":"","meta":{"_acf_changed":false},"brand":[1785],"colour":[],"flavour":[],"grape-variety":[],"harvest-year":[],"region":[],"size":[],"style":[],"technology":[],"product_cat":[1385],"product_tag":[],"ams_default_variation_id":0,"ams_product_points_reward":[],"ams_product_discount_percentage":0,"ams_price_to_display":30.5,"acf":[],"ams_acf":[{"key":"food_pairings","label":"Food pairings","value":""},{"key":"alcohol_percentage","label":"Alcohol percentage","value":""}],"yoast_head":"<!-- This site is optimized with the Yoast SEO plugin v22.6 - https:\/\/yoast.com\/wordpress\/plugins\/seo\/ -->\n<title>Villa Mosavali - Pflaumenbrandy - Roze wines<\/title>\n<meta name=\"robots\" content=\"index, follow, max-snippet:-1, max-image-preview:large, max-video-preview:-1\" \/>\n<link rel=\"canonical\" href=\"https:\/\/rozewines.com\/de\/produkt\/villa-mosavali-pflaumenbrandy\/\" \/>\n<meta property=\"og:locale\" content=\"de_DE\" \/>\n<meta property=\"og:type\" content=\"article\" \/>\n<meta property=\"og:title\" content=\"Villa Mosavali - Pflaumenbrandy - Roze wines\" \/>\n<meta property=\"og:description\" content=\"Begeistern Sie Ihre Sinne mit diesem exquisiten Getr\u00e4nk, das zu jedem Anlass passt. Dieser exquisite Brandy wird aus Pflaumen destilliert, die in der fruchtbaren georgischen Region Kartli angebaut werden. Diese handverlesenen Pflaumen werden mit einem ma\u00dfgeschneiderten Verfahren destilliert, um die einzigartigen Eigenschaften dieser au\u00dfergew\u00f6hnlichen Frucht hervorzuheben, die f\u00fcr ihre S\u00fc\u00dfe und ihren fruchtigen Geschmack bekannt &hellip; Continued\" \/>\n<meta property=\"og:url\" content=\"https:\/\/rozewines.com\/de\/produkt\/villa-mosavali-pflaumenbrandy\/\" \/>\n<meta property=\"og:site_name\" content=\"Roze wines\" \/>\n<meta property=\"article:modified_time\" content=\"2024-08-14T09:03:07+00:00\" \/>\n<meta property=\"og:image\" content=\"https:\/\/rozewines.com\/app\/uploads\/2024\/05\/Villa-Mosavali-Plum-Brandy-scaled.jpg\" \/>\n\t<meta property=\"og:image:width\" content=\"2560\" \/>\n\t<meta property=\"og:image:height\" content=\"2560\" \/>\n\t<meta property=\"og:image:type\" content=\"image\/jpeg\" \/>\n<meta name=\"twitter:card\" content=\"summary_large_image\" \/>\n<script type=\"application\/ld+json\" class=\"yoast-schema-graph\">{\"@context\":\"https:\/\/schema.org\",\"@graph\":[{\"@type\":\"WebPage\",\"@id\":\"https:\/\/rozewines.com\/de\/produkt\/villa-mosavali-pflaumenbrandy\/\",\"url\":\"https:\/\/rozewines.com\/de\/produkt\/villa-mosavali-pflaumenbrandy\/\",\"name\":\"Villa Mosavali - Pflaumenbrandy - Roze wines\",\"isPartOf\":{\"@id\":\"https:\/\/rozewines.com\/#website\"},\"primaryImageOfPage\":{\"@id\":\"https:\/\/rozewines.com\/de\/produkt\/villa-mosavali-pflaumenbrandy\/#primaryimage\"},\"image\":{\"@id\":\"https:\/\/rozewines.com\/de\/produkt\/villa-mosavali-pflaumenbrandy\/#primaryimage\"},\"thumbnailUrl\":\"https:\/\/rozewines.com\/app\/uploads\/2024\/05\/Villa-Mosavali-Plum-Brandy-scaled.jpg\",\"datePublished\":\"2024-05-09T00:21:05+00:00\",\"dateModified\":\"2024-08-14T09:03:07+00:00\",\"breadcrumb\":{\"@id\":\"https:\/\/rozewines.com\/de\/produkt\/villa-mosavali-pflaumenbrandy\/#breadcrumb\"},\"inLanguage\":\"de-DE\",\"potentialAction\":[{\"@type\":\"ReadAction\",\"target\":[\"https:\/\/rozewines.com\/de\/produkt\/villa-mosavali-pflaumenbrandy\/\"]}]},{\"@type\":\"ImageObject\",\"inLanguage\":\"de-DE\",\"@id\":\"https:\/\/rozewines.com\/de\/produkt\/villa-mosavali-pflaumenbrandy\/#primaryimage\",\"url\":\"https:\/\/rozewines.com\/app\/uploads\/2024\/05\/Villa-Mosavali-Plum-Brandy-scaled.jpg\",\"contentUrl\":\"https:\/\/rozewines.com\/app\/uploads\/2024\/05\/Villa-Mosavali-Plum-Brandy-scaled.jpg\",\"width\":2560,\"height\":2560},{\"@type\":\"BreadcrumbList\",\"@id\":\"https:\/\/rozewines.com\/de\/produkt\/villa-mosavali-pflaumenbrandy\/#breadcrumb\",\"itemListElement\":[{\"@type\":\"ListItem\",\"position\":1,\"name\":\"Home\",\"item\":\"https:\/\/rozewines.com\/de\/\"},{\"@type\":\"ListItem\",\"position\":2,\"name\":\"Unsere Weine\",\"item\":\"https:\/\/rozewines.com\/de\/musu-vins\/\"},{\"@type\":\"ListItem\",\"position\":3,\"name\":\"Villa Mosavali &#8211; Pflaumenbrandy\"}]},{\"@type\":\"WebSite\",\"@id\":\"https:\/\/rozewines.com\/#website\",\"url\":\"https:\/\/rozewines.com\/\",\"name\":\"Roze wines\",\"description\":\"\",\"publisher\":{\"@id\":\"https:\/\/rozewines.com\/#organization\"},\"potentialAction\":[{\"@type\":\"SearchAction\",\"target\":{\"@type\":\"EntryPoint\",\"urlTemplate\":\"https:\/\/rozewines.com\/?s={search_term_string}\"},\"query-input\":\"required name=search_term_string\"}],\"inLanguage\":\"de-DE\"},{\"@type\":\"Organization\",\"@id\":\"https:\/\/rozewines.com\/#organization\",\"name\":\"Roze wines\",\"url\":\"https:\/\/rozewines.com\/\",\"logo\":{\"@type\":\"ImageObject\",\"inLanguage\":\"de-DE\",\"@id\":\"https:\/\/rozewines.com\/#\/schema\/logo\/image\/\",\"url\":\"https:\/\/rozewines.com\/app\/uploads\/2024\/05\/logo.svg\",\"contentUrl\":\"https:\/\/rozewines.com\/app\/uploads\/2024\/05\/logo.svg\",\"width\":144,\"height\":68,\"caption\":\"Roze wines\"},\"image\":{\"@id\":\"https:\/\/rozewines.com\/#\/schema\/logo\/image\/\"}}]}<\/script>\n<!-- \/ Yoast SEO plugin. -->","yoast_head_json":{"title":"Villa Mosavali - Pflaumenbrandy - Roze wines","robots":{"index":"index","follow":"follow","max-snippet":"max-snippet:-1","max-image-preview":"max-image-preview:large","max-video-preview":"max-video-preview:-1"},"canonical":"https:\/\/rozewines.com\/de\/produkt\/villa-mosavali-pflaumenbrandy\/","og_locale":"de_DE","og_type":"article","og_title":"Villa Mosavali - Pflaumenbrandy - Roze wines","og_description":"Begeistern Sie Ihre Sinne mit diesem exquisiten Getr\u00e4nk, das zu jedem Anlass passt. Dieser exquisite Brandy wird aus Pflaumen destilliert, die in der fruchtbaren georgischen Region Kartli angebaut werden. Diese handverlesenen Pflaumen werden mit einem ma\u00dfgeschneiderten Verfahren destilliert, um die einzigartigen Eigenschaften dieser au\u00dfergew\u00f6hnlichen Frucht hervorzuheben, die f\u00fcr ihre S\u00fc\u00dfe und ihren fruchtigen Geschmack bekannt &hellip; Continued","og_url":"https:\/\/rozewines.com\/de\/produkt\/villa-mosavali-pflaumenbrandy\/","og_site_name":"Roze wines","article_modified_time":"2024-08-14T09:03:07+00:00","og_image":[{"width":2560,"height":2560,"url":"https:\/\/rozewines.com\/app\/uploads\/2024\/05\/Villa-Mosavali-Plum-Brandy-scaled.jpg","type":"image\/jpeg"}],"twitter_card":"summary_large_image","schema":{"@context":"https:\/\/schema.org","@graph":[{"@type":"WebPage","@id":"https:\/\/rozewines.com\/de\/produkt\/villa-mosavali-pflaumenbrandy\/","url":"https:\/\/rozewines.com\/de\/produkt\/villa-mosavali-pflaumenbrandy\/","name":"Villa Mosavali - Pflaumenbrandy - Roze wines","isPartOf":{"@id":"https:\/\/rozewines.com\/#website"},"primaryImageOfPage":{"@id":"https:\/\/rozewines.com\/de\/produkt\/villa-mosavali-pflaumenbrandy\/#primaryimage"},"image":{"@id":"https:\/\/rozewines.com\/de\/produkt\/villa-mosavali-pflaumenbrandy\/#primaryimage"},"thumbnailUrl":"https:\/\/rozewines.com\/app\/uploads\/2024\/05\/Villa-Mosavali-Plum-Brandy-scaled.jpg","datePublished":"2024-05-09T00:21:05+00:00","dateModified":"2024-08-14T09:03:07+00:00","breadcrumb":{"@id":"https:\/\/rozewines.com\/de\/produkt\/villa-mosavali-pflaumenbrandy\/#breadcrumb"},"inLanguage":"de-DE","potentialAction":[{"@type":"ReadAction","target":["https:\/\/rozewines.com\/de\/produkt\/villa-mosavali-pflaumenbrandy\/"]}]},{"@type":"ImageObject","inLanguage":"de-DE","@id":"https:\/\/rozewines.com\/de\/produkt\/villa-mosavali-pflaumenbrandy\/#primaryimage","url":"https:\/\/rozewines.com\/app\/uploads\/2024\/05\/Villa-Mosavali-Plum-Brandy-scaled.jpg","contentUrl":"https:\/\/rozewines.com\/app\/uploads\/2024\/05\/Villa-Mosavali-Plum-Brandy-scaled.jpg","width":2560,"height":2560},{"@type":"BreadcrumbList","@id":"https:\/\/rozewines.com\/de\/produkt\/villa-mosavali-pflaumenbrandy\/#breadcrumb","itemListElement":[{"@type":"ListItem","position":1,"name":"Home","item":"https:\/\/rozewines.com\/de\/"},{"@type":"ListItem","position":2,"name":"Unsere Weine","item":"https:\/\/rozewines.com\/de\/musu-vins\/"},{"@type":"ListItem","position":3,"name":"Villa Mosavali &#8211; Pflaumenbrandy"}]},{"@type":"WebSite","@id":"https:\/\/rozewines.com\/#website","url":"https:\/\/rozewines.com\/","name":"Roze wines","description":"","publisher":{"@id":"https:\/\/rozewines.com\/#organization"},"potentialAction":[{"@type":"SearchAction","target":{"@type":"EntryPoint","urlTemplate":"https:\/\/rozewines.com\/?s={search_term_string}"},"query-input":"required name=search_term_string"}],"inLanguage":"de-DE"},{"@type":"Organization","@id":"https:\/\/rozewines.com\/#organization","name":"Roze wines","url":"https:\/\/rozewines.com\/","logo":{"@type":"ImageObject","inLanguage":"de-DE","@id":"https:\/\/rozewines.com\/#\/schema\/logo\/image\/","url":"https:\/\/rozewines.com\/app\/uploads\/2024\/05\/logo.svg","contentUrl":"https:\/\/rozewines.com\/app\/uploads\/2024\/05\/logo.svg","width":144,"height":68,"caption":"Roze wines"},"image":{"@id":"https:\/\/rozewines.com\/#\/schema\/logo\/image\/"}}]}},"_links":{"self":[{"href":"https:\/\/rozewines.com\/de\/wp-json\/wp\/v2\/product\/3334"}],"collection":[{"href":"https:\/\/rozewines.com\/de\/wp-json\/wp\/v2\/product"}],"about":[{"href":"https:\/\/rozewines.com\/de\/wp-json\/wp\/v2\/types\/product"}],"replies":[{"embeddable":true,"href":"https:\/\/rozewines.com\/de\/wp-json\/wp\/v2\/comments?post=3334"}],"wp:featuredmedia":[{"embeddable":true,"href":"https:\/\/rozewines.com\/de\/wp-json\/wp\/v2\/media\/3883"}],"wp:attachment":[{"href":"https:\/\/rozewines.com\/de\/wp-json\/wp\/v2\/media?parent=3334"}],"wp:term":[{"taxonomy":"brand","embeddable":true,"href":"https:\/\/rozewines.com\/de\/wp-json\/wp\/v2\/brand?post=3334"},{"taxonomy":"colour","embeddable":true,"href":"https:\/\/rozewines.com\/de\/wp-json\/wp\/v2\/colour?post=3334"},{"taxonomy":"flavour","embeddable":true,"href":"https:\/\/rozewines.com\/de\/wp-json\/wp\/v2\/flavour?post=3334"},{"taxonomy":"grape-variety","embeddable":true,"href":"https:\/\/rozewines.com\/de\/wp-json\/wp\/v2\/grape-variety?post=3334"},{"taxonomy":"harvest-year","embeddable":true,"href":"https:\/\/rozewines.com\/de\/wp-json\/wp\/v2\/harvest-year?post=3334"},{"taxonomy":"region","embeddable":true,"href":"https:\/\/rozewines.com\/de\/wp-json\/wp\/v2\/region?post=3334"},{"taxonomy":"size","embeddable":true,"href":"https:\/\/rozewines.com\/de\/wp-json\/wp\/v2\/size?post=3334"},{"taxonomy":"style","embeddable":true,"href":"https:\/\/rozewines.com\/de\/wp-json\/wp\/v2\/style?post=3334"},{"taxonomy":"technology","embeddable":true,"href":"https:\/\/rozewines.com\/de\/wp-json\/wp\/v2\/technology?post=3334"},{"taxonomy":"product_cat","embeddable":true,"href":"https:\/\/rozewines.com\/de\/wp-json\/wp\/v2\/product_cat?post=3334"},{"taxonomy":"product_tag","embeddable":true,"href":"https:\/\/rozewines.com\/de\/wp-json\/wp\/v2\/product_tag?post=3334"}],"curies":[{"name":"wp","href":"https:\/\/api.w.org\/{rel}","templated":true}]}}